{"id":24894,"date":"2025-10-20T17:43:40","date_gmt":"2025-10-20T17:43:40","guid":{"rendered":"https:\/\/researchchemicalhub.com\/?post_type=product&#038;p=24894"},"modified":"2025-10-28T22:47:01","modified_gmt":"2025-10-28T22:47:01","slug":"fluclotizolam-1-mg","status":"publish","type":"product","link":"https:\/\/researchchemicalhub.com\/de\/geschaft\/benzodiazepine\/fluclotizolam-1-mg\/","title":{"rendered":"Fluclotizolam 1 MG Blotters"},"content":{"rendered":"<h3 data-start=\"4104\" data-end=\"4123\"><strong data-start=\"4108\" data-end=\"4123\"><span dir=\"auto\" style=\"vertical-align: inherit;\"><span dir=\"auto\" style=\"vertical-align: inherit;\">Einf\u00fchrung<\/span><\/span><\/strong><\/h3>\n<p data-start=\"4124\" data-end=\"4415\"><span dir=\"auto\" style=\"vertical-align: inherit;\"><span dir=\"auto\" style=\"vertical-align: inherit;\">Unser <\/span><\/span><strong data-start=\"4129\" data-end=\"4156\"><span dir=\"auto\" style=\"vertical-align: inherit;\"><span dir=\"auto\" style=\"vertical-align: inherit;\">1 mg Forschungs-Blotter<\/span><\/span><\/strong><span dir=\"auto\" style=\"vertical-align: inherit;\"><span dir=\"auto\" style=\"vertical-align: inherit;\"> werden sorgf\u00e4ltig entwickelt f\u00fcr <\/span><\/span><strong data-start=\"4189\" data-end=\"4233\"><span dir=\"auto\" style=\"vertical-align: inherit;\"><span dir=\"auto\" style=\"vertical-align: inherit;\">wissenschaftliche und analytische Forschung<\/span><\/span><\/strong><span dir=\"auto\" style=\"vertical-align: inherit;\"><span dir=\"auto\" style=\"vertical-align: inherit;\"> . <\/span><\/span><br data-start=\"4234\" data-end=\"4237\" \/><span dir=\"auto\" style=\"vertical-align: inherit;\"><span dir=\"auto\" style=\"vertical-align: inherit;\">Jeder L\u00f6scher wird unter <\/span><\/span><strong data-start=\"4274\" data-end=\"4304\"><span dir=\"auto\" style=\"vertical-align: inherit;\"><span dir=\"auto\" style=\"vertical-align: inherit;\">strenge Laborstandards<\/span><\/span><\/strong><span dir=\"auto\" style=\"vertical-align: inherit;\"><span dir=\"auto\" style=\"vertical-align: inherit;\"> , Gew\u00e4hrleistung <\/span><\/span><strong data-start=\"4321\" data-end=\"4374\"><span dir=\"auto\" style=\"vertical-align: inherit;\"><span dir=\"auto\" style=\"vertical-align: inherit;\">Reinheit, Genauigkeit und Reproduzierbarkeit<\/span><\/span><\/strong><span dir=\"auto\" style=\"vertical-align: inherit;\"><span dir=\"auto\" style=\"vertical-align: inherit;\"> in professionellen Forschungsumgebungen. Fluclotizolam<\/span><\/span><\/p>\n<p data-start=\"4417\" data-end=\"4592\"><span dir=\"auto\" style=\"vertical-align: inherit;\"><span dir=\"auto\" style=\"vertical-align: inherit;\">Dank ihrer <\/span><\/span><strong data-start=\"4429\" data-end=\"4470\"><span dir=\"auto\" style=\"vertical-align: inherit;\"><span dir=\"auto\" style=\"vertical-align: inherit;\">stabile und konsistente Zusammensetzung,<\/span><\/span><\/strong><span dir=\"auto\" style=\"vertical-align: inherit;\"><span dir=\"auto\" style=\"vertical-align: inherit;\"> diese L\u00f6schpapiere bieten zuverl\u00e4ssige Leistung <\/span><\/span><strong data-start=\"4519\" data-end=\"4589\"><span dir=\"auto\" style=\"vertical-align: inherit;\"><span dir=\"auto\" style=\"vertical-align: inherit;\">chemische Analysen, Kalibrierungsforschung und Bildungsanwendungen<\/span><\/span><\/strong><span dir=\"auto\" style=\"vertical-align: inherit;\"><span dir=\"auto\" style=\"vertical-align: inherit;\"> .<\/span><\/span><\/p>\n<blockquote data-start=\"4593\" data-end=\"4703\">\n<p data-start=\"4595\" data-end=\"4703\">\u26a0\ufe0f <strong data-start=\"4598\" data-end=\"4703\"><span dir=\"auto\" style=\"vertical-align: inherit;\"><span dir=\"auto\" style=\"vertical-align: inherit;\">Nur f\u00fcr Forschungszwecke. Nicht f\u00fcr den menschlichen oder tierischen Verzehr geeignet.<\/span><\/span><\/strong><\/p>\n<\/blockquote>\n<hr data-start=\"4705\" data-end=\"4708\" \/>\n<h3 data-start=\"4710\" data-end=\"4741\"><strong data-start=\"4714\" data-end=\"4741\"><span dir=\"auto\" style=\"vertical-align: inherit;\"><span dir=\"auto\" style=\"vertical-align: inherit;\">Hauptmerkmale<\/span><\/span><\/strong><\/h3>\n<ul data-start=\"4742\" data-end=\"5225\">\n<li data-start=\"4742\" data-end=\"4827\">\n<p data-start=\"4744\" data-end=\"4827\"><strong data-start=\"4744\" data-end=\"4770\"><span dir=\"auto\" style=\"vertical-align: inherit;\"><span dir=\"auto\" style=\"vertical-align: inherit;\">Hohe Reinheit (\u226599%)<\/span><\/span><\/strong><span dir=\"auto\" style=\"vertical-align: inherit;\"><span dir=\"auto\" style=\"vertical-align: inherit;\"> \u2013 Unabh\u00e4ngig in akkreditierten Laboren getestet.<\/span><\/span><\/p>\n<\/li>\n<li data-start=\"4828\" data-end=\"4921\">\n<p data-start=\"4830\" data-end=\"4921\"><strong data-start=\"4830\" data-end=\"4872\"><span dir=\"auto\" style=\"vertical-align: inherit;\"><span dir=\"auto\" style=\"vertical-align: inherit;\">Pr\u00e4zise Dosierung oder 1 mg pro Blotter<\/span><\/span><\/strong><span dir=\"auto\" style=\"vertical-align: inherit;\"><span dir=\"auto\" style=\"vertical-align: inherit;\"> \u2013 F\u00fcr genaue und kontrollierte Analysen.<\/span><\/span><\/p>\n<\/li>\n<li data-start=\"4922\" data-end=\"4998\">\n<p data-start=\"4924\" data-end=\"4998\"><strong data-start=\"4924\" data-end=\"4950\"><span dir=\"auto\" style=\"vertical-align: inherit;\"><span dir=\"auto\" style=\"vertical-align: inherit;\">Stabile Zusammensetzung<\/span><\/span><\/strong><span dir=\"auto\" style=\"vertical-align: inherit;\"><span dir=\"auto\" style=\"vertical-align: inherit;\"> \u2013 Beh\u00e4lt seine Integrit\u00e4t bei richtiger Lagerung.<\/span><\/span><\/p>\n<\/li>\n<li data-start=\"4999\" data-end=\"5066\">\n<p data-start=\"5001\" data-end=\"5066\"><strong data-start=\"5001\" data-end=\"5029\"><span dir=\"auto\" style=\"vertical-align: inherit;\"><span dir=\"auto\" style=\"vertical-align: inherit;\">Kontrollierte Produktion<\/span><\/span><\/strong><span dir=\"auto\" style=\"vertical-align: inherit;\"><span dir=\"auto\" style=\"vertical-align: inherit;\"> \u2013 Hergestellt nach ISO-Standards.<\/span><\/span><\/p>\n<\/li>\n<li data-start=\"5067\" data-end=\"5146\">\n<p data-start=\"5069\" data-end=\"5146\"><strong data-start=\"5069\" data-end=\"5095\"><span dir=\"auto\" style=\"vertical-align: inherit;\"><span dir=\"auto\" style=\"vertical-align: inherit;\">Lichtdichte Verpackung<\/span><\/span><\/strong><span dir=\"auto\" style=\"vertical-align: inherit;\"><span dir=\"auto\" style=\"vertical-align: inherit;\"> \u2013 Sch\u00fctzt vor Abbau und Verunreinigung.<\/span><\/span><\/p>\n<\/li>\n<li data-start=\"5147\" data-end=\"5225\">\n<p data-start=\"5149\" data-end=\"5225\"><strong data-start=\"5149\" data-end=\"5174\"><span dir=\"auto\" style=\"vertical-align: inherit;\"><span dir=\"auto\" style=\"vertical-align: inherit;\">Nur f\u00fcr Forschungszwecke<\/span><\/span><\/strong><span dir=\"auto\" style=\"vertical-align: inherit;\"><span dir=\"auto\" style=\"vertical-align: inherit;\"> \u2013 F\u00fcr den professionellen analytischen Einsatz bestimmt.<\/span><\/span><\/p>\n<\/li>\n<\/ul>\n<hr data-start=\"5227\" data-end=\"5230\" \/>\n<h3 data-start=\"5232\" data-end=\"5249\"><strong data-start=\"5236\" data-end=\"5249\"><span dir=\"auto\" style=\"vertical-align: inherit;\"><span dir=\"auto\" style=\"vertical-align: inherit;\">Vorteile<\/span><\/span><\/strong><\/h3>\n<ul data-start=\"5250\" data-end=\"5707\">\n<li data-start=\"5250\" data-end=\"5340\">\n<p data-start=\"5252\" data-end=\"5340\"><strong data-start=\"5252\" data-end=\"5288\"><span dir=\"auto\" style=\"vertical-align: inherit;\"><span dir=\"auto\" style=\"vertical-align: inherit;\">Verl\u00e4ssliche Forschungsergebnisse<\/span><\/span><\/strong><span dir=\"auto\" style=\"vertical-align: inherit;\"><span dir=\"auto\" style=\"vertical-align: inherit;\"> \u2013 Gew\u00e4hrleistet konsistente und reproduzierbare Daten.<\/span><\/span><\/p>\n<\/li>\n<li data-start=\"5341\" data-end=\"5442\">\n<p data-start=\"5343\" data-end=\"5442\"><strong data-start=\"5343\" data-end=\"5390\"><span dir=\"auto\" style=\"vertical-align: inherit;\"><span dir=\"auto\" style=\"vertical-align: inherit;\">Optimiert f\u00fcr analytische Anwendungen<\/span><\/span><\/strong><span dir=\"auto\" style=\"vertical-align: inherit;\"><span dir=\"auto\" style=\"vertical-align: inherit;\"> \u2013 Ideal f\u00fcr Kalibrierung und forensische Untersuchungen.<\/span><\/span><\/p>\n<\/li>\n<li data-start=\"5443\" data-end=\"5518\">\n<p data-start=\"5445\" data-end=\"5518\"><strong data-start=\"5445\" data-end=\"5468\"><span dir=\"auto\" style=\"vertical-align: inherit;\"><span dir=\"auto\" style=\"vertical-align: inherit;\">Stabil und langlebig<\/span><\/span><\/strong><span dir=\"auto\" style=\"vertical-align: inherit;\"><span dir=\"auto\" style=\"vertical-align: inherit;\"> \u2013 Erh\u00e4lt die chemische Stabilit\u00e4t w\u00e4hrend der Lagerung.<\/span><\/span><\/p>\n<\/li>\n<li data-start=\"5519\" data-end=\"5613\">\n<p data-start=\"5521\" data-end=\"5613\"><strong data-start=\"5521\" data-end=\"5558\"><span dir=\"auto\" style=\"vertical-align: inherit;\"><span dir=\"auto\" style=\"vertical-align: inherit;\">Ethisch und legal produziert<\/span><\/span><\/strong><span dir=\"auto\" style=\"vertical-align: inherit;\"><span dir=\"auto\" style=\"vertical-align: inherit;\"> \u2013 Gem\u00e4\u00df internationalen Richtlinien. Fluclotizolam<\/span><\/span><\/p>\n<\/li>\n<li data-start=\"5614\" data-end=\"5707\">\n<p data-start=\"5616\" data-end=\"5707\"><strong data-start=\"5616\" data-end=\"5655\"><span dir=\"auto\" style=\"vertical-align: inherit;\"><span dir=\"auto\" style=\"vertical-align: inherit;\">Wissenschaftlich gepr\u00fcfte Reinheit<\/span><\/span><\/strong><span dir=\"auto\" style=\"vertical-align: inherit;\"><span dir=\"auto\" style=\"vertical-align: inherit;\"> \u2013 Auf Identit\u00e4t, Wirksamkeit und Kontamination gepr\u00fcft.<\/span><\/span><\/p>\n<\/li>\n<\/ul>\n<hr data-start=\"5709\" data-end=\"5712\" \/>\n<h3 data-start=\"5714\" data-end=\"5729\"><strong data-start=\"5718\" data-end=\"5729\"><span dir=\"auto\" style=\"vertical-align: inherit;\"><span dir=\"auto\" style=\"vertical-align: inherit;\">Verwendung<\/span><\/span><\/strong><\/h3>\n<ol data-start=\"5730\" data-end=\"6137\">\n<li data-start=\"5730\" data-end=\"5814\">\n<p data-start=\"5733\" data-end=\"5814\"><strong data-start=\"5733\" data-end=\"5766\"><span dir=\"auto\" style=\"vertical-align: inherit;\"><span dir=\"auto\" style=\"vertical-align: inherit;\">Nur f\u00fcr Forschungszwecke<\/span><\/span><\/strong><span dir=\"auto\" style=\"vertical-align: inherit;\"><span dir=\"auto\" style=\"vertical-align: inherit;\"> \u2013 Nur in akkreditierten Laboren verwenden.<\/span><\/span><\/p>\n<\/li>\n<li data-start=\"5815\" data-end=\"5882\">\n<p data-start=\"5818\" data-end=\"5882\"><strong data-start=\"5818\" data-end=\"5828\"><span dir=\"auto\" style=\"vertical-align: inherit;\"><span dir=\"auto\" style=\"vertical-align: inherit;\">Lagerung<\/span><\/span><\/strong><span dir=\"auto\" style=\"vertical-align: inherit;\"><span dir=\"auto\" style=\"vertical-align: inherit;\"> \u2013 Lagern Sie in einem <\/span><\/span><strong data-start=\"5845\" data-end=\"5879\"><span dir=\"auto\" style=\"vertical-align: inherit;\"><span dir=\"auto\" style=\"vertical-align: inherit;\">k\u00fchl, trocken und dunkel lagern<\/span><\/span><\/strong><span dir=\"auto\" style=\"vertical-align: inherit;\"><span dir=\"auto\" style=\"vertical-align: inherit;\"> .<\/span><\/span><\/p>\n<\/li>\n<li data-start=\"5883\" data-end=\"5966\">\n<p data-start=\"5886\" data-end=\"5966\"><strong data-start=\"5886\" data-end=\"5903\"><span dir=\"auto\" style=\"vertical-align: inherit;\"><span dir=\"auto\" style=\"vertical-align: inherit;\">Sicher arbeiten<\/span><\/span><\/strong><span dir=\"auto\" style=\"vertical-align: inherit;\"><span dir=\"auto\" style=\"vertical-align: inherit;\"> \u2013 Tragen Sie Handschuhe und sch\u00fctzende Laborausr\u00fcstung.<\/span><\/span><\/p>\n<\/li>\n<li data-start=\"5967\" data-end=\"6048\">\n<p data-start=\"5970\" data-end=\"6048\"><strong data-start=\"5970\" data-end=\"5982\"><span dir=\"auto\" style=\"vertical-align: inherit;\"><span dir=\"auto\" style=\"vertical-align: inherit;\">Messungen<\/span><\/span><\/strong><span dir=\"auto\" style=\"vertical-align: inherit;\"><span dir=\"auto\" style=\"vertical-align: inherit;\"> \u2013 Verwenden Sie kalibrierte Ger\u00e4te, um genaue Ergebnisse zu erzielen.<\/span><\/span><\/p>\n<\/li>\n<li data-start=\"6049\" data-end=\"6137\">\n<p data-start=\"6052\" data-end=\"6137\"><strong data-start=\"6052\" data-end=\"6079\"><span dir=\"auto\" style=\"vertical-align: inherit;\"><span dir=\"auto\" style=\"vertical-align: inherit;\">Sicherheitswarnung<\/span><\/span><\/strong><span dir=\"auto\" style=\"vertical-align: inherit;\"><span dir=\"auto\" style=\"vertical-align: inherit;\"> \u2013 Nicht f\u00fcr den menschlichen oder tierischen Verzehr bestimmt.<\/span><\/span><\/p>\n<\/li>\n<\/ol>\n<hr data-start=\"6139\" data-end=\"6142\" \/>\n<h3 data-start=\"6144\" data-end=\"6171\"><strong data-start=\"6148\" data-end=\"6171\"><span dir=\"auto\" style=\"vertical-align: inherit;\"><span dir=\"auto\" style=\"vertical-align: inherit;\">H\u00e4ufig gestellte Fragen<\/span><\/span><\/strong><\/h3>\n<p data-start=\"6173\" data-end=\"6340\"><strong data-start=\"6173\" data-end=\"6229\"><span dir=\"auto\" style=\"vertical-align: inherit;\"><span dir=\"auto\" style=\"vertical-align: inherit;\">1. Wof\u00fcr werden 1-mg-Forschungsblotter verwendet?<\/span><\/span><\/strong><br data-start=\"6229\" data-end=\"6232\" \/><span dir=\"auto\" style=\"vertical-align: inherit;\"><span dir=\"auto\" style=\"vertical-align: inherit;\"> Sie sind bestimmt f\u00fcr <\/span><\/span><strong data-start=\"6253\" data-end=\"6297\"><span dir=\"auto\" style=\"vertical-align: inherit;\"><span dir=\"auto\" style=\"vertical-align: inherit;\">wissenschaftliche und analytische Forschung<\/span><\/span><\/strong><span dir=\"auto\" style=\"vertical-align: inherit;\"><span dir=\"auto\" style=\"vertical-align: inherit;\"> , wie chemische Analysen und Kalibrierung.<\/span><\/span><\/p>\n<p data-start=\"6342\" data-end=\"6505\"><strong data-start=\"6342\" data-end=\"6410\"><span dir=\"auto\" style=\"vertical-align: inherit;\"><span dir=\"auto\" style=\"vertical-align: inherit;\">2. K\u00f6nnen diese L\u00f6schpapiere au\u00dferhalb eines Labors verwendet werden?<\/span><\/span><\/strong><br data-start=\"6410\" data-end=\"6413\" \/><span dir=\"auto\" style=\"vertical-align: inherit;\"><span dir=\"auto\" style=\"vertical-align: inherit;\"> Nein. Diese Produkte sind <\/span><\/span><strong data-start=\"6438\" data-end=\"6502\"><span dir=\"auto\" style=\"vertical-align: inherit;\"><span dir=\"auto\" style=\"vertical-align: inherit;\">nur f\u00fcr professionelle Laborforschung bestimmt<\/span><\/span><\/strong><span dir=\"auto\" style=\"vertical-align: inherit;\"><span dir=\"auto\" style=\"vertical-align: inherit;\"> .<\/span><\/span><\/p>\n<p data-start=\"6507\" data-end=\"6645\"><strong data-start=\"6507\" data-end=\"6552\"><span dir=\"auto\" style=\"vertical-align: inherit;\"><span dir=\"auto\" style=\"vertical-align: inherit;\">3. Wie sollten die L\u00f6schbl\u00e4tter aufbewahrt werden?<\/span><\/span><\/strong><br data-start=\"6552\" data-end=\"6555\" \/><span dir=\"auto\" style=\"vertical-align: inherit;\"><span dir=\"auto\" style=\"vertical-align: inherit;\"> Bewahren Sie sie in einem <\/span><\/span><strong data-start=\"6572\" data-end=\"6608\"><span dir=\"auto\" style=\"vertical-align: inherit;\"><span dir=\"auto\" style=\"vertical-align: inherit;\">k\u00fchl, trocken, dunkel lagern<\/span><\/span><\/strong><span dir=\"auto\" style=\"vertical-align: inherit;\"><span dir=\"auto\" style=\"vertical-align: inherit;\"> in einem <\/span><\/span><strong data-start=\"6616\" data-end=\"6642\"><span dir=\"auto\" style=\"vertical-align: inherit;\"><span dir=\"auto\" style=\"vertical-align: inherit;\">lichtdichter Beh\u00e4lter<\/span><\/span><\/strong><span dir=\"auto\" style=\"vertical-align: inherit;\"><span dir=\"auto\" style=\"vertical-align: inherit;\"> .<\/span><\/span><\/p>\n<hr data-start=\"6647\" data-end=\"6650\" \/>\n<h3 data-start=\"6652\" data-end=\"6670\"><strong data-start=\"6656\" data-end=\"6670\"><span dir=\"auto\" style=\"vertical-align: inherit;\"><span dir=\"auto\" style=\"vertical-align: inherit;\">Haftungsausschluss<\/span><\/span><\/strong><\/h3>\n<p data-start=\"6671\" data-end=\"6899\"><span dir=\"auto\" style=\"vertical-align: inherit;\"><span dir=\"auto\" style=\"vertical-align: inherit;\">Dieses Produkt ist <\/span><\/span><strong data-start=\"6686\" data-end=\"6735\"><span dir=\"auto\" style=\"vertical-align: inherit;\"><span dir=\"auto\" style=\"vertical-align: inherit;\">nur f\u00fcr Forschungszwecke<\/span><\/span><\/strong><span dir=\"auto\" style=\"vertical-align: inherit;\"><span dir=\"auto\" style=\"vertical-align: inherit;\"> . <\/span><\/span><strong data-start=\"6737\" data-end=\"6795\"><span dir=\"auto\" style=\"vertical-align: inherit;\"><span dir=\"auto\" style=\"vertical-align: inherit;\">Nicht f\u00fcr den menschlichen oder tierischen Verzehr geeignet.<\/span><\/span><\/strong><br data-start=\"6795\" data-end=\"6798\" \/><span dir=\"auto\" style=\"vertical-align: inherit;\"><span dir=\"auto\" style=\"vertical-align: inherit;\"> Mit dem Kauf dieses Produkts best\u00e4tigen Sie, dass Sie alle geltenden Sicherheits- und Rechtsanforderungen erf\u00fcllen.<\/span><\/span><\/p>\n<p class=\"ds-markdown-paragraph\"><a href=\"https:\/\/researchchemicalhub.com\/de\/geschaft\/iboga-ibogain\/iboga-wurzelrinde\/\"><span dir=\"auto\" style=\"vertical-align: inherit;\"><span dir=\"auto\" style=\"vertical-align: inherit;\"><span dir=\"auto\" style=\"vertical-align: inherit;\"><span dir=\"auto\" style=\"vertical-align: inherit;\">Iboga-Wurzelrinde<\/span><\/span><\/span><\/span><\/a><a href=\"https:\/\/researchchemicalhub.com\/de\/geschaft\/iboga-ibogain\/ibogain-hcl-kaufen\/\"><span dir=\"auto\" style=\"vertical-align: inherit;\"><span dir=\"auto\" style=\"vertical-align: inherit;\"><span dir=\"auto\" style=\"vertical-align: inherit;\"><span dir=\"auto\" style=\"vertical-align: inherit;\">\u200b Ibogain HCL online kaufen<\/span><\/span><\/span><\/span><\/a><a href=\"https:\/\/researchchemicalhub.com\/de\/geschaft\/pellets-2\/o-dsmt-50-mg-pellets\/\"><span dir=\"auto\" style=\"vertical-align: inherit;\"><span dir=\"auto\" style=\"vertical-align: inherit;\"><span dir=\"auto\" style=\"vertical-align: inherit;\"><span dir=\"auto\" style=\"vertical-align: inherit;\">\u200b o-dsmt <\/span><\/span><\/span><\/span><\/a><a href=\"https:\/\/researchchemicalhub.com\/de\/geschaft\/lysergamide\/1v-lsd-150-mcg-loschblatter\/\"><span dir=\"auto\" style=\"vertical-align: inherit;\"><span dir=\"auto\" style=\"vertical-align: inherit;\"><span dir=\"auto\" style=\"vertical-align: inherit;\"><span dir=\"auto\" style=\"vertical-align: inherit;\">1vlsd<\/span><\/span><\/span><\/span><\/a><a href=\"https:\/\/researchchemicalhub.com\/de\/geschaft\/lysergamide\/1cp-lsd-150-mcg-kunstloscher\/\"><span dir=\"auto\" style=\"vertical-align: inherit;\"><span dir=\"auto\" style=\"vertical-align: inherit;\"><span dir=\"auto\" style=\"vertical-align: inherit;\"><span dir=\"auto\" style=\"vertical-align: inherit;\">1cp lsd<\/span><\/span><\/span><\/span><\/a><\/p>","protected":false},"excerpt":{"rendered":"<p>Introduction Our 1 mg research blotters are carefully developed for scientific and analytical research . Each blotter is manufactured under<\/p>","protected":false},"featured_media":28530,"comment_status":"closed","ping_status":"closed","template":"","meta":[],"product_brand":[82],"product_cat":[76,355],"product_tag":[148,145,147,146,149,326],"class_list":{"0":"post-24894","1":"product","2":"type-product","3":"status-publish","4":"has-post-thumbnail","6":"product_brand-research-chemical","7":"product_cat-benzodiazepinen","8":"product_cat-fluclotizolam","9":"product_tag-buy-fluclotizolam","10":"product_tag-fluclotizolam","11":"product_tag-fluclotizolam-buy","12":"product_tag-fluclotizolam-half-life","13":"product_tag-fluclotizolam-solution","14":"product_tag-nl","16":"first","17":"instock","18":"taxable","19":"shipping-taxable","20":"purchasable","21":"product-type-variable"},"_links":{"self":[{"href":"https:\/\/researchchemicalhub.com\/de\/wp-json\/wp\/v2\/product\/24894","targetHints":{"allow":["GET"]}}],"collection":[{"href":"https:\/\/researchchemicalhub.com\/de\/wp-json\/wp\/v2\/product"}],"about":[{"href":"https:\/\/researchchemicalhub.com\/de\/wp-json\/wp\/v2\/types\/product"}],"replies":[{"embeddable":true,"href":"https:\/\/researchchemicalhub.com\/de\/wp-json\/wp\/v2\/comments?post=24894"}],"version-history":[{"count":7,"href":"https:\/\/researchchemicalhub.com\/de\/wp-json\/wp\/v2\/product\/24894\/revisions"}],"predecessor-version":[{"id":28636,"href":"https:\/\/researchchemicalhub.com\/de\/wp-json\/wp\/v2\/product\/24894\/revisions\/28636"}],"wp:featuredmedia":[{"embeddable":true,"href":"https:\/\/researchchemicalhub.com\/de\/wp-json\/wp\/v2\/media\/28530"}],"wp:attachment":[{"href":"https:\/\/researchchemicalhub.com\/de\/wp-json\/wp\/v2\/media?parent=24894"}],"wp:term":[{"taxonomy":"product_brand","embeddable":true,"href":"https:\/\/researchchemicalhub.com\/de\/wp-json\/wp\/v2\/product_brand?post=24894"},{"taxonomy":"product_cat","embeddable":true,"href":"https:\/\/researchchemicalhub.com\/de\/wp-json\/wp\/v2\/product_cat?post=24894"},{"taxonomy":"product_tag","embeddable":true,"href":"https:\/\/researchchemicalhub.com\/de\/wp-json\/wp\/v2\/product_tag?post=24894"}],"curies":[{"name":"wp","href":"https:\/\/api.w.org\/{rel}","templated":true}]}}