{"id":24616,"date":"2025-10-20T17:42:16","date_gmt":"2025-10-20T17:42:16","guid":{"rendered":"https:\/\/researchchemicalhub.com\/?post_type=product&#038;p=24616"},"modified":"2025-10-29T08:00:17","modified_gmt":"2025-10-29T08:00:17","slug":"2c-d-10-mg-pellets","status":"publish","type":"product","link":"https:\/\/researchchemicalhub.com\/de\/geschaft\/2c-d\/2c-d-10-mg-pellets\/","title":{"rendered":"2C-D 10 MG Pellets"},"content":{"rendered":"<h3 data-start=\"3944\" data-end=\"3965\"><strong data-start=\"3948\" data-end=\"3963\"><span dir=\"auto\" style=\"vertical-align: inherit;\"><span dir=\"auto\" style=\"vertical-align: inherit;\">Einf\u00fchrung<\/span><\/span><\/strong><\/h3>\n<p data-start=\"3966\" data-end=\"4388\"><strong data-start=\"3966\" data-end=\"3987\"><span dir=\"auto\" style=\"vertical-align: inherit;\"><span dir=\"auto\" style=\"vertical-align: inherit;\">2C-D 10 mg Pellets<\/span><\/span><\/strong><span dir=\"auto\" style=\"vertical-align: inherit;\"><span dir=\"auto\" style=\"vertical-align: inherit;\"> enthalten eine genaue Dosis von <\/span><\/span><strong data-start=\"4023\" data-end=\"4069\"><span dir=\"auto\" style=\"vertical-align: inherit;\"><span dir=\"auto\" style=\"vertical-align: inherit;\">2C-D (2,5-Dimethoxy-4-methylphenethylamin)<\/span><\/span><\/strong><span dir=\"auto\" style=\"vertical-align: inherit;\"><span dir=\"auto\" style=\"vertical-align: inherit;\"> \u2014ein Mitglied der <\/span><\/span><strong data-start=\"4094\" data-end=\"4108\"><span dir=\"auto\" style=\"vertical-align: inherit;\"><span dir=\"auto\" style=\"vertical-align: inherit;\">2C-Familie<\/span><\/span><\/strong><span dir=\"auto\" style=\"vertical-align: inherit;\"><span dir=\"auto\" style=\"vertical-align: inherit;\"> von substituierten Phenethylaminen, die urspr\u00fcnglich von Dr. Alexander Shulgin synthetisiert wurden. In Forschungs- und Analyseanwendungen wird 2C-D als \u2026 verwendet. <\/span><\/span><strong data-start=\"4268\" data-end=\"4286\"><span dir=\"auto\" style=\"vertical-align: inherit;\"><span dir=\"auto\" style=\"vertical-align: inherit;\">Referenzsubstanz<\/span><\/span><\/strong><span dir=\"auto\" style=\"vertical-align: inherit;\"><span dir=\"auto\" style=\"vertical-align: inherit;\"> f\u00fcr Struktur- und pharmakologische Studien (SAR), Rezeptorbindung und analytische Nachweismethoden. 2c d<\/span><\/span><\/p>\n<p data-start=\"4390\" data-end=\"4624\"><span dir=\"auto\" style=\"vertical-align: inherit;\"><span dir=\"auto\" style=\"vertical-align: inherit;\">Diese Pellets werden hergestellt, um <\/span><\/span><strong data-start=\"4430\" data-end=\"4455\"><span dir=\"auto\" style=\"vertical-align: inherit;\"><span dir=\"auto\" style=\"vertical-align: inherit;\">Laborqualit\u00e4t<\/span><\/span><\/strong><span dir=\"auto\" style=\"vertical-align: inherit;\"><span dir=\"auto\" style=\"vertical-align: inherit;\"> , mit <\/span><\/span><strong data-start=\"4461\" data-end=\"4506\"><span dir=\"auto\" style=\"vertical-align: inherit;\"><span dir=\"auto\" style=\"vertical-align: inherit;\">gleichbleibende Dosierung von 10 mg pro Pellet<\/span><\/span><\/strong><span dir=\"auto\" style=\"vertical-align: inherit;\"><span dir=\"auto\" style=\"vertical-align: inherit;\"> Sie sind ausschlie\u00dflich f\u00fcr <\/span><\/span><strong data-start=\"4541\" data-end=\"4575\"><span dir=\"auto\" style=\"vertical-align: inherit;\"><span dir=\"auto\" style=\"vertical-align: inherit;\">Forschung und chemische Analyse<\/span><\/span><\/strong><span dir=\"auto\" style=\"vertical-align: inherit;\"><span dir=\"auto\" style=\"vertical-align: inherit;\"> Nicht zum Verzehr durch Mensch oder Tier geeignet.<\/span><\/span><\/p>\n<hr data-start=\"4626\" data-end=\"4629\" \/>\n<h3 data-start=\"4631\" data-end=\"4662\"><strong data-start=\"4635\" data-end=\"4662\"><span dir=\"auto\" style=\"vertical-align: inherit;\"><span dir=\"auto\" style=\"vertical-align: inherit;\">Hauptmerkmale<\/span><\/span><\/strong><\/h3>\n<ul data-start=\"4664\" data-end=\"5057\">\n<li data-start=\"4664\" data-end=\"4723\">\n<p data-start=\"4666\" data-end=\"4723\"><strong data-start=\"4666\" data-end=\"4685\"><span dir=\"auto\" style=\"vertical-align: inherit;\"><span dir=\"auto\" style=\"vertical-align: inherit;\">Chemische Bezeichnung:<\/span><\/span><\/strong><span dir=\"auto\" style=\"vertical-align: inherit;\"><span dir=\"auto\" style=\"vertical-align: inherit;\"> 2,5-Dimethoxy-4-methylphenethylamin<\/span><\/span><\/p>\n<\/li>\n<li data-start=\"4724\" data-end=\"4756\">\n<p data-start=\"4726\" data-end=\"4756\"><strong data-start=\"4726\" data-end=\"4749\"><span dir=\"auto\" style=\"vertical-align: inherit;\"><span dir=\"auto\" style=\"vertical-align: inherit;\">Gebr\u00e4uchlicher Name:<\/span><\/span><\/strong><span dir=\"auto\" style=\"vertical-align: inherit;\"><span dir=\"auto\" style=\"vertical-align: inherit;\"> 2C-D<\/span><\/span><\/p>\n<\/li>\n<li data-start=\"4757\" data-end=\"4791\">\n<p data-start=\"4759\" data-end=\"4791\"><strong data-start=\"4759\" data-end=\"4779\"><span dir=\"auto\" style=\"vertical-align: inherit;\"><span dir=\"auto\" style=\"vertical-align: inherit;\">Molekularformel:<\/span><\/span><\/strong><span dir=\"auto\" style=\"vertical-align: inherit;\"><span dir=\"auto\" style=\"vertical-align: inherit;\"> C\u2081\u2081H\u2081\u2087NO\u2082<\/span><\/span><\/p>\n<\/li>\n<li data-start=\"4792\" data-end=\"4829\">\n<p data-start=\"4794\" data-end=\"4829\"><strong data-start=\"4794\" data-end=\"4814\"><span dir=\"auto\" style=\"vertical-align: inherit;\"><span dir=\"auto\" style=\"vertical-align: inherit;\">Molekulargewicht:<\/span><\/span><\/strong><span dir=\"auto\" style=\"vertical-align: inherit;\"><span dir=\"auto\" style=\"vertical-align: inherit;\"> 195,26 g\/mol<\/span><\/span><\/p>\n<\/li>\n<li data-start=\"4830\" data-end=\"4864\">\n<p data-start=\"4832\" data-end=\"4864\"><strong data-start=\"4832\" data-end=\"4845\"><span dir=\"auto\" style=\"vertical-align: inherit;\"><span dir=\"auto\" style=\"vertical-align: inherit;\">Dosierung:<\/span><\/span><\/strong><span dir=\"auto\" style=\"vertical-align: inherit;\"><span dir=\"auto\" style=\"vertical-align: inherit;\"> 10 mg pro Pellet<\/span><\/span><\/p>\n<\/li>\n<li data-start=\"4865\" data-end=\"4918\">\n<p data-start=\"4867\" data-end=\"4918\"><strong data-start=\"4867\" data-end=\"4882\"><span dir=\"auto\" style=\"vertical-align: inherit;\"><span dir=\"auto\" style=\"vertical-align: inherit;\">Reinheit:<\/span><\/span><\/strong><span dir=\"auto\" style=\"vertical-align: inherit;\"><span dir=\"auto\" style=\"vertical-align: inherit;\"> \u2265 98% (best\u00e4tigt durch HPLC und NMR)<\/span><\/span><\/p>\n<\/li>\n<li data-start=\"4919\" data-end=\"4992\">\n<p data-start=\"4921\" data-end=\"4992\"><strong data-start=\"4921\" data-end=\"4933\"><span dir=\"auto\" style=\"vertical-align: inherit;\"><span dir=\"auto\" style=\"vertical-align: inherit;\">Verwenden:<\/span><\/span><\/strong><span dir=\"auto\" style=\"vertical-align: inherit;\"><span dir=\"auto\" style=\"vertical-align: inherit;\"> Nur f\u00fcr analytische, forensische und chemische Untersuchungen<\/span><\/span><\/p>\n<\/li>\n<li data-start=\"4993\" data-end=\"5057\">\n<p data-start=\"4995\" data-end=\"5057\"><strong data-start=\"4995\" data-end=\"5006\"><span dir=\"auto\" style=\"vertical-align: inherit;\"><span dir=\"auto\" style=\"vertical-align: inherit;\">Lagerung:<\/span><\/span><\/strong><span dir=\"auto\" style=\"vertical-align: inherit;\"><span dir=\"auto\" style=\"vertical-align: inherit;\"> Geschlossen, trocken und k\u00fchl lagern; zwischen 2 und 8 \u00b0C<\/span><\/span><\/p>\n<\/li>\n<\/ul>\n<hr data-start=\"5059\" data-end=\"5062\" \/>\n<h3 data-start=\"5064\" data-end=\"5081\"><strong data-start=\"5068\" data-end=\"5081\"><span dir=\"auto\" style=\"vertical-align: inherit;\"><span dir=\"auto\" style=\"vertical-align: inherit;\">Vorteile<\/span><\/span><\/strong><\/h3>\n<ul data-start=\"5083\" data-end=\"5589\">\n<li data-start=\"5083\" data-end=\"5188\">\n<p data-start=\"5085\" data-end=\"5188\"><strong data-start=\"5085\" data-end=\"5109\"><span dir=\"auto\" style=\"vertical-align: inherit;\"><span dir=\"auto\" style=\"vertical-align: inherit;\">Pr\u00e4zise dosiert<\/span><\/span><\/strong><span dir=\"auto\" style=\"vertical-align: inherit;\"><span dir=\"auto\" style=\"vertical-align: inherit;\"> \u2013 10 mg pro Pellet f\u00fcr genaue Messungen und zuverl\u00e4ssige Forschungsergebnisse. 2c d<\/span><\/span><\/p>\n<\/li>\n<li data-start=\"5189\" data-end=\"5286\">\n<p data-start=\"5191\" data-end=\"5286\"><strong data-start=\"5191\" data-end=\"5214\"><span dir=\"auto\" style=\"vertical-align: inherit;\"><span dir=\"auto\" style=\"vertical-align: inherit;\">Forschungsstandard<\/span><\/span><\/strong><span dir=\"auto\" style=\"vertical-align: inherit;\"><span dir=\"auto\" style=\"vertical-align: inherit;\"> \u2013 Geeignet f\u00fcr Chromatographie, Spektrometrie und Strukturanalyse.<\/span><\/span><\/p>\n<\/li>\n<li data-start=\"5287\" data-end=\"5389\">\n<p data-start=\"5289\" data-end=\"5389\"><strong data-start=\"5289\" data-end=\"5309\"><span dir=\"auto\" style=\"vertical-align: inherit;\"><span dir=\"auto\" style=\"vertical-align: inherit;\">Konsistente Daten<\/span><\/span><\/strong><span dir=\"auto\" style=\"vertical-align: inherit;\"><span dir=\"auto\" style=\"vertical-align: inherit;\"> \u2013 Gleichm\u00e4\u00dfige Dosierung und hohe Reinheit f\u00f6rdern reproduzierbare Ergebnisse.<\/span><\/span><\/p>\n<\/li>\n<li data-start=\"5390\" data-end=\"5504\">\n<p data-start=\"5392\" data-end=\"5504\"><strong data-start=\"5392\" data-end=\"5424\"><span dir=\"auto\" style=\"vertical-align: inherit;\"><span dir=\"auto\" style=\"vertical-align: inherit;\">Wertvoll f\u00fcr die SAR-Forschung<\/span><\/span><\/strong><span dir=\"auto\" style=\"vertical-align: inherit;\"><span dir=\"auto\" style=\"vertical-align: inherit;\"> \u2013 Geeignet zum Vergleich mit anderen 2C-Analoga wie 2C-B, 2C-C und 2C-E.<\/span><\/span><\/p>\n<\/li>\n<li data-start=\"5505\" data-end=\"5589\">\n<p data-start=\"5507\" data-end=\"5589\"><strong data-start=\"5507\" data-end=\"5534\"><span dir=\"auto\" style=\"vertical-align: inherit;\"><span dir=\"auto\" style=\"vertical-align: inherit;\">Garantierte Qualit\u00e4t<\/span><\/span><\/strong><span dir=\"auto\" style=\"vertical-align: inherit;\"><span dir=\"auto\" style=\"vertical-align: inherit;\"> \u2013 Lieferung mit Analysezertifikat (COA) auf Anfrage.<\/span><\/span><\/p>\n<\/li>\n<\/ul>\n<hr data-start=\"5591\" data-end=\"5594\" \/>\n<h3 data-start=\"5596\" data-end=\"5648\"><strong data-start=\"5600\" data-end=\"5646\"><span dir=\"auto\" style=\"vertical-align: inherit;\"><span dir=\"auto\" style=\"vertical-align: inherit;\">Nutzung (Nur f\u00fcr Forschungszwecke)<\/span><\/span><\/strong><\/h3>\n<blockquote data-start=\"5650\" data-end=\"5818\">\n<p data-start=\"5652\" data-end=\"5818\">\u26a0\ufe0f <strong data-start=\"5655\" data-end=\"5666\"><span dir=\"auto\" style=\"vertical-align: inherit;\"><span dir=\"auto\" style=\"vertical-align: inherit;\">Bitte beachten Sie:<\/span><\/span><\/strong><span dir=\"auto\" style=\"vertical-align: inherit;\"><span dir=\"auto\" style=\"vertical-align: inherit;\"> 2C-D 10mg Pellets sind nur f\u00fcr <\/span><\/span><strong data-start=\"5715\" data-end=\"5756\"><span dir=\"auto\" style=\"vertical-align: inherit;\"><span dir=\"auto\" style=\"vertical-align: inherit;\">Labor- und analytische Forschung<\/span><\/span><\/strong><span dir=\"auto\" style=\"vertical-align: inherit;\"><span dir=\"auto\" style=\"vertical-align: inherit;\"> Und <\/span><\/span><strong data-start=\"5760\" data-end=\"5817\"><span dir=\"auto\" style=\"vertical-align: inherit;\"><span dir=\"auto\" style=\"vertical-align: inherit;\">sind nicht f\u00fcr den menschlichen oder tierischen Verzehr geeignet.<\/span><\/span><\/strong><span dir=\"auto\" style=\"vertical-align: inherit;\"><span dir=\"auto\" style=\"vertical-align: inherit;\"> .<\/span><\/span><\/p>\n<\/blockquote>\n<ol data-start=\"5820\" data-end=\"6280\">\n<li data-start=\"5820\" data-end=\"5914\">\n<p data-start=\"5823\" data-end=\"5914\"><strong data-start=\"5823\" data-end=\"5838\"><span dir=\"auto\" style=\"vertical-align: inherit;\"><span dir=\"auto\" style=\"vertical-align: inherit;\">Handhabung:<\/span><\/span><\/strong><span dir=\"auto\" style=\"vertical-align: inherit;\"><span dir=\"auto\" style=\"vertical-align: inherit;\"> Tragen Sie Handschuhe, Schutzbrille und Laborkittel; arbeiten Sie unter einem Abzug.<\/span><\/span><\/p>\n<\/li>\n<li data-start=\"5915\" data-end=\"6031\">\n<p data-start=\"5918\" data-end=\"6031\"><strong data-start=\"5918\" data-end=\"5931\"><span dir=\"auto\" style=\"vertical-align: inherit;\"><span dir=\"auto\" style=\"vertical-align: inherit;\">Ma\u00dfe:<\/span><\/span><\/strong><span dir=\"auto\" style=\"vertical-align: inherit;\"><span dir=\"auto\" style=\"vertical-align: inherit;\"> Jedes Pellet enth\u00e4lt 10 mg \u2013 au\u00dferhalb kontrollierter Forschungsbedingungen nicht ver\u00e4ndern oder teilen.<\/span><\/span><\/p>\n<\/li>\n<li data-start=\"6032\" data-end=\"6102\">\n<p data-start=\"6035\" data-end=\"6102\"><strong data-start=\"6035\" data-end=\"6046\"><span dir=\"auto\" style=\"vertical-align: inherit;\"><span dir=\"auto\" style=\"vertical-align: inherit;\">Lagerung:<\/span><\/span><\/strong><span dir=\"auto\" style=\"vertical-align: inherit;\"><span dir=\"auto\" style=\"vertical-align: inherit;\"> An einem k\u00fchlen, trockenen und dunklen Ort lagern; vorzugsweise bei 2\u20138 \u00b0C.<\/span><\/span><\/p>\n<\/li>\n<li data-start=\"6103\" data-end=\"6170\">\n<p data-start=\"6106\" data-end=\"6170\"><strong data-start=\"6106\" data-end=\"6118\"><span dir=\"auto\" style=\"vertical-align: inherit;\"><span dir=\"auto\" style=\"vertical-align: inherit;\">Analyse:<\/span><\/span><\/strong><span dir=\"auto\" style=\"vertical-align: inherit;\"><span dir=\"auto\" style=\"vertical-align: inherit;\"> Geeignet f\u00fcr HPLC-, GC\/MS-, LC-MS- und FTIR-Analysen.<\/span><\/span><\/p>\n<\/li>\n<li data-start=\"6171\" data-end=\"6280\">\n<p data-start=\"6174\" data-end=\"6280\"><strong data-start=\"6174\" data-end=\"6191\"><span dir=\"auto\" style=\"vertical-align: inherit;\"><span dir=\"auto\" style=\"vertical-align: inherit;\">Dokumentation:<\/span><\/span><\/strong><span dir=\"auto\" style=\"vertical-align: inherit;\"><span dir=\"auto\" style=\"vertical-align: inherit;\"> Chargennummer, Reinheitsgrad und Testergebnisse zur Gew\u00e4hrleistung der Konformit\u00e4t und R\u00fcckverfolgbarkeit dokumentieren.<\/span><\/span><\/p>\n<\/li>\n<\/ol>\n<hr data-start=\"6282\" data-end=\"6285\" \/>\n<h3 data-start=\"6287\" data-end=\"6322\"><strong data-start=\"6291\" data-end=\"6320\"><span dir=\"auto\" style=\"vertical-align: inherit;\"><span dir=\"auto\" style=\"vertical-align: inherit;\">H\u00e4ufig gestellte Fragen (FAQ)<\/span><\/span><\/strong><\/h3>\n<p data-start=\"6324\" data-end=\"6537\"><strong data-start=\"6324\" data-end=\"6343\"><span dir=\"auto\" style=\"vertical-align: inherit;\"><span dir=\"auto\" style=\"vertical-align: inherit;\">1. Was ist 2C-D?<\/span><\/span><\/strong><br data-start=\"6343\" data-end=\"6346\" \/><span dir=\"auto\" style=\"vertical-align: inherit;\"><span dir=\"auto\" style=\"vertical-align: inherit;\"> 2C-D (2,5-Dimethoxy-4-methylphenethylamin) ist ein synthetisches <\/span><\/span><strong data-start=\"6409\" data-end=\"6426\"><span dir=\"auto\" style=\"vertical-align: inherit;\"><span dir=\"auto\" style=\"vertical-align: inherit;\">Phenethylamin<\/span><\/span><\/strong><span dir=\"auto\" style=\"vertical-align: inherit;\"><span dir=\"auto\" style=\"vertical-align: inherit;\"> aus der 2C-Familie. Es wird als Forschungschemikalie f\u00fcr Rezeptorbindungsstudien und Strukturvergleiche verwendet.<\/span><\/span><\/p>\n<p data-start=\"6539\" data-end=\"6749\"><strong data-start=\"6539\" data-end=\"6589\"><span dir=\"auto\" style=\"vertical-align: inherit;\"><span dir=\"auto\" style=\"vertical-align: inherit;\">2. Wozu werden 2C-D 10mg Pellets verwendet?<\/span><\/span><\/strong><br data-start=\"6589\" data-end=\"6592\" \/><span dir=\"auto\" style=\"vertical-align: inherit;\"><span dir=\"auto\" style=\"vertical-align: inherit;\"> Diese Pellets sind f\u00fcr <\/span><\/span><strong data-start=\"6623\" data-end=\"6679\"><span dir=\"auto\" style=\"vertical-align: inherit;\"><span dir=\"auto\" style=\"vertical-align: inherit;\">wissenschaftliche, forensische und analytische Forschung<\/span><\/span><\/strong><span dir=\"auto\" style=\"vertical-align: inherit;\"><span dir=\"auto\" style=\"vertical-align: inherit;\"> einschlie\u00dflich chromatographischer Kalibrierung und chemischer Identifizierung.<\/span><\/span><\/p>\n<p data-start=\"6751\" data-end=\"7011\"><strong data-start=\"6751\" data-end=\"6789\"><span dir=\"auto\" style=\"vertical-align: inherit;\"><span dir=\"auto\" style=\"vertical-align: inherit;\">3. Ist der Kauf von 2C-D legal?<\/span><\/span><\/strong><br data-start=\"6789\" data-end=\"6792\" \/><span dir=\"auto\" style=\"vertical-align: inherit;\"><span dir=\"auto\" style=\"vertical-align: inherit;\"> Der <\/span><\/span><strong data-start=\"6795\" data-end=\"6818\"><span dir=\"auto\" style=\"vertical-align: inherit;\"><span dir=\"auto\" style=\"vertical-align: inherit;\">Legalit\u00e4t von 2C-D<\/span><\/span><\/strong><span dir=\"auto\" style=\"vertical-align: inherit;\"><span dir=\"auto\" style=\"vertical-align: inherit;\"> Die Bestimmungen variieren von Land zu Land. In manchen L\u00e4ndern gilt es als Bet\u00e4ubungsmittel, andernorts ist es f\u00fcr Forschungszwecke zugelassen. Informieren Sie sich daher immer vorab \u00fcber die geltenden Gesetze. <\/span><\/span><strong data-start=\"6994\" data-end=\"7008\"><span dir=\"auto\" style=\"vertical-align: inherit;\"><span dir=\"auto\" style=\"vertical-align: inherit;\">Kauf von 2C-D<\/span><\/span><\/strong><span dir=\"auto\" style=\"vertical-align: inherit;\"><span dir=\"auto\" style=\"vertical-align: inherit;\"> . <\/span><\/span><a href=\"https:\/\/researchchemicalhub.com\/de\/geschaft\/okategoriserad\/4mmc-kaufen\/\"><span dir=\"auto\" style=\"vertical-align: inherit;\"><span dir=\"auto\" style=\"vertical-align: inherit;\">4mmc kaufen <\/span><\/span><\/a><a href=\"https:\/\/researchchemicalhub.com\/de\/geschaft\/okategoriserad\/benzocainpulver\/\"><span dir=\"auto\" style=\"vertical-align: inherit;\"><span dir=\"auto\" style=\"vertical-align: inherit;\">Benzocainpulver<\/span><\/span><\/a><\/p>","protected":false},"excerpt":{"rendered":"<p>Introduction 2C-D 10mg Pellets contain a precise dose of 2C-D (2,5-dimethoxy-4-methylphenethylamine) \u2014a member of the 2C family of substituted phenethylamines,<\/p>","protected":false},"featured_media":28369,"comment_status":"closed","ping_status":"closed","template":"","meta":[],"product_brand":[82],"product_cat":[323,325,322,80,324],"product_tag":[661,662,326],"class_list":{"0":"post-24616","1":"product","2":"type-product","3":"status-publish","4":"has-post-thumbnail","6":"product_brand-research-chemical","7":"product_cat-2c-d","8":"product_cat-2c-d-pellets","9":"product_cat-bijna-verboden","10":"product_cat-fenethylamine","11":"product_cat-pellets-for-pellet","12":"product_tag-2c-d","13":"product_tag-2cd","14":"product_tag-nl","16":"first","17":"instock","18":"taxable","19":"shipping-taxable","20":"purchasable","21":"product-type-variable"},"_links":{"self":[{"href":"https:\/\/researchchemicalhub.com\/de\/wp-json\/wp\/v2\/product\/24616","targetHints":{"allow":["GET"]}}],"collection":[{"href":"https:\/\/researchchemicalhub.com\/de\/wp-json\/wp\/v2\/product"}],"about":[{"href":"https:\/\/researchchemicalhub.com\/de\/wp-json\/wp\/v2\/types\/product"}],"replies":[{"embeddable":true,"href":"https:\/\/researchchemicalhub.com\/de\/wp-json\/wp\/v2\/comments?post=24616"}],"version-history":[{"count":6,"href":"https:\/\/researchchemicalhub.com\/de\/wp-json\/wp\/v2\/product\/24616\/revisions"}],"predecessor-version":[{"id":28662,"href":"https:\/\/researchchemicalhub.com\/de\/wp-json\/wp\/v2\/product\/24616\/revisions\/28662"}],"wp:featuredmedia":[{"embeddable":true,"href":"https:\/\/researchchemicalhub.com\/de\/wp-json\/wp\/v2\/media\/28369"}],"wp:attachment":[{"href":"https:\/\/researchchemicalhub.com\/de\/wp-json\/wp\/v2\/media?parent=24616"}],"wp:term":[{"taxonomy":"product_brand","embeddable":true,"href":"https:\/\/researchchemicalhub.com\/de\/wp-json\/wp\/v2\/product_brand?post=24616"},{"taxonomy":"product_cat","embeddable":true,"href":"https:\/\/researchchemicalhub.com\/de\/wp-json\/wp\/v2\/product_cat?post=24616"},{"taxonomy":"product_tag","embeddable":true,"href":"https:\/\/researchchemicalhub.com\/de\/wp-json\/wp\/v2\/product_tag?post=24616"}],"curies":[{"name":"wp","href":"https:\/\/api.w.org\/{rel}","templated":true}]}}