{"id":24521,"date":"2025-10-20T17:41:54","date_gmt":"2025-10-20T17:41:54","guid":{"rendered":"https:\/\/researchchemicalhub.com\/?post_type=product&#038;p=24521"},"modified":"2025-10-21T16:00:52","modified_gmt":"2025-10-21T16:00:52","slug":"chem-mist-spray","status":"publish","type":"product","link":"https:\/\/researchchemicalhub.com\/de\/shop\/b2b\/chem-mist-spray\/","title":{"rendered":"Chem-Mist NOOPEPT Spray"},"content":{"rendered":"<h3 data-start=\"3872\" data-end=\"3893\"><strong data-start=\"3876\" data-end=\"3891\">Einf\u00fchrung<\/strong><\/h3>\n<p data-start=\"3894\" data-end=\"4254\">Steigern Sie Ihre Konzentration, Klarheit und Produktivit\u00e4t mit <strong data-start=\"3952\" data-end=\"3979\">Chem-Mist NOOPEPT Spray<\/strong> \u2014 eine hochwertige <strong data-start=\"3999\" data-end=\"4023\">Nootropische Formel<\/strong> mit schneller Absorption.<br data-start=\"4042\" data-end=\"4045\" \/>Jeder Spr\u00fchsto\u00df enth\u00e4lt eine genau abgemessene Dosis <strong data-start=\"4093\" data-end=\"4149\">Noopept (N-Phenylacetyl-L-Prolylglycinethylester)<\/strong>, ein schnell wirkendes kognitives Stimulans, das hilft bei <strong data-start=\"4203\" data-end=\"4251\">Ged\u00e4chtnis, Lernf\u00e4higkeit und geistige Leistungsf\u00e4higkeit<\/strong>. Chemischer Nebelspray<\/p>\n<p data-start=\"4256\" data-end=\"4542\">Im Gegensatz zu Kapseln, <strong data-start=\"4292\" data-end=\"4319\">Chem-Mist NOOPEPT Spray<\/strong> f\u00fcr <strong data-start=\"4325\" data-end=\"4354\">schnelle sublinguale Absorption<\/strong>, was zu einer besseren und schnelleren Wirkung f\u00fchrt. Perfekt f\u00fcr Forscher, Studenten, Fachleute oder alle, die sich f\u00fcr <strong data-start=\"4492\" data-end=\"4539\">kognitive Optimierung und Neuroforschung<\/strong>.<\/p>\n<blockquote data-start=\"4544\" data-end=\"4720\">\n<p data-start=\"4546\" data-end=\"4720\">\u26a0\ufe0f <strong data-start=\"4549\" data-end=\"4560\">Hinweis:<\/strong> Dieses Produkt ist ausschlie\u00dflich f\u00fcr den Gebrauch bestimmt <strong data-start=\"4601\" data-end=\"4637\">Forschung und nootropische Verwendung<\/strong> wo erlaubt.<br data-start=\"4654\" data-end=\"4657\" \/>Nicht zur Diagnose oder Behandlung von Krankheiten bestimmt.<\/p>\n<\/blockquote>\n<hr data-start=\"4722\" data-end=\"4725\" \/>\n<h3 data-start=\"4727\" data-end=\"4758\"><strong data-start=\"4731\" data-end=\"4758\">Hauptmerkmale<\/strong><\/h3>\n<div class=\"_tableContainer_1rjym_1\">\n<div class=\"group _tableWrapper_1rjym_13 flex w-fit flex-col-reverse\" tabindex=\"-1\">\n<table class=\"w-fit min-w-(--thread-content-width)\" data-start=\"4760\" data-end=\"5198\">\n<thead data-start=\"4760\" data-end=\"4786\">\n<tr data-start=\"4760\" data-end=\"4786\">\n<th data-start=\"4760\" data-end=\"4770\" data-col-size=\"sm\">Besonderheit<\/th>\n<th data-start=\"4770\" data-end=\"4786\" data-col-size=\"md\">Beschreibung<\/th>\n<\/tr>\n<\/thead>\n<tbody data-start=\"4815\" data-end=\"5198\">\n<tr data-start=\"4815\" data-end=\"4890\">\n<td data-start=\"4815\" data-end=\"4834\" data-col-size=\"sm\"><strong data-start=\"4817\" data-end=\"4833\">Wirkstoff<\/strong><\/td>\n<td data-start=\"4834\" data-end=\"4890\" data-col-size=\"md\">Noopept (N-Phenylacetyl-L-Prolylglycinethylester)<\/td>\n<\/tr>\n<tr data-start=\"4891\" data-end=\"4945\">\n<td data-start=\"4891\" data-end=\"4902\" data-col-size=\"sm\"><strong data-start=\"4893\" data-end=\"4901\">Bilden<\/strong><\/td>\n<td data-start=\"4902\" data-end=\"4945\" data-col-size=\"md\">Sublinguales Spray (fl\u00fcssige L\u00f6sung)<\/td>\n<\/tr>\n<tr data-start=\"4946\" data-end=\"5013\">\n<td data-start=\"4946\" data-end=\"4965\" data-col-size=\"sm\"><strong data-start=\"4948\" data-end=\"4964\">Konzentration<\/strong><\/td>\n<td data-start=\"4965\" data-end=\"5013\" data-col-size=\"md\">Pr\u00e4zise dosiert f\u00fcr eine gleichm\u00e4\u00dfige Anwendung<\/td>\n<\/tr>\n<tr data-start=\"5014\" data-end=\"5071\">\n<td data-start=\"5014\" data-end=\"5027\" data-col-size=\"sm\"><strong data-start=\"5016\" data-end=\"5026\">Aufnahme<\/strong><\/td>\n<td data-start=\"5027\" data-end=\"5071\" data-col-size=\"md\">Schnelle Aufnahme durch sublinguale Verabreichung<\/td>\n<\/tr>\n<tr data-start=\"5072\" data-end=\"5136\">\n<td data-start=\"5072\" data-end=\"5086\" data-col-size=\"sm\"><strong data-start=\"5074\" data-end=\"5085\">Verwendung<\/strong><\/td>\n<td data-start=\"5086\" data-end=\"5136\" data-col-size=\"md\">Nur f\u00fcr Forschungs- und Bildungszwecke<\/td>\n<\/tr>\n<tr data-start=\"5137\" data-end=\"5198\">\n<td data-start=\"5137\" data-end=\"5154\" data-col-size=\"sm\"><strong data-start=\"5139\" data-end=\"5153\">Verpackung<\/strong><\/td>\n<td data-start=\"5154\" data-end=\"5198\" data-col-size=\"md\">Handliche Spr\u00fchflasche mit Dosiermechanismus<\/td>\n<\/tr>\n<\/tbody>\n<\/table>\n<\/div>\n<\/div>\n<hr data-start=\"5200\" data-end=\"5203\" \/>\n<h3 data-start=\"5205\" data-end=\"5222\"><strong data-start=\"5209\" data-end=\"5222\">Vorteile<\/strong><\/h3>\n<ul data-start=\"5224\" data-end=\"5744\">\n<li data-start=\"5224\" data-end=\"5330\">\n<p data-start=\"5226\" data-end=\"5330\"><strong data-start=\"5226\" data-end=\"5261\">Schnelle kognitive Unterst\u00fctzung<\/strong> \u2013 Die sublinguale Absorption sorgt f\u00fcr eine schnellere Wirkung als Kapseln.<\/p>\n<\/li>\n<li data-start=\"5331\" data-end=\"5448\">\n<p data-start=\"5333\" data-end=\"5448\"><strong data-start=\"5333\" data-end=\"5363\">Verbessertes Ged\u00e4chtnis und Lernen<\/strong> \u2013 Untersuchungen zeigen, dass Noopept das Ged\u00e4chtnis und die Lernfunktion unterst\u00fctzen kann.<\/p>\n<\/li>\n<li data-start=\"5449\" data-end=\"5543\">\n<p data-start=\"5451\" data-end=\"5543\"><strong data-start=\"5451\" data-end=\"5488\">Bessere Konzentration und geistige Klarheit<\/strong> \u2013 F\u00f6rdert Konzentration, Energie und Produktivit\u00e4t.<\/p>\n<\/li>\n<li data-start=\"5544\" data-end=\"5648\">\n<p data-start=\"5546\" data-end=\"5648\"><strong data-start=\"5546\" data-end=\"5580\">Neuroprotektive Eigenschaften<\/strong> \u2013 Kann zum Schutz der Neuronen und der Gehirnfunktion beitragen.<\/p>\n<\/li>\n<li data-start=\"5649\" data-end=\"5744\">\n<p data-start=\"5651\" data-end=\"5744\"><strong data-start=\"5651\" data-end=\"5675\">Genaue Dosierung<\/strong> \u2013 Jeder Spr\u00fchsto\u00df enth\u00e4lt eine exakte Menge f\u00fcr eine gleichm\u00e4\u00dfige Anwendung.<\/p>\n<\/li>\n<\/ul>\n<hr data-start=\"5746\" data-end=\"5749\" \/>\n<h3 data-start=\"5751\" data-end=\"5766\"><strong data-start=\"5755\" data-end=\"5766\">Verwendung<\/strong><\/h3>\n<blockquote data-start=\"5768\" data-end=\"5950\">\n<p data-start=\"5770\" data-end=\"5885\"><strong data-start=\"5770\" data-end=\"5816\">Empfohlene Verwendung (Forschungszwecke):<\/strong><br data-start=\"5816\" data-end=\"5819\" \/>F\u00fcr eine schnelle Aufnahme durch die Mundschleimhaut unter die Zunge spr\u00fchen.<\/p>\n<p data-start=\"5892\" data-end=\"5950\">\u26a0\ufe0fImmer gem\u00e4\u00df den \u00f6rtlichen Gesetzen verwenden.<\/p>\n<\/blockquote>\n<ol data-start=\"5952\" data-end=\"6175\">\n<li data-start=\"5952\" data-end=\"5983\">\n<p data-start=\"5955\" data-end=\"5983\">Sch\u00fctteln Sie die Flasche vorsichtig.<\/p>\n<\/li>\n<li data-start=\"5984\" data-end=\"6022\">\n<p data-start=\"5987\" data-end=\"6022\">Spray <strong data-start=\"5993\" data-end=\"6005\">1\u20132 mal<\/strong> unter der Zunge.<\/p>\n<\/li>\n<li data-start=\"6023\" data-end=\"6073\">\n<p data-start=\"6026\" data-end=\"6073\">Bewachen <strong data-start=\"6032\" data-end=\"6050\">10\u201320 Sekunden<\/strong> und dann schlucken.<\/p>\n<\/li>\n<li data-start=\"6074\" data-end=\"6130\">\n<p data-start=\"6077\" data-end=\"6130\">Verwenden Sie maximal <strong data-start=\"6094\" data-end=\"6112\">zweimal t\u00e4glich<\/strong> falls gew\u00fcnscht.<\/p>\n<\/li>\n<li data-start=\"6131\" data-end=\"6175\">\n<p data-start=\"6134\" data-end=\"6175\">K\u00fchl, trocken und dunkel lagern (15\u201325 \u00b0C).<\/p>\n<\/li>\n<\/ol>\n<hr data-start=\"6177\" data-end=\"6180\" \/>\n<h3 data-start=\"6182\" data-end=\"6217\"><strong data-start=\"6186\" data-end=\"6215\">H\u00e4ufig gestellte Fragen (FAQ)<\/strong><\/h3>\n<p data-start=\"6219\" data-end=\"6416\"><strong data-start=\"6219\" data-end=\"6257\">1. Was ist Chem-Mist NOOPEPT Spray?<\/strong><br data-start=\"6257\" data-end=\"6260\" \/><strong data-start=\"6260\" data-end=\"6287\">Chem-Mist NOOPEPT Spray<\/strong> ist ein <strong data-start=\"6295\" data-end=\"6317\">Nootropisches Spray<\/strong> das schnelle Absorption und pr\u00e4zise Dosierung f\u00fcr Forschung und kognitive Unterst\u00fctzung kombiniert.<\/p>\n<p data-start=\"6418\" data-end=\"6597\"><strong data-start=\"6418\" data-end=\"6443\">2. Wie wirkt Noopept?<\/strong><br data-start=\"6443\" data-end=\"6446\" \/>Noopept ist ein <strong data-start=\"6461\" data-end=\"6490\">Peptid-abgeleitetes Nootropikum<\/strong> das die Gehirnfunktion unterst\u00fctzt, indem <strong data-start=\"6529\" data-end=\"6594\">verbesserte Neuronenkommunikation und Schutz der Gehirnzellen<\/strong>.<\/p>\n<p data-start=\"6599\" data-end=\"6853\"><strong data-start=\"6599\" data-end=\"6652\">3. Ist der Kauf von Chem-Mist NOOPEPT Spray legal?<\/strong><br data-start=\"6652\" data-end=\"6655\" \/>Der <strong data-start=\"6658\" data-end=\"6684\">Legalit\u00e4t von Noopept<\/strong> Variiert je nach Land. In vielen Regionen ist es f\u00fcr Forschungs- oder Nahrungserg\u00e4nzungsmittel zugelassen, in einigen L\u00e4ndern jedoch reglementiert. \u00dcberpr\u00fcfen Sie immer die \u00f6rtlichen Vorschriften.<\/p>","protected":false},"excerpt":{"rendered":"<h2><strong>Chem-mist NOOPEPT 1,5 mg Spray<\/strong><\/h2>\n<ul>\n<li><strong>Einzelhandelsverpackung<br \/>\n<\/strong><\/li>\n<li><strong>Menge an mg NOOPEPT pro Spr\u00fchsto\u00df: 1,5<\/strong><\/li>\n<li><strong>Preise zzgl. 21% MwSt.<\/strong><\/li>\n<li><strong>Unverbindliche Preisempfehlung: 24,95 \u20ac inkl. Mehrwertsteuer<\/strong><\/li>\n<\/ul>","protected":false},"featured_media":21299,"comment_status":"closed","ping_status":"closed","template":"","meta":[],"product_brand":[82],"product_cat":[555],"product_tag":[812,810,811,326,813,814,815],"class_list":{"0":"post-24521","1":"product","2":"type-product","3":"status-publish","4":"has-post-thumbnail","6":"product_brand-research-chemical","7":"product_cat-b2b","8":"product_tag-buy-noopept-spray","9":"product_tag-chem-mist-spray","10":"product_tag-chem-mist","11":"product_tag-nl","12":"product_tag-noopept-nasal-spray","13":"product_tag-noopept-nasal-spray-diy","14":"product_tag-noopept-nasal-spray-dosage","16":"first","17":"instock","18":"taxable","19":"shipping-taxable","20":"purchasable","21":"product-type-variable"},"_links":{"self":[{"href":"https:\/\/researchchemicalhub.com\/de\/wp-json\/wp\/v2\/product\/24521","targetHints":{"allow":["GET"]}}],"collection":[{"href":"https:\/\/researchchemicalhub.com\/de\/wp-json\/wp\/v2\/product"}],"about":[{"href":"https:\/\/researchchemicalhub.com\/de\/wp-json\/wp\/v2\/types\/product"}],"replies":[{"embeddable":true,"href":"https:\/\/researchchemicalhub.com\/de\/wp-json\/wp\/v2\/comments?post=24521"}],"version-history":[{"count":5,"href":"https:\/\/researchchemicalhub.com\/de\/wp-json\/wp\/v2\/product\/24521\/revisions"}],"predecessor-version":[{"id":27772,"href":"https:\/\/researchchemicalhub.com\/de\/wp-json\/wp\/v2\/product\/24521\/revisions\/27772"}],"wp:featuredmedia":[{"embeddable":true,"href":"https:\/\/researchchemicalhub.com\/de\/wp-json\/wp\/v2\/media\/21299"}],"wp:attachment":[{"href":"https:\/\/researchchemicalhub.com\/de\/wp-json\/wp\/v2\/media?parent=24521"}],"wp:term":[{"taxonomy":"product_brand","embeddable":true,"href":"https:\/\/researchchemicalhub.com\/de\/wp-json\/wp\/v2\/product_brand?post=24521"},{"taxonomy":"product_cat","embeddable":true,"href":"https:\/\/researchchemicalhub.com\/de\/wp-json\/wp\/v2\/product_cat?post=24521"},{"taxonomy":"product_tag","embeddable":true,"href":"https:\/\/researchchemicalhub.com\/de\/wp-json\/wp\/v2\/product_tag?post=24521"}],"curies":[{"name":"wp","href":"https:\/\/api.w.org\/{rel}","templated":true}]}}