{"id":24443,"date":"2025-10-20T17:41:44","date_gmt":"2025-10-20T17:41:44","guid":{"rendered":"https:\/\/researchchemicalhub.com\/?post_type=product&#038;p=24443"},"modified":"2025-10-29T08:23:18","modified_gmt":"2025-10-29T08:23:18","slug":"ipph-25-mg-pellets","status":"publish","type":"product","link":"https:\/\/researchchemicalhub.com\/de\/geschaft\/isopropylphenidat\/ipph-25-mg-pellets\/","title":{"rendered":"Isopropylphenidat (IPPH) 25 mg Pellets"},"content":{"rendered":"<h3 data-start=\"4132\" data-end=\"4153\"><strong data-start=\"4136\" data-end=\"4151\">Einf\u00fchrung<\/strong><\/h3>\n<p data-start=\"4154\" data-end=\"4608\"><strong data-start=\"4154\" data-end=\"4195\">Isopropylphenidat (IPPH) 25 mg Pellets<\/strong> enthalten <strong data-start=\"4205\" data-end=\"4242\">25 mg hochreines Isopropylphenidat<\/strong>, Ein <strong data-start=\"4248\" data-end=\"4272\">Piperidinverbindung<\/strong> die strukturell verwandt ist mit <strong data-start=\"4304\" data-end=\"4322\">Methylphenidat<\/strong> Und <strong data-start=\"4326\" data-end=\"4343\">Ethylphenidat<\/strong>.ipph\u00a0<br data-start=\"4344\" data-end=\"4347\" \/>Innen <strong data-start=\"4354\" data-end=\"4395\">neurochemische und analytische Forschung<\/strong> IPPH wird verwendet als <strong data-start=\"4420\" data-end=\"4473\">Analogon zum Dopamin- und Noradrenalin-Wiederaufnahmehemmer<\/strong>Es wird in Studien verwendet von <strong data-start=\"4512\" data-end=\"4538\">Monoamintransporter<\/strong>, <strong data-start=\"4540\" data-end=\"4582\">Struktur-Wirkungs-Beziehungen (SAR)<\/strong> Und <strong data-start=\"4586\" data-end=\"4605\">Rezeptorbindung<\/strong>.<\/p>\n<p data-start=\"4610\" data-end=\"4786\">Jedes Pellet wird mit einem <strong data-start=\"4646\" data-end=\"4670\">Reinheit von \u2265 98%<\/strong>, einzeln verpackt in einem <strong data-start=\"4699\" data-end=\"4715\">Blisterstreifen<\/strong> und konzipiert f\u00fcr <strong data-start=\"4734\" data-end=\"4783\">genaue Dosierung und chemische Stabilit\u00e4t<\/strong>.<\/p>\n<blockquote data-start=\"4788\" data-end=\"4934\">\n<p data-start=\"4790\" data-end=\"4934\">\u26a0\ufe0f <strong data-start=\"4793\" data-end=\"4804\">Hinweis:<\/strong> Dieses Produkt ist ausschlie\u00dflich f\u00fcr den Gebrauch bestimmt <strong data-start=\"4845\" data-end=\"4880\">Forschung und analytische Nutzung<\/strong> \u2014 <strong data-start=\"4883\" data-end=\"4931\">nicht f\u00fcr den menschlichen oder tierischen Verzehr bestimmt<\/strong>.<\/p>\n<\/blockquote>\n<hr data-start=\"4936\" data-end=\"4939\" \/>\n<h3 data-start=\"4941\" data-end=\"4972\"><strong data-start=\"4945\" data-end=\"4972\">Hauptmerkmale<\/strong><\/h3>\n<div class=\"_tableContainer_1rjym_1\">\n<div class=\"group _tableWrapper_1rjym_13 flex w-fit flex-col-reverse\" tabindex=\"-1\">\n<table class=\"w-fit min-w-(--thread-content-width)\" data-start=\"4974\" data-end=\"5527\">\n<thead data-start=\"4974\" data-end=\"5000\">\n<tr data-start=\"4974\" data-end=\"5000\">\n<th data-start=\"4974\" data-end=\"4984\" data-col-size=\"sm\">Besonderheit<\/th>\n<th data-start=\"4984\" data-end=\"5000\" data-col-size=\"md\">Beschreibung<\/th>\n<\/tr>\n<\/thead>\n<tbody data-start=\"5029\" data-end=\"5527\">\n<tr data-start=\"5029\" data-end=\"5085\">\n<td data-start=\"5029\" data-end=\"5050\" data-col-size=\"sm\"><strong data-start=\"5031\" data-end=\"5049\">Chemischer Name<\/strong><\/td>\n<td data-start=\"5050\" data-end=\"5085\" data-col-size=\"md\">Isopropylphenidathydrochlorid<\/td>\n<\/tr>\n<tr data-start=\"5086\" data-end=\"5119\">\n<td data-start=\"5086\" data-end=\"5111\" data-col-size=\"sm\"><strong data-start=\"5088\" data-end=\"5110\">Allgemeiner Name<\/strong><\/td>\n<td data-start=\"5111\" data-end=\"5119\" data-col-size=\"md\">IPPH<\/td>\n<\/tr>\n<tr data-start=\"5120\" data-end=\"5157\">\n<td data-start=\"5120\" data-end=\"5144\" data-col-size=\"sm\"><strong data-start=\"5122\" data-end=\"5143\">Chemische Formel<\/strong><\/td>\n<td data-start=\"5144\" data-end=\"5157\" data-col-size=\"md\">C\u2081\u2085H\u2082\u2081NO\u2082<\/td>\n<\/tr>\n<tr data-start=\"5158\" data-end=\"5196\">\n<td data-start=\"5158\" data-end=\"5180\" data-col-size=\"sm\"><strong data-start=\"5160\" data-end=\"5179\">Molekulargewicht<\/strong><\/td>\n<td data-start=\"5180\" data-end=\"5196\" data-col-size=\"md\">247,33 g\/mol<\/td>\n<\/tr>\n<tr data-start=\"5197\" data-end=\"5231\">\n<td data-start=\"5197\" data-end=\"5212\" data-col-size=\"sm\"><strong data-start=\"5199\" data-end=\"5211\">Dosierung<\/strong><\/td>\n<td data-start=\"5212\" data-end=\"5231\" data-col-size=\"md\">25 mg pro Pellet<\/td>\n<\/tr>\n<tr data-start=\"5232\" data-end=\"5279\">\n<td data-start=\"5232\" data-end=\"5243\" data-col-size=\"sm\"><strong data-start=\"5234\" data-end=\"5242\">Bilden<\/strong><\/td>\n<td data-start=\"5243\" data-end=\"5279\" data-col-size=\"md\">Festes Pellet (Blisterpackung)<\/td>\n<\/tr>\n<tr data-start=\"5280\" data-end=\"5331\">\n<td data-start=\"5280\" data-end=\"5297\" data-col-size=\"sm\"><strong data-start=\"5282\" data-end=\"5296\">Reinheit<\/strong><\/td>\n<td data-start=\"5297\" data-end=\"5331\" data-col-size=\"md\">\u2265 98% (getestet mittels HPLC und NMR)<\/td>\n<\/tr>\n<tr data-start=\"5332\" data-end=\"5397\">\n<td data-start=\"5332\" data-end=\"5355\" data-col-size=\"sm\"><strong data-start=\"5334\" data-end=\"5354\">Chemische Klasse<\/strong><\/td>\n<td data-start=\"5355\" data-end=\"5397\" data-col-size=\"md\">Piperidinderivat \/ Phenidatanalogon<\/td>\n<\/tr>\n<tr data-start=\"5398\" data-end=\"5477\">\n<td data-start=\"5398\" data-end=\"5412\" data-col-size=\"sm\"><strong data-start=\"5400\" data-end=\"5411\">Verwendung<\/strong><\/td>\n<td data-start=\"5412\" data-end=\"5477\" data-col-size=\"md\">Nur f\u00fcr analytische, forensische und neurochemische Forschung<\/td>\n<\/tr>\n<tr data-start=\"5478\" data-end=\"5527\">\n<td data-start=\"5478\" data-end=\"5495\" data-col-size=\"sm\"><strong data-start=\"5480\" data-end=\"5494\">Verpackung<\/strong><\/td>\n<td data-start=\"5495\" data-end=\"5527\" data-col-size=\"md\">Blisterstreifen mit Siegel<\/td>\n<\/tr>\n<\/tbody>\n<\/table>\n<\/div>\n<\/div>\n<hr data-start=\"5529\" data-end=\"5532\" \/>\n<h3 data-start=\"5534\" data-end=\"5551\"><strong data-start=\"5538\" data-end=\"5551\">Vorteile<\/strong><\/h3>\n<ul data-start=\"5553\" data-end=\"5952\">\n<li data-start=\"5553\" data-end=\"5645\">\n<p data-start=\"5555\" data-end=\"5645\"><strong data-start=\"5555\" data-end=\"5574\">Hohe Reinheit<\/strong> \u2013 \u2265 98% Laborqualit\u00e4t f\u00fcr zuverl\u00e4ssige Forschungsergebnisse.<\/p>\n<\/li>\n<li data-start=\"5646\" data-end=\"5719\">\n<p data-start=\"5648\" data-end=\"5719\"><strong data-start=\"5648\" data-end=\"5672\">Genaue Dosierung<\/strong> \u2013 25 mg pro Pellet f\u00fcr eine konsistente Analyse.<\/p>\n<\/li>\n<li data-start=\"5720\" data-end=\"5794\">\n<p data-start=\"5722\" data-end=\"5794\"><strong data-start=\"5722\" data-end=\"5744\">Sichere Verpackung<\/strong> \u2013 Gesch\u00fctzt vor Feuchtigkeit, Licht und Verunreinigungen.<\/p>\n<\/li>\n<li data-start=\"5795\" data-end=\"5863\">\n<p data-start=\"5797\" data-end=\"5863\"><strong data-start=\"5797\" data-end=\"5817\">Weit verbreitet<\/strong> \u2013 Geeignet f\u00fcr GC\/MS, LC-MS, FTIR und HPLC.<\/p>\n<\/li>\n<li data-start=\"5864\" data-end=\"5952\">\n<p data-start=\"5866\" data-end=\"5952\"><strong data-start=\"5866\" data-end=\"5893\">Gepr\u00fcfte Qualit\u00e4t<\/strong> \u2013 Jede Charge wird gepr\u00fcft und mit Analysezertifikaten versehen.<\/p>\n<\/li>\n<\/ul>\n<hr data-start=\"5954\" data-end=\"5957\" \/>\n<h3 data-start=\"5959\" data-end=\"6011\"><strong data-start=\"5963\" data-end=\"6009\">Verwendung (nur f\u00fcr Forschungszwecke)<\/strong><\/h3>\n<ol data-start=\"6013\" data-end=\"6382\">\n<li data-start=\"6013\" data-end=\"6082\">\n<p data-start=\"6016\" data-end=\"6082\"><strong data-start=\"6016\" data-end=\"6031\">Handhabung:<\/strong> Tragen Sie Handschuhe, eine Schutzbrille und einen Laborkittel. ipph<\/p>\n<\/li>\n<li data-start=\"6083\" data-end=\"6180\">\n<p data-start=\"6086\" data-end=\"6180\"><strong data-start=\"6086\" data-end=\"6099\">Ma\u00dfe:<\/strong> Jedes Pellet enth\u00e4lt genau 25 mg; au\u00dferhalb der Laborbedingungen nicht ver\u00e4ndern.<\/p>\n<\/li>\n<li data-start=\"6181\" data-end=\"6235\">\n<p data-start=\"6184\" data-end=\"6235\"><strong data-start=\"6184\" data-end=\"6195\">Lagerung:<\/strong> K\u00fchl (2\u20138 \u00b0C), trocken und dunkel lagern.<\/p>\n<\/li>\n<li data-start=\"6236\" data-end=\"6319\">\n<p data-start=\"6239\" data-end=\"6319\"><strong data-start=\"6239\" data-end=\"6251\">Analyse:<\/strong> Geeignet f\u00fcr Chromatographie, Spektroskopie und Rezeptorforschung.<\/p>\n<\/li>\n<li data-start=\"6320\" data-end=\"6382\">\n<p data-start=\"6323\" data-end=\"6382\"><strong data-start=\"6323\" data-end=\"6340\">Dokumentation:<\/strong> Notieren Sie Chargennummern und Analysemethoden.<\/p>\n<\/li>\n<\/ol>\n<hr data-start=\"6384\" data-end=\"6387\" \/>\n<h3 data-start=\"6389\" data-end=\"6424\"><strong data-start=\"6393\" data-end=\"6422\">H\u00e4ufig gestellte Fragen (FAQ)<\/strong><\/h3>\n<p data-start=\"6426\" data-end=\"6627\"><strong data-start=\"6426\" data-end=\"6465\">1. Was ist Isopropylphenidat (IPPH)?<\/strong><br data-start=\"6465\" data-end=\"6468\" \/><strong data-start=\"6468\" data-end=\"6489\">Isopropylphenidat<\/strong> ist ein <strong data-start=\"6497\" data-end=\"6521\">Piperidinverbindung<\/strong> ist mit Methylphenidat verwandt und wird in der Forschung zu Dopamin- und Noradrenalintransportern verwendet.<\/p>\n<p data-start=\"6629\" data-end=\"6794\"><strong data-start=\"6629\" data-end=\"6679\">2. Wof\u00fcr werden IPPH 25 mg Pellets verwendet?<\/strong><br data-start=\"6679\" data-end=\"6682\" \/>Die Pellets werden verwendet f\u00fcr <strong data-start=\"6714\" data-end=\"6752\">analytische und forensische Forschung<\/strong>, wie Chromatographie und Spektroskopie.<\/p>\n<p data-start=\"6796\" data-end=\"6987\"><strong data-start=\"6796\" data-end=\"6834\">3. Ist der Kauf von IPPH legal?<\/strong><br data-start=\"6834\" data-end=\"6837\" \/>Der <strong data-start=\"6840\" data-end=\"6863\">Rechtm\u00e4\u00dfigkeit von IPPH<\/strong> variiert je nach Land. In einigen L\u00e4ndern ist es geregelt. \u00dcberpr\u00fcfen Sie immer die lokalen Gesetze, bevor Sie <strong data-start=\"6970\" data-end=\"6984\">IPPH kauft<\/strong>.<\/p>","protected":false},"excerpt":{"rendered":"<p>Einf\u00fchrung Isopropylphenidat (IPPH) 25 mg Pellets enthalten 25 mg hochreines Isopropylphenidat, eine Piperidinverbindung, die strukturell mit Methylphenidat und Ethylphenidat verwandt ist. ipph Innerhalb<\/p>","protected":false},"featured_media":28547,"comment_status":"closed","ping_status":"closed","template":"","meta":[],"product_brand":[82],"product_cat":[461,462,336,324],"product_tag":[596,928,595,326],"class_list":{"0":"post-24443","1":"product","2":"type-product","3":"status-publish","4":"has-post-thumbnail","6":"product_brand-research-chemical","7":"product_cat-ipph","8":"product_cat-ipph-pellets","9":"product_cat-overig","10":"product_cat-pellets-for-pellet","11":"product_tag-ipph","12":"product_tag-ipph-kopen","13":"product_tag-isopropylphenidate","14":"product_tag-nl","16":"first","17":"instock","18":"taxable","19":"shipping-taxable","20":"purchasable","21":"product-type-variable"},"_links":{"self":[{"href":"https:\/\/researchchemicalhub.com\/de\/wp-json\/wp\/v2\/product\/24443","targetHints":{"allow":["GET"]}}],"collection":[{"href":"https:\/\/researchchemicalhub.com\/de\/wp-json\/wp\/v2\/product"}],"about":[{"href":"https:\/\/researchchemicalhub.com\/de\/wp-json\/wp\/v2\/types\/product"}],"replies":[{"embeddable":true,"href":"https:\/\/researchchemicalhub.com\/de\/wp-json\/wp\/v2\/comments?post=24443"}],"version-history":[{"count":5,"href":"https:\/\/researchchemicalhub.com\/de\/wp-json\/wp\/v2\/product\/24443\/revisions"}],"predecessor-version":[{"id":27791,"href":"https:\/\/researchchemicalhub.com\/de\/wp-json\/wp\/v2\/product\/24443\/revisions\/27791"}],"wp:featuredmedia":[{"embeddable":true,"href":"https:\/\/researchchemicalhub.com\/de\/wp-json\/wp\/v2\/media\/28547"}],"wp:attachment":[{"href":"https:\/\/researchchemicalhub.com\/de\/wp-json\/wp\/v2\/media?parent=24443"}],"wp:term":[{"taxonomy":"product_brand","embeddable":true,"href":"https:\/\/researchchemicalhub.com\/de\/wp-json\/wp\/v2\/product_brand?post=24443"},{"taxonomy":"product_cat","embeddable":true,"href":"https:\/\/researchchemicalhub.com\/de\/wp-json\/wp\/v2\/product_cat?post=24443"},{"taxonomy":"product_tag","embeddable":true,"href":"https:\/\/researchchemicalhub.com\/de\/wp-json\/wp\/v2\/product_tag?post=24443"}],"curies":[{"name":"wp","href":"https:\/\/api.w.org\/{rel}","templated":true}]}}