{"id":24433,"date":"2025-10-20T17:41:44","date_gmt":"2025-10-20T17:41:44","guid":{"rendered":"https:\/\/researchchemicalhub.com\/?post_type=product&#038;p=24433"},"modified":"2025-10-29T08:21:41","modified_gmt":"2025-10-29T08:21:41","slug":"gm-fluor","status":"publish","type":"product","link":"https:\/\/researchchemicalhub.com\/de\/shop\/b2b\/gm-fluor\/","title":{"rendered":"GM Fluor"},"content":{"rendered":"<h3 data-start=\"4199\" data-end=\"4220\"><strong data-start=\"4203\" data-end=\"4218\"><span dir=\"auto\" style=\"vertical-align: inherit;\"><span dir=\"auto\" style=\"vertical-align: inherit;\">Einf\u00fchrung<\/span><\/span><\/strong><\/h3>\n<p data-start=\"4221\" data-end=\"4682\"><strong data-start=\"4221\" data-end=\"4233\"><span dir=\"auto\" style=\"vertical-align: inherit;\"><span dir=\"auto\" style=\"vertical-align: inherit;\">GM Fluor<\/span><\/span><\/strong><span dir=\"auto\" style=\"vertical-align: inherit;\"><span dir=\"auto\" style=\"vertical-align: inherit;\"> ist ein <\/span><\/span><strong data-start=\"4241\" data-end=\"4295\"><span dir=\"auto\" style=\"vertical-align: inherit;\"><span dir=\"auto\" style=\"vertical-align: inherit;\">hochreine Mischung fluorierter Forschungssubstanzen<\/span><\/span><\/strong><span dir=\"auto\" style=\"vertical-align: inherit;\"><span dir=\"auto\" style=\"vertical-align: inherit;\"> , speziell entwickelt f\u00fcr <\/span><\/span><strong data-start=\"4322\" data-end=\"4382\"><span dir=\"auto\" style=\"vertical-align: inherit;\"><span dir=\"auto\" style=\"vertical-align: inherit;\">analytische, forensische und chemische Laborforschung<\/span><\/span><\/strong><span dir=\"auto\" style=\"vertical-align: inherit;\"><span dir=\"auto\" style=\"vertical-align: inherit;\"> . GM Fluor <\/span><\/span><br data-start=\"4383\" data-end=\"4386\" \/><span dir=\"auto\" style=\"vertical-align: inherit;\"><span dir=\"auto\" style=\"vertical-align: inherit;\">Die Abk\u00fcrzung <\/span><\/span><strong data-start=\"4399\" data-end=\"4407\"><span dir=\"auto\" style=\"vertical-align: inherit;\"><span dir=\"auto\" style=\"vertical-align: inherit;\">GM<\/span><\/span><\/strong><span dir=\"auto\" style=\"vertical-align: inherit;\"><span dir=\"auto\" style=\"vertical-align: inherit;\"> steht f\u00fcr <\/span><\/span><strong data-start=\"4419\" data-end=\"4434\"><span dir=\"auto\" style=\"vertical-align: inherit;\"><span dir=\"auto\" style=\"vertical-align: inherit;\">Allgemeiner Mix<\/span><\/span><\/strong><span dir=\"auto\" style=\"vertical-align: inherit;\"><span dir=\"auto\" style=\"vertical-align: inherit;\"> , eine Komposition von <\/span><\/span><strong data-start=\"4458\" data-end=\"4483\"><span dir=\"auto\" style=\"vertical-align: inherit;\"><span dir=\"auto\" style=\"vertical-align: inherit;\">fluorierte Analoga<\/span><\/span><\/strong><span dir=\"auto\" style=\"vertical-align: inherit;\"><span dir=\"auto\" style=\"vertical-align: inherit;\"> oder ausgew\u00e4hlten Forschungssubstanzen. Diese Mischung ist ideal f\u00fcr <\/span><\/span><strong data-start=\"4553\" data-end=\"4585\"><span dir=\"auto\" style=\"vertical-align: inherit;\"><span dir=\"auto\" style=\"vertical-align: inherit;\">chromatographische Kalibrierung<\/span><\/span><\/strong><span dir=\"auto\" style=\"vertical-align: inherit;\"><span dir=\"auto\" style=\"vertical-align: inherit;\"> , <\/span><\/span><strong data-start=\"4587\" data-end=\"4636\"><span dir=\"auto\" style=\"vertical-align: inherit;\"><span dir=\"auto\" style=\"vertical-align: inherit;\">Struktur-Wirkungsbeziehungsstudien (SAR),<\/span><\/span><\/strong><span dir=\"auto\" style=\"vertical-align: inherit;\"><span dir=\"auto\" style=\"vertical-align: inherit;\"> Und <\/span><\/span><strong data-start=\"4640\" data-end=\"4679\"><span dir=\"auto\" style=\"vertical-align: inherit;\"><span dir=\"auto\" style=\"vertical-align: inherit;\">spektroskopische Referenzanalysen<\/span><\/span><\/strong><span dir=\"auto\" style=\"vertical-align: inherit;\"><span dir=\"auto\" style=\"vertical-align: inherit;\"> .<\/span><\/span><\/p>\n<p data-start=\"4684\" data-end=\"4962\"><span dir=\"auto\" style=\"vertical-align: inherit;\"><span dir=\"auto\" style=\"vertical-align: inherit;\">Jede Charge wird hergestellt unter <\/span><\/span><strong data-start=\"4720\" data-end=\"4753\"><span dir=\"auto\" style=\"vertical-align: inherit;\"><span dir=\"auto\" style=\"vertical-align: inherit;\">strenge Laborbedingungen<\/span><\/span><\/strong><span dir=\"auto\" style=\"vertical-align: inherit;\"><span dir=\"auto\" style=\"vertical-align: inherit;\"> und getestet von <\/span><\/span><strong data-start=\"4768\" data-end=\"4785\"><span dir=\"auto\" style=\"vertical-align: inherit;\"><span dir=\"auto\" style=\"vertical-align: inherit;\">HPLC und GC\/MS<\/span><\/span><\/strong><span dir=\"auto\" style=\"vertical-align: inherit;\"><span dir=\"auto\" style=\"vertical-align: inherit;\"> um sicherzustellen <\/span><\/span><strong data-start=\"4808\" data-end=\"4817\"><span dir=\"auto\" style=\"vertical-align: inherit;\"><span dir=\"auto\" style=\"vertical-align: inherit;\">\u2265 98%<\/span><\/span><\/strong><span dir=\"auto\" style=\"vertical-align: inherit;\"><span dir=\"auto\" style=\"vertical-align: inherit;\"> Reinheit. <\/span><\/span><br data-start=\"4832\" data-end=\"4835\" \/><span dir=\"auto\" style=\"vertical-align: inherit;\"><span dir=\"auto\" style=\"vertical-align: inherit;\">Der Stoff wird in einer Form geliefert <\/span><\/span><strong data-start=\"4865\" data-end=\"4915\"><span dir=\"auto\" style=\"vertical-align: inherit;\"><span dir=\"auto\" style=\"vertical-align: inherit;\">feuchtigkeitsbest\u00e4ndiger, wiederverschlie\u00dfbarer Laborbeutel<\/span><\/span><\/strong><span dir=\"auto\" style=\"vertical-align: inherit;\"><span dir=\"auto\" style=\"vertical-align: inherit;\"> f\u00fcr sichere Lagerung und genaue Dosierung.<\/span><\/span><\/p>\n<blockquote data-start=\"4964\" data-end=\"5107\">\n<p data-start=\"4966\" data-end=\"5107\">\u26a0\ufe0f <strong data-start=\"4969\" data-end=\"4980\"><span dir=\"auto\" style=\"vertical-align: inherit;\"><span dir=\"auto\" style=\"vertical-align: inherit;\">Bitte beachten Sie:<\/span><\/span><\/strong><span dir=\"auto\" style=\"vertical-align: inherit;\"><span dir=\"auto\" style=\"vertical-align: inherit;\"> GM Fluor steht f\u00fcr <\/span><\/span><strong data-start=\"5018\" data-end=\"5053\"><span dir=\"auto\" style=\"vertical-align: inherit;\"><span dir=\"auto\" style=\"vertical-align: inherit;\">Forschungs- und Analysenutzung<\/span><\/span><\/strong><span dir=\"auto\" style=\"vertical-align: inherit;\"><span dir=\"auto\" style=\"vertical-align: inherit;\"> nur - <\/span><\/span><strong data-start=\"5056\" data-end=\"5104\"><span dir=\"auto\" style=\"vertical-align: inherit;\"><span dir=\"auto\" style=\"vertical-align: inherit;\">Nicht zum Verzehr durch Mensch oder Tier geeignet<\/span><\/span><\/strong><span dir=\"auto\" style=\"vertical-align: inherit;\"><span dir=\"auto\" style=\"vertical-align: inherit;\"> .<\/span><\/span><\/p>\n<\/blockquote>\n<hr data-start=\"5109\" data-end=\"5112\" \/>\n<h3 data-start=\"5114\" data-end=\"5145\"><strong data-start=\"5118\" data-end=\"5145\"><span dir=\"auto\" style=\"vertical-align: inherit;\"><span dir=\"auto\" style=\"vertical-align: inherit;\">Hauptmerkmale<\/span><\/span><\/strong><\/h3>\n<div class=\"_tableContainer_1rjym_1\">\n<div class=\"group _tableWrapper_1rjym_13 flex w-fit flex-col-reverse\" tabindex=\"-1\">\n<table class=\"w-fit min-w-(--thread-content-width)\" data-start=\"5147\" data-end=\"5743\">\n<thead data-start=\"5147\" data-end=\"5173\">\n<tr data-start=\"5147\" data-end=\"5173\">\n<th data-start=\"5147\" data-end=\"5157\" data-col-size=\"sm\"><span dir=\"auto\" style=\"vertical-align: inherit;\"><span dir=\"auto\" style=\"vertical-align: inherit;\">Besonderheit<\/span><\/span><\/th>\n<th data-start=\"5157\" data-end=\"5173\" data-col-size=\"md\"><span dir=\"auto\" style=\"vertical-align: inherit;\"><span dir=\"auto\" style=\"vertical-align: inherit;\">Beschreibung<\/span><\/span><\/th>\n<\/tr>\n<\/thead>\n<tbody data-start=\"5202\" data-end=\"5743\">\n<tr data-start=\"5202\" data-end=\"5232\">\n<td data-start=\"5202\" data-end=\"5220\" data-col-size=\"sm\"><strong data-start=\"5204\" data-end=\"5219\"><span dir=\"auto\" style=\"vertical-align: inherit;\"><span dir=\"auto\" style=\"vertical-align: inherit;\">Produktname<\/span><\/span><\/strong><\/td>\n<td data-start=\"5220\" data-end=\"5232\" data-col-size=\"md\"><span dir=\"auto\" style=\"vertical-align: inherit;\"><span dir=\"auto\" style=\"vertical-align: inherit;\">GM Fluor<\/span><\/span><\/td>\n<\/tr>\n<tr data-start=\"5233\" data-end=\"5318\">\n<td data-start=\"5233\" data-end=\"5263\" data-col-size=\"sm\"><strong data-start=\"5235\" data-end=\"5262\"><span dir=\"auto\" style=\"vertical-align: inherit;\"><span dir=\"auto\" style=\"vertical-align: inherit;\">Chemische Zusammensetzung<\/span><\/span><\/strong><\/td>\n<td data-start=\"5263\" data-end=\"5318\" data-col-size=\"md\"><span dir=\"auto\" style=\"vertical-align: inherit;\"><span dir=\"auto\" style=\"vertical-align: inherit;\">Propriet\u00e4re Mischung aus fluorierten Forschungschemikalien<\/span><\/span><\/td>\n<\/tr>\n<tr data-start=\"5319\" data-end=\"5385\">\n<td data-start=\"5319\" data-end=\"5343\" data-col-size=\"sm\"><strong data-start=\"5321\" data-end=\"5342\"><span dir=\"auto\" style=\"vertical-align: inherit;\"><span dir=\"auto\" style=\"vertical-align: inherit;\">Chemische Formel<\/span><\/span><\/strong><\/td>\n<td data-start=\"5343\" data-end=\"5385\" data-col-size=\"md\"><span dir=\"auto\" style=\"vertical-align: inherit;\"><span dir=\"auto\" style=\"vertical-align: inherit;\">Chargenspezifisch (fluorierte Analoga)<\/span><\/span><\/td>\n<\/tr>\n<tr data-start=\"5386\" data-end=\"5439\">\n<td data-start=\"5386\" data-end=\"5403\" data-col-size=\"sm\"><strong data-start=\"5388\" data-end=\"5402\"><span dir=\"auto\" style=\"vertical-align: inherit;\"><span dir=\"auto\" style=\"vertical-align: inherit;\">Reinheit<\/span><\/span><\/strong><\/td>\n<td data-start=\"5403\" data-end=\"5439\" data-col-size=\"md\"><span dir=\"auto\" style=\"vertical-align: inherit;\"><span dir=\"auto\" style=\"vertical-align: inherit;\">\u2265 98% (gepr\u00fcft mittels HPLC und GC\/MS)<\/span><\/span><\/td>\n<\/tr>\n<tr data-start=\"5440\" data-end=\"5478\">\n<td data-start=\"5440\" data-end=\"5451\" data-col-size=\"sm\"><strong data-start=\"5442\" data-end=\"5450\"><span dir=\"auto\" style=\"vertical-align: inherit;\"><span dir=\"auto\" style=\"vertical-align: inherit;\">Bilden<\/span><\/span><\/strong><\/td>\n<td data-start=\"5451\" data-end=\"5478\" data-col-size=\"md\"><span dir=\"auto\" style=\"vertical-align: inherit;\"><span dir=\"auto\" style=\"vertical-align: inherit;\">Feines kristallines Pulver<\/span><\/span><\/td>\n<\/tr>\n<tr data-start=\"5479\" data-end=\"5522\">\n<td data-start=\"5479\" data-end=\"5497\" data-col-size=\"sm\"><strong data-start=\"5481\" data-end=\"5496\"><span dir=\"auto\" style=\"vertical-align: inherit;\"><span dir=\"auto\" style=\"vertical-align: inherit;\">Menge<\/span><\/span><\/strong><\/td>\n<td data-start=\"5497\" data-end=\"5522\" data-col-size=\"md\"><span dir=\"auto\" style=\"vertical-align: inherit;\"><span dir=\"auto\" style=\"vertical-align: inherit;\">1 Gramm (1 g) pro Beutel<\/span><\/span><\/td>\n<\/tr>\n<tr data-start=\"5523\" data-end=\"5596\">\n<td data-start=\"5523\" data-end=\"5546\" data-col-size=\"sm\"><strong data-start=\"5525\" data-end=\"5545\"><span dir=\"auto\" style=\"vertical-align: inherit;\"><span dir=\"auto\" style=\"vertical-align: inherit;\">Chemische Klasse<\/span><\/span><\/strong><\/td>\n<td data-start=\"5546\" data-end=\"5596\" data-col-size=\"md\"><span dir=\"auto\" style=\"vertical-align: inherit;\"><span dir=\"auto\" style=\"vertical-align: inherit;\">Fluorierte Phenethylamin\/Cathinon-Analoga<\/span><\/span><\/td>\n<\/tr>\n<tr data-start=\"5597\" data-end=\"5671\">\n<td data-start=\"5597\" data-end=\"5611\" data-col-size=\"sm\"><strong data-start=\"5599\" data-end=\"5610\"><span dir=\"auto\" style=\"vertical-align: inherit;\"><span dir=\"auto\" style=\"vertical-align: inherit;\">Verwendung<\/span><\/span><\/strong><\/td>\n<td data-start=\"5611\" data-end=\"5671\" data-col-size=\"md\"><span dir=\"auto\" style=\"vertical-align: inherit;\"><span dir=\"auto\" style=\"vertical-align: inherit;\">Nur f\u00fcr analytische, forensische und chemische Forschungszwecke<\/span><\/span><\/td>\n<\/tr>\n<tr data-start=\"5672\" data-end=\"5743\">\n<td data-start=\"5672\" data-end=\"5689\" data-col-size=\"sm\"><strong data-start=\"5674\" data-end=\"5688\"><span dir=\"auto\" style=\"vertical-align: inherit;\"><span dir=\"auto\" style=\"vertical-align: inherit;\">Verpackung<\/span><\/span><\/strong><\/td>\n<td data-start=\"5689\" data-end=\"5743\" data-col-size=\"md\"><span dir=\"auto\" style=\"vertical-align: inherit;\"><span dir=\"auto\" style=\"vertical-align: inherit;\">Wiederverschlie\u00dfbarer, antistatischer und feuchtigkeitsbest\u00e4ndiger Beutel<\/span><\/span><\/td>\n<\/tr>\n<\/tbody>\n<\/table>\n<\/div>\n<\/div>\n<hr data-start=\"5745\" data-end=\"5748\" \/>\n<h3 data-start=\"5750\" data-end=\"5767\"><strong data-start=\"5754\" data-end=\"5767\"><span dir=\"auto\" style=\"vertical-align: inherit;\"><span dir=\"auto\" style=\"vertical-align: inherit;\">Vorteile<\/span><\/span><\/strong><\/h3>\n<ul data-start=\"5769\" data-end=\"6182\">\n<li data-start=\"5769\" data-end=\"5861\">\n<p data-start=\"5771\" data-end=\"5861\"><strong data-start=\"5771\" data-end=\"5790\"><span dir=\"auto\" style=\"vertical-align: inherit;\"><span dir=\"auto\" style=\"vertical-align: inherit;\">Hohe Reinheit<\/span><\/span><\/strong><span dir=\"auto\" style=\"vertical-align: inherit;\"><span dir=\"auto\" style=\"vertical-align: inherit;\"> \u2013 \u2265 98% Laborqualit\u00e4t f\u00fcr zuverl\u00e4ssige Forschungsergebnisse.<\/span><\/span><\/p>\n<\/li>\n<li data-start=\"5862\" data-end=\"5955\">\n<p data-start=\"5864\" data-end=\"5955\"><strong data-start=\"5864\" data-end=\"5894\"><span dir=\"auto\" style=\"vertical-align: inherit;\"><span dir=\"auto\" style=\"vertical-align: inherit;\">Fortschrittliche Formel<\/span><\/span><\/strong><span dir=\"auto\" style=\"vertical-align: inherit;\"><span dir=\"auto\" style=\"vertical-align: inherit;\"> \u2013 Enth\u00e4lt fluorierte Analoga f\u00fcr vergleichende Forschungszwecke.<\/span><\/span><\/p>\n<\/li>\n<li data-start=\"5956\" data-end=\"6039\">\n<p data-start=\"5958\" data-end=\"6039\"><strong data-start=\"5958\" data-end=\"5988\"><span dir=\"auto\" style=\"vertical-align: inherit;\"><span dir=\"auto\" style=\"vertical-align: inherit;\">Breite Anwendbarkeit in der Forschung<\/span><\/span><\/strong><span dir=\"auto\" style=\"vertical-align: inherit;\"><span dir=\"auto\" style=\"vertical-align: inherit;\"> \u2013 Geeignet f\u00fcr GC\/MS, LC-MS, FTIR, NMR und HPLC.<\/span><\/span><\/p>\n<\/li>\n<li data-start=\"6040\" data-end=\"6097\">\n<p data-start=\"6042\" data-end=\"6097\"><strong data-start=\"6042\" data-end=\"6065\"><span dir=\"auto\" style=\"vertical-align: inherit;\"><span dir=\"auto\" style=\"vertical-align: inherit;\">Stabile Verpackung<\/span><\/span><\/strong><span dir=\"auto\" style=\"vertical-align: inherit;\"><span dir=\"auto\" style=\"vertical-align: inherit;\"> \u2013 Sch\u00fctzt vor Feuchtigkeit und Oxidation.<\/span><\/span><\/p>\n<\/li>\n<li data-start=\"6098\" data-end=\"6182\">\n<p data-start=\"6100\" data-end=\"6182\"><strong data-start=\"6100\" data-end=\"6124\"><span dir=\"auto\" style=\"vertical-align: inherit;\"><span dir=\"auto\" style=\"vertical-align: inherit;\">Vollst\u00e4ndig r\u00fcckverfolgbar<\/span><\/span><\/strong><span dir=\"auto\" style=\"vertical-align: inherit;\"><span dir=\"auto\" style=\"vertical-align: inherit;\"> \u2013 Jede Charge verf\u00fcgt \u00fcber Reinheits- und Analysezertifikate.<\/span><\/span><\/p>\n<\/li>\n<\/ul>\n<hr data-start=\"6184\" data-end=\"6187\" \/>\n<h3 data-start=\"6189\" data-end=\"6241\"><strong data-start=\"6193\" data-end=\"6239\"><span dir=\"auto\" style=\"vertical-align: inherit;\"><span dir=\"auto\" style=\"vertical-align: inherit;\">Nutzung (Nur f\u00fcr Forschungszwecke)<\/span><\/span><\/strong><\/h3>\n<ol data-start=\"6243\" data-end=\"6610\">\n<li data-start=\"6243\" data-end=\"6354\">\n<p data-start=\"6246\" data-end=\"6354\"><strong data-start=\"6246\" data-end=\"6261\"><span dir=\"auto\" style=\"vertical-align: inherit;\"><span dir=\"auto\" style=\"vertical-align: inherit;\">Handhabung:<\/span><\/span><\/strong><span dir=\"auto\" style=\"vertical-align: inherit;\"><span dir=\"auto\" style=\"vertical-align: inherit;\"> Tragen Sie Handschuhe, Schutzbrille und Laborkittel; arbeiten Sie unter kontrollierten Bedingungen.<\/span><\/span><\/p>\n<\/li>\n<li data-start=\"6355\" data-end=\"6416\">\n<p data-start=\"6358\" data-end=\"6416\"><strong data-start=\"6358\" data-end=\"6371\"><span dir=\"auto\" style=\"vertical-align: inherit;\"><span dir=\"auto\" style=\"vertical-align: inherit;\">Ma\u00dfe:<\/span><\/span><\/strong><span dir=\"auto\" style=\"vertical-align: inherit;\"><span dir=\"auto\" style=\"vertical-align: inherit;\"> Verwenden Sie geeichte Waagen und Ger\u00e4te.<\/span><\/span><\/p>\n<\/li>\n<li data-start=\"6417\" data-end=\"6471\">\n<p data-start=\"6420\" data-end=\"6471\"><strong data-start=\"6420\" data-end=\"6431\"><span dir=\"auto\" style=\"vertical-align: inherit;\"><span dir=\"auto\" style=\"vertical-align: inherit;\">Lagerung:<\/span><\/span><\/strong><span dir=\"auto\" style=\"vertical-align: inherit;\"><span dir=\"auto\" style=\"vertical-align: inherit;\"> K\u00fchl (2\u20138 \u00b0C), trocken und dunkel lagern.<\/span><\/span><\/p>\n<\/li>\n<li data-start=\"6472\" data-end=\"6549\">\n<p data-start=\"6475\" data-end=\"6549\"><strong data-start=\"6475\" data-end=\"6487\"><span dir=\"auto\" style=\"vertical-align: inherit;\"><span dir=\"auto\" style=\"vertical-align: inherit;\">Analyse:<\/span><\/span><\/strong><span dir=\"auto\" style=\"vertical-align: inherit;\"><span dir=\"auto\" style=\"vertical-align: inherit;\"> Geeignet f\u00fcr Chromatographie, Spektroskopie und SAR-Studien. GM Fluor<\/span><\/span><\/p>\n<\/li>\n<li data-start=\"6550\" data-end=\"6610\">\n<p data-start=\"6553\" data-end=\"6610\"><strong data-start=\"6553\" data-end=\"6570\"><span dir=\"auto\" style=\"vertical-align: inherit;\"><span dir=\"auto\" style=\"vertical-align: inherit;\">Dokumentation:<\/span><\/span><\/strong><span dir=\"auto\" style=\"vertical-align: inherit;\"><span dir=\"auto\" style=\"vertical-align: inherit;\"> Chargennummer und Analysemethode dokumentieren.<\/span><\/span><\/p>\n<\/li>\n<\/ol>\n<hr data-start=\"6612\" data-end=\"6615\" \/>\n<h3 data-start=\"6617\" data-end=\"6652\"><strong data-start=\"6621\" data-end=\"6650\"><span dir=\"auto\" style=\"vertical-align: inherit;\"><span dir=\"auto\" style=\"vertical-align: inherit;\">H\u00e4ufig gestellte Fragen (FAQ)<\/span><\/span><\/strong><\/h3>\n<p data-start=\"6654\" data-end=\"6804\"><strong data-start=\"6654\" data-end=\"6677\"><span dir=\"auto\" style=\"vertical-align: inherit;\"><span dir=\"auto\" style=\"vertical-align: inherit;\">1. Was ist GM Fluor? <\/span><\/span><\/strong><br data-start=\"6677\" data-end=\"6680\" \/><strong data-start=\"6680\" data-end=\"6692\"><span dir=\"auto\" style=\"vertical-align: inherit;\"><span dir=\"auto\" style=\"vertical-align: inherit;\">GM Fluor<\/span><\/span><\/strong><span dir=\"auto\" style=\"vertical-align: inherit;\"><span dir=\"auto\" style=\"vertical-align: inherit;\"> ist ein <\/span><\/span><strong data-start=\"6700\" data-end=\"6742\"><span dir=\"auto\" style=\"vertical-align: inherit;\"><span dir=\"auto\" style=\"vertical-align: inherit;\">Mischung aus fluorierten Forschungschemikalien<\/span><\/span><\/strong><span dir=\"auto\" style=\"vertical-align: inherit;\"><span dir=\"auto\" style=\"vertical-align: inherit;\"> Wird in der analytischen und forensischen Forschung eingesetzt.<\/span><\/span><\/p>\n<p data-start=\"6806\" data-end=\"6939\"><strong data-start=\"6806\" data-end=\"6846\"><span dir=\"auto\" style=\"vertical-align: inherit;\"><span dir=\"auto\" style=\"vertical-align: inherit;\">2. Was ist im GM Fluor-Beutel enthalten?<\/span><\/span><\/strong><br data-start=\"6846\" data-end=\"6849\" \/><span dir=\"auto\" style=\"vertical-align: inherit;\"><span dir=\"auto\" style=\"vertical-align: inherit;\"> Der Beutel enth\u00e4lt <\/span><\/span><strong data-start=\"6865\" data-end=\"6922\"><span dir=\"auto\" style=\"vertical-align: inherit;\"><span dir=\"auto\" style=\"vertical-align: inherit;\">1 Gramm fluorierte Forschungssubstanz (\u2265 98% Reinheit)<\/span><\/span><\/strong><span dir=\"auto\" style=\"vertical-align: inherit;\"><span dir=\"auto\" style=\"vertical-align: inherit;\"> in Pulverform.<\/span><\/span><\/p>\n<p data-start=\"6941\" data-end=\"7129\"><strong data-start=\"6941\" data-end=\"6983\"><span dir=\"auto\" style=\"vertical-align: inherit;\"><span dir=\"auto\" style=\"vertical-align: inherit;\">3. Ist der Kauf von gentechnisch ver\u00e4ndertem Fluor legal?<\/span><\/span><\/strong><br data-start=\"6983\" data-end=\"6986\" \/><span dir=\"auto\" style=\"vertical-align: inherit;\"><span dir=\"auto\" style=\"vertical-align: inherit;\"> Der <\/span><\/span><strong data-start=\"6989\" data-end=\"7016\"><span dir=\"auto\" style=\"vertical-align: inherit;\"><span dir=\"auto\" style=\"vertical-align: inherit;\">Rechtm\u00e4\u00dfigkeit von gentechnisch ver\u00e4ndertem Fluor<\/span><\/span><\/strong><span dir=\"auto\" style=\"vertical-align: inherit;\"><span dir=\"auto\" style=\"vertical-align: inherit;\"> Das h\u00e4ngt von der Zusammensetzung und dem jeweiligen Land ab. Pr\u00fcfen Sie daher immer die \u00f6rtlichen Bestimmungen. <\/span><\/span><strong data-start=\"7108\" data-end=\"7126\"><span dir=\"auto\" style=\"vertical-align: inherit;\"><span dir=\"auto\" style=\"vertical-align: inherit;\">Kauf von GM Fluor<\/span><\/span><\/strong><span dir=\"auto\" style=\"vertical-align: inherit;\"><span dir=\"auto\" style=\"vertical-align: inherit;\"> .<\/span><\/span><\/p>\n<div class=\"markdown-table-wrapper\"><\/div>","protected":false},"excerpt":{"rendered":"<h2><span dir=\"auto\" style=\"vertical-align: inherit;\"><span dir=\"auto\" style=\"vertical-align: inherit;\"><span dir=\"auto\" style=\"vertical-align: inherit;\"><span dir=\"auto\" style=\"vertical-align: inherit;\">GM Fluor<\/span><\/span><\/span><\/span><\/h2>\n<ul>\n<li><strong><span dir=\"auto\" style=\"vertical-align: inherit;\"><span dir=\"auto\" style=\"vertical-align: inherit;\"><span dir=\"auto\" style=\"vertical-align: inherit;\"><span dir=\"auto\" style=\"vertical-align: inherit;\">Preise zzgl. 21% MwSt.<\/span><\/span><\/span><\/span><\/strong><\/li>\n<\/ul>","protected":false},"featured_media":28536,"comment_status":"closed","ping_status":"closed","template":"","meta":[],"product_brand":[82],"product_cat":[555],"product_tag":[835,832,831,830,829,834,326,833],"class_list":{"0":"post-24433","1":"product","2":"type-product","3":"status-publish","4":"has-post-thumbnail","6":"product_brand-research-chemical","7":"product_cat-b2b","8":"product_tag-designer-drugs-nederland","9":"product_tag-fluor-amfetaminen","10":"product_tag-fluorinated-cathinones","11":"product_tag-gamma-fluor-drug","12":"product_tag-gm-fluor","13":"product_tag-nieuwe-psychoactieve-stof","14":"product_tag-nl","15":"product_tag-onbekende-research-chemical","17":"first","18":"instock","19":"taxable","20":"shipping-taxable","21":"purchasable","22":"product-type-variable"},"_links":{"self":[{"href":"https:\/\/researchchemicalhub.com\/de\/wp-json\/wp\/v2\/product\/24433","targetHints":{"allow":["GET"]}}],"collection":[{"href":"https:\/\/researchchemicalhub.com\/de\/wp-json\/wp\/v2\/product"}],"about":[{"href":"https:\/\/researchchemicalhub.com\/de\/wp-json\/wp\/v2\/types\/product"}],"replies":[{"embeddable":true,"href":"https:\/\/researchchemicalhub.com\/de\/wp-json\/wp\/v2\/comments?post=24433"}],"version-history":[{"count":7,"href":"https:\/\/researchchemicalhub.com\/de\/wp-json\/wp\/v2\/product\/24433\/revisions"}],"predecessor-version":[{"id":28671,"href":"https:\/\/researchchemicalhub.com\/de\/wp-json\/wp\/v2\/product\/24433\/revisions\/28671"}],"wp:featuredmedia":[{"embeddable":true,"href":"https:\/\/researchchemicalhub.com\/de\/wp-json\/wp\/v2\/media\/28536"}],"wp:attachment":[{"href":"https:\/\/researchchemicalhub.com\/de\/wp-json\/wp\/v2\/media?parent=24433"}],"wp:term":[{"taxonomy":"product_brand","embeddable":true,"href":"https:\/\/researchchemicalhub.com\/de\/wp-json\/wp\/v2\/product_brand?post=24433"},{"taxonomy":"product_cat","embeddable":true,"href":"https:\/\/researchchemicalhub.com\/de\/wp-json\/wp\/v2\/product_cat?post=24433"},{"taxonomy":"product_tag","embeddable":true,"href":"https:\/\/researchchemicalhub.com\/de\/wp-json\/wp\/v2\/product_tag?post=24433"}],"curies":[{"name":"wp","href":"https:\/\/api.w.org\/{rel}","templated":true}]}}