{"id":24344,"date":"2025-04-13T17:41:31","date_gmt":"2025-04-13T17:41:31","guid":{"rendered":"https:\/\/researchchemicalhub.com\/?post_type=product&#038;p=24344"},"modified":"2025-10-29T08:42:33","modified_gmt":"2025-10-29T08:42:33","slug":"2-fa-2-fluoroamfetamine","status":"publish","type":"product","link":"https:\/\/researchchemicalhub.com\/de\/shop\/2-fa\/2-fa-2-fluoroamfetamine\/","title":{"rendered":"2-FA (2-Fluoramphetamin)"},"content":{"rendered":"<h3 data-start=\"4212\" data-end=\"4233\"><strong data-start=\"4216\" data-end=\"4231\"><span dir=\"auto\" style=\"vertical-align: inherit;\"><span dir=\"auto\" style=\"vertical-align: inherit;\">Einf\u00fchrung<\/span><\/span><\/strong><\/h3>\n<p data-start=\"4234\" data-end=\"4470\"><strong data-start=\"4234\" data-end=\"4262\"><span dir=\"auto\" style=\"vertical-align: inherit;\"><span dir=\"auto\" style=\"vertical-align: inherit;\">2-FA (2-Fluoramphetamin)<\/span><\/span><\/strong><span dir=\"auto\" style=\"vertical-align: inherit;\"><span dir=\"auto\" style=\"vertical-align: inherit;\"> ist ein <\/span><\/span><strong data-start=\"4270\" data-end=\"4307\"><span dir=\"auto\" style=\"vertical-align: inherit;\"><span dir=\"auto\" style=\"vertical-align: inherit;\">fluorierte Amphetaminverbindung<\/span><\/span><\/strong><span dir=\"auto\" style=\"vertical-align: inherit;\"><span dir=\"auto\" style=\"vertical-align: inherit;\"> der <\/span><\/span><strong data-start=\"4315\" data-end=\"4338\"><span dir=\"auto\" style=\"vertical-align: inherit;\"><span dir=\"auto\" style=\"vertical-align: inherit;\">Phenethylamin-Klasse<\/span><\/span><\/strong><span dir=\"auto\" style=\"vertical-align: inherit;\"><span dir=\"auto\" style=\"vertical-align: inherit;\"> Strukturell gesehen ist es das <\/span><\/span><strong data-start=\"4369\" data-end=\"4406\"><span dir=\"auto\" style=\"vertical-align: inherit;\"><span dir=\"auto\" style=\"vertical-align: inherit;\">Ortho-Fluor-Analogon oder Amphetamin<\/span><\/span><\/strong><span dir=\"auto\" style=\"vertical-align: inherit;\"><span dir=\"auto\" style=\"vertical-align: inherit;\"> , wobei ein Wasserstoffatom durch ein Fluoratom ersetzt wird. 2-FA<\/span><\/span><\/p>\n<p data-start=\"4472\" data-end=\"4745\"><span dir=\"auto\" style=\"vertical-align: inherit;\"><span dir=\"auto\" style=\"vertical-align: inherit;\">In <\/span><\/span><strong data-start=\"4479\" data-end=\"4520\"><span dir=\"auto\" style=\"vertical-align: inherit;\"><span dir=\"auto\" style=\"vertical-align: inherit;\">analytische und neurochemische Forschung,<\/span><\/span><\/strong><span dir=\"auto\" style=\"vertical-align: inherit;\"><span dir=\"auto\" style=\"vertical-align: inherit;\"> Die Zwei-Faktor-Authentifizierung wird verwendet, um <\/span><span dir=\"auto\" style=\"vertical-align: inherit;\">Studie <\/span><\/span><strong data-start=\"4544\" data-end=\"4578\"><span dir=\"auto\" style=\"vertical-align: inherit;\"><span dir=\"auto\" style=\"vertical-align: inherit;\">Freisetzung und Wiederaufnahme von Monoaminen. Es ist wertvoll f\u00fcr die Forschung \u00fcber <\/span><\/span><\/strong><strong data-start=\"4631\" data-end=\"4674\"><span dir=\"auto\" style=\"vertical-align: inherit;\"><span dir=\"auto\" style=\"vertical-align: inherit;\">Dopamin- und Noradrenalin-Transporter<\/span><\/span><\/strong><span dir=\"auto\" style=\"vertical-align: inherit;\"><span dir=\"auto\" style=\"vertical-align: inherit;\"> , <\/span><\/span><strong data-start=\"4676\" data-end=\"4695\"><span dir=\"auto\" style=\"vertical-align: inherit;\"><span dir=\"auto\" style=\"vertical-align: inherit;\">Rezeptorbindung<\/span><\/span><\/strong><span dir=\"auto\" style=\"vertical-align: inherit;\"><span dir=\"auto\" style=\"vertical-align: inherit;\"> , Und <\/span><\/span><strong data-start=\"4700\" data-end=\"4742\"><span dir=\"auto\" style=\"vertical-align: inherit;\"><span dir=\"auto\" style=\"vertical-align: inherit;\">Struktur-Wirkungs-Beziehungen (SAR)<\/span><\/span><\/strong><span dir=\"auto\" style=\"vertical-align: inherit;\"><span dir=\"auto\" style=\"vertical-align: inherit;\"> .<\/span><\/span><\/p>\n<p data-start=\"4747\" data-end=\"4979\"><span dir=\"auto\" style=\"vertical-align: inherit;\"><span dir=\"auto\" style=\"vertical-align: inherit;\">Jede Charge wird hergestellt unter <\/span><\/span><strong data-start=\"4783\" data-end=\"4823\"><span dir=\"auto\" style=\"vertical-align: inherit;\"><span dir=\"auto\" style=\"vertical-align: inherit;\">kontrollierte Laborbedingungen<\/span><\/span><\/strong><span dir=\"auto\" style=\"vertical-align: inherit;\"><span dir=\"auto\" style=\"vertical-align: inherit;\"> und getestet <\/span><\/span><strong data-start=\"4841\" data-end=\"4865\"><span dir=\"auto\" style=\"vertical-align: inherit;\"><span dir=\"auto\" style=\"vertical-align: inherit;\">\u2265 98% Reinheit<\/span><\/span><\/strong><span dir=\"auto\" style=\"vertical-align: inherit;\"><span dir=\"auto\" style=\"vertical-align: inherit;\"> von <\/span><\/span><strong data-start=\"4870\" data-end=\"4885\"><span dir=\"auto\" style=\"vertical-align: inherit;\"><span dir=\"auto\" style=\"vertical-align: inherit;\">HPLC und NMR<\/span><\/span><\/strong><span dir=\"auto\" style=\"vertical-align: inherit;\"><span dir=\"auto\" style=\"vertical-align: inherit;\"> 2-FA wird geliefert in <\/span><\/span><strong data-start=\"4910\" data-end=\"4950\"><span dir=\"auto\" style=\"vertical-align: inherit;\"><span dir=\"auto\" style=\"vertical-align: inherit;\">kristalline Hydrochlorid (HCl)-Form<\/span><\/span><\/strong><span dir=\"auto\" style=\"vertical-align: inherit;\"><span dir=\"auto\" style=\"vertical-align: inherit;\"> f\u00fcr maximale Stabilit\u00e4t.<\/span><\/span><\/p>\n<blockquote data-start=\"4981\" data-end=\"5127\">\n<p data-start=\"4983\" data-end=\"5127\">\u26a0\ufe0f <strong data-start=\"4986\" data-end=\"4997\"><span dir=\"auto\" style=\"vertical-align: inherit;\"><span dir=\"auto\" style=\"vertical-align: inherit;\">Bitte beachten Sie:<\/span><\/span><\/strong><span dir=\"auto\" style=\"vertical-align: inherit;\"><span dir=\"auto\" style=\"vertical-align: inherit;\"> Dieses Produkt ist bestimmt f\u00fcr <\/span><\/span><strong data-start=\"5038\" data-end=\"5073\"><span dir=\"auto\" style=\"vertical-align: inherit;\"><span dir=\"auto\" style=\"vertical-align: inherit;\">Forschungs- und Analysenutzung<\/span><\/span><\/strong><span dir=\"auto\" style=\"vertical-align: inherit;\"><span dir=\"auto\" style=\"vertical-align: inherit;\"> nur - <\/span><\/span><strong data-start=\"5076\" data-end=\"5124\"><span dir=\"auto\" style=\"vertical-align: inherit;\"><span dir=\"auto\" style=\"vertical-align: inherit;\">Nicht zum Verzehr durch Mensch oder Tier geeignet<\/span><\/span><\/strong><span dir=\"auto\" style=\"vertical-align: inherit;\"><span dir=\"auto\" style=\"vertical-align: inherit;\"> .<\/span><\/span><\/p>\n<\/blockquote>\n<hr data-start=\"5129\" data-end=\"5132\" \/>\n<h3 data-start=\"5134\" data-end=\"5165\"><strong data-start=\"5138\" data-end=\"5165\"><span dir=\"auto\" style=\"vertical-align: inherit;\"><span dir=\"auto\" style=\"vertical-align: inherit;\">Hauptmerkmale<\/span><\/span><\/strong><\/h3>\n<div class=\"_tableContainer_1rjym_1\">\n<div class=\"group _tableWrapper_1rjym_13 flex w-fit flex-col-reverse\" tabindex=\"-1\">\n<table class=\"w-fit min-w-(--thread-content-width)\" data-start=\"5167\" data-end=\"5761\">\n<thead data-start=\"5167\" data-end=\"5193\">\n<tr data-start=\"5167\" data-end=\"5193\">\n<th data-start=\"5167\" data-end=\"5177\" data-col-size=\"sm\"><span dir=\"auto\" style=\"vertical-align: inherit;\"><span dir=\"auto\" style=\"vertical-align: inherit;\">Besonderheit<\/span><\/span><\/th>\n<th data-start=\"5177\" data-end=\"5193\" data-col-size=\"md\"><span dir=\"auto\" style=\"vertical-align: inherit;\"><span dir=\"auto\" style=\"vertical-align: inherit;\">Beschreibung<\/span><\/span><\/th>\n<\/tr>\n<\/thead>\n<tbody data-start=\"5222\" data-end=\"5761\">\n<tr data-start=\"5222\" data-end=\"5278\">\n<td data-start=\"5222\" data-end=\"5243\" data-col-size=\"sm\"><strong data-start=\"5224\" data-end=\"5242\"><span dir=\"auto\" style=\"vertical-align: inherit;\"><span dir=\"auto\" style=\"vertical-align: inherit;\">Chemischer Name<\/span><\/span><\/strong><\/td>\n<td data-start=\"5243\" data-end=\"5278\" data-col-size=\"md\"><span dir=\"auto\" style=\"vertical-align: inherit;\"><span dir=\"auto\" style=\"vertical-align: inherit;\">2-Fluoramphetaminhydrochlorid<\/span><\/span><\/td>\n<\/tr>\n<tr data-start=\"5279\" data-end=\"5312\">\n<td data-start=\"5279\" data-end=\"5304\" data-col-size=\"sm\"><strong data-start=\"5281\" data-end=\"5303\"><span dir=\"auto\" style=\"vertical-align: inherit;\"><span dir=\"auto\" style=\"vertical-align: inherit;\">Allgemeiner Name<\/span><\/span><\/strong><\/td>\n<td data-start=\"5304\" data-end=\"5312\" data-col-size=\"md\"><span dir=\"auto\" style=\"vertical-align: inherit;\"><span dir=\"auto\" style=\"vertical-align: inherit;\">2-FA<\/span><\/span><\/td>\n<\/tr>\n<tr data-start=\"5313\" data-end=\"5352\">\n<td data-start=\"5313\" data-end=\"5337\" data-col-size=\"sm\"><strong data-start=\"5315\" data-end=\"5336\"><span dir=\"auto\" style=\"vertical-align: inherit;\"><span dir=\"auto\" style=\"vertical-align: inherit;\">Chemische Formel<\/span><\/span><\/strong><\/td>\n<td data-start=\"5337\" data-end=\"5352\" data-col-size=\"md\"><span dir=\"auto\" style=\"vertical-align: inherit;\"><span dir=\"auto\" style=\"vertical-align: inherit;\">C\u2089H\u2081\u2082FN\u00b7HCl<\/span><\/span><\/td>\n<\/tr>\n<tr data-start=\"5353\" data-end=\"5391\">\n<td data-start=\"5353\" data-end=\"5375\" data-col-size=\"sm\"><strong data-start=\"5355\" data-end=\"5374\"><span dir=\"auto\" style=\"vertical-align: inherit;\"><span dir=\"auto\" style=\"vertical-align: inherit;\">Molekulargewicht<\/span><\/span><\/strong><\/td>\n<td data-start=\"5375\" data-end=\"5391\" data-col-size=\"md\"><span dir=\"auto\" style=\"vertical-align: inherit;\"><span dir=\"auto\" style=\"vertical-align: inherit;\">189,65 g\/mol<\/span><\/span><\/td>\n<\/tr>\n<tr data-start=\"5392\" data-end=\"5436\">\n<td data-start=\"5392\" data-end=\"5403\" data-col-size=\"sm\"><strong data-start=\"5394\" data-end=\"5402\"><span dir=\"auto\" style=\"vertical-align: inherit;\"><span dir=\"auto\" style=\"vertical-align: inherit;\">Bilden<\/span><\/span><\/strong><\/td>\n<td data-start=\"5403\" data-end=\"5436\" data-col-size=\"md\"><span dir=\"auto\" style=\"vertical-align: inherit;\"><span dir=\"auto\" style=\"vertical-align: inherit;\">Kristallines Hydrochloridsalz<\/span><\/span><\/td>\n<\/tr>\n<tr data-start=\"5437\" data-end=\"5488\">\n<td data-start=\"5437\" data-end=\"5454\" data-col-size=\"sm\"><strong data-start=\"5439\" data-end=\"5453\"><span dir=\"auto\" style=\"vertical-align: inherit;\"><span dir=\"auto\" style=\"vertical-align: inherit;\">Reinheit<\/span><\/span><\/strong><\/td>\n<td data-start=\"5454\" data-end=\"5488\" data-col-size=\"md\"><span dir=\"auto\" style=\"vertical-align: inherit;\"><span dir=\"auto\" style=\"vertical-align: inherit;\">\u2265 98% (gepr\u00fcft mittels HPLC und NMR)<\/span><\/span><\/td>\n<\/tr>\n<tr data-start=\"5489\" data-end=\"5555\">\n<td data-start=\"5489\" data-end=\"5512\" data-col-size=\"sm\"><strong data-start=\"5491\" data-end=\"5511\"><span dir=\"auto\" style=\"vertical-align: inherit;\"><span dir=\"auto\" style=\"vertical-align: inherit;\">Chemische Klasse<\/span><\/span><\/strong><\/td>\n<td data-start=\"5512\" data-end=\"5555\" data-col-size=\"md\"><span dir=\"auto\" style=\"vertical-align: inherit;\"><span dir=\"auto\" style=\"vertical-align: inherit;\">Fluoramphetamin-\/Phenethylamin-Analogon<\/span><\/span><\/td>\n<\/tr>\n<tr data-start=\"5556\" data-end=\"5635\">\n<td data-start=\"5556\" data-end=\"5570\" data-col-size=\"sm\"><strong data-start=\"5558\" data-end=\"5569\"><span dir=\"auto\" style=\"vertical-align: inherit;\"><span dir=\"auto\" style=\"vertical-align: inherit;\">Verwendung<\/span><\/span><\/strong><\/td>\n<td data-start=\"5570\" data-end=\"5635\" data-col-size=\"md\"><span dir=\"auto\" style=\"vertical-align: inherit;\"><span dir=\"auto\" style=\"vertical-align: inherit;\">Nur f\u00fcr analytische, forensische und neurochemische Forschungszwecke<\/span><\/span><\/td>\n<\/tr>\n<tr data-start=\"5636\" data-end=\"5703\">\n<td data-start=\"5636\" data-end=\"5653\" data-col-size=\"sm\"><strong data-start=\"5638\" data-end=\"5652\"><span dir=\"auto\" style=\"vertical-align: inherit;\"><span dir=\"auto\" style=\"vertical-align: inherit;\">Verpackung<\/span><\/span><\/strong><\/td>\n<td data-start=\"5653\" data-end=\"5703\" data-col-size=\"md\"><span dir=\"auto\" style=\"vertical-align: inherit;\"><span dir=\"auto\" style=\"vertical-align: inherit;\">Wiederverschlie\u00dfbarer, feuchtigkeitsbest\u00e4ndiger Laborbeutel<\/span><\/span><\/td>\n<\/tr>\n<tr data-start=\"5704\" data-end=\"5761\">\n<td data-start=\"5704\" data-end=\"5722\" data-col-size=\"sm\"><strong data-start=\"5706\" data-end=\"5721\"><span dir=\"auto\" style=\"vertical-align: inherit;\"><span dir=\"auto\" style=\"vertical-align: inherit;\">Menge<\/span><\/span><\/strong><\/td>\n<td data-start=\"5722\" data-end=\"5761\" data-col-size=\"md\"><span dir=\"auto\" style=\"vertical-align: inherit;\"><span dir=\"auto\" style=\"vertical-align: inherit;\">1 Gramm pro Beutel (chargenabh\u00e4ngig)<\/span><\/span><\/td>\n<\/tr>\n<\/tbody>\n<\/table>\n<\/div>\n<\/div>\n<hr data-start=\"5763\" data-end=\"5766\" \/>\n<h3 data-start=\"5768\" data-end=\"5785\"><strong data-start=\"5772\" data-end=\"5785\"><span dir=\"auto\" style=\"vertical-align: inherit;\"><span dir=\"auto\" style=\"vertical-align: inherit;\">Vorteile<\/span><\/span><\/strong><\/h3>\n<ul data-start=\"5787\" data-end=\"6194\">\n<li data-start=\"5787\" data-end=\"5879\">\n<p data-start=\"5789\" data-end=\"5879\"><strong data-start=\"5789\" data-end=\"5808\"><span dir=\"auto\" style=\"vertical-align: inherit;\"><span dir=\"auto\" style=\"vertical-align: inherit;\">Hohe Reinheit<\/span><\/span><\/strong><span dir=\"auto\" style=\"vertical-align: inherit;\"><span dir=\"auto\" style=\"vertical-align: inherit;\"> \u2013 \u2265 98% Laborqualit\u00e4t f\u00fcr zuverl\u00e4ssige Forschungsergebnisse.<\/span><\/span><\/p>\n<\/li>\n<li data-start=\"5880\" data-end=\"5958\">\n<p data-start=\"5882\" data-end=\"5958\"><strong data-start=\"5882\" data-end=\"5903\"><span dir=\"auto\" style=\"vertical-align: inherit;\"><span dir=\"auto\" style=\"vertical-align: inherit;\">Stabile Salzform<\/span><\/span><\/strong><span dir=\"auto\" style=\"vertical-align: inherit;\"><span dir=\"auto\" style=\"vertical-align: inherit;\"> \u2013 Die HCl-Form erh\u00f6ht die L\u00f6slichkeit und Stabilit\u00e4t.<\/span><\/span><\/p>\n<\/li>\n<li data-start=\"5959\" data-end=\"6037\">\n<p data-start=\"5961\" data-end=\"6037\"><strong data-start=\"5961\" data-end=\"5991\"><span dir=\"auto\" style=\"vertical-align: inherit;\"><span dir=\"auto\" style=\"vertical-align: inherit;\">Breite Anwendbarkeit in der Forschung<\/span><\/span><\/strong><span dir=\"auto\" style=\"vertical-align: inherit;\"><span dir=\"auto\" style=\"vertical-align: inherit;\"> \u2013 Geeignet f\u00fcr GC\/MS, LC-MS, FTIR und HPLC.<\/span><\/span><\/p>\n<\/li>\n<li data-start=\"6038\" data-end=\"6104\">\n<p data-start=\"6040\" data-end=\"6104\"><strong data-start=\"6040\" data-end=\"6065\"><span dir=\"auto\" style=\"vertical-align: inherit;\"><span dir=\"auto\" style=\"vertical-align: inherit;\">R\u00fcckverfolgbare Produktion<\/span><\/span><\/strong><span dir=\"auto\" style=\"vertical-align: inherit;\"><span dir=\"auto\" style=\"vertical-align: inherit;\"> \u2013 Jede Charge wurde gepr\u00fcft und verifiziert.<\/span><\/span><\/p>\n<\/li>\n<li data-start=\"6105\" data-end=\"6194\">\n<p data-start=\"6107\" data-end=\"6194\"><strong data-start=\"6107\" data-end=\"6146\"><span dir=\"auto\" style=\"vertical-align: inherit;\"><span dir=\"auto\" style=\"vertical-align: inherit;\">Ideal f\u00fcr die neurochemische Forschung<\/span><\/span><\/strong><span dir=\"auto\" style=\"vertical-align: inherit;\"><span dir=\"auto\" style=\"vertical-align: inherit;\"> \u2013 Wertvoll f\u00fcr SAR- und Transporteranalysen.<\/span><\/span><\/p>\n<\/li>\n<\/ul>\n<hr data-start=\"6196\" data-end=\"6199\" \/>\n<h3 data-start=\"6201\" data-end=\"6253\"><strong data-start=\"6205\" data-end=\"6251\"><span dir=\"auto\" style=\"vertical-align: inherit;\"><span dir=\"auto\" style=\"vertical-align: inherit;\">Nutzung (Nur f\u00fcr Forschungszwecke)<\/span><\/span><\/strong><\/h3>\n<ol data-start=\"6255\" data-end=\"6573\">\n<li data-start=\"6255\" data-end=\"6324\">\n<p data-start=\"6258\" data-end=\"6324\"><strong data-start=\"6258\" data-end=\"6273\"><span dir=\"auto\" style=\"vertical-align: inherit;\"><span dir=\"auto\" style=\"vertical-align: inherit;\">Handhabung:<\/span><\/span><\/strong><span dir=\"auto\" style=\"vertical-align: inherit;\"><span dir=\"auto\" style=\"vertical-align: inherit;\"> Tragen Sie Handschuhe, Schutzbrille und Laborkittel.<\/span><\/span><\/p>\n<\/li>\n<li data-start=\"6325\" data-end=\"6384\">\n<p data-start=\"6328\" data-end=\"6384\"><strong data-start=\"6328\" data-end=\"6341\"><span dir=\"auto\" style=\"vertical-align: inherit;\"><span dir=\"auto\" style=\"vertical-align: inherit;\">Ma\u00dfe:<\/span><\/span><\/strong><span dir=\"auto\" style=\"vertical-align: inherit;\"><span dir=\"auto\" style=\"vertical-align: inherit;\"> Verwenden Sie kalibrierte Laborwaagen.<\/span><\/span><\/p>\n<\/li>\n<li data-start=\"6385\" data-end=\"6439\">\n<p data-start=\"6388\" data-end=\"6439\"><strong data-start=\"6388\" data-end=\"6399\"><span dir=\"auto\" style=\"vertical-align: inherit;\"><span dir=\"auto\" style=\"vertical-align: inherit;\">Lagerung:<\/span><\/span><\/strong><span dir=\"auto\" style=\"vertical-align: inherit;\"><span dir=\"auto\" style=\"vertical-align: inherit;\"> K\u00fchl (2\u20138 \u00b0C), trocken und dunkel lagern.<\/span><\/span><\/p>\n<\/li>\n<li data-start=\"6440\" data-end=\"6514\">\n<p data-start=\"6443\" data-end=\"6514\"><strong data-start=\"6443\" data-end=\"6455\"><span dir=\"auto\" style=\"vertical-align: inherit;\"><span dir=\"auto\" style=\"vertical-align: inherit;\">Analyse:<\/span><\/span><\/strong><span dir=\"auto\" style=\"vertical-align: inherit;\"><span dir=\"auto\" style=\"vertical-align: inherit;\"> Geeignet f\u00fcr chromatographische und neurochemische Forschung.<\/span><\/span><\/p>\n<\/li>\n<li data-start=\"6515\" data-end=\"6573\">\n<p data-start=\"6518\" data-end=\"6573\"><strong data-start=\"6518\" data-end=\"6535\"><span dir=\"auto\" style=\"vertical-align: inherit;\"><span dir=\"auto\" style=\"vertical-align: inherit;\">Dokumentation:<\/span><\/span><\/strong><span dir=\"auto\" style=\"vertical-align: inherit;\"><span dir=\"auto\" style=\"vertical-align: inherit;\"> Chargennummer und Testdaten erfassen.<\/span><\/span><\/p>\n<\/li>\n<\/ol>\n<hr data-start=\"6575\" data-end=\"6578\" \/>\n<h3 data-start=\"6580\" data-end=\"6615\"><strong data-start=\"6584\" data-end=\"6613\"><span dir=\"auto\" style=\"vertical-align: inherit;\"><span dir=\"auto\" style=\"vertical-align: inherit;\">H\u00e4ufig gestellte Fragen (FAQ)<\/span><\/span><\/strong><\/h3>\n<p data-start=\"6617\" data-end=\"6775\"><strong data-start=\"6617\" data-end=\"6656\"><span dir=\"auto\" style=\"vertical-align: inherit;\"><span dir=\"auto\" style=\"vertical-align: inherit;\">1. Was ist 2-FA (2-Fluoramphetamin)? <\/span><\/span><\/strong><br data-start=\"6656\" data-end=\"6659\" \/><strong data-start=\"6659\" data-end=\"6667\"><span dir=\"auto\" style=\"vertical-align: inherit;\"><span dir=\"auto\" style=\"vertical-align: inherit;\">2-FA<\/span><\/span><\/strong><span dir=\"auto\" style=\"vertical-align: inherit;\"><span dir=\"auto\" style=\"vertical-align: inherit;\"> ist ein <\/span><\/span><strong data-start=\"6675\" data-end=\"6710\"><span dir=\"auto\" style=\"vertical-align: inherit;\"><span dir=\"auto\" style=\"vertical-align: inherit;\">fluoriertes Amphetamin-Analogon<\/span><\/span><\/strong><span dir=\"auto\" style=\"vertical-align: inherit;\"><span dir=\"auto\" style=\"vertical-align: inherit;\"> Wird in der analytischen und neurochemischen Forschung eingesetzt.<\/span><\/span><\/p>\n<p data-start=\"6777\" data-end=\"6901\"><strong data-start=\"6777\" data-end=\"6814\"><span dir=\"auto\" style=\"vertical-align: inherit;\"><span dir=\"auto\" style=\"vertical-align: inherit;\">2. Wie hoch ist die Reinheit von 2-FA?<\/span><\/span><\/strong><br data-start=\"6814\" data-end=\"6817\" \/><span dir=\"auto\" style=\"vertical-align: inherit;\"><span dir=\"auto\" style=\"vertical-align: inherit;\"> Jede Charge enth\u00e4lt eine <\/span><\/span><strong data-start=\"6838\" data-end=\"6862\"><span dir=\"auto\" style=\"vertical-align: inherit;\"><span dir=\"auto\" style=\"vertical-align: inherit;\">Reinheit von \u2265 98%<\/span><\/span><\/strong><span dir=\"auto\" style=\"vertical-align: inherit;\"><span dir=\"auto\" style=\"vertical-align: inherit;\"> , best\u00e4tigt durch HPLC- und NMR-Analyse.<\/span><\/span><\/p>\n<p data-start=\"6903\" data-end=\"7056\"><strong data-start=\"6903\" data-end=\"6941\"><span dir=\"auto\" style=\"vertical-align: inherit;\"><span dir=\"auto\" style=\"vertical-align: inherit;\">3. Ist der Kauf von 2-FA legal?<\/span><\/span><\/strong><br data-start=\"6941\" data-end=\"6944\" \/><span dir=\"auto\" style=\"vertical-align: inherit;\"><span dir=\"auto\" style=\"vertical-align: inherit;\"> Der <\/span><\/span><strong data-start=\"6947\" data-end=\"6970\"><span dir=\"auto\" style=\"vertical-align: inherit;\"><span dir=\"auto\" style=\"vertical-align: inherit;\">Rechtm\u00e4\u00dfigkeit der Zwei-Faktor-Authentifizierung<\/span><\/span><\/strong><span dir=\"auto\" style=\"vertical-align: inherit;\"><span dir=\"auto\" style=\"vertical-align: inherit;\"> Die Unterschiede variieren je nach Land. Informieren Sie sich daher immer vorab \u00fcber die \u00f6rtlichen Bestimmungen. <\/span><\/span><strong data-start=\"7039\" data-end=\"7053\"><span dir=\"auto\" style=\"vertical-align: inherit;\"><span dir=\"auto\" style=\"vertical-align: inherit;\">Kauf von 2-FA<\/span><\/span><\/strong><span dir=\"auto\" style=\"vertical-align: inherit;\"><span dir=\"auto\" style=\"vertical-align: inherit;\"> .<\/span><\/span><\/p>","protected":false},"excerpt":{"rendered":"<h2><span dir=\"auto\" style=\"vertical-align: inherit;\"><span dir=\"auto\" style=\"vertical-align: inherit;\"><span dir=\"auto\" style=\"vertical-align: inherit;\"><span dir=\"auto\" style=\"vertical-align: inherit;\">2-FA-Eigenschaften<\/span><\/span><\/span><\/span><\/h2>\n<p><strong><span dir=\"auto\" style=\"vertical-align: inherit;\"><span dir=\"auto\" style=\"vertical-align: inherit;\"><span dir=\"auto\" style=\"vertical-align: inherit;\"><span dir=\"auto\" style=\"vertical-align: inherit;\">Synonym<\/span><\/span><\/span><\/span><\/strong><span dir=\"auto\" style=\"vertical-align: inherit;\"><span dir=\"auto\" style=\"vertical-align: inherit;\"><span dir=\"auto\" style=\"vertical-align: inherit;\"><span dir=\"auto\" style=\"vertical-align: inherit;\"> : 2-Fluoramphetamin <\/span><\/span><\/span><\/span><br \/>\n<strong><span dir=\"auto\" style=\"vertical-align: inherit;\"><span dir=\"auto\" style=\"vertical-align: inherit;\"><span dir=\"auto\" style=\"vertical-align: inherit;\"><span dir=\"auto\" style=\"vertical-align: inherit;\">CAS-Nummer<\/span><\/span><\/span><\/span><\/strong><span dir=\"auto\" style=\"vertical-align: inherit;\"><span dir=\"auto\" style=\"vertical-align: inherit;\"><span dir=\"auto\" style=\"vertical-align: inherit;\"><span dir=\"auto\" style=\"vertical-align: inherit;\"> : 1626-69-3 <\/span><\/span><\/span><\/span><br \/>\n<strong><span dir=\"auto\" style=\"vertical-align: inherit;\"><span dir=\"auto\" style=\"vertical-align: inherit;\"><span dir=\"auto\" style=\"vertical-align: inherit;\"><span dir=\"auto\" style=\"vertical-align: inherit;\">Formel<\/span><\/span><\/span><\/span><\/strong><span dir=\"auto\" style=\"vertical-align: inherit;\"><span dir=\"auto\" style=\"vertical-align: inherit;\"><span dir=\"auto\" style=\"vertical-align: inherit;\"><span dir=\"auto\" style=\"vertical-align: inherit;\"> : C9H12FN \u2022 HCL <\/span><\/span><\/span><\/span><br \/>\n<strong><span dir=\"auto\" style=\"vertical-align: inherit;\"><span dir=\"auto\" style=\"vertical-align: inherit;\"><span dir=\"auto\" style=\"vertical-align: inherit;\"><span dir=\"auto\" style=\"vertical-align: inherit;\">Molmasse<\/span><\/span><\/span><\/span><\/strong><span dir=\"auto\" style=\"vertical-align: inherit;\"><span dir=\"auto\" style=\"vertical-align: inherit;\"><span dir=\"auto\" style=\"vertical-align: inherit;\"><span dir=\"auto\" style=\"vertical-align: inherit;\"> : 189,7 g\/mol <\/span><\/span><\/span><\/span><br \/>\n<strong><span dir=\"auto\" style=\"vertical-align: inherit;\"><span dir=\"auto\" style=\"vertical-align: inherit;\"><span dir=\"auto\" style=\"vertical-align: inherit;\"><span dir=\"auto\" style=\"vertical-align: inherit;\">Reinheit<\/span><\/span><\/span><\/span><\/strong><span dir=\"auto\" style=\"vertical-align: inherit;\"><span dir=\"auto\" style=\"vertical-align: inherit;\"><span dir=\"auto\" style=\"vertical-align: inherit;\"><span dir=\"auto\" style=\"vertical-align: inherit;\"> : \u226598%<\/span><\/span><\/span><\/span><\/p>","protected":false},"featured_media":28379,"comment_status":"closed","ping_status":"closed","template":"","meta":[],"product_brand":[82],"product_cat":[470,322,333],"product_tag":[931,932,821,326],"class_list":{"0":"post-24344","1":"product","2":"type-product","3":"status-publish","4":"has-post-thumbnail","6":"product_brand-research-chemical","7":"product_cat-2-fa","8":"product_cat-bijna-verboden","9":"product_cat-gefluoreerden","10":"product_tag-2-fa-kopen","11":"product_tag-2-fa-research-chemical","12":"product_tag-2-fa","13":"product_tag-nl","15":"first","16":"instock","17":"taxable","18":"shipping-taxable","19":"purchasable","20":"product-type-variable"},"_links":{"self":[{"href":"https:\/\/researchchemicalhub.com\/de\/wp-json\/wp\/v2\/product\/24344","targetHints":{"allow":["GET"]}}],"collection":[{"href":"https:\/\/researchchemicalhub.com\/de\/wp-json\/wp\/v2\/product"}],"about":[{"href":"https:\/\/researchchemicalhub.com\/de\/wp-json\/wp\/v2\/types\/product"}],"replies":[{"embeddable":true,"href":"https:\/\/researchchemicalhub.com\/de\/wp-json\/wp\/v2\/comments?post=24344"}],"version-history":[{"count":7,"href":"https:\/\/researchchemicalhub.com\/de\/wp-json\/wp\/v2\/product\/24344\/revisions"}],"predecessor-version":[{"id":28686,"href":"https:\/\/researchchemicalhub.com\/de\/wp-json\/wp\/v2\/product\/24344\/revisions\/28686"}],"wp:featuredmedia":[{"embeddable":true,"href":"https:\/\/researchchemicalhub.com\/de\/wp-json\/wp\/v2\/media\/28379"}],"wp:attachment":[{"href":"https:\/\/researchchemicalhub.com\/de\/wp-json\/wp\/v2\/media?parent=24344"}],"wp:term":[{"taxonomy":"product_brand","embeddable":true,"href":"https:\/\/researchchemicalhub.com\/de\/wp-json\/wp\/v2\/product_brand?post=24344"},{"taxonomy":"product_cat","embeddable":true,"href":"https:\/\/researchchemicalhub.com\/de\/wp-json\/wp\/v2\/product_cat?post=24344"},{"taxonomy":"product_tag","embeddable":true,"href":"https:\/\/researchchemicalhub.com\/de\/wp-json\/wp\/v2\/product_tag?post=24344"}],"curies":[{"name":"wp","href":"https:\/\/api.w.org\/{rel}","templated":true}]}}