{"id":24277,"date":"2025-04-13T17:41:22","date_gmt":"2025-04-13T17:41:22","guid":{"rendered":"https:\/\/researchchemicalhub.com\/?post_type=product&#038;p=24277"},"modified":"2025-10-29T08:52:48","modified_gmt":"2025-10-29T08:52:48","slug":"fluborizolam-05-mg","status":"publish","type":"product","link":"https:\/\/researchchemicalhub.com\/de\/geschaft\/benzodiazepine\/fluborizolam-05-mg\/","title":{"rendered":"Fluborizolam 0,5 mg Pellets"},"content":{"rendered":"<p data-start=\"5386\" data-end=\"5642\"><strong data-start=\"5386\" data-end=\"5418\">Fluborizolam 0,5 mg Pellets<\/strong> Sind <strong data-start=\"5424\" data-end=\"5469\">hochreine Forschungschemikalien<\/strong>, bestimmt f\u00fcr toxikologische und pharmakologische Forschung. Jedes Pellet enth\u00e4lt <strong data-start=\"5545\" data-end=\"5576\">0,5 Milligramm Fluborizolam<\/strong> und wird sorgf\u00e4ltig abgewogen, um zuverl\u00e4ssige Forschungsergebnisse zu erzielen. Fluborizolam<\/p>\n<p data-start=\"5644\" data-end=\"5761\">\u26a0\ufe0f <strong data-start=\"5647\" data-end=\"5658\">Hinweis:<\/strong> Dieses Produkt ist ausschlie\u00dflich f\u00fcr den Gebrauch bestimmt <em data-start=\"5699\" data-end=\"5721\">Forschungszwecke<\/em> Und <strong data-start=\"5725\" data-end=\"5760\">nicht f\u00fcr den menschlichen Verzehr<\/strong>.<\/p>\n<hr data-start=\"5763\" data-end=\"5766\" \/>\n<h2 data-start=\"5768\" data-end=\"5798\"><strong data-start=\"5771\" data-end=\"5798\">Hauptmerkmale<\/strong><\/h2>\n<ul data-start=\"5800\" data-end=\"6145\">\n<li data-start=\"5800\" data-end=\"5864\">\n<p data-start=\"5802\" data-end=\"5864\"><strong data-start=\"5802\" data-end=\"5821\">Hohe Reinheit<\/strong> f\u00fcr eine gleichbleibende Laborleistung.<\/p>\n<\/li>\n<li data-start=\"5865\" data-end=\"5946\">\n<p data-start=\"5867\" data-end=\"5946\"><strong data-start=\"5867\" data-end=\"5891\">Genaue Dosierung<\/strong>: 0,5 mg pro Pellet f\u00fcr kontrollierte Experimente.<\/p>\n<\/li>\n<li data-start=\"5947\" data-end=\"6015\">\n<p data-start=\"5949\" data-end=\"6015\"><strong data-start=\"5949\" data-end=\"5974\">Analytische Qualit\u00e4t<\/strong>, geeignet f\u00fcr LC-MS- und GC-MS-Studien.<\/p>\n<\/li>\n<li data-start=\"6016\" data-end=\"6086\">\n<p data-start=\"6018\" data-end=\"6086\"><strong data-start=\"6018\" data-end=\"6040\">Sichere Verpackung<\/strong>: versiegelt und vor Verunreinigungen gesch\u00fctzt.<\/p>\n<\/li>\n<li data-start=\"6087\" data-end=\"6145\">\n<p data-start=\"6089\" data-end=\"6145\"><strong data-start=\"6089\" data-end=\"6115\">Gem\u00e4\u00df EU-Vorschriften<\/strong> f\u00fcr Forschungschemikalien.<\/p>\n<\/li>\n<\/ul>\n<hr data-start=\"6147\" data-end=\"6150\" \/>\n<h2 data-start=\"6152\" data-end=\"6186\"><strong data-start=\"6155\" data-end=\"6186\">Vorteile f\u00fcr Forscher<\/strong><\/h2>\n<ul data-start=\"6188\" data-end=\"6478\">\n<li data-start=\"6188\" data-end=\"6246\">\n<p data-start=\"6190\" data-end=\"6246\">Unterst\u00fctzt <strong data-start=\"6202\" data-end=\"6243\">toxikologische und analytische Forschung<\/strong>.<\/p>\n<\/li>\n<li data-start=\"6247\" data-end=\"6325\">\n<p data-start=\"6249\" data-end=\"6325\">Passend f\u00fcr <strong data-start=\"6263\" data-end=\"6286\">Referenzrecherche<\/strong> auf dem Weg zu neuen Benzodiazepin-Analoga.<\/p>\n<\/li>\n<li data-start=\"6326\" data-end=\"6413\">\n<p data-start=\"6328\" data-end=\"6413\">F\u00f6rdert <strong data-start=\"6338\" data-end=\"6369\">wissenschaftliche Validierung<\/strong> in kontrollierten Laborumgebungen.<\/p>\n<\/li>\n<li data-start=\"6414\" data-end=\"6478\">\n<p data-start=\"6416\" data-end=\"6478\">Hilft bei <strong data-start=\"6426\" data-end=\"6450\">Methodenentwicklung<\/strong> f\u00fcr forensische Analysen. Fluborizolam<\/p>\n<\/li>\n<\/ul>\n<hr data-start=\"6480\" data-end=\"6483\" \/>\n<h2 data-start=\"6485\" data-end=\"6519\"><strong data-start=\"6488\" data-end=\"6519\">Verwendung (Forschungskontext)<\/strong><\/h2>\n<ol data-start=\"6521\" data-end=\"6700\">\n<li data-start=\"6521\" data-end=\"6550\">\n<p data-start=\"6524\" data-end=\"6550\">Tragen Sie standardm\u00e4\u00dfige Labor-PSA.<\/p>\n<\/li>\n<li data-start=\"6551\" data-end=\"6601\">\n<p data-start=\"6554\" data-end=\"6601\">F\u00fchren Sie sorgf\u00e4ltige Messungen mit kalibrierten Ger\u00e4ten durch.<\/p>\n<\/li>\n<li data-start=\"6602\" data-end=\"6649\">\n<p data-start=\"6605\" data-end=\"6649\">An einem k\u00fchlen, trockenen Ort ohne direkte Sonneneinstrahlung aufbewahren.<\/p>\n<\/li>\n<li data-start=\"6650\" data-end=\"6700\">\n<p data-start=\"6653\" data-end=\"6700\">Entsorgen Sie es gem\u00e4\u00df den \u00f6rtlichen Abfallrichtlinien.<\/p>\n<\/li>\n<\/ol>\n<blockquote data-start=\"6702\" data-end=\"6796\">\n<p data-start=\"6704\" data-end=\"6796\"><strong data-start=\"6704\" data-end=\"6719\">Wichtig:<\/strong> <em data-start=\"6720\" data-end=\"6750\">Fluborizolam 0,5 mg Pellets<\/em> Sind <strong data-start=\"6756\" data-end=\"6795\">nicht f\u00fcr den menschlichen Gebrauch bestimmt<\/strong>.<\/p>\n<\/blockquote>\n<hr data-start=\"6798\" data-end=\"6801\" \/>\n<h2 data-start=\"6803\" data-end=\"6874\"><strong data-start=\"6806\" data-end=\"6874\">Kaufen Sie Flubrotizolam 0,5 mg Pellets (f\u00fcr Forschungseinrichtungen)<\/strong><\/h2>\n<p data-start=\"6876\" data-end=\"7031\">Nur <strong data-start=\"6883\" data-end=\"6925\">zertifizierte Forschungseinrichtungen<\/strong> mit den entsprechenden Genehmigungen k\u00f6nnen <strong data-start=\"6959\" data-end=\"6997\">Kaufen Sie Fluborizolam 0,5 mg Pellets<\/strong>Die private Nutzung ist untersagt.<\/p>\n<hr data-start=\"7033\" data-end=\"7036\" \/>\n<h2 data-start=\"7038\" data-end=\"7072\"><strong data-start=\"7041\" data-end=\"7072\">H\u00e4ufig gestellte Fragen (FAQs)<\/strong><\/h2>\n<h3 data-start=\"7074\" data-end=\"7139\"><strong data-start=\"7078\" data-end=\"7139\">1. Wof\u00fcr werden Fluborizolam 0,5 mg Pellets angewendet?<\/strong><\/h3>\n<p data-start=\"7140\" data-end=\"7243\">Diese Pellets werden verwendet f\u00fcr <strong data-start=\"7174\" data-end=\"7212\">forensische und analytische Forschung<\/strong> zu Thienotriazolodiazepinen.<\/p>\n<hr data-start=\"7245\" data-end=\"7248\" \/>\n<h3 data-start=\"7250\" data-end=\"7313\"><strong data-start=\"7254\" data-end=\"7313\">2. Sind diese Pellets f\u00fcr den menschlichen Verzehr unbedenklich?<\/strong><\/h3>\n<p data-start=\"7314\" data-end=\"7416\">Nein. Diese Pellets sind <strong data-start=\"7337\" data-end=\"7375\">nur f\u00fcr Forschungszwecke bestimmt<\/strong> und nicht f\u00fcr den menschlichen Verzehr geeignet.<\/p>\n<hr data-start=\"7418\" data-end=\"7421\" \/>\n<h3 data-start=\"7423\" data-end=\"7489\"><strong data-start=\"7427\" data-end=\"7489\">3. Kann ich Flubrotizolam 0,5 mg Pellets in den Niederlanden kaufen?<\/strong><\/h3>\n<p data-start=\"7490\" data-end=\"7611\">Nur <strong data-start=\"7497\" data-end=\"7531\">anerkannte Forschungseinrichtungen<\/strong> Personen mit einer Genehmigung d\u00fcrfen dieses Produkt f\u00fcr wissenschaftliche Zwecke erwerben.<\/p>","protected":false},"excerpt":{"rendered":"<p>Flubrotizolam 0,5 MG Pellets zijn onderzoekschemicali\u00ebn van hoge zuiverheid, bedoeld voor toxicologisch en farmacologisch onderzoek. Elke pellet bevat 0,5 milligram<\/p>","protected":false},"featured_media":28528,"comment_status":"closed","ping_status":"closed","template":"","meta":[],"product_brand":[82],"product_cat":[76,476,477,324],"product_tag":[150,153,154,151,152,155,326],"class_list":{"0":"post-24277","1":"product","2":"type-product","3":"status-publish","4":"has-post-thumbnail","6":"product_brand-research-chemical","7":"product_cat-benzodiazepinen","8":"product_cat-flubrotizolam","9":"product_cat-flubrotizolam-pellets","10":"product_cat-pellets-for-pellet","11":"product_tag-flubrotizolam","12":"product_tag-flubrotizolam-dosage","13":"product_tag-flubrotizolam-ervaring","14":"product_tag-flubrotizolam-half-life","15":"product_tag-flubrotizolam-werking","16":"product_tag-flunitrazolam-bijwerkingen","17":"product_tag-nl","19":"first","20":"instock","21":"taxable","22":"shipping-taxable","23":"purchasable","24":"product-type-variable"},"_links":{"self":[{"href":"https:\/\/researchchemicalhub.com\/de\/wp-json\/wp\/v2\/product\/24277","targetHints":{"allow":["GET"]}}],"collection":[{"href":"https:\/\/researchchemicalhub.com\/de\/wp-json\/wp\/v2\/product"}],"about":[{"href":"https:\/\/researchchemicalhub.com\/de\/wp-json\/wp\/v2\/types\/product"}],"replies":[{"embeddable":true,"href":"https:\/\/researchchemicalhub.com\/de\/wp-json\/wp\/v2\/comments?post=24277"}],"version-history":[{"count":4,"href":"https:\/\/researchchemicalhub.com\/de\/wp-json\/wp\/v2\/product\/24277\/revisions"}],"predecessor-version":[{"id":27817,"href":"https:\/\/researchchemicalhub.com\/de\/wp-json\/wp\/v2\/product\/24277\/revisions\/27817"}],"wp:featuredmedia":[{"embeddable":true,"href":"https:\/\/researchchemicalhub.com\/de\/wp-json\/wp\/v2\/media\/28528"}],"wp:attachment":[{"href":"https:\/\/researchchemicalhub.com\/de\/wp-json\/wp\/v2\/media?parent=24277"}],"wp:term":[{"taxonomy":"product_brand","embeddable":true,"href":"https:\/\/researchchemicalhub.com\/de\/wp-json\/wp\/v2\/product_brand?post=24277"},{"taxonomy":"product_cat","embeddable":true,"href":"https:\/\/researchchemicalhub.com\/de\/wp-json\/wp\/v2\/product_cat?post=24277"},{"taxonomy":"product_tag","embeddable":true,"href":"https:\/\/researchchemicalhub.com\/de\/wp-json\/wp\/v2\/product_tag?post=24277"}],"curies":[{"name":"wp","href":"https:\/\/api.w.org\/{rel}","templated":true}]}}