{"id":23992,"date":"2025-04-13T17:40:51","date_gmt":"2025-04-13T17:40:51","guid":{"rendered":"https:\/\/researchchemicalhub.com\/?post_type=product&#038;p=23992"},"modified":"2025-10-30T07:42:11","modified_gmt":"2025-10-30T07:42:11","slug":"6-apb-130-mg-pellets","status":"publish","type":"product","link":"https:\/\/researchchemicalhub.com\/de\/geschaft\/6-apb\/6-apb-130-mg-pellets\/","title":{"rendered":"6-APB 130 mg Pellets"},"content":{"rendered":"<h3 data-start=\"6022\" data-end=\"6041\"><strong data-start=\"6026\" data-end=\"6041\">Einf\u00fchrung<\/strong><\/h3>\n<p data-start=\"6043\" data-end=\"6339\"><strong data-start=\"6043\" data-end=\"6066\">6-APB 130 mg Pellets<\/strong> Sind <strong data-start=\"6072\" data-end=\"6119\">Forschungssubstanzen in Laborqualit\u00e4t<\/strong>, entwickelt f\u00fcr <strong data-start=\"6137\" data-end=\"6181\">wissenschaftliche und analytische Forschung<\/strong>.<br data-start=\"6182\" data-end=\"6185\" \/>Jedes Pellet enth\u00e4lt <strong data-start=\"6203\" data-end=\"6261\">130 Milligramm (mg) 6-(2-Aminopropyl)benzofuran (6-APB)<\/strong> - Ein <strong data-start=\"6268\" data-end=\"6293\">Benzofuranverbindung<\/strong> die zu den <strong data-start=\"6313\" data-end=\"6336\">Phenethylamin-Klasse<\/strong>. 6 APB kaufen<\/p>\n<p data-start=\"6341\" data-end=\"6575\">Hergestellt nach <strong data-start=\"6362\" data-end=\"6403\">GLP-Standards (Gute Laborpraxis)<\/strong>, diese Pellets bieten <strong data-start=\"6425\" data-end=\"6444\">\u226599% Reinheit<\/strong>, <strong data-start=\"6446\" data-end=\"6471\">chemische Stabilit\u00e4t<\/strong>, Und <strong data-start=\"6476\" data-end=\"6504\">zuverl\u00e4ssige Konsistenz<\/strong>, ideal f\u00fcr <strong data-start=\"6518\" data-end=\"6572\">forensische, pharmakologische und analytische Forschung<\/strong>.<\/p>\n<blockquote data-start=\"6577\" data-end=\"6721\">\n<p data-start=\"6579\" data-end=\"6721\">\u26a0\ufe0f <strong data-start=\"6582\" data-end=\"6593\">Hinweis:<\/strong> Dieses Produkt ist <strong data-start=\"6609\" data-end=\"6659\">nur f\u00fcr Laborforschung bestimmt<\/strong> Und <strong data-start=\"6663\" data-end=\"6720\">nicht f\u00fcr den menschlichen oder tierischen Verzehr geeignet<\/strong>.<\/p>\n<\/blockquote>\n<hr data-start=\"6723\" data-end=\"6726\" \/>\n<h3 data-start=\"6728\" data-end=\"6759\"><strong data-start=\"6732\" data-end=\"6759\">Hauptmerkmale<\/strong><\/h3>\n<ul data-start=\"6761\" data-end=\"7230\">\n<li data-start=\"6761\" data-end=\"6857\">\n<p data-start=\"6763\" data-end=\"6857\"><strong data-start=\"6763\" data-end=\"6783\">Hohe Reinheit:<\/strong> \u226599% analytische Qualit\u00e4t, getestet durch Chromatographie und Spektrometrie.<\/p>\n<\/li>\n<li data-start=\"6858\" data-end=\"6913\">\n<p data-start=\"6860\" data-end=\"6913\"><strong data-start=\"6860\" data-end=\"6880\">Genaue Dosierung:<\/strong> Jedes Pellet enth\u00e4lt 130 mg 6-APB.<\/p>\n<\/li>\n<li data-start=\"6914\" data-end=\"6980\">\n<p data-start=\"6916\" data-end=\"6980\"><strong data-start=\"6916\" data-end=\"6937\">Chemisch stabil:<\/strong> Bei sachgem\u00e4\u00dfer Lagerung zersetzungsbest\u00e4ndig.<\/p>\n<\/li>\n<li data-start=\"6981\" data-end=\"7058\">\n<p data-start=\"6983\" data-end=\"7058\"><strong data-start=\"6983\" data-end=\"7000\">Chargengepr\u00fcft:<\/strong> Jede Charge wird auf Reinheit und Konsistenz gepr\u00fcft.<\/p>\n<\/li>\n<li data-start=\"7059\" data-end=\"7137\">\n<p data-start=\"7061\" data-end=\"7137\"><strong data-start=\"7061\" data-end=\"7079\">GLP-Produktion:<\/strong> Hergestellt nach internationalen Laborstandards.<\/p>\n<\/li>\n<li data-start=\"7138\" data-end=\"7230\">\n<p data-start=\"7140\" data-end=\"7230\"><strong data-start=\"7140\" data-end=\"7163\">Sichere Verpackung:<\/strong> Luftdicht und feuchtigkeitsgesch\u00fctzt verpackt f\u00fcr maximale Haltbarkeit.<\/p>\n<\/li>\n<\/ul>\n<hr data-start=\"7232\" data-end=\"7235\" \/>\n<h3 data-start=\"7237\" data-end=\"7254\"><strong data-start=\"7241\" data-end=\"7254\">Vorteile<\/strong><\/h3>\n<ol data-start=\"7256\" data-end=\"7666\">\n<li data-start=\"7256\" data-end=\"7345\">\n<p data-start=\"7259\" data-end=\"7345\"><strong data-start=\"7259\" data-end=\"7294\">Konstante Forschungsergebnisse:<\/strong> Hohe Reinheit gew\u00e4hrleistet reproduzierbare Daten.<\/p>\n<\/li>\n<li data-start=\"7346\" data-end=\"7432\">\n<p data-start=\"7349\" data-end=\"7432\"><strong data-start=\"7349\" data-end=\"7376\">Langzeitstabilit\u00e4t:<\/strong> Best\u00e4ndig gegen Feuchtigkeit, Licht und Temperaturschwankungen.<\/p>\n<\/li>\n<li data-start=\"7433\" data-end=\"7506\">\n<p data-start=\"7436\" data-end=\"7506\"><strong data-start=\"7436\" data-end=\"7458\">Sichere Handhabung:<\/strong> Die Pelletform minimiert das Kontaminationsrisiko.<\/p>\n<\/li>\n<li data-start=\"7507\" data-end=\"7590\">\n<p data-start=\"7510\" data-end=\"7590\"><strong data-start=\"7510\" data-end=\"7538\">Professionelle Qualit\u00e4t:<\/strong> Geeignet f\u00fcr analytische und forensische Forschung. Kaufen Sie 6 apb<\/p>\n<\/li>\n<li data-start=\"7591\" data-end=\"7666\">\n<p data-start=\"7594\" data-end=\"7666\"><strong data-start=\"7594\" data-end=\"7612\">Benutzerfreundlichkeit:<\/strong> Vordosierte Pellets f\u00fcr genaue Messungen.<\/p>\n<\/li>\n<\/ol>\n<hr data-start=\"7668\" data-end=\"7671\" \/>\n<h3 data-start=\"7673\" data-end=\"7712\"><strong data-start=\"7677\" data-end=\"7712\">Verwendung (nur f\u00fcr Forschungszwecke)<\/strong><\/h3>\n<ol data-start=\"7714\" data-end=\"8068\">\n<li data-start=\"7714\" data-end=\"7790\">\n<p data-start=\"7717\" data-end=\"7790\"><strong data-start=\"7717\" data-end=\"7747\">Tragen Sie Schutzkleidung<\/strong> (Handschuhe, Laborkittel, Schutzbrille).<\/p>\n<\/li>\n<li data-start=\"7791\" data-end=\"7861\">\n<p data-start=\"7794\" data-end=\"7861\"><strong data-start=\"7794\" data-end=\"7832\">Verwenden Sie kalibrierte Instrumente<\/strong> f\u00fcr pr\u00e4zise Messungen.<\/p>\n<\/li>\n<li data-start=\"7862\" data-end=\"7927\">\n<p data-start=\"7865\" data-end=\"7927\"><strong data-start=\"7865\" data-end=\"7903\">Erfassen Sie Chargen- und Probeninformationen<\/strong> zur R\u00fcckverfolgbarkeit.<\/p>\n<\/li>\n<li data-start=\"7928\" data-end=\"7992\">\n<p data-start=\"7931\" data-end=\"7992\"><strong data-start=\"7931\" data-end=\"7955\">Restmaterial sparen<\/strong> in einem gut verschlossenen Beh\u00e4lter.<\/p>\n<\/li>\n<li data-start=\"7993\" data-end=\"8068\">\n<p data-start=\"7996\" data-end=\"8068\"><strong data-start=\"7996\" data-end=\"8022\">Abfall entfernen<\/strong> gem\u00e4\u00df den geltenden Sicherheitsrichtlinien.<\/p>\n<\/li>\n<\/ol>\n<blockquote data-start=\"8070\" data-end=\"8147\">\n<p data-start=\"8072\" data-end=\"8147\">\u2697\ufe0f <strong data-start=\"8075\" data-end=\"8147\">Nur f\u00fcr Labortests \u2013 nicht f\u00fcr den menschlichen Verzehr.<\/strong><\/p>\n<\/blockquote>\n<hr data-start=\"8149\" data-end=\"8152\" \/>\n<h3 data-start=\"8154\" data-end=\"8179\"><strong data-start=\"8158\" data-end=\"8179\">Hinweise zur Lagerung<\/strong><\/h3>\n<ul data-start=\"8181\" data-end=\"8356\">\n<li data-start=\"8181\" data-end=\"8223\">\n<p data-start=\"8183\" data-end=\"8223\">Sparen bei <strong data-start=\"8194\" data-end=\"8203\">2\u20138 \u00b0C<\/strong>, trocken und dunkel.<\/p>\n<\/li>\n<li data-start=\"8224\" data-end=\"8267\">\n<p data-start=\"8226\" data-end=\"8267\">Bewahren Sie die Verpackung auf <strong data-start=\"8245\" data-end=\"8264\">gut verschlossen<\/strong>.<\/p>\n<\/li>\n<li data-start=\"8268\" data-end=\"8313\">\n<p data-start=\"8270\" data-end=\"8313\">Sch\u00fctzen vor <strong data-start=\"8285\" data-end=\"8310\">Licht, Feuchtigkeit und W\u00e4rme<\/strong>.<\/p>\n<\/li>\n<li data-start=\"8314\" data-end=\"8356\">\n<p data-start=\"8316\" data-end=\"8356\">Au\u00dferhalb der Reichweite unbefugter Personen aufbewahren.<\/p>\n<\/li>\n<\/ul>\n<hr data-start=\"8358\" data-end=\"8361\" \/>\n<h3 data-start=\"8363\" data-end=\"8398\"><strong data-start=\"8367\" data-end=\"8398\">H\u00e4ufig gestellte Fragen (FAQs)<\/strong><\/h3>\n<p data-start=\"8400\" data-end=\"8548\"><strong data-start=\"8400\" data-end=\"8443\">1. Wof\u00fcr wird 6-APB 130 mg angewendet?<\/strong><br data-start=\"8443\" data-end=\"8446\" \/>F\u00fcr <strong data-start=\"8451\" data-end=\"8489\">analytische und forensische Forschung<\/strong> Unangenehm <strong data-start=\"8495\" data-end=\"8545\">Benzofuranverbindungen und Rezeptorinteraktionen<\/strong>.<\/p>\n<p data-start=\"8550\" data-end=\"8735\"><strong data-start=\"8550\" data-end=\"8597\">2. Ist dieses Produkt zum Verzehr geeignet?<\/strong><br data-start=\"8597\" data-end=\"8600\" \/>NEIN. <strong data-start=\"8605\" data-end=\"8628\">6-APB 130 mg Pellets<\/strong> Sind <strong data-start=\"8634\" data-end=\"8684\">nur f\u00fcr Laborforschung bestimmt<\/strong> Und <strong data-start=\"8688\" data-end=\"8732\">nicht f\u00fcr den menschlichen Verzehr geeignet<\/strong>.<\/p>\n<p data-start=\"8737\" data-end=\"8892\"><strong data-start=\"8737\" data-end=\"8787\">3. Wie lagert man 6-APB-Pellets am besten?<\/strong><br data-start=\"8787\" data-end=\"8790\" \/>Bewahren Sie sie in einem <strong data-start=\"8807\" data-end=\"8851\">k\u00fchle, trockene und dunkle Umgebung (2\u20138\u00b0C)<\/strong> in einem <strong data-start=\"8859\" data-end=\"8889\">gut verschlossene Verpackung<\/strong>.<\/p>\n<hr data-start=\"8894\" data-end=\"8897\" \/>\n<h3 data-start=\"8899\" data-end=\"8916\"><strong data-start=\"8903\" data-end=\"8916\">Abschluss<\/strong><\/h3>\n<p data-start=\"8918\" data-end=\"9204\"><strong data-start=\"8918\" data-end=\"8941\">6-APB 130 mg Pellets<\/strong> Angebot <strong data-start=\"8949\" data-end=\"9014\">au\u00dfergew\u00f6hnliche Reinheit, Stabilit\u00e4t und Reproduzierbarkeit<\/strong>, entwickelt f\u00fcr professionelle analytische Forschung.<br data-start=\"9067\" data-end=\"9070\" \/>Eine zuverl\u00e4ssige Wahl f\u00fcr Labore, die an <strong data-start=\"9124\" data-end=\"9201\">Chemische Analysen und Strukturuntersuchungen von Benzofuranverbindungen<\/strong>.<\/p>\n<p><span style=\"vertical-align: inherit;\"><span style=\"vertical-align: inherit;\">\u00a0<\/span><\/span><a href=\"https:\/\/researchchemicalhub.com\/de\/geschaft\/lysergamide\/1v-lsd-150-mcg-blotters\/\"><span style=\"vertical-align: inherit;\"><span style=\"vertical-align: inherit;\">1V-LSD 150 MCG Blotter<\/span><\/span><\/a><span style=\"vertical-align: inherit;\"><span style=\"vertical-align: inherit;\">\u00a0<\/span><\/span><a href=\"https:\/\/researchchemicalhub.com\/de\/geschaft\/cathinone\/%f0%9f%92%a1-2-mmc-kristallines-pulver-fur-alle-fragen-und-antworten-zum-kauf\/\"><span style=\"vertical-align: inherit;\"><span style=\"vertical-align: inherit;\">2-CMC 250 mg Pellets<\/span><\/span><\/a><span style=\"vertical-align: inherit;\"><span style=\"vertical-align: inherit;\">\u00a0<\/span><\/span><a href=\"https:\/\/researchchemicalhub.com\/de\/geschaft\/fast-verboten\/pink-star-pellets-5-mapb-70-mg-2-fma-20-mg-5-meo-mipt-2-mg\/\"><span style=\"vertical-align: inherit;\"><span style=\"vertical-align: inherit;\">Pink Star Pellets 5-MAPB 70 mg \/ 2-FMA 20 mg \/ 5-MeO-MiPT 2 mg <\/span><\/span><\/a><a href=\"https:\/\/researchchemicalhub.com\/de\/geschaft\/fast-verboten\/4f-mph-25-mg-pellets\/\"><span style=\"vertical-align: inherit;\"><span style=\"vertical-align: inherit;\">4F-MPH 25 MG Pellets<\/span><\/span><\/a><span style=\"vertical-align: inherit;\"><span style=\"vertical-align: inherit;\">\u00a0<\/span><\/span><a href=\"https:\/\/researchchemicalhub.com\/de\/geschaft\/pellets\/erextc-homosildenafil-100-mg-pellets\/\"><span style=\"vertical-align: inherit;\"><span style=\"vertical-align: inherit;\">EREXTC Homosildenafil 100 mg Pellets<\/span><\/span><\/a><\/p>","protected":false},"excerpt":{"rendered":"<h3><span style=\"vertical-align: inherit;\"><span style=\"vertical-align: inherit;\">6-APB-Eigenschaften<\/span><\/span><\/h3>\n<p><strong><span style=\"vertical-align: inherit;\"><span style=\"vertical-align: inherit;\">Synonym<\/span><\/span><\/strong><span style=\"vertical-align: inherit;\"><span style=\"vertical-align: inherit;\"> : 6-(2-Aminopropyl)benzofuran <\/span><\/span><br \/>\n<strong><span style=\"vertical-align: inherit;\"><span style=\"vertical-align: inherit;\">CAS-Nummer:<\/span><\/span><\/strong><span style=\"vertical-align: inherit;\"><span style=\"vertical-align: inherit;\"> 286834-85-3 <\/span><\/span><br \/>\n<strong><span style=\"vertical-align: inherit;\"><span style=\"vertical-align: inherit;\">Formel<\/span><\/span><\/strong><span style=\"vertical-align: inherit;\"><span style=\"vertical-align: inherit;\"> : <\/span><\/span><span title=\"Kohlenstoff\"><span style=\"vertical-align: inherit;\"><span style=\"vertical-align: inherit;\">C <\/span><\/span><\/span><sub><span style=\"vertical-align: inherit;\"><span style=\"vertical-align: inherit;\">11 <\/span><\/span><\/sub><span title=\"Wasserstoff\"><span style=\"vertical-align: inherit;\"><span style=\"vertical-align: inherit;\">H <\/span><\/span><\/span><sub><span style=\"vertical-align: inherit;\"><span style=\"vertical-align: inherit;\">13 <\/span><\/span><\/sub><span title=\"Stickstoff\"><span style=\"vertical-align: inherit;\"><span style=\"vertical-align: inherit;\">N <\/span><\/span><\/span><span title=\"Sauerstoff\"><span style=\"vertical-align: inherit;\"><span style=\"vertical-align: inherit;\">O <\/span><\/span><\/span><br \/>\n<strong><span style=\"vertical-align: inherit;\"><span style=\"vertical-align: inherit;\">Molmasse<\/span><\/span><\/strong><span style=\"vertical-align: inherit;\"><span style=\"vertical-align: inherit;\"> : <\/span><\/span><span class=\"nowrap\"><span style=\"vertical-align: inherit;\"><span style=\"vertical-align: inherit;\">175.231<\/span><\/span><\/span><span style=\"vertical-align: inherit;\"><span style=\"vertical-align: inherit;\"> \u00a0g\/mol <\/span><\/span><br \/>\n<strong><span style=\"vertical-align: inherit;\"><span style=\"vertical-align: inherit;\">Reinheit<\/span><\/span><\/strong><span style=\"vertical-align: inherit;\"><span style=\"vertical-align: inherit;\"> : &gt;98%<\/span><\/span><\/p>","protected":false},"featured_media":28696,"comment_status":"closed","ping_status":"closed","template":"","meta":[],"product_brand":[82],"product_cat":[340,341,339,322,324],"product_tag":[126,326],"class_list":{"0":"post-23992","1":"product","2":"type-product","3":"status-publish","4":"has-post-thumbnail","6":"product_brand-research-chemical","7":"product_cat-6-apb","8":"product_cat-6-apb-pellets","9":"product_cat-benzofuran","10":"product_cat-bijna-verboden","11":"product_cat-pellets-for-pellet","12":"product_tag-6-apb-kopen","13":"product_tag-nl","15":"first","16":"instock","17":"taxable","18":"shipping-taxable","19":"purchasable","20":"product-type-variable"},"_links":{"self":[{"href":"https:\/\/researchchemicalhub.com\/de\/wp-json\/wp\/v2\/product\/23992","targetHints":{"allow":["GET"]}}],"collection":[{"href":"https:\/\/researchchemicalhub.com\/de\/wp-json\/wp\/v2\/product"}],"about":[{"href":"https:\/\/researchchemicalhub.com\/de\/wp-json\/wp\/v2\/types\/product"}],"replies":[{"embeddable":true,"href":"https:\/\/researchchemicalhub.com\/de\/wp-json\/wp\/v2\/comments?post=23992"}],"version-history":[{"count":6,"href":"https:\/\/researchchemicalhub.com\/de\/wp-json\/wp\/v2\/product\/23992\/revisions"}],"predecessor-version":[{"id":27907,"href":"https:\/\/researchchemicalhub.com\/de\/wp-json\/wp\/v2\/product\/23992\/revisions\/27907"}],"wp:featuredmedia":[{"embeddable":true,"href":"https:\/\/researchchemicalhub.com\/de\/wp-json\/wp\/v2\/media\/28696"}],"wp:attachment":[{"href":"https:\/\/researchchemicalhub.com\/de\/wp-json\/wp\/v2\/media?parent=23992"}],"wp:term":[{"taxonomy":"product_brand","embeddable":true,"href":"https:\/\/researchchemicalhub.com\/de\/wp-json\/wp\/v2\/product_brand?post=23992"},{"taxonomy":"product_cat","embeddable":true,"href":"https:\/\/researchchemicalhub.com\/de\/wp-json\/wp\/v2\/product_cat?post=23992"},{"taxonomy":"product_tag","embeddable":true,"href":"https:\/\/researchchemicalhub.com\/de\/wp-json\/wp\/v2\/product_tag?post=23992"}],"curies":[{"name":"wp","href":"https:\/\/api.w.org\/{rel}","templated":true}]}}