{"id":23933,"date":"2025-04-13T17:40:43","date_gmt":"2025-04-13T17:40:43","guid":{"rendered":"https:\/\/researchchemicalhub.com\/?post_type=product&#038;p=23933"},"modified":"2025-10-30T07:53:12","modified_gmt":"2025-10-30T07:53:12","slug":"norflurazepam-5-mg-pellets","status":"publish","type":"product","link":"https:\/\/researchchemicalhub.com\/de\/geschaft\/benzodiazepine\/norflurazepam-5-mg-pellets\/","title":{"rendered":"Norflurazepam 5 mg Pellets"},"content":{"rendered":"<div class=\"dad65929\">\n<div class=\"_4f9bf79 d7dc56a8 _43c05b5\">\n<div class=\"ds-markdown ds-markdown--block\">\n<h3 data-start=\"6228\" data-end=\"6247\"><strong data-start=\"6232\" data-end=\"6247\">Einf\u00fchrung<\/strong><\/h3>\n<p data-start=\"6249\" data-end=\"6610\"><strong data-start=\"6249\" data-end=\"6278\">Norflurazepam 5 mg Pellets<\/strong> Sind <strong data-start=\"6284\" data-end=\"6331\">Forschungssubstanzen in analytischer Qualit\u00e4t<\/strong>, speziell entwickelt f\u00fcr <strong data-start=\"6358\" data-end=\"6412\">wissenschaftliche, forensische und chemische Forschung<\/strong>. Norflurazepam 5 mg Pellets<br data-start=\"6413\" data-end=\"6416\" \/>Auch bekannt als <strong data-start=\"6431\" data-end=\"6453\">Desalkylflurazepam<\/strong>geh\u00f6rt diese Verbindung zu der <strong data-start=\"6486\" data-end=\"6510\">Benzodiazepin-Klasse<\/strong> und ist ein <strong data-start=\"6521\" data-end=\"6563\">Metabolit verschiedener Benzodiazepine<\/strong>, unter denen <strong data-start=\"6575\" data-end=\"6589\">Flurazepam<\/strong> Und <strong data-start=\"6593\" data-end=\"6607\">Diclazepam<\/strong>.<\/p>\n<p data-start=\"6612\" data-end=\"6857\">Produziert unter <strong data-start=\"6631\" data-end=\"6672\">GLP-Standards (Gute Laborpraxis)<\/strong>bieten diese Pellets eine <strong data-start=\"6698\" data-end=\"6721\">Reinheit von \u226599%<\/strong>, <strong data-start=\"6723\" data-end=\"6748\">chemische Stabilit\u00e4t<\/strong> Und <strong data-start=\"6752\" data-end=\"6775\">gleichbleibende Qualit\u00e4t<\/strong>.<br data-start=\"6776\" data-end=\"6779\" \/>Ideal f\u00fcr <strong data-start=\"6791\" data-end=\"6854\">chromatographische, spektroskopische und Strukturanalysen<\/strong>.<\/p>\n<blockquote data-start=\"6859\" data-end=\"7003\">\n<p data-start=\"6861\" data-end=\"7003\">\u26a0\ufe0f <strong data-start=\"6864\" data-end=\"6875\">Hinweis:<\/strong> Dieses Produkt ist <strong data-start=\"6891\" data-end=\"6941\">nur f\u00fcr Laborforschung bestimmt<\/strong> Und <strong data-start=\"6945\" data-end=\"7002\">nicht f\u00fcr den menschlichen oder tierischen Verzehr geeignet<\/strong>.<\/p>\n<\/blockquote>\n<hr data-start=\"7005\" data-end=\"7008\" \/>\n<h3 data-start=\"7010\" data-end=\"7041\"><strong data-start=\"7014\" data-end=\"7041\">Hauptmerkmale<\/strong><\/h3>\n<ul data-start=\"7043\" data-end=\"7484\">\n<li data-start=\"7043\" data-end=\"7125\">\n<p data-start=\"7045\" data-end=\"7125\"><strong data-start=\"7045\" data-end=\"7077\">Hohe analytische Reinheit:<\/strong> \u226599%, getestet mit chromatographischen Techniken.<\/p>\n<\/li>\n<li data-start=\"7126\" data-end=\"7191\">\n<p data-start=\"7128\" data-end=\"7191\"><strong data-start=\"7128\" data-end=\"7148\">Genaue Dosierung:<\/strong> Jedes Pellet enth\u00e4lt <strong data-start=\"7167\" data-end=\"7188\">5 mg Norflurazepam<\/strong>.<\/p>\n<\/li>\n<li data-start=\"7192\" data-end=\"7258\">\n<p data-start=\"7194\" data-end=\"7258\"><strong data-start=\"7194\" data-end=\"7215\">Chemisch stabil:<\/strong> Bei sachgem\u00e4\u00dfer Lagerung zersetzungsbest\u00e4ndig.<\/p>\n<\/li>\n<li data-start=\"7259\" data-end=\"7328\">\n<p data-start=\"7261\" data-end=\"7328\"><strong data-start=\"7261\" data-end=\"7279\">GLP-Produktion:<\/strong> Hergestellt unter strengen Laborstandards.<\/p>\n<\/li>\n<li data-start=\"7329\" data-end=\"7404\">\n<p data-start=\"7331\" data-end=\"7404\"><strong data-start=\"7331\" data-end=\"7348\">Chargengepr\u00fcft:<\/strong> Jede Charge wird auf Identit\u00e4t und Reinheit gepr\u00fcft. Norflurazepam 5 mg Pellets<\/p>\n<\/li>\n<li data-start=\"7405\" data-end=\"7484\">\n<p data-start=\"7407\" data-end=\"7484\"><strong data-start=\"7407\" data-end=\"7430\">Sichere Verpackung:<\/strong> Luftdicht und versiegelt f\u00fcr optimale Haltbarkeit.<\/p>\n<\/li>\n<\/ul>\n<hr data-start=\"7486\" data-end=\"7489\" \/>\n<h3 data-start=\"7491\" data-end=\"7508\"><strong data-start=\"7495\" data-end=\"7508\">Vorteile<\/strong><\/h3>\n<ol data-start=\"7510\" data-end=\"7970\">\n<li data-start=\"7510\" data-end=\"7601\">\n<p data-start=\"7513\" data-end=\"7601\"><strong data-start=\"7513\" data-end=\"7550\">Verl\u00e4ssliche Forschungsergebnisse:<\/strong> Hohe Reinheit garantiert reproduzierbare Daten.<\/p>\n<\/li>\n<li data-start=\"7602\" data-end=\"7690\">\n<p data-start=\"7605\" data-end=\"7690\"><strong data-start=\"7605\" data-end=\"7632\">Langzeitstabilit\u00e4t:<\/strong> Best\u00e4ndig gegen Licht, Feuchtigkeit und Temperaturschwankungen.<\/p>\n<\/li>\n<li data-start=\"7691\" data-end=\"7771\">\n<p data-start=\"7694\" data-end=\"7771\"><strong data-start=\"7694\" data-end=\"7722\">Einfache Handhabung:<\/strong> Die Pelletform vereinfacht die pr\u00e4zise Dosierung.<\/p>\n<\/li>\n<li data-start=\"7772\" data-end=\"7855\">\n<p data-start=\"7775\" data-end=\"7855\"><strong data-start=\"7775\" data-end=\"7803\">Professioneller Standard:<\/strong> Geeignet f\u00fcr forensische und analytische Forschung.<\/p>\n<\/li>\n<li data-start=\"7856\" data-end=\"7970\">\n<p data-start=\"7859\" data-end=\"7970\"><strong data-start=\"7859\" data-end=\"7880\">Weitgehend anwendbar:<\/strong> Ideal f\u00fcr <strong data-start=\"7893\" data-end=\"7967\">Benzodiazepinanalyse, Metabolitenstudie und chemische Identifizierung<\/strong>.<\/p>\n<\/li>\n<\/ol>\n<hr data-start=\"7972\" data-end=\"7975\" \/>\n<h3 data-start=\"7977\" data-end=\"8016\"><strong data-start=\"7981\" data-end=\"8016\">Verwendung (nur f\u00fcr Forschungszwecke)<\/strong><\/h3>\n<ol data-start=\"8018\" data-end=\"8403\">\n<li data-start=\"8018\" data-end=\"8105\">\n<p data-start=\"8021\" data-end=\"8105\"><strong data-start=\"8021\" data-end=\"8052\">Schutzkleidung tragen:<\/strong> Handschuhe, Schutzbrille und Laborkittel erforderlich.<\/p>\n<\/li>\n<li data-start=\"8106\" data-end=\"8177\">\n<p data-start=\"8109\" data-end=\"8177\"><strong data-start=\"8109\" data-end=\"8148\">Verwendung in kontrollierter Umgebung:<\/strong> Arbeiten Sie sauber und genau.<\/p>\n<\/li>\n<li data-start=\"8178\" data-end=\"8259\">\n<p data-start=\"8181\" data-end=\"8259\"><strong data-start=\"8181\" data-end=\"8208\">Chargeninformationen beachten:<\/strong> Notieren Sie Reinheit, Menge und Bedingungen.<\/p>\n<\/li>\n<li data-start=\"8260\" data-end=\"8329\">\n<p data-start=\"8263\" data-end=\"8329\"><strong data-start=\"8263\" data-end=\"8300\">Verwenden Sie kalibrierte Ger\u00e4te:<\/strong> F\u00fcr zuverl\u00e4ssige Messungen.<\/p>\n<\/li>\n<li data-start=\"8330\" data-end=\"8403\">\n<p data-start=\"8333\" data-end=\"8403\"><strong data-start=\"8333\" data-end=\"8367\">Abfall sicher entsorgen:<\/strong> Beachten Sie die Sicherheitshinweise.<\/p>\n<\/li>\n<\/ol>\n<blockquote data-start=\"8405\" data-end=\"8490\">\n<p data-start=\"8407\" data-end=\"8490\">\u2697\ufe0f <strong data-start=\"8410\" data-end=\"8490\">Nur f\u00fcr Labortests \u2013 nicht f\u00fcr den menschlichen Verzehr.<\/strong><\/p>\n<\/blockquote>\n<hr data-start=\"8492\" data-end=\"8495\" \/>\n<h3 data-start=\"8497\" data-end=\"8522\"><strong data-start=\"8501\" data-end=\"8522\">Hinweise zur Lagerung<\/strong><\/h3>\n<ul data-start=\"8524\" data-end=\"8692\">\n<li data-start=\"8524\" data-end=\"8566\">\n<p data-start=\"8526\" data-end=\"8566\">Sparen bei <strong data-start=\"8537\" data-end=\"8546\">2\u20138 \u00b0C<\/strong>, trocken und dunkel.<\/p>\n<\/li>\n<li data-start=\"8567\" data-end=\"8603\">\n<p data-start=\"8569\" data-end=\"8603\">Beh\u00e4lter dicht verschlossen halten.<\/p>\n<\/li>\n<li data-start=\"8604\" data-end=\"8649\">\n<p data-start=\"8606\" data-end=\"8649\">Sch\u00fctzen vor <strong data-start=\"8621\" data-end=\"8646\">Licht, W\u00e4rme und Feuchtigkeit<\/strong>.<\/p>\n<\/li>\n<li data-start=\"8650\" data-end=\"8692\">\n<p data-start=\"8652\" data-end=\"8692\">Au\u00dferhalb der Reichweite unbefugter Personen aufbewahren.<\/p>\n<\/li>\n<\/ul>\n<hr data-start=\"8694\" data-end=\"8697\" \/>\n<h3 data-start=\"8699\" data-end=\"8734\"><strong data-start=\"8703\" data-end=\"8734\">H\u00e4ufig gestellte Fragen (FAQs)<\/strong><\/h3>\n<p data-start=\"8736\" data-end=\"8910\"><strong data-start=\"8736\" data-end=\"8781\">1. Wof\u00fcr wird Norflurazepam angewendet?<\/strong><br data-start=\"8781\" data-end=\"8784\" \/>F\u00fcr <strong data-start=\"8789\" data-end=\"8827\">analytische und forensische Forschung<\/strong>, insbesondere im Bereich der <strong data-start=\"8856\" data-end=\"8907\">Benzodiazepin-Stoffwechsel und chemische Analyse<\/strong>.<\/p>\n<p data-start=\"8912\" data-end=\"9129\"><strong data-start=\"8912\" data-end=\"8972\">2. Ist Norflurazepam f\u00fcr den menschlichen Verzehr geeignet?<\/strong><br data-start=\"8972\" data-end=\"8975\" \/>NEIN. <strong data-start=\"8980\" data-end=\"9009\">Norflurazepam 5 mg Pellets<\/strong> Sind <strong data-start=\"9015\" data-end=\"9065\">nur f\u00fcr Laborforschung bestimmt<\/strong> Und <strong data-start=\"9069\" data-end=\"9126\">nicht f\u00fcr den menschlichen oder tierischen Verzehr geeignet<\/strong>.<\/p>\n<p data-start=\"9131\" data-end=\"9277\"><strong data-start=\"9131\" data-end=\"9176\">3. Wie bewahre ich Norflurazepam am besten auf?<\/strong><br data-start=\"9176\" data-end=\"9179\" \/>Sparen Sie bei einem <strong data-start=\"9193\" data-end=\"9235\">k\u00fchl, trocken und dunkel lagern (2\u20138\u00b0C)<\/strong>, in einem <strong data-start=\"9244\" data-end=\"9274\">gut verschlossene Verpackung<\/strong>.<\/p>\n<hr data-start=\"9279\" data-end=\"9282\" \/>\n<h3 data-start=\"9284\" data-end=\"9301\"><strong data-start=\"9288\" data-end=\"9301\">Abschluss<\/strong><\/h3>\n<p data-start=\"9303\" data-end=\"9597\"><strong data-start=\"9303\" data-end=\"9332\">Norflurazepam 5 mg Pellets<\/strong> Angebot <strong data-start=\"9340\" data-end=\"9398\">au\u00dfergew\u00f6hnliche Reinheit, Stabilit\u00e4t und Konsistenz<\/strong>, ideal f\u00fcr <strong data-start=\"9412\" data-end=\"9464\">professionelle analytische und forensische Forschung<\/strong>.<br data-start=\"9465\" data-end=\"9468\" \/>Eine zuverl\u00e4ssige Wahl f\u00fcr Labore mit Schwerpunkt auf <strong data-start=\"9527\" data-end=\"9594\">Benzodiazepinanalyse, Chromatographie und Strukturuntersuchung<\/strong>.<\/p>\n<\/div>\n<\/div>\n<\/div>","protected":false},"excerpt":{"rendered":"<h3><span data-sheets-value=\"{\" data-sheets-userformat=\"{\"><span style=\"vertical-align: inherit;\"><span style=\"vertical-align: inherit;\"><span dir=\"auto\" style=\"vertical-align: inherit;\"><span dir=\"auto\" style=\"vertical-align: inherit;\">Norflurazepam-Eigenschaften<\/span><\/span><\/span><\/span><\/span><\/h3>\n<p><strong><span style=\"vertical-align: inherit;\"><span style=\"vertical-align: inherit;\"><span dir=\"auto\" style=\"vertical-align: inherit;\"><span dir=\"auto\" style=\"vertical-align: inherit;\">Synonym:<\/span><\/span><\/span><\/span><\/strong><span style=\"vertical-align: inherit;\"><span style=\"vertical-align: inherit;\"><span dir=\"auto\" style=\"vertical-align: inherit;\"><span dir=\"auto\" style=\"vertical-align: inherit;\"> Norflurazepam <\/span><\/span><\/span><\/span><br \/>\n<strong><span style=\"vertical-align: inherit;\"><span style=\"vertical-align: inherit;\"><span dir=\"auto\" style=\"vertical-align: inherit;\"><span dir=\"auto\" style=\"vertical-align: inherit;\">CAS-Nummer:<\/span><\/span><\/span><\/span><\/strong><span style=\"vertical-align: inherit;\"><span style=\"vertical-align: inherit;\"><span dir=\"auto\" style=\"vertical-align: inherit;\"><span dir=\"auto\" style=\"vertical-align: inherit;\"> 2886-65-9 <\/span><\/span><\/span><\/span><br \/>\n<strong><span style=\"vertical-align: inherit;\"><span style=\"vertical-align: inherit;\"><span dir=\"auto\" style=\"vertical-align: inherit;\"><span dir=\"auto\" style=\"vertical-align: inherit;\">Formel:<\/span><\/span><\/span><\/span><\/strong><span style=\"vertical-align: inherit;\"><span style=\"vertical-align: inherit;\"><span dir=\"auto\" style=\"vertical-align: inherit;\"><span dir=\"auto\" style=\"vertical-align: inherit;\"> 7-Chlor-5-(2-fluorphenyl)-1,3-dihydro-2H-1,4-benzodiazepin-2-on <\/span><\/span><\/span><\/span><br \/>\n<strong><span style=\"vertical-align: inherit;\"><span style=\"vertical-align: inherit;\"><span dir=\"auto\" style=\"vertical-align: inherit;\"><span dir=\"auto\" style=\"vertical-align: inherit;\">Molmasse:<\/span><\/span><\/span><\/span><\/strong><span style=\"vertical-align: inherit;\"><span style=\"vertical-align: inherit;\"><span dir=\"auto\" style=\"vertical-align: inherit;\"><span dir=\"auto\" style=\"vertical-align: inherit;\"> 299,3 g\/mol <\/span><\/span><\/span><\/span><br \/>\n<strong><span style=\"vertical-align: inherit;\"><span style=\"vertical-align: inherit;\"><span dir=\"auto\" style=\"vertical-align: inherit;\"><span dir=\"auto\" style=\"vertical-align: inherit;\">Reinheit:<\/span><\/span><\/span><\/span><\/strong><span style=\"vertical-align: inherit;\"><span style=\"vertical-align: inherit;\"><span dir=\"auto\" style=\"vertical-align: inherit;\"><span dir=\"auto\" style=\"vertical-align: inherit;\"> &gt;97%<\/span><\/span><\/span><\/span><\/p>","protected":false},"featured_media":28577,"comment_status":"closed","ping_status":"closed","template":"","meta":[],"product_brand":[],"product_cat":[76,388,394,324,398],"product_tag":[326],"class_list":{"0":"post-23933","1":"product","2":"type-product","3":"status-publish","4":"has-post-thumbnail","6":"product_cat-benzodiazepinen","7":"product_cat-norflurazepam","8":"product_cat-norflurazepam-pellets","9":"product_cat-pellets-for-pellet","10":"product_cat-verkoop","11":"product_tag-nl","13":"first","14":"instock","15":"sale","16":"taxable","17":"shipping-taxable","18":"purchasable","19":"product-type-variable"},"_links":{"self":[{"href":"https:\/\/researchchemicalhub.com\/de\/wp-json\/wp\/v2\/product\/23933","targetHints":{"allow":["GET"]}}],"collection":[{"href":"https:\/\/researchchemicalhub.com\/de\/wp-json\/wp\/v2\/product"}],"about":[{"href":"https:\/\/researchchemicalhub.com\/de\/wp-json\/wp\/v2\/types\/product"}],"replies":[{"embeddable":true,"href":"https:\/\/researchchemicalhub.com\/de\/wp-json\/wp\/v2\/comments?post=23933"}],"version-history":[{"count":5,"href":"https:\/\/researchchemicalhub.com\/de\/wp-json\/wp\/v2\/product\/23933\/revisions"}],"predecessor-version":[{"id":27920,"href":"https:\/\/researchchemicalhub.com\/de\/wp-json\/wp\/v2\/product\/23933\/revisions\/27920"}],"wp:featuredmedia":[{"embeddable":true,"href":"https:\/\/researchchemicalhub.com\/de\/wp-json\/wp\/v2\/media\/28577"}],"wp:attachment":[{"href":"https:\/\/researchchemicalhub.com\/de\/wp-json\/wp\/v2\/media?parent=23933"}],"wp:term":[{"taxonomy":"product_brand","embeddable":true,"href":"https:\/\/researchchemicalhub.com\/de\/wp-json\/wp\/v2\/product_brand?post=23933"},{"taxonomy":"product_cat","embeddable":true,"href":"https:\/\/researchchemicalhub.com\/de\/wp-json\/wp\/v2\/product_cat?post=23933"},{"taxonomy":"product_tag","embeddable":true,"href":"https:\/\/researchchemicalhub.com\/de\/wp-json\/wp\/v2\/product_tag?post=23933"}],"curies":[{"name":"wp","href":"https:\/\/api.w.org\/{rel}","templated":true}]}}