{"id":23915,"date":"2025-04-13T17:40:40","date_gmt":"2025-04-13T17:40:40","guid":{"rendered":"https:\/\/researchchemicalhub.com\/?post_type=product&#038;p=23915"},"modified":"2025-10-30T07:54:01","modified_gmt":"2025-10-30T07:54:01","slug":"nb-5-meo-dalt-oxalat","status":"publish","type":"product","link":"https:\/\/researchchemicalhub.com\/de\/geschaft\/nb-5-mai-dalt\/nb-5-meo-dalt-oxalat\/","title":{"rendered":"NB-5-MeO-DALT-Oxalat"},"content":{"rendered":"<h3 data-start=\"6074\" data-end=\"6093\"><strong data-start=\"6078\" data-end=\"6093\">Einf\u00fchrung<\/strong><\/h3>\n<p data-start=\"6095\" data-end=\"6425\"><strong data-start=\"6095\" data-end=\"6120\">NB-5-MeO-DALT-Oxalat<\/strong> ist ein <strong data-start=\"6128\" data-end=\"6172\">Forschungsmaterial in analytischer Qualit\u00e4t<\/strong>, entwickelt f\u00fcr <strong data-start=\"6190\" data-end=\"6244\">chemische, wissenschaftliche und forensische Forschung<\/strong>. NB-5-MeO-DALT-Oxalat<br data-start=\"6245\" data-end=\"6248\" \/>Es ist die <strong data-start=\"6259\" data-end=\"6274\">Oxalatsalz<\/strong> von <strong data-start=\"6279\" data-end=\"6327\">5-MeO-DALT (N,N-Diallyl-5-methoxytryptamin)<\/strong>, eine Verbindung vom <strong data-start=\"6351\" data-end=\"6372\">Tryptamin-Familie<\/strong>, strukturell verwandt mit nat\u00fcrlichen Indolaminen.<\/p>\n<p data-start=\"6427\" data-end=\"6678\">Produziert unter <strong data-start=\"6446\" data-end=\"6487\">GLP-Standards (Gute Laborpraxis)<\/strong>, dieser Stoff bietet eine <strong data-start=\"6509\" data-end=\"6532\">Reinheit von \u226599%<\/strong>, <strong data-start=\"6534\" data-end=\"6559\">chemische Stabilit\u00e4t<\/strong> Und <strong data-start=\"6563\" data-end=\"6585\">Chargenkonsistenz<\/strong>, was es ideal macht f\u00fcr <strong data-start=\"6613\" data-end=\"6675\">chromatographische, spektroskopische und Strukturforschung<\/strong>.<\/p>\n<blockquote data-start=\"6680\" data-end=\"6824\">\n<p data-start=\"6682\" data-end=\"6824\">\u26a0\ufe0f <strong data-start=\"6685\" data-end=\"6696\">Hinweis:<\/strong> Dieses Produkt ist <strong data-start=\"6712\" data-end=\"6762\">nur f\u00fcr Laborforschung bestimmt<\/strong> Und <strong data-start=\"6766\" data-end=\"6823\">nicht f\u00fcr den menschlichen oder tierischen Verzehr geeignet<\/strong>.<\/p>\n<\/blockquote>\n<hr data-start=\"6826\" data-end=\"6829\" \/>\n<h3 data-start=\"6831\" data-end=\"6862\"><strong data-start=\"6835\" data-end=\"6862\">Hauptmerkmale<\/strong><\/h3>\n<ul data-start=\"6864\" data-end=\"7356\">\n<li data-start=\"6864\" data-end=\"6931\">\n<p data-start=\"6866\" data-end=\"6931\"><strong data-start=\"6866\" data-end=\"6898\">Hohe analytische Reinheit:<\/strong> \u226599% getestet mittels HPLC und GC-MS.<\/p>\n<\/li>\n<li data-start=\"6932\" data-end=\"7025\">\n<p data-start=\"6934\" data-end=\"7025\"><strong data-start=\"6934\" data-end=\"6958\">Stabiles Oxalatsalz:<\/strong> H\u00f6here Stabilit\u00e4t und l\u00e4ngere Haltbarkeit als freie Base.<\/p>\n<\/li>\n<li data-start=\"7026\" data-end=\"7095\">\n<p data-start=\"7028\" data-end=\"7095\"><strong data-start=\"7028\" data-end=\"7046\">GLP-Produktion:<\/strong> Hergestellt unter strengen Laborstandards.<\/p>\n<\/li>\n<li data-start=\"7096\" data-end=\"7183\">\n<p data-start=\"7098\" data-end=\"7183\"><strong data-start=\"7098\" data-end=\"7127\">Zuverl\u00e4ssige Konsistenz:<\/strong> Jede Charge wird auf Identit\u00e4t und Reinheit gepr\u00fcft. NB-5-MeO-DALT Oxalat<\/p>\n<\/li>\n<li data-start=\"7184\" data-end=\"7276\">\n<p data-start=\"7186\" data-end=\"7276\"><strong data-start=\"7186\" data-end=\"7225\">Anwendbar in der forensischen Forschung:<\/strong> Passend f\u00fcr <strong data-start=\"7240\" data-end=\"7273\">Tryptamin- und Indolanalysen<\/strong>.<\/p>\n<\/li>\n<li data-start=\"7277\" data-end=\"7356\">\n<p data-start=\"7279\" data-end=\"7356\"><strong data-start=\"7279\" data-end=\"7302\">Sichere Verpackung:<\/strong> Luftdicht und versiegelt f\u00fcr optimale Haltbarkeit.<\/p>\n<\/li>\n<\/ul>\n<hr data-start=\"7358\" data-end=\"7361\" \/>\n<h3 data-start=\"7363\" data-end=\"7380\"><strong data-start=\"7367\" data-end=\"7380\">Vorteile<\/strong><\/h3>\n<ol data-start=\"7382\" data-end=\"7834\">\n<li data-start=\"7382\" data-end=\"7464\">\n<p data-start=\"7385\" data-end=\"7464\"><strong data-start=\"7385\" data-end=\"7412\">Stabile Zusammensetzung:<\/strong> Die Oxalatform sorgt f\u00fcr Langzeitstabilit\u00e4t.<\/p>\n<\/li>\n<li data-start=\"7465\" data-end=\"7556\">\n<p data-start=\"7468\" data-end=\"7556\"><strong data-start=\"7468\" data-end=\"7505\">Verl\u00e4ssliche Forschungsergebnisse:<\/strong> Hohe Reinheit garantiert reproduzierbare Daten.<\/p>\n<\/li>\n<li data-start=\"7557\" data-end=\"7658\">\n<p data-start=\"7560\" data-end=\"7658\"><strong data-start=\"7560\" data-end=\"7588\">Professionelle Qualit\u00e4t:<\/strong> Ideal f\u00fcr <strong data-start=\"7601\" data-end=\"7655\">chromatographische und spektroskopische Anwendungen<\/strong>.<\/p>\n<\/li>\n<li data-start=\"7659\" data-end=\"7752\">\n<p data-start=\"7662\" data-end=\"7752\"><strong data-start=\"7662\" data-end=\"7692\">Forensische Nutzbarkeit:<\/strong> Passend f\u00fcr <strong data-start=\"7707\" data-end=\"7749\">toxikologische und strukturelle Forschung<\/strong>.<\/p>\n<\/li>\n<li data-start=\"7753\" data-end=\"7834\">\n<p data-start=\"7756\" data-end=\"7834\"><strong data-start=\"7756\" data-end=\"7782\">Einfach zu verwenden:<\/strong> Sichere und pr\u00e4zise Anwendung im Labor.<\/p>\n<\/li>\n<\/ol>\n<hr data-start=\"7836\" data-end=\"7839\" \/>\n<h3 data-start=\"7841\" data-end=\"7880\"><strong data-start=\"7845\" data-end=\"7880\">Verwendung (nur f\u00fcr Forschungszwecke)<\/strong><\/h3>\n<ol data-start=\"7882\" data-end=\"8301\">\n<li data-start=\"7882\" data-end=\"7969\">\n<p data-start=\"7885\" data-end=\"7969\"><strong data-start=\"7885\" data-end=\"7916\">Schutzkleidung tragen:<\/strong> Handschuhe, Schutzbrille und Laborkittel erforderlich.<\/p>\n<\/li>\n<li data-start=\"7970\" data-end=\"8056\">\n<p data-start=\"7973\" data-end=\"8056\"><strong data-start=\"7973\" data-end=\"8012\">Verwendung in kontrollierter Umgebung:<\/strong> Vermeiden Sie den Kontakt mit Luft oder Feuchtigkeit.<\/p>\n<\/li>\n<li data-start=\"8057\" data-end=\"8138\">\n<p data-start=\"8060\" data-end=\"8138\"><strong data-start=\"8060\" data-end=\"8087\">Chargeninformationen beachten:<\/strong> Notieren Sie Reinheit, Menge und Bedingungen.<\/p>\n<\/li>\n<li data-start=\"8139\" data-end=\"8208\">\n<p data-start=\"8142\" data-end=\"8208\"><strong data-start=\"8142\" data-end=\"8179\">Verwenden Sie kalibrierte Ger\u00e4te:<\/strong> F\u00fcr pr\u00e4zise Messungen.<\/p>\n<\/li>\n<li data-start=\"8209\" data-end=\"8301\">\n<p data-start=\"8212\" data-end=\"8301\"><strong data-start=\"8212\" data-end=\"8246\">Abfall sicher entsorgen:<\/strong> Befolgen Sie die Sicherheitsrichtlinien des Labors.<\/p>\n<\/li>\n<\/ol>\n<blockquote data-start=\"8303\" data-end=\"8380\">\n<p data-start=\"8305\" data-end=\"8380\">\u2697\ufe0f <strong data-start=\"8308\" data-end=\"8380\">Nur f\u00fcr Labortests \u2013 nicht f\u00fcr den menschlichen Verzehr.<\/strong><\/p>\n<\/blockquote>\n<hr data-start=\"8382\" data-end=\"8385\" \/>\n<h3 data-start=\"8387\" data-end=\"8412\"><strong data-start=\"8391\" data-end=\"8412\">Hinweise zur Lagerung<\/strong><\/h3>\n<ul data-start=\"8414\" data-end=\"8582\">\n<li data-start=\"8414\" data-end=\"8456\">\n<p data-start=\"8416\" data-end=\"8456\">Sparen bei <strong data-start=\"8427\" data-end=\"8436\">2\u20138 \u00b0C<\/strong>, trocken und dunkel.<\/p>\n<\/li>\n<li data-start=\"8457\" data-end=\"8493\">\n<p data-start=\"8459\" data-end=\"8493\">Beh\u00e4lter dicht verschlossen halten.<\/p>\n<\/li>\n<li data-start=\"8494\" data-end=\"8539\">\n<p data-start=\"8496\" data-end=\"8539\">Sch\u00fctzen vor <strong data-start=\"8511\" data-end=\"8536\">Licht, W\u00e4rme und Feuchtigkeit<\/strong>.<\/p>\n<\/li>\n<li data-start=\"8540\" data-end=\"8582\">\n<p data-start=\"8542\" data-end=\"8582\">Au\u00dferhalb der Reichweite unbefugter Personen aufbewahren.<\/p>\n<\/li>\n<\/ul>\n<hr data-start=\"8584\" data-end=\"8587\" \/>\n<h3 data-start=\"8589\" data-end=\"8624\"><strong data-start=\"8593\" data-end=\"8624\">H\u00e4ufig gestellte Fragen (FAQs)<\/strong><\/h3>\n<p data-start=\"8626\" data-end=\"8795\"><strong data-start=\"8626\" data-end=\"8679\">1. Wof\u00fcr wird NB-5-MeO-DALT-Oxalat verwendet?<\/strong><br data-start=\"8679\" data-end=\"8682\" \/>F\u00fcr <strong data-start=\"8687\" data-end=\"8735\">analytische, chemische und forensische Forschung<\/strong>, haupts\u00e4chlich konzentriert auf <strong data-start=\"8755\" data-end=\"8792\">Tryptamin- und Indolverbindungen<\/strong>.<\/p>\n<p data-start=\"8797\" data-end=\"9005\"><strong data-start=\"8797\" data-end=\"8854\">2. Ist NB-5-MeO-DALT Oxalat zum Verzehr geeignet?<\/strong><br data-start=\"8854\" data-end=\"8857\" \/>NEIN. <strong data-start=\"8862\" data-end=\"8887\">NB-5-MeO-DALT-Oxalat<\/strong> Ist <strong data-start=\"8891\" data-end=\"8941\">nur f\u00fcr Laborforschung bestimmt<\/strong> Und <strong data-start=\"8945\" data-end=\"9002\">nicht f\u00fcr den menschlichen oder tierischen Verzehr geeignet<\/strong>.<\/p>\n<p data-start=\"9007\" data-end=\"9165\"><strong data-start=\"9007\" data-end=\"9060\">3. Wie ist NB-5-MeO-DALT Oxalat aufzubewahren?<\/strong><br data-start=\"9060\" data-end=\"9063\" \/>Sparen Sie bei einem <strong data-start=\"9077\" data-end=\"9119\">k\u00fchl, trocken und dunkel lagern (2\u20138\u00b0C)<\/strong> im <strong data-start=\"9126\" data-end=\"9162\">luftdichte Originalverpackung<\/strong>.<\/p>\n<hr data-start=\"9167\" data-end=\"9170\" \/>\n<h3 data-start=\"9172\" data-end=\"9189\"><strong data-start=\"9176\" data-end=\"9189\">Abschluss<\/strong><\/h3>\n<p data-start=\"9191\" data-end=\"9456\"><strong data-start=\"9191\" data-end=\"9216\">NB-5-MeO-DALT-Oxalat<\/strong> ist ein <strong data-start=\"9224\" data-end=\"9255\">hochwertiges Forschungsmaterial<\/strong> mit ausgezeichneten <strong data-start=\"9272\" data-end=\"9322\">Stabilit\u00e4t, Reinheit und Reproduzierbarkeit<\/strong>.<br data-start=\"9323\" data-end=\"9326\" \/>Es ist die ideale Wahl f\u00fcr Labore, die sich auf <strong data-start=\"9386\" data-end=\"9453\">Tryptaminanalyse, Indolforschung und forensische Anwendungen<\/strong>.<\/p>","protected":false},"excerpt":{"rendered":"<h3><span data-sheets-value=\"{\" data-sheets-userformat=\"{\"><span style=\"vertical-align: inherit;\"><span style=\"vertical-align: inherit;\">NB-5-MeO-DALT-Oxalat-Eigenschaften<\/span><\/span><\/span><\/h3>\n<p><strong><span style=\"vertical-align: inherit;\"><span style=\"vertical-align: inherit;\">Synonym: tert-Butyl-3-(2-(diallylamino)ethyl)-5-methoxy-1H-indol-1-carboxylatoxalat <\/span><\/span><\/strong><br \/>\n<strong><span style=\"vertical-align: inherit;\"><span style=\"vertical-align: inherit;\">CAS-Nummer:<\/span><\/span><\/strong><span style=\"vertical-align: inherit;\"><span style=\"vertical-align: inherit;\"> keiner <\/span><\/span><br \/>\n<strong><span style=\"vertical-align: inherit;\"><span style=\"vertical-align: inherit;\">Formel:<\/span><\/span><\/strong><span style=\"vertical-align: inherit;\"><span style=\"vertical-align: inherit;\"> XX <\/span><\/span><br \/>\n<strong><span style=\"vertical-align: inherit;\"><span style=\"vertical-align: inherit;\">Molmasse:<\/span><\/span><\/strong><span style=\"vertical-align: inherit;\"><span style=\"vertical-align: inherit;\"> xx <\/span><\/span><br \/>\n<strong><span style=\"vertical-align: inherit;\"><span style=\"vertical-align: inherit;\">Reinheit:<\/span><\/span><\/strong><span style=\"vertical-align: inherit;\"><span style=\"vertical-align: inherit;\"> 98%&gt;<\/span><\/span><\/p>","protected":false},"featured_media":28567,"comment_status":"closed","ping_status":"closed","template":"","meta":[],"product_brand":[],"product_cat":[489,381],"product_tag":[452,1103],"class_list":{"0":"post-23915","1":"product","2":"type-product","3":"status-publish","4":"has-post-thumbnail","6":"product_cat-nb-5-meo-dalt","7":"product_cat-tryptamines","8":"product_tag-de","9":"product_tag-nb-5-meo-dalt-oxalate-2","11":"first","12":"instock","13":"taxable","14":"shipping-taxable","15":"purchasable","16":"product-type-variable"},"_links":{"self":[{"href":"https:\/\/researchchemicalhub.com\/de\/wp-json\/wp\/v2\/product\/23915","targetHints":{"allow":["GET"]}}],"collection":[{"href":"https:\/\/researchchemicalhub.com\/de\/wp-json\/wp\/v2\/product"}],"about":[{"href":"https:\/\/researchchemicalhub.com\/de\/wp-json\/wp\/v2\/types\/product"}],"replies":[{"embeddable":true,"href":"https:\/\/researchchemicalhub.com\/de\/wp-json\/wp\/v2\/comments?post=23915"}],"version-history":[{"count":6,"href":"https:\/\/researchchemicalhub.com\/de\/wp-json\/wp\/v2\/product\/23915\/revisions"}],"predecessor-version":[{"id":27922,"href":"https:\/\/researchchemicalhub.com\/de\/wp-json\/wp\/v2\/product\/23915\/revisions\/27922"}],"wp:featuredmedia":[{"embeddable":true,"href":"https:\/\/researchchemicalhub.com\/de\/wp-json\/wp\/v2\/media\/28567"}],"wp:attachment":[{"href":"https:\/\/researchchemicalhub.com\/de\/wp-json\/wp\/v2\/media?parent=23915"}],"wp:term":[{"taxonomy":"product_brand","embeddable":true,"href":"https:\/\/researchchemicalhub.com\/de\/wp-json\/wp\/v2\/product_brand?post=23915"},{"taxonomy":"product_cat","embeddable":true,"href":"https:\/\/researchchemicalhub.com\/de\/wp-json\/wp\/v2\/product_cat?post=23915"},{"taxonomy":"product_tag","embeddable":true,"href":"https:\/\/researchchemicalhub.com\/de\/wp-json\/wp\/v2\/product_tag?post=23915"}],"curies":[{"name":"wp","href":"https:\/\/api.w.org\/{rel}","templated":true}]}}