{"id":23896,"date":"2025-04-13T17:40:39","date_gmt":"2025-04-13T17:40:39","guid":{"rendered":"https:\/\/researchchemicalhub.com\/?post_type=product&#038;p=23896"},"modified":"2025-10-30T07:56:46","modified_gmt":"2025-10-30T07:56:46","slug":"norflurazepam-10-mg-pellets","status":"publish","type":"product","link":"https:\/\/researchchemicalhub.com\/de\/geschaft\/benzodiazepine\/norflurazepam-10-mg-pellets\/","title":{"rendered":"Norflurazepam 10 mg Pellets"},"content":{"rendered":"<h3 data-start=\"6139\" data-end=\"6158\"><strong data-start=\"6143\" data-end=\"6158\">Einf\u00fchrung<\/strong><\/h3>\n<p data-start=\"6160\" data-end=\"6523\"><strong data-start=\"6160\" data-end=\"6190\">Norflurazepam 10 mg Pellets<\/strong> Sind <strong data-start=\"6196\" data-end=\"6243\">Forschungssubstanzen in analytischer Qualit\u00e4t<\/strong>, entwickelt f\u00fcr <strong data-start=\"6261\" data-end=\"6315\">wissenschaftliche, forensische und chemische Forschung<\/strong>. Norflurazepam 10 mg Pellets<br data-start=\"6316\" data-end=\"6319\" \/>Auch bekannt als <strong data-start=\"6334\" data-end=\"6356\">Desalkylflurazepam<\/strong>geh\u00f6rt diese Verbindung zu der <strong data-start=\"6389\" data-end=\"6413\">Benzodiazepin-Klasse<\/strong> und es ist ein <strong data-start=\"6428\" data-end=\"6476\">Metabolit verschiedener Benzodiazepine<\/strong>, unter denen <strong data-start=\"6488\" data-end=\"6502\">Diclazepam<\/strong> Und <strong data-start=\"6506\" data-end=\"6520\">Flurazepam<\/strong>.<\/p>\n<p data-start=\"6525\" data-end=\"6758\">Jedes Pellet enth\u00e4lt <strong data-start=\"6543\" data-end=\"6573\">10 Milligramm Norflurazepam<\/strong> mit einer garantierten Reinheit von <strong data-start=\"6611\" data-end=\"6619\">\u226599%<\/strong>, getestet unter <strong data-start=\"6634\" data-end=\"6668\">Gute Laborpraxis (GLP)<\/strong>-Standards.<br data-start=\"6676\" data-end=\"6679\" \/>Ideal f\u00fcr <strong data-start=\"6691\" data-end=\"6755\">chromatographische, spektroskopische und toxikologische Untersuchung<\/strong>.<\/p>\n<blockquote data-start=\"6760\" data-end=\"6904\">\n<p data-start=\"6762\" data-end=\"6904\">\u26a0\ufe0f <strong data-start=\"6765\" data-end=\"6776\">Hinweis:<\/strong> Dieses Produkt ist <strong data-start=\"6792\" data-end=\"6842\">nur f\u00fcr Laborforschung bestimmt<\/strong> Und <strong data-start=\"6846\" data-end=\"6903\">nicht f\u00fcr den menschlichen oder tierischen Verzehr geeignet<\/strong>.<\/p>\n<\/blockquote>\n<hr data-start=\"6906\" data-end=\"6909\" \/>\n<h3 data-start=\"6911\" data-end=\"6942\"><strong data-start=\"6915\" data-end=\"6942\">Hauptmerkmale<\/strong><\/h3>\n<ul data-start=\"6944\" data-end=\"7442\">\n<li data-start=\"6944\" data-end=\"7043\">\n<p data-start=\"6946\" data-end=\"7043\"><strong data-start=\"6946\" data-end=\"6978\">Hohe analytische Reinheit:<\/strong> \u226599% durch chromatographische und spektroskopische Analyse getestet.<\/p>\n<\/li>\n<li data-start=\"7044\" data-end=\"7110\">\n<p data-start=\"7046\" data-end=\"7110\"><strong data-start=\"7046\" data-end=\"7066\">Genaue Dosierung:<\/strong> Jedes Pellet enth\u00e4lt <strong data-start=\"7085\" data-end=\"7107\">10 mg Norflurazepam<\/strong>.<\/p>\n<\/li>\n<li data-start=\"7111\" data-end=\"7186\">\n<p data-start=\"7113\" data-end=\"7186\"><strong data-start=\"7113\" data-end=\"7134\">Chemisch stabil:<\/strong> Best\u00e4ndig gegen Abbau unter ordnungsgem\u00e4\u00dfen Lagerbedingungen.<\/p>\n<\/li>\n<li data-start=\"7187\" data-end=\"7278\">\n<p data-start=\"7189\" data-end=\"7278\"><strong data-start=\"7189\" data-end=\"7207\">GLP-Produktion:<\/strong> Hergestellt unter strengen <strong data-start=\"7235\" data-end=\"7263\">Gute Laborpraxis<\/strong>-Richtlinien.<\/p>\n<\/li>\n<li data-start=\"7279\" data-end=\"7362\">\n<p data-start=\"7281\" data-end=\"7362\"><strong data-start=\"7281\" data-end=\"7298\">Chargengepr\u00fcft:<\/strong> Jede Charge wird auf Identit\u00e4t und Konsistenz gepr\u00fcft.<\/p>\n<\/li>\n<li data-start=\"7363\" data-end=\"7442\">\n<p data-start=\"7365\" data-end=\"7442\"><strong data-start=\"7365\" data-end=\"7388\">Sichere Verpackung:<\/strong> Luftdicht und versiegelt f\u00fcr optimale Haltbarkeit.<\/p>\n<\/li>\n<\/ul>\n<hr data-start=\"7444\" data-end=\"7447\" \/>\n<h3 data-start=\"7449\" data-end=\"7466\"><strong data-start=\"7453\" data-end=\"7466\">Vorteile<\/strong><\/h3>\n<ol data-start=\"7468\" data-end=\"7886\">\n<li data-start=\"7468\" data-end=\"7555\">\n<p data-start=\"7471\" data-end=\"7555\"><strong data-start=\"7471\" data-end=\"7508\">Verl\u00e4ssliche Forschungsergebnisse:<\/strong> Hohe Reinheit gew\u00e4hrleistet konsistente Daten.<\/p>\n<\/li>\n<li data-start=\"7556\" data-end=\"7644\">\n<p data-start=\"7559\" data-end=\"7644\"><strong data-start=\"7559\" data-end=\"7586\">Langzeitstabilit\u00e4t:<\/strong> Best\u00e4ndig gegen Licht, Feuchtigkeit und Temperaturschwankungen.<\/p>\n<\/li>\n<li data-start=\"7645\" data-end=\"7717\">\n<p data-start=\"7648\" data-end=\"7717\"><strong data-start=\"7648\" data-end=\"7672\">Benutzerfreundlich:<\/strong> Die Pelletform erm\u00f6glicht eine einfache Dosierung.<\/p>\n<\/li>\n<li data-start=\"7718\" data-end=\"7805\">\n<p data-start=\"7721\" data-end=\"7805\"><strong data-start=\"7721\" data-end=\"7749\">Professionelle Qualit\u00e4t:<\/strong> Passend f\u00fcr <strong data-start=\"7764\" data-end=\"7802\">forensische und analytische Forschung<\/strong>.<\/p>\n<\/li>\n<li data-start=\"7806\" data-end=\"7886\">\n<p data-start=\"7809\" data-end=\"7886\"><strong data-start=\"7809\" data-end=\"7840\">Internationale Standards:<\/strong> Hergestellt nach GLP-Sicherheitsstandards.<\/p>\n<\/li>\n<\/ol>\n<hr data-start=\"7888\" data-end=\"7891\" \/>\n<h3 data-start=\"7893\" data-end=\"7932\"><strong data-start=\"7897\" data-end=\"7932\">Verwendung (nur f\u00fcr Forschungszwecke)<\/strong><\/h3>\n<ol data-start=\"7934\" data-end=\"8347\">\n<li data-start=\"7934\" data-end=\"8026\">\n<p data-start=\"7937\" data-end=\"8026\"><strong data-start=\"7937\" data-end=\"7968\">Schutzkleidung tragen:<\/strong> Handschuhe, Schutzbrille und Laborkittel sind erforderlich.<\/p>\n<\/li>\n<li data-start=\"8027\" data-end=\"8096\">\n<p data-start=\"8030\" data-end=\"8096\"><strong data-start=\"8030\" data-end=\"8067\">Verwenden Sie kalibrierte Ger\u00e4te:<\/strong> F\u00fcr pr\u00e4zise Messungen.<\/p>\n<\/li>\n<li data-start=\"8097\" data-end=\"8167\">\n<p data-start=\"8100\" data-end=\"8167\"><strong data-start=\"8100\" data-end=\"8127\">Chargeninformationen beachten:<\/strong> Reinheit und Menge aufzeichnen.<\/p>\n<\/li>\n<li data-start=\"8168\" data-end=\"8254\">\n<p data-start=\"8171\" data-end=\"8254\"><strong data-start=\"8171\" data-end=\"8211\">Arbeiten Sie in einer kontrollierten Umgebung:<\/strong> Verwenden Sie sterile Laborger\u00e4te.<\/p>\n<\/li>\n<li data-start=\"8255\" data-end=\"8347\">\n<p data-start=\"8258\" data-end=\"8347\"><strong data-start=\"8258\" data-end=\"8292\">Abfall sicher entsorgen:<\/strong> Befolgen Sie die Sicherheitsrichtlinien des Labors.<\/p>\n<\/li>\n<\/ol>\n<blockquote data-start=\"8349\" data-end=\"8434\">\n<p data-start=\"8351\" data-end=\"8434\">\u2697\ufe0f <strong data-start=\"8354\" data-end=\"8434\">Nur f\u00fcr Labortests \u2013 nicht f\u00fcr den menschlichen Verzehr.<\/strong><\/p>\n<\/blockquote>\n<hr data-start=\"8436\" data-end=\"8439\" \/>\n<h3 data-start=\"8441\" data-end=\"8466\"><strong data-start=\"8445\" data-end=\"8466\">Hinweise zur Lagerung<\/strong><\/h3>\n<ul data-start=\"8468\" data-end=\"8636\">\n<li data-start=\"8468\" data-end=\"8510\">\n<p data-start=\"8470\" data-end=\"8510\">Sparen bei <strong data-start=\"8481\" data-end=\"8490\">2\u20138 \u00b0C<\/strong>, trocken und dunkel.<\/p>\n<\/li>\n<li data-start=\"8511\" data-end=\"8547\">\n<p data-start=\"8513\" data-end=\"8547\">Beh\u00e4lter dicht verschlossen halten.<\/p>\n<\/li>\n<li data-start=\"8548\" data-end=\"8593\">\n<p data-start=\"8550\" data-end=\"8593\">Sch\u00fctzen vor <strong data-start=\"8565\" data-end=\"8590\">Licht, Feuchtigkeit und W\u00e4rme<\/strong>.<\/p>\n<\/li>\n<li data-start=\"8594\" data-end=\"8636\">\n<p data-start=\"8596\" data-end=\"8636\">Au\u00dferhalb der Reichweite unbefugter Personen aufbewahren.<\/p>\n<\/li>\n<\/ul>\n<hr data-start=\"8638\" data-end=\"8641\" \/>\n<h3 data-start=\"8643\" data-end=\"8678\"><strong data-start=\"8647\" data-end=\"8678\">H\u00e4ufig gestellte Fragen (FAQs)<\/strong><\/h3>\n<p data-start=\"8680\" data-end=\"8839\"><strong data-start=\"8680\" data-end=\"8725\">1. Wof\u00fcr wird Norflurazepam angewendet?<\/strong><br data-start=\"8725\" data-end=\"8728\" \/>F\u00fcr <strong data-start=\"8733\" data-end=\"8771\">analytische und forensische Forschung<\/strong>, mit Schwerpunkt auf <strong data-start=\"8787\" data-end=\"8836\">Benzodiazepinanalyse und Metabolitenstudie<\/strong>. Norflurazepam 10 mg Pellets<\/p>\n<p data-start=\"8841\" data-end=\"9059\"><strong data-start=\"8841\" data-end=\"8901\">2. Ist Norflurazepam f\u00fcr den menschlichen Verzehr geeignet?<\/strong><br data-start=\"8901\" data-end=\"8904\" \/>NEIN. <strong data-start=\"8909\" data-end=\"8939\">Norflurazepam 10 mg Pellets<\/strong> Sind <strong data-start=\"8945\" data-end=\"8995\">nur f\u00fcr Laborforschung bestimmt<\/strong> Und <strong data-start=\"8999\" data-end=\"9056\">nicht f\u00fcr den menschlichen oder tierischen Verzehr geeignet<\/strong>.<\/p>\n<p data-start=\"9061\" data-end=\"9211\"><strong data-start=\"9061\" data-end=\"9106\">3. Wie bewahre ich Norflurazepam am besten auf?<\/strong><br data-start=\"9106\" data-end=\"9109\" \/>Sparen Sie bei einem <strong data-start=\"9123\" data-end=\"9165\">k\u00fchl, trocken und dunkel lagern (2\u20138\u00b0C)<\/strong> im <strong data-start=\"9172\" data-end=\"9208\">luftdichte Originalverpackung<\/strong>.<\/p>\n<hr data-start=\"9213\" data-end=\"9216\" \/>\n<h3 data-start=\"9218\" data-end=\"9235\"><strong data-start=\"9222\" data-end=\"9235\">Abschluss<\/strong><\/h3>\n<p data-start=\"9237\" data-end=\"9533\"><strong data-start=\"9237\" data-end=\"9267\">Norflurazepam 10 mg Pellets<\/strong> Angebot <strong data-start=\"9275\" data-end=\"9337\">ausgezeichnete Reinheit, Stabilit\u00e4t und Reproduzierbarkeit<\/strong>, ideal f\u00fcr <strong data-start=\"9351\" data-end=\"9399\">analytische, chemische und forensische Forschung<\/strong>.<br data-start=\"9400\" data-end=\"9403\" \/>Eine zuverl\u00e4ssige Wahl f\u00fcr Labore mit Schwerpunkt auf <strong data-start=\"9462\" data-end=\"9530\">Benzodiazepinanalyse, Rezeptorstudien und Strukturforschung<\/strong>.<\/p>","protected":false},"excerpt":{"rendered":"<h3><span data-sheets-value=\"{\" data-sheets-userformat=\"{\"><span dir=\"auto\" style=\"vertical-align: inherit;\"><span dir=\"auto\" style=\"vertical-align: inherit;\">Norflurazepam-Eigenschaften<\/span><\/span><\/span><\/h3>\n<p><strong><span dir=\"auto\" style=\"vertical-align: inherit;\"><span dir=\"auto\" style=\"vertical-align: inherit;\">Synonym:<\/span><\/span><\/strong><span dir=\"auto\" style=\"vertical-align: inherit;\"><span dir=\"auto\" style=\"vertical-align: inherit;\"> Norflurazepam <\/span><\/span><br \/>\n<strong><span dir=\"auto\" style=\"vertical-align: inherit;\"><span dir=\"auto\" style=\"vertical-align: inherit;\">CAS-Nummer:<\/span><\/span><\/strong><span dir=\"auto\" style=\"vertical-align: inherit;\"><span dir=\"auto\" style=\"vertical-align: inherit;\"> 2886-65-9 <\/span><\/span><br \/>\n<strong><span dir=\"auto\" style=\"vertical-align: inherit;\"><span dir=\"auto\" style=\"vertical-align: inherit;\">Formel:<\/span><\/span><\/strong><span dir=\"auto\" style=\"vertical-align: inherit;\"><span dir=\"auto\" style=\"vertical-align: inherit;\"> 7-Chlor-5-(2-fluorphenyl)-1,3-dihydro-2H-1,4-benzodiazepin-2-on <\/span><\/span><br \/>\n<strong><span dir=\"auto\" style=\"vertical-align: inherit;\"><span dir=\"auto\" style=\"vertical-align: inherit;\">Molmasse:<\/span><\/span><\/strong><span dir=\"auto\" style=\"vertical-align: inherit;\"><span dir=\"auto\" style=\"vertical-align: inherit;\"> 299,3 g\/mol <\/span><\/span><br \/>\n<strong><span dir=\"auto\" style=\"vertical-align: inherit;\"><span dir=\"auto\" style=\"vertical-align: inherit;\">Reinheit:<\/span><\/span><\/strong><span dir=\"auto\" style=\"vertical-align: inherit;\"><span dir=\"auto\" style=\"vertical-align: inherit;\"> &gt;97%<\/span><\/span><\/p>","protected":false},"featured_media":28578,"comment_status":"closed","ping_status":"closed","template":"","meta":[],"product_brand":[],"product_cat":[76,388,394,324,398],"product_tag":[326],"class_list":{"0":"post-23896","1":"product","2":"type-product","3":"status-publish","4":"has-post-thumbnail","6":"product_cat-benzodiazepinen","7":"product_cat-norflurazepam","8":"product_cat-norflurazepam-pellets","9":"product_cat-pellets-for-pellet","10":"product_cat-verkoop","11":"product_tag-nl","13":"first","14":"instock","15":"sale","16":"taxable","17":"shipping-taxable","18":"purchasable","19":"product-type-variable"},"_links":{"self":[{"href":"https:\/\/researchchemicalhub.com\/de\/wp-json\/wp\/v2\/product\/23896","targetHints":{"allow":["GET"]}}],"collection":[{"href":"https:\/\/researchchemicalhub.com\/de\/wp-json\/wp\/v2\/product"}],"about":[{"href":"https:\/\/researchchemicalhub.com\/de\/wp-json\/wp\/v2\/types\/product"}],"replies":[{"embeddable":true,"href":"https:\/\/researchchemicalhub.com\/de\/wp-json\/wp\/v2\/comments?post=23896"}],"version-history":[{"count":5,"href":"https:\/\/researchchemicalhub.com\/de\/wp-json\/wp\/v2\/product\/23896\/revisions"}],"predecessor-version":[{"id":27924,"href":"https:\/\/researchchemicalhub.com\/de\/wp-json\/wp\/v2\/product\/23896\/revisions\/27924"}],"wp:featuredmedia":[{"embeddable":true,"href":"https:\/\/researchchemicalhub.com\/de\/wp-json\/wp\/v2\/media\/28578"}],"wp:attachment":[{"href":"https:\/\/researchchemicalhub.com\/de\/wp-json\/wp\/v2\/media?parent=23896"}],"wp:term":[{"taxonomy":"product_brand","embeddable":true,"href":"https:\/\/researchchemicalhub.com\/de\/wp-json\/wp\/v2\/product_brand?post=23896"},{"taxonomy":"product_cat","embeddable":true,"href":"https:\/\/researchchemicalhub.com\/de\/wp-json\/wp\/v2\/product_cat?post=23896"},{"taxonomy":"product_tag","embeddable":true,"href":"https:\/\/researchchemicalhub.com\/de\/wp-json\/wp\/v2\/product_tag?post=23896"}],"curies":[{"name":"wp","href":"https:\/\/api.w.org\/{rel}","templated":true}]}}