{"id":23884,"date":"2025-04-13T17:40:36","date_gmt":"2025-04-13T17:40:36","guid":{"rendered":"https:\/\/researchchemicalhub.com\/?post_type=product&#038;p=23884"},"modified":"2025-10-30T08:02:26","modified_gmt":"2025-10-30T08:02:26","slug":"5-mmpa","status":"publish","type":"product","link":"https:\/\/researchchemicalhub.com\/de\/shop\/5-mmpa\/5-mmpa\/","title":{"rendered":"5-MMPA"},"content":{"rendered":"<p data-start=\"6069\" data-end=\"6367\"><strong data-start=\"6069\" data-end=\"6079\">5-MMPA<\/strong> (5-Methyl-Methoxyphenethylamin) ist ein <strong data-start=\"6119\" data-end=\"6145\">Phenethylamin-Derivat<\/strong> die oft verwendet wird in <strong data-start=\"6173\" data-end=\"6211\">analytische und forensische Forschung<\/strong>.<br data-start=\"6212\" data-end=\"6215\" \/>Die Verbindung dient als <strong data-start=\"6239\" data-end=\"6262\">Referenzstandard<\/strong> in Laboren, die sich auf <strong data-start=\"6298\" data-end=\"6337\">Struktur- und Stoffwechselanalyse<\/strong> von Phenethylamin-Analoga. <span class=\"___SBox_epc1q-ko_ ___SText_zko9t-ko_\" data-ui-name=\"Link.Text\">5 mmpa<\/span><\/p>\n<p data-start=\"6369\" data-end=\"6551\">Produziert unter <strong data-start=\"6388\" data-end=\"6422\">Gute Laborpraxis (GLP)<\/strong>-Standards, 5-MMPA bietet eine <strong data-start=\"6448\" data-end=\"6471\">Reinheit von \u226599%<\/strong> und ausgezeichnet <strong data-start=\"6487\" data-end=\"6512\">chemische Stabilit\u00e4t<\/strong> f\u00fcr zuverl\u00e4ssige Forschungsergebnisse.<\/p>\n<blockquote data-start=\"6553\" data-end=\"6697\">\n<p data-start=\"6555\" data-end=\"6697\">\u26a0\ufe0f <strong data-start=\"6558\" data-end=\"6569\">Hinweis:<\/strong> Dieses Produkt ist <strong data-start=\"6585\" data-end=\"6635\">nur f\u00fcr Laborforschung bestimmt<\/strong> Und <strong data-start=\"6639\" data-end=\"6696\">nicht f\u00fcr den menschlichen oder tierischen Verzehr geeignet<\/strong>.<\/p>\n<\/blockquote>\n<hr data-start=\"6699\" data-end=\"6702\" \/>\n<h3 data-start=\"6704\" data-end=\"6735\"><strong data-start=\"6708\" data-end=\"6735\">Hauptmerkmale<\/strong><\/h3>\n<ul data-start=\"6737\" data-end=\"7189\">\n<li data-start=\"6737\" data-end=\"6805\">\n<p data-start=\"6739\" data-end=\"6805\"><strong data-start=\"6739\" data-end=\"6771\">Hohe analytische Reinheit:<\/strong> \u226599%, getestet mittels HPLC und GC-MS.<\/p>\n<\/li>\n<li data-start=\"6806\" data-end=\"6872\">\n<p data-start=\"6808\" data-end=\"6872\"><strong data-start=\"6808\" data-end=\"6829\">Chemisch stabil:<\/strong> Bei sachgem\u00e4\u00dfer Lagerung zersetzungsbest\u00e4ndig.<\/p>\n<\/li>\n<li data-start=\"6873\" data-end=\"6951\">\n<p data-start=\"6875\" data-end=\"6951\"><strong data-start=\"6875\" data-end=\"6893\">GLP-Produktion:<\/strong> Hergestellt nach internationalen Laborstandards.<\/p>\n<\/li>\n<li data-start=\"6952\" data-end=\"7031\">\n<p data-start=\"6954\" data-end=\"7031\"><strong data-start=\"6954\" data-end=\"6981\">Phenethylamin-Derivat:<\/strong> Geeignet f\u00fcr Struktur- und Rezeptorforschung.<\/p>\n<\/li>\n<li data-start=\"7032\" data-end=\"7107\">\n<p data-start=\"7034\" data-end=\"7107\"><strong data-start=\"7034\" data-end=\"7051\">Chargengepr\u00fcft:<\/strong> Jede Charge wird auf Identit\u00e4t und Reinheit gepr\u00fcft.<\/p>\n<\/li>\n<li data-start=\"7108\" data-end=\"7189\">\n<p data-start=\"7110\" data-end=\"7189\"><strong data-start=\"7110\" data-end=\"7133\">Sichere Verpackung:<\/strong> Luftdicht und versiegelt f\u00fcr lange Haltbarkeit.<\/p>\n<\/li>\n<\/ul>\n<hr data-start=\"7191\" data-end=\"7194\" \/>\n<h3 data-start=\"7196\" data-end=\"7213\"><strong data-start=\"7200\" data-end=\"7213\">Vorteile<\/strong><\/h3>\n<ol data-start=\"7215\" data-end=\"7650\">\n<li data-start=\"7215\" data-end=\"7292\">\n<p data-start=\"7218\" data-end=\"7292\"><strong data-start=\"7218\" data-end=\"7245\">Zuverl\u00e4ssige Ergebnisse:<\/strong> Hohe Reinheit gew\u00e4hrleistet genaue Daten.<\/p>\n<\/li>\n<li data-start=\"7293\" data-end=\"7395\">\n<p data-start=\"7296\" data-end=\"7395\"><strong data-start=\"7296\" data-end=\"7317\">Weitgehend anwendbar:<\/strong> Passend f\u00fcr <strong data-start=\"7332\" data-end=\"7392\">Chromatographie, Spektroskopie und toxikologische Forschung<\/strong>.<\/p>\n<\/li>\n<li data-start=\"7396\" data-end=\"7475\">\n<p data-start=\"7399\" data-end=\"7475\"><strong data-start=\"7399\" data-end=\"7423\">Referenzstandard:<\/strong> Perfekt f\u00fcr Kalibrierung und Vergleichsanalyse.<\/p>\n<\/li>\n<li data-start=\"7476\" data-end=\"7564\">\n<p data-start=\"7479\" data-end=\"7564\"><strong data-start=\"7479\" data-end=\"7506\">Langzeitstabilit\u00e4t:<\/strong> Best\u00e4ndig gegen Licht, Feuchtigkeit und Temperaturschwankungen.<\/p>\n<\/li>\n<li data-start=\"7565\" data-end=\"7650\">\n<p data-start=\"7568\" data-end=\"7650\"><strong data-start=\"7568\" data-end=\"7596\">Professionelle Qualit\u00e4t:<\/strong> Ideal f\u00fcr akademische und forensische Labore.<\/p>\n<\/li>\n<\/ol>\n<hr data-start=\"7652\" data-end=\"7655\" \/>\n<h3 data-start=\"7657\" data-end=\"7696\"><strong data-start=\"7661\" data-end=\"7696\">Verwendung (nur f\u00fcr Forschungszwecke)<\/strong><\/h3>\n<ol data-start=\"7698\" data-end=\"8122\">\n<li data-start=\"7698\" data-end=\"7785\">\n<p data-start=\"7701\" data-end=\"7785\"><strong data-start=\"7701\" data-end=\"7732\">Schutzkleidung tragen:<\/strong> Handschuhe, Schutzbrille und Laborkittel erforderlich.<\/p>\n<\/li>\n<li data-start=\"7786\" data-end=\"7866\">\n<p data-start=\"7789\" data-end=\"7866\"><strong data-start=\"7789\" data-end=\"7825\">Arbeiten Sie in einer kontrollierten Umgebung:<\/strong> Nur in zertifizierten Laboren.<\/p>\n<\/li>\n<li data-start=\"7867\" data-end=\"7957\">\n<p data-start=\"7870\" data-end=\"7957\"><strong data-start=\"7870\" data-end=\"7897\">Chargeninformationen beachten:<\/strong> Notieren Sie Reinheit, Chargennummer und Testdaten.<\/p>\n<\/li>\n<li data-start=\"7958\" data-end=\"8031\">\n<p data-start=\"7961\" data-end=\"8031\"><strong data-start=\"7961\" data-end=\"7992\">Verwenden Sie Pr\u00e4zisionsger\u00e4te:<\/strong> F\u00fcr pr\u00e4zises Wiegen und Messen.<\/p>\n<\/li>\n<li data-start=\"8032\" data-end=\"8122\">\n<p data-start=\"8035\" data-end=\"8122\"><strong data-start=\"8035\" data-end=\"8068\">Abfall sicher entsorgen:<\/strong> Befolgen Sie die Sicherheitsverfahren des Labors.<\/p>\n<\/li>\n<\/ol>\n<blockquote data-start=\"8124\" data-end=\"8209\">\n<p data-start=\"8126\" data-end=\"8209\">\u2697\ufe0f <strong data-start=\"8129\" data-end=\"8209\">Nur f\u00fcr Labortests \u2013 nicht f\u00fcr den menschlichen Verzehr.<\/strong><\/p>\n<\/blockquote>\n<hr data-start=\"8211\" data-end=\"8214\" \/>\n<h3 data-start=\"8216\" data-end=\"8241\"><strong data-start=\"8220\" data-end=\"8241\">Hinweise zur Lagerung<\/strong><\/h3>\n<ul data-start=\"8243\" data-end=\"8412\">\n<li data-start=\"8243\" data-end=\"8286\">\n<p data-start=\"8245\" data-end=\"8286\">Sparen bei <strong data-start=\"8256\" data-end=\"8266\">2\u20138 \u00b0C<\/strong>, trocken und dunkel.<\/p>\n<\/li>\n<li data-start=\"8287\" data-end=\"8323\">\n<p data-start=\"8289\" data-end=\"8323\">Beh\u00e4lter dicht verschlossen halten.<\/p>\n<\/li>\n<li data-start=\"8324\" data-end=\"8369\">\n<p data-start=\"8326\" data-end=\"8369\">Sch\u00fctzen vor <strong data-start=\"8341\" data-end=\"8366\">Licht, W\u00e4rme und Feuchtigkeit<\/strong>.<\/p>\n<\/li>\n<li data-start=\"8370\" data-end=\"8412\">\n<p data-start=\"8372\" data-end=\"8412\">Au\u00dferhalb der Reichweite unbefugter Personen aufbewahren.<\/p>\n<\/li>\n<\/ul>\n<hr data-start=\"8414\" data-end=\"8417\" \/>\n<h3 data-start=\"8419\" data-end=\"8454\"><strong data-start=\"8423\" data-end=\"8454\">H\u00e4ufig gestellte Fragen (FAQs)<\/strong><\/h3>\n<p data-start=\"8456\" data-end=\"8601\"><strong data-start=\"8456\" data-end=\"8494\">1. Wof\u00fcr wird 5-MMPA verwendet?<\/strong><br data-start=\"8494\" data-end=\"8497\" \/>F\u00fcr <strong data-start=\"8502\" data-end=\"8540\">forensische und analytische Forschung<\/strong>, zielt auf <strong data-start=\"8553\" data-end=\"8598\">Phenethylamin-Analoga und Stoffwechselwege<\/strong>.<\/p>\n<p data-start=\"8603\" data-end=\"8792\"><strong data-start=\"8603\" data-end=\"8656\">2. Ist 5-MMPA f\u00fcr den menschlichen Verzehr geeignet?<\/strong><br data-start=\"8656\" data-end=\"8659\" \/>NEIN. <strong data-start=\"8664\" data-end=\"8674\">5-MMPA<\/strong> Ist <strong data-start=\"8678\" data-end=\"8728\">nur f\u00fcr Laborforschung bestimmt<\/strong> Und <strong data-start=\"8732\" data-end=\"8789\">nicht f\u00fcr den menschlichen oder tierischen Verzehr geeignet<\/strong>.<\/p>\n<p data-start=\"8794\" data-end=\"8929\"><strong data-start=\"8794\" data-end=\"8832\">3. Wie ist 5-MMPA aufzubewahren?<\/strong><br data-start=\"8832\" data-end=\"8835\" \/>Sparen Sie bei einem <strong data-start=\"8849\" data-end=\"8892\">k\u00fchl, trocken und dunkel lagern (2\u20138 \u00b0C)<\/strong> in einem <strong data-start=\"8900\" data-end=\"8926\">luftdichte Verpackung<\/strong>.<\/p>\n<hr data-start=\"8931\" data-end=\"8934\" \/>\n<h3 data-start=\"8936\" data-end=\"8953\"><strong data-start=\"8940\" data-end=\"8953\">Abschluss<\/strong><\/h3>\n<p data-start=\"8955\" data-end=\"9209\"><strong data-start=\"8955\" data-end=\"8965\">5-MMPA<\/strong> ist ein <strong data-start=\"8973\" data-end=\"9017\">hochwertiges, analytisches Forschungsmaterial<\/strong> mit ausgezeichneten <strong data-start=\"9034\" data-end=\"9084\">Reinheit, Stabilit\u00e4t und Reproduzierbarkeit<\/strong>.<br data-start=\"9085\" data-end=\"9088\" \/>Eine zuverl\u00e4ssige Wahl f\u00fcr Labore mit Schwerpunkt auf <strong data-start=\"9147\" data-end=\"9206\">strukturelle, toxikologische oder rezeptororientierte Forschung<\/strong>.<\/p>","protected":false},"excerpt":{"rendered":"<h2><span style=\"vertical-align: inherit;\"><span style=\"vertical-align: inherit;\"><span dir=\"auto\" style=\"vertical-align: inherit;\"><span dir=\"auto\" style=\"vertical-align: inherit;\">5-MMPA-Eigenschaften<\/span><\/span><\/span><\/span><\/h2>\n<p><strong><span style=\"vertical-align: inherit;\"><span style=\"vertical-align: inherit;\"><span dir=\"auto\" style=\"vertical-align: inherit;\"><span dir=\"auto\" style=\"vertical-align: inherit;\">Synonym<\/span><\/span><\/span><\/span><\/strong><span style=\"vertical-align: inherit;\"><span style=\"vertical-align: inherit;\"><span dir=\"auto\" style=\"vertical-align: inherit;\"><span dir=\"auto\" style=\"vertical-align: inherit;\"> : 5-Methylmethiopropamin <\/span><\/span><\/span><\/span><br \/>\n<strong><span style=\"vertical-align: inherit;\"><span style=\"vertical-align: inherit;\"><span dir=\"auto\" style=\"vertical-align: inherit;\"><span dir=\"auto\" style=\"vertical-align: inherit;\">CAS-Nummer<\/span><\/span><\/span><\/span><\/strong><span style=\"vertical-align: inherit;\"><span style=\"vertical-align: inherit;\"><span dir=\"auto\" style=\"vertical-align: inherit;\"><span dir=\"auto\" style=\"vertical-align: inherit;\"> : 1340105-79-4 <\/span><\/span><\/span><\/span><br \/>\n<strong><span style=\"vertical-align: inherit;\"><span style=\"vertical-align: inherit;\"><span dir=\"auto\" style=\"vertical-align: inherit;\"><span dir=\"auto\" style=\"vertical-align: inherit;\">Formel<\/span><\/span><\/span><\/span><\/strong><span style=\"vertical-align: inherit;\"><span style=\"vertical-align: inherit;\"><span dir=\"auto\" style=\"vertical-align: inherit;\"><span dir=\"auto\" style=\"vertical-align: inherit;\"> : C9H15NS \u2022 HCL <\/span><\/span><\/span><\/span><br \/>\n<strong><span style=\"vertical-align: inherit;\"><span style=\"vertical-align: inherit;\"><span dir=\"auto\" style=\"vertical-align: inherit;\"><span dir=\"auto\" style=\"vertical-align: inherit;\">Molmasse<\/span><\/span><\/span><\/span><\/strong><span style=\"vertical-align: inherit;\"><span style=\"vertical-align: inherit;\"><span dir=\"auto\" style=\"vertical-align: inherit;\"><span dir=\"auto\" style=\"vertical-align: inherit;\"> : 169,29 g mol <\/span><\/span><\/span><\/span><br \/>\n<strong><span style=\"vertical-align: inherit;\"><span style=\"vertical-align: inherit;\"><span dir=\"auto\" style=\"vertical-align: inherit;\"><span dir=\"auto\" style=\"vertical-align: inherit;\">Reinheit<\/span><\/span><\/span><\/span><\/strong><span style=\"vertical-align: inherit;\"><span style=\"vertical-align: inherit;\"><span dir=\"auto\" style=\"vertical-align: inherit;\"><span dir=\"auto\" style=\"vertical-align: inherit;\"> : \u226599%<\/span><\/span><\/span><\/span><\/p>","protected":false},"featured_media":28467,"comment_status":"closed","ping_status":"closed","template":"","meta":[],"product_brand":[],"product_cat":[491,322,79],"product_tag":[663,326],"class_list":{"0":"post-23884","1":"product","2":"type-product","3":"status-publish","4":"has-post-thumbnail","6":"product_cat-5-mmpa","7":"product_cat-bijna-verboden","8":"product_cat-cathinonen","9":"product_tag-5-mmpa","10":"product_tag-nl","12":"first","13":"instock","14":"taxable","15":"shipping-taxable","16":"purchasable","17":"product-type-variable"},"_links":{"self":[{"href":"https:\/\/researchchemicalhub.com\/de\/wp-json\/wp\/v2\/product\/23884","targetHints":{"allow":["GET"]}}],"collection":[{"href":"https:\/\/researchchemicalhub.com\/de\/wp-json\/wp\/v2\/product"}],"about":[{"href":"https:\/\/researchchemicalhub.com\/de\/wp-json\/wp\/v2\/types\/product"}],"replies":[{"embeddable":true,"href":"https:\/\/researchchemicalhub.com\/de\/wp-json\/wp\/v2\/comments?post=23884"}],"version-history":[{"count":6,"href":"https:\/\/researchchemicalhub.com\/de\/wp-json\/wp\/v2\/product\/23884\/revisions"}],"predecessor-version":[{"id":27930,"href":"https:\/\/researchchemicalhub.com\/de\/wp-json\/wp\/v2\/product\/23884\/revisions\/27930"}],"wp:featuredmedia":[{"embeddable":true,"href":"https:\/\/researchchemicalhub.com\/de\/wp-json\/wp\/v2\/media\/28467"}],"wp:attachment":[{"href":"https:\/\/researchchemicalhub.com\/de\/wp-json\/wp\/v2\/media?parent=23884"}],"wp:term":[{"taxonomy":"product_brand","embeddable":true,"href":"https:\/\/researchchemicalhub.com\/de\/wp-json\/wp\/v2\/product_brand?post=23884"},{"taxonomy":"product_cat","embeddable":true,"href":"https:\/\/researchchemicalhub.com\/de\/wp-json\/wp\/v2\/product_cat?post=23884"},{"taxonomy":"product_tag","embeddable":true,"href":"https:\/\/researchchemicalhub.com\/de\/wp-json\/wp\/v2\/product_tag?post=23884"}],"curies":[{"name":"wp","href":"https:\/\/api.w.org\/{rel}","templated":true}]}}