{"id":23860,"date":"2025-04-13T17:40:35","date_gmt":"2025-04-13T17:40:35","guid":{"rendered":"https:\/\/researchchemicalhub.com\/?post_type=product&#038;p=23860"},"modified":"2025-10-30T08:03:16","modified_gmt":"2025-10-30T08:03:16","slug":"3fmc-kopen","status":"publish","type":"product","link":"https:\/\/researchchemicalhub.com\/de\/shop\/3-fmc\/3fmc-kopen\/","title":{"rendered":"3-FMC (3-Fluormethcathinon)"},"content":{"rendered":"<p data-start=\"6228\" data-end=\"6589\"><strong data-start=\"6228\" data-end=\"6261\">3-FMC (3-Fluormethcathinon)<\/strong> ist ein <strong data-start=\"6269\" data-end=\"6326\">anregendes Forschungsmaterial von analytischer Qualit\u00e4t<\/strong>, geh\u00f6rt zu den <strong data-start=\"6344\" data-end=\"6363\">Cathinon-Klasse<\/strong>.<br data-start=\"6364\" data-end=\"6367\" \/>Es ist strukturell verwandt mit <strong data-start=\"6398\" data-end=\"6415\">Methcathinon<\/strong> und andere <strong data-start=\"6426\" data-end=\"6457\">substituierte Amphetamine<\/strong>, sofort <strong data-start=\"6467\" data-end=\"6506\">Fluorsubstitution an der 3-Position<\/strong> des Phenylrings, der seine chemischen und physikalischen Eigenschaften beeinflusst. Kaufen Sie 3fmc<\/p>\n<p data-start=\"6591\" data-end=\"6914\">Diese Verbindung wird h\u00e4ufig verwendet in <strong data-start=\"6630\" data-end=\"6678\">forensische, analytische und chemische Forschung<\/strong> f\u00fcr <strong data-start=\"6684\" data-end=\"6716\">chromatographische Kalibrierung<\/strong>, <strong data-start=\"6718\" data-end=\"6745\">toxikologische Forschung<\/strong>, Und <strong data-start=\"6750\" data-end=\"6774\">Strukturanalysen<\/strong>.<br data-start=\"6775\" data-end=\"6778\" \/>Produziert unter <strong data-start=\"6797\" data-end=\"6831\">Gute Laborpraxis (GLP)<\/strong>-Richtlinien, es bietet eine <strong data-start=\"6859\" data-end=\"6882\">Reinheit von \u226599%<\/strong> und ausgezeichnet <strong data-start=\"6898\" data-end=\"6913\">Stabilit\u00e4t<\/strong>.<\/p>\n<blockquote data-start=\"6916\" data-end=\"7060\">\n<p data-start=\"6918\" data-end=\"7060\">\u26a0\ufe0f <strong data-start=\"6921\" data-end=\"6932\">Hinweis:<\/strong> Dieses Produkt ist <strong data-start=\"6948\" data-end=\"6998\">nur f\u00fcr Laborforschung bestimmt<\/strong> Und <strong data-start=\"7002\" data-end=\"7059\">nicht f\u00fcr den menschlichen oder tierischen Verzehr geeignet<\/strong>.<\/p>\n<\/blockquote>\n<hr data-start=\"7062\" data-end=\"7065\" \/>\n<h3 data-start=\"7067\" data-end=\"7098\"><strong data-start=\"7071\" data-end=\"7098\">Hauptmerkmale<\/strong><\/h3>\n<ul data-start=\"7100\" data-end=\"7569\">\n<li data-start=\"7100\" data-end=\"7171\">\n<p data-start=\"7102\" data-end=\"7171\"><strong data-start=\"7102\" data-end=\"7134\">Hohe analytische Reinheit:<\/strong> \u226599%, best\u00e4tigt durch HPLC und GC-MS.<\/p>\n<\/li>\n<li data-start=\"7172\" data-end=\"7272\">\n<p data-start=\"7174\" data-end=\"7272\"><strong data-start=\"7174\" data-end=\"7209\">Struktur des fluorierten Cathinons:<\/strong> Ein Fluoratom an der 3-Position sorgt f\u00fcr erh\u00f6hte Stabilit\u00e4t.<\/p>\n<\/li>\n<li data-start=\"7273\" data-end=\"7344\">\n<p data-start=\"7275\" data-end=\"7344\"><strong data-start=\"7275\" data-end=\"7293\">GLP-Produktion:<\/strong> Hergestellt nach strengen Laborstandards.<\/p>\n<\/li>\n<li data-start=\"7345\" data-end=\"7422\">\n<p data-start=\"7347\" data-end=\"7422\"><strong data-start=\"7347\" data-end=\"7364\">Chargengepr\u00fcft:<\/strong> Jede Charge wird auf Identit\u00e4t und Konsistenz gepr\u00fcft.<\/p>\n<\/li>\n<li data-start=\"7423\" data-end=\"7489\">\n<p data-start=\"7425\" data-end=\"7489\"><strong data-start=\"7425\" data-end=\"7446\">Chemisch stabil:<\/strong> Bei sachgem\u00e4\u00dfer Lagerung zersetzungsbest\u00e4ndig.<\/p>\n<\/li>\n<li data-start=\"7490\" data-end=\"7569\">\n<p data-start=\"7492\" data-end=\"7569\"><strong data-start=\"7492\" data-end=\"7515\">Sichere Verpackung:<\/strong> Luftdicht und versiegelt f\u00fcr maximale Haltbarkeit. Kaufen Sie 3fmc<\/p>\n<\/li>\n<\/ul>\n<hr data-start=\"7571\" data-end=\"7574\" \/>\n<h3 data-start=\"7576\" data-end=\"7593\"><strong data-start=\"7580\" data-end=\"7593\">Vorteile<\/strong><\/h3>\n<ol data-start=\"7595\" data-end=\"8051\">\n<li data-start=\"7595\" data-end=\"7686\">\n<p data-start=\"7598\" data-end=\"7686\"><strong data-start=\"7598\" data-end=\"7635\">Verl\u00e4ssliche Forschungsergebnisse:<\/strong> Hohe Reinheit gew\u00e4hrleistet reproduzierbare Daten.<\/p>\n<\/li>\n<li data-start=\"7687\" data-end=\"7788\">\n<p data-start=\"7690\" data-end=\"7788\"><strong data-start=\"7690\" data-end=\"7710\">Weitgehend anwendbar:<\/strong> Passend f\u00fcr <strong data-start=\"7725\" data-end=\"7785\">Chromatographie, Spektroskopie und toxikologische Forschung<\/strong>.<\/p>\n<\/li>\n<li data-start=\"7789\" data-end=\"7858\">\n<p data-start=\"7792\" data-end=\"7858\"><strong data-start=\"7792\" data-end=\"7826\">Stabil und langlebig:<\/strong> Best\u00e4ndig gegen Licht und Feuchtigkeit.<\/p>\n<\/li>\n<li data-start=\"7859\" data-end=\"7958\">\n<p data-start=\"7862\" data-end=\"7958\"><strong data-start=\"7862\" data-end=\"7885\">Forensischer Wert:<\/strong> Verwendet als <strong data-start=\"7905\" data-end=\"7928\">Referenzstandard<\/strong> in der toxikologischen Forschung.<\/p>\n<\/li>\n<li data-start=\"7959\" data-end=\"8051\">\n<p data-start=\"7962\" data-end=\"8051\"><strong data-start=\"7962\" data-end=\"7990\">Professionelle Qualit\u00e4t:<\/strong> Geeignet f\u00fcr Wissenschafts- und Forschungseinrichtungen.<\/p>\n<\/li>\n<\/ol>\n<hr data-start=\"8053\" data-end=\"8056\" \/>\n<h3 data-start=\"8058\" data-end=\"8097\"><strong data-start=\"8062\" data-end=\"8097\">Verwendung (nur f\u00fcr Forschungszwecke)<\/strong><\/h3>\n<ol data-start=\"8099\" data-end=\"8538\">\n<li data-start=\"8099\" data-end=\"8186\">\n<p data-start=\"8102\" data-end=\"8186\"><strong data-start=\"8102\" data-end=\"8133\">Schutzkleidung tragen:<\/strong> Handschuhe, Schutzbrille und Laborkittel erforderlich.<\/p>\n<\/li>\n<li data-start=\"8187\" data-end=\"8273\">\n<p data-start=\"8190\" data-end=\"8273\"><strong data-start=\"8190\" data-end=\"8229\">Verwendung in kontrollierter Umgebung:<\/strong> Vermeiden Sie den Kontakt mit Luft oder Licht.<\/p>\n<\/li>\n<li data-start=\"8274\" data-end=\"8355\">\n<p data-start=\"8277\" data-end=\"8355\"><strong data-start=\"8277\" data-end=\"8314\">Verwenden Sie kalibrierte Ger\u00e4te:<\/strong> F\u00fcr pr\u00e4zise Messungen und Wiegungen.<\/p>\n<\/li>\n<li data-start=\"8356\" data-end=\"8446\">\n<p data-start=\"8359\" data-end=\"8446\"><strong data-start=\"8359\" data-end=\"8386\">Chargeninformationen beachten:<\/strong> Notieren Sie Chargennummer, Reinheit und Forschungsdaten.<\/p>\n<\/li>\n<li data-start=\"8447\" data-end=\"8538\">\n<p data-start=\"8450\" data-end=\"8538\"><strong data-start=\"8450\" data-end=\"8483\">Abfall sicher entsorgen:<\/strong> Befolgen Sie die Sicherheitsrichtlinien des Labors.<\/p>\n<\/li>\n<\/ol>\n<blockquote data-start=\"8540\" data-end=\"8625\">\n<p data-start=\"8542\" data-end=\"8625\">\u2697\ufe0f <strong data-start=\"8545\" data-end=\"8625\">Nur f\u00fcr Labortests \u2013 nicht f\u00fcr den menschlichen Verzehr.<\/strong><\/p>\n<\/blockquote>\n<hr data-start=\"8627\" data-end=\"8630\" \/>\n<h3 data-start=\"8632\" data-end=\"8657\"><strong data-start=\"8636\" data-end=\"8657\">Hinweise zur Lagerung<\/strong><\/h3>\n<ul data-start=\"8659\" data-end=\"8844\">\n<li data-start=\"8659\" data-end=\"8701\">\n<p data-start=\"8661\" data-end=\"8701\">Sparen bei <strong data-start=\"8672\" data-end=\"8681\">2\u20138 \u00b0C<\/strong>, trocken und dunkel.<\/p>\n<\/li>\n<li data-start=\"8702\" data-end=\"8738\">\n<p data-start=\"8704\" data-end=\"8738\">Beh\u00e4lter dicht verschlossen halten.<\/p>\n<\/li>\n<li data-start=\"8739\" data-end=\"8784\">\n<p data-start=\"8741\" data-end=\"8784\">Sch\u00fctzen vor <strong data-start=\"8756\" data-end=\"8781\">Licht, Feuchtigkeit und W\u00e4rme<\/strong>.<\/p>\n<\/li>\n<li data-start=\"8785\" data-end=\"8844\">\n<p data-start=\"8787\" data-end=\"8844\">Nur f\u00fcr autorisiertes Laborpersonal zug\u00e4nglich.<\/p>\n<\/li>\n<\/ul>\n<hr data-start=\"8846\" data-end=\"8849\" \/>\n<h3 data-start=\"8851\" data-end=\"8886\"><strong data-start=\"8855\" data-end=\"8886\">H\u00e4ufig gestellte Fragen (FAQs)<\/strong><\/h3>\n<p data-start=\"8888\" data-end=\"9053\"><strong data-start=\"8888\" data-end=\"8925\">1. Wof\u00fcr wird 3-FMC verwendet?<\/strong><br data-start=\"8925\" data-end=\"8928\" \/>F\u00fcr <strong data-start=\"8933\" data-end=\"8981\">analytische, forensische und chemische Forschung<\/strong>, insbesondere ausgerichtet auf <strong data-start=\"9003\" data-end=\"9050\">Cathinon-Analoga und toxikologische Studien<\/strong>.<\/p>\n<p data-start=\"9055\" data-end=\"9242\"><strong data-start=\"9055\" data-end=\"9107\">2. Ist 3-FMC f\u00fcr den menschlichen Verzehr geeignet?<\/strong><br data-start=\"9107\" data-end=\"9110\" \/>NEIN. <strong data-start=\"9115\" data-end=\"9124\">3-FMC<\/strong> Ist <strong data-start=\"9128\" data-end=\"9178\">nur f\u00fcr Laborforschung bestimmt<\/strong> Und <strong data-start=\"9182\" data-end=\"9239\">nicht f\u00fcr den menschlichen oder tierischen Verzehr geeignet<\/strong>.<\/p>\n<p data-start=\"9244\" data-end=\"9382\"><strong data-start=\"9244\" data-end=\"9281\">3. Wie ist 3-FMC aufzubewahren?<\/strong><br data-start=\"9281\" data-end=\"9284\" \/>Sparen Sie bei einem <strong data-start=\"9298\" data-end=\"9340\">k\u00fchl, trocken und dunkel lagern (2\u20138\u00b0C)<\/strong>, in einem <strong data-start=\"9349\" data-end=\"9379\">gut verschlossene Verpackung<\/strong>.<\/p>\n<hr data-start=\"9384\" data-end=\"9387\" \/>\n<h3 data-start=\"9389\" data-end=\"9406\"><strong data-start=\"9393\" data-end=\"9406\">Abschluss<\/strong><\/h3>\n<p data-start=\"9408\" data-end=\"9652\"><strong data-start=\"9408\" data-end=\"9441\">3-FMC (3-Fluormethcathinon)<\/strong> ist ein <strong data-start=\"9449\" data-end=\"9480\">hochwertiges Forschungsmaterial<\/strong> von <strong data-start=\"9485\" data-end=\"9540\">hervorragende Reinheit, Stabilit\u00e4t und Konsistenz<\/strong>.<br data-start=\"9541\" data-end=\"9544\" \/>Es ist ideal f\u00fcr Labore, die sich auf <strong data-start=\"9595\" data-end=\"9649\">forensische, chromatographische und chemische Forschung<\/strong>.<\/p>\n<h1><a style=\"font-size: 16px;\" href=\"https:\/\/researchchemicalhub.com\/de\/shop\/iboga-ibogaine\/iboga-root-bark\/\"><span dir=\"auto\" style=\"vertical-align: inherit;\"><span dir=\"auto\" style=\"vertical-align: inherit;\">Iboga-Wurzelrinde<\/span><\/span><\/a><a style=\"font-size: 16px;\" href=\"https:\/\/researchchemicalhub.com\/de\/shop\/iboga-ibogaine\/buy-ibogaine-hcl-online\/\"><span dir=\"auto\" style=\"vertical-align: inherit;\"><span dir=\"auto\" style=\"vertical-align: inherit;\">\u200b Ibogain HCL online kaufen<\/span><\/span><\/a><a style=\"font-size: 16px;\" href=\"https:\/\/researchchemicalhub.com\/de\/shop\/pellets\/o-dsmt-50mg-pellets\/\"><span dir=\"auto\" style=\"vertical-align: inherit;\"><span dir=\"auto\" style=\"vertical-align: inherit;\">\u200b o-dsmt <\/span><\/span><\/a><a style=\"font-size: 16px;\" href=\"https:\/\/researchchemicalhub.com\/de\/shop\/lysergamides\/1vlsd\/\"><span dir=\"auto\" style=\"vertical-align: inherit;\"><span dir=\"auto\" style=\"vertical-align: inherit;\">1vlsd<\/span><\/span><\/a><a style=\"font-size: 16px;\" href=\"https:\/\/researchchemicalhub.com\/de\/shop\/lysergamides\/1cp-lsd\/\"><span dir=\"auto\" style=\"vertical-align: inherit;\"><span dir=\"auto\" style=\"vertical-align: inherit;\">1cp lsd<\/span><\/span><\/a><\/h1>","protected":false},"excerpt":{"rendered":"<h2><span style=\"vertical-align: inherit;\"><span style=\"vertical-align: inherit;\"><span dir=\"auto\" style=\"vertical-align: inherit;\"><span dir=\"auto\" style=\"vertical-align: inherit;\">3-FMC-Eigenschaften<\/span><\/span><\/span><\/span><\/h2>\n<p><strong><span style=\"vertical-align: inherit;\"><span style=\"vertical-align: inherit;\"><span dir=\"auto\" style=\"vertical-align: inherit;\"><span dir=\"auto\" style=\"vertical-align: inherit;\">Synonym:<\/span><\/span><\/span><\/span><\/strong><span style=\"vertical-align: inherit;\"><span style=\"vertical-align: inherit;\"><span dir=\"auto\" style=\"vertical-align: inherit;\"><span dir=\"auto\" style=\"vertical-align: inherit;\"> 3-Fluormethcathinon \/ 1-(3-Chlorphenyl)-2-(ethylamino)propan-1-on <\/span><\/span><\/span><\/span><strong><br \/>\n<span style=\"vertical-align: inherit;\"><span style=\"vertical-align: inherit;\"><span dir=\"auto\" style=\"vertical-align: inherit;\"><span dir=\"auto\" style=\"vertical-align: inherit;\">CAS-Nummer<\/span><\/span><\/span><\/span><\/strong><span style=\"vertical-align: inherit;\"><span style=\"vertical-align: inherit;\"><span dir=\"auto\" style=\"vertical-align: inherit;\"><span dir=\"auto\" style=\"vertical-align: inherit;\"> : 1049677-77-1 <\/span><\/span><\/span><\/span><br \/>\n<strong><span style=\"vertical-align: inherit;\"><span style=\"vertical-align: inherit;\"><span dir=\"auto\" style=\"vertical-align: inherit;\"><span dir=\"auto\" style=\"vertical-align: inherit;\">Formel<\/span><\/span><\/span><\/span><\/strong><span style=\"vertical-align: inherit;\"><span style=\"vertical-align: inherit;\"><span dir=\"auto\" style=\"vertical-align: inherit;\"><span dir=\"auto\" style=\"vertical-align: inherit;\"> : C10H12FNO \u2022 HCL <\/span><\/span><\/span><\/span><br \/>\n<strong><span style=\"vertical-align: inherit;\"><span style=\"vertical-align: inherit;\"><span dir=\"auto\" style=\"vertical-align: inherit;\"><span dir=\"auto\" style=\"vertical-align: inherit;\">Molmasse<\/span><\/span><\/span><\/span><\/strong><span style=\"vertical-align: inherit;\"><span style=\"vertical-align: inherit;\"><span dir=\"auto\" style=\"vertical-align: inherit;\"><span dir=\"auto\" style=\"vertical-align: inherit;\"> : 181,210 g\/mol <\/span><\/span><\/span><\/span><br \/>\n<strong><span style=\"vertical-align: inherit;\"><span style=\"vertical-align: inherit;\"><span dir=\"auto\" style=\"vertical-align: inherit;\"><span dir=\"auto\" style=\"vertical-align: inherit;\">Reinheit<\/span><\/span><\/span><\/span><\/strong><span style=\"vertical-align: inherit;\"><span style=\"vertical-align: inherit;\"><span dir=\"auto\" style=\"vertical-align: inherit;\"><span dir=\"auto\" style=\"vertical-align: inherit;\"> : \u226599%<\/span><\/span><\/span><\/span><\/p>","protected":false},"featured_media":28404,"comment_status":"closed","ping_status":"closed","template":"","meta":[],"product_brand":[82],"product_cat":[554,322,79],"product_tag":[670,653,576,575,574,326],"class_list":{"0":"post-23860","1":"product","2":"type-product","3":"status-publish","4":"has-post-thumbnail","6":"product_brand-research-chemical","7":"product_cat-3-fmc","8":"product_cat-bijna-verboden","9":"product_cat-cathinonen","10":"product_tag-3-fmc-ervaringen","11":"product_tag-3-fluoromethcathinone","12":"product_tag-3-fmc","13":"product_tag-3fmc","14":"product_tag-3fmc-kopen","15":"product_tag-nl","17":"first","18":"instock","19":"taxable","20":"shipping-taxable","21":"purchasable","22":"product-type-variable"},"_links":{"self":[{"href":"https:\/\/researchchemicalhub.com\/de\/wp-json\/wp\/v2\/product\/23860","targetHints":{"allow":["GET"]}}],"collection":[{"href":"https:\/\/researchchemicalhub.com\/de\/wp-json\/wp\/v2\/product"}],"about":[{"href":"https:\/\/researchchemicalhub.com\/de\/wp-json\/wp\/v2\/types\/product"}],"replies":[{"embeddable":true,"href":"https:\/\/researchchemicalhub.com\/de\/wp-json\/wp\/v2\/comments?post=23860"}],"version-history":[{"count":6,"href":"https:\/\/researchchemicalhub.com\/de\/wp-json\/wp\/v2\/product\/23860\/revisions"}],"predecessor-version":[{"id":27931,"href":"https:\/\/researchchemicalhub.com\/de\/wp-json\/wp\/v2\/product\/23860\/revisions\/27931"}],"wp:featuredmedia":[{"embeddable":true,"href":"https:\/\/researchchemicalhub.com\/de\/wp-json\/wp\/v2\/media\/28404"}],"wp:attachment":[{"href":"https:\/\/researchchemicalhub.com\/de\/wp-json\/wp\/v2\/media?parent=23860"}],"wp:term":[{"taxonomy":"product_brand","embeddable":true,"href":"https:\/\/researchchemicalhub.com\/de\/wp-json\/wp\/v2\/product_brand?post=23860"},{"taxonomy":"product_cat","embeddable":true,"href":"https:\/\/researchchemicalhub.com\/de\/wp-json\/wp\/v2\/product_cat?post=23860"},{"taxonomy":"product_tag","embeddable":true,"href":"https:\/\/researchchemicalhub.com\/de\/wp-json\/wp\/v2\/product_tag?post=23860"}],"curies":[{"name":"wp","href":"https:\/\/api.w.org\/{rel}","templated":true}]}}