{"id":23777,"date":"2025-04-13T17:40:23","date_gmt":"2025-04-13T17:40:23","guid":{"rendered":"https:\/\/researchchemicalhub.com\/?post_type=product&#038;p=23777"},"modified":"2025-10-30T08:26:48","modified_gmt":"2025-10-30T08:26:48","slug":"gruner-mandala-mix","status":"publish","type":"product","link":"https:\/\/researchchemicalhub.com\/de\/geschaft\/1cp-lsd-150-mcg-kunstloscher\/gruner-mandala-mix\/","title":{"rendered":"Gr\u00fcner Mandala-Mix"},"content":{"rendered":"<p data-start=\"4798\" data-end=\"5022\"><strong data-start=\"4798\" data-end=\"4819\"><span dir=\"auto\" style=\"vertical-align: inherit;\"><span dir=\"auto\" style=\"vertical-align: inherit;\">Gr\u00fcner Mandala-Mix<\/span><\/span><\/strong><span dir=\"auto\" style=\"vertical-align: inherit;\"><span dir=\"auto\" style=\"vertical-align: inherit;\"> ist ein <\/span><\/span><strong data-start=\"4827\" data-end=\"4848\"><span dir=\"auto\" style=\"vertical-align: inherit;\"><span dir=\"auto\" style=\"vertical-align: inherit;\">Forschungsformel<\/span><\/span><\/strong><span dir=\"auto\" style=\"vertical-align: inherit;\"><span dir=\"auto\" style=\"vertical-align: inherit;\"> verwendet f\u00fcr <\/span><\/span><strong data-start=\"4873\" data-end=\"4914\"><span dir=\"auto\" style=\"vertical-align: inherit;\"><span dir=\"auto\" style=\"vertical-align: inherit;\">analytische und forensische Zwecke<\/span><\/span><\/strong><span dir=\"auto\" style=\"vertical-align: inherit;\"><span dir=\"auto\" style=\"vertical-align: inherit;\"> Es dient als <\/span><\/span><strong data-start=\"4930\" data-end=\"4951\"><span dir=\"auto\" style=\"vertical-align: inherit;\"><span dir=\"auto\" style=\"vertical-align: inherit;\">eine Referenzmischung<\/span><\/span><\/strong><span dir=\"auto\" style=\"vertical-align: inherit;\"><span dir=\"auto\" style=\"vertical-align: inherit;\"> zur Kalibrierung, zum chemischen Vergleich und zur spektrometrischen Analyse.<\/span><\/span><\/p>\n<p data-start=\"5024\" data-end=\"5201\"><span dir=\"auto\" style=\"vertical-align: inherit;\"><span dir=\"auto\" style=\"vertical-align: inherit;\">Dieses Produkt wird verwendet in <\/span><\/span><strong data-start=\"5055\" data-end=\"5124\"><span dir=\"auto\" style=\"vertical-align: inherit;\"><span dir=\"auto\" style=\"vertical-align: inherit;\">forensische Labore, Universit\u00e4ten und Forschungseinrichtungen<\/span><\/span><\/strong><span dir=\"auto\" style=\"vertical-align: inherit;\"><span dir=\"auto\" style=\"vertical-align: inherit;\"> Schwerpunkt ist die Untersuchung komplexer chemischer Verbindungen.<\/span><\/span><\/p>\n<p data-start=\"5203\" data-end=\"5327\"><span dir=\"auto\" style=\"vertical-align: inherit;\"><span dir=\"auto\" style=\"vertical-align: inherit;\">Es ist <\/span><\/span><strong data-start=\"5210\" data-end=\"5265\"><span dir=\"auto\" style=\"vertical-align: inherit;\"><span dir=\"auto\" style=\"vertical-align: inherit;\">nur f\u00fcr wissenschaftliche Forschung bestimmt<\/span><\/span><\/strong><span dir=\"auto\" style=\"vertical-align: inherit;\"><span dir=\"auto\" style=\"vertical-align: inherit;\"> Und <\/span><\/span><strong data-start=\"5269\" data-end=\"5326\"><span dir=\"auto\" style=\"vertical-align: inherit;\"><span dir=\"auto\" style=\"vertical-align: inherit;\">Nicht zum Verzehr durch Mensch oder Tier geeignet<\/span><\/span><\/strong><span dir=\"auto\" style=\"vertical-align: inherit;\"><span dir=\"auto\" style=\"vertical-align: inherit;\"> .<\/span><\/span><\/p>\n<hr data-start=\"5329\" data-end=\"5332\" \/>\n<h3 data-start=\"5334\" data-end=\"5365\"><strong data-start=\"5338\" data-end=\"5365\"><span dir=\"auto\" style=\"vertical-align: inherit;\"><span dir=\"auto\" style=\"vertical-align: inherit;\">Hauptmerkmale<\/span><\/span><\/strong><\/h3>\n<ul data-start=\"5367\" data-end=\"5870\">\n<li data-start=\"5367\" data-end=\"5491\">\n<p data-start=\"5369\" data-end=\"5491\"><strong data-start=\"5369\" data-end=\"5389\"><span dir=\"auto\" style=\"vertical-align: inherit;\"><span dir=\"auto\" style=\"vertical-align: inherit;\">Hohe Reinheit:<\/span><\/span><\/strong><span dir=\"auto\" style=\"vertical-align: inherit;\"><span dir=\"auto\" style=\"vertical-align: inherit;\"> Hergestellt unter kontrollierten Laborbedingungen f\u00fcr konsistente Forschungsergebnisse.<\/span><\/span><\/p>\n<\/li>\n<li data-start=\"5492\" data-end=\"5574\">\n<p data-start=\"5494\" data-end=\"5574\"><strong data-start=\"5494\" data-end=\"5516\"><span dir=\"auto\" style=\"vertical-align: inherit;\"><span dir=\"auto\" style=\"vertical-align: inherit;\">Forschungsformel:<\/span><\/span><\/strong><span dir=\"auto\" style=\"vertical-align: inherit;\"><span dir=\"auto\" style=\"vertical-align: inherit;\"> Entwickelt f\u00fcr analytische und chemische Testzwecke.<\/span><\/span><\/p>\n<\/li>\n<li data-start=\"5575\" data-end=\"5669\">\n<p data-start=\"5577\" data-end=\"5669\"><strong data-start=\"5577\" data-end=\"5606\"><span dir=\"auto\" style=\"vertical-align: inherit;\"><span dir=\"auto\" style=\"vertical-align: inherit;\">Zertifizierte Daten:<\/span><\/span><\/strong><span dir=\"auto\" style=\"vertical-align: inherit;\"><span dir=\"auto\" style=\"vertical-align: inherit;\"> Mit Dokumentation zur Validierung und R\u00fcckverfolgbarkeit.<\/span><\/span><\/p>\n<\/li>\n<li data-start=\"5670\" data-end=\"5767\">\n<p data-start=\"5672\" data-end=\"5767\"><strong data-start=\"5672\" data-end=\"5709\"><span dir=\"auto\" style=\"vertical-align: inherit;\"><span dir=\"auto\" style=\"vertical-align: inherit;\">Kompatibel mit Analysetechniken:<\/span><\/span><\/strong><span dir=\"auto\" style=\"vertical-align: inherit;\"><span dir=\"auto\" style=\"vertical-align: inherit;\"> Passend f\u00fcr <\/span><\/span><strong data-start=\"5724\" data-end=\"5733\"><span dir=\"auto\" style=\"vertical-align: inherit;\"><span dir=\"auto\" style=\"vertical-align: inherit;\">GC-MS<\/span><\/span><\/strong><span dir=\"auto\" style=\"vertical-align: inherit;\"><span dir=\"auto\" style=\"vertical-align: inherit;\"> , <\/span><\/span><strong data-start=\"5735\" data-end=\"5743\"><span dir=\"auto\" style=\"vertical-align: inherit;\"><span dir=\"auto\" style=\"vertical-align: inherit;\">HPLC<\/span><\/span><\/strong><span dir=\"auto\" style=\"vertical-align: inherit;\"><span dir=\"auto\" style=\"vertical-align: inherit;\"> Und <\/span><\/span><strong data-start=\"5747\" data-end=\"5755\"><span dir=\"auto\" style=\"vertical-align: inherit;\"><span dir=\"auto\" style=\"vertical-align: inherit;\">FTIR<\/span><\/span><\/strong><span dir=\"auto\" style=\"vertical-align: inherit;\"><span dir=\"auto\" style=\"vertical-align: inherit;\"> Analysen.<\/span><\/span><\/p>\n<\/li>\n<li data-start=\"5768\" data-end=\"5870\">\n<p data-start=\"5770\" data-end=\"5870\"><strong data-start=\"5770\" data-end=\"5797\"><span dir=\"auto\" style=\"vertical-align: inherit;\"><span dir=\"auto\" style=\"vertical-align: inherit;\">Stabile Zusammensetzung:<\/span><\/span><\/strong><span dir=\"auto\" style=\"vertical-align: inherit;\"><span dir=\"auto\" style=\"vertical-align: inherit;\"> Gew\u00e4hrleistet Stabilit\u00e4t und Reinheit unter den empfohlenen Lagerbedingungen.<\/span><\/span><\/p>\n<\/li>\n<\/ul>\n<hr data-start=\"5872\" data-end=\"5875\" \/>\n<h3 data-start=\"5877\" data-end=\"5894\"><strong data-start=\"5881\" data-end=\"5894\"><span dir=\"auto\" style=\"vertical-align: inherit;\"><span dir=\"auto\" style=\"vertical-align: inherit;\">Vorteile<\/span><\/span><\/strong><\/h3>\n<ul data-start=\"5896\" data-end=\"6364\">\n<li data-start=\"5896\" data-end=\"5999\">\n<p data-start=\"5898\" data-end=\"5999\"><strong data-start=\"5898\" data-end=\"5925\"><span dir=\"auto\" style=\"vertical-align: inherit;\"><span dir=\"auto\" style=\"vertical-align: inherit;\">Forensische Anwendung:<\/span><\/span><\/strong><span dir=\"auto\" style=\"vertical-align: inherit;\"><span dir=\"auto\" style=\"vertical-align: inherit;\"> Unterst\u00fctzt die Untersuchung zur Erkennung und Identifizierung von chemischen Gemischen.<\/span><\/span><\/p>\n<\/li>\n<li data-start=\"6000\" data-end=\"6091\">\n<p data-start=\"6002\" data-end=\"6091\"><strong data-start=\"6002\" data-end=\"6027\"><span dir=\"auto\" style=\"vertical-align: inherit;\"><span dir=\"auto\" style=\"vertical-align: inherit;\">Genaue Analyse:<\/span><\/span><\/strong><span dir=\"auto\" style=\"vertical-align: inherit;\"><span dir=\"auto\" style=\"vertical-align: inherit;\"> Liefert zuverl\u00e4ssige Daten f\u00fcr Chromatographie und Spektroskopie.<\/span><\/span><\/p>\n<\/li>\n<li data-start=\"6092\" data-end=\"6180\">\n<p data-start=\"6094\" data-end=\"6180\"><strong data-start=\"6094\" data-end=\"6121\"><span dir=\"auto\" style=\"vertical-align: inherit;\"><span dir=\"auto\" style=\"vertical-align: inherit;\">Zuverl\u00e4ssige Referenz:<\/span><\/span><\/strong><span dir=\"auto\" style=\"vertical-align: inherit;\"><span dir=\"auto\" style=\"vertical-align: inherit;\"> Geeignet f\u00fcr Vergleichs- und Kalibrierungszwecke in Laboren.<\/span><\/span><\/p>\n<\/li>\n<li data-start=\"6181\" data-end=\"6264\">\n<p data-start=\"6183\" data-end=\"6264\"><strong data-start=\"6183\" data-end=\"6205\"><span dir=\"auto\" style=\"vertical-align: inherit;\"><span dir=\"auto\" style=\"vertical-align: inherit;\">P\u00e4dagogischer Wert:<\/span><\/span><\/strong><span dir=\"auto\" style=\"vertical-align: inherit;\"><span dir=\"auto\" style=\"vertical-align: inherit;\"> Ideal f\u00fcr Ausbildungsprogramme im Bereich der analytischen Chemie.<\/span><\/span><\/p>\n<\/li>\n<li data-start=\"6265\" data-end=\"6364\">\n<p data-start=\"6267\" data-end=\"6364\"><strong data-start=\"6267\" data-end=\"6301\"><span dir=\"auto\" style=\"vertical-align: inherit;\"><span dir=\"auto\" style=\"vertical-align: inherit;\">Erf\u00fcllt die Sicherheitsstandards:<\/span><\/span><\/strong><span dir=\"auto\" style=\"vertical-align: inherit;\"><span dir=\"auto\" style=\"vertical-align: inherit;\"> Hergestellt gem\u00e4\u00df internationalen Laborrichtlinien.<\/span><\/span><\/p>\n<\/li>\n<\/ul>\n<hr data-start=\"6366\" data-end=\"6369\" \/>\n<h3 data-start=\"6371\" data-end=\"6432\"><strong data-start=\"6375\" data-end=\"6432\"><span dir=\"auto\" style=\"vertical-align: inherit;\"><span dir=\"auto\" style=\"vertical-align: inherit;\">Gebrauchsanweisung (Nur f\u00fcr Forschungszwecke)<\/span><\/span><\/strong><\/h3>\n<ol data-start=\"6434\" data-end=\"6815\">\n<li data-start=\"6434\" data-end=\"6540\">\n<p data-start=\"6437\" data-end=\"6540\"><strong data-start=\"6437\" data-end=\"6455\"><span dir=\"auto\" style=\"vertical-align: inherit;\"><span dir=\"auto\" style=\"vertical-align: inherit;\">Vorbereitung:<\/span><\/span><\/strong><span dir=\"auto\" style=\"vertical-align: inherit;\"><span dir=\"auto\" style=\"vertical-align: inherit;\"> Nur in akkreditierten Laboren mit geeigneter Schutzausr\u00fcstung verwenden.<\/span><\/span><\/p>\n<\/li>\n<li data-start=\"6541\" data-end=\"6637\">\n<p data-start=\"6544\" data-end=\"6637\"><strong data-start=\"6544\" data-end=\"6559\"><span dir=\"auto\" style=\"vertical-align: inherit;\"><span dir=\"auto\" style=\"vertical-align: inherit;\">Anwendung:<\/span><\/span><\/strong><span dir=\"auto\" style=\"vertical-align: inherit;\"><span dir=\"auto\" style=\"vertical-align: inherit;\"> Anwendung gem\u00e4\u00df validierten Analysemethoden unter fachkundiger Aufsicht.<\/span><\/span><\/p>\n<\/li>\n<li data-start=\"6638\" data-end=\"6723\">\n<p data-start=\"6641\" data-end=\"6723\"><strong data-start=\"6641\" data-end=\"6652\"><span dir=\"auto\" style=\"vertical-align: inherit;\"><span dir=\"auto\" style=\"vertical-align: inherit;\">Lagerung:<\/span><\/span><\/strong><span dir=\"auto\" style=\"vertical-align: inherit;\"><span dir=\"auto\" style=\"vertical-align: inherit;\"> An einem k\u00fchlen, trockenen und dunklen Ort aufbewahren, dicht verschlossen und deutlich beschriftet.<\/span><\/span><\/p>\n<\/li>\n<li data-start=\"6724\" data-end=\"6815\">\n<p data-start=\"6727\" data-end=\"6815\"><strong data-start=\"6727\" data-end=\"6738\"><span dir=\"auto\" style=\"vertical-align: inherit;\"><span dir=\"auto\" style=\"vertical-align: inherit;\">Entsorgung:<\/span><\/span><\/strong><span dir=\"auto\" style=\"vertical-align: inherit;\"><span dir=\"auto\" style=\"vertical-align: inherit;\"> Reststoffe sind gem\u00e4\u00df den \u00f6rtlichen Richtlinien f\u00fcr die Entsorgung chemischer Abf\u00e4lle zu entsorgen.<\/span><\/span><\/p>\n<\/li>\n<\/ol>\n<hr data-start=\"6817\" data-end=\"6820\" \/>\n<h3 data-start=\"6822\" data-end=\"6856\"><strong data-start=\"6826\" data-end=\"6856\"><span dir=\"auto\" style=\"vertical-align: inherit;\"><span dir=\"auto\" style=\"vertical-align: inherit;\">Sicherheit und Konformit\u00e4t<\/span><\/span><\/strong><\/h3>\n<ul data-start=\"6858\" data-end=\"7320\">\n<li data-start=\"6858\" data-end=\"6952\">\n<p data-start=\"6860\" data-end=\"6952\"><strong data-start=\"6860\" data-end=\"6896\"><span dir=\"auto\" style=\"vertical-align: inherit;\"><span dir=\"auto\" style=\"vertical-align: inherit;\">Nur f\u00fcr Laborzwecke:<\/span><\/span><\/strong><span dir=\"auto\" style=\"vertical-align: inherit;\"><span dir=\"auto\" style=\"vertical-align: inherit;\"> Nicht zum Verzehr durch Mensch oder Tier bestimmt.<\/span><\/span><\/p>\n<\/li>\n<li data-start=\"6953\" data-end=\"7095\">\n<p data-start=\"6955\" data-end=\"7095\"><strong data-start=\"6955\" data-end=\"6983\"><span dir=\"auto\" style=\"vertical-align: inherit;\"><span dir=\"auto\" style=\"vertical-align: inherit;\">Rechtliche \u00dcberlegungen:<\/span><\/span><\/strong><span dir=\"auto\" style=\"vertical-align: inherit;\"><span dir=\"auto\" style=\"vertical-align: inherit;\"> Die rechtliche Stellung von Green Mandala Mix kann je nach Land unterschiedlich sein. Bitte informieren Sie sich stets \u00fcber die \u00f6rtlichen Bestimmungen.<\/span><\/span><\/p>\n<\/li>\n<li data-start=\"7096\" data-end=\"7192\">\n<p data-start=\"7098\" data-end=\"7192\"><strong data-start=\"7098\" data-end=\"7126\"><span dir=\"auto\" style=\"vertical-align: inherit;\"><span dir=\"auto\" style=\"vertical-align: inherit;\">Gesundheit und Sicherheit:<\/span><\/span><\/strong><span dir=\"auto\" style=\"vertical-align: inherit;\"><span dir=\"auto\" style=\"vertical-align: inherit;\"> Vermeiden Sie den Kontakt mit Haut und Augen und tragen Sie Schutzausr\u00fcstung.<\/span><\/span><\/p>\n<\/li>\n<li data-start=\"7193\" data-end=\"7320\">\n<p data-start=\"7195\" data-end=\"7320\"><strong data-start=\"7195\" data-end=\"7212\"><span dir=\"auto\" style=\"vertical-align: inherit;\"><span dir=\"auto\" style=\"vertical-align: inherit;\">Dokumentation:<\/span><\/span><\/strong><span dir=\"auto\" style=\"vertical-align: inherit;\"><span dir=\"auto\" style=\"vertical-align: inherit;\"> A <\/span><\/span><strong data-start=\"7217\" data-end=\"7253\"><span dir=\"auto\" style=\"vertical-align: inherit;\"><span dir=\"auto\" style=\"vertical-align: inherit;\">Sicherheitsdatenblatt (MSDS)<\/span><\/span><\/strong><span dir=\"auto\" style=\"vertical-align: inherit;\"><span dir=\"auto\" style=\"vertical-align: inherit;\"> Weitere Analysezertifikate sind auf Anfrage erh\u00e4ltlich.<\/span><\/span><\/p>\n<\/li>\n<\/ul>\n<hr data-start=\"7322\" data-end=\"7325\" \/>\n<h3 data-start=\"7327\" data-end=\"7362\"><strong data-start=\"7331\" data-end=\"7362\"><span dir=\"auto\" style=\"vertical-align: inherit;\"><span dir=\"auto\" style=\"vertical-align: inherit;\">H\u00e4ufig gestellte Fragen (FAQs)<\/span><\/span><\/strong><\/h3>\n<p data-start=\"7364\" data-end=\"7550\"><strong data-start=\"7364\" data-end=\"7413\"><span dir=\"auto\" style=\"vertical-align: inherit;\"><span dir=\"auto\" style=\"vertical-align: inherit;\">1. Wof\u00fcr wird die gr\u00fcne Mandala-Mischung verwendet?<\/span><\/span><\/strong><br data-start=\"7413\" data-end=\"7416\" \/><span dir=\"auto\" style=\"vertical-align: inherit;\"><span dir=\"auto\" style=\"vertical-align: inherit;\"> Es wird verwendet als <\/span><\/span><strong data-start=\"7439\" data-end=\"7460\"><span dir=\"auto\" style=\"vertical-align: inherit;\"><span dir=\"auto\" style=\"vertical-align: inherit;\">eine Referenzmischung<\/span><\/span><\/strong><span dir=\"auto\" style=\"vertical-align: inherit;\"><span dir=\"auto\" style=\"vertical-align: inherit;\"> in forensischen und analytischen Laboren zur Identifizierung und vergleichenden Forschung.<\/span><\/span><\/p>\n<p data-start=\"7552\" data-end=\"7758\"><strong data-start=\"7552\" data-end=\"7616\"><span dir=\"auto\" style=\"vertical-align: inherit;\"><span dir=\"auto\" style=\"vertical-align: inherit;\">2. Ist die gr\u00fcne Mandala-Mischung f\u00fcr den menschlichen Verzehr geeignet?<\/span><\/span><\/strong><br data-start=\"7616\" data-end=\"7619\" \/><span dir=\"auto\" style=\"vertical-align: inherit;\"><span dir=\"auto\" style=\"vertical-align: inherit;\"> Nein. Dieses Produkt ist <\/span><\/span><strong data-start=\"7639\" data-end=\"7694\"><span dir=\"auto\" style=\"vertical-align: inherit;\"><span dir=\"auto\" style=\"vertical-align: inherit;\">ausschlie\u00dflich f\u00fcr wissenschaftliche Zwecke bestimmt<\/span><\/span><\/strong><span dir=\"auto\" style=\"vertical-align: inherit;\"><span dir=\"auto\" style=\"vertical-align: inherit;\"> Und <\/span><\/span><strong data-start=\"7698\" data-end=\"7755\"><span dir=\"auto\" style=\"vertical-align: inherit;\"><span dir=\"auto\" style=\"vertical-align: inherit;\">ist nicht zum Verzehr durch Mensch oder Tier geeignet.<\/span><\/span><\/strong><span dir=\"auto\" style=\"vertical-align: inherit;\"><span dir=\"auto\" style=\"vertical-align: inherit;\"> .<\/span><\/span><\/p>\n<p data-start=\"7760\" data-end=\"7896\"><strong data-start=\"7760\" data-end=\"7812\"><span dir=\"auto\" style=\"vertical-align: inherit;\"><span dir=\"auto\" style=\"vertical-align: inherit;\">3. Wie sollte die gr\u00fcne Mandala-Mischung gelagert werden?<\/span><\/span><\/strong><br data-start=\"7812\" data-end=\"7815\" \/><span dir=\"auto\" style=\"vertical-align: inherit;\"><span dir=\"auto\" style=\"vertical-align: inherit;\"> An einem k\u00fchlen, trockenen und dunklen Ort, fest verschlossen und au\u00dferhalb der Reichweite von Unbefugten aufbewahren.<\/span><\/span><\/p>","protected":false},"excerpt":{"rendered":"<h2><span dir=\"auto\" style=\"vertical-align: inherit;\"><span dir=\"auto\" style=\"vertical-align: inherit;\">Gr\u00fcnes Mandala 4-FMA + 2-CE + 1cP-LSD<\/span><\/span><\/h2>\n<p><strong><span dir=\"auto\" style=\"vertical-align: inherit;\"><span dir=\"auto\" style=\"vertical-align: inherit;\">The Green Mandala mix contains enough 4-FMA, 2-CE, and 1cP-LSD for research conducted by one person. Always start your research with a quarter or half a vial and then find the best dosage for your needs!<\/span><\/span><\/strong><\/p>","protected":false},"featured_media":28537,"comment_status":"closed","ping_status":"closed","template":"","meta":[],"product_brand":[],"product_cat":[360,496,459,322,80,333,396,358,486,398],"product_tag":[629,644,1114,1113,778,664,326],"class_list":{"0":"post-23777","1":"product","2":"type-product","3":"status-publish","4":"has-post-thumbnail","6":"product_cat-1cp-lsd","7":"product_cat-2c-e","8":"product_cat-4fma-kopen","9":"product_cat-bijna-verboden","10":"product_cat-fenethylamine","11":"product_cat-gefluoreerden","12":"product_cat-liquid-rcs","13":"product_cat-lysergamides","14":"product_cat-mandala-mixes","15":"product_cat-verkoop","16":"product_tag-4-fma-kopen","17":"product_tag-4-fma","18":"product_tag-green-mandala","19":"product_tag-green-mandala-mix","20":"product_tag-jwh-210","21":"product_tag-maxtc","22":"product_tag-nl","24":"first","25":"instock","26":"sale","27":"taxable","28":"shipping-taxable","29":"purchasable","30":"product-type-variable"},"_links":{"self":[{"href":"https:\/\/researchchemicalhub.com\/de\/wp-json\/wp\/v2\/product\/23777","targetHints":{"allow":["GET"]}}],"collection":[{"href":"https:\/\/researchchemicalhub.com\/de\/wp-json\/wp\/v2\/product"}],"about":[{"href":"https:\/\/researchchemicalhub.com\/de\/wp-json\/wp\/v2\/types\/product"}],"replies":[{"embeddable":true,"href":"https:\/\/researchchemicalhub.com\/de\/wp-json\/wp\/v2\/comments?post=23777"}],"version-history":[{"count":7,"href":"https:\/\/researchchemicalhub.com\/de\/wp-json\/wp\/v2\/product\/23777\/revisions"}],"predecessor-version":[{"id":28708,"href":"https:\/\/researchchemicalhub.com\/de\/wp-json\/wp\/v2\/product\/23777\/revisions\/28708"}],"wp:featuredmedia":[{"embeddable":true,"href":"https:\/\/researchchemicalhub.com\/de\/wp-json\/wp\/v2\/media\/28537"}],"wp:attachment":[{"href":"https:\/\/researchchemicalhub.com\/de\/wp-json\/wp\/v2\/media?parent=23777"}],"wp:term":[{"taxonomy":"product_brand","embeddable":true,"href":"https:\/\/researchchemicalhub.com\/de\/wp-json\/wp\/v2\/product_brand?post=23777"},{"taxonomy":"product_cat","embeddable":true,"href":"https:\/\/researchchemicalhub.com\/de\/wp-json\/wp\/v2\/product_cat?post=23777"},{"taxonomy":"product_tag","embeddable":true,"href":"https:\/\/researchchemicalhub.com\/de\/wp-json\/wp\/v2\/product_tag?post=23777"}],"curies":[{"name":"wp","href":"https:\/\/api.w.org\/{rel}","templated":true}]}}