{"id":23740,"date":"2025-04-13T17:40:19","date_gmt":"2025-04-13T17:40:19","guid":{"rendered":"https:\/\/researchchemicalhub.com\/?post_type=product&#038;p=23740"},"modified":"2025-10-30T08:38:05","modified_gmt":"2025-10-30T08:38:05","slug":"chem-mist-2f-dck-spray-10","status":"publish","type":"product","link":"https:\/\/researchchemicalhub.com\/de\/geschaft\/kaufen-sie-2f-dck\/chem-mist-2f-dck-spray-10\/","title":{"rendered":"Chem-Mist 2F-DCK-Spray 10%"},"content":{"rendered":"<p data-start=\"5182\" data-end=\"5517\"><strong data-start=\"5182\" data-end=\"5212\"><span dir=\"auto\" style=\"vertical-align: inherit;\"><span dir=\"auto\" style=\"vertical-align: inherit;\">Chem-Mist 2F-DCK Spray 10%<\/span><\/span><\/strong><span dir=\"auto\" style=\"vertical-align: inherit;\"><span dir=\"auto\" style=\"vertical-align: inherit;\"> ist ein <\/span><\/span><strong data-start=\"5220\" data-end=\"5255\"><span dir=\"auto\" style=\"vertical-align: inherit;\"><span dir=\"auto\" style=\"vertical-align: inherit;\">analytische Referenzl\u00f6sung<\/span><\/span><\/strong><span dir=\"auto\" style=\"vertical-align: inherit;\"><span dir=\"auto\" style=\"vertical-align: inherit;\"> enthaltend <\/span><\/span><strong data-start=\"5260\" data-end=\"5298\"><span dir=\"auto\" style=\"vertical-align: inherit;\"><span dir=\"auto\" style=\"vertical-align: inherit;\">2-Fluordeschlorketamin (2F-DCK)<\/span><\/span><\/strong><span dir=\"auto\" style=\"vertical-align: inherit;\"><span dir=\"auto\" style=\"vertical-align: inherit;\"> , eine Verbindung in der <\/span><\/span><strong data-start=\"5328\" data-end=\"5359\"><span dir=\"auto\" style=\"vertical-align: inherit;\"><span dir=\"auto\" style=\"vertical-align: inherit;\">Arylcyclohexylamin-Familie<\/span><\/span><\/strong><span dir=\"auto\" style=\"vertical-align: inherit;\"><span dir=\"auto\" style=\"vertical-align: inherit;\"> . Chemischer Nebelspray <\/span><\/span><br data-start=\"5360\" data-end=\"5363\" \/><span dir=\"auto\" style=\"vertical-align: inherit;\"><span dir=\"auto\" style=\"vertical-align: inherit;\">Es wird verwendet in <\/span><\/span><strong data-start=\"5385\" data-end=\"5427\"><span dir=\"auto\" style=\"vertical-align: inherit;\"><span dir=\"auto\" style=\"vertical-align: inherit;\">forensische und analytische Labore<\/span><\/span><\/strong><span dir=\"auto\" style=\"vertical-align: inherit;\"><span dir=\"auto\" style=\"vertical-align: inherit;\"> f\u00fcr <\/span><\/span><strong data-start=\"5433\" data-end=\"5468\"><span dir=\"auto\" style=\"vertical-align: inherit;\"><span dir=\"auto\" style=\"vertical-align: inherit;\">Kalibrierung und Methodenvalidierung<\/span><\/span><\/strong><span dir=\"auto\" style=\"vertical-align: inherit;\"><span dir=\"auto\" style=\"vertical-align: inherit;\"> bei der Untersuchung \u00e4hnlicher Verbindungen.<\/span><\/span><\/p>\n<p data-start=\"5519\" data-end=\"5651\"><span dir=\"auto\" style=\"vertical-align: inherit;\"><span dir=\"auto\" style=\"vertical-align: inherit;\">Dieses Produkt ist <\/span><\/span><strong data-start=\"5534\" data-end=\"5589\"><span dir=\"auto\" style=\"vertical-align: inherit;\"><span dir=\"auto\" style=\"vertical-align: inherit;\">nur f\u00fcr wissenschaftliche Forschung bestimmt<\/span><\/span><\/strong><span dir=\"auto\" style=\"vertical-align: inherit;\"><span dir=\"auto\" style=\"vertical-align: inherit;\"> Und <\/span><\/span><strong data-start=\"5593\" data-end=\"5650\"><span dir=\"auto\" style=\"vertical-align: inherit;\"><span dir=\"auto\" style=\"vertical-align: inherit;\">ist nicht zum Verzehr durch Mensch oder Tier geeignet.<\/span><\/span><\/strong><span dir=\"auto\" style=\"vertical-align: inherit;\"><span dir=\"auto\" style=\"vertical-align: inherit;\"> .<\/span><\/span><\/p>\n<hr data-start=\"5653\" data-end=\"5656\" \/>\n<h3 data-start=\"5658\" data-end=\"5689\"><strong data-start=\"5662\" data-end=\"5689\"><span dir=\"auto\" style=\"vertical-align: inherit;\"><span dir=\"auto\" style=\"vertical-align: inherit;\">Hauptmerkmale<\/span><\/span><\/strong><\/h3>\n<ul data-start=\"5691\" data-end=\"6145\">\n<li data-start=\"5691\" data-end=\"5777\">\n<p data-start=\"5693\" data-end=\"5777\"><strong data-start=\"5693\" data-end=\"5713\"><span dir=\"auto\" style=\"vertical-align: inherit;\"><span dir=\"auto\" style=\"vertical-align: inherit;\">Hohe Reinheit:<\/span><\/span><\/strong><span dir=\"auto\" style=\"vertical-align: inherit;\"><span dir=\"auto\" style=\"vertical-align: inherit;\"> Hergestellt unter kontrollierten Laborbedingungen.<\/span><\/span><\/p>\n<\/li>\n<li data-start=\"5778\" data-end=\"5854\">\n<p data-start=\"5780\" data-end=\"5854\"><strong data-start=\"5780\" data-end=\"5801\"><span dir=\"auto\" style=\"vertical-align: inherit;\"><span dir=\"auto\" style=\"vertical-align: inherit;\">10%-Konzentration:<\/span><\/span><\/strong><span dir=\"auto\" style=\"vertical-align: inherit;\"><span dir=\"auto\" style=\"vertical-align: inherit;\"> Entwickelt f\u00fcr gleichbleibende analytische Leistung.<\/span><\/span><\/p>\n<\/li>\n<li data-start=\"5855\" data-end=\"5957\">\n<p data-start=\"5857\" data-end=\"5957\"><strong data-start=\"5857\" data-end=\"5896\"><span dir=\"auto\" style=\"vertical-align: inherit;\"><span dir=\"auto\" style=\"vertical-align: inherit;\">Zertifiziertes Referenzmaterial:<\/span><\/span><\/strong><span dir=\"auto\" style=\"vertical-align: inherit;\"><span dir=\"auto\" style=\"vertical-align: inherit;\"> Im Lieferumfang enthalten <\/span><\/span><strong data-start=\"5910\" data-end=\"5938\"><span dir=\"auto\" style=\"vertical-align: inherit;\"><span dir=\"auto\" style=\"vertical-align: inherit;\">Analysezertifikat (COA)<\/span><\/span><\/strong><span dir=\"auto\" style=\"vertical-align: inherit;\"><span dir=\"auto\" style=\"vertical-align: inherit;\"> und Dokumentation.<\/span><\/span><\/p>\n<\/li>\n<li data-start=\"5958\" data-end=\"6053\">\n<p data-start=\"5960\" data-end=\"6053\"><strong data-start=\"5960\" data-end=\"5991\"><span dir=\"auto\" style=\"vertical-align: inherit;\"><span dir=\"auto\" style=\"vertical-align: inherit;\">Analytisch vielseitig:<\/span><\/span><\/strong><span dir=\"auto\" style=\"vertical-align: inherit;\"><span dir=\"auto\" style=\"vertical-align: inherit;\"> Passend f\u00fcr <\/span><\/span><strong data-start=\"6006\" data-end=\"6015\"><span dir=\"auto\" style=\"vertical-align: inherit;\"><span dir=\"auto\" style=\"vertical-align: inherit;\">GC-MS<\/span><\/span><\/strong><span dir=\"auto\" style=\"vertical-align: inherit;\"><span dir=\"auto\" style=\"vertical-align: inherit;\"> , <\/span><\/span><strong data-start=\"6017\" data-end=\"6025\"><span dir=\"auto\" style=\"vertical-align: inherit;\"><span dir=\"auto\" style=\"vertical-align: inherit;\">HPLC<\/span><\/span><\/strong><span dir=\"auto\" style=\"vertical-align: inherit;\"><span dir=\"auto\" style=\"vertical-align: inherit;\"> Und <\/span><\/span><strong data-start=\"6029\" data-end=\"6041\"><span dir=\"auto\" style=\"vertical-align: inherit;\"><span dir=\"auto\" style=\"vertical-align: inherit;\">LC-MS\/MS<\/span><\/span><\/strong><span dir=\"auto\" style=\"vertical-align: inherit;\"><span dir=\"auto\" style=\"vertical-align: inherit;\"> Analysen.<\/span><\/span><\/p>\n<\/li>\n<li data-start=\"6054\" data-end=\"6145\">\n<p data-start=\"6056\" data-end=\"6145\"><strong data-start=\"6056\" data-end=\"6082\"><span dir=\"auto\" style=\"vertical-align: inherit;\"><span dir=\"auto\" style=\"vertical-align: inherit;\">Stabiles Spr\u00fchsystem:<\/span><\/span><\/strong><span dir=\"auto\" style=\"vertical-align: inherit;\"><span dir=\"auto\" style=\"vertical-align: inherit;\"> Gew\u00e4hrleistet eine zuverl\u00e4ssige Anwendung in analytischen Umgebungen.<\/span><\/span><\/p>\n<\/li>\n<\/ul>\n<hr data-start=\"6147\" data-end=\"6150\" \/>\n<h3 data-start=\"6152\" data-end=\"6169\"><strong data-start=\"6156\" data-end=\"6169\"><span dir=\"auto\" style=\"vertical-align: inherit;\"><span dir=\"auto\" style=\"vertical-align: inherit;\">Vorteile<\/span><\/span><\/strong><\/h3>\n<ul data-start=\"6171\" data-end=\"6680\">\n<li data-start=\"6171\" data-end=\"6278\">\n<p data-start=\"6173\" data-end=\"6278\"><strong data-start=\"6173\" data-end=\"6209\"><span dir=\"auto\" style=\"vertical-align: inherit;\"><span dir=\"auto\" style=\"vertical-align: inherit;\">Unterst\u00fctzt forensische Analysen:<\/span><\/span><\/strong><span dir=\"auto\" style=\"vertical-align: inherit;\"><span dir=\"auto\" style=\"vertical-align: inherit;\"> Unterst\u00fctzt die Erkennung und Kalibrierung von Arylcyclohexylamin-Analoga.<\/span><\/span><\/p>\n<\/li>\n<li data-start=\"6279\" data-end=\"6399\">\n<p data-start=\"6281\" data-end=\"6399\"><strong data-start=\"6281\" data-end=\"6308\"><span dir=\"auto\" style=\"vertical-align: inherit;\"><span dir=\"auto\" style=\"vertical-align: inherit;\">Zuverl\u00e4ssige Kalibrierung:<\/span><\/span><\/strong><span dir=\"auto\" style=\"vertical-align: inherit;\"><span dir=\"auto\" style=\"vertical-align: inherit;\"> Gew\u00e4hrleistet reproduzierbare Ergebnisse bei chromatographischen und spektroskopischen Untersuchungen.<\/span><\/span><\/p>\n<\/li>\n<li data-start=\"6400\" data-end=\"6476\">\n<p data-start=\"6402\" data-end=\"6476\"><strong data-start=\"6402\" data-end=\"6424\"><span dir=\"auto\" style=\"vertical-align: inherit;\"><span dir=\"auto\" style=\"vertical-align: inherit;\">P\u00e4dagogischer Wert:<\/span><\/span><\/strong><span dir=\"auto\" style=\"vertical-align: inherit;\"><span dir=\"auto\" style=\"vertical-align: inherit;\"> Geeignet f\u00fcr akademische und analytische Forschung.<\/span><\/span><\/p>\n<\/li>\n<li data-start=\"6477\" data-end=\"6572\">\n<p data-start=\"6479\" data-end=\"6572\"><strong data-start=\"6479\" data-end=\"6510\"><span dir=\"auto\" style=\"vertical-align: inherit;\"><span dir=\"auto\" style=\"vertical-align: inherit;\">Sichere Laboranwendung:<\/span><\/span><\/strong><span dir=\"auto\" style=\"vertical-align: inherit;\"><span dir=\"auto\" style=\"vertical-align: inherit;\"> Konzipiert f\u00fcr kontrollierte wissenschaftliche Anwendungen.<\/span><\/span><\/p>\n<\/li>\n<li data-start=\"6573\" data-end=\"6680\">\n<p data-start=\"6575\" data-end=\"6680\"><strong data-start=\"6575\" data-end=\"6609\"><span dir=\"auto\" style=\"vertical-align: inherit;\"><span dir=\"auto\" style=\"vertical-align: inherit;\">Einhaltung der Sicherheitsstandards:<\/span><\/span><\/strong><span dir=\"auto\" style=\"vertical-align: inherit;\"><span dir=\"auto\" style=\"vertical-align: inherit;\"> Die Dokumentation zur Einhaltung der Laborstandards wird mitgeliefert.<\/span><\/span><\/p>\n<\/li>\n<\/ul>\n<hr data-start=\"6682\" data-end=\"6685\" \/>\n<h3 data-start=\"6687\" data-end=\"6748\"><strong data-start=\"6691\" data-end=\"6748\"><span dir=\"auto\" style=\"vertical-align: inherit;\"><span dir=\"auto\" style=\"vertical-align: inherit;\">Gebrauchsanweisung (Nur f\u00fcr Forschungszwecke)<\/span><\/span><\/strong><\/h3>\n<ol data-start=\"6750\" data-end=\"7103\">\n<li data-start=\"6750\" data-end=\"6848\">\n<p data-start=\"6753\" data-end=\"6848\"><strong data-start=\"6753\" data-end=\"6771\"><span dir=\"auto\" style=\"vertical-align: inherit;\"><span dir=\"auto\" style=\"vertical-align: inherit;\">Vorbereitung:<\/span><\/span><\/strong><span dir=\"auto\" style=\"vertical-align: inherit;\"><span dir=\"auto\" style=\"vertical-align: inherit;\"> Nur in akkreditierten Laboren mit geeigneter Schutzausr\u00fcstung verwenden.<\/span><\/span><\/p>\n<\/li>\n<li data-start=\"6849\" data-end=\"6945\">\n<p data-start=\"6852\" data-end=\"6945\"><strong data-start=\"6852\" data-end=\"6867\"><span dir=\"auto\" style=\"vertical-align: inherit;\"><span dir=\"auto\" style=\"vertical-align: inherit;\">Anwendung:<\/span><\/span><\/strong><span dir=\"auto\" style=\"vertical-align: inherit;\"><span dir=\"auto\" style=\"vertical-align: inherit;\"> Anwendung in gut bel\u00fcfteten Bereichen gem\u00e4\u00df validierten Protokollen.<\/span><\/span><\/p>\n<\/li>\n<li data-start=\"6946\" data-end=\"7009\">\n<p data-start=\"6949\" data-end=\"7009\"><strong data-start=\"6949\" data-end=\"6960\"><span dir=\"auto\" style=\"vertical-align: inherit;\"><span dir=\"auto\" style=\"vertical-align: inherit;\">Lagerung:<\/span><\/span><\/strong><span dir=\"auto\" style=\"vertical-align: inherit;\"><span dir=\"auto\" style=\"vertical-align: inherit;\"> An einem k\u00fchlen, trockenen und dunklen Ort fest verschlossen aufbewahren.<\/span><\/span><\/p>\n<\/li>\n<li data-start=\"7010\" data-end=\"7103\">\n<p data-start=\"7013\" data-end=\"7103\"><strong data-start=\"7013\" data-end=\"7024\"><span dir=\"auto\" style=\"vertical-align: inherit;\"><span dir=\"auto\" style=\"vertical-align: inherit;\">Entsorgung:<\/span><\/span><\/strong><span dir=\"auto\" style=\"vertical-align: inherit;\"><span dir=\"auto\" style=\"vertical-align: inherit;\"> Reststoffe sind gem\u00e4\u00df den \u00f6rtlichen Vorschriften f\u00fcr die Entsorgung chemischer Abf\u00e4lle zu entsorgen.<\/span><\/span><\/p>\n<\/li>\n<\/ol>\n<hr data-start=\"7105\" data-end=\"7108\" \/>\n<h3 data-start=\"7110\" data-end=\"7144\"><strong data-start=\"7114\" data-end=\"7144\"><span dir=\"auto\" style=\"vertical-align: inherit;\"><span dir=\"auto\" style=\"vertical-align: inherit;\">Sicherheit und Konformit\u00e4t<\/span><\/span><\/strong><\/h3>\n<ul data-start=\"7146\" data-end=\"7599\">\n<li data-start=\"7146\" data-end=\"7241\">\n<p data-start=\"7148\" data-end=\"7241\"><strong data-start=\"7148\" data-end=\"7184\"><span dir=\"auto\" style=\"vertical-align: inherit;\"><span dir=\"auto\" style=\"vertical-align: inherit;\">Nur f\u00fcr Laborzwecke:<\/span><\/span><\/strong><span dir=\"auto\" style=\"vertical-align: inherit;\"><span dir=\"auto\" style=\"vertical-align: inherit;\"> Nicht f\u00fcr den menschlichen oder tierischen Verzehr geeignet.<\/span><\/span><\/p>\n<\/li>\n<li data-start=\"7242\" data-end=\"7364\">\n<p data-start=\"7244\" data-end=\"7364\"><strong data-start=\"7244\" data-end=\"7272\"><span dir=\"auto\" style=\"vertical-align: inherit;\"><span dir=\"auto\" style=\"vertical-align: inherit;\">Rechtliche \u00dcberlegungen:<\/span><\/span><\/strong><span dir=\"auto\" style=\"vertical-align: inherit;\"><span dir=\"auto\" style=\"vertical-align: inherit;\"> Der rechtliche Status von 2F-DCK ist von Land zu Land unterschiedlich; informieren Sie sich daher immer \u00fcber die lokalen Gesetze.<\/span><\/span><\/p>\n<\/li>\n<li data-start=\"7365\" data-end=\"7474\">\n<p data-start=\"7367\" data-end=\"7474\"><strong data-start=\"7367\" data-end=\"7395\"><span dir=\"auto\" style=\"vertical-align: inherit;\"><span dir=\"auto\" style=\"vertical-align: inherit;\">Gesundheit und Sicherheit:<\/span><\/span><\/strong><span dir=\"auto\" style=\"vertical-align: inherit;\"><span dir=\"auto\" style=\"vertical-align: inherit;\"> Einatmen und Hautkontakt vermeiden; pers\u00f6nliche Schutzausr\u00fcstung tragen. Chemisches Spr\u00fchger\u00e4t<\/span><\/span><\/p>\n<\/li>\n<li data-start=\"7475\" data-end=\"7599\">\n<p data-start=\"7477\" data-end=\"7599\"><strong data-start=\"7477\" data-end=\"7494\"><span dir=\"auto\" style=\"vertical-align: inherit;\"><span dir=\"auto\" style=\"vertical-align: inherit;\">Dokumentation:<\/span><\/span><\/strong><span dir=\"auto\" style=\"vertical-align: inherit;\"><span dir=\"auto\" style=\"vertical-align: inherit;\"> A <\/span><\/span><strong data-start=\"7499\" data-end=\"7535\"><span dir=\"auto\" style=\"vertical-align: inherit;\"><span dir=\"auto\" style=\"vertical-align: inherit;\">Sicherheitsdatenblatt (MSDS)<\/span><\/span><\/strong><span dir=\"auto\" style=\"vertical-align: inherit;\"><span dir=\"auto\" style=\"vertical-align: inherit;\"> Und <\/span><\/span><strong data-start=\"7539\" data-end=\"7567\"><span dir=\"auto\" style=\"vertical-align: inherit;\"><span dir=\"auto\" style=\"vertical-align: inherit;\">Analysezertifikat (COA)<\/span><\/span><\/strong><span dir=\"auto\" style=\"vertical-align: inherit;\"><span dir=\"auto\" style=\"vertical-align: inherit;\"> sind auf Anfrage erh\u00e4ltlich.<\/span><\/span><\/p>\n<\/li>\n<\/ul>\n<hr data-start=\"7601\" data-end=\"7604\" \/>\n<h3 data-start=\"7606\" data-end=\"7641\"><strong data-start=\"7610\" data-end=\"7641\"><span dir=\"auto\" style=\"vertical-align: inherit;\"><span dir=\"auto\" style=\"vertical-align: inherit;\">H\u00e4ufig gestellte Fragen (FAQs)<\/span><\/span><\/strong><\/h3>\n<p data-start=\"7643\" data-end=\"7831\"><strong data-start=\"7643\" data-end=\"7701\"><span dir=\"auto\" style=\"vertical-align: inherit;\"><span dir=\"auto\" style=\"vertical-align: inherit;\">1. Wof\u00fcr wird Chem-Mist 2F-DCK Spray 10% verwendet?<\/span><\/span><\/strong><br data-start=\"7701\" data-end=\"7704\" \/><span dir=\"auto\" style=\"vertical-align: inherit;\"><span dir=\"auto\" style=\"vertical-align: inherit;\"> Es wird verwendet als <\/span><\/span><strong data-start=\"7727\" data-end=\"7750\"><span dir=\"auto\" style=\"vertical-align: inherit;\"><span dir=\"auto\" style=\"vertical-align: inherit;\">eine Referenzl\u00f6sung<\/span><\/span><\/strong><span dir=\"auto\" style=\"vertical-align: inherit;\"><span dir=\"auto\" style=\"vertical-align: inherit;\"> in forensischen und chemischen Laboren f\u00fcr Detektions- und Kalibrierungsforschung.<\/span><\/span><\/p>\n<p data-start=\"7833\" data-end=\"8034\"><strong data-start=\"7833\" data-end=\"7906\"><span dir=\"auto\" style=\"vertical-align: inherit;\"><span dir=\"auto\" style=\"vertical-align: inherit;\">2. Ist Chem-Mist 2F-DCK Spray 10% f\u00fcr den menschlichen Verzehr geeignet?<\/span><\/span><\/strong><br data-start=\"7906\" data-end=\"7909\" \/><span dir=\"auto\" style=\"vertical-align: inherit;\"><span dir=\"auto\" style=\"vertical-align: inherit;\"> Nein. Dieses Produkt ist <\/span><\/span><strong data-start=\"7929\" data-end=\"7984\"><span dir=\"auto\" style=\"vertical-align: inherit;\"><span dir=\"auto\" style=\"vertical-align: inherit;\">nur f\u00fcr wissenschaftliche Forschung bestimmt<\/span><\/span><\/strong><span dir=\"auto\" style=\"vertical-align: inherit;\"><span dir=\"auto\" style=\"vertical-align: inherit;\"> Und <\/span><\/span><strong data-start=\"7988\" data-end=\"8031\"><span dir=\"auto\" style=\"vertical-align: inherit;\"><span dir=\"auto\" style=\"vertical-align: inherit;\">ist nicht f\u00fcr den menschlichen Gebrauch zugelassen<\/span><\/span><\/strong><span dir=\"auto\" style=\"vertical-align: inherit;\"><span dir=\"auto\" style=\"vertical-align: inherit;\"> .<\/span><\/span><\/p>\n<p data-start=\"8036\" data-end=\"8181\"><strong data-start=\"8036\" data-end=\"8097\"><span dir=\"auto\" style=\"vertical-align: inherit;\"><span dir=\"auto\" style=\"vertical-align: inherit;\">3. Wie sollte Chem-Mist 2F-DCK Spray 10% gelagert werden?<\/span><\/span><\/strong><br data-start=\"8097\" data-end=\"8100\" \/><span dir=\"auto\" style=\"vertical-align: inherit;\"><span dir=\"auto\" style=\"vertical-align: inherit;\"> An einem k\u00fchlen, trockenen und dunklen Ort, fest verschlossen und au\u00dferhalb der Reichweite von Unbefugten aufbewahren.<\/span><\/span><\/p>\n<p data-start=\"8036\" data-end=\"8181\"><a href=\"https:\/\/researchchemicalhub.com\/de\/geschaft\/lysergamide\/1cp-lsd-150-mcg-kunstloscher\/\"><span dir=\"auto\" style=\"vertical-align: inherit;\"><span dir=\"auto\" style=\"vertical-align: inherit;\">1cp LSD <\/span><\/span><\/a><a href=\"https:\/\/researchchemicalhub.com\/de\/geschaft\/pellets-2\/o-dsmt-50-mg-pellets\/\"><span dir=\"auto\" style=\"vertical-align: inherit;\"><span dir=\"auto\" style=\"vertical-align: inherit;\">o-dsmt <\/span><\/span><\/a><a href=\"https:\/\/researchchemicalhub.com\/de\/geschaft\/pellets-2\/1p-lsd-10-mcg-pellets-mikrodosis\/\"><span dir=\"auto\" style=\"vertical-align: inherit;\"><span dir=\"auto\" style=\"vertical-align: inherit;\">1P-LSD-Mikrodosis<\/span><\/span><\/a><\/p>","protected":false},"excerpt":{"rendered":"<h2><span style=\"vertical-align: inherit;\"><span style=\"vertical-align: inherit;\"><span dir=\"auto\" style=\"vertical-align: inherit;\"><span dir=\"auto\" style=\"vertical-align: inherit;\">Chem-mist 2F-DCK Spray 10% Vanilla Sky Eigenschaften<\/span><\/span><\/span><\/span><\/h2>\n<p><strong><span style=\"vertical-align: inherit;\"><span style=\"vertical-align: inherit;\"><span dir=\"auto\" style=\"vertical-align: inherit;\"><span dir=\"auto\" style=\"vertical-align: inherit;\">Synonym:<\/span><\/span><\/span><\/span><\/strong><span style=\"vertical-align: inherit;\"><span style=\"vertical-align: inherit;\"><span dir=\"auto\" style=\"vertical-align: inherit;\"><span dir=\"auto\" style=\"vertical-align: inherit;\"> 2-Fluordeschlorketamin HCl <\/span><\/span><\/span><\/span><br \/>\n<strong><span style=\"vertical-align: inherit;\"><span style=\"vertical-align: inherit;\"><span dir=\"auto\" style=\"vertical-align: inherit;\"><span dir=\"auto\" style=\"vertical-align: inherit;\">CAS-Nummer:<\/span><\/span><\/span><\/span><\/strong><span style=\"vertical-align: inherit;\"><span style=\"vertical-align: inherit;\"><span dir=\"auto\" style=\"vertical-align: inherit;\"><span dir=\"auto\" style=\"vertical-align: inherit;\"> 111982-49-1 <\/span><\/span><\/span><\/span><br \/>\n<strong><span style=\"vertical-align: inherit;\"><span style=\"vertical-align: inherit;\"><span dir=\"auto\" style=\"vertical-align: inherit;\"><span dir=\"auto\" style=\"vertical-align: inherit;\">Formel:<\/span><\/span><\/span><\/span><\/strong><span style=\"vertical-align: inherit;\"><span style=\"vertical-align: inherit;\"><span dir=\"auto\" style=\"vertical-align: inherit;\"><span dir=\"auto\" style=\"vertical-align: inherit;\"> 2-(2-Fluorphenyl)-2-(methylamino)-cyclohexanon <\/span><\/span><\/span><\/span><br \/>\n<strong><span style=\"vertical-align: inherit;\"><span style=\"vertical-align: inherit;\"><span dir=\"auto\" style=\"vertical-align: inherit;\"><span dir=\"auto\" style=\"vertical-align: inherit;\">Molmasse:<\/span><\/span><\/span><\/span><\/strong><span style=\"vertical-align: inherit;\"><span style=\"vertical-align: inherit;\"><span dir=\"auto\" style=\"vertical-align: inherit;\"><span dir=\"auto\" style=\"vertical-align: inherit;\"> 257,7 g\/mol <\/span><\/span><\/span><\/span><br \/>\n<strong><span style=\"vertical-align: inherit;\"><span style=\"vertical-align: inherit;\"><span dir=\"auto\" style=\"vertical-align: inherit;\"><span dir=\"auto\" style=\"vertical-align: inherit;\">Reinheit:<\/span><\/span><\/span><\/span><\/strong><span style=\"vertical-align: inherit;\"><span style=\"vertical-align: inherit;\"><span dir=\"auto\" style=\"vertical-align: inherit;\"><span dir=\"auto\" style=\"vertical-align: inherit;\"> &gt;98%<\/span><\/span><\/span><\/span><\/p>","protected":false},"featured_media":28492,"comment_status":"closed","ping_status":"closed","template":"","meta":[],"product_brand":[],"product_cat":[474,498,71,471,396],"product_tag":[810,1092,326,472],"class_list":{"0":"post-23740","1":"product","2":"type-product","3":"status-publish","4":"has-post-thumbnail","6":"product_cat-2f-dck-kopen","7":"product_cat-2f-dck-sprays","8":"product_cat-arylcyclohexylamine","9":"product_cat-chem-mist-sprays","10":"product_cat-liquid-rcs","11":"product_tag-chem-mist-spray","12":"product_tag-chem-mist-spray-kopen","13":"product_tag-nl","14":"product_tag-spring-is-in-the-air","16":"first","17":"instock","18":"taxable","19":"shipping-taxable","20":"purchasable","21":"product-type-variable"},"_links":{"self":[{"href":"https:\/\/researchchemicalhub.com\/de\/wp-json\/wp\/v2\/product\/23740","targetHints":{"allow":["GET"]}}],"collection":[{"href":"https:\/\/researchchemicalhub.com\/de\/wp-json\/wp\/v2\/product"}],"about":[{"href":"https:\/\/researchchemicalhub.com\/de\/wp-json\/wp\/v2\/types\/product"}],"replies":[{"embeddable":true,"href":"https:\/\/researchchemicalhub.com\/de\/wp-json\/wp\/v2\/comments?post=23740"}],"version-history":[{"count":7,"href":"https:\/\/researchchemicalhub.com\/de\/wp-json\/wp\/v2\/product\/23740\/revisions"}],"predecessor-version":[{"id":28711,"href":"https:\/\/researchchemicalhub.com\/de\/wp-json\/wp\/v2\/product\/23740\/revisions\/28711"}],"wp:featuredmedia":[{"embeddable":true,"href":"https:\/\/researchchemicalhub.com\/de\/wp-json\/wp\/v2\/media\/28492"}],"wp:attachment":[{"href":"https:\/\/researchchemicalhub.com\/de\/wp-json\/wp\/v2\/media?parent=23740"}],"wp:term":[{"taxonomy":"product_brand","embeddable":true,"href":"https:\/\/researchchemicalhub.com\/de\/wp-json\/wp\/v2\/product_brand?post=23740"},{"taxonomy":"product_cat","embeddable":true,"href":"https:\/\/researchchemicalhub.com\/de\/wp-json\/wp\/v2\/product_cat?post=23740"},{"taxonomy":"product_tag","embeddable":true,"href":"https:\/\/researchchemicalhub.com\/de\/wp-json\/wp\/v2\/product_tag?post=23740"}],"curies":[{"name":"wp","href":"https:\/\/api.w.org\/{rel}","templated":true}]}}