{"id":23724,"date":"2025-04-13T17:40:18","date_gmt":"2025-04-13T17:40:18","guid":{"rendered":"https:\/\/researchchemicalhub.com\/?post_type=product&#038;p=23724"},"modified":"2025-10-30T08:43:45","modified_gmt":"2025-10-30T08:43:45","slug":"chem-mist-2f-dck-kaufen","status":"publish","type":"product","link":"https:\/\/researchchemicalhub.com\/de\/geschaft\/kaufen-sie-2f-dck\/chem-mist-2f-dck-kaufen\/","title":{"rendered":"Chem-Mist 2F-DCK-Spray 20%"},"content":{"rendered":"<p data-start=\"5034\" data-end=\"5327\"><strong data-start=\"5034\" data-end=\"5064\">Chem-Mist 2F-DCK Spray 20%<\/strong> enth\u00e4lt <strong data-start=\"5071\" data-end=\"5109\">2-Fluordeschlorketamin (2F-DCK)<\/strong>, eine Verbindung vom <strong data-start=\"5133\" data-end=\"5163\">Arylcyclohexylamin-Klasse<\/strong>.<br data-start=\"5164\" data-end=\"5167\" \/>Es wird verwendet als <strong data-start=\"5190\" data-end=\"5208\">Referenzsubstanz<\/strong> innen <strong data-start=\"5216\" data-end=\"5258\">forensische und analytische Labore<\/strong> f\u00fcr <strong data-start=\"5264\" data-end=\"5324\">Methodenvalidierung, Kalibrierung und Verbindungsidentifizierung<\/strong>Chem Mist 2F DCK kaufen<\/p>\n<p data-start=\"5329\" data-end=\"5461\">Dieses Produkt ist <strong data-start=\"5344\" data-end=\"5399\">nur f\u00fcr wissenschaftliche Forschung bestimmt<\/strong> Und <strong data-start=\"5403\" data-end=\"5460\">nicht f\u00fcr den menschlichen oder tierischen Verzehr geeignet<\/strong>.<\/p>\n<hr data-start=\"5463\" data-end=\"5466\" \/>\n<h3 data-start=\"5468\" data-end=\"5499\"><strong data-start=\"5472\" data-end=\"5499\">Hauptmerkmale<\/strong><\/h3>\n<ul data-start=\"5501\" data-end=\"5952\">\n<li data-start=\"5501\" data-end=\"5587\">\n<p data-start=\"5503\" data-end=\"5587\"><strong data-start=\"5503\" data-end=\"5523\">Hohe Reinheit:<\/strong> Hergestellt unter kontrollierten Laborbedingungen.<\/p>\n<\/li>\n<li data-start=\"5588\" data-end=\"5664\">\n<p data-start=\"5590\" data-end=\"5664\"><strong data-start=\"5590\" data-end=\"5611\">20%-Konzentration:<\/strong> Entwickelt f\u00fcr zuverl\u00e4ssige Kalibrierung und Erkennung.<\/p>\n<\/li>\n<li data-start=\"5665\" data-end=\"5770\">\n<p data-start=\"5667\" data-end=\"5770\"><strong data-start=\"5667\" data-end=\"5706\">Zertifiziertes Referenzmaterial:<\/strong> Geliefert mit <strong data-start=\"5720\" data-end=\"5748\">Analysezertifikat (COA)<\/strong> und Chargeninformationen.<\/p>\n<\/li>\n<li data-start=\"5771\" data-end=\"5871\">\n<p data-start=\"5773\" data-end=\"5871\"><strong data-start=\"5773\" data-end=\"5804\">Analytisch breit einsetzbar:<\/strong> Passend f\u00fcr <strong data-start=\"5819\" data-end=\"5827\">HPLC<\/strong>, <strong data-start=\"5829\" data-end=\"5838\">GC-MS<\/strong>, Und <strong data-start=\"5843\" data-end=\"5855\">LC-MS\/MS<\/strong> Anwendungen.<\/p>\n<\/li>\n<li data-start=\"5872\" data-end=\"5952\">\n<p data-start=\"5874\" data-end=\"5952\"><strong data-start=\"5874\" data-end=\"5901\">Stabile Sprayformel:<\/strong> Entwickelt f\u00fcr langfristige chemische Stabilit\u00e4t.<\/p>\n<\/li>\n<\/ul>\n<hr data-start=\"5954\" data-end=\"5957\" \/>\n<h3 data-start=\"5959\" data-end=\"5976\"><strong data-start=\"5963\" data-end=\"5976\">Vorteile<\/strong><\/h3>\n<ul data-start=\"5978\" data-end=\"6429\">\n<li data-start=\"5978\" data-end=\"6060\">\n<p data-start=\"5980\" data-end=\"6060\"><strong data-start=\"5980\" data-end=\"6017\">Unterst\u00fctzt forensische Untersuchungen:<\/strong> Hilft bei der Validierung von Analysemethoden.<\/p>\n<\/li>\n<li data-start=\"6061\" data-end=\"6150\">\n<p data-start=\"6063\" data-end=\"6150\"><strong data-start=\"6063\" data-end=\"6090\">Zuverl\u00e4ssige Kalibrierung:<\/strong> Gew\u00e4hrleistet konsistente und reproduzierbare Messergebnisse.<\/p>\n<\/li>\n<li data-start=\"6151\" data-end=\"6255\">\n<p data-start=\"6153\" data-end=\"6255\"><strong data-start=\"6153\" data-end=\"6175\">Bildungswert:<\/strong> Geeignet f\u00fcr die akademische Ausbildung in chemischer und toxikologischer Analytik.<\/p>\n<\/li>\n<li data-start=\"6256\" data-end=\"6355\">\n<p data-start=\"6258\" data-end=\"6355\"><strong data-start=\"6258\" data-end=\"6292\">Erf\u00fcllt Sicherheitsstandards:<\/strong> Hergestellt nach internationalen Laborrichtlinien.<\/p>\n<\/li>\n<li data-start=\"6356\" data-end=\"6429\">\n<p data-start=\"6358\" data-end=\"6429\"><strong data-start=\"6358\" data-end=\"6385\">Vollst\u00e4ndige Dokumentation:<\/strong> Lieferung mit Sicherheitsdatenblatt und Analysezertifikaten.<\/p>\n<\/li>\n<\/ul>\n<hr data-start=\"6431\" data-end=\"6434\" \/>\n<h3 data-start=\"6436\" data-end=\"6497\"><strong data-start=\"6440\" data-end=\"6497\">Gebrauchsanweisung (nur f\u00fcr Forschungszwecke)<\/strong><\/h3>\n<ol data-start=\"6499\" data-end=\"6839\">\n<li data-start=\"6499\" data-end=\"6597\">\n<p data-start=\"6502\" data-end=\"6597\"><strong data-start=\"6502\" data-end=\"6516\">Handhabung:<\/strong> Nur in akkreditierten Laboren mit entsprechender Schutzausr\u00fcstung verwenden.<\/p>\n<\/li>\n<li data-start=\"6598\" data-end=\"6681\">\n<p data-start=\"6601\" data-end=\"6681\"><strong data-start=\"6601\" data-end=\"6616\">Anwendung:<\/strong> Verwenden Sie das Spray in gut bel\u00fcfteten Bereichen oder unter einem Abzug. Kaufen Sie Chem Mist 2F DCK.<\/p>\n<\/li>\n<li data-start=\"6682\" data-end=\"6745\">\n<p data-start=\"6685\" data-end=\"6745\"><strong data-start=\"6685\" data-end=\"6696\">Lagerung:<\/strong> K\u00fchl, trocken und dunkel lagern, gut verschlossen.<\/p>\n<\/li>\n<li data-start=\"6746\" data-end=\"6839\">\n<p data-start=\"6749\" data-end=\"6839\"><strong data-start=\"6749\" data-end=\"6760\">Entsorgung:<\/strong> Entsorgen Sie R\u00fcckst\u00e4nde gem\u00e4\u00df den \u00f6rtlichen Vorschriften zur Entsorgung chemischer Abf\u00e4lle.<\/p>\n<\/li>\n<\/ol>\n<hr data-start=\"6841\" data-end=\"6844\" \/>\n<h3 data-start=\"6846\" data-end=\"6880\"><strong data-start=\"6850\" data-end=\"6880\">Sicherheit und Compliance<\/strong><\/h3>\n<ul data-start=\"6882\" data-end=\"7320\">\n<li data-start=\"6882\" data-end=\"6977\">\n<p data-start=\"6884\" data-end=\"6977\"><strong data-start=\"6884\" data-end=\"6920\">Nur f\u00fcr den Laborgebrauch:<\/strong> Nicht f\u00fcr den menschlichen oder tierischen Verzehr geeignet.<\/p>\n<\/li>\n<li data-start=\"6978\" data-end=\"7100\">\n<p data-start=\"6980\" data-end=\"7100\"><strong data-start=\"6980\" data-end=\"7008\">Rechtliche Hinweise:<\/strong> Der Rechtsstatus von 2F-DCK ist von Land zu Land unterschiedlich. \u00dcberpr\u00fcfen Sie immer die \u00f6rtlichen Vorschriften.<\/p>\n<\/li>\n<li data-start=\"7101\" data-end=\"7195\">\n<p data-start=\"7103\" data-end=\"7195\"><strong data-start=\"7103\" data-end=\"7131\">Gesundheit und Sicherheit:<\/strong> Kontakt, Einatmen oder Verschlucken vermeiden; geeignete pers\u00f6nliche Schutzausr\u00fcstung tragen.<\/p>\n<\/li>\n<li data-start=\"7196\" data-end=\"7320\">\n<p data-start=\"7198\" data-end=\"7320\"><strong data-start=\"7198\" data-end=\"7215\">Dokumentation:<\/strong> A <strong data-start=\"7220\" data-end=\"7256\">Sicherheitsdatenblatt (MSDS)<\/strong> Und <strong data-start=\"7260\" data-end=\"7288\">Analysezertifikat (COA)<\/strong> sind auf Anfrage erh\u00e4ltlich.<\/p>\n<\/li>\n<\/ul>\n<hr data-start=\"7322\" data-end=\"7325\" \/>\n<h3 data-start=\"7327\" data-end=\"7362\"><strong data-start=\"7331\" data-end=\"7362\">H\u00e4ufig gestellte Fragen (FAQs)<\/strong><\/h3>\n<p data-start=\"7364\" data-end=\"7554\"><strong data-start=\"7364\" data-end=\"7422\">1. Wof\u00fcr wird Chem-Mist 2F-DCK Spray 20% verwendet?<\/strong><br data-start=\"7422\" data-end=\"7425\" \/>Es wird verwendet als <strong data-start=\"7448\" data-end=\"7471\">Referenzl\u00f6sung<\/strong> in forensischen und analytischen Laboren f\u00fcr Detektions- und Kalibrierungsforschung.<\/p>\n<p data-start=\"7556\" data-end=\"7740\"><strong data-start=\"7556\" data-end=\"7614\">2. Ist dieses Produkt f\u00fcr den menschlichen Verzehr geeignet?<\/strong><br data-start=\"7614\" data-end=\"7617\" \/>Nein. Chem-Mist 2F-DCK Spray 20% ist <strong data-start=\"7652\" data-end=\"7690\">nur f\u00fcr Forschungszwecke bestimmt<\/strong> Und <strong data-start=\"7694\" data-end=\"7737\">nicht f\u00fcr den menschlichen Gebrauch zugelassen<\/strong>.<\/p>\n<p data-start=\"7742\" data-end=\"7872\"><strong data-start=\"7742\" data-end=\"7788\">3. Wie ist dieses Produkt aufzubewahren?<\/strong><br data-start=\"7788\" data-end=\"7791\" \/>K\u00fchl, trocken und dunkel lagern, gut verschlossen und au\u00dferhalb der Reichweite von Unbefugten.<\/p>","protected":false},"excerpt":{"rendered":"<h2><span style=\"vertical-align: inherit;\"><span style=\"vertical-align: inherit;\"><span dir=\"auto\" style=\"vertical-align: inherit;\"><span dir=\"auto\" style=\"vertical-align: inherit;\">Chem-mist 2F-DCK 20% Vanilla Sky Eigenschaften<\/span><\/span><\/span><\/span><\/h2>\n<p><strong><span style=\"vertical-align: inherit;\"><span style=\"vertical-align: inherit;\"><span dir=\"auto\" style=\"vertical-align: inherit;\"><span dir=\"auto\" style=\"vertical-align: inherit;\">Synonym:<\/span><\/span><\/span><\/span><\/strong><span style=\"vertical-align: inherit;\"><span style=\"vertical-align: inherit;\"><span dir=\"auto\" style=\"vertical-align: inherit;\"><span dir=\"auto\" style=\"vertical-align: inherit;\"> 2-Fluordeschlorketamin HCl <\/span><\/span><\/span><\/span><br \/>\n<strong><span style=\"vertical-align: inherit;\"><span style=\"vertical-align: inherit;\"><span dir=\"auto\" style=\"vertical-align: inherit;\"><span dir=\"auto\" style=\"vertical-align: inherit;\">CAS-Nummer:<\/span><\/span><\/span><\/span><\/strong><span style=\"vertical-align: inherit;\"><span style=\"vertical-align: inherit;\"><span dir=\"auto\" style=\"vertical-align: inherit;\"><span dir=\"auto\" style=\"vertical-align: inherit;\"> 111982-49-1 <\/span><\/span><\/span><\/span><br \/>\n<strong><span style=\"vertical-align: inherit;\"><span style=\"vertical-align: inherit;\"><span dir=\"auto\" style=\"vertical-align: inherit;\"><span dir=\"auto\" style=\"vertical-align: inherit;\">Formel:<\/span><\/span><\/span><\/span><\/strong><span style=\"vertical-align: inherit;\"><span style=\"vertical-align: inherit;\"><span dir=\"auto\" style=\"vertical-align: inherit;\"><span dir=\"auto\" style=\"vertical-align: inherit;\"> 2-(2-Fluorphenyl)-2-(methylamino)-cyclohexanon <\/span><\/span><\/span><\/span><br \/>\n<strong><span style=\"vertical-align: inherit;\"><span style=\"vertical-align: inherit;\"><span dir=\"auto\" style=\"vertical-align: inherit;\"><span dir=\"auto\" style=\"vertical-align: inherit;\">Molmasse:<\/span><\/span><\/span><\/span><\/strong><span style=\"vertical-align: inherit;\"><span style=\"vertical-align: inherit;\"><span dir=\"auto\" style=\"vertical-align: inherit;\"><span dir=\"auto\" style=\"vertical-align: inherit;\"> 257,7 g\/mol <\/span><\/span><\/span><\/span><br \/>\n<strong><span style=\"vertical-align: inherit;\"><span style=\"vertical-align: inherit;\"><span dir=\"auto\" style=\"vertical-align: inherit;\"><span dir=\"auto\" style=\"vertical-align: inherit;\">Reinheit:<\/span><\/span><\/span><\/span><\/strong><span style=\"vertical-align: inherit;\"><span style=\"vertical-align: inherit;\"><span dir=\"auto\" style=\"vertical-align: inherit;\"><span dir=\"auto\" style=\"vertical-align: inherit;\"> &gt;98%<\/span><\/span><\/span><\/span><\/p>","protected":false},"featured_media":28494,"comment_status":"closed","ping_status":"closed","template":"","meta":[],"product_brand":[],"product_cat":[474,498,71,471,396],"product_tag":[1126,326,472],"class_list":{"0":"post-23724","1":"product","2":"type-product","3":"status-publish","4":"has-post-thumbnail","6":"product_cat-2f-dck-kopen","7":"product_cat-2f-dck-sprays","8":"product_cat-arylcyclohexylamine","9":"product_cat-chem-mist-sprays","10":"product_cat-liquid-rcs","11":"product_tag-chem-mist-2f-dck-kopen","12":"product_tag-nl","13":"product_tag-spring-is-in-the-air","15":"first","16":"instock","17":"taxable","18":"shipping-taxable","19":"purchasable","20":"product-type-variable"},"_links":{"self":[{"href":"https:\/\/researchchemicalhub.com\/de\/wp-json\/wp\/v2\/product\/23724","targetHints":{"allow":["GET"]}}],"collection":[{"href":"https:\/\/researchchemicalhub.com\/de\/wp-json\/wp\/v2\/product"}],"about":[{"href":"https:\/\/researchchemicalhub.com\/de\/wp-json\/wp\/v2\/types\/product"}],"replies":[{"embeddable":true,"href":"https:\/\/researchchemicalhub.com\/de\/wp-json\/wp\/v2\/comments?post=23724"}],"version-history":[{"count":5,"href":"https:\/\/researchchemicalhub.com\/de\/wp-json\/wp\/v2\/product\/23724\/revisions"}],"predecessor-version":[{"id":27973,"href":"https:\/\/researchchemicalhub.com\/de\/wp-json\/wp\/v2\/product\/23724\/revisions\/27973"}],"wp:featuredmedia":[{"embeddable":true,"href":"https:\/\/researchchemicalhub.com\/de\/wp-json\/wp\/v2\/media\/28494"}],"wp:attachment":[{"href":"https:\/\/researchchemicalhub.com\/de\/wp-json\/wp\/v2\/media?parent=23724"}],"wp:term":[{"taxonomy":"product_brand","embeddable":true,"href":"https:\/\/researchchemicalhub.com\/de\/wp-json\/wp\/v2\/product_brand?post=23724"},{"taxonomy":"product_cat","embeddable":true,"href":"https:\/\/researchchemicalhub.com\/de\/wp-json\/wp\/v2\/product_cat?post=23724"},{"taxonomy":"product_tag","embeddable":true,"href":"https:\/\/researchchemicalhub.com\/de\/wp-json\/wp\/v2\/product_tag?post=23724"}],"curies":[{"name":"wp","href":"https:\/\/api.w.org\/{rel}","templated":true}]}}