{"id":23702,"date":"2025-04-13T17:40:15","date_gmt":"2025-04-13T17:40:15","guid":{"rendered":"https:\/\/researchchemicalhub.com\/?post_type=product&#038;p=23702"},"modified":"2025-10-30T08:56:21","modified_gmt":"2025-10-30T08:56:21","slug":"borax-kombination-1-0-pellets","status":"publish","type":"product","link":"https:\/\/researchchemicalhub.com\/de\/geschaft\/benzofuran\/borax-kombination-1-0-pellets\/","title":{"rendered":"Borax Combo 1.0 Pellets"},"content":{"rendered":"<p data-start=\"4744\" data-end=\"5041\"><strong data-start=\"4744\" data-end=\"4771\"><span dir=\"auto\" style=\"vertical-align: inherit;\"><span dir=\"auto\" style=\"vertical-align: inherit;\">Borax Combo 1.0 Pellets<\/span><\/span><\/strong><span dir=\"auto\" style=\"vertical-align: inherit;\"><span dir=\"auto\" style=\"vertical-align: inherit;\"> Sind <\/span><\/span><strong data-start=\"4777\" data-end=\"4814\"><span dir=\"auto\" style=\"vertical-align: inherit;\"><span dir=\"auto\" style=\"vertical-align: inherit;\">analytische Natriumboratmischungen<\/span><\/span><\/strong><span dir=\"auto\" style=\"vertical-align: inherit;\"><span dir=\"auto\" style=\"vertical-align: inherit;\"> verwendet in <\/span><\/span><strong data-start=\"4838\" data-end=\"4878\"><span dir=\"auto\" style=\"vertical-align: inherit;\"><span dir=\"auto\" style=\"vertical-align: inherit;\">chemische und forensische Labore<\/span><\/span><\/strong><span dir=\"auto\" style=\"vertical-align: inherit;\"><span dir=\"auto\" style=\"vertical-align: inherit;\"> f\u00fcr <\/span><\/span><strong data-start=\"4884\" data-end=\"4929\"><span dir=\"auto\" style=\"vertical-align: inherit;\"><span dir=\"auto\" style=\"vertical-align: inherit;\">Kalibrierung, Forschung und Materialanalyse<\/span><\/span><\/strong><span dir=\"auto\" style=\"vertical-align: inherit;\"><span dir=\"auto\" style=\"vertical-align: inherit;\"> . <\/span><\/span><br data-start=\"4930\" data-end=\"4933\" \/><span dir=\"auto\" style=\"vertical-align: inherit;\"><span dir=\"auto\" style=\"vertical-align: inherit;\">Die Pelletform bietet <\/span><\/span><strong data-start=\"4953\" data-end=\"4977\"><span dir=\"auto\" style=\"vertical-align: inherit;\"><span dir=\"auto\" style=\"vertical-align: inherit;\">pr\u00e4zise Dosierung<\/span><\/span><\/strong><span dir=\"auto\" style=\"vertical-align: inherit;\"><span dir=\"auto\" style=\"vertical-align: inherit;\"> Und <\/span><\/span><strong data-start=\"4981\" data-end=\"5009\"><span dir=\"auto\" style=\"vertical-align: inherit;\"><span dir=\"auto\" style=\"vertical-align: inherit;\">hohe Reproduzierbarkeit<\/span><\/span><\/strong><span dir=\"auto\" style=\"vertical-align: inherit;\"><span dir=\"auto\" style=\"vertical-align: inherit;\"> in analytischen Anwendungen.<\/span><\/span><\/p>\n<p data-start=\"5043\" data-end=\"5175\"><span dir=\"auto\" style=\"vertical-align: inherit;\"><span dir=\"auto\" style=\"vertical-align: inherit;\">Dieses Produkt ist <\/span><\/span><strong data-start=\"5058\" data-end=\"5113\"><span dir=\"auto\" style=\"vertical-align: inherit;\"><span dir=\"auto\" style=\"vertical-align: inherit;\">nur f\u00fcr wissenschaftliche Forschung bestimmt<\/span><\/span><\/strong><span dir=\"auto\" style=\"vertical-align: inherit;\"><span dir=\"auto\" style=\"vertical-align: inherit;\"> Und <\/span><\/span><strong data-start=\"5117\" data-end=\"5174\"><span dir=\"auto\" style=\"vertical-align: inherit;\"><span dir=\"auto\" style=\"vertical-align: inherit;\">ist nicht zum Verzehr durch Mensch oder Tier geeignet.<\/span><\/span><\/strong><span dir=\"auto\" style=\"vertical-align: inherit;\"><span dir=\"auto\" style=\"vertical-align: inherit;\"> .<\/span><\/span><\/p>\n<hr data-start=\"5177\" data-end=\"5180\" \/>\n<h3 data-start=\"5182\" data-end=\"5213\"><strong data-start=\"5186\" data-end=\"5213\"><span dir=\"auto\" style=\"vertical-align: inherit;\"><span dir=\"auto\" style=\"vertical-align: inherit;\">Hauptmerkmale<\/span><\/span><\/strong><\/h3>\n<ul data-start=\"5215\" data-end=\"5588\">\n<li data-start=\"5215\" data-end=\"5290\">\n<p data-start=\"5217\" data-end=\"5290\"><strong data-start=\"5217\" data-end=\"5237\"><span dir=\"auto\" style=\"vertical-align: inherit;\"><span dir=\"auto\" style=\"vertical-align: inherit;\">Hohe Reinheit:<\/span><\/span><\/strong><span dir=\"auto\" style=\"vertical-align: inherit;\"><span dir=\"auto\" style=\"vertical-align: inherit;\"> Hergestellt nach Laborqualit\u00e4tsstandards.<\/span><\/span><\/p>\n<\/li>\n<li data-start=\"5291\" data-end=\"5359\">\n<p data-start=\"5293\" data-end=\"5359\"><strong data-start=\"5293\" data-end=\"5308\"><span dir=\"auto\" style=\"vertical-align: inherit;\"><span dir=\"auto\" style=\"vertical-align: inherit;\">Pelletform:<\/span><\/span><\/strong><span dir=\"auto\" style=\"vertical-align: inherit;\"><span dir=\"auto\" style=\"vertical-align: inherit;\"> Gew\u00e4hrleistet eine gleichm\u00e4\u00dfige Dosierung und einfache Anwendung.<\/span><\/span><\/p>\n<\/li>\n<li data-start=\"5360\" data-end=\"5446\">\n<p data-start=\"5362\" data-end=\"5446\"><strong data-start=\"5362\" data-end=\"5401\"><span dir=\"auto\" style=\"vertical-align: inherit;\"><span dir=\"auto\" style=\"vertical-align: inherit;\">Zertifiziertes Qualit\u00e4tsmaterial:<\/span><\/span><\/strong><span dir=\"auto\" style=\"vertical-align: inherit;\"><span dir=\"auto\" style=\"vertical-align: inherit;\"> Im Lieferumfang enthalten <\/span><\/span><strong data-start=\"5415\" data-end=\"5443\"><span dir=\"auto\" style=\"vertical-align: inherit;\"><span dir=\"auto\" style=\"vertical-align: inherit;\">Analysezertifikat (COA)<\/span><\/span><\/strong><span dir=\"auto\" style=\"vertical-align: inherit;\"><span dir=\"auto\" style=\"vertical-align: inherit;\"> .<\/span><\/span><\/p>\n<\/li>\n<li data-start=\"5447\" data-end=\"5515\">\n<p data-start=\"5449\" data-end=\"5515\"><strong data-start=\"5449\" data-end=\"5468\"><span dir=\"auto\" style=\"vertical-align: inherit;\"><span dir=\"auto\" style=\"vertical-align: inherit;\">Hochl\u00f6slich:<\/span><\/span><\/strong><span dir=\"auto\" style=\"vertical-align: inherit;\"><span dir=\"auto\" style=\"vertical-align: inherit;\"> L\u00f6st sich leicht in w\u00e4ssrigen L\u00f6sungen.<\/span><\/span><\/p>\n<\/li>\n<li data-start=\"5516\" data-end=\"5588\">\n<p data-start=\"5518\" data-end=\"5588\"><strong data-start=\"5518\" data-end=\"5538\"><span dir=\"auto\" style=\"vertical-align: inherit;\"><span dir=\"auto\" style=\"vertical-align: inherit;\">Stabile Lagerung:<\/span><\/span><\/strong><span dir=\"auto\" style=\"vertical-align: inherit;\"><span dir=\"auto\" style=\"vertical-align: inherit;\"> Erh\u00e4lt die Qualit\u00e4t bei korrekten Lagerbedingungen.<\/span><\/span><\/p>\n<\/li>\n<\/ul>\n<hr data-start=\"5590\" data-end=\"5593\" \/>\n<h3 data-start=\"5595\" data-end=\"5612\"><strong data-start=\"5599\" data-end=\"5612\"><span dir=\"auto\" style=\"vertical-align: inherit;\"><span dir=\"auto\" style=\"vertical-align: inherit;\">Vorteile<\/span><\/span><\/strong><\/h3>\n<ul data-start=\"5614\" data-end=\"5992\">\n<li data-start=\"5614\" data-end=\"5713\">\n<p data-start=\"5616\" data-end=\"5713\"><strong data-start=\"5616\" data-end=\"5658\"><span dir=\"auto\" style=\"vertical-align: inherit;\"><span dir=\"auto\" style=\"vertical-align: inherit;\">Forensische und analytische Anwendung:<\/span><\/span><\/strong><span dir=\"auto\" style=\"vertical-align: inherit;\"><span dir=\"auto\" style=\"vertical-align: inherit;\"> Geeignet f\u00fcr die chemische Identifizierung und Kalibrierung.<\/span><\/span><\/p>\n<\/li>\n<li data-start=\"5714\" data-end=\"5787\">\n<p data-start=\"5716\" data-end=\"5787\"><strong data-start=\"5716\" data-end=\"5738\"><span dir=\"auto\" style=\"vertical-align: inherit;\"><span dir=\"auto\" style=\"vertical-align: inherit;\">Nutzung zu Bildungszwecken:<\/span><\/span><\/strong><span dir=\"auto\" style=\"vertical-align: inherit;\"><span dir=\"auto\" style=\"vertical-align: inherit;\"> Ideal f\u00fcr Lehre und akademische Forschung.<\/span><\/span><\/p>\n<\/li>\n<li data-start=\"5788\" data-end=\"5873\">\n<p data-start=\"5790\" data-end=\"5873\"><strong data-start=\"5790\" data-end=\"5814\"><span dir=\"auto\" style=\"vertical-align: inherit;\"><span dir=\"auto\" style=\"vertical-align: inherit;\">Referenzmaterial:<\/span><\/span><\/strong><span dir=\"auto\" style=\"vertical-align: inherit;\"><span dir=\"auto\" style=\"vertical-align: inherit;\"> Kann als Kalibrierungs- oder Standardreagenz verwendet werden.<\/span><\/span><\/p>\n<\/li>\n<li data-start=\"5874\" data-end=\"5934\">\n<p data-start=\"5876\" data-end=\"5934\"><strong data-start=\"5876\" data-end=\"5894\"><span dir=\"auto\" style=\"vertical-align: inherit;\"><span dir=\"auto\" style=\"vertical-align: inherit;\">Umweltstabil:<\/span><\/span><\/strong><span dir=\"auto\" style=\"vertical-align: inherit;\"><span dir=\"auto\" style=\"vertical-align: inherit;\"> Lange Haltbarkeit bei sachgem\u00e4\u00dfer Lagerung.<\/span><\/span><\/p>\n<\/li>\n<li data-start=\"5935\" data-end=\"5992\">\n<p data-start=\"5937\" data-end=\"5992\"><strong data-start=\"5937\" data-end=\"5964\"><span dir=\"auto\" style=\"vertical-align: inherit;\"><span dir=\"auto\" style=\"vertical-align: inherit;\">Vollst\u00e4ndige Dokumentation:<\/span><\/span><\/strong><span dir=\"auto\" style=\"vertical-align: inherit;\"><span dir=\"auto\" style=\"vertical-align: inherit;\"> Lieferung inklusive Sicherheitsdatenblatt und Analysezertifikat.<\/span><\/span><\/p>\n<\/li>\n<\/ul>\n<hr data-start=\"5994\" data-end=\"5997\" \/>\n<h3 data-start=\"5999\" data-end=\"6060\"><strong data-start=\"6003\" data-end=\"6060\"><span dir=\"auto\" style=\"vertical-align: inherit;\"><span dir=\"auto\" style=\"vertical-align: inherit;\">Gebrauchsanweisung (Nur f\u00fcr Forschungszwecke)<\/span><\/span><\/strong><\/h3>\n<ol data-start=\"6062\" data-end=\"6396\">\n<li data-start=\"6062\" data-end=\"6156\">\n<p data-start=\"6065\" data-end=\"6156\"><strong data-start=\"6065\" data-end=\"6079\"><span dir=\"auto\" style=\"vertical-align: inherit;\"><span dir=\"auto\" style=\"vertical-align: inherit;\">Handhabung:<\/span><\/span><\/strong><span dir=\"auto\" style=\"vertical-align: inherit;\"><span dir=\"auto\" style=\"vertical-align: inherit;\"> Nur in zugelassenen Laboren mit geeigneter Schutzausr\u00fcstung verwenden.<\/span><\/span><\/p>\n<\/li>\n<li data-start=\"6157\" data-end=\"6233\">\n<p data-start=\"6160\" data-end=\"6233\"><strong data-start=\"6160\" data-end=\"6175\"><span dir=\"auto\" style=\"vertical-align: inherit;\"><span dir=\"auto\" style=\"vertical-align: inherit;\">Anwendung:<\/span><\/span><\/strong><span dir=\"auto\" style=\"vertical-align: inherit;\"><span dir=\"auto\" style=\"vertical-align: inherit;\"> Zubereitung oder Aufl\u00f6sung nach etablierten Labormethoden.<\/span><\/span><\/p>\n<\/li>\n<li data-start=\"6234\" data-end=\"6303\">\n<p data-start=\"6237\" data-end=\"6303\"><strong data-start=\"6237\" data-end=\"6248\"><span dir=\"auto\" style=\"vertical-align: inherit;\"><span dir=\"auto\" style=\"vertical-align: inherit;\">Lagerung:<\/span><\/span><\/strong><span dir=\"auto\" style=\"vertical-align: inherit;\"><span dir=\"auto\" style=\"vertical-align: inherit;\"> An einem k\u00fchlen, trockenen und gut bel\u00fcfteten Ort lagern, dicht verschlossen halten.<\/span><\/span><\/p>\n<\/li>\n<li data-start=\"6304\" data-end=\"6396\">\n<p data-start=\"6307\" data-end=\"6396\"><strong data-start=\"6307\" data-end=\"6318\"><span dir=\"auto\" style=\"vertical-align: inherit;\"><span dir=\"auto\" style=\"vertical-align: inherit;\">Entsorgung:<\/span><\/span><\/strong><span dir=\"auto\" style=\"vertical-align: inherit;\"><span dir=\"auto\" style=\"vertical-align: inherit;\"> Reststoffe sind gem\u00e4\u00df den \u00f6rtlichen Vorschriften f\u00fcr die Entsorgung chemischer Abf\u00e4lle zu entsorgen.<\/span><\/span><\/p>\n<\/li>\n<\/ol>\n<hr data-start=\"6398\" data-end=\"6401\" \/>\n<h3 data-start=\"6403\" data-end=\"6437\"><strong data-start=\"6407\" data-end=\"6437\"><span dir=\"auto\" style=\"vertical-align: inherit;\"><span dir=\"auto\" style=\"vertical-align: inherit;\">Sicherheit und Konformit\u00e4t<\/span><\/span><\/strong><\/h3>\n<ul data-start=\"6439\" data-end=\"6790\">\n<li data-start=\"6439\" data-end=\"6520\">\n<p data-start=\"6441\" data-end=\"6520\"><strong data-start=\"6441\" data-end=\"6477\"><span dir=\"auto\" style=\"vertical-align: inherit;\"><span dir=\"auto\" style=\"vertical-align: inherit;\">Nur f\u00fcr Laborzwecke:<\/span><\/span><\/strong><span dir=\"auto\" style=\"vertical-align: inherit;\"><span dir=\"auto\" style=\"vertical-align: inherit;\"> Nicht f\u00fcr den menschlichen Verzehr bestimmt.<\/span><\/span><\/p>\n<\/li>\n<li data-start=\"6521\" data-end=\"6589\">\n<p data-start=\"6523\" data-end=\"6589\"><strong data-start=\"6523\" data-end=\"6548\"><span dir=\"auto\" style=\"vertical-align: inherit;\"><span dir=\"auto\" style=\"vertical-align: inherit;\">Chemikaliensicherheit:<\/span><\/span><\/strong><span dir=\"auto\" style=\"vertical-align: inherit;\"><span dir=\"auto\" style=\"vertical-align: inherit;\"> Kann Hautreizungen und Augenreizungen verursachen.<\/span><\/span><\/p>\n<\/li>\n<li data-start=\"6590\" data-end=\"6677\">\n<p data-start=\"6592\" data-end=\"6677\"><strong data-start=\"6592\" data-end=\"6620\"><span dir=\"auto\" style=\"vertical-align: inherit;\"><span dir=\"auto\" style=\"vertical-align: inherit;\">Rechtliche \u00dcberlegungen:<\/span><\/span><\/strong><span dir=\"auto\" style=\"vertical-align: inherit;\"><span dir=\"auto\" style=\"vertical-align: inherit;\"> F\u00fcr den professionellen und industriellen Einsatz zugelassen.<\/span><\/span><\/p>\n<\/li>\n<li data-start=\"6678\" data-end=\"6790\">\n<p data-start=\"6680\" data-end=\"6790\"><strong data-start=\"6680\" data-end=\"6697\"><span dir=\"auto\" style=\"vertical-align: inherit;\"><span dir=\"auto\" style=\"vertical-align: inherit;\">Dokumentation:<\/span><\/span><\/strong><span dir=\"auto\" style=\"vertical-align: inherit;\"><span dir=\"auto\" style=\"vertical-align: inherit;\"> A <\/span><\/span><strong data-start=\"6702\" data-end=\"6738\"><span dir=\"auto\" style=\"vertical-align: inherit;\"><span dir=\"auto\" style=\"vertical-align: inherit;\">Sicherheitsdatenblatt (MSDS)<\/span><\/span><\/strong><span dir=\"auto\" style=\"vertical-align: inherit;\"><span dir=\"auto\" style=\"vertical-align: inherit;\"> Und <\/span><\/span><strong data-start=\"6742\" data-end=\"6770\"><span dir=\"auto\" style=\"vertical-align: inherit;\"><span dir=\"auto\" style=\"vertical-align: inherit;\">Analysezertifikat (COA)<\/span><\/span><\/strong><span dir=\"auto\" style=\"vertical-align: inherit;\"><span dir=\"auto\" style=\"vertical-align: inherit;\"> sind verf\u00fcgbar.<\/span><\/span><\/p>\n<\/li>\n<\/ul>\n<hr data-start=\"6792\" data-end=\"6795\" \/>\n<h3 data-start=\"6797\" data-end=\"6832\"><strong data-start=\"6801\" data-end=\"6832\"><span dir=\"auto\" style=\"vertical-align: inherit;\"><span dir=\"auto\" style=\"vertical-align: inherit;\">H\u00e4ufig gestellte Fragen (FAQs)<\/span><\/span><\/strong><\/h3>\n<p data-start=\"6834\" data-end=\"6977\"><strong data-start=\"6834\" data-end=\"6890\"><span dir=\"auto\" style=\"vertical-align: inherit;\"><span dir=\"auto\" style=\"vertical-align: inherit;\">1. Wof\u00fcr werden Borax Combo 1.0 Pellets verwendet?<\/span><\/span><\/strong><br data-start=\"6890\" data-end=\"6893\" \/><span dir=\"auto\" style=\"vertical-align: inherit;\"><span dir=\"auto\" style=\"vertical-align: inherit;\"> Sie werden verwendet als <\/span><\/span><strong data-start=\"6916\" data-end=\"6959\"><span dir=\"auto\" style=\"vertical-align: inherit;\"><span dir=\"auto\" style=\"vertical-align: inherit;\">chemische Reagenzien und Kalibriermaterialien<\/span><\/span><\/strong><span dir=\"auto\" style=\"vertical-align: inherit;\"><span dir=\"auto\" style=\"vertical-align: inherit;\"> in Laboren.<\/span><\/span><\/p>\n<p data-start=\"6979\" data-end=\"7095\"><strong data-start=\"6979\" data-end=\"7028\"><span dir=\"auto\" style=\"vertical-align: inherit;\"><span dir=\"auto\" style=\"vertical-align: inherit;\">2. K\u00f6nnen diese Pellets auch zu Hause verwendet werden?<\/span><\/span><\/strong><br data-start=\"7028\" data-end=\"7031\" \/><span dir=\"auto\" style=\"vertical-align: inherit;\"><span dir=\"auto\" style=\"vertical-align: inherit;\"> Nein. Sie sind <\/span><\/span><strong data-start=\"7044\" data-end=\"7092\"><span dir=\"auto\" style=\"vertical-align: inherit;\"><span dir=\"auto\" style=\"vertical-align: inherit;\">Nur f\u00fcr den Laborgebrauch bestimmt<\/span><\/span><\/strong><span dir=\"auto\" style=\"vertical-align: inherit;\"><span dir=\"auto\" style=\"vertical-align: inherit;\"> .<\/span><\/span><\/p>\n<p data-start=\"7097\" data-end=\"7233\"><strong data-start=\"7097\" data-end=\"7157\"><span dir=\"auto\" style=\"vertical-align: inherit;\"><span dir=\"auto\" style=\"vertical-align: inherit;\">3. Wie sollten Borax Combo 1.0 Pellets gelagert werden?<\/span><\/span><\/strong><br data-start=\"7157\" data-end=\"7160\" \/><span dir=\"auto\" style=\"vertical-align: inherit;\"><span dir=\"auto\" style=\"vertical-align: inherit;\"> An einem k\u00fchlen, trockenen und gut bel\u00fcfteten Ort lagern. F\u00fcr Unbefugte unzug\u00e4nglich aufbewahren.<\/span><\/span><\/p>\n<p><span dir=\"auto\" style=\"vertical-align: inherit;\"><span dir=\"auto\" style=\"vertical-align: inherit;\"><span dir=\"auto\" style=\"vertical-align: inherit;\"><span dir=\"auto\" style=\"vertical-align: inherit;\">. <\/span><\/span><\/span><\/span><a href=\"https:\/\/researchchemicalhub.com\/de\/geschaft\/iboga-ibogain\/iboga-wurzelrinde\/\"><span dir=\"auto\" style=\"vertical-align: inherit;\"><span dir=\"auto\" style=\"vertical-align: inherit;\"><span dir=\"auto\" style=\"vertical-align: inherit;\"><span dir=\"auto\" style=\"vertical-align: inherit;\">Iboga-Wurzelrinde<\/span><\/span><\/span><\/span><\/a><a href=\"https:\/\/researchchemicalhub.com\/de\/geschaft\/iboga-ibogain\/ibogain-hcl-kaufen\/\"><span dir=\"auto\" style=\"vertical-align: inherit;\"><span dir=\"auto\" style=\"vertical-align: inherit;\"><span dir=\"auto\" style=\"vertical-align: inherit;\"><span dir=\"auto\" style=\"vertical-align: inherit;\">\u200b Ibogain HCL online kaufen<\/span><\/span><\/span><\/span><\/a><a href=\"https:\/\/researchchemicalhub.com\/de\/geschaft\/lysergamide\/1cp-lsd-150-mcg-kunstloscher\/\"><span dir=\"auto\" style=\"vertical-align: inherit;\"><span dir=\"auto\" style=\"vertical-align: inherit;\"><span dir=\"auto\" style=\"vertical-align: inherit;\"><span dir=\"auto\" style=\"vertical-align: inherit;\">1cp lsd <\/span><\/span><\/span><\/span><\/a><a href=\"https:\/\/researchchemicalhub.com\/de\/geschaft\/pellets\/o-dsmt-50-mg-pellets\/\"><span dir=\"auto\" style=\"vertical-align: inherit;\"><span dir=\"auto\" style=\"vertical-align: inherit;\"><span dir=\"auto\" style=\"vertical-align: inherit;\"><span dir=\"auto\" style=\"vertical-align: inherit;\">o-dsmt <\/span><\/span><\/span><\/span><\/a><a href=\"https:\/\/researchchemicalhub.com\/de\/geschaft\/lysergamide\/1v-lsd-150-mcg-loschblatter\/\"><span dir=\"auto\" style=\"vertical-align: inherit;\"><span dir=\"auto\" style=\"vertical-align: inherit;\"><span dir=\"auto\" style=\"vertical-align: inherit;\"><span dir=\"auto\" style=\"vertical-align: inherit;\">1vlsd<\/span><\/span><\/span><\/span><\/a><\/p>","protected":false},"excerpt":{"rendered":"<p><span style=\"color: #ff6600;\"><b><span style=\"vertical-align: inherit;\"><span style=\"vertical-align: inherit;\"><span dir=\"auto\" style=\"vertical-align: inherit;\"><span dir=\"auto\" style=\"vertical-align: inherit;\"><span dir=\"auto\" style=\"vertical-align: inherit;\"><span dir=\"auto\" style=\"vertical-align: inherit;\">Die Borax Combo 1.0 Pellets werden nur zu Forschungszwecken verkauft und sind daher nicht zum Verzehr bestimmt.<\/span><\/span><\/span><\/span><\/span><\/span><\/b><\/span><\/p>","protected":false},"featured_media":28487,"comment_status":"closed","ping_status":"closed","template":"","meta":[],"product_brand":[82],"product_cat":[339,324],"product_tag":[638,1134,639,640,641,326],"class_list":{"0":"post-23702","1":"product","2":"type-product","3":"status-publish","4":"has-post-thumbnail","6":"product_brand-research-chemical","7":"product_cat-benzofuran","8":"product_cat-pellets-for-pellet","9":"product_tag-borax-combo","10":"product_tag-borax-combo-kopen","11":"product_tag-borax-kopen-waar","12":"product_tag-borax-te-koop","13":"product_tag-borax-waar-kopen","14":"product_tag-nl","16":"first","17":"instock","18":"taxable","19":"shipping-taxable","20":"purchasable","21":"product-type-variable"},"_links":{"self":[{"href":"https:\/\/researchchemicalhub.com\/de\/wp-json\/wp\/v2\/product\/23702","targetHints":{"allow":["GET"]}}],"collection":[{"href":"https:\/\/researchchemicalhub.com\/de\/wp-json\/wp\/v2\/product"}],"about":[{"href":"https:\/\/researchchemicalhub.com\/de\/wp-json\/wp\/v2\/types\/product"}],"replies":[{"embeddable":true,"href":"https:\/\/researchchemicalhub.com\/de\/wp-json\/wp\/v2\/comments?post=23702"}],"version-history":[{"count":8,"href":"https:\/\/researchchemicalhub.com\/de\/wp-json\/wp\/v2\/product\/23702\/revisions"}],"predecessor-version":[{"id":28717,"href":"https:\/\/researchchemicalhub.com\/de\/wp-json\/wp\/v2\/product\/23702\/revisions\/28717"}],"wp:featuredmedia":[{"embeddable":true,"href":"https:\/\/researchchemicalhub.com\/de\/wp-json\/wp\/v2\/media\/28487"}],"wp:attachment":[{"href":"https:\/\/researchchemicalhub.com\/de\/wp-json\/wp\/v2\/media?parent=23702"}],"wp:term":[{"taxonomy":"product_brand","embeddable":true,"href":"https:\/\/researchchemicalhub.com\/de\/wp-json\/wp\/v2\/product_brand?post=23702"},{"taxonomy":"product_cat","embeddable":true,"href":"https:\/\/researchchemicalhub.com\/de\/wp-json\/wp\/v2\/product_cat?post=23702"},{"taxonomy":"product_tag","embeddable":true,"href":"https:\/\/researchchemicalhub.com\/de\/wp-json\/wp\/v2\/product_tag?post=23702"}],"curies":[{"name":"wp","href":"https:\/\/api.w.org\/{rel}","templated":true}]}}