{"id":23624,"date":"2025-04-13T17:40:07","date_gmt":"2025-04-13T17:40:07","guid":{"rendered":"https:\/\/researchchemicalhub.com\/?post_type=product&#038;p=23624"},"modified":"2025-10-30T09:09:02","modified_gmt":"2025-10-30T09:09:02","slug":"4-aco-met-20-mg-pellets","status":"publish","type":"product","link":"https:\/\/researchchemicalhub.com\/de\/shop\/4-aco-met\/4-aco-met-20-mg-pellets\/","title":{"rendered":"4-AcO-MET 20 MG Pellets"},"content":{"rendered":"<p data-start=\"3312\" data-end=\"3759\"><span dir=\"auto\" style=\"vertical-align: inherit;\"><span dir=\"auto\" style=\"vertical-align: inherit;\">4-AcO-MET (4-Acetoxy-N-ethyl-N-methyltryptamin) 20 mg Pellets sind <\/span><\/span><strong data-start=\"3380\" data-end=\"3425\"><span dir=\"auto\" style=\"vertical-align: inherit;\"><span dir=\"auto\" style=\"vertical-align: inherit;\">hochreine Forschungschemikalien<\/span><\/span><\/strong><span dir=\"auto\" style=\"vertical-align: inherit;\"><span dir=\"auto\" style=\"vertical-align: inherit;\"> Speziell entwickelt f\u00fcr fortgeschrittene chemische und pharmakologische Forschung. Jedes Pellet enth\u00e4lt <\/span><\/span><strong data-start=\"3520\" data-end=\"3545\"><span dir=\"auto\" style=\"vertical-align: inherit;\"><span dir=\"auto\" style=\"vertical-align: inherit;\">genau 20 mg 4-AcO-MET<\/span><\/span><\/strong><span dir=\"auto\" style=\"vertical-align: inherit;\"><span dir=\"auto\" style=\"vertical-align: inherit;\"> Dadurch werden konsistente und reproduzierbare Ergebnisse gew\u00e4hrleistet. Diese Verbindung ist strukturell mit 4-AcO-DMT und MET verwandt und wird in Studien verwendet. <\/span><\/span><strong data-start=\"3703\" data-end=\"3758\"><span dir=\"auto\" style=\"vertical-align: inherit;\"><span dir=\"auto\" style=\"vertical-align: inherit;\">Serotoninrezeptoren und neurochemische Interaktionen<\/span><\/span><\/strong><span dir=\"auto\" style=\"vertical-align: inherit;\"><span dir=\"auto\" style=\"vertical-align: inherit;\"> . 4-aco-met<\/span><\/span><\/p>\n<blockquote data-start=\"3761\" data-end=\"3891\">\n<p data-start=\"3763\" data-end=\"3891\">\u26a0\ufe0f <strong data-start=\"3766\" data-end=\"3777\"><span dir=\"auto\" style=\"vertical-align: inherit;\"><span dir=\"auto\" style=\"vertical-align: inherit;\">Bitte beachten Sie:<\/span><\/span><\/strong><span dir=\"auto\" style=\"vertical-align: inherit;\"><span dir=\"auto\" style=\"vertical-align: inherit;\"> Dieses Produkt ist <\/span><\/span><strong data-start=\"3793\" data-end=\"3848\"><span dir=\"auto\" style=\"vertical-align: inherit;\"><span dir=\"auto\" style=\"vertical-align: inherit;\">Nur f\u00fcr wissenschaftliche Forschungszwecke<\/span><\/span><\/strong><span dir=\"auto\" style=\"vertical-align: inherit;\"><span dir=\"auto\" style=\"vertical-align: inherit;\"> Nicht zum menschlichen Verzehr geeignet.<\/span><\/span><\/p>\n<\/blockquote>\n<hr data-start=\"3893\" data-end=\"3896\" \/>\n<h3 data-start=\"3898\" data-end=\"3929\"><strong data-start=\"3902\" data-end=\"3929\"><span dir=\"auto\" style=\"vertical-align: inherit;\"><span dir=\"auto\" style=\"vertical-align: inherit;\">Hauptmerkmale<\/span><\/span><\/strong><\/h3>\n<ul data-start=\"3930\" data-end=\"4438\">\n<li data-start=\"3930\" data-end=\"4044\">\n<p data-start=\"3932\" data-end=\"4044\"><strong data-start=\"3932\" data-end=\"3958\"><span dir=\"auto\" style=\"vertical-align: inherit;\"><span dir=\"auto\" style=\"vertical-align: inherit;\">Hohe Reinheit (\u226598%)<\/span><\/span><\/strong><span dir=\"auto\" style=\"vertical-align: inherit;\"><span dir=\"auto\" style=\"vertical-align: inherit;\"> \u2013 Hergestellt nach strengen analytischen Standards f\u00fcr zuverl\u00e4ssige Forschungsergebnisse.<\/span><\/span><\/p>\n<\/li>\n<li data-start=\"4045\" data-end=\"4149\">\n<p data-start=\"4047\" data-end=\"4149\"><strong data-start=\"4047\" data-end=\"4080\"><span dir=\"auto\" style=\"vertical-align: inherit;\"><span dir=\"auto\" style=\"vertical-align: inherit;\">Pr\u00e4zisionsdosierte Pellets<\/span><\/span><\/strong><span dir=\"auto\" style=\"vertical-align: inherit;\"><span dir=\"auto\" style=\"vertical-align: inherit;\"> \u2013 Jedes Pellet enth\u00e4lt 20 mg 4-AcO-MET mit hoher Dosierungsgenauigkeit.<\/span><\/span><\/p>\n<\/li>\n<li data-start=\"4150\" data-end=\"4237\">\n<p data-start=\"4152\" data-end=\"4237\"><strong data-start=\"4152\" data-end=\"4177\"><span dir=\"auto\" style=\"vertical-align: inherit;\"><span dir=\"auto\" style=\"vertical-align: inherit;\">Chemische Stabilit\u00e4t<\/span><\/span><\/strong><span dir=\"auto\" style=\"vertical-align: inherit;\"><span dir=\"auto\" style=\"vertical-align: inherit;\"> \u2013 Entwickelt, um Stabilit\u00e4t und Haltbarkeit zu gew\u00e4hrleisten.<\/span><\/span><\/p>\n<\/li>\n<li data-start=\"4238\" data-end=\"4340\">\n<p data-start=\"4240\" data-end=\"4340\"><strong data-start=\"4240\" data-end=\"4262\"><span dir=\"auto\" style=\"vertical-align: inherit;\"><span dir=\"auto\" style=\"vertical-align: inherit;\">Qualit\u00e4tssicherung<\/span><\/span><\/strong><span dir=\"auto\" style=\"vertical-align: inherit;\"><span dir=\"auto\" style=\"vertical-align: inherit;\"> \u2013 Hergestellt unter GMP-\u00e4hnlichen Bedingungen f\u00fcr gleichbleibende Qualit\u00e4t.<\/span><\/span><\/p>\n<\/li>\n<li data-start=\"4341\" data-end=\"4438\">\n<p data-start=\"4343\" data-end=\"4438\"><strong data-start=\"4343\" data-end=\"4365\"><span dir=\"auto\" style=\"vertical-align: inherit;\"><span dir=\"auto\" style=\"vertical-align: inherit;\">Sichere Verpackung<\/span><\/span><\/strong><span dir=\"auto\" style=\"vertical-align: inherit;\"><span dir=\"auto\" style=\"vertical-align: inherit;\"> \u2013 Luftdichte Verpackung zum Schutz vor Feuchtigkeit und Licht.<\/span><\/span><\/p>\n<\/li>\n<\/ul>\n<hr data-start=\"4440\" data-end=\"4443\" \/>\n<h3 data-start=\"4445\" data-end=\"4462\"><strong data-start=\"4449\" data-end=\"4462\"><span dir=\"auto\" style=\"vertical-align: inherit;\"><span dir=\"auto\" style=\"vertical-align: inherit;\">Vorteile<\/span><\/span><\/strong><\/h3>\n<ul data-start=\"4463\" data-end=\"4766\">\n<li data-start=\"4463\" data-end=\"4541\">\n<p data-start=\"4465\" data-end=\"4541\"><span dir=\"auto\" style=\"vertical-align: inherit;\"><span dir=\"auto\" style=\"vertical-align: inherit;\">Gew\u00e4hrleistet <\/span><\/span><strong data-start=\"4476\" data-end=\"4517\"><span dir=\"auto\" style=\"vertical-align: inherit;\"><span dir=\"auto\" style=\"vertical-align: inherit;\">genaue und wiederholbare Dosierung<\/span><\/span><\/strong><span dir=\"auto\" style=\"vertical-align: inherit;\"><span dir=\"auto\" style=\"vertical-align: inherit;\"> w\u00e4hrend der Experimente.<\/span><\/span><\/p>\n<\/li>\n<li data-start=\"4542\" data-end=\"4640\">\n<p data-start=\"4544\" data-end=\"4640\"><span dir=\"auto\" style=\"vertical-align: inherit;\"><span dir=\"auto\" style=\"vertical-align: inherit;\">Ideal f\u00fcr <\/span><\/span><strong data-start=\"4556\" data-end=\"4596\"><span dir=\"auto\" style=\"vertical-align: inherit;\"><span dir=\"auto\" style=\"vertical-align: inherit;\">Forschung zu Tryptaminderivaten<\/span><\/span><\/strong><span dir=\"auto\" style=\"vertical-align: inherit;\"><span dir=\"auto\" style=\"vertical-align: inherit;\"> in kontrollierten Laborumgebungen.<\/span><\/span><\/p>\n<\/li>\n<li data-start=\"4641\" data-end=\"4701\">\n<p data-start=\"4643\" data-end=\"4701\"><strong data-start=\"4643\" data-end=\"4667\"><span dir=\"auto\" style=\"vertical-align: inherit;\"><span dir=\"auto\" style=\"vertical-align: inherit;\">L\u00e4ngere Haltbarkeit<\/span><\/span><\/strong><span dir=\"auto\" style=\"vertical-align: inherit;\"><span dir=\"auto\" style=\"vertical-align: inherit;\"> dank der stabilen Pelletform.<\/span><\/span><\/p>\n<\/li>\n<li data-start=\"4702\" data-end=\"4766\">\n<p data-start=\"4704\" data-end=\"4766\"><strong data-start=\"4704\" data-end=\"4739\"><span dir=\"auto\" style=\"vertical-align: inherit;\"><span dir=\"auto\" style=\"vertical-align: inherit;\">Einfach und sicher in der Handhabung<\/span><\/span><\/strong><span dir=\"auto\" style=\"vertical-align: inherit;\"><span dir=\"auto\" style=\"vertical-align: inherit;\"> in Laborumgebungen.<\/span><\/span><\/p>\n<\/li>\n<\/ul>\n<hr data-start=\"4768\" data-end=\"4771\" \/>\n<h3 data-start=\"4773\" data-end=\"4788\"><strong data-start=\"4777\" data-end=\"4788\"><span dir=\"auto\" style=\"vertical-align: inherit;\"><span dir=\"auto\" style=\"vertical-align: inherit;\">Verwendung<\/span><\/span><\/strong><\/h3>\n<ul data-start=\"4789\" data-end=\"5092\">\n<li data-start=\"4789\" data-end=\"4871\">\n<p data-start=\"4791\" data-end=\"4871\"><span dir=\"auto\" style=\"vertical-align: inherit;\"><span dir=\"auto\" style=\"vertical-align: inherit;\">Nur zur Verwendung durch <\/span><\/span><strong data-start=\"4813\" data-end=\"4868\"><span dir=\"auto\" style=\"vertical-align: inherit;\"><span dir=\"auto\" style=\"vertical-align: inherit;\">qualifiziertes Forschungs- oder Laborpersonal<\/span><\/span><\/strong><span dir=\"auto\" style=\"vertical-align: inherit;\"><span dir=\"auto\" style=\"vertical-align: inherit;\"> .<\/span><\/span><\/p>\n<\/li>\n<li data-start=\"4872\" data-end=\"4946\">\n<p data-start=\"4874\" data-end=\"4946\"><span dir=\"auto\" style=\"vertical-align: inherit;\"><span dir=\"auto\" style=\"vertical-align: inherit;\">Tragen Sie angemessene <\/span><\/span><strong data-start=\"4890\" data-end=\"4914\"><span dir=\"auto\" style=\"vertical-align: inherit;\"><span dir=\"auto\" style=\"vertical-align: inherit;\">Schutzausr\u00fcstung<\/span><\/span><\/strong><span dir=\"auto\" style=\"vertical-align: inherit;\"><span dir=\"auto\" style=\"vertical-align: inherit;\"> (Handschuhe, Brille, Maske).<\/span><\/span><\/p>\n<\/li>\n<li data-start=\"4947\" data-end=\"5033\">\n<p data-start=\"4949\" data-end=\"5033\"><span dir=\"auto\" style=\"vertical-align: inherit;\"><span dir=\"auto\" style=\"vertical-align: inherit;\">Lagern Sie in einem <\/span><\/span><strong data-start=\"4964\" data-end=\"4987\"><span dir=\"auto\" style=\"vertical-align: inherit;\"><span dir=\"auto\" style=\"vertical-align: inherit;\">k\u00fchl und trocken lagern<\/span><\/span><\/strong><span dir=\"auto\" style=\"vertical-align: inherit;\"><span dir=\"auto\" style=\"vertical-align: inherit;\"> , fern von Hitze und direkter Sonneneinstrahlung.<\/span><\/span><\/p>\n<\/li>\n<li data-start=\"5034\" data-end=\"5092\">\n<p data-start=\"5036\" data-end=\"5092\"><span dir=\"auto\" style=\"vertical-align: inherit;\"><span dir=\"auto\" style=\"vertical-align: inherit;\">Nicht f\u00fcr den menschlichen oder tierischen Verzehr geeignet.<\/span><\/span><\/p>\n<\/li>\n<\/ul>\n<hr data-start=\"5094\" data-end=\"5097\" \/>\n<h3 data-start=\"5099\" data-end=\"5134\"><strong data-start=\"5103\" data-end=\"5134\"><span dir=\"auto\" style=\"vertical-align: inherit;\"><span dir=\"auto\" style=\"vertical-align: inherit;\">H\u00e4ufig gestellte Fragen (FAQs)<\/span><\/span><\/strong><\/h3>\n<p data-start=\"5136\" data-end=\"5333\"><strong data-start=\"5136\" data-end=\"5177\"><span dir=\"auto\" style=\"vertical-align: inherit;\"><span dir=\"auto\" style=\"vertical-align: inherit;\">1. Wozu wird 4-AcO-MET verwendet?<\/span><\/span><\/strong><br data-start=\"5177\" data-end=\"5180\" \/><span dir=\"auto\" style=\"vertical-align: inherit;\"><span dir=\"auto\" style=\"vertical-align: inherit;\"> 4-AcO-MET wird verwendet in <\/span><\/span><strong data-start=\"5210\" data-end=\"5240\"><span dir=\"auto\" style=\"vertical-align: inherit;\"><span dir=\"auto\" style=\"vertical-align: inherit;\">wissenschaftliche Forschung<\/span><\/span><\/strong><span dir=\"auto\" style=\"vertical-align: inherit;\"><span dir=\"auto\" style=\"vertical-align: inherit;\"> zu den Wirkungen von Tryptaminverbindungen, insbesondere solchen, die mit Serotoninrezeptoren in Zusammenhang stehen.<\/span><\/span><\/p>\n<p data-start=\"5335\" data-end=\"5509\"><strong data-start=\"5335\" data-end=\"5395\"><span dir=\"auto\" style=\"vertical-align: inherit;\"><span dir=\"auto\" style=\"vertical-align: inherit;\">2. Ist 4-AcO-MET 20 mg f\u00fcr den pers\u00f6nlichen Gebrauch geeignet?<\/span><\/span><\/strong><br data-start=\"5395\" data-end=\"5398\" \/><span dir=\"auto\" style=\"vertical-align: inherit;\"><span dir=\"auto\" style=\"vertical-align: inherit;\"> Nein. Dieses Produkt ist <\/span><\/span><strong data-start=\"5418\" data-end=\"5468\"><span dir=\"auto\" style=\"vertical-align: inherit;\"><span dir=\"auto\" style=\"vertical-align: inherit;\">Nur f\u00fcr Labortests bestimmt<\/span><\/span><\/strong><span dir=\"auto\" style=\"vertical-align: inherit;\"><span dir=\"auto\" style=\"vertical-align: inherit;\"> und ist nicht f\u00fcr den menschlichen Gebrauch geeignet.<\/span><\/span><\/p>\n<p data-start=\"5511\" data-end=\"5677\"><strong data-start=\"5511\" data-end=\"5558\"><span dir=\"auto\" style=\"vertical-align: inherit;\"><span dir=\"auto\" style=\"vertical-align: inherit;\">3. Wie sollte 4-AcO-MET 20 mg gelagert werden?<\/span><\/span><\/strong><br data-start=\"5558\" data-end=\"5561\" \/><span dir=\"auto\" style=\"vertical-align: inherit;\"><span dir=\"auto\" style=\"vertical-align: inherit;\"> Lagern Sie in einem <\/span><\/span><strong data-start=\"5576\" data-end=\"5613\"><span dir=\"auto\" style=\"vertical-align: inherit;\"><span dir=\"auto\" style=\"vertical-align: inherit;\">trockener, dicht verschlossener Beh\u00e4lter<\/span><\/span><\/strong><span dir=\"auto\" style=\"vertical-align: inherit;\"><span dir=\"auto\" style=\"vertical-align: inherit;\"> Bei Raumtemperatur (15\u201325\u00b0C) lagern, vor Licht und Feuchtigkeit sch\u00fctzen.<\/span><\/span><\/p>","protected":false},"excerpt":{"rendered":"<p>4-AcO-MET (4-Acetoxy-N-ethyl-N-methyltryptamine) 20 MG Pellets are high-purity research chemicals specifically formulated for advanced chemical and pharmacological research. Each pellet contains<\/p>","protected":false},"featured_media":28422,"comment_status":"closed","ping_status":"closed","template":"","meta":[],"product_brand":[],"product_cat":[503,502,324,381],"product_tag":[1140,1141,326],"class_list":{"0":"post-23624","1":"product","2":"type-product","3":"status-publish","4":"has-post-thumbnail","6":"product_cat-4-aco-met","7":"product_cat-4-aco-met-pellets","8":"product_cat-pellets-for-pellet","9":"product_cat-tryptamines","10":"product_tag-4-aco-met","11":"product_tag-4-aco-met-kopen","12":"product_tag-nl","14":"first","15":"instock","16":"taxable","17":"shipping-taxable","18":"purchasable","19":"product-type-variable"},"_links":{"self":[{"href":"https:\/\/researchchemicalhub.com\/de\/wp-json\/wp\/v2\/product\/23624","targetHints":{"allow":["GET"]}}],"collection":[{"href":"https:\/\/researchchemicalhub.com\/de\/wp-json\/wp\/v2\/product"}],"about":[{"href":"https:\/\/researchchemicalhub.com\/de\/wp-json\/wp\/v2\/types\/product"}],"replies":[{"embeddable":true,"href":"https:\/\/researchchemicalhub.com\/de\/wp-json\/wp\/v2\/comments?post=23624"}],"version-history":[{"count":6,"href":"https:\/\/researchchemicalhub.com\/de\/wp-json\/wp\/v2\/product\/23624\/revisions"}],"predecessor-version":[{"id":28722,"href":"https:\/\/researchchemicalhub.com\/de\/wp-json\/wp\/v2\/product\/23624\/revisions\/28722"}],"wp:featuredmedia":[{"embeddable":true,"href":"https:\/\/researchchemicalhub.com\/de\/wp-json\/wp\/v2\/media\/28422"}],"wp:attachment":[{"href":"https:\/\/researchchemicalhub.com\/de\/wp-json\/wp\/v2\/media?parent=23624"}],"wp:term":[{"taxonomy":"product_brand","embeddable":true,"href":"https:\/\/researchchemicalhub.com\/de\/wp-json\/wp\/v2\/product_brand?post=23624"},{"taxonomy":"product_cat","embeddable":true,"href":"https:\/\/researchchemicalhub.com\/de\/wp-json\/wp\/v2\/product_cat?post=23624"},{"taxonomy":"product_tag","embeddable":true,"href":"https:\/\/researchchemicalhub.com\/de\/wp-json\/wp\/v2\/product_tag?post=23624"}],"curies":[{"name":"wp","href":"https:\/\/api.w.org\/{rel}","templated":true}]}}