{"id":23595,"date":"2025-04-13T17:40:01","date_gmt":"2025-04-13T17:40:01","guid":{"rendered":"https:\/\/researchchemicalhub.com\/?post_type=product&#038;p=23595"},"modified":"2025-10-30T09:18:12","modified_gmt":"2025-10-30T09:18:12","slug":"1p-kaufen-lsd-3","status":"publish","type":"product","link":"https:\/\/researchchemicalhub.com\/de\/geschaft\/1p-lsd-20-mcg-loschblatter\/1p-kaufen-lsd-3\/","title":{"rendered":"1P-LSD 150 MCG Pellets"},"content":{"rendered":"<h3>LSD 1P-LSD 150 MCG Pellets bestellen \u2013 Premiumqualit\u00e4t f\u00fcr die wissenschaftliche Forschung<\/h3>\n<p data-start=\"4066\" data-end=\"4258\"><strong data-start=\"4066\" data-end=\"4117\">1P-LSD (1-Propionyl-Lysergs\u00e4urediethylamid)<\/strong> 150 \u00b5g Pellets sind <strong data-start=\"4138\" data-end=\"4184\">hochreine Forschungsverbindungen<\/strong>, entwickelt f\u00fcr <strong data-start=\"4202\" data-end=\"4255\">neurowissenschaftliche und pharmakologische Forschung<\/strong>. 1p LSD kaufen<\/p>\n<p data-start=\"4260\" data-end=\"4523\">Wenn <strong data-start=\"4264\" data-end=\"4296\">Strukturanalogon von LSD<\/strong>, 1P-LSD enth\u00e4lt eine Propionylgruppe, die seine pharmakologischen Eigenschaften beeinflusst. Es wird h\u00e4ufig verwendet in <strong data-start=\"4406\" data-end=\"4446\">Forschung zu Serotoninrezeptoren<\/strong> Und <strong data-start=\"4450\" data-end=\"4492\">Struktur-Wirkungs-Beziehungen (SAR)<\/strong> innerhalb der Lysergamid-Klasse.<\/p>\n<p data-start=\"4525\" data-end=\"4673\">Jedes Pellet enth\u00e4lt <strong data-start=\"4543\" data-end=\"4567\">150 Mikrogramm 1P-LSD<\/strong> mit hoher Genauigkeit, was reproduzierbare Forschungsergebnisse und Langzeitstabilit\u00e4t gew\u00e4hrleistet.<\/p>\n<blockquote data-start=\"4675\" data-end=\"4813\">\n<p data-start=\"4677\" data-end=\"4813\">\u26a0\ufe0f <strong data-start=\"4680\" data-end=\"4691\">Hinweis:<\/strong> Dieses Produkt ist <strong data-start=\"4707\" data-end=\"4762\">nur f\u00fcr wissenschaftliche Forschung bestimmt<\/strong> Und <strong data-start=\"4766\" data-end=\"4810\">nicht f\u00fcr den menschlichen Verzehr geeignet<\/strong>.<\/p>\n<\/blockquote>\n<hr data-start=\"4815\" data-end=\"4818\" \/>\n<h3 data-start=\"4820\" data-end=\"4851\"><strong data-start=\"4824\" data-end=\"4851\">Hauptmerkmale<\/strong><\/h3>\n<ul data-start=\"4852\" data-end=\"5288\">\n<li data-start=\"4852\" data-end=\"4935\">\n<p data-start=\"4854\" data-end=\"4935\"><strong data-start=\"4854\" data-end=\"4880\">Hohe Reinheit (\u226599%)<\/strong> \u2013 Im Labor auf Identit\u00e4t und Stabilit\u00e4t gepr\u00fcft.<\/p>\n<\/li>\n<li data-start=\"4936\" data-end=\"5034\">\n<p data-start=\"4938\" data-end=\"5034\"><strong data-start=\"4938\" data-end=\"4976\">Pr\u00e4zise Mikrodosierung (150 \u00b5g)<\/strong> \u2013 F\u00fcr konsistente und zuverl\u00e4ssige Forschungsergebnisse.<\/p>\n<\/li>\n<li data-start=\"5035\" data-end=\"5117\">\n<p data-start=\"5037\" data-end=\"5117\"><strong data-start=\"5037\" data-end=\"5063\">Verbesserte Stabilit\u00e4t<\/strong> \u2013 Entwickelt, um eine Verschlechterung w\u00e4hrend der Lagerung zu verhindern.<\/p>\n<\/li>\n<li data-start=\"5118\" data-end=\"5200\">\n<p data-start=\"5120\" data-end=\"5200\"><strong data-start=\"5120\" data-end=\"5145\">GMP-konforme Produktion<\/strong> \u2013 Garantierte Qualit\u00e4t f\u00fcr Forschungszwecke.<\/p>\n<\/li>\n<li data-start=\"5201\" data-end=\"5288\">\n<p data-start=\"5203\" data-end=\"5288\"><strong data-start=\"5203\" data-end=\"5225\">Sichere Verpackung<\/strong> \u2013 Luftdicht und feuchtigkeitsbest\u00e4ndig f\u00fcr lange Haltbarkeit.<\/p>\n<\/li>\n<\/ul>\n<hr data-start=\"5290\" data-end=\"5293\" \/>\n<h3 data-start=\"5295\" data-end=\"5312\"><strong data-start=\"5299\" data-end=\"5312\">Vorteile<\/strong><\/h3>\n<ul data-start=\"5313\" data-end=\"5576\">\n<li data-start=\"5313\" data-end=\"5394\">\n<p data-start=\"5315\" data-end=\"5394\">Unterst\u00fctzt <strong data-start=\"5327\" data-end=\"5391\">Forschung zu Serotoninrezeptoren und Lysergamidanaloga<\/strong>.<\/p>\n<\/li>\n<li data-start=\"5395\" data-end=\"5461\">\n<p data-start=\"5397\" data-end=\"5461\"><strong data-start=\"5397\" data-end=\"5421\">Genaue Dosierung<\/strong> f\u00fcr zuverl\u00e4ssige Reproduzierbarkeit.<\/p>\n<\/li>\n<li data-start=\"5462\" data-end=\"5514\">\n<p data-start=\"5464\" data-end=\"5514\"><strong data-start=\"5464\" data-end=\"5490\">Langzeitstabilit\u00e4t<\/strong> und einfache Lagerung. Kaufen Sie 1p LSD<\/p>\n<\/li>\n<li data-start=\"5515\" data-end=\"5576\">\n<p data-start=\"5517\" data-end=\"5576\">Passend f\u00fcr <strong data-start=\"5531\" data-end=\"5573\">pharmakologische und analytische Forschung<\/strong>.<\/p>\n<\/li>\n<\/ul>\n<hr data-start=\"5578\" data-end=\"5581\" \/>\n<h3 data-start=\"5583\" data-end=\"5598\"><strong data-start=\"5587\" data-end=\"5598\">Verwendung<\/strong><\/h3>\n<ul data-start=\"5599\" data-end=\"5881\">\n<li data-start=\"5599\" data-end=\"5669\">\n<p data-start=\"5601\" data-end=\"5669\">Nur zur Verwendung durch <strong data-start=\"5626\" data-end=\"5666\">qualifiziertes Laborpersonal<\/strong>.<\/p>\n<\/li>\n<li data-start=\"5670\" data-end=\"5746\">\n<p data-start=\"5672\" data-end=\"5746\">Verwenden Sie geeignete <strong data-start=\"5690\" data-end=\"5714\">Schutzausr\u00fcstung<\/strong> (Handschuhe, Schutzbrille, Laborkittel).<\/p>\n<\/li>\n<li data-start=\"5747\" data-end=\"5822\">\n<p data-start=\"5749\" data-end=\"5822\">Sparen Sie bei einem <strong data-start=\"5764\" data-end=\"5787\">k\u00fchl und trocken lagern<\/strong>, vor Licht und Feuchtigkeit gesch\u00fctzt.<\/p>\n<\/li>\n<li data-start=\"5823\" data-end=\"5881\">\n<p data-start=\"5825\" data-end=\"5881\">Nicht f\u00fcr den menschlichen oder tierischen Verzehr geeignet.<\/p>\n<\/li>\n<\/ul>\n<hr data-start=\"5883\" data-end=\"5886\" \/>\n<h3 data-start=\"5888\" data-end=\"5923\"><strong data-start=\"5892\" data-end=\"5923\">H\u00e4ufig gestellte Fragen (FAQs)<\/strong><\/h3>\n<p data-start=\"5925\" data-end=\"6082\"><strong data-start=\"5925\" data-end=\"5963\">1. Wof\u00fcr wird 1P-LSD verwendet?<\/strong><br data-start=\"5963\" data-end=\"5966\" \/>1P-LSD wird verwendet in <strong data-start=\"5991\" data-end=\"6021\">wissenschaftliche Forschung<\/strong> \u00fcber Lysergamide und ihre Wirkung auf Serotoninrezeptoren.<\/p>\n<p data-start=\"6084\" data-end=\"6260\"><strong data-start=\"6084\" data-end=\"6138\">2. Ist 1P-LSD 150 \u00b5g f\u00fcr den menschlichen Gebrauch sicher?<\/strong><br data-start=\"6138\" data-end=\"6141\" \/>Nein. Dieses Produkt ist <strong data-start=\"6161\" data-end=\"6210\">nur f\u00fcr Forschungszwecke bestimmt<\/strong> und nicht f\u00fcr den menschlichen Verzehr zugelassen.<\/p>\n<p data-start=\"6262\" data-end=\"6430\"><strong data-start=\"6262\" data-end=\"6307\">3. Wie sollte 1P-LSD 150 \u00b5g gelagert werden?<\/strong><br data-start=\"6307\" data-end=\"6310\" \/>Lagern Sie in einem <strong data-start=\"6325\" data-end=\"6355\">gut verschlossene Verpackung<\/strong> bei Raumtemperatur (15\u201325 \u00b0C), fern von Feuchtigkeit, Hitze und Licht.<\/p>\n<h4><span style=\"color: #333333; font-size: 16px;\">.<\/span><a style=\"font-size: 16px;\" href=\"https:\/\/researchchemicalhub.com\/de\/geschaft\/iboga-ibogain\/iboga-wurzelrinde\/\">Iboga-Wurzelrinde<\/a><a style=\"font-size: 16px;\" href=\"https:\/\/researchchemicalhub.com\/de\/geschaft\/iboga-ibogain\/ibogain-hcl-kaufen\/\">Ibogain HCL online kaufen\u200b<\/a><a style=\"font-size: 16px;\" href=\"https:\/\/researchchemicalhub.com\/de\/geschaft\/pellets\/o-dsmt-50-mg-pellets\/\">o-dsmt<\/a><a style=\"font-size: 16px;\" href=\"https:\/\/researchchemicalhub.com\/de\/geschaft\/lysergamide\/1v-lsd-150-mcg-loschblatter\/\">1vlsd\u200b<\/a><a style=\"font-size: 16px;\" href=\"https:\/\/researchchemicalhub.com\/de\/geschaft\/lysergamide\/1cp-lsd-150-mcg-kunstloscher\/\">1cp LSD<\/a><\/h4>","protected":false},"excerpt":{"rendered":"<h2>1P-LSD 150 MCG Pellets eigenschappen<\/h2>\n<p><strong>Synoniemen<\/strong>: N,N-diethyl-7-methyl-4-propanoyl-6,6a,8,9-tetrahydroindolo [4,3-fg]chinoline-9-carboxamide<br \/>\n<strong>CAS Nummer<\/strong>: 2349358-81-0<br \/>\n<strong>Formule<\/strong>: C23H29N3O2<br \/>\n<strong>Molmassa<\/strong>: 379,5 g\/mol<br \/>\n<strong>Zuiverheid<\/strong>: \u226599,3%<\/p>\n","protected":false},"featured_media":28356,"comment_status":"closed","ping_status":"closed","template":"","meta":[],"product_brand":[82],"product_cat":[363,379,358,324],"product_tag":[929,926,774,326],"class_list":{"0":"post-23595","1":"product","2":"type-product","3":"status-publish","4":"has-post-thumbnail","6":"product_brand-research-chemical","7":"product_cat-1p-lsd-kopen","8":"product_cat-1p-lsd-pellets","9":"product_cat-lysergamides","10":"product_cat-pellets-for-pellet","11":"product_tag-1p-lsd","12":"product_tag-1p-lsd-kopen","13":"product_tag-lsd-bestellen","14":"product_tag-nl","16":"first","17":"instock","18":"taxable","19":"shipping-taxable","20":"purchasable","21":"product-type-variable"},"_links":{"self":[{"href":"https:\/\/researchchemicalhub.com\/de\/wp-json\/wp\/v2\/product\/23595","targetHints":{"allow":["GET"]}}],"collection":[{"href":"https:\/\/researchchemicalhub.com\/de\/wp-json\/wp\/v2\/product"}],"about":[{"href":"https:\/\/researchchemicalhub.com\/de\/wp-json\/wp\/v2\/types\/product"}],"replies":[{"embeddable":true,"href":"https:\/\/researchchemicalhub.com\/de\/wp-json\/wp\/v2\/comments?post=23595"}],"version-history":[{"count":5,"href":"https:\/\/researchchemicalhub.com\/de\/wp-json\/wp\/v2\/product\/23595\/revisions"}],"predecessor-version":[{"id":28001,"href":"https:\/\/researchchemicalhub.com\/de\/wp-json\/wp\/v2\/product\/23595\/revisions\/28001"}],"wp:featuredmedia":[{"embeddable":true,"href":"https:\/\/researchchemicalhub.com\/de\/wp-json\/wp\/v2\/media\/28356"}],"wp:attachment":[{"href":"https:\/\/researchchemicalhub.com\/de\/wp-json\/wp\/v2\/media?parent=23595"}],"wp:term":[{"taxonomy":"product_brand","embeddable":true,"href":"https:\/\/researchchemicalhub.com\/de\/wp-json\/wp\/v2\/product_brand?post=23595"},{"taxonomy":"product_cat","embeddable":true,"href":"https:\/\/researchchemicalhub.com\/de\/wp-json\/wp\/v2\/product_cat?post=23595"},{"taxonomy":"product_tag","embeddable":true,"href":"https:\/\/researchchemicalhub.com\/de\/wp-json\/wp\/v2\/product_tag?post=23595"}],"curies":[{"name":"wp","href":"https:\/\/api.w.org\/{rel}","templated":true}]}}