{"id":27570,"date":"2025-10-20T07:05:38","date_gmt":"2025-10-20T07:05:38","guid":{"rendered":"https:\/\/researchchemicalhub.com\/?post_type=product&#038;p=27570"},"modified":"2025-10-21T05:49:34","modified_gmt":"2025-10-21T05:49:34","slug":"4mmc-kopen","status":"publish","type":"product","link":"https:\/\/researchchemicalhub.com\/da\/shop\/okategoriserad\/4mmc-kopen\/","title":{"rendered":"K\u00f8b Mephedrone (4MMC)"},"content":{"rendered":"<h2 data-start=\"557\" data-end=\"590\"><strong data-start=\"560\" data-end=\"590\">Hvad er Mephedron (4-MMC)?<\/strong><\/h2>\n<p data-start=\"592\" data-end=\"923\">Mephedron, wieschaftlich bekannt als <strong data-start=\"632\" data-end=\"664\">4-methylmethcathinon (4-MMC)<\/strong>, er et syntetisk stof fra gruppen <strong data-start=\"716\" data-end=\"729\">Cathinone<\/strong>, som kemisk mit <strong data-start=\"748\" data-end=\"764\">Amfetaminer<\/strong> relateret ist. Urspr\u00fcnglich blev markedsf\u00f8rt i begyndelsen af 2000&#039;erne som &quot;Legal High&quot; eller &quot;Badesalz&quot;, reklame var forbudt i de vigtigste delstater. <mark>k\u00f8b 4mmc<\/mark><\/p>\n<p data-start=\"925\" data-end=\"1301\">Kemisk syntetiseret fungerer Mephedron som <strong data-start=\"962\" data-end=\"975\">Tilskyndelse<\/strong>, det er aktiviteten i centralnervesystemet. Dette er en fantastisk m\u00e5de at signalere eufori og regn p\u00e5 - den bedste m\u00e5de at forst\u00e5 det p\u00e5 <strong data-start=\"1125\" data-end=\"1143\">MDMA (Ecstasy)<\/strong> Oder <strong data-start=\"1149\" data-end=\"1159\">Kokain<\/strong>At stoffet er ureguleret og ofte forurenet af krig, f\u00fchrten <strong data-start=\"1230\" data-end=\"1272\">sunde risici og katastrofer<\/strong> forbudt internationalt.<\/p>\n<h2 data-start=\"1308\" data-end=\"1345\"><strong data-start=\"1311\" data-end=\"1345\">Hvem arbejder med Mephedron i K\u00f6rper?<\/strong><\/h2>\n<p data-start=\"1347\" data-end=\"1672\">Mephedron p\u00e5virker koncentrationen af neurotransmitteren <strong data-start=\"1408\" data-end=\"1419\">Dopamin<\/strong>, <strong data-start=\"1421\" data-end=\"1434\">Serotonin<\/strong> og <strong data-start=\"1439\" data-end=\"1455\">Noradrenalin<\/strong> im Gehirn. Diese Botenstoffe sind f\u00fcr Stimmung, Motivatie und Wachheit ansvarlig.<br data-start=\"1543\" data-end=\"1546\" \/>I l\u00f8bet af denne plejeperiode vil materialet oph\u00f8re med at blive brugt <strong data-start=\"1609\" data-end=\"1671\">Kurzzeitigen Gef\u00fchl von Euphorie, Energie und Geselligkeit<\/strong>.<\/p>\n<p data-start=\"1674\" data-end=\"1966\">Men disse kunstneriske effekter vil forts\u00e6tte med at eksistere. Nach Abklingen der Wirkung kann es zu einem <strong data-start=\"1766\" data-end=\"1777\">Krak<\/strong> sk\u00e5le \u2013 et liv i fred, rejser eller depression. Bei wiederholtem Konsum bestht das risiko einer <strong data-start=\"1894\" data-end=\"1922\">psykisk lidelse<\/strong> og en <strong data-start=\"1933\" data-end=\"1965\">Forandring af rygkemi<\/strong>.<\/p>\n<h2 data-start=\"1973\" data-end=\"2015\"><strong data-start=\"1976\" data-end=\"2015\">Kurzzeitige Wirkungen von Mephedron<\/strong><\/h2>\n<p data-start=\"2017\" data-end=\"2168\">Die Wirkung tritt in der Regel <strong data-start=\"2048\" data-end=\"2083\">indre halvdel p\u00e5 15 til 45 minutter<\/strong> efter Einnahme auf og h\u00e4lt etwa <strong data-start=\"2120\" data-end=\"2139\">2 til 4 timer<\/strong> en.<br data-start=\"2143\" data-end=\"2146\" \/>Typiske effekter er:<\/p>\n<ul data-start=\"2170\" data-end=\"2333\">\n<li data-start=\"2170\" data-end=\"2206\">\n<p data-start=\"2172\" data-end=\"2206\">Gesteigerte Energie og Wachheit<\/p>\n<\/li>\n<li data-start=\"2207\" data-end=\"2251\">\n<p data-start=\"2209\" data-end=\"2251\">Erh\u00f6hte Geselligkeit und Gespr\u00e4chsfreude<\/p>\n<\/li>\n<li data-start=\"2252\" data-end=\"2284\">\n<p data-start=\"2254\" data-end=\"2284\">Steigertes Selbstvertrauen<\/p>\n<\/li>\n<li data-start=\"2285\" data-end=\"2333\">\n<p data-start=\"2287\" data-end=\"2333\">Intensive Wahrnehmung von Musik und Farben<\/p>\n<\/li>\n<\/ul>\n<p data-start=\"2335\" data-end=\"2488\">Disse effekter kan v\u00e6re meget hurtige <strong data-start=\"2375\" data-end=\"2405\">uforenelige eftervirkninger<\/strong> blev l\u00f8st \u2013 z. B. Schlaflosigkeit, Gereiztheit oder Konzentrationsst\u00f6rungen.<\/p>\n<h2 data-start=\"2495\" data-end=\"2537\"><strong data-start=\"2498\" data-end=\"2537\">M\u00f6gliche Risiken und Nebenwirkungen<\/strong><\/h2>\n<h3 data-start=\"2539\" data-end=\"2573\"><strong data-start=\"2543\" data-end=\"2573\">K\u00f8rperlige Nebenwirkungen<\/strong><\/h3>\n<ul data-start=\"2575\" data-end=\"2779\">\n<li data-start=\"2575\" data-end=\"2606\">\n<p data-start=\"2577\" data-end=\"2606\">H\u00f8jere puls og blodtryk<\/p>\n<\/li>\n<li data-start=\"2607\" data-end=\"2649\">\n<p data-start=\"2609\" data-end=\"2649\">\u00dcberm\u00e4\u00dfiges Schwitzen und Dehydrierung<\/p>\n<\/li>\n<li data-start=\"2650\" data-end=\"2691\">\n<p data-start=\"2652\" data-end=\"2691\">Muskelspannungen und Kieferpressen<\/p>\n<\/li>\n<li data-start=\"2692\" data-end=\"2731\">\n<p data-start=\"2694\" data-end=\"2731\">Schlafprobleme und Appetitlosigkeit<\/p>\n<\/li>\n<li data-start=\"2732\" data-end=\"2779\">\n<p data-start=\"2734\" data-end=\"2779\">Risiko for ens liv <strong data-start=\"2747\" data-end=\"2777\">Hypertermi<\/strong><\/p>\n<\/li>\n<\/ul>\n<h3 data-start=\"2781\" data-end=\"2814\"><strong data-start=\"2785\" data-end=\"2814\">Psykiske bivirkninger<\/strong><\/h3>\n<ul data-start=\"2816\" data-end=\"2967\">\n<li data-start=\"2816\" data-end=\"2851\">\n<p data-start=\"2818\" data-end=\"2851\">Angst og panikanfald<\/p>\n<\/li>\n<li data-start=\"2852\" data-end=\"2885\">\n<p data-start=\"2854\" data-end=\"2885\">Paranoia eller hallucinationer<\/p>\n<\/li>\n<li data-start=\"2886\" data-end=\"2926\">\n<p data-start=\"2888\" data-end=\"2926\">Stimmungsschwankungen og depression<\/p>\n<\/li>\n<li data-start=\"2927\" data-end=\"2967\">\n<p data-start=\"2929\" data-end=\"2967\">Erh\u00f8htes Risiko for <strong data-start=\"2949\" data-end=\"2965\">Afh\u00e6ngighed<\/strong><\/p>\n<\/li>\n<\/ul>\n<p data-start=\"2969\" data-end=\"3075\">Langfristigt forbrug kan det <strong data-start=\"2999\" data-end=\"3024\">Hjertecyklusl\u00f8bssystem<\/strong>, WHO <strong data-start=\"3030\" data-end=\"3039\">Lever<\/strong> og det <strong data-start=\"3048\" data-end=\"3064\">Nervesystemet<\/strong> skade.<\/p>\n<h2 data-start=\"3082\" data-end=\"3129\"><strong data-start=\"3085\" data-end=\"3129\">Rechtlicher Status von Mephedron (4-MMC)<\/strong><\/h2>\n<p data-start=\"3131\" data-end=\"3235\">Nach einem rasanten Anstieg des Missbrauchs wurde Mephedron <strong data-start=\"3191\" data-end=\"3202\">fra 2010<\/strong> forbudt i de vigtigste delstater.<\/p>\n<ul data-start=\"3237\" data-end=\"3584\">\n<li data-start=\"3237\" data-end=\"3348\">\n<p data-start=\"3239\" data-end=\"3348\"><strong data-start=\"3239\" data-end=\"3255\">Tyskland:<\/strong> Siden 2010 <strong data-start=\"3269\" data-end=\"3302\">Betalingsmiddelloven (BtMG)<\/strong> da det ikke er p\u00e5 listen over trafiksikkerhedsforanstaltninger.<\/p>\n<\/li>\n<li data-start=\"3349\" data-end=\"3439\">\n<p data-start=\"3351\" data-end=\"3439\"><strong data-start=\"3351\" data-end=\"3390\">Europ\u00e4ische Union &amp; Gro\u00dfbritannien:<\/strong> Einstufung som verbotene psykotropisk substans.<\/p>\n<\/li>\n<li data-start=\"3440\" data-end=\"3513\">\n<p data-start=\"3442\" data-end=\"3513\"><strong data-start=\"3442\" data-end=\"3450\">USA:<\/strong> I <strong data-start=\"3454\" data-end=\"3468\">Skema I<\/strong> Lov om kontrollerede stoffer vedtaget.<\/p>\n<\/li>\n<li data-start=\"3514\" data-end=\"3584\">\n<p data-start=\"3516\" data-end=\"3584\"><strong data-start=\"3516\" data-end=\"3540\">Australien og Canada:<\/strong> Unter \u00e4hnlichen Gesetzen strengt verboten.<\/p>\n<\/li>\n<\/ul>\n<h3 data-start=\"3586\" data-end=\"3621\"><strong data-start=\"3590\" data-end=\"3621\">Hvorfor er 4-MMC forbudt?<\/strong><\/h3>\n<p data-start=\"3623\" data-end=\"3884\">Regierungen reaktioner p\u00e5 en Zunahme von <strong data-start=\"3667\" data-end=\"3704\">Krankenhausf\u00e4llen og Todesf\u00e4llen<\/strong> efter Konsum von Mephedron.<br data-start=\"3735\" data-end=\"3738\" \/>Det meste af stoffet <strong data-start=\"3760\" data-end=\"3783\">ulovligt p\u00e5 internettet<\/strong> k\u00f8bt, fordi der ikke er mulige kvalitetskontrolforanstaltninger - en risikofaktor for forbrugerne.<\/p>\n<h2 data-start=\"3891\" data-end=\"3949\"><strong data-start=\"3894\" data-end=\"3949\">Forebyggelse og skadesminimering (skadesreduktion)<\/strong><\/h2>\n<p data-start=\"3951\" data-end=\"4125\">Hvis Mephedron er ulovligt, bliver det en sundhedsorganisation for <strong data-start=\"4032\" data-end=\"4061\">Opklaring og forebyggelse<\/strong> En gang imellem vil du nu blive straffet.<br data-start=\"4092\" data-end=\"4095\" \/>Empfohlene Vorsichtsma\u00dfnahmen:<\/p>\n<ul data-start=\"4127\" data-end=\"4354\">\n<li data-start=\"4127\" data-end=\"4180\">\n<p data-start=\"4129\" data-end=\"4180\">M\u00e5 ikke kombineres med andre t\u00f8rrings- eller alkoholprodukter<\/p>\n<\/li>\n<li data-start=\"4181\" data-end=\"4242\">\n<p data-start=\"4183\" data-end=\"4242\">Ausreichend Wasser trinken, aber \u00dcberhydrierung undg\u00e5<\/p>\n<\/li>\n<li data-start=\"4243\" data-end=\"4287\">\n<p data-start=\"4245\" data-end=\"4287\">Paver mellem de to Konsume-episoder slutter<\/p>\n<\/li>\n<li data-start=\"4288\" data-end=\"4354\">\n<p data-start=\"4290\" data-end=\"4354\">Kontakt os venligst for yderligere information.<\/p>\n<\/li>\n<\/ul>\n<h3 data-start=\"4356\" data-end=\"4399\"><strong data-start=\"4360\" data-end=\"4399\">Warnsignale problematicen Konsums<\/strong><\/h3>\n<ul data-start=\"4401\" data-end=\"4589\">\n<li data-start=\"4401\" data-end=\"4436\">\n<p data-start=\"4403\" data-end=\"4436\">H\u00e4ufiges \u201eNachlegen\u201c (gendosering)<\/p>\n<\/li>\n<li data-start=\"4437\" data-end=\"4499\">\n<p data-start=\"4439\" data-end=\"4499\">Vernachl\u00e4ssigung sozialer oder beruflicher Verpflichtungen<\/p>\n<\/li>\n<li data-start=\"4500\" data-end=\"4538\">\n<p data-start=\"4502\" data-end=\"4538\">Stimmungseinbr\u00fcche nach dem Konsum<\/p>\n<\/li>\n<li data-start=\"4539\" data-end=\"4589\">\n<p data-start=\"4541\" data-end=\"4589\">Zwanghafte Beschaffung oder Gedanken an Konsum<\/p>\n<\/li>\n<\/ul>\n<h2 data-start=\"4596\" data-end=\"4648\"><strong data-start=\"4599\" data-end=\"4648\">Aktuel forskning i 4-MMC<\/strong><\/h2>\n<p data-start=\"4650\" data-end=\"5018\">Nye unders\u00f8gelser viser, at 4-MMC er tilg\u00e6ngelig online <strong data-start=\"4707\" data-end=\"4715\">MDMA<\/strong> Oder <strong data-start=\"4721\" data-end=\"4735\">Amfetamin<\/strong> som \u00e6ndrer Aussch\u00fcttung von Neurotransmitter.<br data-start=\"4785\" data-end=\"4788\" \/>Forskning ligeud p\u00e5 <strong data-start=\"4817\" data-end=\"4842\">neurotoksiske virkninger<\/strong> og <strong data-start=\"4847\" data-end=\"4874\">kardiovaskul\u00e6r risiko<\/strong> hin.<br data-start=\"4879\" data-end=\"4882\" \/>Videnskabsmand fordern daher <strong data-start=\"4912\" data-end=\"4931\">yderligere studier<\/strong>, s\u00e5ledes at de langsigtede fremskridt kan forbedres, og implementeringsstrategier kan implementeres.<\/p>\n<h2 data-start=\"5025\" data-end=\"5073\"><strong data-start=\"5028\" data-end=\"5073\">Finde, legale Alternativen zu Mephedron<\/strong><\/h2>\n<p data-start=\"5075\" data-end=\"5184\">Wer nach Energie und Focus sucht, sollte af <strong data-start=\"5120\" data-end=\"5155\">lovlige og testede stoffer<\/strong> tilbagetr\u00e6kning. Dazu h\u00f8rte:<\/p>\n<ul data-start=\"5186\" data-end=\"5406\">\n<li data-start=\"5186\" data-end=\"5239\">\n<p data-start=\"5188\" data-end=\"5239\"><strong data-start=\"5188\" data-end=\"5211\">Kaffe og Guarana<\/strong> (naturlig stimulans)<\/p>\n<\/li>\n<li data-start=\"5240\" data-end=\"5296\">\n<p data-start=\"5242\" data-end=\"5296\"><strong data-start=\"5242\" data-end=\"5255\">L-Theanin<\/strong> (i gr\u00fcnem Tee, f\u00f6rdert Konzentration)<\/p>\n<\/li>\n<li data-start=\"5297\" data-end=\"5347\">\n<p data-start=\"5299\" data-end=\"5347\"><strong data-start=\"5299\" data-end=\"5317\">Rosenrod<\/strong> (Adaptogen mod egnethed)<\/p>\n<\/li>\n<li data-start=\"5348\" data-end=\"5406\">\n<p data-start=\"5350\" data-end=\"5406\"><strong data-start=\"5350\" data-end=\"5372\">B-vitaminkompleks<\/strong> til sjove fritidsaktiviteter<\/p>\n<\/li>\n<\/ul>\n<p data-start=\"5408\" data-end=\"5500\">Solche Alternativen er ikke tilg\u00e6ngelig <strong data-start=\"5433\" data-end=\"5455\">sikkert og lovligt<\/strong>, hvis du er ude <strong data-start=\"5470\" data-end=\"5491\">testede fjedre<\/strong> stammer.<\/p>\n<h2 data-start=\"5507\" data-end=\"5544\"><strong data-start=\"5510\" data-end=\"5544\">H\u00e4ufig gestelte Fragen (Ofte stillede sp\u00f8rgsm\u00e5l)<\/strong><\/h2>\n<p data-start=\"5546\" data-end=\"5727\"><strong data-start=\"5546\" data-end=\"5598\">1. Wof\u00fcr wurde Mephedron urspr\u00fcnglich fork\u00e6let?<\/strong><br data-start=\"5598\" data-end=\"5601\" \/>Mephedron blev ogs\u00e5 brugt som et &quot;forskningskemikalie&quot; til salg og til forbrugere for at stimulere trafikken.<\/p>\n<p data-start=\"5729\" data-end=\"5874\"><strong data-start=\"5729\" data-end=\"5767\">2. Er 4-MMC heute irgendwo lovligt?<\/strong><br data-start=\"5767\" data-end=\"5770\" \/>Nej, Mephedron er forbudt i alle lande. Det er vigtigt at lytte til Bet\u00e4ubungsmittel.<\/p>\n<p data-start=\"5876\" data-end=\"6062\"><strong data-start=\"5876\" data-end=\"5925\">3. Findes der alternativer til Mephedron?<\/strong><br data-start=\"5925\" data-end=\"5928\" \/>Ja, naturlige eller lovlige opkastninger med koffein, theanin eller friske adaptogene r\u00f8dbeder har en effekt p\u00e5 trods af h\u00f8je risici.<\/p>\n<p data-start=\"5876\" data-end=\"6062\"><a href=\"https:\/\/researchchemicalhub.com\/da\/shop\/okategoriserad\/benzocaine-powder\/\">benzokainpulver<\/a><a href=\"https:\/\/researchchemicalhub.com\/da\/shop\/okategoriserad\/fentanyl-kopen\/\">k\u00f8b fentanyl<\/a><a href=\"https:\/\/researchchemicalhub.com\/da\/shop\/iboga-ibogaine\/iboga-root-bark\/\">iboga rodbark<\/a><a href=\"https:\/\/researchchemicalhub.com\/da\/shop\/iboga-ibogaine\/iboga-kopen\/\">k\u00f8b iboga<\/a><a href=\"https:\/\/researchchemicalhub.com\/da\/shop\/iboga-ibogaine\/buy-ibogaine-hcl-online\/\">k\u00f8b ibogaine hcl online<\/a><\/p>","protected":false},"excerpt":{"rendered":"<p>Was ist Mephedron (4-MMC)? Mephedron, wissenschaftlich bekannt als 4-Methylmethcathinon (4-MMC), ist eine synthetische Substanz aus der Gruppe der Cathinone, die<\/p>","protected":false},"featured_media":27571,"comment_status":"open","ping_status":"closed","template":"","meta":[],"product_brand":[],"product_cat":[1085],"product_tag":[],"class_list":{"0":"post-27570","1":"product","2":"type-product","3":"status-publish","4":"has-post-thumbnail","6":"product_cat-okategoriserad","8":"first","9":"instock","10":"taxable","11":"shipping-taxable","12":"purchasable","13":"product-type-variable"},"_links":{"self":[{"href":"https:\/\/researchchemicalhub.com\/da\/wp-json\/wp\/v2\/product\/27570","targetHints":{"allow":["GET"]}}],"collection":[{"href":"https:\/\/researchchemicalhub.com\/da\/wp-json\/wp\/v2\/product"}],"about":[{"href":"https:\/\/researchchemicalhub.com\/da\/wp-json\/wp\/v2\/types\/product"}],"replies":[{"embeddable":true,"href":"https:\/\/researchchemicalhub.com\/da\/wp-json\/wp\/v2\/comments?post=27570"}],"version-history":[{"count":4,"href":"https:\/\/researchchemicalhub.com\/da\/wp-json\/wp\/v2\/product\/27570\/revisions"}],"predecessor-version":[{"id":27704,"href":"https:\/\/researchchemicalhub.com\/da\/wp-json\/wp\/v2\/product\/27570\/revisions\/27704"}],"wp:featuredmedia":[{"embeddable":true,"href":"https:\/\/researchchemicalhub.com\/da\/wp-json\/wp\/v2\/media\/27571"}],"wp:attachment":[{"href":"https:\/\/researchchemicalhub.com\/da\/wp-json\/wp\/v2\/media?parent=27570"}],"wp:term":[{"taxonomy":"product_brand","embeddable":true,"href":"https:\/\/researchchemicalhub.com\/da\/wp-json\/wp\/v2\/product_brand?post=27570"},{"taxonomy":"product_cat","embeddable":true,"href":"https:\/\/researchchemicalhub.com\/da\/wp-json\/wp\/v2\/product_cat?post=27570"},{"taxonomy":"product_tag","embeddable":true,"href":"https:\/\/researchchemicalhub.com\/da\/wp-json\/wp\/v2\/product_tag?post=27570"}],"curies":[{"name":"wp","href":"https:\/\/api.w.org\/{rel}","templated":true}]}}