{"id":26132,"date":"2025-10-20T01:31:17","date_gmt":"2025-10-20T01:31:17","guid":{"rendered":"https:\/\/researchchemicalhub.com\/?post_type=product&#038;p=26132"},"modified":"2025-10-21T05:53:59","modified_gmt":"2025-10-21T05:53:59","slug":"kob-ibogaine-hcl-online","status":"publish","type":"product","link":"https:\/\/researchchemicalhub.com\/da\/butik\/iboga-ibogain\/kob-ibogaine-hcl-online\/","title":{"rendered":"K\u00f8b Ibogaine HCL"},"content":{"rendered":"<h2>K\u00f8b Ibogaine HCL<\/h2>\n<div class=\"sm-table-layout__cell sm-table-layout__cell_align_left sm-table-layout__cell_fixed-cell_phrase\" role=\"cell\" data-testid=\"table-cell-keyword\">\n<div class=\"sm-cell-phrase\"><span class=\"___SText_anxqe-kmt_\" data-ui-name=\"Link.Text\">k\u00f8b ibogaine hcl online, <\/span>K\u00f8b Ibogaine HCL. Ibogaine er det aktive stof, der findes i den afrikanske Tabernanthe iboga-rod, som fjerner fysiske abstinenssymptomer og afbryder trang til stoffer \u00e9n gang for alle. Ibogaine HCL har vist sig at v\u00e6re den mest indflydelsesrige urteplante til at kurere afh\u00e6ngighed. N\u00e5r den anvendes korrekt, er resultaterne 100% effektive. Vi tilbyder Iboga f\u00e6rdigpakket i kapsler, hvilket hj\u00e6lper med dosering og nem indtagelse.<\/div>\n<\/div>\n<p>Udvundet fra Tabernanthe Iboga-rodbarken. I det andet lag af Iboga-barken findes cirka 12 forskellige alkaloider. De tre mest fremtr\u00e6dende alkaloider, der udvindes, omfatter ibogaine, ibogamin og ogs\u00e5 ibogalin. Som en kemisk forbindelse af ibogaine bruges ibogaine HCL til behandling af afh\u00e6ngighed. Ibogaine HCL er en naturligt forekommende forbindelse, der udvindes fra Tabernanthe iboga-busken, der er hjemmeh\u00f8rende i Afrika. Bruges til at skylle toksiner (s\u00e5som opiater og andre stoffer) ud af kroppen og bidrage dramatisk til at reducere de ubehagelige symptomer forbundet med fysiske abstinenser fra stofmisbrug.<\/p>\n<p>Ibogaine HCL er den tredje grad af ibogaine og bruges oftest som afh\u00e6ngighedsterapi. Det gennemg\u00e5r en s\u00e6rlig rensningsproces ved hj\u00e6lp af HCL, der fjerner adskillige urenheder og andre stoffer. Derudover indeholder ibogaine HCL cirka 85-99 procent ren ibogaine.<\/p>\n<h2>Ibogaine HCL til salg<\/h2>\n<p>Ibogaine HCL anvendes typisk i medicinske sammenh\u00e6nge under opsyn af professionelt uddannede, certificerede l\u00e6ger og sygeplejersker. Det er gavnligt til at hj\u00e6lpe en person, der k\u00e6mper med stofmisbrug, med at h\u00e5ndtere symptomer p\u00e5 stof- eller alkoholabstinenser. Ibogaine HCL bruges til at behandle symptomer p\u00e5 stofabstinenser ved at arbejde i synergi med neuroner og specifikke receptorsteder, der findes i hjernen og centralnervesystemet.<\/p>\n<p>N\u00e5r en person oplever abstinenser med Ibogaine HCL, vil der stadig v\u00e6re abstinenssymptomer. De m\u00e6rkes dog normalt i en br\u00f8kdel af, hvad der opleves uden behandling. Virkningerne af behandling med Ibogaine HCL kan vare fra 15-36 timer, afh\u00e6ngigt af patientens unikke karakteristika.<a href=\"https:\/\/researchchemicalhub.com\/da\/butik\/katinoner\/kob-2-cm-2\/\">2-CMC 250 mg pellets<\/a><a href=\"https:\/\/researchchemicalhub.com\/da\/butik\/naesten-forbudt\/6-cl-adba\/\">6-CL-ADBA<\/a><a href=\"https:\/\/researchchemicalhub.com\/da\/butik\/lysergamider\/1v-lsd-150-mcg-blotters\/\">1V-LSD 150 MCG Blotters<\/a><a href=\"https:\/\/researchchemicalhub.com\/da\/butik\/pellets\/o-dsmt-50-mg-pellets\/\">O-DSMT 50 mg pellets<\/a><a href=\"https:\/\/researchchemicalhub.com\/da\/butik\/lysergamider\/1-kop-lsd-150-mcg\/\">1cP-LSD 150 MCG Kunstpapirkugler<\/a><\/p>","protected":false},"excerpt":{"rendered":"<p>K\u00f8b Ibogaine HCL k\u00f8b ibogaine hcl online, K\u00f8b Ibogaine HCL, Ibogaine er det aktive stof, der findes i den afrikanske Tabernanthe<\/p>","protected":false},"featured_media":26149,"comment_status":"closed","ping_status":"closed","template":"","meta":[],"product_brand":[],"product_cat":[908],"product_tag":[913],"class_list":{"0":"post-26132","1":"product","2":"type-product","3":"status-publish","4":"has-post-thumbnail","6":"product_cat-iboga-ibogaine","7":"product_tag-buy-ibogaine-hcl-online","9":"first","10":"instock","11":"taxable","12":"shipping-taxable","13":"purchasable","14":"product-type-variable"},"_links":{"self":[{"href":"https:\/\/researchchemicalhub.com\/da\/wp-json\/wp\/v2\/product\/26132","targetHints":{"allow":["GET"]}}],"collection":[{"href":"https:\/\/researchchemicalhub.com\/da\/wp-json\/wp\/v2\/product"}],"about":[{"href":"https:\/\/researchchemicalhub.com\/da\/wp-json\/wp\/v2\/types\/product"}],"replies":[{"embeddable":true,"href":"https:\/\/researchchemicalhub.com\/da\/wp-json\/wp\/v2\/comments?post=26132"}],"version-history":[{"count":3,"href":"https:\/\/researchchemicalhub.com\/da\/wp-json\/wp\/v2\/product\/26132\/revisions"}],"predecessor-version":[{"id":26157,"href":"https:\/\/researchchemicalhub.com\/da\/wp-json\/wp\/v2\/product\/26132\/revisions\/26157"}],"wp:featuredmedia":[{"embeddable":true,"href":"https:\/\/researchchemicalhub.com\/da\/wp-json\/wp\/v2\/media\/26149"}],"wp:attachment":[{"href":"https:\/\/researchchemicalhub.com\/da\/wp-json\/wp\/v2\/media?parent=26132"}],"wp:term":[{"taxonomy":"product_brand","embeddable":true,"href":"https:\/\/researchchemicalhub.com\/da\/wp-json\/wp\/v2\/product_brand?post=26132"},{"taxonomy":"product_cat","embeddable":true,"href":"https:\/\/researchchemicalhub.com\/da\/wp-json\/wp\/v2\/product_cat?post=26132"},{"taxonomy":"product_tag","embeddable":true,"href":"https:\/\/researchchemicalhub.com\/da\/wp-json\/wp\/v2\/product_tag?post=26132"}],"curies":[{"name":"wp","href":"https:\/\/api.w.org\/{rel}","templated":true}]}}