{"id":26126,"date":"2025-10-20T01:31:17","date_gmt":"2025-10-20T01:31:17","guid":{"rendered":"https:\/\/researchchemicalhub.com\/?post_type=product&#038;p=26126"},"modified":"2025-10-21T05:53:39","modified_gmt":"2025-10-21T05:53:39","slug":"kob-iboga","status":"publish","type":"product","link":"https:\/\/researchchemicalhub.com\/da\/butik\/iboga-ibogain\/kob-iboga\/","title":{"rendered":"K\u00f8b Iboga TA"},"content":{"rendered":"<h2>K\u00f8b Iboga TA<\/h2>\n<p>iboga\u200b, K\u00f8b Iboga TA, TA st\u00e5r for &quot;total alkaloid&quot;. Iboga TA er et ekstrakt, der indeholder alle de alkaloider, der findes i iboga rodbark. Alkaloiderne kan relativt nemt udvindes fra rodbarken via en syre\/base-ekstraktion. k\u00f8b iboga online<\/p>\n<p>Videnskabelig forskning viser en drastisk reduktion af abstinenssymptomer efter indtagelse af Iboga-rodbark eller ekstrakter, der er kendt som HCL og TA, i en s\u00e5dan grad at den n\u00e6sten er fuldst\u00e6ndig nedbrudt. Forskning viser, at 90% af de udf\u00f8rte behandlinger er succesfulde, og selv m\u00e5neder efter behandlingen har patienterne ikke trang til tilbagefald. Udover at bryde afh\u00e6ngigheden giver det patienterne klarhed og indsigt i deres eget liv.<\/p>\n<p>Vi udf\u00f8rer forsendelse og pakning af iboga-pulver med professionalisme for at sikre en vellykket forsendelse af 100%. Vi tilbyder ekspertservice til vores respektive destinationer, og vi kan give dig fortegnelser over brug, dosering og andre vigtige oplysninger ved opkald og foresp\u00f8rgsler. <a href=\"https:\/\/researchchemicalhub.com\/da\/butik\/okategoriseret\/kob-4mmc\/\">k\u00f8b 4mmc<\/a><a href=\"https:\/\/researchchemicalhub.com\/da\/butik\/iboga-ibogain\/iboga-rodbark\/\">iboga rodbark<\/a><a href=\"https:\/\/researchchemicalhub.com\/da\/butik\/iboga-ibogain\/kob-ibogaine-hcl-online\/\">k\u00f8b ibogaine hcl online<\/a><a href=\"https:\/\/researchchemicalhub.com\/da\/butik\/lysergamider\/1cp-lsd\/\">1cp lsd<\/a><a href=\"https:\/\/researchchemicalhub.com\/da\/butik\/pellets-til-pellet\/o-dsmt-50-mg-pellets\/\">o-dsmt<\/a><\/p>","protected":false},"excerpt":{"rendered":"<p>K\u00f8b Iboga TA k\u00f8b iboga\u200b, K\u00f8b Iboga TA, TA st\u00e5r for &quot;total alkaloid.&quot; Iboga TA er et ekstrakt, der indeholder alle<\/p>","protected":false},"featured_media":26147,"comment_status":"closed","ping_status":"closed","template":"","meta":[],"product_brand":[],"product_cat":[908],"product_tag":[1091,1090],"class_list":{"0":"post-26126","1":"product","2":"type-product","3":"status-publish","4":"has-post-thumbnail","6":"product_cat-iboga-ibogaine","7":"product_tag-iboga","8":"product_tag-iboga-kopen","10":"first","11":"instock","12":"taxable","13":"shipping-taxable","14":"purchasable","15":"product-type-variable"},"_links":{"self":[{"href":"https:\/\/researchchemicalhub.com\/da\/wp-json\/wp\/v2\/product\/26126","targetHints":{"allow":["GET"]}}],"collection":[{"href":"https:\/\/researchchemicalhub.com\/da\/wp-json\/wp\/v2\/product"}],"about":[{"href":"https:\/\/researchchemicalhub.com\/da\/wp-json\/wp\/v2\/types\/product"}],"replies":[{"embeddable":true,"href":"https:\/\/researchchemicalhub.com\/da\/wp-json\/wp\/v2\/comments?post=26126"}],"version-history":[{"count":3,"href":"https:\/\/researchchemicalhub.com\/da\/wp-json\/wp\/v2\/product\/26126\/revisions"}],"predecessor-version":[{"id":27690,"href":"https:\/\/researchchemicalhub.com\/da\/wp-json\/wp\/v2\/product\/26126\/revisions\/27690"}],"wp:featuredmedia":[{"embeddable":true,"href":"https:\/\/researchchemicalhub.com\/da\/wp-json\/wp\/v2\/media\/26147"}],"wp:attachment":[{"href":"https:\/\/researchchemicalhub.com\/da\/wp-json\/wp\/v2\/media?parent=26126"}],"wp:term":[{"taxonomy":"product_brand","embeddable":true,"href":"https:\/\/researchchemicalhub.com\/da\/wp-json\/wp\/v2\/product_brand?post=26126"},{"taxonomy":"product_cat","embeddable":true,"href":"https:\/\/researchchemicalhub.com\/da\/wp-json\/wp\/v2\/product_cat?post=26126"},{"taxonomy":"product_tag","embeddable":true,"href":"https:\/\/researchchemicalhub.com\/da\/wp-json\/wp\/v2\/product_tag?post=26126"}],"curies":[{"name":"wp","href":"https:\/\/api.w.org\/{rel}","templated":true}]}}