{"id":26119,"date":"2025-10-20T01:31:17","date_gmt":"2025-10-20T01:31:17","guid":{"rendered":"https:\/\/researchchemicalhub.com\/?post_type=product&#038;p=26119"},"modified":"2025-10-21T05:53:27","modified_gmt":"2025-10-21T05:53:27","slug":"iboga-root-bark","status":"publish","type":"product","link":"https:\/\/researchchemicalhub.com\/da\/shop\/iboga-ibogaine\/iboga-root-bark\/","title":{"rendered":"Iboga rodbark"},"content":{"rendered":"<h2>K\u00f8b Iboga rodbark<\/h2>\n<p>Iboga-rodbark. Vores iboga-rodbark, der er til salg, kan indtages direkte, eller den kan males til iboga-rodbarkpulver inden indtagelse, hvor den kan indkapsles i kapsler og synkes for at undg\u00e5 den bitre smag.<\/p>\n<p>En stor dosis iboga-rodbark indtages som et overgangsritual, og mindre m\u00e6ngder tages traditionelt til helbredelsesceremonier og jagt af bwiti-folket. Sm\u00e5 doser iboga-rodbark p\u00e5 omkring 5 gram fungerer som et stimulerende middel og et elskovsmiddel, mens store doser iboga-rodbark p\u00e5 omkring 10 til 25 gram kan bruges til spirituel udforskning, psykoterapeutisk helbredelse, hurtig fysisk afgiftning og afh\u00e6ngighedsbehandling.<\/p>\n<p>Der er ogs\u00e5 vist lovende resultater i behandlingen af en r\u00e6kke andre lidelser, herunder Parkinsons sygdom. Mange Iboga-behandlingscentre har fundet ud af, at der skal tages for meget iboga-rodbark for at f\u00e5 en fuld oplevelse.<\/p>\n<div class=\"elementor-element elementor-element-2342a3b elementor-widget elementor-widget-jws_widget_heading\" data-id=\"2342a3b\" data-element_type=\"widget\" data-widget_type=\"jws_widget_heading.default\">\n<div class=\"elementor-widget-container\">\n<div class=\"title-wrapper center\">\n<h2 class=\"title\">Hvad du b\u00f8r vide<\/h2>\n<\/div>\n<\/div>\n<\/div>\n<div class=\"elementor-element elementor-element-dd111fd elementor-widget__width-initial elementor-widget elementor-widget-text-editor\" data-id=\"dd111fd\" data-element_type=\"widget\" data-widget_type=\"text-editor.default\">\n<div class=\"elementor-widget-container\">\n<p>Det kan v\u00e6re ret vanskeligt at indtage s\u00e5 stor en m\u00e6ngde plantebark. Ved Bwiti-indvielsesceremonien er doser p\u00e5 helt op til 100 gram iboga-rodbark blevet indtaget under hele ceremonien. Dette er den maksimale observerede dosis, og forskellige leverand\u00f8rer af iboga-rodbarker har forskellige filosofier om de n\u00f8jagtige doser. En typisk terapeutisk dosis af vores iboga-rodbark til salg varierer fra 5 til 100 gram, afh\u00e6ngigt af personen og behandlingsm\u00e5let, men at spise en stor m\u00e6ngde fiberholdigt plantemateriale som vores iboga til salg kan g\u00f8re enhver kvalm. Iboga-rodbarken varer l\u00e6nge i kroppen, det tager omkring 72 timer til en uge til tider endelig at komme ud af systemet.<a href=\"https:\/\/researchchemicalhub.com\/da\/shop\/fenethylamine\/2c-ef-2mg-capsules\/\">2C-EF 2 mg kapsler<\/a><a href=\"https:\/\/researchchemicalhub.com\/da\/shop\/cathinonen\/2-cmc-kopen\/\">2-CMC 250 mg pellets<\/a><a href=\"https:\/\/researchchemicalhub.com\/da\/shop\/lysergamides\/1v-lsd-150-mcg-blotters\/\">1V-LSD 150 MCG Blotters<\/a><a href=\"https:\/\/researchchemicalhub.com\/da\/shop\/pellets\/o-dsmt-50mg-pellets\/\">O-DSMT 50 mg pellets<\/a><a href=\"https:\/\/researchchemicalhub.com\/da\/shop\/lysergamides\/1cp-lsd-150-mcg\/\">1cP-LSD 150 MCG Kunstpapirkugler<\/a><\/p>\n<\/div>\n<\/div>","protected":false},"excerpt":{"rendered":"<p>K\u00f8b Iboga rodbark iboga rodbark. Vores iboga rodbark til salg kan indtages direkte ved indtagelse eller<\/p>","protected":false},"featured_media":26145,"comment_status":"closed","ping_status":"closed","template":"","meta":[],"product_brand":[],"product_cat":[908],"product_tag":[914],"class_list":{"0":"post-26119","1":"product","2":"type-product","3":"status-publish","4":"has-post-thumbnail","6":"product_cat-iboga-ibogaine","7":"product_tag-iboga-root-bark","9":"first","10":"instock","11":"taxable","12":"shipping-taxable","13":"purchasable","14":"product-type-variable"},"_links":{"self":[{"href":"https:\/\/researchchemicalhub.com\/da\/wp-json\/wp\/v2\/product\/26119","targetHints":{"allow":["GET"]}}],"collection":[{"href":"https:\/\/researchchemicalhub.com\/da\/wp-json\/wp\/v2\/product"}],"about":[{"href":"https:\/\/researchchemicalhub.com\/da\/wp-json\/wp\/v2\/types\/product"}],"replies":[{"embeddable":true,"href":"https:\/\/researchchemicalhub.com\/da\/wp-json\/wp\/v2\/comments?post=26119"}],"version-history":[{"count":3,"href":"https:\/\/researchchemicalhub.com\/da\/wp-json\/wp\/v2\/product\/26119\/revisions"}],"predecessor-version":[{"id":26159,"href":"https:\/\/researchchemicalhub.com\/da\/wp-json\/wp\/v2\/product\/26119\/revisions\/26159"}],"wp:featuredmedia":[{"embeddable":true,"href":"https:\/\/researchchemicalhub.com\/da\/wp-json\/wp\/v2\/media\/26145"}],"wp:attachment":[{"href":"https:\/\/researchchemicalhub.com\/da\/wp-json\/wp\/v2\/media?parent=26119"}],"wp:term":[{"taxonomy":"product_brand","embeddable":true,"href":"https:\/\/researchchemicalhub.com\/da\/wp-json\/wp\/v2\/product_brand?post=26119"},{"taxonomy":"product_cat","embeddable":true,"href":"https:\/\/researchchemicalhub.com\/da\/wp-json\/wp\/v2\/product_cat?post=26119"},{"taxonomy":"product_tag","embeddable":true,"href":"https:\/\/researchchemicalhub.com\/da\/wp-json\/wp\/v2\/product_tag?post=26119"}],"curies":[{"name":"wp","href":"https:\/\/api.w.org\/{rel}","templated":true}]}}