{"id":24961,"date":"2025-10-20T17:43:53","date_gmt":"2025-10-20T17:43:53","guid":{"rendered":"https:\/\/researchchemicalhub.com\/?post_type=product&#038;p=24961"},"modified":"2025-10-28T22:38:22","modified_gmt":"2025-10-28T22:38:22","slug":"o-dsmt-50-mg-pellets","status":"publish","type":"product","link":"https:\/\/researchchemicalhub.com\/da\/butik\/o-dsmt\/o-dsmt-50-mg-pellets\/","title":{"rendered":"O-DSMT 50 mg pellets"},"content":{"rendered":"<h1 data-start=\"399\" data-end=\"488\"><strong data-start=\"401\" data-end=\"488\">O-DSMT (O-Desmethyltramadol) \u2013 Videnskabelig information og analytisk oversigt<\/strong><\/h1>\n<p data-start=\"490\" data-end=\"739\"><strong data-start=\"490\" data-end=\"512\">Metabeskrivelse:<\/strong><br data-start=\"512\" data-end=\"515\" \/>O-DSMT (O-Desmethyltramadol) er et forskningsl\u00e6gemiddel og en farmakologisk aktiv metabolit af tramadol. L\u00e6r mere om den kemiske struktur, virkningsmekanisme, videnskabelig relevans og sikkerhedsaspekter af O-DSMT.<\/p>\n<hr data-start=\"741\" data-end=\"744\" \/>\n<h2 data-start=\"746\" data-end=\"762\"><strong data-start=\"749\" data-end=\"762\">Indledning<\/strong><\/h2>\n<p data-start=\"764\" data-end=\"1036\"><strong data-start=\"764\" data-end=\"796\">O-desmethyltramadol (O-DSMT)<\/strong> er en <strong data-start=\"804\" data-end=\"831\">syntetisk forbindelse<\/strong> som tilh\u00f8rer gruppen af <strong data-start=\"861\" data-end=\"883\">opioid smertestillende midler<\/strong>Det er den <strong data-start=\"895\" data-end=\"930\">aktiv metabolit af tramadol<\/strong>, et smertestillende middel, der anvendes verden over til behandling af moderate til sv\u00e6re smerter.<\/p>\n<p data-start=\"1038\" data-end=\"1395\">O-DSMT dannes i kroppen, n\u00e5r tramadol metaboliseres af leveren via enzymet CYP2D6. Denne metabolit er <strong data-start=\"1154\" data-end=\"1221\">ansvarlig for en stor del af den smertestillende effekt<\/strong> af tramadol. I en forskningssammenh\u00e6ng unders\u00f8ges O-DSMT for at <strong data-start=\"1287\" data-end=\"1348\">farmakologisk virkning, receptoraktivitet og sikkerhed<\/strong> for bedre at forst\u00e5 opioidforbindelser.<\/p>\n<p data-start=\"1397\" data-end=\"1601\">O-DSMT n\u00e6vnes undertiden i videnskabelig litteratur om <strong data-start=\"1460\" data-end=\"1498\">nye psykoaktive stoffer (NPS)<\/strong> og <strong data-start=\"1502\" data-end=\"1529\">retsmedicinsk toksikologi<\/strong>, men det er <strong data-start=\"1543\" data-end=\"1600\">ikke godkendt til menneskelig brug eller forbrug<\/strong>.<\/p>\n<hr data-start=\"1603\" data-end=\"1606\" \/>\n<h2 data-start=\"1608\" data-end=\"1653\"><strong data-start=\"1611\" data-end=\"1653\">N\u00f8glefunktioner<\/strong><\/h2>\n<div class=\"_tableContainer_1rjym_1\">\n<div class=\"group _tableWrapper_1rjym_13 flex w-fit flex-col-reverse\" tabindex=\"-1\">\n<table class=\"w-fit min-w-(--thread-content-width)\" data-start=\"1655\" data-end=\"2176\">\n<thead data-start=\"1655\" data-end=\"1692\">\n<tr data-start=\"1655\" data-end=\"1692\">\n<th data-start=\"1655\" data-end=\"1672\" data-col-size=\"sm\"><strong data-start=\"1657\" data-end=\"1671\">Karakteristisk<\/strong><\/th>\n<th data-start=\"1672\" data-end=\"1692\" data-col-size=\"md\"><strong data-start=\"1674\" data-end=\"1690\">Beskrivelse<\/strong><\/th>\n<\/tr>\n<\/thead>\n<tbody data-start=\"1732\" data-end=\"2176\">\n<tr data-start=\"1732\" data-end=\"1776\">\n<td data-start=\"1732\" data-end=\"1753\" data-col-size=\"sm\"><strong data-start=\"1734\" data-end=\"1752\">Fulde navn<\/strong><\/td>\n<td data-start=\"1753\" data-end=\"1776\" data-col-size=\"md\">O-Desmethyltramadol<\/td>\n<\/tr>\n<tr data-start=\"1777\" data-end=\"1814\">\n<td data-start=\"1777\" data-end=\"1801\" data-col-size=\"sm\"><strong data-start=\"1779\" data-end=\"1800\">Kemisk formel<\/strong><\/td>\n<td data-start=\"1801\" data-end=\"1814\" data-col-size=\"md\">C\u2081\u2085H\u2082\u2083NO\u2082<\/td>\n<\/tr>\n<tr data-start=\"1815\" data-end=\"1851\">\n<td data-start=\"1815\" data-end=\"1835\" data-col-size=\"sm\"><strong data-start=\"1817\" data-end=\"1834\">Mol\u00e6r masse<\/strong><\/td>\n<td data-col-size=\"md\" data-start=\"1835\" data-end=\"1851\">249,35 g\/mol<\/td>\n<\/tr>\n<tr data-start=\"1852\" data-end=\"1919\">\n<td data-start=\"1852\" data-end=\"1875\" data-col-size=\"sm\"><strong data-start=\"1854\" data-end=\"1874\">Kemisk klasse<\/strong><\/td>\n<td data-start=\"1875\" data-end=\"1919\" data-col-size=\"md\">Syntetisk opioid; tramadolmetabolit<\/td>\n<\/tr>\n<tr data-start=\"1920\" data-end=\"1979\">\n<td data-start=\"1920\" data-end=\"1950\" data-col-size=\"sm\"><strong data-start=\"1922\" data-end=\"1949\">Farmakologisk virkning<\/strong><\/td>\n<td data-col-size=\"md\" data-start=\"1950\" data-end=\"1979\">\u03bc-opioidreceptoragonist<\/td>\n<\/tr>\n<tr data-start=\"1980\" data-end=\"2042\">\n<td data-start=\"1980\" data-end=\"1997\" data-col-size=\"sm\"><strong data-start=\"1982\" data-end=\"1996\">Anvendelse<\/strong><\/td>\n<td data-col-size=\"md\" data-start=\"1997\" data-end=\"2042\">Farmakologisk og toksikologisk forskning<\/td>\n<\/tr>\n<tr data-start=\"2043\" data-end=\"2097\">\n<td data-start=\"2043\" data-end=\"2054\" data-col-size=\"sm\"><strong data-start=\"2045\" data-end=\"2053\">Form<\/strong><\/td>\n<td data-col-size=\"md\" data-start=\"2054\" data-end=\"2097\">Referencestof til laboratorieanalyse<\/td>\n<\/tr>\n<tr data-start=\"2098\" data-end=\"2176\">\n<td data-start=\"2098\" data-end=\"2122\" data-col-size=\"sm\"><strong data-start=\"2100\" data-end=\"2121\">Juridisk status<\/strong><\/td>\n<td data-col-size=\"md\" data-start=\"2122\" data-end=\"2176\">Reguleret under opioidlovgivning i mange lande<\/td>\n<\/tr>\n<\/tbody>\n<\/table>\n<\/div>\n<\/div>\n<hr data-start=\"2178\" data-end=\"2181\" \/>\n<h2 data-start=\"2183\" data-end=\"2238\"><strong data-start=\"2186\" data-end=\"2238\">Videnskabelig relevans og forskningsv\u00e6rdi<\/strong><\/h2>\n<ul data-start=\"2240\" data-end=\"3199\">\n<li data-start=\"2240\" data-end=\"2514\">\n<p data-start=\"2242\" data-end=\"2514\"><strong data-start=\"2242\" data-end=\"2270\">Farmakologisk forskning<\/strong><br data-start=\"2270\" data-end=\"2273\" \/>O-DSMT bruges til <strong data-start=\"2303\" data-end=\"2335\">mekanismer for smertelindring<\/strong> Bedre forst\u00e5else og sammenligning med andre opioidagonister. Dette hj\u00e6lper forskere med at f\u00e5 indsigt i receptorselektivitet, metaboliske veje og strukturelle variationer.<\/p>\n<\/li>\n<li data-start=\"2516\" data-end=\"2769\">\n<p data-start=\"2518\" data-end=\"2769\"><strong data-start=\"2518\" data-end=\"2544\">Toksikologisk analyse<\/strong><br data-start=\"2544\" data-end=\"2547\" \/>I retsmedicinske og kliniske toksikologiske laboratorier anvendes O-DSMT som <strong data-start=\"2629\" data-end=\"2663\">reference- eller kalibreringsstof<\/strong> at analysere biologiske pr\u00f8ver (s\u00e5som blod eller urin) for tilstedev\u00e6relsen af tramadolmetabolitter.<\/p>\n<\/li>\n<li data-start=\"2771\" data-end=\"2970\">\n<p data-start=\"2773\" data-end=\"2970\"><strong data-start=\"2773\" data-end=\"2804\">Analytisk karakterisering<\/strong><br data-start=\"2804\" data-end=\"2807\" \/>Materialet unders\u00f8ges ved hj\u00e6lp af teknikker som f.eks. <strong data-start=\"2866\" data-end=\"2892\">LC-MS\/MS, GC-MS og NMR<\/strong> for at muligg\u00f8re identifikation og kvantificering i forskningspr\u00f8ver.<\/p>\n<\/li>\n<li data-start=\"2972\" data-end=\"3199\">\n<p data-start=\"2974\" data-end=\"3199\"><strong data-start=\"2974\" data-end=\"3013\">Regulerings- og sikkerhedsstudier<\/strong><br data-start=\"3013\" data-end=\"3016\" \/>O-DSMT hj\u00e6lper med at udvikle detektionsprotokoller for <strong data-start=\"3080\" data-end=\"3118\">nye psykoaktive stoffer (NPS)<\/strong> og i vurderingen af risici for folkesundheden og potentialet for misbrug.<\/p>\n<\/li>\n<\/ul>\n<hr data-start=\"3201\" data-end=\"3204\" \/>\n<h2 data-start=\"3206\" data-end=\"3264\"><strong data-start=\"3209\" data-end=\"3264\">Laboratoriebrug (kun til forskning)<\/strong><\/h2>\n<blockquote data-start=\"3266\" data-end=\"3480\">\n<p data-start=\"3268\" data-end=\"3480\">\u26a0\ufe0f <strong data-start=\"3271\" data-end=\"3286\">Vigtig:<\/strong><br data-start=\"3286\" data-end=\"3289\" \/>O-DSMT er <strong data-start=\"3301\" data-end=\"3356\">udelukkende beregnet til videnskabelig forskning<\/strong> i autoriserede laboratorier.<br data-start=\"3387\" data-end=\"3390\" \/>Det er <strong data-start=\"3399\" data-end=\"3480\">ikke beregnet til konsum, selvmedicinering eller rekreativ brug.<\/strong><\/p>\n<\/blockquote>\n<ol data-start=\"3482\" data-end=\"4188\">\n<li data-start=\"3482\" data-end=\"3702\">\n<p data-start=\"3485\" data-end=\"3512\"><strong data-start=\"3485\" data-end=\"3510\">Opbevaring og stabilitet<\/strong><\/p>\n<ul data-start=\"3516\" data-end=\"3702\">\n<li data-start=\"3516\" data-end=\"3577\">\n<p data-start=\"3518\" data-end=\"3577\">Opbevares t\u00f8rt og k\u00f8ligt (2-8 \u00b0C) i en lukket beholder.<\/p>\n<\/li>\n<li data-start=\"3581\" data-end=\"3624\">\n<p data-start=\"3583\" data-end=\"3624\">Beskyt mod lys, fugt og luft.<\/p>\n<\/li>\n<li data-start=\"3628\" data-end=\"3702\">\n<p data-start=\"3630\" data-end=\"3702\">M\u00e5 kun anvendes inden for institutioner med gyldige forskningstilladelser.<\/p>\n<\/li>\n<\/ul>\n<\/li>\n<li data-start=\"3704\" data-end=\"3931\">\n<p data-start=\"3707\" data-end=\"3735\"><strong data-start=\"3707\" data-end=\"3733\">Analytisk anvendelse<\/strong><\/p>\n<ul data-start=\"3739\" data-end=\"3931\">\n<li data-start=\"3739\" data-end=\"3839\">\n<p data-start=\"3741\" data-end=\"3839\">Anvendes som standard i LC-MS- og GC-MS-analyser til at identificere tramadolmetabolitter.<\/p>\n<\/li>\n<li data-start=\"3843\" data-end=\"3931\">\n<p data-start=\"3845\" data-end=\"3931\">Velegnet til metodologisk validering i toksikologiske eller farmaceutiske studier.<\/p>\n<\/li>\n<\/ul>\n<\/li>\n<li data-start=\"3933\" data-end=\"4188\">\n<p data-start=\"3936\" data-end=\"3972\"><strong data-start=\"3936\" data-end=\"3970\">Sikkerhed i laboratoriet<\/strong><\/p>\n<ul data-start=\"3976\" data-end=\"4188\">\n<li data-start=\"3976\" data-end=\"4042\">\n<p data-start=\"3978\" data-end=\"4042\">Brug altid handsker, sikkerhedsbriller og laboratoriekittel.<\/p>\n<\/li>\n<li data-start=\"4046\" data-end=\"4097\">\n<p data-start=\"4048\" data-end=\"4097\">Undg\u00e5 kontakt med hud, \u00f8jne eller slimhinder.<\/p>\n<\/li>\n<li data-start=\"4101\" data-end=\"4188\">\n<p data-start=\"4103\" data-end=\"4188\">Bortskaf affald i overensstemmelse med kemikaliesikkerhedsforskrifter og nationale bestemmelser.<\/p>\n<\/li>\n<\/ul>\n<\/li>\n<\/ol>\n<hr data-start=\"4190\" data-end=\"4193\" \/>\n<h2 data-start=\"4195\" data-end=\"4223\"><strong data-start=\"4198\" data-end=\"4223\">Juridiske oplysninger<\/strong><\/h2>\n<p data-start=\"4225\" data-end=\"4501\">O-DSMT er d\u00e6kket af <strong data-start=\"4270\" data-end=\"4298\">Opiumloven<\/strong> eller lignende ordninger for opioidstoffer.<br data-start=\"4348\" data-end=\"4351\" \/>Forskere og laboratorier skal <strong data-start=\"4386\" data-end=\"4414\">forudg\u00e5ende samtykke<\/strong> fremskaffe til opbevaring, transport eller brug af O-DSMT i en forskningssammenh\u00e6ng.<\/p>\n<p data-start=\"4503\" data-end=\"4674\">Stoffet kan evt. <strong data-start=\"4515\" data-end=\"4551\">m\u00e5 ikke s\u00e6lges eller bruges<\/strong> uden for akkrediterede forskningsinstitutioner. Uautoriseret besiddelse eller brug kan resultere i <strong data-start=\"4642\" data-end=\"4673\">strafferetlig forf\u00f8lgning<\/strong>.<\/p>\n<hr data-start=\"4676\" data-end=\"4679\" \/>\n<h2 data-start=\"4681\" data-end=\"4713\"><strong data-start=\"4684\" data-end=\"4713\">Ofte stillede sp\u00f8rgsm\u00e5l (FAQ)<\/strong><\/h2>\n<p data-start=\"4715\" data-end=\"4934\"><strong data-start=\"4715\" data-end=\"4745\">1\ufe0f\u20e3 Hvad er O-DSMT pr\u00e6cist?<\/strong><br data-start=\"4745\" data-end=\"4748\" \/>O-DSMT er <strong data-start=\"4761\" data-end=\"4796\">aktiv metabolit af tramadol<\/strong>, dannes i kroppen efter indtagelse af tramadol. I forskningssammenh\u00e6nge bruges det til at studere opioiders farmakologi.<\/p>\n<p data-start=\"4936\" data-end=\"5163\"><strong data-start=\"4936\" data-end=\"4961\">2\ufe0f\u20e3 Er O-DSMT lovligt?<\/strong><br data-start=\"4961\" data-end=\"4964\" \/>Den juridiske status varierer fra land til land. I de fleste europ\u00e6iske lande falder O-DSMT ind under opioidlovgivningen, hvilket betyder, at det kun m\u00e5 bruges til videnskabelige eller retsmedicinske form\u00e5l.<\/p>\n<p data-start=\"5165\" data-end=\"5433\"><strong data-start=\"5165\" data-end=\"5246\">3\ufe0f\u20e3 Kan O-DSMT bruges til personlig brug eller mikrodosering?<\/strong><br data-start=\"5246\" data-end=\"5249\" \/>Nej. O-DSMT er <strong data-start=\"5264\" data-end=\"5311\">ikke godkendt til konsum<\/strong> og m\u00e5 kun anvendes i et kontrolleret laboratoriemilj\u00f8. Uautoriseret brug er farlig og ulovlig.<\/p>\n<hr data-start=\"5435\" data-end=\"5438\" \/>\n<h2 data-start=\"5440\" data-end=\"5480\"><strong data-start=\"5443\" data-end=\"5480\">Referencer og yderligere information<\/strong><\/h2>\n<ul data-start=\"5482\" data-end=\"5840\">\n<li data-start=\"5482\" data-end=\"5639\">\n<p data-start=\"5484\" data-end=\"5639\">Det Europ\u00e6iske Overv\u00e5gningscenter for Narkotika og Narkotikamisbrug (EMCDDA): <em data-start=\"5550\" data-end=\"5637\">Rapport om nye psykoaktive stoffer (NPS) \u2013 opioider og tramadolderivater.<\/em><\/p>\n<\/li>\n<li data-start=\"5640\" data-end=\"5737\">\n<p data-start=\"5642\" data-end=\"5737\">Nationalt Institut for Narkotikamisbrug (NIDA): <em data-start=\"5683\" data-end=\"5735\">Syntetiske opioider og nye analoge forbindelser.<\/em><\/p>\n<\/li>\n<li data-start=\"5738\" data-end=\"5840\">\n<p data-start=\"5740\" data-end=\"5840\">Retsmedicinske toksikologiske tidsskrifter: <em data-start=\"5770\" data-end=\"5838\">Analytisk identifikation og farmakologi af O-desmethyltramadol.<\/em><\/p>\n<\/li>\n<\/ul>\n<p><a href=\"https:\/\/researchchemicalhub.com\/da\/butik\/iboga-ibogain\/kob-ibogaine-hcl-online\/\"><span dir=\"auto\" style=\"vertical-align: inherit;\"><span dir=\"auto\" style=\"vertical-align: inherit;\">K\u00f8b Ibogaine HCL <\/span><\/span><\/a><a href=\"https:\/\/researchchemicalhub.com\/da\/butik\/iboga-ibogain\/iboga-rodbark\/\"><span dir=\"auto\" style=\"vertical-align: inherit;\"><span dir=\"auto\" style=\"vertical-align: inherit;\">Iboga rodbark <\/span><\/span><\/a><a href=\"https:\/\/researchchemicalhub.com\/da\/butik\/lysergamider\/1cp-lsd\/\"><span dir=\"auto\" style=\"vertical-align: inherit;\"><span dir=\"auto\" style=\"vertical-align: inherit;\">1cP-LSD 150 MCG Kunstpapirkugler <\/span><\/span><\/a><a href=\"https:\/\/researchchemicalhub.com\/da\/butik\/lysergamider\/1v-lsd-150-mcg-blotters\/\"><span dir=\"auto\" style=\"vertical-align: inherit;\"><span dir=\"auto\" style=\"vertical-align: inherit;\">1V-LSD 150 MCG Blotters <\/span><\/span><\/a><a href=\"https:\/\/researchchemicalhub.com\/da\/butik\/2-cmc-pellets\/kob-2-cm-2\/kob-2-cm-2\/\"><span dir=\"auto\" style=\"vertical-align: inherit;\"><span dir=\"auto\" style=\"vertical-align: inherit;\">2-CMC 250 mg pellets<\/span><\/span><\/a><\/p>","protected":false},"excerpt":{"rendered":"<h3><span dir=\"auto\" style=\"vertical-align: inherit;\"><span dir=\"auto\" style=\"vertical-align: inherit;\">O-DSMT-egenskaber<\/span><\/span><\/h3>\n<p><strong><span dir=\"auto\" style=\"vertical-align: inherit;\"><span dir=\"auto\" style=\"vertical-align: inherit;\">Synonym: <\/span><\/span><\/strong> <i><span dir=\"auto\" style=\"vertical-align: inherit;\"><span dir=\"auto\" style=\"vertical-align: inherit;\">O-desmethyltramadol, 3-(2-((dimethylamino)methyl)-1-hydroxycyclohexyl)phenol <\/span><\/span><\/i><br \/>\n<strong><span dir=\"auto\" style=\"vertical-align: inherit;\"><span dir=\"auto\" style=\"vertical-align: inherit;\">CAS-nummer:<\/span><\/span><\/strong><span dir=\"auto\" style=\"vertical-align: inherit;\"><span dir=\"auto\" style=\"vertical-align: inherit;\"> 80456-81-1 <\/span><\/span><br \/>\n<strong><span dir=\"auto\" style=\"vertical-align: inherit;\"><span dir=\"auto\" style=\"vertical-align: inherit;\">Formel: <\/span><\/span><\/strong> <span title=\"Kulstof\"><span dir=\"auto\" style=\"vertical-align: inherit;\"><span dir=\"auto\" style=\"vertical-align: inherit;\">C <\/span><\/span><\/span><sub><span dir=\"auto\" style=\"vertical-align: inherit;\"><span dir=\"auto\" style=\"vertical-align: inherit;\">15 <\/span><\/span><\/sub><span title=\"Brint\"><span dir=\"auto\" style=\"vertical-align: inherit;\"><span dir=\"auto\" style=\"vertical-align: inherit;\">H <\/span><\/span><\/span><sub><span dir=\"auto\" style=\"vertical-align: inherit;\"><span dir=\"auto\" style=\"vertical-align: inherit;\">23 <\/span><\/span><\/sub><span title=\"Kv\u00e6lstof\"><span dir=\"auto\" style=\"vertical-align: inherit;\"><span dir=\"auto\" style=\"vertical-align: inherit;\">N <\/span><\/span><\/span><span title=\"Ilt\"><span dir=\"auto\" style=\"vertical-align: inherit;\"><span dir=\"auto\" style=\"vertical-align: inherit;\">\u00c5h <\/span><\/span><\/span><sub><span dir=\"auto\" style=\"vertical-align: inherit;\"><span dir=\"auto\" style=\"vertical-align: inherit;\">2 <\/span><\/span><\/sub><br \/>\n<strong><span dir=\"auto\" style=\"vertical-align: inherit;\"><span dir=\"auto\" style=\"vertical-align: inherit;\">Mol\u00e6r masse:<\/span><\/span><\/strong><span dir=\"auto\" style=\"vertical-align: inherit;\"><span dir=\"auto\" style=\"vertical-align: inherit;\"> 249,354 g\/mol <\/span><\/span><br \/>\n<strong><span dir=\"auto\" style=\"vertical-align: inherit;\"><span dir=\"auto\" style=\"vertical-align: inherit;\">Renhed:<\/span><\/span><\/strong><span dir=\"auto\" style=\"vertical-align: inherit;\"><span dir=\"auto\" style=\"vertical-align: inherit;\"> \u00a0&gt;97%<\/span><\/span><\/p>","protected":false},"featured_media":28581,"comment_status":"closed","ping_status":"closed","template":"","meta":[],"product_brand":[82],"product_cat":[337,420,336,324],"product_tag":[326,727,725,728,726,729,730],"class_list":{"0":"post-24961","1":"product","2":"type-product","3":"status-publish","4":"has-post-thumbnail","6":"product_brand-research-chemical","7":"product_cat-o-dsmt","8":"product_cat-o-dsmt-pellets","9":"product_cat-overig","10":"product_cat-pellets-for-pellet","11":"product_tag-nl","12":"product_tag-o-dsmt-ervaringen","13":"product_tag-o-dsmt","14":"product_tag-o-dsmt-bestellen","15":"product_tag-o-dsmt-kopen","16":"product_tag-o-dsmt-psychonaut","17":"product_tag-what-is-o-dsmt","19":"first","20":"instock","21":"taxable","22":"shipping-taxable","23":"purchasable","24":"product-type-variable"},"_links":{"self":[{"href":"https:\/\/researchchemicalhub.com\/da\/wp-json\/wp\/v2\/product\/24961","targetHints":{"allow":["GET"]}}],"collection":[{"href":"https:\/\/researchchemicalhub.com\/da\/wp-json\/wp\/v2\/product"}],"about":[{"href":"https:\/\/researchchemicalhub.com\/da\/wp-json\/wp\/v2\/types\/product"}],"replies":[{"embeddable":true,"href":"https:\/\/researchchemicalhub.com\/da\/wp-json\/wp\/v2\/comments?post=24961"}],"version-history":[{"count":7,"href":"https:\/\/researchchemicalhub.com\/da\/wp-json\/wp\/v2\/product\/24961\/revisions"}],"predecessor-version":[{"id":27709,"href":"https:\/\/researchchemicalhub.com\/da\/wp-json\/wp\/v2\/product\/24961\/revisions\/27709"}],"wp:featuredmedia":[{"embeddable":true,"href":"https:\/\/researchchemicalhub.com\/da\/wp-json\/wp\/v2\/media\/28581"}],"wp:attachment":[{"href":"https:\/\/researchchemicalhub.com\/da\/wp-json\/wp\/v2\/media?parent=24961"}],"wp:term":[{"taxonomy":"product_brand","embeddable":true,"href":"https:\/\/researchchemicalhub.com\/da\/wp-json\/wp\/v2\/product_brand?post=24961"},{"taxonomy":"product_cat","embeddable":true,"href":"https:\/\/researchchemicalhub.com\/da\/wp-json\/wp\/v2\/product_cat?post=24961"},{"taxonomy":"product_tag","embeddable":true,"href":"https:\/\/researchchemicalhub.com\/da\/wp-json\/wp\/v2\/product_tag?post=24961"}],"curies":[{"name":"wp","href":"https:\/\/api.w.org\/{rel}","templated":true}]}}