{"id":24807,"date":"2025-10-20T17:43:14","date_gmt":"2025-10-20T17:43:14","guid":{"rendered":"https:\/\/researchchemicalhub.com\/?post_type=product&#038;p=24807"},"modified":"2025-10-29T07:32:37","modified_gmt":"2025-10-29T07:32:37","slug":"7-abf","status":"publish","type":"product","link":"https:\/\/researchchemicalhub.com\/da\/shop\/7-abf\/7-abf\/","title":{"rendered":"7-ABF"},"content":{"rendered":"<h3 data-start=\"4197\" data-end=\"4216\"><strong data-start=\"4201\" data-end=\"4216\"><span dir=\"auto\" style=\"vertical-align: inherit;\"><span dir=\"auto\" style=\"vertical-align: inherit;\">Indledning<\/span><\/span><\/strong><\/h3>\n<p data-start=\"4217\" data-end=\"4560\"><span dir=\"auto\" style=\"vertical-align: inherit;\"><span dir=\"auto\" style=\"vertical-align: inherit;\">Vores <\/span><\/span><strong data-start=\"4222\" data-end=\"4246\"><span dir=\"auto\" style=\"vertical-align: inherit;\"><span dir=\"auto\" style=\"vertical-align: inherit;\">research compound<\/span><\/span><\/strong><span dir=\"auto\" style=\"vertical-align: inherit;\"><span dir=\"auto\" style=\"vertical-align: inherit;\"> er en <\/span><\/span><strong data-start=\"4254\" data-end=\"4289\"><span dir=\"auto\" style=\"vertical-align: inherit;\"><span dir=\"auto\" style=\"vertical-align: inherit;\">high-purity analytical material<\/span><\/span><\/strong><span dir=\"auto\" style=\"vertical-align: inherit;\"><span dir=\"auto\" style=\"vertical-align: inherit;\"> specifically developed for <\/span><\/span><strong data-start=\"4322\" data-end=\"4381\"><span dir=\"auto\" style=\"vertical-align: inherit;\"><span dir=\"auto\" style=\"vertical-align: inherit;\">laboratory, forensic, and scientific research<\/span><\/span><\/strong><span dir=\"auto\" style=\"vertical-align: inherit;\"><span dir=\"auto\" style=\"vertical-align: inherit;\"> . <\/span><\/span><span dir=\"auto\" style=\"vertical-align: inherit;\"><span dir=\"auto\" style=\"vertical-align: inherit;\"><span dir=\"auto\" style=\"vertical-align: inherit;\">7-ABF<\/span><\/span><\/span><\/p>\n<p data-start=\"4217\" data-end=\"4560\"><br data-start=\"4382\" data-end=\"4385\" \/><span dir=\"auto\" style=\"vertical-align: inherit;\"><span dir=\"auto\" style=\"vertical-align: inherit;\">It is produced under <\/span><\/span><strong data-start=\"4414\" data-end=\"4444\"><span dir=\"auto\" style=\"vertical-align: inherit;\"><span dir=\"auto\" style=\"vertical-align: inherit;\">streng kvalitetskontrol<\/span><\/span><\/strong><span dir=\"auto\" style=\"vertical-align: inherit;\"><span dir=\"auto\" style=\"vertical-align: inherit;\"> , der sikrer <\/span><\/span><strong data-start=\"4461\" data-end=\"4515\"><span dir=\"auto\" style=\"vertical-align: inherit;\"><span dir=\"auto\" style=\"vertical-align: inherit;\">accuracy, reproducibility and stability<\/span><\/span><\/strong><span dir=\"auto\" style=\"vertical-align: inherit;\"><span dir=\"auto\" style=\"vertical-align: inherit;\"> across diverse research environments.<\/span><\/span><\/p>\n<p data-start=\"4562\" data-end=\"4787\"><span dir=\"auto\" style=\"vertical-align: inherit;\"><span dir=\"auto\" style=\"vertical-align: inherit;\">Each batch is <\/span><\/span><strong data-start=\"4576\" data-end=\"4602\"><span dir=\"auto\" style=\"vertical-align: inherit;\"><span dir=\"auto\" style=\"vertical-align: inherit;\">carefully crafted<\/span><\/span><\/strong><span dir=\"auto\" style=\"vertical-align: inherit;\"><span dir=\"auto\" style=\"vertical-align: inherit;\"> and independently tested to ensure purity and consistency. <\/span><\/span><br data-start=\"4671\" data-end=\"4674\" \/><span dir=\"auto\" style=\"vertical-align: inherit;\"><span dir=\"auto\" style=\"vertical-align: inherit;\">Ideel til <\/span><\/span><strong data-start=\"4686\" data-end=\"4784\"><span dir=\"auto\" style=\"vertical-align: inherit;\"><span dir=\"auto\" style=\"vertical-align: inherit;\">analytical calibration, controlled experiments, and comparative scientific research<\/span><\/span><\/strong><span dir=\"auto\" style=\"vertical-align: inherit;\"><span dir=\"auto\" style=\"vertical-align: inherit;\"> .<\/span><\/span><\/p>\n<blockquote data-start=\"4788\" data-end=\"4897\">\n<p data-start=\"4790\" data-end=\"4897\">\u26a0\ufe0f <strong data-start=\"4793\" data-end=\"4897\"><span dir=\"auto\" style=\"vertical-align: inherit;\"><span dir=\"auto\" style=\"vertical-align: inherit;\">Kun til laboratoriebrug. Ikke egnet til konsum af mennesker eller dyr.<\/span><\/span><\/strong><\/p>\n<\/blockquote>\n<hr data-start=\"4899\" data-end=\"4902\" \/>\n<h3 data-start=\"4904\" data-end=\"4935\"><strong data-start=\"4908\" data-end=\"4935\"><span dir=\"auto\" style=\"vertical-align: inherit;\"><span dir=\"auto\" style=\"vertical-align: inherit;\">N\u00f8glefunktioner<\/span><\/span><\/strong><\/h3>\n<ul data-start=\"4936\" data-end=\"5469\">\n<li data-start=\"4936\" data-end=\"5016\">\n<p data-start=\"4938\" data-end=\"5016\"><strong data-start=\"4938\" data-end=\"4964\"><span dir=\"auto\" style=\"vertical-align: inherit;\"><span dir=\"auto\" style=\"vertical-align: inherit;\">H\u00f8j renhed (\u226599%)<\/span><\/span><\/strong><span dir=\"auto\" style=\"vertical-align: inherit;\"><span dir=\"auto\" style=\"vertical-align: inherit;\"> \u2013 Independently tested for analytical precision.<\/span><\/span><\/p>\n<\/li>\n<li data-start=\"5017\" data-end=\"5111\">\n<p data-start=\"5019\" data-end=\"5111\"><strong data-start=\"5019\" data-end=\"5060\"><span dir=\"auto\" style=\"vertical-align: inherit;\"><span dir=\"auto\" style=\"vertical-align: inherit;\">Stable and Consistent Composition<\/span><\/span><\/strong><span dir=\"auto\" style=\"vertical-align: inherit;\"><span dir=\"auto\" style=\"vertical-align: inherit;\"> \u2013 Reliable under proper storage conditions.<\/span><\/span><\/p>\n<\/li>\n<li data-start=\"5112\" data-end=\"5195\">\n<p data-start=\"5114\" data-end=\"5195\"><strong data-start=\"5114\" data-end=\"5136\"><span dir=\"auto\" style=\"vertical-align: inherit;\"><span dir=\"auto\" style=\"vertical-align: inherit;\">Precision Manufacturing<\/span><\/span><\/strong><span dir=\"auto\" style=\"vertical-align: inherit;\"><span dir=\"auto\" style=\"vertical-align: inherit;\"> \u2013 Produced in controlled laboratory environments.<\/span><\/span><\/p>\n<\/li>\n<li data-start=\"5196\" data-end=\"5282\">\n<p data-start=\"5198\" data-end=\"5282\"><strong data-start=\"5198\" data-end=\"5231\"><span dir=\"auto\" style=\"vertical-align: inherit;\"><span dir=\"auto\" style=\"vertical-align: inherit;\">Quality Control Performed<\/span><\/span><\/strong><span dir=\"auto\" style=\"vertical-align: inherit;\"><span dir=\"auto\" style=\"vertical-align: inherit;\"> \u2013 Every batch tested for purity and identity.<\/span><\/span><\/p>\n<\/li>\n<li data-start=\"5283\" data-end=\"5371\">\n<p data-start=\"5285\" data-end=\"5371\"><strong data-start=\"5285\" data-end=\"5312\"><span dir=\"auto\" style=\"vertical-align: inherit;\"><span dir=\"auto\" style=\"vertical-align: inherit;\">Beskyttende emballage<\/span><\/span><\/strong><span dir=\"auto\" style=\"vertical-align: inherit;\"><span dir=\"auto\" style=\"vertical-align: inherit;\"> \u2013 Moisture and light resistant for long-term shelf life.<\/span><\/span><\/p>\n<\/li>\n<li data-start=\"5372\" data-end=\"5469\">\n<p data-start=\"5374\" data-end=\"5469\"><strong data-start=\"5374\" data-end=\"5411\"><span dir=\"auto\" style=\"vertical-align: inherit;\"><span dir=\"auto\" style=\"vertical-align: inherit;\">Kun til professionel brug<\/span><\/span><\/strong><span dir=\"auto\" style=\"vertical-align: inherit;\"><span dir=\"auto\" style=\"vertical-align: inherit;\"> \u2013 Designed for laboratory and forensic investigations.<\/span><\/span><\/p>\n<\/li>\n<\/ul>\n<hr data-start=\"5471\" data-end=\"5474\" \/>\n<h3 data-start=\"5476\" data-end=\"5493\"><strong data-start=\"5480\" data-end=\"5493\"><span dir=\"auto\" style=\"vertical-align: inherit;\"><span dir=\"auto\" style=\"vertical-align: inherit;\">Fordele<\/span><\/span><\/strong><\/h3>\n<ul data-start=\"5494\" data-end=\"5957\">\n<li data-start=\"5494\" data-end=\"5593\">\n<p data-start=\"5496\" data-end=\"5593\"><strong data-start=\"5496\" data-end=\"5532\"><span dir=\"auto\" style=\"vertical-align: inherit;\"><span dir=\"auto\" style=\"vertical-align: inherit;\">P\u00e5lidelige forskningsresultater<\/span><\/span><\/strong><span dir=\"auto\" style=\"vertical-align: inherit;\"><span dir=\"auto\" style=\"vertical-align: inherit;\"> \u2013 Ensures consistent data and reproducible analyses. <\/span><\/span><span dir=\"auto\" style=\"vertical-align: inherit;\"><span dir=\"auto\" style=\"vertical-align: inherit;\"><span dir=\"auto\" style=\"vertical-align: inherit;\">7-ABF<\/span><\/span><\/span><\/p>\n<\/li>\n<li data-start=\"5594\" data-end=\"5686\">\n<p data-start=\"5596\" data-end=\"5686\"><strong data-start=\"5596\" data-end=\"5634\"><span dir=\"auto\" style=\"vertical-align: inherit;\"><span dir=\"auto\" style=\"vertical-align: inherit;\">Videnskabeligt testet kvalitet<\/span><\/span><\/strong><span dir=\"auto\" style=\"vertical-align: inherit;\"><span dir=\"auto\" style=\"vertical-align: inherit;\"> \u2013 Meets laboratory standards for purity.<\/span><\/span><\/p>\n<\/li>\n<li data-start=\"5687\" data-end=\"5766\">\n<p data-start=\"5689\" data-end=\"5766\"><strong data-start=\"5689\" data-end=\"5715\"><span dir=\"auto\" style=\"vertical-align: inherit;\"><span dir=\"auto\" style=\"vertical-align: inherit;\">Stable and Reliable<\/span><\/span><\/strong><span dir=\"auto\" style=\"vertical-align: inherit;\"><span dir=\"auto\" style=\"vertical-align: inherit;\"> \u2013 Retains chemical structure when stored properly.<\/span><\/span><\/p>\n<\/li>\n<li data-start=\"5767\" data-end=\"5849\">\n<p data-start=\"5769\" data-end=\"5849\"><strong data-start=\"5769\" data-end=\"5792\"><span dir=\"auto\" style=\"vertical-align: inherit;\"><span dir=\"auto\" style=\"vertical-align: inherit;\">User-friendly<\/span><\/span><\/strong><span dir=\"auto\" style=\"vertical-align: inherit;\"><span dir=\"auto\" style=\"vertical-align: inherit;\"> \u2013 \u200b\u200bEasy to handle in laboratory settings.<\/span><\/span><\/p>\n<\/li>\n<li data-start=\"5850\" data-end=\"5957\">\n<p data-start=\"5852\" data-end=\"5957\"><strong data-start=\"5852\" data-end=\"5887\"><span dir=\"auto\" style=\"vertical-align: inherit;\"><span dir=\"auto\" style=\"vertical-align: inherit;\">Conforming to and Ethically Produced<\/span><\/span><\/strong><span dir=\"auto\" style=\"vertical-align: inherit;\"><span dir=\"auto\" style=\"vertical-align: inherit;\"> \u2013 Meets international safety and quality guidelines.<\/span><\/span><\/p>\n<\/li>\n<\/ul>\n<hr data-start=\"5959\" data-end=\"5962\" \/>\n<h3 data-start=\"5964\" data-end=\"5979\"><strong data-start=\"5968\" data-end=\"5979\"><span dir=\"auto\" style=\"vertical-align: inherit;\"><span dir=\"auto\" style=\"vertical-align: inherit;\">Brug<\/span><\/span><\/strong><\/h3>\n<ol data-start=\"5980\" data-end=\"6395\">\n<li data-start=\"5980\" data-end=\"6081\">\n<p data-start=\"5983\" data-end=\"6081\"><strong data-start=\"5983\" data-end=\"6018\"><span dir=\"auto\" style=\"vertical-align: inherit;\"><span dir=\"auto\" style=\"vertical-align: inherit;\">Kun til laboratoriebrug<\/span><\/span><\/strong><span dir=\"auto\" style=\"vertical-align: inherit;\"><span dir=\"auto\" style=\"vertical-align: inherit;\"> \u2013 M\u00e5 kun anvendes inden for godkendte forskningsfaciliteter.<\/span><\/span><\/p>\n<\/li>\n<li data-start=\"6082\" data-end=\"6149\">\n<p data-start=\"6085\" data-end=\"6149\"><strong data-start=\"6085\" data-end=\"6095\"><span dir=\"auto\" style=\"vertical-align: inherit;\"><span dir=\"auto\" style=\"vertical-align: inherit;\">Opbevaring<\/span><\/span><\/strong><span dir=\"auto\" style=\"vertical-align: inherit;\"><span dir=\"auto\" style=\"vertical-align: inherit;\"> \u2013 Opbevares i en <\/span><\/span><strong data-start=\"6112\" data-end=\"6146\"><span dir=\"auto\" style=\"vertical-align: inherit;\"><span dir=\"auto\" style=\"vertical-align: inherit;\">k\u00f8ligt, t\u00f8rt og m\u00f8rkt sted<\/span><\/span><\/strong><span dir=\"auto\" style=\"vertical-align: inherit;\"><span dir=\"auto\" style=\"vertical-align: inherit;\"> .<\/span><\/span><\/p>\n<\/li>\n<li data-start=\"6150\" data-end=\"6237\">\n<p data-start=\"6153\" data-end=\"6237\"><strong data-start=\"6153\" data-end=\"6170\"><span dir=\"auto\" style=\"vertical-align: inherit;\"><span dir=\"auto\" style=\"vertical-align: inherit;\">Arbejd sikkert<\/span><\/span><\/strong><span dir=\"auto\" style=\"vertical-align: inherit;\"><span dir=\"auto\" style=\"vertical-align: inherit;\"> \u2013 Use gloves, safety glasses and protective clothing.<\/span><\/span><\/p>\n<\/li>\n<li data-start=\"6238\" data-end=\"6317\">\n<p data-start=\"6241\" data-end=\"6317\"><strong data-start=\"6241\" data-end=\"6253\"><span dir=\"auto\" style=\"vertical-align: inherit;\"><span dir=\"auto\" style=\"vertical-align: inherit;\">M\u00e5linger<\/span><\/span><\/strong><span dir=\"auto\" style=\"vertical-align: inherit;\"><span dir=\"auto\" style=\"vertical-align: inherit;\"> \u2013 Brug kalibreret udstyr til n\u00f8jagtig analyse.<\/span><\/span><\/p>\n<\/li>\n<li data-start=\"6318\" data-end=\"6395\">\n<p data-start=\"6321\" data-end=\"6395\"><strong data-start=\"6321\" data-end=\"6337\"><span dir=\"auto\" style=\"vertical-align: inherit;\"><span dir=\"auto\" style=\"vertical-align: inherit;\">Advarsel<\/span><\/span><\/strong><span dir=\"auto\" style=\"vertical-align: inherit;\"><span dir=\"auto\" style=\"vertical-align: inherit;\"> \u2013 Ikke beregnet til konsum af mennesker eller dyr.<\/span><\/span><\/p>\n<\/li>\n<\/ol>\n<hr data-start=\"6397\" data-end=\"6400\" \/>\n<h3 data-start=\"6402\" data-end=\"6429\"><strong data-start=\"6406\" data-end=\"6429\"><span dir=\"auto\" style=\"vertical-align: inherit;\"><span dir=\"auto\" style=\"vertical-align: inherit;\">Ofte stillede sp\u00f8rgsm\u00e5l<\/span><\/span><\/strong><\/h3>\n<p data-start=\"6431\" data-end=\"6610\"><strong data-start=\"6431\" data-end=\"6488\"><span dir=\"auto\" style=\"vertical-align: inherit;\"><span dir=\"auto\" style=\"vertical-align: inherit;\">1. What is this research compound used for?<\/span><\/span><\/strong><br data-start=\"6488\" data-end=\"6491\" \/><span dir=\"auto\" style=\"vertical-align: inherit;\"><span dir=\"auto\" style=\"vertical-align: inherit;\"> It is used for <\/span><\/span><strong data-start=\"6514\" data-end=\"6558\"><span dir=\"auto\" style=\"vertical-align: inherit;\"><span dir=\"auto\" style=\"vertical-align: inherit;\">videnskabelig og analytisk forskning<\/span><\/span><\/strong><span dir=\"auto\" style=\"vertical-align: inherit;\"><span dir=\"auto\" style=\"vertical-align: inherit;\"> , s\u00e5som kalibrering og kontrollerede eksperimenter.<\/span><\/span><\/p>\n<p data-start=\"6612\" data-end=\"6765\"><strong data-start=\"6612\" data-end=\"6677\"><span dir=\"auto\" style=\"vertical-align: inherit;\"><span dir=\"auto\" style=\"vertical-align: inherit;\">2. Can this product be used for personal use?<\/span><\/span><\/strong><br data-start=\"6677\" data-end=\"6680\" \/><span dir=\"auto\" style=\"vertical-align: inherit;\"><span dir=\"auto\" style=\"vertical-align: inherit;\"> Nej. Dette produkt er <\/span><\/span><strong data-start=\"6700\" data-end=\"6762\"><span dir=\"auto\" style=\"vertical-align: inherit;\"><span dir=\"auto\" style=\"vertical-align: inherit;\">intended for professional laboratory use only<\/span><\/span><\/strong><span dir=\"auto\" style=\"vertical-align: inherit;\"><span dir=\"auto\" style=\"vertical-align: inherit;\"> .<\/span><\/span><\/p>\n<p data-start=\"6767\" data-end=\"6910\"><strong data-start=\"6767\" data-end=\"6806\"><span dir=\"auto\" style=\"vertical-align: inherit;\"><span dir=\"auto\" style=\"vertical-align: inherit;\">3. Hvordan skal jeg opbevare dette produkt?<\/span><\/span><\/strong><br data-start=\"6806\" data-end=\"6809\" \/><span dir=\"auto\" style=\"vertical-align: inherit;\"><span dir=\"auto\" style=\"vertical-align: inherit;\"> Store it in its <\/span><\/span><strong data-start=\"6827\" data-end=\"6864\"><span dir=\"auto\" style=\"vertical-align: inherit;\"><span dir=\"auto\" style=\"vertical-align: inherit;\">original, luftt\u00e6t beholder<\/span><\/span><\/strong><span dir=\"auto\" style=\"vertical-align: inherit;\"><span dir=\"auto\" style=\"vertical-align: inherit;\"> i en <\/span><\/span><strong data-start=\"6873\" data-end=\"6907\"><span dir=\"auto\" style=\"vertical-align: inherit;\"><span dir=\"auto\" style=\"vertical-align: inherit;\">k\u00f8ligt, t\u00f8rt og m\u00f8rkt sted<\/span><\/span><\/strong><span dir=\"auto\" style=\"vertical-align: inherit;\"><span dir=\"auto\" style=\"vertical-align: inherit;\"> .<\/span><\/span><\/p>\n<hr data-start=\"6912\" data-end=\"6915\" \/>\n<h3 data-start=\"6917\" data-end=\"6935\"><strong data-start=\"6921\" data-end=\"6935\"><span dir=\"auto\" style=\"vertical-align: inherit;\"><span dir=\"auto\" style=\"vertical-align: inherit;\">Ansvarsfraskrivelse<\/span><\/span><\/strong><\/h3>\n<p data-start=\"6936\" data-end=\"7168\"><span dir=\"auto\" style=\"vertical-align: inherit;\"><span dir=\"auto\" style=\"vertical-align: inherit;\">Dette produkt er <\/span><\/span><strong data-start=\"6951\" data-end=\"7000\"><span dir=\"auto\" style=\"vertical-align: inherit;\"><span dir=\"auto\" style=\"vertical-align: inherit;\">kun beregnet til forskningsform\u00e5l<\/span><\/span><\/strong><span dir=\"auto\" style=\"vertical-align: inherit;\"><span dir=\"auto\" style=\"vertical-align: inherit;\"> . <\/span><\/span><strong data-start=\"7002\" data-end=\"7060\"><span dir=\"auto\" style=\"vertical-align: inherit;\"><span dir=\"auto\" style=\"vertical-align: inherit;\">Ikke egnet til konsum af mennesker eller dyr.<\/span><\/span><\/strong><br data-start=\"7060\" data-end=\"7063\" \/><span dir=\"auto\" style=\"vertical-align: inherit;\"><span dir=\"auto\" style=\"vertical-align: inherit;\"> Ved at k\u00f8be dette produkt bekr\u00e6fter du, at du overholder alle g\u00e6ldende sikkerheds- og lovbestemmelser.<\/span><\/span><\/p>\n<p class=\"ds-markdown-paragraph\"><span dir=\"auto\" style=\"vertical-align: inherit;\"><span dir=\"auto\" style=\"vertical-align: inherit;\">\u00a0<\/span><\/span><a href=\"https:\/\/researchchemicalhub.com\/da\/shop\/lysergamides\/1vlsd\/\"><span dir=\"auto\" style=\"vertical-align: inherit;\"><span dir=\"auto\" style=\"vertical-align: inherit;\"><span dir=\"auto\" style=\"vertical-align: inherit;\"><span dir=\"auto\" style=\"vertical-align: inherit;\">1V-LSD 150 MCG Blotters <\/span><\/span><\/span><\/span><\/a><a href=\"https:\/\/researchchemicalhub.com\/da\/shop\/pellets\/o-dsmt-50mg-pellets\/\"><span dir=\"auto\" style=\"vertical-align: inherit;\"><span dir=\"auto\" style=\"vertical-align: inherit;\"><span dir=\"auto\" style=\"vertical-align: inherit;\"><span dir=\"auto\" style=\"vertical-align: inherit;\">O-DSMT 50 mg pellets <\/span><\/span><\/span><\/span><\/a><a href=\"https:\/\/researchchemicalhub.com\/da\/shop\/lysergamides\/1cp-lsd\/\"><span dir=\"auto\" style=\"vertical-align: inherit;\"><span dir=\"auto\" style=\"vertical-align: inherit;\"><span dir=\"auto\" style=\"vertical-align: inherit;\"><span dir=\"auto\" style=\"vertical-align: inherit;\">1cP-LSD 150 MCG Kunstpapirkugler <\/span><\/span><\/span><\/span><\/a><a href=\"https:\/\/researchchemicalhub.com\/da\/shop\/iboga-ibogaine\/iboga-root-bark\/\"><span dir=\"auto\" style=\"vertical-align: inherit;\"><span dir=\"auto\" style=\"vertical-align: inherit;\"><span dir=\"auto\" style=\"vertical-align: inherit;\"><span dir=\"auto\" style=\"vertical-align: inherit;\">Iboga rodbark <\/span><\/span><\/span><\/span><\/a><a href=\"https:\/\/researchchemicalhub.com\/da\/shop\/iboga-ibogaine\/buy-ibogaine-hcl-online\/\"><span dir=\"auto\" style=\"vertical-align: inherit;\"><span dir=\"auto\" style=\"vertical-align: inherit;\"><span dir=\"auto\" style=\"vertical-align: inherit;\"><span dir=\"auto\" style=\"vertical-align: inherit;\">K\u00f8b Ibogaine HCL<\/span><\/span><\/span><\/span><\/a><\/p>","protected":false},"excerpt":{"rendered":"<h2><span dir=\"auto\" style=\"vertical-align: inherit;\"><span dir=\"auto\" style=\"vertical-align: inherit;\"><span dir=\"auto\" style=\"vertical-align: inherit;\"><span dir=\"auto\" style=\"vertical-align: inherit;\">7-ABF-egenskaber<\/span><\/span><\/span><\/span><\/h2>\n<p><strong><span dir=\"auto\" style=\"vertical-align: inherit;\"><span dir=\"auto\" style=\"vertical-align: inherit;\"><span dir=\"auto\" style=\"vertical-align: inherit;\"><span dir=\"auto\" style=\"vertical-align: inherit;\">Synonym:<\/span><\/span><\/span><\/span><\/strong><span dir=\"auto\" style=\"vertical-align: inherit;\"><span dir=\"auto\" style=\"vertical-align: inherit;\"><span dir=\"auto\" style=\"vertical-align: inherit;\"><span dir=\"auto\" style=\"vertical-align: inherit;\"> John William Huffman 210 <\/span><\/span><\/span><\/span><strong><br \/>\n<span dir=\"auto\" style=\"vertical-align: inherit;\"><span dir=\"auto\" style=\"vertical-align: inherit;\"><span dir=\"auto\" style=\"vertical-align: inherit;\"><span dir=\"auto\" style=\"vertical-align: inherit;\">CAS-nummer<\/span><\/span><\/span><\/span><\/strong><span dir=\"auto\" style=\"vertical-align: inherit;\"><span dir=\"auto\" style=\"vertical-align: inherit;\"><span dir=\"auto\" style=\"vertical-align: inherit;\"><span dir=\"auto\" style=\"vertical-align: inherit;\"> : 824959-81-1 <\/span><\/span><\/span><\/span><br \/>\n<strong><span dir=\"auto\" style=\"vertical-align: inherit;\"><span dir=\"auto\" style=\"vertical-align: inherit;\"><span dir=\"auto\" style=\"vertical-align: inherit;\"><span dir=\"auto\" style=\"vertical-align: inherit;\">Formel<\/span><\/span><\/span><\/span><\/strong><span dir=\"auto\" style=\"vertical-align: inherit;\"><span dir=\"auto\" style=\"vertical-align: inherit;\"><span dir=\"auto\" style=\"vertical-align: inherit;\"><span dir=\"auto\" style=\"vertical-align: inherit;\"> : <\/span><\/span><\/span><\/span><span title=\"Kulstof\"><span dir=\"auto\" style=\"vertical-align: inherit;\"><span dir=\"auto\" style=\"vertical-align: inherit;\"><span dir=\"auto\" style=\"vertical-align: inherit;\"><span dir=\"auto\" style=\"vertical-align: inherit;\">C <\/span><\/span><\/span><\/span><\/span><sub><span dir=\"auto\" style=\"vertical-align: inherit;\"><span dir=\"auto\" style=\"vertical-align: inherit;\"><span dir=\"auto\" style=\"vertical-align: inherit;\"><span dir=\"auto\" style=\"vertical-align: inherit;\">26 <\/span><\/span><\/span><\/span><\/sub><span title=\"Brint\"><span dir=\"auto\" style=\"vertical-align: inherit;\"><span dir=\"auto\" style=\"vertical-align: inherit;\"><span dir=\"auto\" style=\"vertical-align: inherit;\"><span dir=\"auto\" style=\"vertical-align: inherit;\">H <\/span><\/span><\/span><\/span><\/span><sub><span dir=\"auto\" style=\"vertical-align: inherit;\"><span dir=\"auto\" style=\"vertical-align: inherit;\"><span dir=\"auto\" style=\"vertical-align: inherit;\"><span dir=\"auto\" style=\"vertical-align: inherit;\">27 <\/span><\/span><\/span><\/span><\/sub><span title=\"Kv\u00e6lstof\"><span dir=\"auto\" style=\"vertical-align: inherit;\"><span dir=\"auto\" style=\"vertical-align: inherit;\"><span dir=\"auto\" style=\"vertical-align: inherit;\"><span dir=\"auto\" style=\"vertical-align: inherit;\">N <\/span><\/span><\/span><\/span><\/span><span title=\"Ilt\"><span dir=\"auto\" style=\"vertical-align: inherit;\"><span dir=\"auto\" style=\"vertical-align: inherit;\"><span dir=\"auto\" style=\"vertical-align: inherit;\"><span dir=\"auto\" style=\"vertical-align: inherit;\">\u00c5h <\/span><\/span><\/span><\/span><\/span><br \/>\n<strong><span dir=\"auto\" style=\"vertical-align: inherit;\"><span dir=\"auto\" style=\"vertical-align: inherit;\"><span dir=\"auto\" style=\"vertical-align: inherit;\"><span dir=\"auto\" style=\"vertical-align: inherit;\">Mol\u00e6r masse<\/span><\/span><\/span><\/span><\/strong><span dir=\"auto\" style=\"vertical-align: inherit;\"><span dir=\"auto\" style=\"vertical-align: inherit;\"><span dir=\"auto\" style=\"vertical-align: inherit;\"><span dir=\"auto\" style=\"vertical-align: inherit;\"> : 369,508 g mol <\/span><\/span><\/span><\/span><br \/>\n<strong><span dir=\"auto\" style=\"vertical-align: inherit;\"><span dir=\"auto\" style=\"vertical-align: inherit;\"><span dir=\"auto\" style=\"vertical-align: inherit;\"><span dir=\"auto\" style=\"vertical-align: inherit;\">Renhed<\/span><\/span><\/span><\/span><\/strong><span dir=\"auto\" style=\"vertical-align: inherit;\"><span dir=\"auto\" style=\"vertical-align: inherit;\"><span dir=\"auto\" style=\"vertical-align: inherit;\"><span dir=\"auto\" style=\"vertical-align: inherit;\"> : \u226598%<\/span><\/span><\/span><\/span><\/p>","protected":false},"featured_media":28471,"comment_status":"closed","ping_status":"closed","template":"","meta":[],"product_brand":[],"product_cat":[369,322],"product_tag":[651,326],"class_list":{"0":"post-24807","1":"product","2":"type-product","3":"status-publish","4":"has-post-thumbnail","6":"product_cat-7-abf","7":"product_cat-bijna-verboden","8":"product_tag-7-abf","9":"product_tag-nl","11":"first","12":"instock","13":"taxable","14":"shipping-taxable","15":"purchasable","16":"product-type-variable"},"_links":{"self":[{"href":"https:\/\/researchchemicalhub.com\/da\/wp-json\/wp\/v2\/product\/24807","targetHints":{"allow":["GET"]}}],"collection":[{"href":"https:\/\/researchchemicalhub.com\/da\/wp-json\/wp\/v2\/product"}],"about":[{"href":"https:\/\/researchchemicalhub.com\/da\/wp-json\/wp\/v2\/types\/product"}],"replies":[{"embeddable":true,"href":"https:\/\/researchchemicalhub.com\/da\/wp-json\/wp\/v2\/comments?post=24807"}],"version-history":[{"count":6,"href":"https:\/\/researchchemicalhub.com\/da\/wp-json\/wp\/v2\/product\/24807\/revisions"}],"predecessor-version":[{"id":25447,"href":"https:\/\/researchchemicalhub.com\/da\/wp-json\/wp\/v2\/product\/24807\/revisions\/25447"}],"wp:featuredmedia":[{"embeddable":true,"href":"https:\/\/researchchemicalhub.com\/da\/wp-json\/wp\/v2\/media\/28471"}],"wp:attachment":[{"href":"https:\/\/researchchemicalhub.com\/da\/wp-json\/wp\/v2\/media?parent=24807"}],"wp:term":[{"taxonomy":"product_brand","embeddable":true,"href":"https:\/\/researchchemicalhub.com\/da\/wp-json\/wp\/v2\/product_brand?post=24807"},{"taxonomy":"product_cat","embeddable":true,"href":"https:\/\/researchchemicalhub.com\/da\/wp-json\/wp\/v2\/product_cat?post=24807"},{"taxonomy":"product_tag","embeddable":true,"href":"https:\/\/researchchemicalhub.com\/da\/wp-json\/wp\/v2\/product_tag?post=24807"}],"curies":[{"name":"wp","href":"https:\/\/api.w.org\/{rel}","templated":true}]}}