{"id":24268,"date":"2025-04-13T17:41:22","date_gmt":"2025-04-13T17:41:22","guid":{"rendered":"https:\/\/researchchemicalhub.com\/?post_type=product&#038;p=24268"},"modified":"2025-10-12T19:05:22","modified_gmt":"2025-10-12T19:05:22","slug":"promal-metallisk-leskalin","status":"publish","type":"product","link":"https:\/\/researchchemicalhub.com\/da\/butik\/b2b\/promal-metallisk-leskalin\/","title":{"rendered":"RC+ Promal pose 3 pellets"},"content":{"rendered":"<h3 data-start=\"3993\" data-end=\"4014\"><strong data-start=\"3997\" data-end=\"4012\">Indledning<\/strong><\/h3>\n<p data-start=\"4015\" data-end=\"4406\"><strong data-start=\"4015\" data-end=\"4041\">RC+ Promal (3 pellets)<\/strong> er en <strong data-start=\"4049\" data-end=\"4090\">forskningsforbindelse af laboratoriekvalitet<\/strong>, leveres i en genlukkelig pose med <strong data-start=\"4131\" data-end=\"4169\">tre pr\u00e6cist doserede pellets<\/strong>Promal metallylescaline<br data-start=\"4170\" data-end=\"4173\" \/>Udviklet til <strong data-start=\"4189\" data-end=\"4242\">analytisk, retsmedicinsk og neurokemisk forskning<\/strong>, tilh\u00f8rer denne forbindelse <strong data-start=\"4275\" data-end=\"4294\">RC+ premium-linje<\/strong>, designet til <strong data-start=\"4311\" data-end=\"4330\">receptorbinding<\/strong>, <strong data-start=\"4332\" data-end=\"4350\">kromatografi<\/strong> og <strong data-start=\"4354\" data-end=\"4395\">struktur-aktivitetsforhold (SAR)<\/strong>-studier.<\/p>\n<p data-start=\"4408\" data-end=\"4665\">Hver pellet er <strong data-start=\"4426\" data-end=\"4490\">produceret under kontrollerede laboratorieforhold<\/strong> og testet p\u00e5 en <strong data-start=\"4508\" data-end=\"4532\">renhed p\u00e5 \u2265 98%<\/strong> via <strong data-start=\"4537\" data-end=\"4552\">HPLC og NMR<\/strong>.<br data-start=\"4553\" data-end=\"4556\" \/>De <strong data-start=\"4559\" data-end=\"4585\">RC+ Promal-formulering<\/strong> garantier <strong data-start=\"4597\" data-end=\"4662\">ensartet sammens\u00e6tning og p\u00e5lidelige analysemuligheder<\/strong>.<\/p>\n<blockquote data-start=\"4667\" data-end=\"4812\">\n<p data-start=\"4669\" data-end=\"4812\">\u26a0\ufe0f <strong data-start=\"4672\" data-end=\"4683\">NB:<\/strong> RC+ Promal er udelukkende beregnet til <strong data-start=\"4723\" data-end=\"4758\">forskning og analytisk brug<\/strong> \u2014 <strong data-start=\"4761\" data-end=\"4810\">ikke til menneskelig eller animalsk konsum.<\/strong><\/p>\n<\/blockquote>\n<hr data-start=\"4814\" data-end=\"4817\" \/>\n<h3 data-start=\"4819\" data-end=\"4850\"><strong data-start=\"4823\" data-end=\"4850\">N\u00f8glefunktioner<\/strong><\/h3>\n<div class=\"_tableContainer_1rjym_1\">\n<div class=\"group _tableWrapper_1rjym_13 flex w-fit flex-col-reverse\" tabindex=\"-1\">\n<table class=\"w-fit min-w-(--thread-content-width)\" data-start=\"4852\" data-end=\"5472\">\n<thead data-start=\"4852\" data-end=\"4878\">\n<tr data-start=\"4852\" data-end=\"4878\">\n<th data-start=\"4852\" data-end=\"4862\" data-col-size=\"sm\">Funktion<\/th>\n<th data-start=\"4862\" data-end=\"4878\" data-col-size=\"md\">Beskrivelse<\/th>\n<\/tr>\n<\/thead>\n<tbody data-start=\"4907\" data-end=\"5472\">\n<tr data-start=\"4907\" data-end=\"4951\">\n<td data-start=\"4907\" data-end=\"4925\" data-col-size=\"sm\"><strong data-start=\"4909\" data-end=\"4924\">Produktnavn<\/strong><\/td>\n<td data-start=\"4925\" data-end=\"4951\" data-col-size=\"md\">RC+ Promal (3 piller)<\/td>\n<\/tr>\n<tr data-start=\"4952\" data-end=\"4989\">\n<td data-start=\"4952\" data-end=\"4973\" data-col-size=\"sm\"><strong data-start=\"4954\" data-end=\"4972\">Kemisk form<\/strong><\/td>\n<td data-start=\"4973\" data-end=\"4989\" data-col-size=\"md\">Fast pellet<\/td>\n<\/tr>\n<tr data-start=\"4990\" data-end=\"5041\">\n<td data-start=\"4990\" data-end=\"5007\" data-col-size=\"sm\"><strong data-start=\"4992\" data-end=\"5006\">Renhed<\/strong><\/td>\n<td data-start=\"5007\" data-end=\"5041\" data-col-size=\"md\">\u2265 98% (testet ved HPLC og NMR)<\/td>\n<\/tr>\n<tr data-start=\"5042\" data-end=\"5099\">\n<td data-start=\"5042\" data-end=\"5065\" data-col-size=\"sm\"><strong data-start=\"5044\" data-end=\"5064\">Kemisk klasse<\/strong><\/td>\n<td data-start=\"5065\" data-end=\"5099\" data-col-size=\"md\">Forskningsforbindelse (RC+ blanding)<\/td>\n<\/tr>\n<tr data-start=\"5100\" data-end=\"5162\">\n<td data-start=\"5100\" data-end=\"5118\" data-col-size=\"sm\"><strong data-start=\"5102\" data-end=\"5117\">Formulering<\/strong><\/td>\n<td data-start=\"5118\" data-end=\"5162\" data-col-size=\"md\">Pr\u00e6cis laboratoriestandardblanding<\/td>\n<\/tr>\n<tr data-start=\"5163\" data-end=\"5227\">\n<td data-start=\"5163\" data-end=\"5178\" data-col-size=\"sm\"><strong data-start=\"5165\" data-end=\"5177\">Dosering<\/strong><\/td>\n<td data-start=\"5178\" data-end=\"5227\" data-col-size=\"md\">1 pellet = standardiseret forskningsdosis<\/td>\n<\/tr>\n<tr data-start=\"5228\" data-end=\"5269\">\n<td data-start=\"5228\" data-end=\"5246\" data-col-size=\"sm\"><strong data-start=\"5230\" data-end=\"5245\">M\u00e6ngde<\/strong><\/td>\n<td data-start=\"5246\" data-end=\"5269\" data-col-size=\"md\">3 pellets pr. pose<\/td>\n<\/tr>\n<tr data-start=\"5270\" data-end=\"5337\">\n<td data-start=\"5270\" data-end=\"5287\" data-col-size=\"sm\"><strong data-start=\"5272\" data-end=\"5286\">Emballage<\/strong><\/td>\n<td data-start=\"5287\" data-end=\"5337\" data-col-size=\"md\">Genlukkelig, fugtbestandig laboratoriepose<\/td>\n<\/tr>\n<tr data-start=\"5338\" data-end=\"5417\">\n<td data-start=\"5338\" data-end=\"5352\" data-col-size=\"sm\"><strong data-start=\"5340\" data-end=\"5351\">Brug<\/strong><\/td>\n<td data-start=\"5352\" data-end=\"5417\" data-col-size=\"md\">Kun til analytisk, retsmedicinsk og neurokemisk forskning<\/td>\n<\/tr>\n<tr data-start=\"5418\" data-end=\"5472\">\n<td data-start=\"5418\" data-end=\"5431\" data-col-size=\"sm\"><strong data-start=\"5420\" data-end=\"5430\">Opbevaring<\/strong><\/td>\n<td data-start=\"5431\" data-end=\"5472\" data-col-size=\"md\">Opbevares k\u00f8ligt, t\u00f8rt og m\u00f8rkt (2-8 \u00b0C)<\/td>\n<\/tr>\n<\/tbody>\n<\/table>\n<\/div>\n<\/div>\n<hr data-start=\"5474\" data-end=\"5477\" \/>\n<h3 data-start=\"5479\" data-end=\"5496\"><strong data-start=\"5483\" data-end=\"5496\">Fordele<\/strong><\/h3>\n<ul data-start=\"5498\" data-end=\"5871\">\n<li data-start=\"5498\" data-end=\"5582\">\n<p data-start=\"5500\" data-end=\"5582\"><strong data-start=\"5500\" data-end=\"5527\">H\u00f8j renhed (\u2265 98%)<\/strong> \u2013 Laboratoriekvalitet for p\u00e5lidelige resultater.<\/p>\n<\/li>\n<li data-start=\"5583\" data-end=\"5657\">\n<p data-start=\"5585\" data-end=\"5657\"><strong data-start=\"5585\" data-end=\"5616\">Standardiseret dosering<\/strong> \u2013 Hver pille vejes pr\u00e6cist.<\/p>\n<\/li>\n<li data-start=\"5658\" data-end=\"5721\">\n<p data-start=\"5660\" data-end=\"5721\"><strong data-start=\"5660\" data-end=\"5682\">Sikker emballage<\/strong> \u2013 Fugtafvisende genlukkelig pose.<\/p>\n<\/li>\n<li data-start=\"5722\" data-end=\"5800\">\n<p data-start=\"5724\" data-end=\"5800\"><strong data-start=\"5724\" data-end=\"5754\">Bredt forskningsm\u00e6ssigt anvendelig<\/strong> \u2013 Velegnet til GC\/MS, LC-MS, FTIR og HPLC.<\/p>\n<\/li>\n<li data-start=\"5801\" data-end=\"5871\">\n<p data-start=\"5803\" data-end=\"5871\"><strong data-start=\"5803\" data-end=\"5830\">Verificeret kvalitet<\/strong> \u2013 Hvert parti testes og kan spores.<\/p>\n<\/li>\n<\/ul>\n<hr data-start=\"5873\" data-end=\"5876\" \/>\n<h3 data-start=\"5878\" data-end=\"5930\"><strong data-start=\"5882\" data-end=\"5928\">Brug (kun til forskningsform\u00e5l)<\/strong><\/h3>\n<ol data-start=\"5932\" data-end=\"6269\">\n<li data-start=\"5932\" data-end=\"6001\">\n<p data-start=\"5935\" data-end=\"6001\"><strong data-start=\"5935\" data-end=\"5950\">H\u00e5ndtering:<\/strong> Brug handsker, sikkerhedsbriller og en laboratoriekittel.<\/p>\n<\/li>\n<li data-start=\"6002\" data-end=\"6064\">\n<p data-start=\"6005\" data-end=\"6064\"><strong data-start=\"6005\" data-end=\"6018\">M\u00e5linger:<\/strong> Bem\u00e6rk batchnummer, dosering og renhed.<\/p>\n<\/li>\n<li data-start=\"6065\" data-end=\"6119\">\n<p data-start=\"6068\" data-end=\"6119\"><strong data-start=\"6068\" data-end=\"6079\">Opbevaring:<\/strong> Opbevares k\u00f8ligt (2-8 \u00b0C), t\u00f8rt og m\u00f8rkt.<\/p>\n<\/li>\n<li data-start=\"6120\" data-end=\"6204\">\n<p data-start=\"6123\" data-end=\"6204\"><strong data-start=\"6123\" data-end=\"6135\">Analyse:<\/strong> Velegnet til kromatografi, spektroskopi og retsmedicinsk testning.<\/p>\n<\/li>\n<li data-start=\"6205\" data-end=\"6269\">\n<p data-start=\"6208\" data-end=\"6269\"><strong data-start=\"6208\" data-end=\"6225\">Dokumentation:<\/strong> Registrer resultater og analysemetoder.<\/p>\n<\/li>\n<\/ol>\n<hr data-start=\"6271\" data-end=\"6274\" \/>\n<h3 data-start=\"6276\" data-end=\"6311\"><strong data-start=\"6280\" data-end=\"6309\">Ofte stillede sp\u00f8rgsm\u00e5l (FAQ)<\/strong><\/h3>\n<p data-start=\"6313\" data-end=\"6438\"><strong data-start=\"6313\" data-end=\"6338\">1. Hvad er RC+ Promal?<\/strong><br data-start=\"6338\" data-end=\"6341\" \/>EN <strong data-start=\"6345\" data-end=\"6367\">forskningsforbindelse<\/strong> fra RC+ serien, designet til analytiske og retsmedicinske unders\u00f8gelser.<\/p>\n<p data-start=\"6440\" data-end=\"6551\"><strong data-start=\"6440\" data-end=\"6473\">2. Hvor rent er produktet?<\/strong><br data-start=\"6473\" data-end=\"6476\" \/>Hver batch har en <strong data-start=\"6497\" data-end=\"6521\">renhed p\u00e5 \u2265 98%<\/strong>, bekr\u00e6ftet ved HPLC og NMR.<\/p>\n<p data-start=\"6553\" data-end=\"6680\"><strong data-start=\"6553\" data-end=\"6590\">3. Hvordan leveres RC+ Promal?<\/strong><br data-start=\"6590\" data-end=\"6593\" \/>I en <strong data-start=\"6600\" data-end=\"6634\">genlukkelig laboratoriepose<\/strong> af <strong data-start=\"6639\" data-end=\"6677\">tre pr\u00e6cist doserede pellets<\/strong>.<\/p>","protected":false},"excerpt":{"rendered":"<p>Introductie RC+ Promal (3 pellets) is een laboratoriumklasse onderzoekscompound, geleverd in een hersluitbaar zakje met drie nauwkeurig gedoseerde pellets. Promal<\/p>","protected":false},"featured_media":21350,"comment_status":"closed","ping_status":"closed","template":"","meta":[],"product_brand":[82],"product_cat":[555],"product_tag":[326,864,209],"class_list":{"0":"post-24268","1":"product","2":"type-product","3":"status-publish","4":"has-post-thumbnail","6":"product_brand-research-chemical","7":"product_cat-b2b","8":"product_tag-nl","9":"product_tag-promal","10":"product_tag-promal-methallylescaline","12":"first","13":"instock","14":"taxable","15":"shipping-taxable","16":"purchasable","17":"product-type-variable"},"_links":{"self":[{"href":"https:\/\/researchchemicalhub.com\/da\/wp-json\/wp\/v2\/product\/24268","targetHints":{"allow":["GET"]}}],"collection":[{"href":"https:\/\/researchchemicalhub.com\/da\/wp-json\/wp\/v2\/product"}],"about":[{"href":"https:\/\/researchchemicalhub.com\/da\/wp-json\/wp\/v2\/types\/product"}],"replies":[{"embeddable":true,"href":"https:\/\/researchchemicalhub.com\/da\/wp-json\/wp\/v2\/comments?post=24268"}],"version-history":[{"count":4,"href":"https:\/\/researchchemicalhub.com\/da\/wp-json\/wp\/v2\/product\/24268\/revisions"}],"predecessor-version":[{"id":27815,"href":"https:\/\/researchchemicalhub.com\/da\/wp-json\/wp\/v2\/product\/24268\/revisions\/27815"}],"wp:featuredmedia":[{"embeddable":true,"href":"https:\/\/researchchemicalhub.com\/da\/wp-json\/wp\/v2\/media\/21350"}],"wp:attachment":[{"href":"https:\/\/researchchemicalhub.com\/da\/wp-json\/wp\/v2\/media?parent=24268"}],"wp:term":[{"taxonomy":"product_brand","embeddable":true,"href":"https:\/\/researchchemicalhub.com\/da\/wp-json\/wp\/v2\/product_brand?post=24268"},{"taxonomy":"product_cat","embeddable":true,"href":"https:\/\/researchchemicalhub.com\/da\/wp-json\/wp\/v2\/product_cat?post=24268"},{"taxonomy":"product_tag","embeddable":true,"href":"https:\/\/researchchemicalhub.com\/da\/wp-json\/wp\/v2\/product_tag?post=24268"}],"curies":[{"name":"wp","href":"https:\/\/api.w.org\/{rel}","templated":true}]}}