{"id":24200,"date":"2025-04-13T17:41:14","date_gmt":"2025-04-13T17:41:14","guid":{"rendered":"https:\/\/researchchemicalhub.com\/?post_type=product&#038;p=24200"},"modified":"2025-10-12T20:05:31","modified_gmt":"2025-10-12T20:05:31","slug":"1-stk-lsd-pose-med-3-traekpapir","status":"publish","type":"product","link":"https:\/\/researchchemicalhub.com\/da\/butik\/b2b\/1-stk-lsd-pose-med-3-traekpapir\/","title":{"rendered":"1P-LSD pose 3 tr\u00e6kpapir"},"content":{"rendered":"<h2 data-start=\"3787\" data-end=\"3813\"><strong data-start=\"3790\" data-end=\"3813\">Produktbeskrivelse<\/strong><\/h2>\n<p data-start=\"3815\" data-end=\"4065\"><strong data-start=\"3815\" data-end=\"3866\">1P-LSD (1-Propionyl-Lysergsyrediethylamid)<\/strong> er en <strong data-start=\"3874\" data-end=\"3917\">forskningsstof fra lysergamidklassen<\/strong>, relateret til LSD.<br data-start=\"3935\" data-end=\"3938\" \/>Det bruges til <strong data-start=\"3962\" data-end=\"4015\">analytisk, retsmedicinsk og neurokemisk forskning<\/strong> Ubehagelig <strong data-start=\"4021\" data-end=\"4062\">strukturelle og metaboliske egenskaber<\/strong>bestil lsd<\/p>\n<p data-start=\"4067\" data-end=\"4231\">Hver <strong data-start=\"4071\" data-end=\"4087\">1P-LSD-pose<\/strong> indeholder <strong data-start=\"4094\" data-end=\"4132\">3 omhyggeligt fremstillede tr\u00e6kpapir<\/strong>, produceret under kontrollerede forhold til <strong data-start=\"4186\" data-end=\"4216\">renhed og konsistens<\/strong> at garantere.<\/p>\n<p data-start=\"4233\" data-end=\"4369\">\u26a0\ufe0f <strong data-start=\"4236\" data-end=\"4247\">NB:<\/strong> Dette produkt er <strong data-start=\"4263\" data-end=\"4312\">kun beregnet til forskningsform\u00e5l<\/strong> og <strong data-start=\"4316\" data-end=\"4368\">ikke egnet til brug for mennesker eller dyr<\/strong>.<\/p>\n<hr data-start=\"4371\" data-end=\"4374\" \/>\n<h2 data-start=\"4376\" data-end=\"4406\"><strong data-start=\"4379\" data-end=\"4406\">N\u00f8glefunktioner<\/strong><\/h2>\n<ul data-start=\"4408\" data-end=\"4757\">\n<li data-start=\"4408\" data-end=\"4482\">\n<p data-start=\"4410\" data-end=\"4482\"><strong data-start=\"4410\" data-end=\"4430\">H\u00f8j renhed:<\/strong> Velegnet til analytisk og retsmedicinsk forskning.<\/p>\n<\/li>\n<li data-start=\"4483\" data-end=\"4553\">\n<p data-start=\"4485\" data-end=\"4553\"><strong data-start=\"4485\" data-end=\"4517\">Standardiserede blotters:<\/strong> Konsistent dosering pr. blotter.<\/p>\n<\/li>\n<li data-start=\"4554\" data-end=\"4612\">\n<p data-start=\"4556\" data-end=\"4612\"><strong data-start=\"4556\" data-end=\"4577\">Kemisk stabil:<\/strong> Velegnet til langtidsopbevaring.<\/p>\n<\/li>\n<li data-start=\"4613\" data-end=\"4671\">\n<p data-start=\"4615\" data-end=\"4671\"><strong data-start=\"4615\" data-end=\"4638\">Sikker emballage:<\/strong> Luftt\u00e6t og forseglet pose.<\/p>\n<\/li>\n<li data-start=\"4672\" data-end=\"4757\">\n<p data-start=\"4674\" data-end=\"4757\"><strong data-start=\"4674\" data-end=\"4701\">I overensstemmelse med EU-reglerne:<\/strong> Fremstillet i henhold til europ\u00e6iske sikkerhedsretningslinjer.<\/p>\n<\/li>\n<\/ul>\n<hr data-start=\"4759\" data-end=\"4762\" \/>\n<h2 data-start=\"4764\" data-end=\"4795\"><strong data-start=\"4767\" data-end=\"4795\">Fordele for forskning<\/strong><\/h2>\n<ul data-start=\"4797\" data-end=\"5044\">\n<li data-start=\"4797\" data-end=\"4865\">\n<p data-start=\"4799\" data-end=\"4865\">St\u00f8tter <strong data-start=\"4811\" data-end=\"4862\">udvikling af analytiske og retsmedicinske metoder<\/strong>.<\/p>\n<\/li>\n<li data-start=\"4866\" data-end=\"4923\">\n<p data-start=\"4868\" data-end=\"4923\">Velegnet til <strong data-start=\"4882\" data-end=\"4920\">neurokemisk og receptorforskning<\/strong>.<\/p>\n<\/li>\n<li data-start=\"4924\" data-end=\"4992\">\n<p data-start=\"4926\" data-end=\"4992\">Hj\u00e6lper med <strong data-start=\"4936\" data-end=\"4972\">strukturelle sammenligningsstudier<\/strong> af lysergamider.<\/p>\n<\/li>\n<li data-start=\"4993\" data-end=\"5044\">\n<p data-start=\"4995\" data-end=\"5044\">Tilbud <strong data-start=\"5001\" data-end=\"5041\">reproducerbare forskningsresultater<\/strong>bestil lsd<\/p>\n<\/li>\n<\/ul>\n<hr data-start=\"5046\" data-end=\"5049\" \/>\n<h2 data-start=\"5051\" data-end=\"5085\"><strong data-start=\"5054\" data-end=\"5085\">Brug (forskningskontekst)<\/strong><\/h2>\n<ol data-start=\"5087\" data-end=\"5304\">\n<li data-start=\"5087\" data-end=\"5132\">\n<p data-start=\"5090\" data-end=\"5132\">M\u00e5 kun anvendes i akkrediterede laboratorier.<\/p>\n<\/li>\n<li data-start=\"5133\" data-end=\"5193\">\n<p data-start=\"5136\" data-end=\"5193\">Brug handsker, sikkerhedsbriller og en laboratoriekittel.<\/p>\n<\/li>\n<li data-start=\"5194\" data-end=\"5241\">\n<p data-start=\"5197\" data-end=\"5241\">Opbevares k\u00f8ligt, t\u00f8rt og m\u00f8rkt (under 25 \u00b0C).<\/p>\n<\/li>\n<li data-start=\"5242\" data-end=\"5304\">\n<p data-start=\"5245\" data-end=\"5304\">Bortskaf rester i overensstemmelse med lokale sikkerhedsforskrifter.<\/p>\n<\/li>\n<\/ol>\n<blockquote data-start=\"5306\" data-end=\"5399\">\n<p data-start=\"5308\" data-end=\"5399\"><strong data-start=\"5308\" data-end=\"5319\">NB:<\/strong> <em data-start=\"5320\" data-end=\"5345\">1P-LSD pose 3 tr\u00e6kpapir<\/em> er <strong data-start=\"5349\" data-end=\"5398\">kun beregnet til forskningsform\u00e5l<\/strong>.<\/p>\n<\/blockquote>\n<hr data-start=\"5401\" data-end=\"5404\" \/>\n<h2 data-start=\"5406\" data-end=\"5440\"><strong data-start=\"5409\" data-end=\"5440\">Ofte stillede sp\u00f8rgsm\u00e5l (FAQ)<\/strong><\/h2>\n<p data-start=\"5442\" data-end=\"5578\"><strong data-start=\"5442\" data-end=\"5480\">1. Hvad bruges 1P-LSD til?<\/strong><br data-start=\"5480\" data-end=\"5483\" \/>1P-LSD bruges til <strong data-start=\"5510\" data-end=\"5548\">analytisk og retsmedicinsk forskning<\/strong> til lysergamforbindelser.<\/p>\n<p data-start=\"5580\" data-end=\"5695\"><strong data-start=\"5580\" data-end=\"5620\">2. Hvor mange tr\u00e6kpapir indeholder en pose?<\/strong><br data-start=\"5620\" data-end=\"5623\" \/>Hver pose indeholder <strong data-start=\"5639\" data-end=\"5653\">3 tr\u00e6kpapir<\/strong> med en standardiseret sammens\u00e6tning.<\/p>\n<p data-start=\"5697\" data-end=\"5822\"><strong data-start=\"5697\" data-end=\"5740\">3. Kan jeg k\u00f8be 1P-LSD som privatperson?<\/strong><br data-start=\"5740\" data-end=\"5743\" \/>Nej, dette produkt er kun tilg\u00e6ngeligt for <strong data-start=\"5787\" data-end=\"5821\">anerkendte forskningsinstitutioner<\/strong>.<\/p>","protected":false},"excerpt":{"rendered":"<p>Productbeschrijving 1P-LSD (1-Propionyl-Lysergic Acid Diethylamide) is een onderzoeksstof uit de lysergamideklasse, verwant aan LSD.Het wordt gebruikt voor analytisch, forensisch en<\/p>","protected":false},"featured_media":21263,"comment_status":"closed","ping_status":"closed","template":"","meta":[],"product_brand":[],"product_cat":[555],"product_tag":[774,326],"class_list":{"0":"post-24200","1":"product","2":"type-product","3":"status-publish","4":"has-post-thumbnail","6":"product_cat-b2b","7":"product_tag-lsd-bestellen","8":"product_tag-nl","10":"first","11":"instock","12":"taxable","13":"shipping-taxable","14":"purchasable","15":"product-type-variable"},"_links":{"self":[{"href":"https:\/\/researchchemicalhub.com\/da\/wp-json\/wp\/v2\/product\/24200","targetHints":{"allow":["GET"]}}],"collection":[{"href":"https:\/\/researchchemicalhub.com\/da\/wp-json\/wp\/v2\/product"}],"about":[{"href":"https:\/\/researchchemicalhub.com\/da\/wp-json\/wp\/v2\/types\/product"}],"replies":[{"embeddable":true,"href":"https:\/\/researchchemicalhub.com\/da\/wp-json\/wp\/v2\/comments?post=24200"}],"version-history":[{"count":4,"href":"https:\/\/researchchemicalhub.com\/da\/wp-json\/wp\/v2\/product\/24200\/revisions"}],"predecessor-version":[{"id":27833,"href":"https:\/\/researchchemicalhub.com\/da\/wp-json\/wp\/v2\/product\/24200\/revisions\/27833"}],"wp:featuredmedia":[{"embeddable":true,"href":"https:\/\/researchchemicalhub.com\/da\/wp-json\/wp\/v2\/media\/21263"}],"wp:attachment":[{"href":"https:\/\/researchchemicalhub.com\/da\/wp-json\/wp\/v2\/media?parent=24200"}],"wp:term":[{"taxonomy":"product_brand","embeddable":true,"href":"https:\/\/researchchemicalhub.com\/da\/wp-json\/wp\/v2\/product_brand?post=24200"},{"taxonomy":"product_cat","embeddable":true,"href":"https:\/\/researchchemicalhub.com\/da\/wp-json\/wp\/v2\/product_cat?post=24200"},{"taxonomy":"product_tag","embeddable":true,"href":"https:\/\/researchchemicalhub.com\/da\/wp-json\/wp\/v2\/product_tag?post=24200"}],"curies":[{"name":"wp","href":"https:\/\/api.w.org\/{rel}","templated":true}]}}