{"id":24192,"date":"2025-04-13T17:41:13","date_gmt":"2025-04-13T17:41:13","guid":{"rendered":"https:\/\/researchchemicalhub.com\/?post_type=product&#038;p=24192"},"modified":"2025-10-12T20:43:01","modified_gmt":"2025-10-12T20:43:01","slug":"3-fpm-kopen","status":"publish","type":"product","link":"https:\/\/researchchemicalhub.com\/da\/shop\/b2b\/3-fpm-kopen\/","title":{"rendered":"RC+ Fluor 3-FPM 50 mg \u00e6ske"},"content":{"rendered":"<h3 data-start=\"4920\" data-end=\"4939\"><strong data-start=\"4924\" data-end=\"4939\">Indledning<\/strong><\/h3>\n<p data-start=\"4940\" data-end=\"5222\">De <strong data-start=\"4943\" data-end=\"4971\">RC+ Fluor 3-FPM 50 mg \u00e6ske<\/strong> er en <strong data-start=\"4979\" data-end=\"5009\">forskningsstof med h\u00f8j renhed<\/strong> fra den <strong data-start=\"5017\" data-end=\"5054\">phenethylamin og stimulerende klasse<\/strong>Kemisk kendt som <strong data-start=\"5076\" data-end=\"5099\">3-Fluorophenmetrazin<\/strong>, er dette en <strong data-start=\"5112\" data-end=\"5153\">fluoreret variant af fenmetrazin<\/strong>, udviklet til <strong data-start=\"5171\" data-end=\"5219\">neurokemisk og psykostimulerende forskning<\/strong>. 3 fpm k\u00f8b<\/p>\n<p data-start=\"5224\" data-end=\"5556\">Takket v\u00e6re strukturen, effekten p\u00e5 <strong data-start=\"5263\" data-end=\"5302\">dopamin- og noradrenalin-genoptagelse<\/strong> studeres grundigt. Dette g\u00f8r det til et v\u00e6rdifuldt materiale for <strong data-start=\"5375\" data-end=\"5449\">adf\u00e6rdsneurovidenskab, farmakologisk forskning og analytisk kemi<\/strong>Hver 50 mg tablet er omhyggeligt fremstillet for maksimal <strong data-start=\"5509\" data-end=\"5555\">n\u00f8jagtighed, renhed og konsistens<\/strong>.<\/p>\n<hr data-start=\"5558\" data-end=\"5561\" \/>\n<h3 data-start=\"5563\" data-end=\"5594\"><strong data-start=\"5567\" data-end=\"5594\">N\u00f8glefunktioner<\/strong><\/h3>\n<ul data-start=\"5595\" data-end=\"6109\">\n<li data-start=\"5595\" data-end=\"5680\">\n<p data-start=\"5597\" data-end=\"5680\"><strong data-start=\"5597\" data-end=\"5623\">Analytisk kvalitet:<\/strong> Indeholder <strong data-start=\"5630\" data-end=\"5666\">50 mg 3-fluorophenmetrazin (3-FPM)<\/strong> pr. tablet.<\/p>\n<\/li>\n<li data-start=\"5681\" data-end=\"5763\">\n<p data-start=\"5683\" data-end=\"5763\"><strong data-start=\"5683\" data-end=\"5708\">Forskningsrenhed:<\/strong> Testet p\u00e5 <strong data-start=\"5719\" data-end=\"5760\">kemisk konsistens og stabilitet<\/strong>.<\/p>\n<\/li>\n<li data-start=\"5764\" data-end=\"5889\">\n<p data-start=\"5766\" data-end=\"5889\"><strong data-start=\"5766\" data-end=\"5799\">Professionel RC+ emballage:<\/strong> Leveret i <strong data-start=\"5812\" data-end=\"5849\">fugtt\u00e6tte, forseglede kasser<\/strong> med tydelige laboratorieetiketter.<\/p>\n<\/li>\n<li data-start=\"5890\" data-end=\"5982\">\n<p data-start=\"5892\" data-end=\"5982\"><strong data-start=\"5892\" data-end=\"5924\">Sporbar batchinformation:<\/strong> Hver batch indeholder <strong data-start=\"5942\" data-end=\"5979\">lotnumre og analysecertifikater<\/strong>.<\/p>\n<\/li>\n<li data-start=\"5983\" data-end=\"6109\">\n<p data-start=\"5985\" data-end=\"6109\"><strong data-start=\"5985\" data-end=\"6021\">P\u00e5lidelig reproducerbarhed:<\/strong> Designet til <strong data-start=\"6037\" data-end=\"6061\">ensartede resultater<\/strong> under kontrollerede laboratorieforhold.<\/p>\n<\/li>\n<\/ul>\n<hr data-start=\"6111\" data-end=\"6114\" \/>\n<h3 data-start=\"6116\" data-end=\"6133\"><strong data-start=\"6120\" data-end=\"6133\">Fordele<\/strong><\/h3>\n<ul data-start=\"6134\" data-end=\"6559\">\n<li data-start=\"6134\" data-end=\"6209\">\n<p data-start=\"6136\" data-end=\"6209\">Velegnet til <strong data-start=\"6150\" data-end=\"6177\">neurokemisk unders\u00f8gelse<\/strong> til stimulerende aktivitet.<\/p>\n<\/li>\n<li data-start=\"6210\" data-end=\"6299\">\n<p data-start=\"6212\" data-end=\"6299\">St\u00f8tter <strong data-start=\"6224\" data-end=\"6250\">sammenlignende analyser<\/strong> med phenmetrazin og lignende forbindelser.<\/p>\n<\/li>\n<li data-start=\"6300\" data-end=\"6380\">\n<p data-start=\"6302\" data-end=\"6380\">G\u00e6lder i <strong data-start=\"6316\" data-end=\"6351\">adf\u00e6rds- og kognitiv forskning<\/strong> til stimulerende mekanismer.<\/p>\n<\/li>\n<li data-start=\"6381\" data-end=\"6455\">\n<p data-start=\"6383\" data-end=\"6455\">Tilbud <strong data-start=\"6389\" data-end=\"6431\">stabile farmakologiske egenskaber<\/strong> til gentagen testning.<\/p>\n<\/li>\n<li data-start=\"6456\" data-end=\"6559\">\n<p data-start=\"6458\" data-end=\"6559\">Ideel til <strong data-start=\"6470\" data-end=\"6520\">akademisk, retsmedicinsk og analytisk forskning<\/strong> rettet mod <strong data-start=\"6532\" data-end=\"6556\">dopaminerge systemer<\/strong>. 3 fpm k\u00f8b<\/p>\n<\/li>\n<\/ul>\n<hr data-start=\"6561\" data-end=\"6564\" \/>\n<h3 data-start=\"6566\" data-end=\"6581\"><strong data-start=\"6570\" data-end=\"6581\">Brug<\/strong><\/h3>\n<p data-start=\"6582\" data-end=\"6706\">De <strong data-start=\"6585\" data-end=\"6613\">RC+ Fluor 3-FPM 50 mg \u00e6ske<\/strong> er udelukkende beregnet til <strong data-start=\"6642\" data-end=\"6680\">forsknings- og analyseapplikationer<\/strong>.<br data-start=\"6681\" data-end=\"6684\" \/>Forskere b\u00f8r:<\/p>\n<ul data-start=\"6707\" data-end=\"6979\">\n<li data-start=\"6707\" data-end=\"6784\">\n<p data-start=\"6709\" data-end=\"6784\">B\u00e6r beskyttelsest\u00f8j (<strong data-start=\"6741\" data-end=\"6780\">handsker, beskyttelsesbriller, laboratoriekittel<\/strong>).<\/p>\n<\/li>\n<li data-start=\"6785\" data-end=\"6857\">\n<p data-start=\"6787\" data-end=\"6857\">Skal opbevares under <strong data-start=\"6804\" data-end=\"6812\">25\u00b0C<\/strong> p\u00e5 en <strong data-start=\"6820\" data-end=\"6854\">k\u00f8ligt, t\u00f8rt og m\u00f8rkt sted<\/strong>.<\/p>\n<\/li>\n<li data-start=\"6858\" data-end=\"6913\">\n<p data-start=\"6860\" data-end=\"6913\">Kontakt med <strong data-start=\"6872\" data-end=\"6897\">lys, luft og fugt<\/strong> at undg\u00e5.<\/p>\n<\/li>\n<li data-start=\"6914\" data-end=\"6979\">\n<p data-start=\"6916\" data-end=\"6979\"><strong data-start=\"6916\" data-end=\"6950\">Kalibrerede m\u00e5leinstrumenter<\/strong> skal bruges til analyse.<\/p>\n<\/li>\n<\/ul>\n<hr data-start=\"6981\" data-end=\"6984\" \/>\n<h3 data-start=\"6986\" data-end=\"7015\"><strong data-start=\"6990\" data-end=\"7015\">Sikkerhedsoplysninger<\/strong><\/h3>\n<ul data-start=\"7016\" data-end=\"7225\">\n<li data-start=\"7016\" data-end=\"7056\">\n<p data-start=\"7018\" data-end=\"7056\">Kun til <strong data-start=\"7030\" data-end=\"7053\">laboratoriebrug<\/strong>.<\/p>\n<\/li>\n<li data-start=\"7057\" data-end=\"7110\">\n<p data-start=\"7059\" data-end=\"7110\"><strong data-start=\"7059\" data-end=\"7107\">Ikke til konsum af mennesker eller dyr<\/strong>.<\/p>\n<\/li>\n<li data-start=\"7111\" data-end=\"7167\">\n<p data-start=\"7113\" data-end=\"7167\">F\u00f8lg altid <strong data-start=\"7128\" data-end=\"7164\">standard sikkerhedsretningslinjer<\/strong>.<\/p>\n<\/li>\n<li data-start=\"7168\" data-end=\"7225\">\n<p data-start=\"7170\" data-end=\"7225\">Uden for r\u00e6kkevidde af <strong data-start=\"7188\" data-end=\"7215\">b\u00f8rn og uautoriserede personer<\/strong> at beholde.<\/p>\n<\/li>\n<\/ul>\n<hr data-start=\"7227\" data-end=\"7230\" \/>\n<h3 data-start=\"7232\" data-end=\"7265\"><strong data-start=\"7236\" data-end=\"7265\">Ofte stillede sp\u00f8rgsm\u00e5l (FAQ)<\/strong><\/h3>\n<p data-start=\"7267\" data-end=\"7465\"><strong data-start=\"7267\" data-end=\"7323\">1. Hvad bruges RC+ Fluor 3-FPM 50 mg \u00e6ske til?<\/strong><br data-start=\"7323\" data-end=\"7326\" \/>Det bruges til <strong data-start=\"7350\" data-end=\"7380\">videnskabelig forskning<\/strong> om effekten af stimulanter p\u00e5 dopamin- og noradrenalintransport\u00f8rer.<\/p>\n<p data-start=\"7467\" data-end=\"7660\"><strong data-start=\"7467\" data-end=\"7523\">2. Hvad er forskellen mellem 3-FPM og phenmetrazin?<\/strong><br data-start=\"7523\" data-end=\"7526\" \/>3-FPM indeholder en <strong data-start=\"7542\" data-end=\"7568\">fluoratomsubstitution<\/strong>, hvilket sikrer <strong data-start=\"7585\" data-end=\"7629\">\u00e6ndrede farmakologiske egenskaber<\/strong> sammenlignet med Phenmetrazine.<\/p>\n<p data-start=\"7662\" data-end=\"7834\"><strong data-start=\"7662\" data-end=\"7697\">3. Hvordan skal det opbevares?<\/strong><br data-start=\"7697\" data-end=\"7700\" \/>Spar p\u00e5 en <strong data-start=\"7714\" data-end=\"7748\">k\u00f8ligt, t\u00f8rt og m\u00f8rkt sted<\/strong>, helst i <strong data-start=\"7769\" data-end=\"7804\">original forseglet emballage<\/strong> at opretholde renhed.<\/p>\n<hr data-start=\"7836\" data-end=\"7839\" \/>\n<h3 data-start=\"7841\" data-end=\"7858\"><strong data-start=\"7845\" data-end=\"7858\">Konklusion<\/strong><\/h3>\n<p data-start=\"7859\" data-end=\"8185\">De <strong data-start=\"7862\" data-end=\"7890\">RC+ Fluor 3-FPM 50 mg \u00e6ske<\/strong> er en <strong data-start=\"7898\" data-end=\"7952\">p\u00e5lideligt valg for laboratorier og forskere<\/strong> som er bekymrede for <strong data-start=\"7978\" data-end=\"8042\">stimulerende farmakologisk og neurovidenskabelig forskning<\/strong>Takket v\u00e6re <strong data-start=\"8055\" data-end=\"8122\">h\u00f8j renhed, pr\u00e6cis dosering og sikker RC+ emballage<\/strong> tilbyder det <strong data-start=\"8133\" data-end=\"8184\">konsistente, reproducerbare forskningsresultater<\/strong>.<\/p>","protected":false},"excerpt":{"rendered":"<p>Introductie De RC+ Fluor 3-FPM 50mg Box is een hoogzuivere onderzoeksstof uit de fenethylamine- en stimulantklasse. Chemisch bekend als 3-Fluorfenmetrazine,<\/p>","protected":false},"featured_media":20535,"comment_status":"closed","ping_status":"closed","template":"","meta":[],"product_brand":[82],"product_cat":[555],"product_tag":[881,606,601,605,326],"class_list":{"0":"post-24192","1":"product","2":"type-product","3":"status-publish","4":"has-post-thumbnail","6":"product_brand-research-chemical","7":"product_cat-b2b","8":"product_tag-3-fpm-kopen","9":"product_tag-3-fluorophenmetrazine","10":"product_tag-3-fpm","11":"product_tag-3fpm","12":"product_tag-nl","14":"first","15":"instock","16":"taxable","17":"shipping-taxable","18":"purchasable","19":"product-type-variable"},"_links":{"self":[{"href":"https:\/\/researchchemicalhub.com\/da\/wp-json\/wp\/v2\/product\/24192","targetHints":{"allow":["GET"]}}],"collection":[{"href":"https:\/\/researchchemicalhub.com\/da\/wp-json\/wp\/v2\/product"}],"about":[{"href":"https:\/\/researchchemicalhub.com\/da\/wp-json\/wp\/v2\/types\/product"}],"replies":[{"embeddable":true,"href":"https:\/\/researchchemicalhub.com\/da\/wp-json\/wp\/v2\/comments?post=24192"}],"version-history":[{"count":4,"href":"https:\/\/researchchemicalhub.com\/da\/wp-json\/wp\/v2\/product\/24192\/revisions"}],"predecessor-version":[{"id":27845,"href":"https:\/\/researchchemicalhub.com\/da\/wp-json\/wp\/v2\/product\/24192\/revisions\/27845"}],"wp:featuredmedia":[{"embeddable":true,"href":"https:\/\/researchchemicalhub.com\/da\/wp-json\/wp\/v2\/media\/20535"}],"wp:attachment":[{"href":"https:\/\/researchchemicalhub.com\/da\/wp-json\/wp\/v2\/media?parent=24192"}],"wp:term":[{"taxonomy":"product_brand","embeddable":true,"href":"https:\/\/researchchemicalhub.com\/da\/wp-json\/wp\/v2\/product_brand?post=24192"},{"taxonomy":"product_cat","embeddable":true,"href":"https:\/\/researchchemicalhub.com\/da\/wp-json\/wp\/v2\/product_cat?post=24192"},{"taxonomy":"product_tag","embeddable":true,"href":"https:\/\/researchchemicalhub.com\/da\/wp-json\/wp\/v2\/product_tag?post=24192"}],"curies":[{"name":"wp","href":"https:\/\/api.w.org\/{rel}","templated":true}]}}