{"id":24186,"date":"2025-04-13T17:41:13","date_gmt":"2025-04-13T17:41:13","guid":{"rendered":"https:\/\/researchchemicalhub.com\/?post_type=product&#038;p=24186"},"modified":"2025-10-12T20:34:11","modified_gmt":"2025-10-12T20:34:11","slug":"rc-bromonordiazepam-25mg-box","status":"publish","type":"product","link":"https:\/\/researchchemicalhub.com\/da\/shop\/b2b\/rc-bromonordiazepam-25mg-box\/","title":{"rendered":"RC+ Bromonordiazepam 2,5 mg \u00e6ske"},"content":{"rendered":"<h2 data-start=\"3763\" data-end=\"3789\"><strong data-start=\"3766\" data-end=\"3789\">Produktbeskrivelse<\/strong><\/h2>\n<p data-start=\"3791\" data-end=\"4114\"><strong data-start=\"3791\" data-end=\"3825\">RC+ Bromonordiazepam 2,5 mg \u00e6ske<\/strong> indeholder <strong data-start=\"3832\" data-end=\"3864\">h\u00f8jrent bromonordiazepam<\/strong>, En <strong data-start=\"3870\" data-end=\"3897\">benzodiazepinderivat<\/strong> der bruges til <strong data-start=\"3922\" data-end=\"3975\">retsmedicinsk, analytisk og toksikologisk forskning<\/strong>.<br data-start=\"3976\" data-end=\"3979\" \/>Det er en del af <strong data-start=\"4005\" data-end=\"4028\">RC+ forskningsserie<\/strong>, kendt for <strong data-start=\"4040\" data-end=\"4111\">resultater af h\u00f8j kvalitet, reproducerbare resultater og produktion i overensstemmelse med EU-reglerne<\/strong>.<\/p>\n<p data-start=\"4116\" data-end=\"4277\">Hver \u00e6ske indeholder <strong data-start=\"4131\" data-end=\"4173\">2,5 mg pellets af forskningsrenhed<\/strong>, fremstillet under kontrollerede laboratorieforhold i henhold til europ\u00e6iske sikkerhedsretningslinjer.<\/p>\n<p data-start=\"4279\" data-end=\"4415\">\u26a0\ufe0f <strong data-start=\"4282\" data-end=\"4293\">NB:<\/strong> Dette produkt er <strong data-start=\"4309\" data-end=\"4358\">kun beregnet til forskningsform\u00e5l<\/strong> og <strong data-start=\"4362\" data-end=\"4414\">ikke egnet til brug for mennesker eller dyr<\/strong>.<\/p>\n<hr data-start=\"4417\" data-end=\"4420\" \/>\n<h2 data-start=\"4422\" data-end=\"4452\"><strong data-start=\"4425\" data-end=\"4452\">N\u00f8glefunktioner<\/strong><\/h2>\n<ul data-start=\"4454\" data-end=\"4837\">\n<li data-start=\"4454\" data-end=\"4527\">\n<p data-start=\"4456\" data-end=\"4527\"><strong data-start=\"4456\" data-end=\"4476\">H\u00f8j renhed:<\/strong> Velegnet til avanceret laboratorieforskning.<\/p>\n<\/li>\n<li data-start=\"4528\" data-end=\"4610\">\n<p data-start=\"4530\" data-end=\"4610\"><strong data-start=\"4530\" data-end=\"4562\">Standardiseret dosering:<\/strong> 2,5 mg pr. pellet for ensartede resultater.<\/p>\n<\/li>\n<li data-start=\"4611\" data-end=\"4684\">\n<p data-start=\"4613\" data-end=\"4684\"><strong data-start=\"4613\" data-end=\"4638\">Stabil formulering:<\/strong> Modstandsdygtig over for nedbrydning ved korrekt opbevaring.<\/p>\n<\/li>\n<li data-start=\"4685\" data-end=\"4756\">\n<p data-start=\"4687\" data-end=\"4756\"><strong data-start=\"4687\" data-end=\"4710\">Sikker emballage:<\/strong> Luftt\u00e6t og forseglet mod kontaminering.<\/p>\n<\/li>\n<li data-start=\"4757\" data-end=\"4837\">\n<p data-start=\"4759\" data-end=\"4837\"><strong data-start=\"4759\" data-end=\"4786\">I overensstemmelse med EU-reglerne:<\/strong> Fremstillet i henhold til europ\u00e6iske sikkerhedsstandarder.<\/p>\n<\/li>\n<\/ul>\n<hr data-start=\"4839\" data-end=\"4842\" \/>\n<h2 data-start=\"4844\" data-end=\"4878\"><strong data-start=\"4847\" data-end=\"4878\">Fordele for forskere<\/strong><\/h2>\n<ul data-start=\"4880\" data-end=\"5096\">\n<li data-start=\"4880\" data-end=\"4937\">\n<p data-start=\"4882\" data-end=\"4937\">Velegnet til <strong data-start=\"4896\" data-end=\"4934\">analytisk og retsmedicinsk forskning<\/strong>.<\/p>\n<\/li>\n<li data-start=\"4938\" data-end=\"4986\">\n<p data-start=\"4940\" data-end=\"4986\">St\u00f8tter <strong data-start=\"4952\" data-end=\"4983\">LC-MS, GC-MS og NMR-analyse<\/strong>.<\/p>\n<\/li>\n<li data-start=\"4987\" data-end=\"5039\">\n<p data-start=\"4989\" data-end=\"5039\">Tilbud <strong data-start=\"4995\" data-end=\"5036\">referencepr\u00f8ver af h\u00f8j kvalitet<\/strong>.<\/p>\n<\/li>\n<li data-start=\"5040\" data-end=\"5096\">\n<p data-start=\"5042\" data-end=\"5096\">S\u00f8rger for <strong data-start=\"5053\" data-end=\"5093\">reproducerbare forskningsresultater<\/strong>.<\/p>\n<\/li>\n<\/ul>\n<hr data-start=\"5098\" data-end=\"5101\" \/>\n<h2 data-start=\"5103\" data-end=\"5137\"><strong data-start=\"5106\" data-end=\"5137\">Brug (forskningskontekst)<\/strong><\/h2>\n<ol data-start=\"5139\" data-end=\"5356\">\n<li data-start=\"5139\" data-end=\"5184\">\n<p data-start=\"5142\" data-end=\"5184\">M\u00e5 kun anvendes i akkrediterede laboratorier.<\/p>\n<\/li>\n<li data-start=\"5185\" data-end=\"5245\">\n<p data-start=\"5188\" data-end=\"5245\">Brug handsker, sikkerhedsbriller og en laboratoriekittel.<\/p>\n<\/li>\n<li data-start=\"5246\" data-end=\"5293\">\n<p data-start=\"5249\" data-end=\"5293\">Opbevares k\u00f8ligt, t\u00f8rt og m\u00f8rkt (under 25 \u00b0C).<\/p>\n<\/li>\n<li data-start=\"5294\" data-end=\"5356\">\n<p data-start=\"5297\" data-end=\"5356\">Bortskaf rester i overensstemmelse med lokale sikkerhedsforskrifter.<\/p>\n<\/li>\n<\/ol>\n<blockquote data-start=\"5358\" data-end=\"5458\">\n<p data-start=\"5360\" data-end=\"5458\"><strong data-start=\"5360\" data-end=\"5371\">NB:<\/strong> <em data-start=\"5372\" data-end=\"5404\">RC+ Bromonordiazepam 2,5 mg \u00e6ske<\/em> er <strong data-start=\"5408\" data-end=\"5457\">kun beregnet til forskningsform\u00e5l<\/strong>.<\/p>\n<\/blockquote>\n<hr data-start=\"5460\" data-end=\"5463\" \/>\n<h2 data-start=\"5465\" data-end=\"5499\"><strong data-start=\"5468\" data-end=\"5499\">Ofte stillede sp\u00f8rgsm\u00e5l (FAQ)<\/strong><\/h2>\n<p data-start=\"5501\" data-end=\"5667\"><strong data-start=\"5501\" data-end=\"5553\">1. Hvad anvendes RC+ Bromonordiazepam til?<\/strong><br data-start=\"5553\" data-end=\"5556\" \/>RC+ Bromonordiazepam bruges til <strong data-start=\"5597\" data-end=\"5635\">analytisk og retsmedicinsk forskning<\/strong> til benzodiazepinanaloger.<\/p>\n<p data-start=\"5669\" data-end=\"5773\"><strong data-start=\"5669\" data-end=\"5698\">2. Hvor meget indeholder \u00e9n \u00e6ske?<\/strong><br data-start=\"5698\" data-end=\"5701\" \/>Hver \u00e6ske indeholder <strong data-start=\"5716\" data-end=\"5733\">2,5 mg pellets<\/strong> med standardiseret sammens\u00e6tning.<\/p>\n<p data-start=\"5775\" data-end=\"5916\"><strong data-start=\"5775\" data-end=\"5832\">3. Kan jeg k\u00f8be RC+ Bromonordiazepam som privatperson?<\/strong><br data-start=\"5832\" data-end=\"5835\" \/>Nej, dette produkt er kun tilg\u00e6ngeligt for <strong data-start=\"5879\" data-end=\"5913\">anerkendte forskningsinstitutioner<\/strong>.<\/p>\n<p><a href=\"https:\/\/researchchemicalhub.com\/da\/shop\/lysergamides\/1cp-lsd-150-mcg\/\"><span dir=\"auto\" style=\"vertical-align: inherit;\"><span dir=\"auto\" style=\"vertical-align: inherit;\">1cP-LSD 150 MCG Kunstpapirkugler <\/span><\/span><\/a><a href=\"https:\/\/researchchemicalhub.com\/da\/shop\/pellets\/o-dsmt-50mg-pellets\/\"><span dir=\"auto\" style=\"vertical-align: inherit;\"><span dir=\"auto\" style=\"vertical-align: inherit;\">O-DSMT 50 mg pellets <\/span><\/span><\/a><a href=\"https:\/\/researchchemicalhub.com\/da\/shop\/lysergamides\/1v-lsd-150-mcg-blotters\/\"><span dir=\"auto\" style=\"vertical-align: inherit;\"><span dir=\"auto\" style=\"vertical-align: inherit;\">1V-LSD 150 MCG Blotters <\/span><\/span><\/a><a href=\"https:\/\/researchchemicalhub.com\/da\/shop\/bijna-verboden\/6-cl-adba\/\"><span dir=\"auto\" style=\"vertical-align: inherit;\"><span dir=\"auto\" style=\"vertical-align: inherit;\">6-CL-ADBA <\/span><\/span><\/a><a href=\"https:\/\/researchchemicalhub.com\/da\/shop\/cathinonen\/2-cmc-kopen\/\"><span dir=\"auto\" style=\"vertical-align: inherit;\"><span dir=\"auto\" style=\"vertical-align: inherit;\">2-CMC 250 mg pellets<\/span><\/span><\/a><\/p>","protected":false},"excerpt":{"rendered":"<p>Productbeschrijving RC+ Bromonordiazepam 2,5mg Box bevat hoogzuivere Bromonordiazepam, een benzodiazepine-derivaat dat wordt gebruikt voor forensisch, analytisch en toxicologisch onderzoek.Het maakt<\/p>","protected":false},"featured_media":21253,"comment_status":"closed","ping_status":"closed","template":"","meta":[],"product_brand":[],"product_cat":[555],"product_tag":[185,326],"class_list":{"0":"post-24186","1":"product","2":"type-product","3":"status-publish","4":"has-post-thumbnail","6":"product_cat-b2b","7":"product_tag-bromonordiazepam","8":"product_tag-nl","10":"first","11":"instock","12":"taxable","13":"shipping-taxable","14":"purchasable","15":"product-type-variable"},"_links":{"self":[{"href":"https:\/\/researchchemicalhub.com\/da\/wp-json\/wp\/v2\/product\/24186","targetHints":{"allow":["GET"]}}],"collection":[{"href":"https:\/\/researchchemicalhub.com\/da\/wp-json\/wp\/v2\/product"}],"about":[{"href":"https:\/\/researchchemicalhub.com\/da\/wp-json\/wp\/v2\/types\/product"}],"replies":[{"embeddable":true,"href":"https:\/\/researchchemicalhub.com\/da\/wp-json\/wp\/v2\/comments?post=24186"}],"version-history":[{"count":4,"href":"https:\/\/researchchemicalhub.com\/da\/wp-json\/wp\/v2\/product\/24186\/revisions"}],"predecessor-version":[{"id":27840,"href":"https:\/\/researchchemicalhub.com\/da\/wp-json\/wp\/v2\/product\/24186\/revisions\/27840"}],"wp:featuredmedia":[{"embeddable":true,"href":"https:\/\/researchchemicalhub.com\/da\/wp-json\/wp\/v2\/media\/21253"}],"wp:attachment":[{"href":"https:\/\/researchchemicalhub.com\/da\/wp-json\/wp\/v2\/media?parent=24186"}],"wp:term":[{"taxonomy":"product_brand","embeddable":true,"href":"https:\/\/researchchemicalhub.com\/da\/wp-json\/wp\/v2\/product_brand?post=24186"},{"taxonomy":"product_cat","embeddable":true,"href":"https:\/\/researchchemicalhub.com\/da\/wp-json\/wp\/v2\/product_cat?post=24186"},{"taxonomy":"product_tag","embeddable":true,"href":"https:\/\/researchchemicalhub.com\/da\/wp-json\/wp\/v2\/product_tag?post=24186"}],"curies":[{"name":"wp","href":"https:\/\/api.w.org\/{rel}","templated":true}]}}