{"id":24185,"date":"2025-04-13T17:41:13","date_gmt":"2025-04-13T17:41:13","guid":{"rendered":"https:\/\/researchchemicalhub.com\/?post_type=product&#038;p=24185"},"modified":"2025-10-12T20:28:18","modified_gmt":"2025-10-12T20:28:18","slug":"flubrotizolam-half-life","status":"publish","type":"product","link":"https:\/\/researchchemicalhub.com\/da\/shop\/b2b\/flubrotizolam-half-life\/","title":{"rendered":"RC+ Flubrotizolam 0,5 MG \u00c6ske"},"content":{"rendered":"<h2 data-start=\"3808\" data-end=\"3834\"><strong data-start=\"3811\" data-end=\"3834\">Produktbeskrivelse<\/strong><\/h2>\n<p data-start=\"3836\" data-end=\"4166\"><strong data-start=\"3836\" data-end=\"3868\">RC+ Flubrotizolam 0,5 MG \u00c6ske<\/strong> indeholder <strong data-start=\"3875\" data-end=\"3904\">Flubrotizolam med h\u00f8j renhed<\/strong>, en forbindelse fra <strong data-start=\"3928\" data-end=\"3961\">thienotriazolodiazepin-klasse<\/strong>, udviklet til <strong data-start=\"3979\" data-end=\"4032\">toksikologisk, analytisk og retsmedicinsk forskning<\/strong>.<br data-start=\"4033\" data-end=\"4036\" \/>Det er en del af <strong data-start=\"4062\" data-end=\"4085\">RC+ forskningsserie<\/strong>, kendt for sine <strong data-start=\"4102\" data-end=\"4163\">standardiserede formuleringer og ensartet kvalitet<\/strong>.<\/p>\n<p data-start=\"4168\" data-end=\"4325\">Hver \u00e6ske indeholder <strong data-start=\"4183\" data-end=\"4225\">0,5 mg pellets af forskningsrenhed<\/strong>, produceret under kontrollerede laboratorieforhold i henhold til europ\u00e6iske sikkerhedsstandarder.<\/p>\n<p data-start=\"4327\" data-end=\"4463\">\u26a0\ufe0f <strong data-start=\"4330\" data-end=\"4341\">NB:<\/strong> Dette produkt er <strong data-start=\"4357\" data-end=\"4406\">kun beregnet til forskningsform\u00e5l<\/strong> og <strong data-start=\"4410\" data-end=\"4462\">ikke egnet til brug for mennesker eller dyr<\/strong>.<\/p>\n<hr data-start=\"4465\" data-end=\"4468\" \/>\n<h2 data-start=\"4470\" data-end=\"4500\"><strong data-start=\"4473\" data-end=\"4500\">N\u00f8glefunktioner<\/strong><\/h2>\n<ul data-start=\"4502\" data-end=\"4872\">\n<li data-start=\"4502\" data-end=\"4567\">\n<p data-start=\"4504\" data-end=\"4567\"><strong data-start=\"4504\" data-end=\"4524\">H\u00f8j renhed:<\/strong> Fremstillet efter laboratoriestandarder.<\/p>\n<\/li>\n<li data-start=\"4568\" data-end=\"4648\">\n<p data-start=\"4570\" data-end=\"4648\"><strong data-start=\"4570\" data-end=\"4602\">Standardiseret dosering:<\/strong> 0,5 mg pr. pellet for n\u00f8jagtig analyse.<\/p>\n<\/li>\n<li data-start=\"4649\" data-end=\"4714\">\n<p data-start=\"4651\" data-end=\"4714\"><strong data-start=\"4651\" data-end=\"4676\">Stabil formulering:<\/strong> Modstandsdygtig over for kemisk nedbrydning.<\/p>\n<\/li>\n<li data-start=\"4715\" data-end=\"4786\">\n<p data-start=\"4717\" data-end=\"4786\"><strong data-start=\"4717\" data-end=\"4740\">Sikker emballage:<\/strong> Luftt\u00e6t og forseglet mod kontaminering.<\/p>\n<\/li>\n<li data-start=\"4787\" data-end=\"4872\">\n<p data-start=\"4789\" data-end=\"4872\"><strong data-start=\"4789\" data-end=\"4816\">I overensstemmelse med EU-reglerne:<\/strong> Fremstillet i henhold til europ\u00e6iske sikkerhedsretningslinjer.<\/p>\n<\/li>\n<\/ul>\n<hr data-start=\"4874\" data-end=\"4877\" \/>\n<h2 data-start=\"4879\" data-end=\"4913\"><strong data-start=\"4882\" data-end=\"4913\">Fordele for forskere<\/strong><\/h2>\n<ul data-start=\"4915\" data-end=\"5186\">\n<li data-start=\"4915\" data-end=\"4975\">\n<p data-start=\"4917\" data-end=\"4975\">Velegnet til <strong data-start=\"4931\" data-end=\"4972\">retsmedicinsk og toksikologisk forskning<\/strong>.<\/p>\n<\/li>\n<li data-start=\"4976\" data-end=\"5049\">\n<p data-start=\"4978\" data-end=\"5049\">St\u00f8tter <strong data-start=\"4990\" data-end=\"5026\">udvikling af analytiske metoder<\/strong> (LC-MS, GC-MS, NMR).<\/p>\n<\/li>\n<li data-start=\"5050\" data-end=\"5114\">\n<p data-start=\"5052\" data-end=\"5114\">Tilbud <strong data-start=\"5058\" data-end=\"5080\">referencepr\u00f8ver<\/strong> til sammenligning og validering.<\/p>\n<\/li>\n<li data-start=\"5115\" data-end=\"5186\">\n<p data-start=\"5117\" data-end=\"5186\">S\u00f8rger for <strong data-start=\"5128\" data-end=\"5183\">reproducerbare og p\u00e5lidelige forskningsresultater<\/strong>.<\/p>\n<\/li>\n<\/ul>\n<hr data-start=\"5188\" data-end=\"5191\" \/>\n<h2 data-start=\"5193\" data-end=\"5227\"><strong data-start=\"5196\" data-end=\"5227\">Brug (forskningskontekst)<\/strong><\/h2>\n<ol data-start=\"5229\" data-end=\"5446\">\n<li data-start=\"5229\" data-end=\"5274\">\n<p data-start=\"5232\" data-end=\"5274\">M\u00e5 kun anvendes i akkrediterede laboratorier.<\/p>\n<\/li>\n<li data-start=\"5275\" data-end=\"5335\">\n<p data-start=\"5278\" data-end=\"5335\">Brug handsker, sikkerhedsbriller og en laboratoriekittel.<\/p>\n<\/li>\n<li data-start=\"5336\" data-end=\"5383\">\n<p data-start=\"5339\" data-end=\"5383\">Opbevares k\u00f8ligt, t\u00f8rt og m\u00f8rkt (under 25 \u00b0C).<\/p>\n<\/li>\n<li data-start=\"5384\" data-end=\"5446\">\n<p data-start=\"5387\" data-end=\"5446\">Bortskaf rester i overensstemmelse med lokale sikkerhedsforskrifter.<\/p>\n<\/li>\n<\/ol>\n<blockquote data-start=\"5448\" data-end=\"5546\">\n<p data-start=\"5450\" data-end=\"5546\"><strong data-start=\"5450\" data-end=\"5461\">NB:<\/strong> <em data-start=\"5462\" data-end=\"5492\">RC+ Flubrotizolam 0,5 MG \u00c6ske<\/em> er <strong data-start=\"5496\" data-end=\"5545\">kun beregnet til forskningsform\u00e5l<\/strong>.<\/p>\n<\/blockquote>\n<hr data-start=\"5548\" data-end=\"5551\" \/>\n<h2 data-start=\"5553\" data-end=\"5587\"><strong data-start=\"5556\" data-end=\"5587\">Ofte stillede sp\u00f8rgsm\u00e5l (FAQ)<\/strong><\/h2>\n<p data-start=\"5589\" data-end=\"5761\"><strong data-start=\"5589\" data-end=\"5638\">1. Hvad anvendes RC+ Flubrotizolam til?<\/strong><br data-start=\"5638\" data-end=\"5641\" \/>RC+ Flubrotizolam anvendes til <strong data-start=\"5679\" data-end=\"5717\">analytisk og retsmedicinsk forskning<\/strong> til thienotriazolodiazepinforbindelser.<\/p>\n<p data-start=\"5763\" data-end=\"5871\"><strong data-start=\"5763\" data-end=\"5792\">2. Hvor meget indeholder \u00e9n \u00e6ske?<\/strong><br data-start=\"5792\" data-end=\"5795\" \/>Hver \u00e6ske indeholder <strong data-start=\"5810\" data-end=\"5827\">0,5 mg pellets<\/strong> med en standardiseret sammens\u00e6tning.<\/p>\n<p data-start=\"5873\" data-end=\"6011\"><strong data-start=\"5873\" data-end=\"5927\">3. Kan jeg k\u00f8be RC+ Flubrotizolam som privatperson?<\/strong><br data-start=\"5927\" data-end=\"5930\" \/>Nej, dette produkt er kun tilg\u00e6ngeligt for <strong data-start=\"5974\" data-end=\"6008\">anerkendte forskningsinstitutioner<\/strong>.<\/p>","protected":false},"excerpt":{"rendered":"<p>Produktbeskrivelse RC+ Flubrotizolam 0,5 MG \u00c6ske indeholder flubrotizolam med h\u00f8j renhed, en forbindelse af thienotriazolodiazepinklassen, udviklet til toksikologisk, analytisk og retsmedicinsk brug.<\/p>","protected":false},"featured_media":21250,"comment_status":"closed","ping_status":"closed","template":"","meta":[],"product_brand":[82],"product_cat":[555],"product_tag":[150,153,154,151,152,155,326],"class_list":{"0":"post-24185","1":"product","2":"type-product","3":"status-publish","4":"has-post-thumbnail","6":"product_brand-research-chemical","7":"product_cat-b2b","8":"product_tag-flubrotizolam","9":"product_tag-flubrotizolam-dosage","10":"product_tag-flubrotizolam-ervaring","11":"product_tag-flubrotizolam-half-life","12":"product_tag-flubrotizolam-werking","13":"product_tag-flunitrazolam-bijwerkingen","14":"product_tag-nl","16":"first","17":"instock","18":"taxable","19":"shipping-taxable","20":"purchasable","21":"product-type-simple"},"_links":{"self":[{"href":"https:\/\/researchchemicalhub.com\/da\/wp-json\/wp\/v2\/product\/24185","targetHints":{"allow":["GET"]}}],"collection":[{"href":"https:\/\/researchchemicalhub.com\/da\/wp-json\/wp\/v2\/product"}],"about":[{"href":"https:\/\/researchchemicalhub.com\/da\/wp-json\/wp\/v2\/types\/product"}],"replies":[{"embeddable":true,"href":"https:\/\/researchchemicalhub.com\/da\/wp-json\/wp\/v2\/comments?post=24185"}],"version-history":[{"count":4,"href":"https:\/\/researchchemicalhub.com\/da\/wp-json\/wp\/v2\/product\/24185\/revisions"}],"predecessor-version":[{"id":27839,"href":"https:\/\/researchchemicalhub.com\/da\/wp-json\/wp\/v2\/product\/24185\/revisions\/27839"}],"wp:featuredmedia":[{"embeddable":true,"href":"https:\/\/researchchemicalhub.com\/da\/wp-json\/wp\/v2\/media\/21250"}],"wp:attachment":[{"href":"https:\/\/researchchemicalhub.com\/da\/wp-json\/wp\/v2\/media?parent=24185"}],"wp:term":[{"taxonomy":"product_brand","embeddable":true,"href":"https:\/\/researchchemicalhub.com\/da\/wp-json\/wp\/v2\/product_brand?post=24185"},{"taxonomy":"product_cat","embeddable":true,"href":"https:\/\/researchchemicalhub.com\/da\/wp-json\/wp\/v2\/product_cat?post=24185"},{"taxonomy":"product_tag","embeddable":true,"href":"https:\/\/researchchemicalhub.com\/da\/wp-json\/wp\/v2\/product_tag?post=24185"}],"curies":[{"name":"wp","href":"https:\/\/api.w.org\/{rel}","templated":true}]}}