{"id":24179,"date":"2025-04-13T17:41:13","date_gmt":"2025-04-13T17:41:13","guid":{"rendered":"https:\/\/researchchemicalhub.com\/?post_type=product&#038;p=24179"},"modified":"2025-10-12T20:18:57","modified_gmt":"2025-10-12T20:18:57","slug":"bromazolam-25mg-box","status":"publish","type":"product","link":"https:\/\/researchchemicalhub.com\/da\/shop\/b2b\/bromazolam-25mg-box\/","title":{"rendered":"RC+ Bromazolam 2,5 mg \u00e6ske"},"content":{"rendered":"<h2 data-start=\"3728\" data-end=\"3754\"><strong data-start=\"3731\" data-end=\"3754\">Produktbeskrivelse<\/strong><\/h2>\n<p data-start=\"3756\" data-end=\"4077\"><strong data-start=\"3756\" data-end=\"3784\">RC+ Bromazolam 2,5 mg \u00e6ske<\/strong> indeholder <strong data-start=\"3791\" data-end=\"3817\">h\u00f8jrent bromazolam<\/strong>, et benzodiazepinderivat, der anvendes til <strong data-start=\"3871\" data-end=\"3924\">toksikologisk, analytisk og retsmedicinsk forskning<\/strong>.<br data-start=\"3925\" data-end=\"3928\" \/>Det er en del af <strong data-start=\"3954\" data-end=\"3977\">RC+ forskningsserie<\/strong>, kendt for sine <strong data-start=\"3994\" data-end=\"4074\">laboratoriekvalitet, standardiseret dosering og ensartet ydeevne<\/strong>.<\/p>\n<p data-start=\"4079\" data-end=\"4241\">Hver \u00e6ske indeholder <strong data-start=\"4094\" data-end=\"4136\">2,5 mg pellets af forskningsrenhed<\/strong>, udviklet til <strong data-start=\"4154\" data-end=\"4197\">p\u00e5lidelige og reproducerbare analyser<\/strong> i kontrollerede laboratoriemilj\u00f8er.<\/p>\n<p data-start=\"4243\" data-end=\"4379\">\u26a0\ufe0f <strong data-start=\"4246\" data-end=\"4257\">NB:<\/strong> Dette produkt er <strong data-start=\"4273\" data-end=\"4322\">kun beregnet til forskningsform\u00e5l<\/strong> og <strong data-start=\"4326\" data-end=\"4378\">ikke egnet til brug for mennesker eller dyr<\/strong>.<\/p>\n<hr data-start=\"4381\" data-end=\"4384\" \/>\n<h2 data-start=\"4386\" data-end=\"4416\"><strong data-start=\"4389\" data-end=\"4416\">N\u00f8glefunktioner<\/strong><\/h2>\n<ul data-start=\"4418\" data-end=\"4783\">\n<li data-start=\"4418\" data-end=\"4483\">\n<p data-start=\"4420\" data-end=\"4483\"><strong data-start=\"4420\" data-end=\"4440\">H\u00f8j renhed:<\/strong> Fremstillet efter laboratoriestandarder.<\/p>\n<\/li>\n<li data-start=\"4484\" data-end=\"4566\">\n<p data-start=\"4486\" data-end=\"4566\"><strong data-start=\"4486\" data-end=\"4518\">Standardiseret dosering:<\/strong> 2,5 mg pr. pellet for n\u00f8jagtige resultater.<\/p>\n<\/li>\n<li data-start=\"4567\" data-end=\"4640\">\n<p data-start=\"4569\" data-end=\"4640\"><strong data-start=\"4569\" data-end=\"4594\">Stabil formulering:<\/strong> Modstandsdygtig over for nedbrydning ved korrekt opbevaring.<\/p>\n<\/li>\n<li data-start=\"4641\" data-end=\"4697\">\n<p data-start=\"4643\" data-end=\"4697\"><strong data-start=\"4643\" data-end=\"4666\">Sikker emballage:<\/strong> Forseglet og fugtbestandig.<\/p>\n<\/li>\n<li data-start=\"4698\" data-end=\"4783\">\n<p data-start=\"4700\" data-end=\"4783\"><strong data-start=\"4700\" data-end=\"4727\">I overensstemmelse med EU-reglerne:<\/strong> Fremstillet i henhold til europ\u00e6iske sikkerhedsretningslinjer.<\/p>\n<\/li>\n<\/ul>\n<hr data-start=\"4785\" data-end=\"4788\" \/>\n<h2 data-start=\"4790\" data-end=\"4824\"><strong data-start=\"4793\" data-end=\"4824\">Fordele for forskere<\/strong><\/h2>\n<ul data-start=\"4826\" data-end=\"5090\">\n<li data-start=\"4826\" data-end=\"4886\">\n<p data-start=\"4828\" data-end=\"4886\">Velegnet til <strong data-start=\"4842\" data-end=\"4883\">retsmedicinsk og toksikologisk forskning<\/strong>.<\/p>\n<\/li>\n<li data-start=\"4887\" data-end=\"4955\">\n<p data-start=\"4889\" data-end=\"4955\">St\u00f8tter <strong data-start=\"4901\" data-end=\"4937\">udvikling af analytiske metoder<\/strong> (LC-MS, GC-MS).<\/p>\n<\/li>\n<li data-start=\"4956\" data-end=\"5023\">\n<p data-start=\"4958\" data-end=\"5023\">Tjener som <strong data-start=\"4968\" data-end=\"4991\">referencestandard<\/strong> for benzodiazepinanaloger.<\/p>\n<\/li>\n<li data-start=\"5024\" data-end=\"5090\">\n<p data-start=\"5026\" data-end=\"5090\">Tilbud <strong data-start=\"5032\" data-end=\"5087\">reproducerbare og p\u00e5lidelige forskningsresultater<\/strong>.<\/p>\n<\/li>\n<\/ul>\n<hr data-start=\"5092\" data-end=\"5095\" \/>\n<h2 data-start=\"5097\" data-end=\"5131\"><strong data-start=\"5100\" data-end=\"5131\">Brug (forskningskontekst)<\/strong><\/h2>\n<ol data-start=\"5133\" data-end=\"5350\">\n<li data-start=\"5133\" data-end=\"5178\">\n<p data-start=\"5136\" data-end=\"5178\">M\u00e5 kun anvendes i akkrediterede laboratorier.<\/p>\n<\/li>\n<li data-start=\"5179\" data-end=\"5239\">\n<p data-start=\"5182\" data-end=\"5239\">Brug handsker, sikkerhedsbriller og en laboratoriekittel.<\/p>\n<\/li>\n<li data-start=\"5240\" data-end=\"5287\">\n<p data-start=\"5243\" data-end=\"5287\">Opbevares k\u00f8ligt, t\u00f8rt og m\u00f8rkt (under 25 \u00b0C).<\/p>\n<\/li>\n<li data-start=\"5288\" data-end=\"5350\">\n<p data-start=\"5291\" data-end=\"5350\">Bortskaf rester i overensstemmelse med lokale sikkerhedsforskrifter.<\/p>\n<\/li>\n<\/ol>\n<blockquote data-start=\"5352\" data-end=\"5446\">\n<p data-start=\"5354\" data-end=\"5446\"><strong data-start=\"5354\" data-end=\"5365\">NB:<\/strong> <em data-start=\"5366\" data-end=\"5392\">RC+ Bromazolam 2,5 mg \u00e6ske<\/em> er <strong data-start=\"5396\" data-end=\"5445\">kun beregnet til forskningsform\u00e5l<\/strong>.<\/p>\n<\/blockquote>\n<hr data-start=\"5448\" data-end=\"5451\" \/>\n<h2 data-start=\"5453\" data-end=\"5487\"><strong data-start=\"5456\" data-end=\"5487\">Ofte stillede sp\u00f8rgsm\u00e5l (FAQ)<\/strong><\/h2>\n<p data-start=\"5489\" data-end=\"5635\"><strong data-start=\"5489\" data-end=\"5535\">1. Hvad anvendes RC+ Bromazolam til?<\/strong><br data-start=\"5535\" data-end=\"5538\" \/>Det bruges til <strong data-start=\"5562\" data-end=\"5600\">analytisk og retsmedicinsk forskning<\/strong> til benzodiazepinforbindelser.<\/p>\n<p data-start=\"5637\" data-end=\"5745\"><strong data-start=\"5637\" data-end=\"5666\">2. Hvor meget indeholder \u00e9n \u00e6ske?<\/strong><br data-start=\"5666\" data-end=\"5669\" \/>Hver \u00e6ske indeholder <strong data-start=\"5684\" data-end=\"5701\">2,5 mg pellets<\/strong> med en standardiseret sammens\u00e6tning.<\/p>\n<p data-start=\"5747\" data-end=\"5882\"><strong data-start=\"5747\" data-end=\"5798\">3. Kan jeg k\u00f8be RC+ Bromazolam som privatperson?<\/strong><br data-start=\"5798\" data-end=\"5801\" \/>Nej, dette produkt er kun tilg\u00e6ngeligt for <strong data-start=\"5845\" data-end=\"5879\">anerkendte forskningsinstitutioner<\/strong>.<\/p>","protected":false},"excerpt":{"rendered":"<p>Produktbeskrivelse RC+ Bromazolam 2,5 mg \u00e6ske indeholder h\u00f8jrent bromazolam, et benzodiazepinderivat, der anvendes til toksikologisk, analytisk og retsmedicinsk forskning. Det g\u00f8r<\/p>","protected":false},"featured_media":21031,"comment_status":"closed","ping_status":"closed","template":"","meta":[],"product_brand":[82],"product_cat":[555],"product_tag":[174,183,184,176,175,178,177,180,326,179],"class_list":{"0":"post-24179","1":"product","2":"type-product","3":"status-publish","4":"has-post-thumbnail","6":"product_brand-research-chemical","7":"product_cat-b2b","8":"product_tag-bromazolam","9":"product_tag-bromazolam-bijwerkingen","10":"product_tag-bromazolam-dosing","11":"product_tag-bromazolam-ervaringen","12":"product_tag-bromazolam-kopen","13":"product_tag-bromazolam-na-drugs","14":"product_tag-bromazolam-psychonaut","15":"product_tag-hoe-lang-werkt-bromazolam","16":"product_tag-nl","17":"product_tag-wat-is-bromazolam","19":"first","20":"instock","21":"taxable","22":"shipping-taxable","23":"purchasable","24":"product-type-variable"},"_links":{"self":[{"href":"https:\/\/researchchemicalhub.com\/da\/wp-json\/wp\/v2\/product\/24179","targetHints":{"allow":["GET"]}}],"collection":[{"href":"https:\/\/researchchemicalhub.com\/da\/wp-json\/wp\/v2\/product"}],"about":[{"href":"https:\/\/researchchemicalhub.com\/da\/wp-json\/wp\/v2\/types\/product"}],"replies":[{"embeddable":true,"href":"https:\/\/researchchemicalhub.com\/da\/wp-json\/wp\/v2\/comments?post=24179"}],"version-history":[{"count":6,"href":"https:\/\/researchchemicalhub.com\/da\/wp-json\/wp\/v2\/product\/24179\/revisions"}],"predecessor-version":[{"id":27836,"href":"https:\/\/researchchemicalhub.com\/da\/wp-json\/wp\/v2\/product\/24179\/revisions\/27836"}],"wp:featuredmedia":[{"embeddable":true,"href":"https:\/\/researchchemicalhub.com\/da\/wp-json\/wp\/v2\/media\/21031"}],"wp:attachment":[{"href":"https:\/\/researchchemicalhub.com\/da\/wp-json\/wp\/v2\/media?parent=24179"}],"wp:term":[{"taxonomy":"product_brand","embeddable":true,"href":"https:\/\/researchchemicalhub.com\/da\/wp-json\/wp\/v2\/product_brand?post=24179"},{"taxonomy":"product_cat","embeddable":true,"href":"https:\/\/researchchemicalhub.com\/da\/wp-json\/wp\/v2\/product_cat?post=24179"},{"taxonomy":"product_tag","embeddable":true,"href":"https:\/\/researchchemicalhub.com\/da\/wp-json\/wp\/v2\/product_tag?post=24179"}],"curies":[{"name":"wp","href":"https:\/\/api.w.org\/{rel}","templated":true}]}}