{"id":24160,"date":"2025-04-13T17:41:09","date_gmt":"2025-04-13T17:41:09","guid":{"rendered":"https:\/\/researchchemicalhub.com\/?post_type=product&#038;p=24160"},"modified":"2025-10-12T21:06:39","modified_gmt":"2025-10-12T21:06:39","slug":"5-meo-mipt","status":"publish","type":"product","link":"https:\/\/researchchemicalhub.com\/da\/shop\/b2b\/5-meo-mipt\/","title":{"rendered":"Lyser\u00f8d mandala"},"content":{"rendered":"<h3 data-start=\"4546\" data-end=\"4565\"><strong data-start=\"4550\" data-end=\"4565\">Indledning<\/strong><\/h3>\n<p data-start=\"4566\" data-end=\"4965\">De <strong data-start=\"4569\" data-end=\"4585\">Lyser\u00f8d mandala<\/strong> st\u00e5r for <strong data-start=\"4597\" data-end=\"4665\">ubetinget k\u00e6rlighed, venlighed og f\u00f8lelsesm\u00e6ssig harmoni<\/strong>Mandalaer, der stammer fra oldtiden <strong data-start=\"4697\" data-end=\"4743\">Hinduistiske og buddhistiske traditioner<\/strong>, symboliserer <strong data-start=\"4758\" data-end=\"4794\">enhed, balance og universet<\/strong>De bl\u00f8de lyser\u00f8de toner i dette design fremkalder f\u00f8lelser af <strong data-start=\"4854\" data-end=\"4887\">k\u00e6rlighed, helbredelse og medf\u00f8lelse<\/strong>, hvilket g\u00f8r den perfekt til <strong data-start=\"4916\" data-end=\"4962\">egenomsorg, f\u00f8lelsesm\u00e6ssig balance og mindfulness<\/strong>5-meo-mipt<\/p>\n<p data-start=\"4967\" data-end=\"5114\">Uanset om du bruger det som <strong data-start=\"4992\" data-end=\"5050\">v\u00e6gdekoration, meditationskunst eller beroligende middel<\/strong>, den <strong data-start=\"5055\" data-end=\"5071\">Lyser\u00f8d mandala<\/strong> bringer varme og bl\u00f8dhed til ethvert rum.<\/p>\n<hr data-start=\"5116\" data-end=\"5119\" \/>\n<h3 data-start=\"5121\" data-end=\"5152\"><strong data-start=\"5125\" data-end=\"5152\">N\u00f8glefunktioner<\/strong><\/h3>\n<ul data-start=\"5153\" data-end=\"5714\">\n<li data-start=\"5153\" data-end=\"5265\">\n<p data-start=\"5155\" data-end=\"5265\"><strong data-start=\"5155\" data-end=\"5176\">Bl\u00f8d lyser\u00f8d palet:<\/strong> Designet i sarte farver, der udstr\u00e5ler k\u00e6rlighed, medf\u00f8lelse og feminin energi.<\/p>\n<\/li>\n<li data-start=\"5266\" data-end=\"5387\">\n<p data-start=\"5268\" data-end=\"5387\"><strong data-start=\"5268\" data-end=\"5295\">Hjertecentreret symbolik:<\/strong> Forbundet med <strong data-start=\"5316\" data-end=\"5340\">Hjertechakra (Anahata)<\/strong> \u2013 centrum for empati og f\u00f8lelsesm\u00e6ssig heling.<\/p>\n<\/li>\n<li data-start=\"5388\" data-end=\"5494\">\n<p data-start=\"5390\" data-end=\"5494\"><strong data-start=\"5390\" data-end=\"5409\">H\u00f8j kvalitet:<\/strong> Tilg\u00e6ngelig som <strong data-start=\"5427\" data-end=\"5459\">l\u00e6rred, gobelin eller plakat<\/strong> med slidst\u00e6rke, farve\u00e6gte tryk.<\/p>\n<\/li>\n<li data-start=\"5495\" data-end=\"5604\">\n<p data-start=\"5497\" data-end=\"5604\"><strong data-start=\"5497\" data-end=\"5519\">Hellig geometri:<\/strong> Balanceret og symmetrisk design, der fremmer indre ro og koncentration.<\/p>\n<\/li>\n<li data-start=\"5605\" data-end=\"5714\">\n<p data-start=\"5607\" data-end=\"5714\"><strong data-start=\"5607\" data-end=\"5630\">Alsidig brug:<\/strong> Perfekt til <strong data-start=\"5644\" data-end=\"5711\">boligindretning, yogastudier, terapirum eller meditationshj\u00f8rner<\/strong>.<\/p>\n<\/li>\n<\/ul>\n<hr data-start=\"5716\" data-end=\"5719\" \/>\n<h3 data-start=\"5721\" data-end=\"5738\"><strong data-start=\"5725\" data-end=\"5738\">Fordele<\/strong><\/h3>\n<ul data-start=\"5739\" data-end=\"6196\">\n<li data-start=\"5739\" data-end=\"5835\">\n<p data-start=\"5741\" data-end=\"5835\"><strong data-start=\"5741\" data-end=\"5775\">Fremmer k\u00e6rlighed og medf\u00f8lelse:<\/strong> \u00c5bner hjertet for selvk\u00e6rlighed og positive forbindelser.<\/p>\n<\/li>\n<li data-start=\"5836\" data-end=\"5926\">\n<p data-start=\"5838\" data-end=\"5926\"><strong data-start=\"5838\" data-end=\"5872\">Stimulerer f\u00f8lelsesm\u00e6ssig genopretning:<\/strong> De lyser\u00f8de toner bringer fred, tilgivelse og harmoni.<\/p>\n<\/li>\n<li data-start=\"5927\" data-end=\"6036\">\n<p data-start=\"5929\" data-end=\"6036\"><strong data-start=\"5929\" data-end=\"5957\">Underst\u00f8tter mindfulness:<\/strong> Ideel til meditation eller yoga for at berolige f\u00f8lelser og forbedre fokus.<\/p>\n<\/li>\n<li data-start=\"6037\" data-end=\"6113\">\n<p data-start=\"6039\" data-end=\"6113\"><strong data-start=\"6039\" data-end=\"6069\">Skaber en rolig atmosf\u00e6re:<\/strong> Bringer bl\u00f8dhed og varme til ethvert rum.<\/p>\n<\/li>\n<li data-start=\"6114\" data-end=\"6196\">\n<p data-start=\"6116\" data-end=\"6196\"><strong data-start=\"6116\" data-end=\"6142\">\u00d8ger positivitet:<\/strong> Fremmer en k\u00e6rlig og fredelig energi i hjemmet. 5-meo-mipt<\/p>\n<\/li>\n<\/ul>\n<hr data-start=\"6198\" data-end=\"6201\" \/>\n<h3 data-start=\"6203\" data-end=\"6218\"><strong data-start=\"6207\" data-end=\"6218\">Brug<\/strong><\/h3>\n<ol data-start=\"6219\" data-end=\"6637\">\n<li data-start=\"6219\" data-end=\"6335\">\n<p data-start=\"6222\" data-end=\"6335\"><strong data-start=\"6222\" data-end=\"6244\">Som v\u00e6gdekoration:<\/strong> H\u00e6ng op <strong data-start=\"6253\" data-end=\"6269\">Lyser\u00f8d mandala<\/strong> i sovev\u00e6relser, atelierer eller opholdsrum for en fredelig atmosf\u00e6re.<\/p>\n<\/li>\n<li data-start=\"6336\" data-end=\"6445\">\n<p data-start=\"6339\" data-end=\"6445\"><strong data-start=\"6339\" data-end=\"6358\">Til meditation:<\/strong> Fokuser dit blik p\u00e5 midten af mandalaen og tr\u00e6k vejret dybt for at forst\u00e6rke selvk\u00e6rligheden.<\/p>\n<\/li>\n<li data-start=\"6446\" data-end=\"6539\">\n<p data-start=\"6449\" data-end=\"6539\"><strong data-start=\"6449\" data-end=\"6466\">Under yoga:<\/strong> Brug mandalaen som et fokuspunkt for at stimulere f\u00f8lelsesm\u00e6ssig \u00e5benhed.<\/p>\n<\/li>\n<li data-start=\"6540\" data-end=\"6637\">\n<p data-start=\"6543\" data-end=\"6637\"><strong data-start=\"6543\" data-end=\"6558\">Som gave:<\/strong> En meningsfuld gave, der <strong data-start=\"6589\" data-end=\"6621\">k\u00e6rlighed, healing og forbindelse<\/strong> symboliserer.<\/p>\n<\/li>\n<\/ol>\n<hr data-start=\"6639\" data-end=\"6642\" \/>\n<h3 data-start=\"6644\" data-end=\"6677\"><strong data-start=\"6648\" data-end=\"6677\">Ofte stillede sp\u00f8rgsm\u00e5l (FAQ)<\/strong><\/h3>\n<p data-start=\"6679\" data-end=\"6835\"><strong data-start=\"6679\" data-end=\"6719\">1. Hvad symboliserer den lyser\u00f8de mandala?<\/strong><br data-start=\"6719\" data-end=\"6722\" \/>De <strong data-start=\"6725\" data-end=\"6741\">Lyser\u00f8d mandala<\/strong> symboliserer <strong data-start=\"6755\" data-end=\"6800\">k\u00e6rlighed, medf\u00f8lelse og f\u00f8lelsesm\u00e6ssig balance<\/strong>, og st\u00f8tter <strong data-start=\"6820\" data-end=\"6834\">Hjertechakra<\/strong>.<\/p>\n<p data-start=\"6837\" data-end=\"6979\"><strong data-start=\"6837\" data-end=\"6892\">2. Kan jeg bruge den lyser\u00f8de mandala til meditation?<\/strong><br data-start=\"6892\" data-end=\"6895\" \/>Ja, den er ideel til <strong data-start=\"6918\" data-end=\"6944\">hjertecentreret meditation<\/strong> at fremme fred og harmoni.<\/p>\n<p data-start=\"6981\" data-end=\"7138\"><strong data-start=\"6981\" data-end=\"7040\">3. Er den lyser\u00f8de mandala egnet til indretning?<\/strong><br data-start=\"7040\" data-end=\"7043\" \/>Helt sikkert. De bl\u00f8de lyser\u00f8de toner bringer <strong data-start=\"7085\" data-end=\"7122\">varme, bl\u00f8dhed og positivitet<\/strong> i alle rum.<\/p>\n<hr data-start=\"7140\" data-end=\"7143\" \/>\n<h3 data-start=\"7145\" data-end=\"7162\"><strong data-start=\"7149\" data-end=\"7162\">Konklusion<\/strong><\/h3>\n<p data-start=\"7163\" data-end=\"7528\">De <strong data-start=\"7166\" data-end=\"7182\">Lyser\u00f8d mandala<\/strong> er mere end et kunstv\u00e6rk \u2013 det er en <strong data-start=\"7222\" data-end=\"7283\">spirituelt symbol p\u00e5 k\u00e6rlighed, balance og indre fred<\/strong>Med sit bl\u00f8de farveskema og hellige geometri udstr\u00e5ler hun <strong data-start=\"7347\" data-end=\"7376\">varme, medf\u00f8lelse og fred<\/strong> ud. Perfekt til <strong data-start=\"7395\" data-end=\"7436\">meditation, yoga eller indretning<\/strong>, den <strong data-start=\"7441\" data-end=\"7457\">Lyser\u00f8d mandala<\/strong> bringer <strong data-start=\"7465\" data-end=\"7500\">harmoni og k\u00e6rlig energi<\/strong> i hvert \u00f8jeblik af dit liv.<\/p>","protected":false},"excerpt":{"rendered":"<p>Introductie De Pink Mandala staat voor onvoorwaardelijke liefde, vriendelijkheid en emotionele harmonie. Mandala\u2019s, afkomstig uit oude hindoe\u00efstische en boeddhistische tradities,<\/p>","protected":false},"featured_media":20942,"comment_status":"closed","ping_status":"closed","template":"","meta":[],"product_brand":[82],"product_cat":[555],"product_tag":[650,882,883,326],"class_list":{"0":"post-24160","1":"product","2":"type-product","3":"status-publish","4":"has-post-thumbnail","6":"product_brand-research-chemical","7":"product_cat-b2b","8":"product_tag-5-meo-mipt","9":"product_tag-5-meo-mipt-dosage","10":"product_tag-5-meo-mipt-ervaring","11":"product_tag-nl","13":"first","14":"instock","15":"taxable","16":"shipping-taxable","17":"purchasable","18":"product-type-variable"},"_links":{"self":[{"href":"https:\/\/researchchemicalhub.com\/da\/wp-json\/wp\/v2\/product\/24160","targetHints":{"allow":["GET"]}}],"collection":[{"href":"https:\/\/researchchemicalhub.com\/da\/wp-json\/wp\/v2\/product"}],"about":[{"href":"https:\/\/researchchemicalhub.com\/da\/wp-json\/wp\/v2\/types\/product"}],"replies":[{"embeddable":true,"href":"https:\/\/researchchemicalhub.com\/da\/wp-json\/wp\/v2\/comments?post=24160"}],"version-history":[{"count":4,"href":"https:\/\/researchchemicalhub.com\/da\/wp-json\/wp\/v2\/product\/24160\/revisions"}],"predecessor-version":[{"id":27850,"href":"https:\/\/researchchemicalhub.com\/da\/wp-json\/wp\/v2\/product\/24160\/revisions\/27850"}],"wp:featuredmedia":[{"embeddable":true,"href":"https:\/\/researchchemicalhub.com\/da\/wp-json\/wp\/v2\/media\/20942"}],"wp:attachment":[{"href":"https:\/\/researchchemicalhub.com\/da\/wp-json\/wp\/v2\/media?parent=24160"}],"wp:term":[{"taxonomy":"product_brand","embeddable":true,"href":"https:\/\/researchchemicalhub.com\/da\/wp-json\/wp\/v2\/product_brand?post=24160"},{"taxonomy":"product_cat","embeddable":true,"href":"https:\/\/researchchemicalhub.com\/da\/wp-json\/wp\/v2\/product_cat?post=24160"},{"taxonomy":"product_tag","embeddable":true,"href":"https:\/\/researchchemicalhub.com\/da\/wp-json\/wp\/v2\/product_tag?post=24160"}],"curies":[{"name":"wp","href":"https:\/\/api.w.org\/{rel}","templated":true}]}}