{"id":24119,"date":"2025-04-13T17:41:04","date_gmt":"2025-04-13T17:41:04","guid":{"rendered":"https:\/\/researchchemicalhub.com\/?post_type=product&#038;p=24119"},"modified":"2025-10-14T08:34:47","modified_gmt":"2025-10-14T08:34:47","slug":"rc-metocin-blister","status":"publish","type":"product","link":"https:\/\/researchchemicalhub.com\/da\/shop\/b2b\/rc-metocin-blister\/","title":{"rendered":"RC+ Metocin Blister"},"content":{"rendered":"<h3 data-start=\"5633\" data-end=\"5654\"><strong data-start=\"5637\" data-end=\"5652\">Indledning<\/strong><\/h3>\n<p data-start=\"5655\" data-end=\"6097\">De <strong data-start=\"5658\" data-end=\"5681\">RC+ Metocin Blister<\/strong> er en professionel forskningskemikalieformulering designet til laboratorie- og analytiske applikationer. Den indeholder <strong data-start=\"5803\" data-end=\"5878\">4-hydroxy-N-methyl-N-ethyltryptamin (4-HO-MET, ogs\u00e5 kendt som Metocin)<\/strong> i individuelt forseglede pellets. Disse er pakket i en blisterpakning (normalt 10 pellets) for at underst\u00f8tte dosisgendannelse, kontamineringskontrol og sporbar h\u00e5ndtering. metocin<\/p>\n<p data-start=\"6099\" data-end=\"6290\">4-HO-MET er en tryptaminforbindelse, der er besl\u00e6gtet med psilocin, og som unders\u00f8ges i farmakologien af serotoninreceptorer og psykoaktive stoffer.<\/p>\n<p data-start=\"6292\" data-end=\"6497\">Dette produkt er kun beregnet til brug <strong data-start=\"6332\" data-end=\"6346\">laboratoriebrug<\/strong> \u2014 for eksempel receptorbinding, analytisk kalibrering eller strukturaktivitetsstudier \u2014 og er <strong data-start=\"6444\" data-end=\"6496\">ikke egnet til brug for mennesker eller dyr<\/strong>.<\/p>\n<hr data-start=\"6499\" data-end=\"6502\" \/>\n<h3 data-start=\"6504\" data-end=\"6537\"><strong data-start=\"6508\" data-end=\"6535\">N\u00f8glefunktioner<\/strong><\/h3>\n<ul data-start=\"6538\" data-end=\"7152\">\n<li data-start=\"6538\" data-end=\"6592\">\n<p data-start=\"6540\" data-end=\"6592\"><strong data-start=\"6540\" data-end=\"6557\">Aktiv ingrediens:<\/strong> 4-HO-MET (Metocin) i pelletform<\/p>\n<\/li>\n<li data-start=\"6593\" data-end=\"6712\">\n<p data-start=\"6595\" data-end=\"6712\"><strong data-start=\"6595\" data-end=\"6619\">Dosering pr. pille:<\/strong> Om <strong data-start=\"6629\" data-end=\"6638\">21 mg<\/strong> (som angivet af leverand\u00f8rerne)<\/p>\n<\/li>\n<li data-start=\"6713\" data-end=\"6839\">\n<p data-start=\"6715\" data-end=\"6839\"><strong data-start=\"6715\" data-end=\"6743\">H\u00f8j renhed (\u2265 98 %)<\/strong>M\u00e6rket som forskningsmateriale med h\u00f8j renhed<\/p>\n<\/li>\n<li data-start=\"6840\" data-end=\"6931\">\n<p data-start=\"6842\" data-end=\"6931\"><strong data-start=\"6842\" data-end=\"6864\">Blisterpakning:<\/strong> Hver pellet er individuelt forseglet for at reducere kontaminering<\/p>\n<\/li>\n<li data-start=\"6932\" data-end=\"7070\">\n<p data-start=\"6934\" data-end=\"7070\"><strong data-start=\"6934\" data-end=\"6966\">Sporbarhed af batch og parti:<\/strong> Hver blister indeholder identifikationskoder til kvalitetskontrol<\/p>\n<\/li>\n<li data-start=\"7071\" data-end=\"7152\">\n<p data-start=\"7073\" data-end=\"7152\"><strong data-start=\"7073\" data-end=\"7097\">Kompakt og beskyttet:<\/strong> Emballage beskytter mod lys, fugt og nedbrydning<\/p>\n<\/li>\n<\/ul>\n<hr data-start=\"7154\" data-end=\"7157\" \/>\n<h3 data-start=\"7159\" data-end=\"7178\"><strong data-start=\"7163\" data-end=\"7176\">Fordele<\/strong><\/h3>\n<p data-start=\"7179\" data-end=\"7723\">\u2705 <strong data-start=\"7181\" data-end=\"7210\">Reproducerbar dosering:<\/strong> Hver pellet indeholder en ensartet, afm\u00e5lt m\u00e6ngde 4-HO-MET, hvilket reducerer variansen i eksperimenterne.<br data-start=\"7319\" data-end=\"7322\" \/>\u2705 <strong data-start=\"7324\" data-end=\"7351\">Forbedret stabilitet:<\/strong> Blisteremballage beskytter pr\u00f8vematerialet mod milj\u00f8faktorer.<br data-start=\"7423\" data-end=\"7426\" \/>\u2705 <strong data-start=\"7428\" data-end=\"7462\">Reduceret risiko for kontaminering:<\/strong> Individuel pelletforsegling begr\u00e6nser krydskontaminering.<br data-start=\"7517\" data-end=\"7520\" \/>\u2705 <strong data-start=\"7522\" data-end=\"7548\">Tidsbesparende format:<\/strong> Direkte brugbar uden kompleks pr\u00f8veforberedelse eller vejning.<br data-start=\"7610\" data-end=\"7613\" \/>\u2705 <strong data-start=\"7615\" data-end=\"7657\">Bedre dokumentation og sporbarhed:<\/strong> Batchkoder og pille-ID letter administration og revisioner.<\/p>\n<hr data-start=\"7725\" data-end=\"7728\" \/>\n<h3 data-start=\"7730\" data-end=\"7790\"><strong data-start=\"7734\" data-end=\"7788\">S\u00e5dan bruges den (kun til forskning\/analyse)<\/strong><\/h3>\n<blockquote data-start=\"7791\" data-end=\"7973\">\n<p data-start=\"7793\" data-end=\"7973\">\u26a0\ufe0f <strong data-start=\"7796\" data-end=\"7810\">Bem\u00e6rkning:<\/strong> Dette produkt er <strong data-start=\"7826\" data-end=\"7869\">IKKE til brug for mennesker eller dyr<\/strong>M\u00e5 kun anvendes under kontrollerede laboratorieforhold med korrekt sikkerhedsudstyr.<\/p>\n<\/blockquote>\n<ol data-start=\"7975\" data-end=\"9041\">\n<li data-start=\"7975\" data-end=\"8186\">\n<p data-start=\"7978\" data-end=\"8016\"><strong data-start=\"7978\" data-end=\"8014\">Unders\u00f8g blister og pellets<\/strong><\/p>\n<ul data-start=\"8020\" data-end=\"8186\">\n<li data-start=\"8020\" data-end=\"8069\">\n<p data-start=\"8022\" data-end=\"8069\">Kontroller, at blisterpakningen er intakt.<\/p>\n<\/li>\n<li data-start=\"8073\" data-end=\"8118\">\n<p data-start=\"8075\" data-end=\"8118\">Sammenlign lotnummeret med dokumentationen.<\/p>\n<\/li>\n<li data-start=\"8122\" data-end=\"8186\">\n<p data-start=\"8124\" data-end=\"8186\">Kontroller, at pellets er ubeskadigede og fri for misfarvning.<\/p>\n<\/li>\n<\/ul>\n<\/li>\n<li data-start=\"8188\" data-end=\"8357\">\n<p data-start=\"8191\" data-end=\"8212\"><strong data-start=\"8191\" data-end=\"8210\">Pelletudvinding<\/strong><\/p>\n<ul data-start=\"8216\" data-end=\"8357\">\n<li data-start=\"8216\" data-end=\"8309\">\n<p data-start=\"8218\" data-end=\"8309\">Klem forsigtigt en pellet ud af blisterrummet med sterile instrumenter eller handsker.<\/p>\n<\/li>\n<li data-start=\"8313\" data-end=\"8357\">\n<p data-start=\"8315\" data-end=\"8357\">Undg\u00e5 direkte kontakt med overfladen.<\/p>\n<\/li>\n<\/ul>\n<\/li>\n<li data-start=\"8359\" data-end=\"8559\">\n<p data-start=\"8362\" data-end=\"8391\"><strong data-start=\"8362\" data-end=\"8389\">L\u00f8s \/ Forbered<\/strong><\/p>\n<ul data-start=\"8395\" data-end=\"8559\">\n<li data-start=\"8395\" data-end=\"8486\">\n<p data-start=\"8397\" data-end=\"8486\">Opl\u00f8s eller suspender pelleten i et egnet opl\u00f8sningsmiddel (f.eks. buffer, ethanol, vand).<\/p>\n<\/li>\n<li data-start=\"8490\" data-end=\"8559\">\n<p data-start=\"8492\" data-end=\"8559\">Bland forsigtigt, indtil det er helt opl\u00f8st og j\u00e6vnt fordelt.<\/p>\n<\/li>\n<\/ul>\n<\/li>\n<li data-start=\"8561\" data-end=\"8795\">\n<p data-start=\"8564\" data-end=\"8594\"><strong data-start=\"8564\" data-end=\"8592\">Eksperimentel anvendelse<\/strong><\/p>\n<ul data-start=\"8598\" data-end=\"8795\">\n<li data-start=\"8598\" data-end=\"8716\">\n<p data-start=\"8600\" data-end=\"8716\">Brug den tilberedte opl\u00f8sning i kromatografi, bindingsassays, receptorstudier eller andre godkendte metoder.<\/p>\n<\/li>\n<li data-start=\"8720\" data-end=\"8795\">\n<p data-start=\"8722\" data-end=\"8795\">Registrer pellet-ID, koncentration, opl\u00f8sningsvolumen og alle relevante parametre.<\/p>\n<\/li>\n<\/ul>\n<\/li>\n<li data-start=\"8797\" data-end=\"9041\">\n<p data-start=\"8800\" data-end=\"8827\"><strong data-start=\"8800\" data-end=\"8825\">Opbevaring og fjernelse<\/strong><\/p>\n<ul data-start=\"8831\" data-end=\"9041\">\n<li data-start=\"8831\" data-end=\"8882\">\n<p data-start=\"8833\" data-end=\"8882\">Placer ubrugte pellets tilbage i blisterpakningen.<\/p>\n<\/li>\n<li data-start=\"8886\" data-end=\"8949\">\n<p data-start=\"8888\" data-end=\"8949\">Opbevares oprejst i en <strong data-start=\"8910\" data-end=\"8937\">k\u00f8ligt, m\u00f8rkt og t\u00f8rt<\/strong> milj\u00f8.<\/p>\n<\/li>\n<li data-start=\"8953\" data-end=\"9041\">\n<p data-start=\"8955\" data-end=\"9041\">Bortskaf brugte pellets, opl\u00f8sningsmidler og emballage i overensstemmelse med politikkerne for kemisk affald.<\/p>\n<\/li>\n<\/ul>\n<\/li>\n<\/ol>\n<hr data-start=\"9043\" data-end=\"9046\" \/>\n<h3 data-start=\"9048\" data-end=\"9083\"><strong data-start=\"9052\" data-end=\"9081\">Ofte stillede sp\u00f8rgsm\u00e5l (FAQ)<\/strong><\/h3>\n<p data-start=\"9085\" data-end=\"9354\"><strong data-start=\"9085\" data-end=\"9118\">1. Hvad er 4-HO-MET (Metocin)?<\/strong><br data-start=\"9118\" data-end=\"9121\" \/>4-HO-MET (4-hydroxy-N-methyl-N-ethyltryptamin), ogs\u00e5 kendt som Metocin, er en psykoaktiv tryptaminanalog relateret til psilocin, der anvendes i farmakologisk forskning af serotoninreceptorer.<\/p>\n<p data-start=\"9356\" data-end=\"9535\"><strong data-start=\"9356\" data-end=\"9413\">2. Hvor mange mg indeholder hver pellet i Metocin-blisteren?<\/strong><br data-start=\"9413\" data-end=\"9416\" \/>If\u00f8lge leverand\u00f8rens oplysninger indeholder hver pille ca. <strong data-start=\"9474\" data-end=\"9483\">21 mg<\/strong> 4-HO-MET.<\/p>\n<p data-start=\"9537\" data-end=\"9741\"><strong data-start=\"9537\" data-end=\"9619\">3. Kan RC+ Metocin Blister anvendes til mennesker eller dyr?<\/strong><br data-start=\"9619\" data-end=\"9622\" \/>Nej. Produktet er m\u00e6rket som <strong data-start=\"9655\" data-end=\"9680\">kun til forskning<\/strong>, og er <strong data-start=\"9688\" data-end=\"9704\">ikke beregnet<\/strong> til brug hos mennesker eller dyr.<\/p>\n<p>&nbsp;<\/p>","protected":false},"excerpt":{"rendered":"<p><span style=\"vertical-align: inherit;\"><span style=\"vertical-align: inherit;\"><span dir=\"auto\" style=\"vertical-align: inherit;\"><span dir=\"auto\" style=\"vertical-align: inherit;\"><span dir=\"auto\" style=\"vertical-align: inherit;\"><span dir=\"auto\" style=\"vertical-align: inherit;\">CAS-nummer: 77872-41-4 <\/span><\/span><\/span><\/span><\/span><\/span><br \/>\n<span style=\"vertical-align: inherit;\"><span style=\"vertical-align: inherit;\"><span dir=\"auto\" style=\"vertical-align: inherit;\"><span dir=\"auto\" style=\"vertical-align: inherit;\"><span dir=\"auto\" style=\"vertical-align: inherit;\"><span dir=\"auto\" style=\"vertical-align: inherit;\">Formel: C13H18N2O <\/span><\/span><\/span><\/span><\/span><\/span><br \/>\n<span style=\"vertical-align: inherit;\"><span style=\"vertical-align: inherit;\"><span dir=\"auto\" style=\"vertical-align: inherit;\"><span dir=\"auto\" style=\"vertical-align: inherit;\"><span dir=\"auto\" style=\"vertical-align: inherit;\"><span dir=\"auto\" style=\"vertical-align: inherit;\">Mol\u00e6r masse: 218,3 g\/mol <\/span><\/span><\/span><\/span><\/span><\/span><br \/>\n<span style=\"vertical-align: inherit;\"><span style=\"vertical-align: inherit;\"><span dir=\"auto\" style=\"vertical-align: inherit;\"><span dir=\"auto\" style=\"vertical-align: inherit;\"><span dir=\"auto\" style=\"vertical-align: inherit;\"><span dir=\"auto\" style=\"vertical-align: inherit;\">Renhed: \u226598%<\/span><\/span><\/span><\/span><\/span><\/span><\/p>","protected":false},"featured_media":21164,"comment_status":"closed","ping_status":"closed","template":"","meta":[],"product_brand":[],"product_cat":[555],"product_tag":[636,635,326],"class_list":{"0":"post-24119","1":"product","2":"type-product","3":"status-publish","4":"has-post-thumbnail","6":"product_cat-b2b","7":"product_tag-metocin","8":"product_tag-metocin-kopen","9":"product_tag-nl","11":"first","12":"instock","13":"taxable","14":"shipping-taxable","15":"purchasable","16":"product-type-variable"},"_links":{"self":[{"href":"https:\/\/researchchemicalhub.com\/da\/wp-json\/wp\/v2\/product\/24119","targetHints":{"allow":["GET"]}}],"collection":[{"href":"https:\/\/researchchemicalhub.com\/da\/wp-json\/wp\/v2\/product"}],"about":[{"href":"https:\/\/researchchemicalhub.com\/da\/wp-json\/wp\/v2\/types\/product"}],"replies":[{"embeddable":true,"href":"https:\/\/researchchemicalhub.com\/da\/wp-json\/wp\/v2\/comments?post=24119"}],"version-history":[{"count":5,"href":"https:\/\/researchchemicalhub.com\/da\/wp-json\/wp\/v2\/product\/24119\/revisions"}],"predecessor-version":[{"id":26511,"href":"https:\/\/researchchemicalhub.com\/da\/wp-json\/wp\/v2\/product\/24119\/revisions\/26511"}],"wp:featuredmedia":[{"embeddable":true,"href":"https:\/\/researchchemicalhub.com\/da\/wp-json\/wp\/v2\/media\/21164"}],"wp:attachment":[{"href":"https:\/\/researchchemicalhub.com\/da\/wp-json\/wp\/v2\/media?parent=24119"}],"wp:term":[{"taxonomy":"product_brand","embeddable":true,"href":"https:\/\/researchchemicalhub.com\/da\/wp-json\/wp\/v2\/product_brand?post=24119"},{"taxonomy":"product_cat","embeddable":true,"href":"https:\/\/researchchemicalhub.com\/da\/wp-json\/wp\/v2\/product_cat?post=24119"},{"taxonomy":"product_tag","embeddable":true,"href":"https:\/\/researchchemicalhub.com\/da\/wp-json\/wp\/v2\/product_tag?post=24119"}],"curies":[{"name":"wp","href":"https:\/\/api.w.org\/{rel}","templated":true}]}}