{"id":23860,"date":"2025-04-13T17:40:35","date_gmt":"2025-04-13T17:40:35","guid":{"rendered":"https:\/\/researchchemicalhub.com\/?post_type=product&#038;p=23860"},"modified":"2025-10-30T08:03:16","modified_gmt":"2025-10-30T08:03:16","slug":"kob-3fmc","status":"publish","type":"product","link":"https:\/\/researchchemicalhub.com\/da\/butik\/3-fmc\/kob-3fmc\/","title":{"rendered":"3-FMC (3-Fluormethcathinon)"},"content":{"rendered":"<p data-start=\"6228\" data-end=\"6589\"><strong data-start=\"6228\" data-end=\"6261\">3-FMC (3-Fluormethcathinon)<\/strong> er en <strong data-start=\"6269\" data-end=\"6326\">stimulerende forskningsmateriale af analytisk kvalitet<\/strong>, der tilh\u00f8rer <strong data-start=\"6344\" data-end=\"6363\">katinonklasse<\/strong>.<br data-start=\"6364\" data-end=\"6367\" \/>Det er strukturelt relateret til <strong data-start=\"6398\" data-end=\"6415\">methcathinon<\/strong> og andre <strong data-start=\"6426\" data-end=\"6457\">substituerede amfetaminer<\/strong>, straks <strong data-start=\"6467\" data-end=\"6506\">fluorsubstitution i 3-positionen<\/strong> af phenylringen, hvilket p\u00e5virker dens kemiske og fysiske egenskaber. K\u00f8b 3fmc<\/p>\n<p data-start=\"6591\" data-end=\"6914\">Denne forbindelse er meget anvendt i <strong data-start=\"6630\" data-end=\"6678\">retsmedicinsk, analytisk og kemisk forskning<\/strong> for <strong data-start=\"6684\" data-end=\"6716\">kromatografisk kalibrering<\/strong>, <strong data-start=\"6718\" data-end=\"6745\">toksikologisk forskning<\/strong>, og <strong data-start=\"6750\" data-end=\"6774\">strukturelle analyser<\/strong>.<br data-start=\"6775\" data-end=\"6778\" \/>Produceret under <strong data-start=\"6797\" data-end=\"6831\">God laboratoriepraksis (GLP)<\/strong>-retningslinjer, det giver en <strong data-start=\"6859\" data-end=\"6882\">renhed p\u00e5 \u226599%<\/strong> og fremragende <strong data-start=\"6898\" data-end=\"6913\">stabilitet<\/strong>.<\/p>\n<blockquote data-start=\"6916\" data-end=\"7060\">\n<p data-start=\"6918\" data-end=\"7060\">\u26a0\ufe0f <strong data-start=\"6921\" data-end=\"6932\">NB:<\/strong> Dette produkt er <strong data-start=\"6948\" data-end=\"6998\">kun beregnet til laboratorieforskning<\/strong> og <strong data-start=\"7002\" data-end=\"7059\">ikke egnet til menneskelig eller animalsk konsum<\/strong>.<\/p>\n<\/blockquote>\n<hr data-start=\"7062\" data-end=\"7065\" \/>\n<h3 data-start=\"7067\" data-end=\"7098\"><strong data-start=\"7071\" data-end=\"7098\">N\u00f8glefunktioner<\/strong><\/h3>\n<ul data-start=\"7100\" data-end=\"7569\">\n<li data-start=\"7100\" data-end=\"7171\">\n<p data-start=\"7102\" data-end=\"7171\"><strong data-start=\"7102\" data-end=\"7134\">H\u00f8j analytisk renhed:<\/strong> \u226599%, bekr\u00e6ftet ved HPLC og GC-MS.<\/p>\n<\/li>\n<li data-start=\"7172\" data-end=\"7272\">\n<p data-start=\"7174\" data-end=\"7272\"><strong data-start=\"7174\" data-end=\"7209\">Struktur af fluoreret cathinon:<\/strong> Fluoratomet i 3-stillingen giver \u00f8get stabilitet.<\/p>\n<\/li>\n<li data-start=\"7273\" data-end=\"7344\">\n<p data-start=\"7275\" data-end=\"7344\"><strong data-start=\"7275\" data-end=\"7293\">GLP-produktion:<\/strong> Fremstillet efter strenge laboratoriestandarder.<\/p>\n<\/li>\n<li data-start=\"7345\" data-end=\"7422\">\n<p data-start=\"7347\" data-end=\"7422\"><strong data-start=\"7347\" data-end=\"7364\">Batchtestet:<\/strong> Hvert parti blev kontrolleret for identitet og konsistens.<\/p>\n<\/li>\n<li data-start=\"7423\" data-end=\"7489\">\n<p data-start=\"7425\" data-end=\"7489\"><strong data-start=\"7425\" data-end=\"7446\">Kemisk stabil:<\/strong> Modstandsdygtig over for nedbrydning ved korrekt opbevaring.<\/p>\n<\/li>\n<li data-start=\"7490\" data-end=\"7569\">\n<p data-start=\"7492\" data-end=\"7569\"><strong data-start=\"7492\" data-end=\"7515\">Sikker emballage:<\/strong> Luftt\u00e6t og forseglet for maksimal holdbarhed. K\u00f8b 3fmc<\/p>\n<\/li>\n<\/ul>\n<hr data-start=\"7571\" data-end=\"7574\" \/>\n<h3 data-start=\"7576\" data-end=\"7593\"><strong data-start=\"7580\" data-end=\"7593\">Fordele<\/strong><\/h3>\n<ol data-start=\"7595\" data-end=\"8051\">\n<li data-start=\"7595\" data-end=\"7686\">\n<p data-start=\"7598\" data-end=\"7686\"><strong data-start=\"7598\" data-end=\"7635\">P\u00e5lidelige forskningsresultater:<\/strong> H\u00f8j renhed sikrer reproducerbare data.<\/p>\n<\/li>\n<li data-start=\"7687\" data-end=\"7788\">\n<p data-start=\"7690\" data-end=\"7788\"><strong data-start=\"7690\" data-end=\"7710\">Bredt anvendelig:<\/strong> Velegnet til <strong data-start=\"7725\" data-end=\"7785\">kromatografi, spektroskopi og toksikologisk forskning<\/strong>.<\/p>\n<\/li>\n<li data-start=\"7789\" data-end=\"7858\">\n<p data-start=\"7792\" data-end=\"7858\"><strong data-start=\"7792\" data-end=\"7826\">Stabil og langvarig:<\/strong> Modstandsdygtig over for lys og fugt.<\/p>\n<\/li>\n<li data-start=\"7859\" data-end=\"7958\">\n<p data-start=\"7862\" data-end=\"7958\"><strong data-start=\"7862\" data-end=\"7885\">Retsmedicinsk v\u00e6rdi:<\/strong> Brugt som <strong data-start=\"7905\" data-end=\"7928\">referencestandard<\/strong> i toksikologisk forskning.<\/p>\n<\/li>\n<li data-start=\"7959\" data-end=\"8051\">\n<p data-start=\"7962\" data-end=\"8051\"><strong data-start=\"7962\" data-end=\"7990\">Professionel kvalitet:<\/strong> Velegnet til videnskabelige og forskningsinstitutioner.<\/p>\n<\/li>\n<\/ol>\n<hr data-start=\"8053\" data-end=\"8056\" \/>\n<h3 data-start=\"8058\" data-end=\"8097\"><strong data-start=\"8062\" data-end=\"8097\">Brug (kun til forskning)<\/strong><\/h3>\n<ol data-start=\"8099\" data-end=\"8538\">\n<li data-start=\"8099\" data-end=\"8186\">\n<p data-start=\"8102\" data-end=\"8186\"><strong data-start=\"8102\" data-end=\"8133\">Brug beskyttelsest\u00f8j:<\/strong> Handsker, sikkerhedsbriller og laboratoriekittel p\u00e5kr\u00e6vet.<\/p>\n<\/li>\n<li data-start=\"8187\" data-end=\"8273\">\n<p data-start=\"8190\" data-end=\"8273\"><strong data-start=\"8190\" data-end=\"8229\">Brug i kontrolleret milj\u00f8:<\/strong> Undg\u00e5 eksponering for luft eller lys.<\/p>\n<\/li>\n<li data-start=\"8274\" data-end=\"8355\">\n<p data-start=\"8277\" data-end=\"8355\"><strong data-start=\"8277\" data-end=\"8314\">Brug kalibreret udstyr:<\/strong> Til pr\u00e6cise m\u00e5linger og vejninger.<\/p>\n<\/li>\n<li data-start=\"8356\" data-end=\"8446\">\n<p data-start=\"8359\" data-end=\"8446\"><strong data-start=\"8359\" data-end=\"8386\">Bem\u00e6rk batchoplysninger:<\/strong> Registrer batchnummer, renhed og forskningsdata.<\/p>\n<\/li>\n<li data-start=\"8447\" data-end=\"8538\">\n<p data-start=\"8450\" data-end=\"8538\"><strong data-start=\"8450\" data-end=\"8483\">Bortskaf affald sikkert:<\/strong> F\u00f8lg laboratoriets sikkerhedsretningslinjer.<\/p>\n<\/li>\n<\/ol>\n<blockquote data-start=\"8540\" data-end=\"8625\">\n<p data-start=\"8542\" data-end=\"8625\">\u2697\ufe0f <strong data-start=\"8545\" data-end=\"8625\">Kun til laboratorietest \u2013 ikke til konsum.<\/strong><\/p>\n<\/blockquote>\n<hr data-start=\"8627\" data-end=\"8630\" \/>\n<h3 data-start=\"8632\" data-end=\"8657\"><strong data-start=\"8636\" data-end=\"8657\">Opbevaringsinstruktioner<\/strong><\/h3>\n<ul data-start=\"8659\" data-end=\"8844\">\n<li data-start=\"8659\" data-end=\"8701\">\n<p data-start=\"8661\" data-end=\"8701\">Gem p\u00e5 <strong data-start=\"8672\" data-end=\"8681\">2\u20138\u00b0C<\/strong>, t\u00f8r og m\u00f8rk.<\/p>\n<\/li>\n<li data-start=\"8702\" data-end=\"8738\">\n<p data-start=\"8704\" data-end=\"8738\">Hold beholderen t\u00e6t lukket.<\/p>\n<\/li>\n<li data-start=\"8739\" data-end=\"8784\">\n<p data-start=\"8741\" data-end=\"8784\">Beskyt mod <strong data-start=\"8756\" data-end=\"8781\">lys, fugt og varme<\/strong>.<\/p>\n<\/li>\n<li data-start=\"8785\" data-end=\"8844\">\n<p data-start=\"8787\" data-end=\"8844\">Kun tilg\u00e6ngelig for autoriseret laboratoriepersonale.<\/p>\n<\/li>\n<\/ul>\n<hr data-start=\"8846\" data-end=\"8849\" \/>\n<h3 data-start=\"8851\" data-end=\"8886\"><strong data-start=\"8855\" data-end=\"8886\">Ofte stillede sp\u00f8rgsm\u00e5l (FAQ)<\/strong><\/h3>\n<p data-start=\"8888\" data-end=\"9053\"><strong data-start=\"8888\" data-end=\"8925\">1. Hvad bruges 3-FMC til?<\/strong><br data-start=\"8925\" data-end=\"8928\" \/>For <strong data-start=\"8933\" data-end=\"8981\">analytisk, retsmedicinsk og kemisk forskning<\/strong>, is\u00e6r rettet mod <strong data-start=\"9003\" data-end=\"9050\">Cathinon-analoger og toksikologiske unders\u00f8gelser<\/strong>.<\/p>\n<p data-start=\"9055\" data-end=\"9242\"><strong data-start=\"9055\" data-end=\"9107\">2. Er 3-FMC egnet til konsum?<\/strong><br data-start=\"9107\" data-end=\"9110\" \/>Ingen. <strong data-start=\"9115\" data-end=\"9124\">3-FMC<\/strong> er <strong data-start=\"9128\" data-end=\"9178\">kun beregnet til laboratorieforskning<\/strong> og <strong data-start=\"9182\" data-end=\"9239\">ikke egnet til menneskelig eller animalsk konsum<\/strong>.<\/p>\n<p data-start=\"9244\" data-end=\"9382\"><strong data-start=\"9244\" data-end=\"9281\">3. Hvordan skal 3-FMC opbevares?<\/strong><br data-start=\"9281\" data-end=\"9284\" \/>Spar p\u00e5 en <strong data-start=\"9298\" data-end=\"9340\">et k\u00f8ligt, t\u00f8rt og m\u00f8rkt sted (2\u20138 \u00b0C)<\/strong>, i en <strong data-start=\"9349\" data-end=\"9379\">godt forseglet emballage<\/strong>.<\/p>\n<hr data-start=\"9384\" data-end=\"9387\" \/>\n<h3 data-start=\"9389\" data-end=\"9406\"><strong data-start=\"9393\" data-end=\"9406\">Konklusion<\/strong><\/h3>\n<p data-start=\"9408\" data-end=\"9652\"><strong data-start=\"9408\" data-end=\"9441\">3-FMC (3-Fluormethcathinon)<\/strong> er en <strong data-start=\"9449\" data-end=\"9480\">forskningsmateriale af h\u00f8j kvalitet<\/strong> af <strong data-start=\"9485\" data-end=\"9540\">fremragende renhed, stabilitet og konsistens<\/strong>.<br data-start=\"9541\" data-end=\"9544\" \/>Den er ideel til laboratorier med fokus p\u00e5 <strong data-start=\"9595\" data-end=\"9649\">retsmedicinsk, kromatografisk og kemisk forskning<\/strong>.<\/p>\n<h1><a style=\"font-size: 16px;\" href=\"https:\/\/researchchemicalhub.com\/da\/butik\/iboga-ibogain\/iboga-rodbark\/\"><span dir=\"auto\" style=\"vertical-align: inherit;\"><span dir=\"auto\" style=\"vertical-align: inherit;\">iboga rodbark<\/span><\/span><\/a><a style=\"font-size: 16px;\" href=\"https:\/\/researchchemicalhub.com\/da\/butik\/iboga-ibogain\/kob-ibogaine-hcl-online\/\"><span dir=\"auto\" style=\"vertical-align: inherit;\"><span dir=\"auto\" style=\"vertical-align: inherit;\">k\u00f8b ibogaine hcl online<\/span><\/span><\/a><a style=\"font-size: 16px;\" href=\"https:\/\/researchchemicalhub.com\/da\/butik\/pellets\/o-dsmt-50-mg-pellets\/\"><span dir=\"auto\" style=\"vertical-align: inherit;\"><span dir=\"auto\" style=\"vertical-align: inherit;\">o-dsmt <\/span><\/span><\/a><a style=\"font-size: 16px;\" href=\"https:\/\/researchchemicalhub.com\/da\/butik\/lysergamider\/1vlsd\/\"><span dir=\"auto\" style=\"vertical-align: inherit;\"><span dir=\"auto\" style=\"vertical-align: inherit;\">1vlsd<\/span><\/span><\/a><a style=\"font-size: 16px;\" href=\"https:\/\/researchchemicalhub.com\/da\/butik\/lysergamider\/1cp-lsd\/\"><span dir=\"auto\" style=\"vertical-align: inherit;\"><span dir=\"auto\" style=\"vertical-align: inherit;\">1cp lsd<\/span><\/span><\/a><\/h1>","protected":false},"excerpt":{"rendered":"<h2><span style=\"vertical-align: inherit;\"><span style=\"vertical-align: inherit;\"><span dir=\"auto\" style=\"vertical-align: inherit;\"><span dir=\"auto\" style=\"vertical-align: inherit;\">3-FMC-egenskaber<\/span><\/span><\/span><\/span><\/h2>\n<p><strong><span style=\"vertical-align: inherit;\"><span style=\"vertical-align: inherit;\"><span dir=\"auto\" style=\"vertical-align: inherit;\"><span dir=\"auto\" style=\"vertical-align: inherit;\">Synonym:<\/span><\/span><\/span><\/span><\/strong><span style=\"vertical-align: inherit;\"><span style=\"vertical-align: inherit;\"><span dir=\"auto\" style=\"vertical-align: inherit;\"><span dir=\"auto\" style=\"vertical-align: inherit;\"> 3-Fluormethcathinon \/ 1-(3-chlorphenyl)-2-(ethylamino)propan-1-on <\/span><\/span><\/span><\/span><strong><br \/>\n<span style=\"vertical-align: inherit;\"><span style=\"vertical-align: inherit;\"><span dir=\"auto\" style=\"vertical-align: inherit;\"><span dir=\"auto\" style=\"vertical-align: inherit;\">CAS-nummer<\/span><\/span><\/span><\/span><\/strong><span style=\"vertical-align: inherit;\"><span style=\"vertical-align: inherit;\"><span dir=\"auto\" style=\"vertical-align: inherit;\"><span dir=\"auto\" style=\"vertical-align: inherit;\"> : 1049677-77-1 <\/span><\/span><\/span><\/span><br \/>\n<strong><span style=\"vertical-align: inherit;\"><span style=\"vertical-align: inherit;\"><span dir=\"auto\" style=\"vertical-align: inherit;\"><span dir=\"auto\" style=\"vertical-align: inherit;\">Formel<\/span><\/span><\/span><\/span><\/strong><span style=\"vertical-align: inherit;\"><span style=\"vertical-align: inherit;\"><span dir=\"auto\" style=\"vertical-align: inherit;\"><span dir=\"auto\" style=\"vertical-align: inherit;\"> C10H12FNO \u2022 HCL <\/span><\/span><\/span><\/span><br \/>\n<strong><span style=\"vertical-align: inherit;\"><span style=\"vertical-align: inherit;\"><span dir=\"auto\" style=\"vertical-align: inherit;\"><span dir=\"auto\" style=\"vertical-align: inherit;\">Mol\u00e6r masse<\/span><\/span><\/span><\/span><\/strong><span style=\"vertical-align: inherit;\"><span style=\"vertical-align: inherit;\"><span dir=\"auto\" style=\"vertical-align: inherit;\"><span dir=\"auto\" style=\"vertical-align: inherit;\"> : 181,210 g\/mol <\/span><\/span><\/span><\/span><br \/>\n<strong><span style=\"vertical-align: inherit;\"><span style=\"vertical-align: inherit;\"><span dir=\"auto\" style=\"vertical-align: inherit;\"><span dir=\"auto\" style=\"vertical-align: inherit;\">Renhed<\/span><\/span><\/span><\/span><\/strong><span style=\"vertical-align: inherit;\"><span style=\"vertical-align: inherit;\"><span dir=\"auto\" style=\"vertical-align: inherit;\"><span dir=\"auto\" style=\"vertical-align: inherit;\"> : \u226599%<\/span><\/span><\/span><\/span><\/p>","protected":false},"featured_media":28404,"comment_status":"closed","ping_status":"closed","template":"","meta":[],"product_brand":[82],"product_cat":[554,322,79],"product_tag":[670,653,576,575,574,326],"class_list":{"0":"post-23860","1":"product","2":"type-product","3":"status-publish","4":"has-post-thumbnail","6":"product_brand-research-chemical","7":"product_cat-3-fmc","8":"product_cat-bijna-verboden","9":"product_cat-cathinonen","10":"product_tag-3-fmc-ervaringen","11":"product_tag-3-fluoromethcathinone","12":"product_tag-3-fmc","13":"product_tag-3fmc","14":"product_tag-3fmc-kopen","15":"product_tag-nl","17":"first","18":"instock","19":"taxable","20":"shipping-taxable","21":"purchasable","22":"product-type-variable"},"_links":{"self":[{"href":"https:\/\/researchchemicalhub.com\/da\/wp-json\/wp\/v2\/product\/23860","targetHints":{"allow":["GET"]}}],"collection":[{"href":"https:\/\/researchchemicalhub.com\/da\/wp-json\/wp\/v2\/product"}],"about":[{"href":"https:\/\/researchchemicalhub.com\/da\/wp-json\/wp\/v2\/types\/product"}],"replies":[{"embeddable":true,"href":"https:\/\/researchchemicalhub.com\/da\/wp-json\/wp\/v2\/comments?post=23860"}],"version-history":[{"count":6,"href":"https:\/\/researchchemicalhub.com\/da\/wp-json\/wp\/v2\/product\/23860\/revisions"}],"predecessor-version":[{"id":27931,"href":"https:\/\/researchchemicalhub.com\/da\/wp-json\/wp\/v2\/product\/23860\/revisions\/27931"}],"wp:featuredmedia":[{"embeddable":true,"href":"https:\/\/researchchemicalhub.com\/da\/wp-json\/wp\/v2\/media\/28404"}],"wp:attachment":[{"href":"https:\/\/researchchemicalhub.com\/da\/wp-json\/wp\/v2\/media?parent=23860"}],"wp:term":[{"taxonomy":"product_brand","embeddable":true,"href":"https:\/\/researchchemicalhub.com\/da\/wp-json\/wp\/v2\/product_brand?post=23860"},{"taxonomy":"product_cat","embeddable":true,"href":"https:\/\/researchchemicalhub.com\/da\/wp-json\/wp\/v2\/product_cat?post=23860"},{"taxonomy":"product_tag","embeddable":true,"href":"https:\/\/researchchemicalhub.com\/da\/wp-json\/wp\/v2\/product_tag?post=23860"}],"curies":[{"name":"wp","href":"https:\/\/api.w.org\/{rel}","templated":true}]}}