{"id":23834,"date":"2025-04-13T17:40:30","date_gmt":"2025-04-13T17:40:30","guid":{"rendered":"https:\/\/researchchemicalhub.com\/?post_type=product&#038;p=23834"},"modified":"2025-10-30T08:12:59","modified_gmt":"2025-10-30T08:12:59","slug":"kob-jwh-210","status":"publish","type":"product","link":"https:\/\/researchchemicalhub.com\/da\/butik\/naesten-forbudt\/kob-jwh-210\/","title":{"rendered":"JWH-210 (John William Huffman \u2013 210)"},"content":{"rendered":"<p data-start=\"5035\" data-end=\"5263\"><strong data-start=\"5035\" data-end=\"5073\">JWH-210 (John William Huffman-210)<\/strong> er en <strong data-start=\"5081\" data-end=\"5118\">syntetisk cannabinoidagonist<\/strong> fra den <strong data-start=\"5126\" data-end=\"5151\">naphthoylindol-familien<\/strong>Det blev oprindeligt udviklet under akademisk forskning i funktionen af cannabinoidreceptorer. K\u00f8b JWH-210<\/p>\n<p data-start=\"5265\" data-end=\"5586\">I dag fungerer JWH-210 som <strong data-start=\"5296\" data-end=\"5326\">reference- og analytstof<\/strong> i laboratorier, der forsker i <strong data-start=\"5366\" data-end=\"5396\">syntetiske cannabinoider<\/strong>, <strong data-start=\"5398\" data-end=\"5419\">metabolitanalyse<\/strong> og <strong data-start=\"5423\" data-end=\"5455\">toksikologisk identifikation<\/strong>Produktet er <strong data-start=\"5472\" data-end=\"5522\">kun beregnet til laboratorieforskning<\/strong> og <strong data-start=\"5526\" data-end=\"5583\">ikke egnet til menneskelig eller animalsk konsum<\/strong>.<\/p>\n<hr data-start=\"5588\" data-end=\"5591\" \/>\n<h3 data-start=\"5593\" data-end=\"5624\"><strong data-start=\"5597\" data-end=\"5624\">N\u00f8glefunktioner<\/strong><\/h3>\n<ul data-start=\"5626\" data-end=\"6080\">\n<li data-start=\"5626\" data-end=\"5709\">\n<p data-start=\"5628\" data-end=\"5709\"><strong data-start=\"5628\" data-end=\"5653\">Kemisk identitet:<\/strong> Syntetisk cannabinoid af naphthoylindol-klassen.<\/p>\n<\/li>\n<li data-start=\"5710\" data-end=\"5790\">\n<p data-start=\"5712\" data-end=\"5790\"><strong data-start=\"5712\" data-end=\"5732\">H\u00f8j renhed:<\/strong> Designet til pr\u00e6cise detektions- og analysemetoder.<\/p>\n<\/li>\n<li data-start=\"5791\" data-end=\"5884\">\n<p data-start=\"5793\" data-end=\"5884\"><strong data-start=\"5793\" data-end=\"5832\">Certificeret referencemateriale:<\/strong> Leveres med analysecertifikat og batchdata.<\/p>\n<\/li>\n<li data-start=\"5885\" data-end=\"5981\">\n<p data-start=\"5887\" data-end=\"5981\"><strong data-start=\"5887\" data-end=\"5910\">Stabil struktur:<\/strong> Velegnet til langtidsopbevaring under kontrollerede forhold.<\/p>\n<\/li>\n<li data-start=\"5982\" data-end=\"6080\">\n<p data-start=\"5984\" data-end=\"6080\"><strong data-start=\"5984\" data-end=\"6018\">Kompatibel med m\u00e5leteknikker:<\/strong> G\u00e6lder i <strong data-start=\"6033\" data-end=\"6042\">GC-MS<\/strong>, <strong data-start=\"6044\" data-end=\"6056\">LC-MS\/MS<\/strong> og <strong data-start=\"6060\" data-end=\"6068\">HPLC<\/strong> analyser.<\/p>\n<\/li>\n<\/ul>\n<hr data-start=\"6082\" data-end=\"6085\" \/>\n<h3 data-start=\"6087\" data-end=\"6104\"><strong data-start=\"6091\" data-end=\"6104\">Fordele<\/strong><\/h3>\n<ul data-start=\"6106\" data-end=\"6616\">\n<li data-start=\"6106\" data-end=\"6223\">\n<p data-start=\"6108\" data-end=\"6223\"><strong data-start=\"6108\" data-end=\"6145\">Underst\u00f8tter analytisk forskning:<\/strong> Hj\u00e6lper med identifikation og kvantificering af syntetiske cannabinoider.<\/p>\n<\/li>\n<li data-start=\"6224\" data-end=\"6313\">\n<p data-start=\"6226\" data-end=\"6313\"><strong data-start=\"6226\" data-end=\"6254\">\u00d8ger n\u00f8jagtigheden:<\/strong> Sikrer p\u00e5lidelig kalibrering af analyseinstrumenter.<\/p>\n<\/li>\n<li data-start=\"6314\" data-end=\"6432\">\n<p data-start=\"6316\" data-end=\"6432\"><strong data-start=\"6316\" data-end=\"6357\">Vigtigt for retsmedicinsk efterforskning:<\/strong> Bidrager til forst\u00e5elsen af strukturelle sammenh\u00e6nge inden for cannabinoider.<\/p>\n<\/li>\n<li data-start=\"6433\" data-end=\"6529\">\n<p data-start=\"6435\" data-end=\"6529\"><strong data-start=\"6435\" data-end=\"6466\">Streng kvalitetskontrol:<\/strong> Produceret i henhold til internationale laboratorieretningslinjer. K\u00f8b JWH-210<\/p>\n<\/li>\n<li data-start=\"6530\" data-end=\"6616\">\n<p data-start=\"6532\" data-end=\"6616\"><strong data-start=\"6532\" data-end=\"6558\">Uddannelsesm\u00e6ssig anvendelse:<\/strong> Velegnet til akademiske og videnskabelige studier.<\/p>\n<\/li>\n<\/ul>\n<hr data-start=\"6618\" data-end=\"6621\" \/>\n<h3 data-start=\"6623\" data-end=\"6684\"><strong data-start=\"6627\" data-end=\"6684\">Brugsanvisning (kun til forskningsform\u00e5l)<\/strong><\/h3>\n<ol data-start=\"6686\" data-end=\"7020\">\n<li data-start=\"6686\" data-end=\"6799\">\n<p data-start=\"6689\" data-end=\"6799\"><strong data-start=\"6689\" data-end=\"6703\">H\u00e5ndtering:<\/strong> Kun til brug i godkendte laboratorier af uddannet personale med passende beskyttelse.<\/p>\n<\/li>\n<li data-start=\"6800\" data-end=\"6886\">\n<p data-start=\"6803\" data-end=\"6886\"><strong data-start=\"6803\" data-end=\"6821\">Forberedelse:<\/strong> Fortynd eller klarg\u00f8r i henhold til validerede analytiske protokoller.<\/p>\n<\/li>\n<li data-start=\"6887\" data-end=\"6945\">\n<p data-start=\"6890\" data-end=\"6945\"><strong data-start=\"6890\" data-end=\"6901\">Opbevaring:<\/strong> Opbevares i en luftt\u00e6t beholder p\u00e5 et k\u00f8ligt, t\u00f8rt og m\u00f8rkt sted.<\/p>\n<\/li>\n<li data-start=\"6946\" data-end=\"7020\">\n<p data-start=\"6949\" data-end=\"7020\"><strong data-start=\"6949\" data-end=\"6960\">Bortskaffelse:<\/strong> Bortskaf rester i overensstemmelse med sikkerheds- og milj\u00f8forskrifter.<\/p>\n<\/li>\n<\/ol>\n<hr data-start=\"7022\" data-end=\"7025\" \/>\n<h3 data-start=\"7027\" data-end=\"7061\"><strong data-start=\"7031\" data-end=\"7061\">Sikkerhed og overholdelse<\/strong><\/h3>\n<ul data-start=\"7063\" data-end=\"7546\">\n<li data-start=\"7063\" data-end=\"7159\">\n<p data-start=\"7065\" data-end=\"7159\"><strong data-start=\"7065\" data-end=\"7103\">Kun til laboratorieforskning:<\/strong> Ikke beregnet til konsum af mennesker eller dyr.<\/p>\n<\/li>\n<li data-start=\"7160\" data-end=\"7298\">\n<p data-start=\"7162\" data-end=\"7298\"><strong data-start=\"7162\" data-end=\"7190\">Juridiske overvejelser:<\/strong> Besiddelse og brug af JWH-210 kan v\u00e6re reguleret eller forbudt. Tjek altid lokale regler.<\/p>\n<\/li>\n<li data-start=\"7299\" data-end=\"7410\">\n<p data-start=\"7301\" data-end=\"7410\"><strong data-start=\"7301\" data-end=\"7329\">Sundhed og sikkerhed:<\/strong> Undg\u00e5 kontakt og ind\u00e5nding. Arbejd i et godt ventileret unders\u00f8gelsesrum.<\/p>\n<\/li>\n<li data-start=\"7411\" data-end=\"7546\">\n<p data-start=\"7413\" data-end=\"7546\"><strong data-start=\"7413\" data-end=\"7430\">Dokumentation:<\/strong> EN <strong data-start=\"7435\" data-end=\"7471\">sikkerhedsdatablad (MSDS)<\/strong> og analysecertifikat er tilg\u00e6ngeligt for registrerede institutioner.<\/p>\n<\/li>\n<\/ul>\n<hr data-start=\"7548\" data-end=\"7551\" \/>\n<h3 data-start=\"7553\" data-end=\"7588\"><strong data-start=\"7557\" data-end=\"7588\">Ofte stillede sp\u00f8rgsm\u00e5l (FAQ)<\/strong><\/h3>\n<p data-start=\"7590\" data-end=\"7750\"><strong data-start=\"7590\" data-end=\"7629\">1. Hvad bruges JWH-210 til?<\/strong><br data-start=\"7629\" data-end=\"7632\" \/>JWH-210 bruges som <strong data-start=\"7659\" data-end=\"7677\">referencestof<\/strong> i analytiske og retsmedicinske studier af syntetiske cannabinoider.<\/p>\n<p data-start=\"7752\" data-end=\"7900\"><strong data-start=\"7752\" data-end=\"7777\">2. Er JWH-210 lovligt?<\/strong><br data-start=\"7777\" data-end=\"7780\" \/>De <strong data-start=\"7783\" data-end=\"7823\">Den juridiske status varierer fra land til land<\/strong>I mange omr\u00e5der falder det ind under opiumloven eller lignende regler.<\/p>\n<p data-start=\"7902\" data-end=\"8073\"><strong data-start=\"7902\" data-end=\"7944\">3. Hvordan skal JWH-210 opbevares?<\/strong><br data-start=\"7944\" data-end=\"7947\" \/>Gem i en <strong data-start=\"7961\" data-end=\"7995\">k\u00f8ligt, t\u00f8rt og m\u00f8rkt sted<\/strong>, korrekt lukket og kun tilg\u00e6ngelig for autoriseret laboratoriepersonale.<\/p>\n<p><a href=\"https:\/\/researchchemicalhub.com\/da\/butik\/pellets\/o-dsmt-50-mg-pellets\/\">O-DSMT 50 mg pellets <\/a><a href=\"https:\/\/researchchemicalhub.com\/da\/butik\/lysergamider\/1-kop-lsd-150-mcg\/\">1cP-LSD 150 MCG Kunstpapirkugler <\/a><a href=\"https:\/\/researchchemicalhub.com\/da\/butik\/iboga-ibogain\/iboga-rodbark\/\">1V-LSD 150 MCG Blotters <\/a><\/p>","protected":false},"excerpt":{"rendered":"<h2>JWH-210<b>\u00a0<\/b>egenskaber<\/h2>\n<p><strong>Synonym: <\/strong>John William Huffman 210<strong><br \/>\nCAS-nummer<\/strong>: 824959-81-1<br \/>\n<strong>Formel<\/strong>: <span title=\"Kulstof\">C<\/span><sub>26<\/sub><span title=\"Brint\">H<\/span><sub>27<\/sub><span title=\"Kv\u00e6lstof\">N<\/span><span title=\"Ilt\">\u00c5h<\/span><br \/>\n<strong>Mol\u00e6r masse<\/strong>: 369,508 g mol<br \/>\n<strong>Renhed<\/strong>: \u226598%<\/p>","protected":false},"featured_media":28549,"comment_status":"closed","ping_status":"closed","template":"","meta":[],"product_brand":[82],"product_cat":[322,370,398],"product_tag":[629,644,778,664,326],"class_list":{"0":"post-23834","1":"product","2":"type-product","3":"status-publish","4":"has-post-thumbnail","6":"product_brand-research-chemical","7":"product_cat-bijna-verboden","8":"product_cat-jwh-210","9":"product_cat-verkoop","10":"product_tag-4-fma-kopen","11":"product_tag-4-fma","12":"product_tag-jwh-210","13":"product_tag-maxtc","14":"product_tag-nl","16":"first","17":"instock","18":"sale","19":"taxable","20":"shipping-taxable","21":"purchasable","22":"product-type-variable"},"_links":{"self":[{"href":"https:\/\/researchchemicalhub.com\/da\/wp-json\/wp\/v2\/product\/23834","targetHints":{"allow":["GET"]}}],"collection":[{"href":"https:\/\/researchchemicalhub.com\/da\/wp-json\/wp\/v2\/product"}],"about":[{"href":"https:\/\/researchchemicalhub.com\/da\/wp-json\/wp\/v2\/types\/product"}],"replies":[{"embeddable":true,"href":"https:\/\/researchchemicalhub.com\/da\/wp-json\/wp\/v2\/comments?post=23834"}],"version-history":[{"count":7,"href":"https:\/\/researchchemicalhub.com\/da\/wp-json\/wp\/v2\/product\/23834\/revisions"}],"predecessor-version":[{"id":27948,"href":"https:\/\/researchchemicalhub.com\/da\/wp-json\/wp\/v2\/product\/23834\/revisions\/27948"}],"wp:featuredmedia":[{"embeddable":true,"href":"https:\/\/researchchemicalhub.com\/da\/wp-json\/wp\/v2\/media\/28549"}],"wp:attachment":[{"href":"https:\/\/researchchemicalhub.com\/da\/wp-json\/wp\/v2\/media?parent=23834"}],"wp:term":[{"taxonomy":"product_brand","embeddable":true,"href":"https:\/\/researchchemicalhub.com\/da\/wp-json\/wp\/v2\/product_brand?post=23834"},{"taxonomy":"product_cat","embeddable":true,"href":"https:\/\/researchchemicalhub.com\/da\/wp-json\/wp\/v2\/product_cat?post=23834"},{"taxonomy":"product_tag","embeddable":true,"href":"https:\/\/researchchemicalhub.com\/da\/wp-json\/wp\/v2\/product_tag?post=23834"}],"curies":[{"name":"wp","href":"https:\/\/api.w.org\/{rel}","templated":true}]}}