{"id":23824,"date":"2025-04-13T17:40:30","date_gmt":"2025-04-13T17:40:30","guid":{"rendered":"https:\/\/researchchemicalhub.com\/?post_type=product&#038;p=23824"},"modified":"2025-10-30T08:12:06","modified_gmt":"2025-10-30T08:12:06","slug":"nep","status":"publish","type":"product","link":"https:\/\/researchchemicalhub.com\/da\/shop\/bijna-verboden\/nep\/","title":{"rendered":"NEP (N-Ethylpentedron)"},"content":{"rendered":"<p data-start=\"4929\" data-end=\"5282\"><strong data-start=\"4929\" data-end=\"4956\">NEP (N-Ethylpentedron)<\/strong> er en <strong data-start=\"4964\" data-end=\"4997\">syntetisk cathonderivat<\/strong> som ofte bruges som <strong data-start=\"5026\" data-end=\"5059\">reference- og forskningsmateriale<\/strong> i analytiske og retsmedicinske laboratorier. Det er strukturelt relateret til <strong data-start=\"5134\" data-end=\"5148\">pentedron<\/strong> og tilh\u00f8rer <strong data-start=\"5167\" data-end=\"5190\">\u03b2-keto-amfetaminer<\/strong>hvilket g\u00f8r det v\u00e6rdifuldt for forskning i <strong data-start=\"5238\" data-end=\"5281\">kemisk struktur og detektionsmetoder<\/strong>Falsk<\/p>\n<p data-start=\"5284\" data-end=\"5590\">Dette produkt er <strong data-start=\"5299\" data-end=\"5368\">udelukkende beregnet til videnskabelig og retsmedicinsk forskning<\/strong> og <strong data-start=\"5372\" data-end=\"5429\">ikke egnet til menneskelig eller animalsk konsum<\/strong>Laboratorier bruger NEP til <strong data-start=\"5462\" data-end=\"5506\">kemisk profilering, detektionsvalidering<\/strong> og <strong data-start=\"5510\" data-end=\"5546\">udvikling af analytiske metoder<\/strong> med teknikker som f.eks. <strong data-start=\"5568\" data-end=\"5577\">GC-MS<\/strong> og <strong data-start=\"5581\" data-end=\"5589\">HPLC<\/strong>.<\/p>\n<hr data-start=\"5592\" data-end=\"5595\" \/>\n<h3 data-start=\"5597\" data-end=\"5628\"><strong data-start=\"5601\" data-end=\"5628\">N\u00f8glefunktioner<\/strong><\/h3>\n<ul data-start=\"5630\" data-end=\"6141\">\n<li data-start=\"5630\" data-end=\"5731\">\n<p data-start=\"5632\" data-end=\"5731\"><strong data-start=\"5632\" data-end=\"5652\">H\u00f8j renhed:<\/strong> Fremstillet under streng kvalitetskontrol for maksimal p\u00e5lidelighed.<\/p>\n<\/li>\n<li data-start=\"5732\" data-end=\"5826\">\n<p data-start=\"5734\" data-end=\"5826\"><strong data-start=\"5734\" data-end=\"5760\">Testet sammens\u00e6tning:<\/strong> Hver batch leveres med en <strong data-start=\"5795\" data-end=\"5823\">analysecertifikat (COA)<\/strong>.<\/p>\n<\/li>\n<li data-start=\"5827\" data-end=\"5938\">\n<p data-start=\"5829\" data-end=\"5938\"><strong data-start=\"5829\" data-end=\"5852\">Stabil struktur:<\/strong> Velegnet til ensartede forskningsresultater i forskellige analytiske anvendelser.<\/p>\n<\/li>\n<li data-start=\"5939\" data-end=\"6038\">\n<p data-start=\"5941\" data-end=\"6038\"><strong data-start=\"5941\" data-end=\"5972\">Forskningsniveaukvalitet:<\/strong> Velegnet til brug i toksikologiske og retsmedicinske unders\u00f8gelser.<\/p>\n<\/li>\n<li data-start=\"6039\" data-end=\"6141\">\n<p data-start=\"6041\" data-end=\"6141\"><strong data-start=\"6041\" data-end=\"6064\">Sikker emballage:<\/strong> Kemisk resistente, luftt\u00e6tte beholdere sikrer produktstabilitet.<\/p>\n<\/li>\n<\/ul>\n<hr data-start=\"6143\" data-end=\"6146\" \/>\n<h3 data-start=\"6148\" data-end=\"6165\"><strong data-start=\"6152\" data-end=\"6165\">Fordele<\/strong><\/h3>\n<ul data-start=\"6167\" data-end=\"6651\">\n<li data-start=\"6167\" data-end=\"6252\">\n<p data-start=\"6169\" data-end=\"6252\"><strong data-start=\"6169\" data-end=\"6206\">P\u00e5lidelige forskningsresultater:<\/strong> Leverer n\u00f8jagtige og reproducerbare data.<\/p>\n<\/li>\n<li data-start=\"6253\" data-end=\"6350\">\n<p data-start=\"6255\" data-end=\"6350\"><strong data-start=\"6255\" data-end=\"6284\">Retsmedicinske anvendelser:<\/strong> Bruges ofte til identifikation af cathinonanaloger.<\/p>\n<\/li>\n<li data-start=\"6351\" data-end=\"6437\">\n<p data-start=\"6353\" data-end=\"6437\"><strong data-start=\"6353\" data-end=\"6377\">Konstant kvalitet:<\/strong> Minimerer variationen mellem forskellige eksperimenter.<\/p>\n<\/li>\n<li data-start=\"6438\" data-end=\"6551\">\n<p data-start=\"6440\" data-end=\"6551\"><strong data-start=\"6440\" data-end=\"6464\">Bredt analyserbar:<\/strong> Kompatibel med <strong data-start=\"6480\" data-end=\"6518\">kromatografi, massespektrometri<\/strong> og <strong data-start=\"6522\" data-end=\"6548\">infrar\u00f8d spektroskopi<\/strong>.<\/p>\n<\/li>\n<li data-start=\"6552\" data-end=\"6651\">\n<p data-start=\"6554\" data-end=\"6651\"><strong data-start=\"6554\" data-end=\"6588\">Opfylder sikkerhedsstandarder:<\/strong> Fremstillet i henhold til internationale laboratorieretningslinjer.<\/p>\n<\/li>\n<\/ul>\n<hr data-start=\"6653\" data-end=\"6656\" \/>\n<h3 data-start=\"6658\" data-end=\"6719\"><strong data-start=\"6662\" data-end=\"6719\">Brugsanvisning (kun til forskningsform\u00e5l)<\/strong><\/h3>\n<ol data-start=\"6721\" data-end=\"7133\">\n<li data-start=\"6721\" data-end=\"6828\">\n<p data-start=\"6724\" data-end=\"6828\"><strong data-start=\"6724\" data-end=\"6742\">Forberedelse:<\/strong> Bruges i et akkrediteret laboratorium og b\u00e6r passende beskyttelsesudstyr.<\/p>\n<\/li>\n<li data-start=\"6829\" data-end=\"6919\">\n<p data-start=\"6832\" data-end=\"6919\"><strong data-start=\"6832\" data-end=\"6847\">Anvendelse:<\/strong> P\u00e5f\u00f8r sporbare m\u00e6ngder under kontrollerede forhold.<\/p>\n<\/li>\n<li data-start=\"6920\" data-end=\"7037\">\n<p data-start=\"6923\" data-end=\"7037\"><strong data-start=\"6923\" data-end=\"6934\">Opbevaring:<\/strong> Spar p\u00e5 en <strong data-start=\"6949\" data-end=\"6983\">k\u00f8ligt, t\u00f8rt og m\u00f8rkt sted<\/strong>, godt lukket og v\u00e6k fra varmekilder.<\/p>\n<\/li>\n<li data-start=\"7038\" data-end=\"7133\">\n<p data-start=\"7041\" data-end=\"7133\"><strong data-start=\"7041\" data-end=\"7052\">Bortskaffelse:<\/strong> Behandl rester i henhold til <strong data-start=\"7082\" data-end=\"7130\">lokale retningslinjer for h\u00e5ndtering af kemisk affald<\/strong>.<\/p>\n<\/li>\n<\/ol>\n<hr data-start=\"7135\" data-end=\"7138\" \/>\n<h3 data-start=\"7140\" data-end=\"7174\"><strong data-start=\"7144\" data-end=\"7174\">Sikkerhed og overholdelse<\/strong><\/h3>\n<ul data-start=\"7176\" data-end=\"7541\">\n<li data-start=\"7176\" data-end=\"7271\">\n<p data-start=\"7178\" data-end=\"7271\"><strong data-start=\"7178\" data-end=\"7214\">Kun til laboratoriebrug:<\/strong> Ikke egnet til konsum af mennesker eller dyr.<\/p>\n<\/li>\n<li data-start=\"7272\" data-end=\"7347\">\n<p data-start=\"7274\" data-end=\"7347\"><strong data-start=\"7274\" data-end=\"7299\">H\u00e5ndter med forsigtighed:<\/strong> Undg\u00e5 kontakt med hud, \u00f8jne og luftveje.<\/p>\n<\/li>\n<li data-start=\"7348\" data-end=\"7450\">\n<p data-start=\"7350\" data-end=\"7450\"><strong data-start=\"7350\" data-end=\"7366\">Regler:<\/strong> Tjek altid <strong data-start=\"7388\" data-end=\"7408\">lokal lovgivning<\/strong> vedr\u00f8rende brugen af NEP.<\/p>\n<\/li>\n<li data-start=\"7451\" data-end=\"7541\">\n<p data-start=\"7453\" data-end=\"7541\"><strong data-start=\"7453\" data-end=\"7470\">Dokumentation:<\/strong> EN <strong data-start=\"7475\" data-end=\"7511\">sikkerhedsdatablad (MSDS)<\/strong> er tilg\u00e6ngelig efter anmodning.<\/p>\n<\/li>\n<\/ul>\n<hr data-start=\"7543\" data-end=\"7546\" \/>\n<h3 data-start=\"7548\" data-end=\"7583\"><strong data-start=\"7552\" data-end=\"7583\">Ofte stillede sp\u00f8rgsm\u00e5l (FAQ)<\/strong><\/h3>\n<p data-start=\"7585\" data-end=\"7734\"><strong data-start=\"7585\" data-end=\"7620\">1. Hvad bruges NEP til?<\/strong><br data-start=\"7620\" data-end=\"7623\" \/>NEP bruges kun som <strong data-start=\"7658\" data-end=\"7691\">reference- og forskningsmateriale<\/strong> i analytiske og retsmedicinske laboratorier.<\/p>\n<p data-start=\"7736\" data-end=\"7907\"><strong data-start=\"7736\" data-end=\"7786\">2. Er NEP egnet til konsum?<\/strong><br data-start=\"7786\" data-end=\"7789\" \/>Nej. Dette produkt er <strong data-start=\"7809\" data-end=\"7866\">ikke egnet til menneskelig eller animalsk konsum<\/strong> og udelukkende beregnet til forskningsform\u00e5l.<\/p>\n<p data-start=\"7909\" data-end=\"8045\"><strong data-start=\"7909\" data-end=\"7947\">3. Hvordan skal NEP opbevares?<\/strong><br data-start=\"7947\" data-end=\"7950\" \/>Gem i en <strong data-start=\"7964\" data-end=\"8000\">k\u00f8ligt, t\u00f8rt og m\u00f8rkt milj\u00f8<\/strong>, helst i et kemikalieopbevaringsskab.<\/p>\n<p><a href=\"https:\/\/researchchemicalhub.com\/da\/shop\/lysergamides\/1v-lsd-150-mcg-blotters\/\">1V-LSD 150 MCG Blotters <\/a><a href=\"https:\/\/researchchemicalhub.com\/da\/shop\/cathinonen\/2-cmc-kopen\/\">2-CMC 250 mg pellets <\/a><a href=\"https:\/\/researchchemicalhub.com\/da\/shop\/bijna-verboden\/6-cl-adba\/\">6-CL-ADBA <\/a><a href=\"https:\/\/researchchemicalhub.com\/da\/shop\/bijna-verboden\/pink-star-pellets-5-mapb-70mg-2-fma-20mg-5-meo-mipt-2mg\/\">Pink Star-pellets 5-MAPB 70 mg \/ 2-FMA 20 mg \/ 5-MeO-MiPT 2 mg <\/a><a href=\"https:\/\/researchchemicalhub.com\/da\/shop\/bijna-verboden\/4f-mph-25-mg-pellets\/\">4F-MPH 25 MG-pellets<\/a><\/p>","protected":false},"excerpt":{"rendered":"<h2>FALSK<b>\u00a0<\/b>egenskaber<\/h2>\n<p><strong>Synonym: <\/strong>N-Ethylpentedron (\u03b1-ethylaminopentiophenon, \u03b1-EAPP, \u03b1-ethylaminovalerophenon, N-ethylnorpentedron)<strong><br \/>\nCAS-nummer<\/strong>: 779974-89-9<br \/>\n<strong>Formel<\/strong>: <span title=\"Kulstof\">C<\/span><sub>13<\/sub><span title=\"Brint\">H<\/span><sub>19<\/sub><span title=\"Kv\u00e6lstof\">N<\/span><span title=\"Ilt\">\u00c5h<\/span><br \/>\n<strong>Mol\u00e6r masse<\/strong>205,301 g mol<br \/>\n<strong>Renhed<\/strong>: \u226598%<\/p>","protected":false},"featured_media":28570,"comment_status":"closed","ping_status":"closed","template":"","meta":[],"product_brand":[],"product_cat":[322,79,334],"product_tag":[604,654,1106,1107,609,597,326],"class_list":{"0":"post-23824","1":"product","2":"type-product","3":"status-publish","4":"has-post-thumbnail","6":"product_cat-bijna-verboden","7":"product_cat-cathinonen","8":"product_cat-nep","9":"product_tag-n-ethyl-pentedrone","10":"product_tag-n-ethylpentedrone","11":"product_tag-nep","12":"product_tag-nep-kopen","13":"product_tag-nep-research-chemical","14":"product_tag-nep-snuiven","15":"product_tag-nl","17":"first","18":"instock","19":"taxable","20":"shipping-taxable","21":"purchasable","22":"product-type-variable"},"_links":{"self":[{"href":"https:\/\/researchchemicalhub.com\/da\/wp-json\/wp\/v2\/product\/23824","targetHints":{"allow":["GET"]}}],"collection":[{"href":"https:\/\/researchchemicalhub.com\/da\/wp-json\/wp\/v2\/product"}],"about":[{"href":"https:\/\/researchchemicalhub.com\/da\/wp-json\/wp\/v2\/types\/product"}],"replies":[{"embeddable":true,"href":"https:\/\/researchchemicalhub.com\/da\/wp-json\/wp\/v2\/comments?post=23824"}],"version-history":[{"count":5,"href":"https:\/\/researchchemicalhub.com\/da\/wp-json\/wp\/v2\/product\/23824\/revisions"}],"predecessor-version":[{"id":27947,"href":"https:\/\/researchchemicalhub.com\/da\/wp-json\/wp\/v2\/product\/23824\/revisions\/27947"}],"wp:featuredmedia":[{"embeddable":true,"href":"https:\/\/researchchemicalhub.com\/da\/wp-json\/wp\/v2\/media\/28570"}],"wp:attachment":[{"href":"https:\/\/researchchemicalhub.com\/da\/wp-json\/wp\/v2\/media?parent=23824"}],"wp:term":[{"taxonomy":"product_brand","embeddable":true,"href":"https:\/\/researchchemicalhub.com\/da\/wp-json\/wp\/v2\/product_brand?post=23824"},{"taxonomy":"product_cat","embeddable":true,"href":"https:\/\/researchchemicalhub.com\/da\/wp-json\/wp\/v2\/product_cat?post=23824"},{"taxonomy":"product_tag","embeddable":true,"href":"https:\/\/researchchemicalhub.com\/da\/wp-json\/wp\/v2\/product_tag?post=23824"}],"curies":[{"name":"wp","href":"https:\/\/api.w.org\/{rel}","templated":true}]}}