{"id":23807,"date":"2025-04-13T17:40:27","date_gmt":"2025-04-13T17:40:27","guid":{"rendered":"https:\/\/researchchemicalhub.com\/?post_type=product&#038;p=23807"},"modified":"2025-10-30T08:18:30","modified_gmt":"2025-10-30T08:18:30","slug":"4b-mar","status":"publish","type":"product","link":"https:\/\/researchchemicalhub.com\/da\/shop\/aminorex\/4b-mar\/","title":{"rendered":"4B-MAR (4-brom-4-methylaminorex)"},"content":{"rendered":"<p data-start=\"5051\" data-end=\"5284\"><strong data-start=\"5051\" data-end=\"5088\">4B-MAR (4-brom-4-methylaminorex)<\/strong> er en <strong data-start=\"5096\" data-end=\"5129\">syntetisk aminorex-derivat<\/strong> fra den <strong data-start=\"5137\" data-end=\"5157\">oxazolinklasse<\/strong>Det bruges i <strong data-start=\"5181\" data-end=\"5218\">retsmedicinsk og analytisk kemi<\/strong> p\u00e5 grund af dens strukturelle lighed med andre aminorex-analoger. <span class=\"___SBox_epc1q-ko_ ___SText_zko9t-ko_\" data-ui-name=\"Link.Text\">4b marts<\/span><\/p>\n<p data-start=\"5286\" data-end=\"5540\">Dette produkt er <strong data-start=\"5301\" data-end=\"5370\">udelukkende beregnet til videnskabelig og analytisk forskning<\/strong>Laboratorier bruger det til <strong data-start=\"5401\" data-end=\"5441\">substituerede oxazolinforbindelser<\/strong> at studere, <strong data-start=\"5457\" data-end=\"5492\">at udvikle detektionsmetoder<\/strong> og <strong data-start=\"5496\" data-end=\"5537\">at analysere spektrale egenskaber<\/strong>.<\/p>\n<p data-start=\"5542\" data-end=\"5689\">Produktet er <strong data-start=\"5557\" data-end=\"5614\">ikke egnet til menneskelig eller animalsk konsum<\/strong> og b\u00f8r kun h\u00e5ndteres af kvalificeret laboratoriepersonale.<\/p>\n<hr data-start=\"5691\" data-end=\"5694\" \/>\n<h3 data-start=\"5696\" data-end=\"5727\"><strong data-start=\"5700\" data-end=\"5727\">N\u00f8glefunktioner<\/strong><\/h3>\n<ul data-start=\"5729\" data-end=\"6240\">\n<li data-start=\"5729\" data-end=\"5827\">\n<p data-start=\"5731\" data-end=\"5827\"><strong data-start=\"5731\" data-end=\"5751\">H\u00f8j renhed:<\/strong> Fremstillet for n\u00f8jagtighed og reproducerbare forskningsresultater.<\/p>\n<\/li>\n<li data-start=\"5828\" data-end=\"5937\">\n<p data-start=\"5830\" data-end=\"5937\"><strong data-start=\"5830\" data-end=\"5869\">Certificeret referencemateriale:<\/strong> Leveres med <strong data-start=\"5883\" data-end=\"5911\">analysecertifikat (COA)<\/strong> til kvalitetssikring.<\/p>\n<\/li>\n<li data-start=\"5938\" data-end=\"6035\">\n<p data-start=\"5940\" data-end=\"6035\"><strong data-start=\"5940\" data-end=\"5972\">Analytisk kompatibilitet:<\/strong> Velegnet til <strong data-start=\"5987\" data-end=\"5996\">GC-MS<\/strong>, <strong data-start=\"5998\" data-end=\"6007\">LC-MS<\/strong> og <strong data-start=\"6011\" data-end=\"6019\">HPLC<\/strong> applikationer.<\/p>\n<\/li>\n<li data-start=\"6036\" data-end=\"6141\">\n<p data-start=\"6038\" data-end=\"6141\"><strong data-start=\"6038\" data-end=\"6064\">Retsmedicinsk anvendelig:<\/strong> Anvendes i toksikologi, identifikation af forbindelser og spektrale referencer.<\/p>\n<\/li>\n<li data-start=\"6142\" data-end=\"6240\">\n<p data-start=\"6144\" data-end=\"6240\"><strong data-start=\"6144\" data-end=\"6171\">Stabil sammens\u00e6tning:<\/strong> Designet til langtidsopbevaring under laboratorieforhold.<\/p>\n<\/li>\n<\/ul>\n<hr data-start=\"6242\" data-end=\"6245\" \/>\n<h3 data-start=\"6247\" data-end=\"6264\"><strong data-start=\"6251\" data-end=\"6264\">Fordele<\/strong><\/h3>\n<ul data-start=\"6266\" data-end=\"6740\">\n<li data-start=\"6266\" data-end=\"6367\">\n<p data-start=\"6268\" data-end=\"6367\"><strong data-start=\"6268\" data-end=\"6305\">Underst\u00f8tter retsmedicinsk efterforskning:<\/strong> Hj\u00e6lper med identifikation og validering af aminorex-analoger.<\/p>\n<\/li>\n<li data-start=\"6368\" data-end=\"6448\">\n<p data-start=\"6370\" data-end=\"6448\"><strong data-start=\"6370\" data-end=\"6397\">P\u00e5lidelige resultater:<\/strong> Giver ensartede data til analytiske studier.<\/p>\n<\/li>\n<li data-start=\"6449\" data-end=\"6541\">\n<p data-start=\"6451\" data-end=\"6541\"><strong data-start=\"6451\" data-end=\"6477\">Uddannelsesm\u00e6ssig anvendelse:<\/strong> Velegnet til akademisk forskning i kemiske strukturer.<\/p>\n<\/li>\n<li data-start=\"6542\" data-end=\"6643\">\n<p data-start=\"6544\" data-end=\"6643\"><strong data-start=\"6544\" data-end=\"6574\">Toksikologisk relevans:<\/strong> Underst\u00f8tter studier af detektionsmetoder i biologiske pr\u00f8ver. <span class=\"___SBox_epc1q-ko_ ___SText_zko9t-ko_\" data-ui-name=\"Link.Text\">4b marts<\/span><\/p>\n<\/li>\n<li data-start=\"6644\" data-end=\"6740\">\n<p data-start=\"6646\" data-end=\"6740\"><strong data-start=\"6646\" data-end=\"6686\">Opfylder laboratoriestandarder:<\/strong> Produceret i henhold til strenge forskningsretningslinjer.<\/p>\n<\/li>\n<\/ul>\n<hr data-start=\"6742\" data-end=\"6745\" \/>\n<h3 data-start=\"6747\" data-end=\"6808\"><strong data-start=\"6751\" data-end=\"6808\">Brugsanvisning (kun til forskningsform\u00e5l)<\/strong><\/h3>\n<ol data-start=\"6810\" data-end=\"7175\">\n<li data-start=\"6810\" data-end=\"6928\">\n<p data-start=\"6813\" data-end=\"6928\"><strong data-start=\"6813\" data-end=\"6831\">Forberedelse:<\/strong> Brug i akkrediterede laboratorier med passende sikkerhedsudstyr (handsker, beskyttelsesbriller, laboratoriekittel).<\/p>\n<\/li>\n<li data-start=\"6929\" data-end=\"7018\">\n<p data-start=\"6932\" data-end=\"7018\"><strong data-start=\"6932\" data-end=\"6947\">Anvendelse:<\/strong> Brug i overensstemmelse med validerede analytiske eller retsmedicinske protokoller.<\/p>\n<\/li>\n<li data-start=\"7019\" data-end=\"7095\">\n<p data-start=\"7022\" data-end=\"7095\"><strong data-start=\"7022\" data-end=\"7033\">Opbevaring:<\/strong> Opbevares k\u00f8ligt, t\u00f8rt og m\u00f8rkt i t\u00e6tlukkede beholdere.<\/p>\n<\/li>\n<li data-start=\"7096\" data-end=\"7175\">\n<p data-start=\"7099\" data-end=\"7175\"><strong data-start=\"7099\" data-end=\"7110\">Bortskaffelse:<\/strong> Bortskaf rester i overensstemmelse med lokale retningslinjer for kemisk affald.<\/p>\n<\/li>\n<\/ol>\n<hr data-start=\"7177\" data-end=\"7180\" \/>\n<h3 data-start=\"7182\" data-end=\"7216\"><strong data-start=\"7186\" data-end=\"7216\">Sikkerhed og overholdelse<\/strong><\/h3>\n<ul data-start=\"7218\" data-end=\"7645\">\n<li data-start=\"7218\" data-end=\"7313\">\n<p data-start=\"7220\" data-end=\"7313\"><strong data-start=\"7220\" data-end=\"7256\">Kun til laboratoriebrug:<\/strong> Ikke egnet til konsum af mennesker eller dyr.<\/p>\n<\/li>\n<li data-start=\"7314\" data-end=\"7436\">\n<p data-start=\"7316\" data-end=\"7436\"><strong data-start=\"7316\" data-end=\"7344\">Juridiske overvejelser:<\/strong> Status for 4B-MAR kan variere fra land til land. Tjek altid de g\u00e6ldende regler.<\/p>\n<\/li>\n<li data-start=\"7437\" data-end=\"7520\">\n<p data-start=\"7439\" data-end=\"7520\"><strong data-start=\"7439\" data-end=\"7457\">Sikkert arbejde:<\/strong> Undg\u00e5 kontakt og brug i et godt ventileret omr\u00e5de.<\/p>\n<\/li>\n<li data-start=\"7521\" data-end=\"7645\">\n<p data-start=\"7523\" data-end=\"7645\"><strong data-start=\"7523\" data-end=\"7540\">Dokumentation:<\/strong> EN <strong data-start=\"7545\" data-end=\"7581\">sikkerhedsdatablad (MSDS)<\/strong> og <strong data-start=\"7585\" data-end=\"7613\">analysecertifikat (COA)<\/strong> er tilg\u00e6ngelige efter anmodning.<\/p>\n<\/li>\n<\/ul>\n<hr data-start=\"7647\" data-end=\"7650\" \/>\n<h3 data-start=\"7652\" data-end=\"7687\"><strong data-start=\"7656\" data-end=\"7687\">Ofte stillede sp\u00f8rgsm\u00e5l (FAQ)<\/strong><\/h3>\n<p data-start=\"7689\" data-end=\"7838\"><strong data-start=\"7689\" data-end=\"7727\">1. Hvad bruges 4B-MAR til?<\/strong><br data-start=\"7727\" data-end=\"7730\" \/>4B-MAR bruges som <strong data-start=\"7756\" data-end=\"7774\">referencestof<\/strong> i analytiske og retsmedicinske studier af aminorex-analoger.<\/p>\n<p data-start=\"7840\" data-end=\"8016\"><strong data-start=\"7840\" data-end=\"7891\">2. Er 4B-MAR sikkert til konsum?<\/strong><br data-start=\"7891\" data-end=\"7894\" \/>Nej. Dette produkt er <strong data-start=\"7914\" data-end=\"7952\">kun beregnet til forskningsform\u00e5l<\/strong> og <strong data-start=\"7956\" data-end=\"8013\">ikke egnet til menneskelig eller animalsk konsum<\/strong>.<\/p>\n<p data-start=\"8018\" data-end=\"8163\"><strong data-start=\"8018\" data-end=\"8059\">3. Hvordan skal 4B-MAR opbevares?<\/strong><br data-start=\"8059\" data-end=\"8062\" \/>Spar p\u00e5 en <strong data-start=\"8076\" data-end=\"8110\">k\u00f8ligt, t\u00f8rt og m\u00f8rkt sted<\/strong>, korrekt lukket og utilg\u00e6ngeligt for uautoriserede personer.<\/p>","protected":false},"excerpt":{"rendered":"<h2>4B-MART \/ <b>4&#039;-brom-4-methylaminorex <\/b>egenskaber<\/h2>\n<p><strong>Synonym: 4-methyl-5-(4-bromphenyl)-4,5-dihydro-1,3-oxazol-2-amin<br \/>\nCAS-nummer<\/strong>NVT<br \/>\n<strong>Formel<\/strong>: <span title=\"Kulstof\">C<\/span><sub>10<\/sub><span title=\"Brint\">H<\/span><sub>11<\/sub><span title=\"Fluor\">F<\/span><span title=\"Kv\u00e6lstof\">N<\/span><sub>2<\/sub><span title=\"Ilt\">\u00c5h<\/span><br \/>\n<strong>Mol\u00e6r masse<\/strong>: <span class=\"nowrap\">195.039<\/span> g mol<br \/>\n<strong>Renhed<\/strong>: \u226598%<\/p>","protected":false},"featured_media":28426,"comment_status":"closed","ping_status":"closed","template":"","meta":[],"product_brand":[],"product_cat":[552],"product_tag":[1111,648,326],"class_list":{"0":"post-23807","1":"product","2":"type-product","3":"status-publish","4":"has-post-thumbnail","6":"product_cat-aminorex","7":"product_tag-4b-mar-kopen","8":"product_tag-4b-mar","9":"product_tag-nl","11":"first","12":"instock","13":"taxable","14":"shipping-taxable","15":"purchasable","16":"product-type-variable"},"_links":{"self":[{"href":"https:\/\/researchchemicalhub.com\/da\/wp-json\/wp\/v2\/product\/23807","targetHints":{"allow":["GET"]}}],"collection":[{"href":"https:\/\/researchchemicalhub.com\/da\/wp-json\/wp\/v2\/product"}],"about":[{"href":"https:\/\/researchchemicalhub.com\/da\/wp-json\/wp\/v2\/types\/product"}],"replies":[{"embeddable":true,"href":"https:\/\/researchchemicalhub.com\/da\/wp-json\/wp\/v2\/comments?post=23807"}],"version-history":[{"count":4,"href":"https:\/\/researchchemicalhub.com\/da\/wp-json\/wp\/v2\/product\/23807\/revisions"}],"predecessor-version":[{"id":27952,"href":"https:\/\/researchchemicalhub.com\/da\/wp-json\/wp\/v2\/product\/23807\/revisions\/27952"}],"wp:featuredmedia":[{"embeddable":true,"href":"https:\/\/researchchemicalhub.com\/da\/wp-json\/wp\/v2\/media\/28426"}],"wp:attachment":[{"href":"https:\/\/researchchemicalhub.com\/da\/wp-json\/wp\/v2\/media?parent=23807"}],"wp:term":[{"taxonomy":"product_brand","embeddable":true,"href":"https:\/\/researchchemicalhub.com\/da\/wp-json\/wp\/v2\/product_brand?post=23807"},{"taxonomy":"product_cat","embeddable":true,"href":"https:\/\/researchchemicalhub.com\/da\/wp-json\/wp\/v2\/product_cat?post=23807"},{"taxonomy":"product_tag","embeddable":true,"href":"https:\/\/researchchemicalhub.com\/da\/wp-json\/wp\/v2\/product_tag?post=23807"}],"curies":[{"name":"wp","href":"https:\/\/api.w.org\/{rel}","templated":true}]}}