{"id":23801,"date":"2025-04-13T17:40:27","date_gmt":"2025-04-13T17:40:27","guid":{"rendered":"https:\/\/researchchemicalhub.com\/?post_type=product&#038;p=23801"},"modified":"2025-10-30T08:17:31","modified_gmt":"2025-10-30T08:17:31","slug":"4fmar","status":"publish","type":"product","link":"https:\/\/researchchemicalhub.com\/da\/butik\/aminorex\/4fmar\/","title":{"rendered":"4F-MAR (4-Fluoro-4-methylaminorex)"},"content":{"rendered":"<p data-start=\"4818\" data-end=\"5118\"><strong data-start=\"4818\" data-end=\"4856\">4F-MAR (4-Fluoro-4-methylaminorex)<\/strong> er en <strong data-start=\"4864\" data-end=\"4897\">syntetisk aminorex-derivat<\/strong> der tilh\u00f8rer den <strong data-start=\"4917\" data-end=\"4937\">oxazolinklasse<\/strong>Det bruges som <strong data-start=\"4962\" data-end=\"4985\">referencemateriale<\/strong> i analytiske og retsmedicinske laboratorier for at studere den kemiske struktur og egenskaber af lignende forbindelser. 4FMAR<\/p>\n<p data-start=\"5120\" data-end=\"5377\">Dette produkt er <strong data-start=\"5135\" data-end=\"5190\">udelukkende beregnet til videnskabelig forskning<\/strong> og <strong data-start=\"5194\" data-end=\"5251\">ikke egnet til menneskelig eller animalsk konsum<\/strong>Forskning i 4F-MAR bidrager til udviklingen af detektions- og analysemetoder inden for retsmedicinsk toksikologi.<\/p>\n<hr data-start=\"5379\" data-end=\"5382\" \/>\n<h3 data-start=\"5384\" data-end=\"5415\"><strong data-start=\"5388\" data-end=\"5415\">N\u00f8glefunktioner<\/strong><\/h3>\n<ul data-start=\"5417\" data-end=\"5939\">\n<li data-start=\"5417\" data-end=\"5519\">\n<p data-start=\"5419\" data-end=\"5519\"><strong data-start=\"5419\" data-end=\"5439\">H\u00f8j renhed:<\/strong> Fremstillet under kontrollerede forhold for p\u00e5lidelige resultater.<\/p>\n<\/li>\n<li data-start=\"5520\" data-end=\"5629\">\n<p data-start=\"5522\" data-end=\"5629\"><strong data-start=\"5522\" data-end=\"5561\">Certificeret referencemateriale:<\/strong> Leveres med <strong data-start=\"5575\" data-end=\"5603\">analysecertifikat (COA)<\/strong> og renhedsdata.<\/p>\n<\/li>\n<li data-start=\"5630\" data-end=\"5734\">\n<p data-start=\"5632\" data-end=\"5734\"><strong data-start=\"5632\" data-end=\"5658\">Retsmedicinsk anvendelig:<\/strong> Velegnet til kemisk profilering og toksikologisk referenceforskning. 4FMAR<\/p>\n<\/li>\n<li data-start=\"5735\" data-end=\"5837\">\n<p data-start=\"5737\" data-end=\"5837\"><strong data-start=\"5737\" data-end=\"5774\">Kompatibel med analyseudstyr:<\/strong> Velegnet til brug med <strong data-start=\"5801\" data-end=\"5810\">GC-MS<\/strong>, <strong data-start=\"5812\" data-end=\"5821\">LC-MS<\/strong>, og <strong data-start=\"5826\" data-end=\"5834\">HPLC<\/strong>.<\/p>\n<\/li>\n<li data-start=\"5838\" data-end=\"5939\">\n<p data-start=\"5840\" data-end=\"5939\"><strong data-start=\"5840\" data-end=\"5860\">Stabilt produkt:<\/strong> Designet til langtidsopbevaring under standard laboratorieforhold.<\/p>\n<\/li>\n<\/ul>\n<hr data-start=\"5941\" data-end=\"5944\" \/>\n<h3 data-start=\"5946\" data-end=\"5963\"><strong data-start=\"5950\" data-end=\"5963\">Fordele<\/strong><\/h3>\n<ul data-start=\"5965\" data-end=\"6483\">\n<li data-start=\"5965\" data-end=\"6078\">\n<p data-start=\"5967\" data-end=\"6078\"><strong data-start=\"5967\" data-end=\"6003\">Underst\u00f8tter retsmedicinsk analyse:<\/strong> Hj\u00e6lper med at identificere aminorex-analoger i forskningspr\u00f8ver.<\/p>\n<\/li>\n<li data-start=\"6079\" data-end=\"6182\">\n<p data-start=\"6081\" data-end=\"6182\"><strong data-start=\"6081\" data-end=\"6121\">\u00d8ger analytisk n\u00f8jagtighed:<\/strong> Giver en p\u00e5lidelig benchmark for laboratoriekalibrering.<\/p>\n<\/li>\n<li data-start=\"6183\" data-end=\"6284\">\n<p data-start=\"6185\" data-end=\"6284\"><strong data-start=\"6185\" data-end=\"6218\">Videnskabelig relevans:<\/strong> Velegnet til kemiske, strukturelle og toksikologiske unders\u00f8gelser.<\/p>\n<\/li>\n<li data-start=\"6285\" data-end=\"6383\">\n<p data-start=\"6287\" data-end=\"6383\"><strong data-start=\"6287\" data-end=\"6320\">Opfylder kvalitetsstandarder:<\/strong> Fremstillet i henhold til internationale laboratorieretningslinjer.<\/p>\n<\/li>\n<li data-start=\"6384\" data-end=\"6483\">\n<p data-start=\"6386\" data-end=\"6483\"><strong data-start=\"6386\" data-end=\"6417\">Bred forskningsanvendelsesmulighed:<\/strong> Anvendes i toksikologisk og analytisk uddannelse og forskning.<\/p>\n<\/li>\n<\/ul>\n<hr data-start=\"6485\" data-end=\"6488\" \/>\n<h3 data-start=\"6490\" data-end=\"6551\"><strong data-start=\"6494\" data-end=\"6551\">Brugsanvisning (kun til forskningsform\u00e5l)<\/strong><\/h3>\n<ol data-start=\"6553\" data-end=\"6940\">\n<li data-start=\"6553\" data-end=\"6655\">\n<p data-start=\"6556\" data-end=\"6655\"><strong data-start=\"6556\" data-end=\"6570\">H\u00e5ndtering:<\/strong> M\u00e5 kun anvendes i akkrediterede laboratorier med passende sikkerhedsudstyr.<\/p>\n<\/li>\n<li data-start=\"6656\" data-end=\"6746\">\n<p data-start=\"6659\" data-end=\"6746\"><strong data-start=\"6659\" data-end=\"6677\">Forberedelse:<\/strong> Fremstillet i henhold til validerede protokoller til analytisk testning.<\/p>\n<\/li>\n<li data-start=\"6747\" data-end=\"6848\">\n<p data-start=\"6750\" data-end=\"6848\"><strong data-start=\"6750\" data-end=\"6761\">Opbevaring:<\/strong> Opbevares k\u00f8ligt, t\u00f8rt og m\u00f8rkt, t\u00e6t lukket i en kemikaliebestandig beholder.<\/p>\n<\/li>\n<li data-start=\"6849\" data-end=\"6940\">\n<p data-start=\"6852\" data-end=\"6940\"><strong data-start=\"6852\" data-end=\"6863\">Bortskaffelse:<\/strong> Bortskaf rester i overensstemmelse med lokale retningslinjer for h\u00e5ndtering af kemisk affald.<\/p>\n<\/li>\n<\/ol>\n<hr data-start=\"6942\" data-end=\"6945\" \/>\n<h3 data-start=\"6947\" data-end=\"6981\"><strong data-start=\"6951\" data-end=\"6981\">Sikkerhed og overholdelse<\/strong><\/h3>\n<ul data-start=\"6983\" data-end=\"7382\">\n<li data-start=\"6983\" data-end=\"7077\">\n<p data-start=\"6985\" data-end=\"7077\"><strong data-start=\"6985\" data-end=\"7021\">Kun til laboratoriebrug:<\/strong> Ikke beregnet til konsum af mennesker eller dyr.<\/p>\n<\/li>\n<li data-start=\"7078\" data-end=\"7200\">\n<p data-start=\"7080\" data-end=\"7200\"><strong data-start=\"7080\" data-end=\"7108\">Juridiske overvejelser:<\/strong> Tjek altid lokale love vedr\u00f8rende besiddelse og brug af 4F-MAR.<\/p>\n<\/li>\n<li data-start=\"7201\" data-end=\"7257\">\n<p data-start=\"7203\" data-end=\"7257\"><strong data-start=\"7203\" data-end=\"7221\">Sikkert arbejde:<\/strong> Undg\u00e5 ind\u00e5nding og hudkontakt.<\/p>\n<\/li>\n<li data-start=\"7258\" data-end=\"7382\">\n<p data-start=\"7260\" data-end=\"7382\"><strong data-start=\"7260\" data-end=\"7277\">Dokumentation:<\/strong> EN <strong data-start=\"7282\" data-end=\"7318\">sikkerhedsdatablad (MSDS)<\/strong> og <strong data-start=\"7322\" data-end=\"7350\">analysecertifikat (COA)<\/strong> er tilg\u00e6ngelige efter anmodning.<\/p>\n<\/li>\n<\/ul>\n<hr data-start=\"7384\" data-end=\"7387\" \/>\n<h3 data-start=\"7389\" data-end=\"7424\"><strong data-start=\"7393\" data-end=\"7424\">Ofte stillede sp\u00f8rgsm\u00e5l (FAQ)<\/strong><\/h3>\n<p data-start=\"7426\" data-end=\"7579\"><strong data-start=\"7426\" data-end=\"7464\">1. Hvad bruges 4F-MAR til?<\/strong><br data-start=\"7464\" data-end=\"7467\" \/>4F-MAR bruges som <strong data-start=\"7493\" data-end=\"7511\">referencestof<\/strong> til analytiske og retsmedicinske unders\u00f8gelser af aminorex-analoger.<\/p>\n<p data-start=\"7581\" data-end=\"7755\"><strong data-start=\"7581\" data-end=\"7632\">2. Er 4F-MAR sikkert til konsum?<\/strong><br data-start=\"7632\" data-end=\"7635\" \/>Nej. Dette produkt er <strong data-start=\"7655\" data-end=\"7693\">kun beregnet til forskningsform\u00e5l<\/strong> og <strong data-start=\"7697\" data-end=\"7754\">ikke egnet til menneskelig eller animalsk konsum<\/strong>.<\/p>\n<p data-start=\"7757\" data-end=\"7871\"><strong data-start=\"7757\" data-end=\"7798\">3. Hvordan skal 4F-MAR opbevares?<\/strong><br data-start=\"7798\" data-end=\"7801\" \/>Opbevares k\u00f8ligt, m\u00f8rkt, t\u00e6t lukket og utilg\u00e6ngeligt for uvedkommende.<\/p>\n<p><em>.<a href=\"https:\/\/researchchemicalhub.com\/da\/butik\/iboga-ibogain\/iboga-rodbark\/\">iboga rodbark<\/a> <a href=\"https:\/\/researchchemicalhub.com\/da\/butik\/iboga-ibogain\/kob-ibogaine-hcl-online\/\">k\u00f8b ibogaine hcl online<\/a> <a href=\"https:\/\/researchchemicalhub.com\/da\/butik\/lysergamider\/1cp-lsd\/\">1cp lsd<\/a> <a href=\"https:\/\/researchchemicalhub.com\/da\/butik\/pellets\/o-dsmt-50-mg-pellets\/\">o-dsmt<\/a> <a href=\"https:\/\/researchchemicalhub.com\/da\/butik\/lysergamider\/1vlsd\/\">1vlsd<\/a>\u00a0<\/em><\/p>","protected":false},"excerpt":{"rendered":"<h2>4F-MART \/ <b>4\u2032-Fluoro-4-methylaminorex \/ 4-FPO<\/b> egenskaber<\/h2>\n<p><strong>CAS-nummer<\/strong>: 1364933-64-1<br \/>\n<strong>Formel<\/strong>: <span title=\"Kulstof\">C<\/span><sub>10<\/sub><span title=\"Brint\">H<\/span><sub>11<\/sub><span title=\"Fluor\">F<\/span><span title=\"Kv\u00e6lstof\">N<\/span><sub>2<\/sub><span title=\"Ilt\">\u00c5h<\/span><br \/>\n<strong>Mol\u00e6r masse<\/strong>: <span class=\"nowrap\">194.209<\/span> g mol<br \/>\n<strong>Renhed<\/strong>: \u226598%<\/p>","protected":false},"featured_media":28437,"comment_status":"closed","ping_status":"closed","template":"","meta":[],"product_brand":[],"product_cat":[552],"product_tag":[776,1110,326],"class_list":{"0":"post-23801","1":"product","2":"type-product","3":"status-publish","4":"has-post-thumbnail","6":"product_cat-aminorex","7":"product_tag-4fma","8":"product_tag-4fmar-kopen","9":"product_tag-nl","11":"first","12":"instock","13":"taxable","14":"shipping-taxable","15":"purchasable","16":"product-type-variable"},"_links":{"self":[{"href":"https:\/\/researchchemicalhub.com\/da\/wp-json\/wp\/v2\/product\/23801","targetHints":{"allow":["GET"]}}],"collection":[{"href":"https:\/\/researchchemicalhub.com\/da\/wp-json\/wp\/v2\/product"}],"about":[{"href":"https:\/\/researchchemicalhub.com\/da\/wp-json\/wp\/v2\/types\/product"}],"replies":[{"embeddable":true,"href":"https:\/\/researchchemicalhub.com\/da\/wp-json\/wp\/v2\/comments?post=23801"}],"version-history":[{"count":6,"href":"https:\/\/researchchemicalhub.com\/da\/wp-json\/wp\/v2\/product\/23801\/revisions"}],"predecessor-version":[{"id":27951,"href":"https:\/\/researchchemicalhub.com\/da\/wp-json\/wp\/v2\/product\/23801\/revisions\/27951"}],"wp:featuredmedia":[{"embeddable":true,"href":"https:\/\/researchchemicalhub.com\/da\/wp-json\/wp\/v2\/media\/28437"}],"wp:attachment":[{"href":"https:\/\/researchchemicalhub.com\/da\/wp-json\/wp\/v2\/media?parent=23801"}],"wp:term":[{"taxonomy":"product_brand","embeddable":true,"href":"https:\/\/researchchemicalhub.com\/da\/wp-json\/wp\/v2\/product_brand?post=23801"},{"taxonomy":"product_cat","embeddable":true,"href":"https:\/\/researchchemicalhub.com\/da\/wp-json\/wp\/v2\/product_cat?post=23801"},{"taxonomy":"product_tag","embeddable":true,"href":"https:\/\/researchchemicalhub.com\/da\/wp-json\/wp\/v2\/product_tag?post=23801"}],"curies":[{"name":"wp","href":"https:\/\/api.w.org\/{rel}","templated":true}]}}