{"id":23796,"date":"2025-04-13T17:40:27","date_gmt":"2025-04-13T17:40:27","guid":{"rendered":"https:\/\/researchchemicalhub.com\/?post_type=product&#038;p=23796"},"modified":"2025-10-30T08:16:06","modified_gmt":"2025-10-30T08:16:06","slug":"pyrazolam-3-mg-pellets","status":"publish","type":"product","link":"https:\/\/researchchemicalhub.com\/da\/shop\/benzodiazepinen\/pyrazolam-3-mg-pellets\/","title":{"rendered":"Pyrazolam 3 MG pellets"},"content":{"rendered":"<p data-start=\"4849\" data-end=\"5106\"><strong data-start=\"4849\" data-end=\"4862\">Pyrazolam<\/strong> er en <strong data-start=\"4870\" data-end=\"4897\">benzodiazepinderivat<\/strong> der bruges til <strong data-start=\"4922\" data-end=\"4978\">videnskabelig, analytisk og retsmedicinsk forskning<\/strong>. In pelletvorm dient het als een <strong data-start=\"5012\" data-end=\"5051\">nauwkeurig afgemeten referentiestof<\/strong> voor laboratoriumkalibratie en verbindingherkenning. pyrazolam<\/p>\n<p data-start=\"5108\" data-end=\"5428\">De <strong data-start=\"5111\" data-end=\"5137\">Pyrazolam 3 mg Pellets<\/strong> zijn uitsluitend bedoeld voor <strong data-start=\"5168\" data-end=\"5209\">onderzoek en analytische toepassingen<\/strong>De er <strong data-start=\"5219\" data-end=\"5276\">ikke egnet til menneskelig eller animalsk konsum<\/strong>. Laboratoria gebruiken deze pellets om benzodiazepine-analogen te bestuderen, detectiemethoden te ontwikkelen en toxicologische analyses uit te voeren.<\/p>\n<hr data-start=\"5430\" data-end=\"5433\" \/>\n<h3 data-start=\"5435\" data-end=\"5466\"><strong data-start=\"5439\" data-end=\"5466\">N\u00f8glefunktioner<\/strong><\/h3>\n<ul data-start=\"5468\" data-end=\"5962\">\n<li data-start=\"5468\" data-end=\"5569\">\n<p data-start=\"5470\" data-end=\"5569\"><strong data-start=\"5470\" data-end=\"5495\">Pr\u00e6cis dosering:<\/strong> Elke pellet bevat 3 mg Pyrazolam voor consistente onderzoeksresultaten.<\/p>\n<\/li>\n<li data-start=\"5570\" data-end=\"5663\">\n<p data-start=\"5572\" data-end=\"5663\"><strong data-start=\"5572\" data-end=\"5592\">H\u00f8j renhed:<\/strong> Geproduceerd onder strikte kwaliteitscontrole voor betrouwbare data.<\/p>\n<\/li>\n<li data-start=\"5664\" data-end=\"5763\">\n<p data-start=\"5666\" data-end=\"5763\"><strong data-start=\"5666\" data-end=\"5690\">Referencestandard:<\/strong> Geschikt voor analytische, toxicologische en forensische toepassingen.<\/p>\n<\/li>\n<li data-start=\"5764\" data-end=\"5868\">\n<p data-start=\"5766\" data-end=\"5868\"><strong data-start=\"5766\" data-end=\"5790\">Stabil pelletform:<\/strong> Gemakkelijk te bewaren, transporteren en hanteren zonder kwaliteitsverlies.<\/p>\n<\/li>\n<li data-start=\"5869\" data-end=\"5962\">\n<p data-start=\"5871\" data-end=\"5962\"><strong data-start=\"5871\" data-end=\"5888\">Dokumentation:<\/strong> Geleverd met een <strong data-start=\"5906\" data-end=\"5934\">analysecertifikat (COA)<\/strong> en zuiverheidsverklaring.<\/p>\n<\/li>\n<\/ul>\n<hr data-start=\"5964\" data-end=\"5967\" \/>\n<h3 data-start=\"5969\" data-end=\"5986\"><strong data-start=\"5973\" data-end=\"5986\">Fordele<\/strong><\/h3>\n<ul data-start=\"5988\" data-end=\"6467\">\n<li data-start=\"5988\" data-end=\"6105\">\n<p data-start=\"5990\" data-end=\"6105\"><strong data-start=\"5990\" data-end=\"6026\">Verhoogde Analytenauwkeurigheid:<\/strong> Ondersteunt kalibratie van chromatografische en spectrometrische apparatuur.<\/p>\n<\/li>\n<li data-start=\"6106\" data-end=\"6203\">\n<p data-start=\"6108\" data-end=\"6203\"><strong data-start=\"6108\" data-end=\"6134\">Retsmedicinsk anvendelig:<\/strong> Gebruikt bij detectie van benzodiazepinen in forensisch onderzoek.<\/p>\n<\/li>\n<li data-start=\"6204\" data-end=\"6292\">\n<p data-start=\"6206\" data-end=\"6292\"><strong data-start=\"6206\" data-end=\"6228\">Uddannelsesm\u00e6ssig v\u00e6rdi:<\/strong> Geschikt voor opleidingsprogramma\u2019s in chemie en toxicologie.<\/p>\n<\/li>\n<li data-start=\"6293\" data-end=\"6376\">\n<p data-start=\"6295\" data-end=\"6376\"><strong data-start=\"6295\" data-end=\"6326\">Reproduceerbare Resultaten:<\/strong> Pelletvorm minimaliseert variatie tussen tests.<\/p>\n<\/li>\n<li data-start=\"6377\" data-end=\"6467\">\n<p data-start=\"6379\" data-end=\"6467\"><strong data-start=\"6379\" data-end=\"6410\">Sikker brug i laboratoriet:<\/strong> Fremstillet i henhold til internationale sikkerhedsstandarder.<\/p>\n<\/li>\n<\/ul>\n<hr data-start=\"6469\" data-end=\"6472\" \/>\n<h3 data-start=\"6474\" data-end=\"6535\"><strong data-start=\"6478\" data-end=\"6535\">Brugsanvisning (kun til forskningsform\u00e5l)<\/strong><\/h3>\n<ol data-start=\"6537\" data-end=\"6883\">\n<li data-start=\"6537\" data-end=\"6639\">\n<p data-start=\"6540\" data-end=\"6639\"><strong data-start=\"6540\" data-end=\"6558\">Forberedelse:<\/strong> M\u00e5 kun anvendes i akkrediterede laboratorier med passende beskyttelsesudstyr.<\/p>\n<\/li>\n<li data-start=\"6640\" data-end=\"6732\">\n<p data-start=\"6643\" data-end=\"6732\"><strong data-start=\"6643\" data-end=\"6658\">Anvendelse:<\/strong> Gebruik volgens gevalideerde analytische of chromatografische methoden.<\/p>\n<\/li>\n<li data-start=\"6733\" data-end=\"6796\">\n<p data-start=\"6736\" data-end=\"6796\"><strong data-start=\"6736\" data-end=\"6747\">Opbevaring:<\/strong> Opbevares k\u00f8ligt, t\u00f8rt og m\u00f8rkt, godt lukket.<\/p>\n<\/li>\n<li data-start=\"6797\" data-end=\"6883\">\n<p data-start=\"6800\" data-end=\"6883\"><strong data-start=\"6800\" data-end=\"6811\">Bortskaffelse:<\/strong> Verwijder restanten volgens lokale voorschriften voor chemisch afval.<\/p>\n<\/li>\n<\/ol>\n<hr data-start=\"6885\" data-end=\"6888\" \/>\n<h3 data-start=\"6890\" data-end=\"6924\"><strong data-start=\"6894\" data-end=\"6924\">Sikkerhed og overholdelse<\/strong><\/h3>\n<ul data-start=\"6926\" data-end=\"7348\">\n<li data-start=\"6926\" data-end=\"7022\">\n<p data-start=\"6928\" data-end=\"7022\"><strong data-start=\"6928\" data-end=\"6966\">Kun til laboratorieforskning:<\/strong> Ikke beregnet til konsum af mennesker eller dyr.<\/p>\n<\/li>\n<li data-start=\"7023\" data-end=\"7150\">\n<p data-start=\"7025\" data-end=\"7150\"><strong data-start=\"7025\" data-end=\"7053\">Juridiske overvejelser:<\/strong> De wettelijke status van Pyrazolam varieert per land. Controleer altijd de lokale regelgeving.<\/p>\n<\/li>\n<li data-start=\"7151\" data-end=\"7257\">\n<p data-start=\"7153\" data-end=\"7257\"><strong data-start=\"7153\" data-end=\"7181\">Sundhed og sikkerhed:<\/strong> Vermijd inademing of huidcontact. Gebruik onder toezicht van deskundigen.<\/p>\n<\/li>\n<li data-start=\"7258\" data-end=\"7348\">\n<p data-start=\"7260\" data-end=\"7348\"><strong data-start=\"7260\" data-end=\"7277\">Dokumentation:<\/strong> EN <strong data-start=\"7282\" data-end=\"7318\">sikkerhedsdatablad (MSDS)<\/strong> er tilg\u00e6ngelig efter anmodning.<\/p>\n<\/li>\n<\/ul>\n<hr data-start=\"7350\" data-end=\"7353\" \/>\n<h3 data-start=\"7355\" data-end=\"7390\"><strong data-start=\"7359\" data-end=\"7390\">Ofte stillede sp\u00f8rgsm\u00e5l (FAQ)<\/strong><\/h3>\n<p data-start=\"7392\" data-end=\"7554\"><strong data-start=\"7392\" data-end=\"7447\">1. Waarvoor worden Pyrazolam 3 mg Pellets gebruikt?<\/strong><br data-start=\"7447\" data-end=\"7450\" \/>De bruges som <strong data-start=\"7473\" data-end=\"7496\">referencestandard<\/strong> voor analytisch, forensisch en toxicologisch onderzoek.<\/p>\n<p data-start=\"7556\" data-end=\"7735\"><strong data-start=\"7556\" data-end=\"7616\">2. Er disse pellets beregnet til konsum?<\/strong><br data-start=\"7616\" data-end=\"7619\" \/>Nej. Disse pellets er <strong data-start=\"7642\" data-end=\"7684\">uitsluitend voor laboratoriumonderzoek<\/strong> og <strong data-start=\"7688\" data-end=\"7732\">niet goedgekeurd voor medicinaal gebruik<\/strong>.<\/p>\n<p data-start=\"7737\" data-end=\"7893\"><strong data-start=\"7737\" data-end=\"7796\">3. Hoe moeten Pyrazolam 3 mg Pellets worden opgeslagen?<\/strong><br data-start=\"7796\" data-end=\"7799\" \/>Bewaar koel, droog en donker in een goed afgesloten container, uit de buurt van onbevoegden.<\/p>","protected":false},"excerpt":{"rendered":"<h2><span style=\"vertical-align: inherit;\"><span style=\"vertical-align: inherit;\">Pyrazolam 3 MG pellets properties<\/span><\/span><\/h2>\n<p><strong><span style=\"vertical-align: inherit;\"><span style=\"vertical-align: inherit;\">Synonym<\/span><\/span><\/strong><span style=\"vertical-align: inherit;\"><span style=\"vertical-align: inherit;\"> : <\/span><\/span><i><span style=\"vertical-align: inherit;\"><span style=\"vertical-align: inherit;\">8-bromo-1-methyl-6-(pyridin-2-yl)-4H-[1,2,4]triazolo[4,3-a][1,4]benzodiazepine <\/span><\/span><\/i><br \/>\n<strong><span style=\"vertical-align: inherit;\"><span style=\"vertical-align: inherit;\">CAS Number<\/span><\/span><\/strong><span style=\"vertical-align: inherit;\"><span style=\"vertical-align: inherit;\"> : 39243-02-2 <\/span><\/span><br \/>\n<strong><span style=\"vertical-align: inherit;\"><span style=\"vertical-align: inherit;\">Formula<\/span><\/span><\/strong><span style=\"vertical-align: inherit;\"><span style=\"vertical-align: inherit;\"> : C16H12BrN5 <\/span><\/span><br \/>\n<strong><span style=\"vertical-align: inherit;\"><span style=\"vertical-align: inherit;\">Molar Mass<\/span><\/span><\/strong><span style=\"vertical-align: inherit;\"><span style=\"vertical-align: inherit;\"> : 354.20 <\/span><\/span><br \/>\n<strong><span style=\"vertical-align: inherit;\"><span style=\"vertical-align: inherit;\">Purity<\/span><\/span><\/strong><span style=\"vertical-align: inherit;\"><span style=\"vertical-align: inherit;\"> : \u2265 99%<\/span><\/span><\/p>\n","protected":false},"featured_media":28596,"comment_status":"closed","ping_status":"closed","template":"","meta":[],"product_brand":[82],"product_cat":[76,324,389,395],"product_tag":[326,96,99,98],"class_list":{"0":"post-23796","1":"product","2":"type-product","3":"status-publish","4":"has-post-thumbnail","6":"product_brand-research-chemical","7":"product_cat-benzodiazepinen","8":"product_cat-pellets-for-pellet","9":"product_cat-pyrazolam-kopen","10":"product_cat-pyrazolam-pellets","11":"product_tag-nl","12":"product_tag-pyrazolam","13":"product_tag-pyrazolam-kopen","14":"product_tag-pyrazolam-werking","16":"first","17":"instock","18":"taxable","19":"shipping-taxable","20":"purchasable","21":"product-type-variable"},"_links":{"self":[{"href":"https:\/\/researchchemicalhub.com\/da\/wp-json\/wp\/v2\/product\/23796","targetHints":{"allow":["GET"]}}],"collection":[{"href":"https:\/\/researchchemicalhub.com\/da\/wp-json\/wp\/v2\/product"}],"about":[{"href":"https:\/\/researchchemicalhub.com\/da\/wp-json\/wp\/v2\/types\/product"}],"replies":[{"embeddable":true,"href":"https:\/\/researchchemicalhub.com\/da\/wp-json\/wp\/v2\/comments?post=23796"}],"version-history":[{"count":5,"href":"https:\/\/researchchemicalhub.com\/da\/wp-json\/wp\/v2\/product\/23796\/revisions"}],"predecessor-version":[{"id":25518,"href":"https:\/\/researchchemicalhub.com\/da\/wp-json\/wp\/v2\/product\/23796\/revisions\/25518"}],"wp:featuredmedia":[{"embeddable":true,"href":"https:\/\/researchchemicalhub.com\/da\/wp-json\/wp\/v2\/media\/28596"}],"wp:attachment":[{"href":"https:\/\/researchchemicalhub.com\/da\/wp-json\/wp\/v2\/media?parent=23796"}],"wp:term":[{"taxonomy":"product_brand","embeddable":true,"href":"https:\/\/researchchemicalhub.com\/da\/wp-json\/wp\/v2\/product_brand?post=23796"},{"taxonomy":"product_cat","embeddable":true,"href":"https:\/\/researchchemicalhub.com\/da\/wp-json\/wp\/v2\/product_cat?post=23796"},{"taxonomy":"product_tag","embeddable":true,"href":"https:\/\/researchchemicalhub.com\/da\/wp-json\/wp\/v2\/product_tag?post=23796"}],"curies":[{"name":"wp","href":"https:\/\/api.w.org\/{rel}","templated":true}]}}