{"id":23790,"date":"2025-04-13T17:40:26","date_gmt":"2025-04-13T17:40:26","guid":{"rendered":"https:\/\/researchchemicalhub.com\/?post_type=product&#038;p=23790"},"modified":"2025-10-30T08:21:45","modified_gmt":"2025-10-30T08:21:45","slug":"deschloretizolam-5-mg-pellets","status":"publish","type":"product","link":"https:\/\/researchchemicalhub.com\/da\/butik\/benzodiazepiner\/deschloretizolam-5-mg-pellets\/","title":{"rendered":"DeschloroEtizolam 5 MG pellets"},"content":{"rendered":"<p data-start=\"5079\" data-end=\"5377\"><strong data-start=\"5079\" data-end=\"5100\"><span dir=\"auto\" style=\"vertical-align: inherit;\"><span dir=\"auto\" style=\"vertical-align: inherit;\">Deschloretizolam<\/span><\/span><\/strong><span dir=\"auto\" style=\"vertical-align: inherit;\"><span dir=\"auto\" style=\"vertical-align: inherit;\"> er en <\/span><\/span><strong data-start=\"5108\" data-end=\"5138\"><span dir=\"auto\" style=\"vertical-align: inherit;\"><span dir=\"auto\" style=\"vertical-align: inherit;\">thienodiazepinforbindelse<\/span><\/span><\/strong><span dir=\"auto\" style=\"vertical-align: inherit;\"><span dir=\"auto\" style=\"vertical-align: inherit;\"> , besl\u00e6gtet med etizolam, og bruges som <\/span><\/span><strong data-start=\"5184\" data-end=\"5202\"><span dir=\"auto\" style=\"vertical-align: inherit;\"><span dir=\"auto\" style=\"vertical-align: inherit;\">et referencestof i analytiske og retsmedicinske laboratorier. Dette <\/span><\/span><\/strong><span dir=\"auto\" style=\"vertical-align: inherit;\"><span class=\"___SBox_epc1q-ko_ ___SText_zko9t-ko_\" data-ui-name=\"Link.Text\"><span dir=\"auto\" style=\"vertical-align: inherit;\">stof<\/span><\/span><span dir=\"auto\" style=\"vertical-align: inherit;\"> hj\u00e6lper forskere med at studere benzodiazepinanaloger og deres p\u00e5visning i kemiske eller biologiske pr\u00f8ver.<\/span><\/span><\/p>\n<p data-start=\"5379\" data-end=\"5643\"><span dir=\"auto\" style=\"vertical-align: inherit;\"><span dir=\"auto\" style=\"vertical-align: inherit;\">DeschloroEtizolam <\/span><\/span><strong data-start=\"5382\" data-end=\"5416\"><span dir=\"auto\" style=\"vertical-align: inherit;\"><span dir=\"auto\" style=\"vertical-align: inherit;\">5 mg pellets<\/span><\/span><\/strong><span dir=\"auto\" style=\"vertical-align: inherit;\"><span dir=\"auto\" style=\"vertical-align: inherit;\"> er designet til <\/span><\/span><strong data-start=\"5437\" data-end=\"5461\"><span dir=\"auto\" style=\"vertical-align: inherit;\"><span dir=\"auto\" style=\"vertical-align: inherit;\">analytisk forskning<\/span><\/span><\/strong><span dir=\"auto\" style=\"vertical-align: inherit;\"><span dir=\"auto\" style=\"vertical-align: inherit;\"> og <\/span><\/span><strong data-start=\"5465\" data-end=\"5495\"><span dir=\"auto\" style=\"vertical-align: inherit;\"><span dir=\"auto\" style=\"vertical-align: inherit;\">metodevalidering<\/span><\/span><\/strong><span dir=\"auto\" style=\"vertical-align: inherit;\"><span dir=\"auto\" style=\"vertical-align: inherit;\"> De er <\/span><\/span><strong data-start=\"5505\" data-end=\"5561\"><span dir=\"auto\" style=\"vertical-align: inherit;\"><span dir=\"auto\" style=\"vertical-align: inherit;\">ikke beregnet til konsum af mennesker eller dyr<\/span><\/span><\/strong><span dir=\"auto\" style=\"vertical-align: inherit;\"><span dir=\"auto\" style=\"vertical-align: inherit;\"> og b\u00f8r kun h\u00e5ndteres af kvalificeret laboratoriepersonale.<\/span><\/span><\/p>\n<hr data-start=\"5645\" data-end=\"5648\" \/>\n<h3 data-start=\"5650\" data-end=\"5681\"><strong data-start=\"5654\" data-end=\"5681\"><span dir=\"auto\" style=\"vertical-align: inherit;\"><span dir=\"auto\" style=\"vertical-align: inherit;\">N\u00f8glefunktioner<\/span><\/span><\/strong><\/h3>\n<ul data-start=\"5683\" data-end=\"6188\">\n<li data-start=\"5683\" data-end=\"5795\">\n<p data-start=\"5685\" data-end=\"5795\"><strong data-start=\"5685\" data-end=\"5705\"><span dir=\"auto\" style=\"vertical-align: inherit;\"><span dir=\"auto\" style=\"vertical-align: inherit;\">H\u00f8j renhed:<\/span><\/span><\/strong><span dir=\"auto\" style=\"vertical-align: inherit;\"><span dir=\"auto\" style=\"vertical-align: inherit;\"> Produceret under kontrollerede forhold for at opn\u00e5 p\u00e5lidelige forskningsresultater.<\/span><\/span><\/p>\n<\/li>\n<li data-start=\"5796\" data-end=\"5902\">\n<p data-start=\"5798\" data-end=\"5902\"><strong data-start=\"5798\" data-end=\"5830\"><span dir=\"auto\" style=\"vertical-align: inherit;\"><span dir=\"auto\" style=\"vertical-align: inherit;\">Standardiseret dosering:<\/span><\/span><\/strong><span dir=\"auto\" style=\"vertical-align: inherit;\"><span dir=\"auto\" style=\"vertical-align: inherit;\"> Hver pellet indeholder 5 mg DeschloroEtizolam for n\u00f8jagtig kalibrering.<\/span><\/span><\/p>\n<\/li>\n<li data-start=\"5903\" data-end=\"6014\">\n<p data-start=\"5905\" data-end=\"6014\"><strong data-start=\"5905\" data-end=\"5944\"><span dir=\"auto\" style=\"vertical-align: inherit;\"><span dir=\"auto\" style=\"vertical-align: inherit;\">Certificeret referencemateriale:<\/span><\/span><\/strong><span dir=\"auto\" style=\"vertical-align: inherit;\"><span dir=\"auto\" style=\"vertical-align: inherit;\"> Leveres med <\/span><\/span><strong data-start=\"5958\" data-end=\"5986\"><span dir=\"auto\" style=\"vertical-align: inherit;\"><span dir=\"auto\" style=\"vertical-align: inherit;\">Analysecertifikat (COA)<\/span><\/span><\/strong><span dir=\"auto\" style=\"vertical-align: inherit;\"><span dir=\"auto\" style=\"vertical-align: inherit;\"> og renhedsoplysninger.<\/span><\/span><\/p>\n<\/li>\n<li data-start=\"6015\" data-end=\"6100\">\n<p data-start=\"6017\" data-end=\"6100\"><strong data-start=\"6017\" data-end=\"6038\"><span dir=\"auto\" style=\"vertical-align: inherit;\"><span dir=\"auto\" style=\"vertical-align: inherit;\">Bred anvendelighed:<\/span><\/span><\/strong><span dir=\"auto\" style=\"vertical-align: inherit;\"><span dir=\"auto\" style=\"vertical-align: inherit;\"> Velegnet til <\/span><\/span><strong data-start=\"6053\" data-end=\"6062\"><span dir=\"auto\" style=\"vertical-align: inherit;\"><span dir=\"auto\" style=\"vertical-align: inherit;\">GC-MS<\/span><\/span><\/strong><span dir=\"auto\" style=\"vertical-align: inherit;\"><span dir=\"auto\" style=\"vertical-align: inherit;\"> , <\/span><\/span><strong data-start=\"6064\" data-end=\"6072\"><span dir=\"auto\" style=\"vertical-align: inherit;\"><span dir=\"auto\" style=\"vertical-align: inherit;\">HPLC<\/span><\/span><\/strong><span dir=\"auto\" style=\"vertical-align: inherit;\"><span dir=\"auto\" style=\"vertical-align: inherit;\"> og <\/span><\/span><strong data-start=\"6076\" data-end=\"6088\"><span dir=\"auto\" style=\"vertical-align: inherit;\"><span dir=\"auto\" style=\"vertical-align: inherit;\">LC-MS\/MS<\/span><\/span><\/strong><span dir=\"auto\" style=\"vertical-align: inherit;\"><span dir=\"auto\" style=\"vertical-align: inherit;\"> analyser.<\/span><\/span><\/p>\n<\/li>\n<li data-start=\"6101\" data-end=\"6188\">\n<p data-start=\"6103\" data-end=\"6188\"><strong data-start=\"6103\" data-end=\"6127\"><span dir=\"auto\" style=\"vertical-align: inherit;\"><span dir=\"auto\" style=\"vertical-align: inherit;\">Stabil pelletform:<\/span><\/span><\/strong><span dir=\"auto\" style=\"vertical-align: inherit;\"><span dir=\"auto\" style=\"vertical-align: inherit;\"> Bevarer kemisk integritet under opbevaring og transport.<\/span><\/span><\/p>\n<\/li>\n<\/ul>\n<hr data-start=\"6190\" data-end=\"6193\" \/>\n<h3 data-start=\"6195\" data-end=\"6212\"><strong data-start=\"6199\" data-end=\"6212\"><span dir=\"auto\" style=\"vertical-align: inherit;\"><span dir=\"auto\" style=\"vertical-align: inherit;\">Fordele<\/span><\/span><\/strong><\/h3>\n<ul data-start=\"6214\" data-end=\"6690\">\n<li data-start=\"6214\" data-end=\"6325\">\n<p data-start=\"6216\" data-end=\"6325\"><strong data-start=\"6216\" data-end=\"6253\"><span dir=\"auto\" style=\"vertical-align: inherit;\"><span dir=\"auto\" style=\"vertical-align: inherit;\">Underst\u00f8tter analytisk forskning:<\/span><\/span><\/strong><span dir=\"auto\" style=\"vertical-align: inherit;\"><span dir=\"auto\" style=\"vertical-align: inherit;\"> Hj\u00e6lper med at udvikle metoder til detektion af thienodiazepiner.<\/span><\/span><\/p>\n<\/li>\n<li data-start=\"6326\" data-end=\"6418\">\n<p data-start=\"6328\" data-end=\"6418\"><strong data-start=\"6328\" data-end=\"6355\"><span dir=\"auto\" style=\"vertical-align: inherit;\"><span dir=\"auto\" style=\"vertical-align: inherit;\">P\u00e5lidelig kalibrering:<\/span><\/span><\/strong><span dir=\"auto\" style=\"vertical-align: inherit;\"><span dir=\"auto\" style=\"vertical-align: inherit;\"> Giver ensartede referencepunkter for laboratorieanalyser.<\/span><\/span><\/p>\n<\/li>\n<li data-start=\"6419\" data-end=\"6516\">\n<p data-start=\"6421\" data-end=\"6516\"><strong data-start=\"6421\" data-end=\"6448\"><span dir=\"auto\" style=\"vertical-align: inherit;\"><span dir=\"auto\" style=\"vertical-align: inherit;\">Retsmedicinsk relevans:<\/span><\/span><\/strong><span dir=\"auto\" style=\"vertical-align: inherit;\"><span dir=\"auto\" style=\"vertical-align: inherit;\"> Anvendes i toksikologiske studier af benzodiazepinanaloger.<\/span><\/span><\/p>\n<\/li>\n<li data-start=\"6517\" data-end=\"6612\">\n<p data-start=\"6519\" data-end=\"6612\"><strong data-start=\"6519\" data-end=\"6550\"><span dir=\"auto\" style=\"vertical-align: inherit;\"><span dir=\"auto\" style=\"vertical-align: inherit;\">Sikker brug i laboratoriet:<\/span><\/span><\/strong><span dir=\"auto\" style=\"vertical-align: inherit;\"><span dir=\"auto\" style=\"vertical-align: inherit;\"> Fremstillet i henhold til internationale sikkerhedsretningslinjer.<\/span><\/span><\/p>\n<\/li>\n<li data-start=\"6613\" data-end=\"6690\">\n<p data-start=\"6615\" data-end=\"6690\"><strong data-start=\"6615\" data-end=\"6641\"><span dir=\"auto\" style=\"vertical-align: inherit;\"><span dir=\"auto\" style=\"vertical-align: inherit;\">Uddannelsesm\u00e6ssig anvendelse:<\/span><\/span><\/strong><span dir=\"auto\" style=\"vertical-align: inherit;\"><span dir=\"auto\" style=\"vertical-align: inherit;\"> Velegnet til akademiske forskningsprojekter.<\/span><\/span><\/p>\n<\/li>\n<\/ul>\n<hr data-start=\"6692\" data-end=\"6695\" \/>\n<h3 data-start=\"6697\" data-end=\"6758\"><strong data-start=\"6701\" data-end=\"6758\"><span dir=\"auto\" style=\"vertical-align: inherit;\"><span dir=\"auto\" style=\"vertical-align: inherit;\">Brugsanvisning (kun til forskningsform\u00e5l)<\/span><\/span><\/strong><\/h3>\n<ol data-start=\"6760\" data-end=\"7113\">\n<li data-start=\"6760\" data-end=\"6867\">\n<p data-start=\"6763\" data-end=\"6867\"><strong data-start=\"6763\" data-end=\"6781\"><span dir=\"auto\" style=\"vertical-align: inherit;\"><span dir=\"auto\" style=\"vertical-align: inherit;\">Forberedelse:<\/span><\/span><\/strong><span dir=\"auto\" style=\"vertical-align: inherit;\"><span dir=\"auto\" style=\"vertical-align: inherit;\"> Brug kun i akkrediterede laboratorier og b\u00e6r passende beskyttelsesudstyr.<\/span><\/span><\/p>\n<\/li>\n<li data-start=\"6868\" data-end=\"6963\">\n<p data-start=\"6871\" data-end=\"6963\"><strong data-start=\"6871\" data-end=\"6886\"><span dir=\"auto\" style=\"vertical-align: inherit;\"><span dir=\"auto\" style=\"vertical-align: inherit;\">Anvendelse:<\/span><\/span><\/strong><span dir=\"auto\" style=\"vertical-align: inherit;\"><span dir=\"auto\" style=\"vertical-align: inherit;\"> Bruges i henhold til validerede analytiske eller kromatografiske protokoller.<\/span><\/span><\/p>\n<\/li>\n<li data-start=\"6964\" data-end=\"7027\">\n<p data-start=\"6967\" data-end=\"7027\"><strong data-start=\"6967\" data-end=\"6978\"><span dir=\"auto\" style=\"vertical-align: inherit;\"><span dir=\"auto\" style=\"vertical-align: inherit;\">Opbevaring:<\/span><\/span><\/strong><span dir=\"auto\" style=\"vertical-align: inherit;\"><span dir=\"auto\" style=\"vertical-align: inherit;\"> Opbevares k\u00f8ligt, t\u00f8rt og m\u00f8rkt, t\u00e6t lukket.<\/span><\/span><\/p>\n<\/li>\n<li data-start=\"7028\" data-end=\"7113\">\n<p data-start=\"7031\" data-end=\"7113\"><strong data-start=\"7031\" data-end=\"7042\"><span dir=\"auto\" style=\"vertical-align: inherit;\"><span dir=\"auto\" style=\"vertical-align: inherit;\">Bortskaffelse:<\/span><\/span><\/strong><span dir=\"auto\" style=\"vertical-align: inherit;\"><span dir=\"auto\" style=\"vertical-align: inherit;\"> Bortskaf rester i overensstemmelse med lokale retningslinjer for kemisk affald.<\/span><\/span><\/p>\n<\/li>\n<\/ol>\n<hr data-start=\"7115\" data-end=\"7118\" \/>\n<h3 data-start=\"7120\" data-end=\"7154\"><strong data-start=\"7124\" data-end=\"7154\"><span dir=\"auto\" style=\"vertical-align: inherit;\"><span dir=\"auto\" style=\"vertical-align: inherit;\">Sikkerhed og overholdelse<\/span><\/span><\/strong><\/h3>\n<ul data-start=\"7156\" data-end=\"7614\">\n<li data-start=\"7156\" data-end=\"7253\">\n<p data-start=\"7158\" data-end=\"7253\"><strong data-start=\"7158\" data-end=\"7196\"><span dir=\"auto\" style=\"vertical-align: inherit;\"><span dir=\"auto\" style=\"vertical-align: inherit;\">Kun til laboratorieforskning:<\/span><\/span><\/strong><span dir=\"auto\" style=\"vertical-align: inherit;\"><span dir=\"auto\" style=\"vertical-align: inherit;\"> Ikke egnet til konsum af mennesker eller dyr.<\/span><\/span><\/p>\n<\/li>\n<li data-start=\"7254\" data-end=\"7383\">\n<p data-start=\"7256\" data-end=\"7383\"><strong data-start=\"7256\" data-end=\"7284\"><span dir=\"auto\" style=\"vertical-align: inherit;\"><span dir=\"auto\" style=\"vertical-align: inherit;\">Juridiske overvejelser:<\/span><\/span><\/strong><span dir=\"auto\" style=\"vertical-align: inherit;\"><span dir=\"auto\" style=\"vertical-align: inherit;\"> Status for DeschloroEtizolam kan variere fra land til land. Tjek altid dine lokale regler.<\/span><\/span><\/p>\n<\/li>\n<li data-start=\"7384\" data-end=\"7489\">\n<p data-start=\"7386\" data-end=\"7489\"><strong data-start=\"7386\" data-end=\"7414\"><span dir=\"auto\" style=\"vertical-align: inherit;\"><span dir=\"auto\" style=\"vertical-align: inherit;\">Sundhed og sikkerhed:<\/span><\/span><\/strong><span dir=\"auto\" style=\"vertical-align: inherit;\"><span dir=\"auto\" style=\"vertical-align: inherit;\"> Undg\u00e5 kontakt med hud og \u00f8jne. Brug i godt ventilerede omr\u00e5der.<\/span><\/span><\/p>\n<\/li>\n<li data-start=\"7490\" data-end=\"7614\">\n<p data-start=\"7492\" data-end=\"7614\"><strong data-start=\"7492\" data-end=\"7509\"><span dir=\"auto\" style=\"vertical-align: inherit;\"><span dir=\"auto\" style=\"vertical-align: inherit;\">Dokumentation:<\/span><\/span><\/strong><span dir=\"auto\" style=\"vertical-align: inherit;\"><span dir=\"auto\" style=\"vertical-align: inherit;\"> EN <\/span><\/span><strong data-start=\"7514\" data-end=\"7550\"><span dir=\"auto\" style=\"vertical-align: inherit;\"><span dir=\"auto\" style=\"vertical-align: inherit;\">Sikkerhedsdatablad (MSDS)<\/span><\/span><\/strong><span dir=\"auto\" style=\"vertical-align: inherit;\"><span dir=\"auto\" style=\"vertical-align: inherit;\"> og <\/span><\/span><strong data-start=\"7554\" data-end=\"7582\"><span dir=\"auto\" style=\"vertical-align: inherit;\"><span dir=\"auto\" style=\"vertical-align: inherit;\">Analysecertifikat (COA)<\/span><\/span><\/strong><span dir=\"auto\" style=\"vertical-align: inherit;\"><span dir=\"auto\" style=\"vertical-align: inherit;\"> er tilg\u00e6ngelige efter anmodning.<\/span><\/span><\/p>\n<\/li>\n<\/ul>\n<hr data-start=\"7616\" data-end=\"7619\" \/>\n<h3 data-start=\"7621\" data-end=\"7656\"><strong data-start=\"7625\" data-end=\"7656\"><span dir=\"auto\" style=\"vertical-align: inherit;\"><span dir=\"auto\" style=\"vertical-align: inherit;\">Ofte stillede sp\u00f8rgsm\u00e5l (FAQ)<\/span><\/span><\/strong><\/h3>\n<p data-start=\"7658\" data-end=\"7843\"><strong data-start=\"7658\" data-end=\"7721\"><span dir=\"auto\" style=\"vertical-align: inherit;\"><span dir=\"auto\" style=\"vertical-align: inherit;\">1. Hvad anvendes DeschloroEtizolam 5 mg pellets til?<\/span><\/span><\/strong><br data-start=\"7721\" data-end=\"7724\" \/><span dir=\"auto\" style=\"vertical-align: inherit;\"><span dir=\"auto\" style=\"vertical-align: inherit;\"> De bruges som <\/span><\/span><strong data-start=\"7747\" data-end=\"7770\"><span dir=\"auto\" style=\"vertical-align: inherit;\"><span dir=\"auto\" style=\"vertical-align: inherit;\">en referencestandard<\/span><\/span><\/strong><span dir=\"auto\" style=\"vertical-align: inherit;\"><span dir=\"auto\" style=\"vertical-align: inherit;\"> i retsmedicinske og toksikologiske unders\u00f8gelser af benzodiazepinanaloger.<\/span><\/span><\/p>\n<p data-start=\"7845\" data-end=\"8029\"><strong data-start=\"7845\" data-end=\"7905\"><span dir=\"auto\" style=\"vertical-align: inherit;\"><span dir=\"auto\" style=\"vertical-align: inherit;\">2. Er disse pellets beregnet til konsum?<\/span><\/span><\/strong><br data-start=\"7905\" data-end=\"7908\" \/><span dir=\"auto\" style=\"vertical-align: inherit;\"><span dir=\"auto\" style=\"vertical-align: inherit;\"> Nej. Disse pellets er <\/span><\/span><strong data-start=\"7931\" data-end=\"7981\"><span dir=\"auto\" style=\"vertical-align: inherit;\"><span dir=\"auto\" style=\"vertical-align: inherit;\">kun beregnet til laboratorieforskning<\/span><\/span><\/strong><span dir=\"auto\" style=\"vertical-align: inherit;\"><span dir=\"auto\" style=\"vertical-align: inherit;\"> og <\/span><\/span><strong data-start=\"7985\" data-end=\"8026\"><span dir=\"auto\" style=\"vertical-align: inherit;\"><span dir=\"auto\" style=\"vertical-align: inherit;\">er ikke godkendt til medicinsk brug<\/span><\/span><\/strong><span dir=\"auto\" style=\"vertical-align: inherit;\"><span dir=\"auto\" style=\"vertical-align: inherit;\"> .<\/span><\/span><\/p>\n<p data-start=\"8031\" data-end=\"8177\"><strong data-start=\"8031\" data-end=\"8093\"><span dir=\"auto\" style=\"vertical-align: inherit;\"><span dir=\"auto\" style=\"vertical-align: inherit;\">3. Hvordan skal DeschloroEtizolam-pellets opbevares?<\/span><\/span><\/strong><br data-start=\"8093\" data-end=\"8096\" \/><span dir=\"auto\" style=\"vertical-align: inherit;\"><span dir=\"auto\" style=\"vertical-align: inherit;\"> Opbevares k\u00f8ligt, t\u00f8rt, m\u00f8rkt, t\u00e6t lukket og utilg\u00e6ngeligt for uautoriserede personer.<\/span><\/span><\/p>","protected":false},"excerpt":{"rendered":"<h2><span dir=\"auto\" style=\"vertical-align: inherit;\"><span dir=\"auto\" style=\"vertical-align: inherit;\"><span dir=\"auto\" style=\"vertical-align: inherit;\"><span dir=\"auto\" style=\"vertical-align: inherit;\">DeschloroEtizolam pellets properties<\/span><\/span><\/span><\/span><\/h2>\n<p><strong><span dir=\"auto\" style=\"vertical-align: inherit;\"><span dir=\"auto\" style=\"vertical-align: inherit;\"><span dir=\"auto\" style=\"vertical-align: inherit;\"><span dir=\"auto\" style=\"vertical-align: inherit;\">Synonym<\/span><\/span><\/span><\/span><\/strong><span dir=\"auto\" style=\"vertical-align: inherit;\"><span dir=\"auto\" style=\"vertical-align: inherit;\"><span dir=\"auto\" style=\"vertical-align: inherit;\"><span dir=\"auto\" style=\"vertical-align: inherit;\"> : <\/span><\/span><\/span><\/span><i><span dir=\"auto\" style=\"vertical-align: inherit;\"><span dir=\"auto\" style=\"vertical-align: inherit;\"><span dir=\"auto\" style=\"vertical-align: inherit;\"><span dir=\"auto\" style=\"vertical-align: inherit;\">2-ethyl-9-methyl-4-phenyl-6H-thieno[3,2-f][1,2,4]triazolo[4,3-a][1,4]diazepine <\/span><\/span><\/span><\/span><\/i><br \/>\n<strong><span dir=\"auto\" style=\"vertical-align: inherit;\"><span dir=\"auto\" style=\"vertical-align: inherit;\"><span dir=\"auto\" style=\"vertical-align: inherit;\"><span dir=\"auto\" style=\"vertical-align: inherit;\">CAS Number<\/span><\/span><\/span><\/span><\/strong><span dir=\"auto\" style=\"vertical-align: inherit;\"><span dir=\"auto\" style=\"vertical-align: inherit;\"><span dir=\"auto\" style=\"vertical-align: inherit;\"><span dir=\"auto\" style=\"vertical-align: inherit;\"> : 40054-73-7 <\/span><\/span><\/span><\/span><br \/>\n<strong><span dir=\"auto\" style=\"vertical-align: inherit;\"><span dir=\"auto\" style=\"vertical-align: inherit;\"><span dir=\"auto\" style=\"vertical-align: inherit;\"><span dir=\"auto\" style=\"vertical-align: inherit;\">Formula<\/span><\/span><\/span><\/span><\/strong><span dir=\"auto\" style=\"vertical-align: inherit;\"><span dir=\"auto\" style=\"vertical-align: inherit;\"><span dir=\"auto\" style=\"vertical-align: inherit;\"><span dir=\"auto\" style=\"vertical-align: inherit;\"> : C17H16N4S <\/span><\/span><\/span><\/span><br \/>\n<strong><span dir=\"auto\" style=\"vertical-align: inherit;\"><span dir=\"auto\" style=\"vertical-align: inherit;\"><span dir=\"auto\" style=\"vertical-align: inherit;\"><span dir=\"auto\" style=\"vertical-align: inherit;\">Molar Mass<\/span><\/span><\/span><\/span><\/strong><span dir=\"auto\" style=\"vertical-align: inherit;\"><span dir=\"auto\" style=\"vertical-align: inherit;\"><span dir=\"auto\" style=\"vertical-align: inherit;\"><span dir=\"auto\" style=\"vertical-align: inherit;\"> : 308.4 <\/span><\/span><\/span><\/span><br \/>\n<strong><span dir=\"auto\" style=\"vertical-align: inherit;\"><span dir=\"auto\" style=\"vertical-align: inherit;\"><span dir=\"auto\" style=\"vertical-align: inherit;\"><span dir=\"auto\" style=\"vertical-align: inherit;\">Purity<\/span><\/span><\/span><\/span><\/strong><span dir=\"auto\" style=\"vertical-align: inherit;\"><span dir=\"auto\" style=\"vertical-align: inherit;\"><span dir=\"auto\" style=\"vertical-align: inherit;\"><span dir=\"auto\" style=\"vertical-align: inherit;\"> : \u2265 99%<\/span><\/span><\/span><\/span><\/p>\n","protected":false},"featured_media":28505,"comment_status":"closed","ping_status":"closed","template":"","meta":[],"product_brand":[],"product_cat":[76,354,391,324],"product_tag":[166,1112,326],"class_list":{"0":"post-23790","1":"product","2":"type-product","3":"status-publish","4":"has-post-thumbnail","6":"product_cat-benzodiazepinen","7":"product_cat-deschloroetizolam","8":"product_cat-deschloroetizolam-pellets","9":"product_cat-pellets-for-pellet","10":"product_tag-deschloroetizolam","11":"product_tag-deschloroetizolam-kopen","12":"product_tag-nl","14":"first","15":"instock","16":"taxable","17":"shipping-taxable","18":"purchasable","19":"product-type-variable"},"_links":{"self":[{"href":"https:\/\/researchchemicalhub.com\/da\/wp-json\/wp\/v2\/product\/23790","targetHints":{"allow":["GET"]}}],"collection":[{"href":"https:\/\/researchchemicalhub.com\/da\/wp-json\/wp\/v2\/product"}],"about":[{"href":"https:\/\/researchchemicalhub.com\/da\/wp-json\/wp\/v2\/types\/product"}],"replies":[{"embeddable":true,"href":"https:\/\/researchchemicalhub.com\/da\/wp-json\/wp\/v2\/comments?post=23790"}],"version-history":[{"count":6,"href":"https:\/\/researchchemicalhub.com\/da\/wp-json\/wp\/v2\/product\/23790\/revisions"}],"predecessor-version":[{"id":28704,"href":"https:\/\/researchchemicalhub.com\/da\/wp-json\/wp\/v2\/product\/23790\/revisions\/28704"}],"wp:featuredmedia":[{"embeddable":true,"href":"https:\/\/researchchemicalhub.com\/da\/wp-json\/wp\/v2\/media\/28505"}],"wp:attachment":[{"href":"https:\/\/researchchemicalhub.com\/da\/wp-json\/wp\/v2\/media?parent=23790"}],"wp:term":[{"taxonomy":"product_brand","embeddable":true,"href":"https:\/\/researchchemicalhub.com\/da\/wp-json\/wp\/v2\/product_brand?post=23790"},{"taxonomy":"product_cat","embeddable":true,"href":"https:\/\/researchchemicalhub.com\/da\/wp-json\/wp\/v2\/product_cat?post=23790"},{"taxonomy":"product_tag","embeddable":true,"href":"https:\/\/researchchemicalhub.com\/da\/wp-json\/wp\/v2\/product_tag?post=23790"}],"curies":[{"name":"wp","href":"https:\/\/api.w.org\/{rel}","templated":true}]}}