{"id":23766,"date":"2025-04-13T17:40:23","date_gmt":"2025-04-13T17:40:23","guid":{"rendered":"https:\/\/researchchemicalhub.com\/?post_type=product&#038;p=23766"},"modified":"2025-10-30T08:24:46","modified_gmt":"2025-10-30T08:24:46","slug":"fluetizolam-1-mg-pellets","status":"publish","type":"product","link":"https:\/\/researchchemicalhub.com\/da\/butik\/benzodiazepiner\/fluetizolam-1-mg-pellets\/","title":{"rendered":"Fluetizolam 1 MG pellets"},"content":{"rendered":"<p>&nbsp;<\/p>\n<p data-start=\"5358\" data-end=\"5627\"><strong data-start=\"5358\" data-end=\"5373\"><span dir=\"auto\" style=\"vertical-align: inherit;\"><span dir=\"auto\" style=\"vertical-align: inherit;\">Fluetizolam<\/span><\/span><\/strong><span dir=\"auto\" style=\"vertical-align: inherit;\"><span dir=\"auto\" style=\"vertical-align: inherit;\"> er en <\/span><\/span><strong data-start=\"5381\" data-end=\"5411\"><span dir=\"auto\" style=\"vertical-align: inherit;\"><span dir=\"auto\" style=\"vertical-align: inherit;\">thienodiazepinforbindelse<\/span><\/span><\/strong><span dir=\"auto\" style=\"vertical-align: inherit;\"><span dir=\"auto\" style=\"vertical-align: inherit;\"> related to etizolam. It is used as <\/span><\/span><strong data-start=\"5464\" data-end=\"5482\"><span dir=\"auto\" style=\"vertical-align: inherit;\"><span dir=\"auto\" style=\"vertical-align: inherit;\">et referencestof<\/span><\/span><\/strong><span dir=\"auto\" style=\"vertical-align: inherit;\"><span dir=\"auto\" style=\"vertical-align: inherit;\"> in analytical and forensic laboratories for studying and detecting thienodiazepine analogs in biological or chemical samples.<\/span><\/span><\/p>\n<p data-start=\"5629\" data-end=\"5896\"><span dir=\"auto\" style=\"vertical-align: inherit;\"><span dir=\"auto\" style=\"vertical-align: inherit;\">Fluetizolam <\/span><\/span><strong data-start=\"5632\" data-end=\"5660\"><span dir=\"auto\" style=\"vertical-align: inherit;\"><span dir=\"auto\" style=\"vertical-align: inherit;\">1 mg pellets<\/span><\/span><\/strong><span dir=\"auto\" style=\"vertical-align: inherit;\"><span dir=\"auto\" style=\"vertical-align: inherit;\"> er <\/span><\/span><strong data-start=\"5666\" data-end=\"5693\"><span dir=\"auto\" style=\"vertical-align: inherit;\"><span dir=\"auto\" style=\"vertical-align: inherit;\">precisely formulated<\/span><\/span><\/strong><span dir=\"auto\" style=\"vertical-align: inherit;\"><span dir=\"auto\" style=\"vertical-align: inherit;\"> for <\/span><\/span><strong data-start=\"5699\" data-end=\"5753\"><span dir=\"auto\" style=\"vertical-align: inherit;\"><span dir=\"auto\" style=\"vertical-align: inherit;\">qualitative and quantitative research purposes<\/span><\/span><\/strong><span dir=\"auto\" style=\"vertical-align: inherit;\"><span dir=\"auto\" style=\"vertical-align: inherit;\"> De er <\/span><\/span><strong data-start=\"5763\" data-end=\"5819\"><span dir=\"auto\" style=\"vertical-align: inherit;\"><span dir=\"auto\" style=\"vertical-align: inherit;\">ikke beregnet til konsum af mennesker eller dyr<\/span><\/span><\/strong><span dir=\"auto\" style=\"vertical-align: inherit;\"><span dir=\"auto\" style=\"vertical-align: inherit;\"> og b\u00f8r kun h\u00e5ndteres af kvalificeret laboratoriepersonale.<\/span><\/span><\/p>\n<hr data-start=\"5898\" data-end=\"5901\" \/>\n<h3 data-start=\"5903\" data-end=\"5934\"><strong data-start=\"5907\" data-end=\"5934\"><span dir=\"auto\" style=\"vertical-align: inherit;\"><span dir=\"auto\" style=\"vertical-align: inherit;\">N\u00f8glefunktioner<\/span><\/span><\/strong><\/h3>\n<ul data-start=\"5936\" data-end=\"6438\">\n<li data-start=\"5936\" data-end=\"6044\">\n<p data-start=\"5938\" data-end=\"6044\"><strong data-start=\"5938\" data-end=\"5958\"><span dir=\"auto\" style=\"vertical-align: inherit;\"><span dir=\"auto\" style=\"vertical-align: inherit;\">H\u00f8j renhed:<\/span><\/span><\/strong><span dir=\"auto\" style=\"vertical-align: inherit;\"><span dir=\"auto\" style=\"vertical-align: inherit;\"> Produced under strict laboratory conditions for reproducible results.<\/span><\/span><\/p>\n<\/li>\n<li data-start=\"6045\" data-end=\"6159\">\n<p data-start=\"6047\" data-end=\"6159\"><strong data-start=\"6047\" data-end=\"6079\"><span dir=\"auto\" style=\"vertical-align: inherit;\"><span dir=\"auto\" style=\"vertical-align: inherit;\">Standardiseret dosering:<\/span><\/span><\/strong><span dir=\"auto\" style=\"vertical-align: inherit;\"><span dir=\"auto\" style=\"vertical-align: inherit;\"> Hver pellet indeholder <\/span><\/span><strong data-start=\"6098\" data-end=\"6118\"><span dir=\"auto\" style=\"vertical-align: inherit;\"><span dir=\"auto\" style=\"vertical-align: inherit;\">1 mg fluetizolam<\/span><\/span><\/strong><span dir=\"auto\" style=\"vertical-align: inherit;\"><span dir=\"auto\" style=\"vertical-align: inherit;\"> for accurate analytical measurements.<\/span><\/span><\/p>\n<\/li>\n<li data-start=\"6160\" data-end=\"6246\">\n<p data-start=\"6162\" data-end=\"6246\"><strong data-start=\"6162\" data-end=\"6201\"><span dir=\"auto\" style=\"vertical-align: inherit;\"><span dir=\"auto\" style=\"vertical-align: inherit;\">Certificeret referencemateriale:<\/span><\/span><\/strong><span dir=\"auto\" style=\"vertical-align: inherit;\"><span dir=\"auto\" style=\"vertical-align: inherit;\"> Leveres med <\/span><\/span><strong data-start=\"6215\" data-end=\"6243\"><span dir=\"auto\" style=\"vertical-align: inherit;\"><span dir=\"auto\" style=\"vertical-align: inherit;\">Analysecertifikat (COA)<\/span><\/span><\/strong><span dir=\"auto\" style=\"vertical-align: inherit;\"><span dir=\"auto\" style=\"vertical-align: inherit;\"> .<\/span><\/span><\/p>\n<\/li>\n<li data-start=\"6247\" data-end=\"6342\">\n<p data-start=\"6249\" data-end=\"6342\"><strong data-start=\"6249\" data-end=\"6280\"><span dir=\"auto\" style=\"vertical-align: inherit;\"><span dir=\"auto\" style=\"vertical-align: inherit;\">Analytisk Alsidig:<\/span><\/span><\/strong><span dir=\"auto\" style=\"vertical-align: inherit;\"><span dir=\"auto\" style=\"vertical-align: inherit;\"> Velegnet til <\/span><\/span><strong data-start=\"6295\" data-end=\"6304\"><span dir=\"auto\" style=\"vertical-align: inherit;\"><span dir=\"auto\" style=\"vertical-align: inherit;\">GC-MS<\/span><\/span><\/strong><span dir=\"auto\" style=\"vertical-align: inherit;\"><span dir=\"auto\" style=\"vertical-align: inherit;\"> , <\/span><\/span><strong data-start=\"6306\" data-end=\"6314\"><span dir=\"auto\" style=\"vertical-align: inherit;\"><span dir=\"auto\" style=\"vertical-align: inherit;\">HPLC<\/span><\/span><\/strong><span dir=\"auto\" style=\"vertical-align: inherit;\"><span dir=\"auto\" style=\"vertical-align: inherit;\"> og <\/span><\/span><strong data-start=\"6318\" data-end=\"6330\"><span dir=\"auto\" style=\"vertical-align: inherit;\"><span dir=\"auto\" style=\"vertical-align: inherit;\">LC-MS\/MS<\/span><\/span><\/strong><span dir=\"auto\" style=\"vertical-align: inherit;\"><span dir=\"auto\" style=\"vertical-align: inherit;\"> analyser.<\/span><\/span><\/p>\n<\/li>\n<li data-start=\"6343\" data-end=\"6438\">\n<p data-start=\"6345\" data-end=\"6438\"><strong data-start=\"6345\" data-end=\"6366\"><span dir=\"auto\" style=\"vertical-align: inherit;\"><span dir=\"auto\" style=\"vertical-align: inherit;\">Stabil formel:<\/span><\/span><\/strong><span dir=\"auto\" style=\"vertical-align: inherit;\"><span dir=\"auto\" style=\"vertical-align: inherit;\"> Designed for long-term storage under controlled conditions.<\/span><\/span><\/p>\n<\/li>\n<\/ul>\n<hr data-start=\"6440\" data-end=\"6443\" \/>\n<h3 data-start=\"6445\" data-end=\"6462\"><strong data-start=\"6449\" data-end=\"6462\"><span dir=\"auto\" style=\"vertical-align: inherit;\"><span dir=\"auto\" style=\"vertical-align: inherit;\">Fordele<\/span><\/span><\/strong><\/h3>\n<ul data-start=\"6464\" data-end=\"6967\">\n<li data-start=\"6464\" data-end=\"6574\">\n<p data-start=\"6466\" data-end=\"6574\"><strong data-start=\"6466\" data-end=\"6502\"><span dir=\"auto\" style=\"vertical-align: inherit;\"><span dir=\"auto\" style=\"vertical-align: inherit;\">Supports Forensic Analysis:<\/span><\/span><\/strong><span dir=\"auto\" style=\"vertical-align: inherit;\"><span dir=\"auto\" style=\"vertical-align: inherit;\"> Aids in detection and quantification of thienodiazepine compounds.<\/span><\/span><\/p>\n<\/li>\n<li data-start=\"6575\" data-end=\"6667\">\n<p data-start=\"6577\" data-end=\"6667\"><strong data-start=\"6577\" data-end=\"6610\"><span dir=\"auto\" style=\"vertical-align: inherit;\"><span dir=\"auto\" style=\"vertical-align: inherit;\">Increased Measurement Accuracy:<\/span><\/span><\/strong><span dir=\"auto\" style=\"vertical-align: inherit;\"><span dir=\"auto\" style=\"vertical-align: inherit;\"> Ensures consistent calibration and reliable data.<\/span><\/span><\/p>\n<\/li>\n<li data-start=\"6668\" data-end=\"6768\">\n<p data-start=\"6670\" data-end=\"6768\"><strong data-start=\"6670\" data-end=\"6692\"><span dir=\"auto\" style=\"vertical-align: inherit;\"><span dir=\"auto\" style=\"vertical-align: inherit;\">Uddannelsesm\u00e6ssig v\u00e6rdi:<\/span><\/span><\/strong><span dir=\"auto\" style=\"vertical-align: inherit;\"><span dir=\"auto\" style=\"vertical-align: inherit;\"> Suitable for academic research projects in analytical toxicology.<\/span><\/span><\/p>\n<\/li>\n<li data-start=\"6769\" data-end=\"6867\">\n<p data-start=\"6771\" data-end=\"6867\"><strong data-start=\"6771\" data-end=\"6807\"><span dir=\"auto\" style=\"vertical-align: inherit;\"><span dir=\"auto\" style=\"vertical-align: inherit;\">Reliable Reference Standard:<\/span><\/span><\/strong><span dir=\"auto\" style=\"vertical-align: inherit;\"><span dir=\"auto\" style=\"vertical-align: inherit;\"> Supports toxicological and forensic methodologies.<\/span><\/span><\/p>\n<\/li>\n<li data-start=\"6868\" data-end=\"6967\">\n<p data-start=\"6870\" data-end=\"6967\"><strong data-start=\"6870\" data-end=\"6904\"><span dir=\"auto\" style=\"vertical-align: inherit;\"><span dir=\"auto\" style=\"vertical-align: inherit;\">Opfylder sikkerhedsstandarder:<\/span><\/span><\/strong><span dir=\"auto\" style=\"vertical-align: inherit;\"><span dir=\"auto\" style=\"vertical-align: inherit;\"> Fremstillet i henhold til internationale laboratorieretningslinjer.<\/span><\/span><\/p>\n<\/li>\n<\/ul>\n<hr data-start=\"6969\" data-end=\"6972\" \/>\n<h3 data-start=\"6974\" data-end=\"7035\"><strong data-start=\"6978\" data-end=\"7035\"><span dir=\"auto\" style=\"vertical-align: inherit;\"><span dir=\"auto\" style=\"vertical-align: inherit;\">Brugsanvisning (kun til forskningsform\u00e5l)<\/span><\/span><\/strong><\/h3>\n<ol data-start=\"7037\" data-end=\"7438\">\n<li data-start=\"7037\" data-end=\"7139\">\n<p data-start=\"7040\" data-end=\"7139\"><strong data-start=\"7040\" data-end=\"7058\"><span dir=\"auto\" style=\"vertical-align: inherit;\"><span dir=\"auto\" style=\"vertical-align: inherit;\">Forberedelse:<\/span><\/span><\/strong><span dir=\"auto\" style=\"vertical-align: inherit;\"><span dir=\"auto\" style=\"vertical-align: inherit;\"> Brug kun i akkrediterede laboratorier og b\u00e6r passende beskyttelsesudstyr.<\/span><\/span><\/p>\n<\/li>\n<li data-start=\"7140\" data-end=\"7280\">\n<p data-start=\"7143\" data-end=\"7280\"><strong data-start=\"7143\" data-end=\"7158\"><span dir=\"auto\" style=\"vertical-align: inherit;\"><span dir=\"auto\" style=\"vertical-align: inherit;\">Anvendelse:<\/span><\/span><\/strong><span dir=\"auto\" style=\"vertical-align: inherit;\"><span dir=\"auto\" style=\"vertical-align: inherit;\"> Use pellets for <\/span><\/span><strong data-start=\"7180\" data-end=\"7194\"><span dir=\"auto\" style=\"vertical-align: inherit;\"><span dir=\"auto\" style=\"vertical-align: inherit;\">kalibrering<\/span><\/span><\/strong><span dir=\"auto\" style=\"vertical-align: inherit;\"><span dir=\"auto\" style=\"vertical-align: inherit;\"> , <\/span><\/span><strong data-start=\"7196\" data-end=\"7214\"><span dir=\"auto\" style=\"vertical-align: inherit;\"><span dir=\"auto\" style=\"vertical-align: inherit;\">kromatografi<\/span><\/span><\/strong><span dir=\"auto\" style=\"vertical-align: inherit;\"><span dir=\"auto\" style=\"vertical-align: inherit;\"> eller <\/span><\/span><strong data-start=\"7218\" data-end=\"7244\"><span dir=\"auto\" style=\"vertical-align: inherit;\"><span dir=\"auto\" style=\"vertical-align: inherit;\">spectral comparison<\/span><\/span><\/strong><span dir=\"auto\" style=\"vertical-align: inherit;\"><span dir=\"auto\" style=\"vertical-align: inherit;\"> according to validated protocols.<\/span><\/span><\/p>\n<\/li>\n<li data-start=\"7281\" data-end=\"7344\">\n<p data-start=\"7284\" data-end=\"7344\"><strong data-start=\"7284\" data-end=\"7295\"><span dir=\"auto\" style=\"vertical-align: inherit;\"><span dir=\"auto\" style=\"vertical-align: inherit;\">Opbevaring:<\/span><\/span><\/strong><span dir=\"auto\" style=\"vertical-align: inherit;\"><span dir=\"auto\" style=\"vertical-align: inherit;\"> Opbevares k\u00f8ligt, t\u00f8rt og m\u00f8rkt, t\u00e6t lukket.<\/span><\/span><\/p>\n<\/li>\n<li data-start=\"7345\" data-end=\"7438\">\n<p data-start=\"7348\" data-end=\"7438\"><strong data-start=\"7348\" data-end=\"7359\"><span dir=\"auto\" style=\"vertical-align: inherit;\"><span dir=\"auto\" style=\"vertical-align: inherit;\">Bortskaffelse:<\/span><\/span><\/strong><span dir=\"auto\" style=\"vertical-align: inherit;\"><span dir=\"auto\" style=\"vertical-align: inherit;\"> Bortskaf rester i overensstemmelse med lokale retningslinjer for h\u00e5ndtering af kemisk affald.<\/span><\/span><\/p>\n<\/li>\n<\/ol>\n<hr data-start=\"7440\" data-end=\"7443\" \/>\n<h3 data-start=\"7445\" data-end=\"7479\"><strong data-start=\"7449\" data-end=\"7479\"><span dir=\"auto\" style=\"vertical-align: inherit;\"><span dir=\"auto\" style=\"vertical-align: inherit;\">Sikkerhed og overholdelse<\/span><\/span><\/strong><\/h3>\n<ul data-start=\"7481\" data-end=\"7915\">\n<li data-start=\"7481\" data-end=\"7576\">\n<p data-start=\"7483\" data-end=\"7576\"><strong data-start=\"7483\" data-end=\"7519\"><span dir=\"auto\" style=\"vertical-align: inherit;\"><span dir=\"auto\" style=\"vertical-align: inherit;\">Kun til laboratoriebrug:<\/span><\/span><\/strong><span dir=\"auto\" style=\"vertical-align: inherit;\"><span dir=\"auto\" style=\"vertical-align: inherit;\"> Ikke egnet til konsum af mennesker eller dyr.<\/span><\/span><\/p>\n<\/li>\n<li data-start=\"7577\" data-end=\"7684\">\n<p data-start=\"7579\" data-end=\"7684\"><strong data-start=\"7579\" data-end=\"7607\"><span dir=\"auto\" style=\"vertical-align: inherit;\"><span dir=\"auto\" style=\"vertical-align: inherit;\">Juridiske overvejelser:<\/span><\/span><\/strong><span dir=\"auto\" style=\"vertical-align: inherit;\"><span dir=\"auto\" style=\"vertical-align: inherit;\"> Always check local laws regarding the use of Fluetizolam.<\/span><\/span><\/p>\n<\/li>\n<li data-start=\"7685\" data-end=\"7790\">\n<p data-start=\"7687\" data-end=\"7790\"><strong data-start=\"7687\" data-end=\"7715\"><span dir=\"auto\" style=\"vertical-align: inherit;\"><span dir=\"auto\" style=\"vertical-align: inherit;\">Sundhed og sikkerhed:<\/span><\/span><\/strong><span dir=\"auto\" style=\"vertical-align: inherit;\"><span dir=\"auto\" style=\"vertical-align: inherit;\"> Avoid contact with skin and eyes; work in a well-ventilated area.<\/span><\/span><\/p>\n<\/li>\n<li data-start=\"7791\" data-end=\"7915\">\n<p data-start=\"7793\" data-end=\"7915\"><strong data-start=\"7793\" data-end=\"7810\"><span dir=\"auto\" style=\"vertical-align: inherit;\"><span dir=\"auto\" style=\"vertical-align: inherit;\">Dokumentation:<\/span><\/span><\/strong><span dir=\"auto\" style=\"vertical-align: inherit;\"><span dir=\"auto\" style=\"vertical-align: inherit;\"> EN <\/span><\/span><strong data-start=\"7815\" data-end=\"7851\"><span dir=\"auto\" style=\"vertical-align: inherit;\"><span dir=\"auto\" style=\"vertical-align: inherit;\">Sikkerhedsdatablad (MSDS)<\/span><\/span><\/strong><span dir=\"auto\" style=\"vertical-align: inherit;\"><span dir=\"auto\" style=\"vertical-align: inherit;\"> og <\/span><\/span><strong data-start=\"7855\" data-end=\"7883\"><span dir=\"auto\" style=\"vertical-align: inherit;\"><span dir=\"auto\" style=\"vertical-align: inherit;\">Analysecertifikat (COA)<\/span><\/span><\/strong><span dir=\"auto\" style=\"vertical-align: inherit;\"><span dir=\"auto\" style=\"vertical-align: inherit;\"> er tilg\u00e6ngelige efter anmodning.<\/span><\/span><\/p>\n<\/li>\n<\/ul>\n<hr data-start=\"7917\" data-end=\"7920\" \/>\n<h3 data-start=\"7922\" data-end=\"7957\"><strong data-start=\"7926\" data-end=\"7957\"><span dir=\"auto\" style=\"vertical-align: inherit;\"><span dir=\"auto\" style=\"vertical-align: inherit;\">Ofte stillede sp\u00f8rgsm\u00e5l (FAQ)<\/span><\/span><\/strong><\/h3>\n<p data-start=\"7959\" data-end=\"8103\"><strong data-start=\"7959\" data-end=\"8002\"><span dir=\"auto\" style=\"vertical-align: inherit;\"><span dir=\"auto\" style=\"vertical-align: inherit;\">1. What is fluetizolam used for?<\/span><\/span><\/strong><br data-start=\"8002\" data-end=\"8005\" \/><span dir=\"auto\" style=\"vertical-align: inherit;\"><span dir=\"auto\" style=\"vertical-align: inherit;\"> Fluetizolam is used as <\/span><\/span><strong data-start=\"8036\" data-end=\"8059\"><span dir=\"auto\" style=\"vertical-align: inherit;\"><span dir=\"auto\" style=\"vertical-align: inherit;\">en referencestandard<\/span><\/span><\/strong><span dir=\"auto\" style=\"vertical-align: inherit;\"><span dir=\"auto\" style=\"vertical-align: inherit;\"> i retsmedicinsk og toksikologisk forskning.<\/span><\/span><\/p>\n<p data-start=\"8105\" data-end=\"8272\"><strong data-start=\"8105\" data-end=\"8163\"><span dir=\"auto\" style=\"vertical-align: inherit;\"><span dir=\"auto\" style=\"vertical-align: inherit;\">2. Is Fluetizolam suitable for human consumption?<\/span><\/span><\/strong><br data-start=\"8163\" data-end=\"8166\" \/><span dir=\"auto\" style=\"vertical-align: inherit;\"><span dir=\"auto\" style=\"vertical-align: inherit;\"> Nej. Dette produkt er <\/span><\/span><strong data-start=\"8186\" data-end=\"8224\"><span dir=\"auto\" style=\"vertical-align: inherit;\"><span dir=\"auto\" style=\"vertical-align: inherit;\">for research use only<\/span><\/span><\/strong><span dir=\"auto\" style=\"vertical-align: inherit;\"><span dir=\"auto\" style=\"vertical-align: inherit;\"> og <\/span><\/span><strong data-start=\"8228\" data-end=\"8269\"><span dir=\"auto\" style=\"vertical-align: inherit;\"><span dir=\"auto\" style=\"vertical-align: inherit;\">er ikke godkendt til medicinsk brug<\/span><\/span><\/strong><span dir=\"auto\" style=\"vertical-align: inherit;\"><span dir=\"auto\" style=\"vertical-align: inherit;\"> .<\/span><\/span><\/p>\n<p data-start=\"8274\" data-end=\"8419\"><strong data-start=\"8274\" data-end=\"8335\"><span dir=\"auto\" style=\"vertical-align: inherit;\"><span dir=\"auto\" style=\"vertical-align: inherit;\">3. How should Fluetizolam 1 mg Pellets be stored?<\/span><\/span><\/strong><br data-start=\"8335\" data-end=\"8338\" \/><span dir=\"auto\" style=\"vertical-align: inherit;\"><span dir=\"auto\" style=\"vertical-align: inherit;\"> Opbevares k\u00f8ligt, t\u00f8rt, m\u00f8rkt, t\u00e6t lukket og utilg\u00e6ngeligt for uautoriserede personer.<\/span><\/span><\/p>\n<p><a href=\"https:\/\/researchchemicalhub.com\/da\/butik\/lysergamider\/1v-lsd-150-mcg-blotters\/\"><span dir=\"auto\" style=\"vertical-align: inherit;\"><span dir=\"auto\" style=\"vertical-align: inherit;\">1V-LSD 150 MCG Blotters <\/span><\/span><\/a><a href=\"https:\/\/researchchemicalhub.com\/da\/butik\/naesten-forbudt\/6-cl-adba\/\"><span dir=\"auto\" style=\"vertical-align: inherit;\"><span dir=\"auto\" style=\"vertical-align: inherit;\">6-CL-ADBA <\/span><\/span><\/a><a href=\"https:\/\/researchchemicalhub.com\/da\/butik\/katinoner\/kob-2-cm-2\/\"><span dir=\"auto\" style=\"vertical-align: inherit;\"><span dir=\"auto\" style=\"vertical-align: inherit;\">2-CMC 250 mg pellets <\/span><\/span><\/a><a href=\"https:\/\/researchchemicalhub.com\/da\/butik\/phenethylamin\/2c-ef-2mg-kapsler\/\"><span dir=\"auto\" style=\"vertical-align: inherit;\"><span dir=\"auto\" style=\"vertical-align: inherit;\">2C-EF 2 mg kapsler <\/span><\/span><\/a><a href=\"https:\/\/researchchemicalhub.com\/da\/butik\/andre\/meai\/\"><span dir=\"auto\" style=\"vertical-align: inherit;\"><span dir=\"auto\" style=\"vertical-align: inherit;\">MEAI<\/span><\/span><\/a><\/p>","protected":false},"excerpt":{"rendered":"<h2><span dir=\"auto\" style=\"vertical-align: inherit;\"><span dir=\"auto\" style=\"vertical-align: inherit;\">Fluetizolam pellets properties<\/span><\/span><\/h2>\n<p><strong><span dir=\"auto\" style=\"vertical-align: inherit;\"><span dir=\"auto\" style=\"vertical-align: inherit;\">Synonym<\/span><\/span><\/strong><span dir=\"auto\" style=\"vertical-align: inherit;\"><span dir=\"auto\" style=\"vertical-align: inherit;\"> : <\/span><\/span><b><span dir=\"auto\" style=\"vertical-align: inherit;\"><span dir=\"auto\" style=\"vertical-align: inherit;\">2-ethyl-4-(2-fluorophenyl)-9-methyl-6H-thieno[3,2-f][1,2,4]triazolo[4,3-a][1,4]diazepine <\/span><\/span><\/b><br \/>\n<strong><span dir=\"auto\" style=\"vertical-align: inherit;\"><span dir=\"auto\" style=\"vertical-align: inherit;\">CAS Number<\/span><\/span><\/strong><span dir=\"auto\" style=\"vertical-align: inherit;\"><span dir=\"auto\" style=\"vertical-align: inherit;\"> : 40054-88-4 <\/span><\/span><br \/>\n<strong><span dir=\"auto\" style=\"vertical-align: inherit;\"><span dir=\"auto\" style=\"vertical-align: inherit;\">Formula<\/span><\/span><\/strong><span dir=\"auto\" style=\"vertical-align: inherit;\"><span dir=\"auto\" style=\"vertical-align: inherit;\"> : <\/span><\/span><span title=\"Carbon\"><span dir=\"auto\" style=\"vertical-align: inherit;\"><span dir=\"auto\" style=\"vertical-align: inherit;\">C <\/span><\/span><\/span><sub><span dir=\"auto\" style=\"vertical-align: inherit;\"><span dir=\"auto\" style=\"vertical-align: inherit;\">17 <\/span><\/span><\/sub><span title=\"Hydrogen\"><span dir=\"auto\" style=\"vertical-align: inherit;\"><span dir=\"auto\" style=\"vertical-align: inherit;\">H <\/span><\/span><\/span><sub><span dir=\"auto\" style=\"vertical-align: inherit;\"><span dir=\"auto\" style=\"vertical-align: inherit;\">15 <\/span><\/span><\/sub><span title=\"Fluorine\"><span dir=\"auto\" style=\"vertical-align: inherit;\"><span dir=\"auto\" style=\"vertical-align: inherit;\">F <\/span><\/span><\/span><span title=\"Nitrogen\"><span dir=\"auto\" style=\"vertical-align: inherit;\"><span dir=\"auto\" style=\"vertical-align: inherit;\">N <\/span><\/span><\/span><sub><span dir=\"auto\" style=\"vertical-align: inherit;\"><span dir=\"auto\" style=\"vertical-align: inherit;\">4 <\/span><\/span><\/sub><span title=\"Sulfur\"><span dir=\"auto\" style=\"vertical-align: inherit;\"><span dir=\"auto\" style=\"vertical-align: inherit;\">S <\/span><\/span><\/span><br \/>\n<strong><span dir=\"auto\" style=\"vertical-align: inherit;\"><span dir=\"auto\" style=\"vertical-align: inherit;\">Molar mass<\/span><\/span><\/strong><span dir=\"auto\" style=\"vertical-align: inherit;\"><span dir=\"auto\" style=\"vertical-align: inherit;\"> : 342.8 g\/mol <\/span><\/span><br \/>\n<strong><span dir=\"auto\" style=\"vertical-align: inherit;\"><span dir=\"auto\" style=\"vertical-align: inherit;\">Purity<\/span><\/span><\/strong><span dir=\"auto\" style=\"vertical-align: inherit;\"><span dir=\"auto\" style=\"vertical-align: inherit;\"> : \u2265 99%<\/span><\/span><\/p>\n","protected":false},"featured_media":28531,"comment_status":"closed","ping_status":"closed","template":"","meta":[],"product_brand":[],"product_cat":[76,550,551,324],"product_tag":[614,615,326],"class_list":{"0":"post-23766","1":"product","2":"type-product","3":"status-publish","4":"has-post-thumbnail","6":"product_cat-benzodiazepinen","7":"product_cat-fluetizolam","8":"product_cat-fluetizolam-pellets","9":"product_cat-pellets-for-pellet","10":"product_tag-fluetizolam","11":"product_tag-fluetizolam-kopen","12":"product_tag-nl","14":"first","15":"instock","16":"taxable","17":"shipping-taxable","18":"purchasable","19":"product-type-variable"},"_links":{"self":[{"href":"https:\/\/researchchemicalhub.com\/da\/wp-json\/wp\/v2\/product\/23766","targetHints":{"allow":["GET"]}}],"collection":[{"href":"https:\/\/researchchemicalhub.com\/da\/wp-json\/wp\/v2\/product"}],"about":[{"href":"https:\/\/researchchemicalhub.com\/da\/wp-json\/wp\/v2\/types\/product"}],"replies":[{"embeddable":true,"href":"https:\/\/researchchemicalhub.com\/da\/wp-json\/wp\/v2\/comments?post=23766"}],"version-history":[{"count":6,"href":"https:\/\/researchchemicalhub.com\/da\/wp-json\/wp\/v2\/product\/23766\/revisions"}],"predecessor-version":[{"id":28706,"href":"https:\/\/researchchemicalhub.com\/da\/wp-json\/wp\/v2\/product\/23766\/revisions\/28706"}],"wp:featuredmedia":[{"embeddable":true,"href":"https:\/\/researchchemicalhub.com\/da\/wp-json\/wp\/v2\/media\/28531"}],"wp:attachment":[{"href":"https:\/\/researchchemicalhub.com\/da\/wp-json\/wp\/v2\/media?parent=23766"}],"wp:term":[{"taxonomy":"product_brand","embeddable":true,"href":"https:\/\/researchchemicalhub.com\/da\/wp-json\/wp\/v2\/product_brand?post=23766"},{"taxonomy":"product_cat","embeddable":true,"href":"https:\/\/researchchemicalhub.com\/da\/wp-json\/wp\/v2\/product_cat?post=23766"},{"taxonomy":"product_tag","embeddable":true,"href":"https:\/\/researchchemicalhub.com\/da\/wp-json\/wp\/v2\/product_tag?post=23766"}],"curies":[{"name":"wp","href":"https:\/\/api.w.org\/{rel}","templated":true}]}}