{"id":23617,"date":"2025-04-13T17:40:06","date_gmt":"2025-04-13T17:40:06","guid":{"rendered":"https:\/\/researchchemicalhub.com\/?post_type=product&#038;p=23617"},"modified":"2025-10-30T09:12:53","modified_gmt":"2025-10-30T09:12:53","slug":"2-fma-kob-2","status":"publish","type":"product","link":"https:\/\/researchchemicalhub.com\/da\/butik\/kob-2-fma\/2-fma-kob-2\/","title":{"rendered":"2-FMA 30 MG pellets (2-fluoromethamfetamin)"},"content":{"rendered":"<h1><strong>2FMA 30 MG Pellets (2-Fluoroamphetamin) \u2013 Videnskabelig produktbeskrivelse<\/strong><\/h1>\n<p data-start=\"3706\" data-end=\"4029\"><strong data-start=\"3706\" data-end=\"3741\">2-FMA (2-Fluormethamphetamin)<\/strong> 30 MG pellets er <strong data-start=\"3761\" data-end=\"3807\">forskningsforbindelser med h\u00f8j renhed<\/strong>, designet til <strong data-start=\"3824\" data-end=\"3877\">neurovidenskabelig og farmakologisk forskning<\/strong>K\u00f8b 2 fma<br data-start=\"3878\" data-end=\"3881\" \/>Som en fluoreret variant af metamfetamin er 2-FMA interessant for studier af <strong data-start=\"3956\" data-end=\"3986\">neurotransmitteraktivitet<\/strong> og <strong data-start=\"3990\" data-end=\"4026\">mekanismer i centralnervesystemet<\/strong>.<\/p>\n<p data-start=\"4031\" data-end=\"4237\">Hver pellet indeholder <strong data-start=\"4049\" data-end=\"4072\">30 mg ren 2-FMA<\/strong>Omhyggeligt afm\u00e5lt for pr\u00e6cis dosering og reproducerbare forskningsresultater. Den stabile pelletform g\u00f8r opbevaring og h\u00e5ndtering nemmere og sikrere.<\/p>\n<blockquote data-start=\"4239\" data-end=\"4377\">\n<p data-start=\"4241\" data-end=\"4377\">\u26a0\ufe0f <strong data-start=\"4244\" data-end=\"4255\">NB:<\/strong> Dette produkt er <strong data-start=\"4271\" data-end=\"4326\">udelukkende beregnet til videnskabelig forskning<\/strong> og <strong data-start=\"4330\" data-end=\"4374\">ikke egnet til konsum<\/strong>.<\/p>\n<\/blockquote>\n<hr data-start=\"4379\" data-end=\"4382\" \/>\n<h3 data-start=\"4384\" data-end=\"4415\"><strong data-start=\"4388\" data-end=\"4415\">N\u00f8glefunktioner<\/strong><\/h3>\n<ul data-start=\"4416\" data-end=\"4852\">\n<li data-start=\"4416\" data-end=\"4511\">\n<p data-start=\"4418\" data-end=\"4511\"><strong data-start=\"4418\" data-end=\"4444\">H\u00f8j renhed (\u226599%)<\/strong> \u2013 Laboratorietestet for maksimal kvalitet og p\u00e5lidelighed.<\/p>\n<\/li>\n<li data-start=\"4512\" data-end=\"4600\">\n<p data-start=\"4514\" data-end=\"4600\"><strong data-start=\"4514\" data-end=\"4557\">Pr\u00e6cis dosering (30 mg pr. pille)<\/strong> \u2013 For ensartede forskningsresultater.<\/p>\n<\/li>\n<li data-start=\"4601\" data-end=\"4687\">\n<p data-start=\"4603\" data-end=\"4687\"><strong data-start=\"4603\" data-end=\"4629\">Forbedret stabilitet<\/strong> \u2013 Pelletform forhindrer nedbrydning og forl\u00e6nger holdbarheden.<\/p>\n<\/li>\n<li data-start=\"4688\" data-end=\"4767\">\n<p data-start=\"4690\" data-end=\"4767\"><strong data-start=\"4690\" data-end=\"4724\">Konsekvent kvalitetskontrol<\/strong> \u2013 Fremstillet under GMP-lignende standarder.<\/p>\n<\/li>\n<li data-start=\"4768\" data-end=\"4852\">\n<p data-start=\"4770\" data-end=\"4852\"><strong data-start=\"4770\" data-end=\"4792\">Sikker emballage<\/strong> \u2013 Luftt\u00e6t og fugtbestandig for optimal beskyttelse.<\/p>\n<\/li>\n<\/ul>\n<hr data-start=\"4854\" data-end=\"4857\" \/>\n<h3 data-start=\"4859\" data-end=\"4876\"><strong data-start=\"4863\" data-end=\"4876\">Fordele<\/strong><\/h3>\n<ul data-start=\"4877\" data-end=\"5166\">\n<li data-start=\"4877\" data-end=\"4954\">\n<p data-start=\"4879\" data-end=\"4954\">Velegnet til <strong data-start=\"4893\" data-end=\"4951\">forskning i stimulanter og neurotransmittersystemer<\/strong>.<\/p>\n<\/li>\n<li data-start=\"4955\" data-end=\"5021\">\n<p data-start=\"4957\" data-end=\"5021\">S\u00f8rger for <strong data-start=\"4968\" data-end=\"4992\">pr\u00e6cis dosering<\/strong> og p\u00e5lidelige resultater.<\/p>\n<\/li>\n<li data-start=\"5022\" data-end=\"5098\">\n<p data-start=\"5024\" data-end=\"5098\"><strong data-start=\"5024\" data-end=\"5064\">Nem at h\u00e5ndtere og opbevare<\/strong> takket v\u00e6re den stabile kugleform.<\/p>\n<\/li>\n<li data-start=\"5099\" data-end=\"5166\">\n<p data-start=\"5101\" data-end=\"5166\">Ideel til <strong data-start=\"5113\" data-end=\"5163\">akademisk, analytisk eller retsmedicinsk forskning<\/strong>K\u00f8b 2 fma<\/p>\n<\/li>\n<\/ul>\n<hr data-start=\"5168\" data-end=\"5171\" \/>\n<h3 data-start=\"5173\" data-end=\"5188\"><strong data-start=\"5177\" data-end=\"5188\">Brug<\/strong><\/h3>\n<ul data-start=\"5189\" data-end=\"5483\">\n<li data-start=\"5189\" data-end=\"5261\">\n<p data-start=\"5191\" data-end=\"5261\">Kun til <strong data-start=\"5203\" data-end=\"5228\">laboratorieforskning<\/strong> af kvalificeret personale.<\/p>\n<\/li>\n<li data-start=\"5262\" data-end=\"5345\">\n<p data-start=\"5264\" data-end=\"5345\">B\u00e6r passende <strong data-start=\"5280\" data-end=\"5304\">beskyttelsesudstyr<\/strong> s\u00e5som handsker og sikkerhedsbriller.<\/p>\n<\/li>\n<li data-start=\"5346\" data-end=\"5424\">\n<p data-start=\"5348\" data-end=\"5424\">Spar p\u00e5 en <strong data-start=\"5363\" data-end=\"5386\">k\u00f8ligt, t\u00f8rt sted<\/strong>, beskyttet mod sollys og fugt.<\/p>\n<\/li>\n<li data-start=\"5425\" data-end=\"5483\">\n<p data-start=\"5427\" data-end=\"5483\">Ikke egnet til konsum af mennesker eller dyr.<\/p>\n<\/li>\n<\/ul>\n<hr data-start=\"5485\" data-end=\"5488\" \/>\n<h3 data-start=\"5490\" data-end=\"5525\"><strong data-start=\"5494\" data-end=\"5525\">Ofte stillede sp\u00f8rgsm\u00e5l (FAQ)<\/strong><\/h3>\n<p data-start=\"5527\" data-end=\"5694\"><strong data-start=\"5527\" data-end=\"5564\">1. Hvad bruges 2-FMA til?<\/strong><br data-start=\"5564\" data-end=\"5567\" \/>2-FMA bruges i <strong data-start=\"5591\" data-end=\"5644\">neurovidenskabelig og farmakologisk forskning<\/strong> til stimulanter og neurotransmitteraktivitet.<\/p>\n<p data-start=\"5696\" data-end=\"5870\"><strong data-start=\"5696\" data-end=\"5748\">2. Er 2-FMA 30 MG sikkert til menneskelig brug?<\/strong><br data-start=\"5748\" data-end=\"5751\" \/>Nej. Dette produkt er <strong data-start=\"5771\" data-end=\"5820\">kun beregnet til forskningsform\u00e5l<\/strong> og ikke godkendt til konsum.<\/p>\n<p data-start=\"5872\" data-end=\"6040\"><strong data-start=\"5872\" data-end=\"5915\">3. Hvordan skal 2-FMA 30 MG opbevares?<\/strong><br data-start=\"5915\" data-end=\"5918\" \/>Opbevares i en <strong data-start=\"5933\" data-end=\"5963\">godt forseglet emballage<\/strong> ved stuetemperatur (15-25 \u00b0C), v\u00e6k fra fugt og direkte sollys.<\/p>\n<h3><span style=\"color: #333333; font-size: 16px;\">.<\/span><a style=\"font-size: 16px;\" href=\"https:\/\/researchchemicalhub.com\/da\/butik\/iboga-ibogain\/iboga-rodbark\/\">iboga rodbark<\/a><a style=\"font-size: 16px;\" href=\"https:\/\/researchchemicalhub.com\/da\/butik\/iboga-ibogain\/kob-ibogaine-hcl-online\/\">k\u00f8b ibogaine hcl online<\/a><a style=\"font-size: 16px;\" href=\"https:\/\/researchchemicalhub.com\/da\/butik\/lysergamider\/1cp-lsd\/\">1cp lsd<\/a><a style=\"font-size: 16px;\" href=\"https:\/\/researchchemicalhub.com\/da\/butik\/pellets\/o-dsmt-50-mg-pellets\/\">o-dsmt<\/a><a style=\"font-size: 16px;\" href=\"https:\/\/researchchemicalhub.com\/da\/butik\/lysergamider\/1vlsd\/\">1vlsd<\/a><\/h3>\n<p>&nbsp;<\/p>","protected":false},"excerpt":{"rendered":"<p>2FMA 30 MG Pellets (2-Fluoroamphetamin) \u2013 Videnskabelig produktbeskrivelse 2-FMA (2-Fluoromethamphetamin) 30 MG Pellets er forskningsforbindelser med h\u00f8j renhed designet til<\/p>","protected":false},"featured_media":28388,"comment_status":"closed","ping_status":"closed","template":"","meta":[],"product_brand":[82],"product_cat":[431,432,322,333,324],"product_tag":[572,617,618,589,619,326],"class_list":{"0":"post-23617","1":"product","2":"type-product","3":"status-publish","4":"has-post-thumbnail","6":"product_brand-research-chemical","7":"product_cat-2-fma-kopen","8":"product_cat-2-fma-pellets","9":"product_cat-bijna-verboden","10":"product_cat-gefluoreerden","11":"product_cat-pellets-for-pellet","12":"product_tag-2-fma-kopen","13":"product_tag-2-fma","14":"product_tag-2fma","15":"product_tag-2fma-drugs","16":"product_tag-2fma-kopen","17":"product_tag-nl","19":"first","20":"instock","21":"taxable","22":"shipping-taxable","23":"purchasable","24":"product-type-variable"},"_links":{"self":[{"href":"https:\/\/researchchemicalhub.com\/da\/wp-json\/wp\/v2\/product\/23617","targetHints":{"allow":["GET"]}}],"collection":[{"href":"https:\/\/researchchemicalhub.com\/da\/wp-json\/wp\/v2\/product"}],"about":[{"href":"https:\/\/researchchemicalhub.com\/da\/wp-json\/wp\/v2\/types\/product"}],"replies":[{"embeddable":true,"href":"https:\/\/researchchemicalhub.com\/da\/wp-json\/wp\/v2\/comments?post=23617"}],"version-history":[{"count":6,"href":"https:\/\/researchchemicalhub.com\/da\/wp-json\/wp\/v2\/product\/23617\/revisions"}],"predecessor-version":[{"id":27995,"href":"https:\/\/researchchemicalhub.com\/da\/wp-json\/wp\/v2\/product\/23617\/revisions\/27995"}],"wp:featuredmedia":[{"embeddable":true,"href":"https:\/\/researchchemicalhub.com\/da\/wp-json\/wp\/v2\/media\/28388"}],"wp:attachment":[{"href":"https:\/\/researchchemicalhub.com\/da\/wp-json\/wp\/v2\/media?parent=23617"}],"wp:term":[{"taxonomy":"product_brand","embeddable":true,"href":"https:\/\/researchchemicalhub.com\/da\/wp-json\/wp\/v2\/product_brand?post=23617"},{"taxonomy":"product_cat","embeddable":true,"href":"https:\/\/researchchemicalhub.com\/da\/wp-json\/wp\/v2\/product_cat?post=23617"},{"taxonomy":"product_tag","embeddable":true,"href":"https:\/\/researchchemicalhub.com\/da\/wp-json\/wp\/v2\/product_tag?post=23617"}],"curies":[{"name":"wp","href":"https:\/\/api.w.org\/{rel}","templated":true}]}}