{"id":23497,"date":"2025-04-13T17:39:53","date_gmt":"2025-04-13T17:39:53","guid":{"rendered":"https:\/\/researchchemicalhub.com\/?post_type=product&#038;p=23497"},"modified":"2025-10-30T09:23:01","modified_gmt":"2025-10-30T09:23:01","slug":"5-meo-dmt-freebase","status":"publish","type":"product","link":"https:\/\/researchchemicalhub.com\/da\/butik\/kob-5-meo-dmt\/5-meo-dmt-freebase\/","title":{"rendered":"5-MeO-DMT fri base"},"content":{"rendered":"<h3><strong><span dir=\"auto\" style=\"vertical-align: inherit;\"><span dir=\"auto\" style=\"vertical-align: inherit;\">5-MeO-DMT Freebase \u2013 Videnskabelig produktdokumentation<\/span><\/span><\/strong><\/h3>\n<p data-start=\"4033\" data-end=\"4225\"><strong data-start=\"4033\" data-end=\"4090\">5-MeO-DMT fribase (5-methoxy-N,N-dimethyltryptamin)<\/strong> er en <strong data-start=\"4098\" data-end=\"4140\">forskningsforbindelse med h\u00f8j renhed<\/strong>, designet til <strong data-start=\"4157\" data-end=\"4222\">neurovidenskabelig, farmakologisk og analytisk forskning<\/strong>. <span class=\"___SBox_epc1q-ko_ ___SText_zko9t-ko_\" data-ui-name=\"Link.Text\">5 meo dmt freebase<\/span><\/p>\n<p data-start=\"4227\" data-end=\"4608\">Det er en <strong data-start=\"4238\" data-end=\"4279\">naturligt forekommende indolalkaloid<\/strong>, relateret til <strong data-start=\"4293\" data-end=\"4300\">DMT<\/strong>, og tilh\u00f8rer <strong data-start=\"4320\" data-end=\"4340\">tryptaminklasse<\/strong>Ved den <strong data-start=\"4350\" data-end=\"4389\">methoxysubstitution i 5-positionen<\/strong> af indolringen udviser 5-MeO-DMT unikke egenskaber <strong data-start=\"4434\" data-end=\"4500\">bindingsegenskaber med serotoninreceptorer (5-HT1A og 5-HT2A)<\/strong>hvilket g\u00f8r det til et v\u00e6rdifuldt forskningsv\u00e6rkt\u00f8j for <strong data-start=\"4556\" data-end=\"4597\">struktur-aktivitetsforhold (SAR)<\/strong>-studier.<\/p>\n<p data-start=\"4610\" data-end=\"4776\">De <strong data-start=\"4613\" data-end=\"4629\">freebase-formular<\/strong> tilbyder optimal <strong data-start=\"4645\" data-end=\"4686\">kemisk renhed og opl\u00f8selighed<\/strong>, ideel til kontrollerede laboratoriefors\u00f8g og analytiske referencestudier.<\/p>\n<blockquote data-start=\"4778\" data-end=\"4929\">\n<p data-start=\"4780\" data-end=\"4929\">\u26a0\ufe0f <strong data-start=\"4783\" data-end=\"4794\">NB:<\/strong> Dette produkt er <strong data-start=\"4810\" data-end=\"4865\">udelukkende beregnet til videnskabelig forskning<\/strong> og <strong data-start=\"4869\" data-end=\"4926\">ikke egnet til menneskelig eller animalsk konsum<\/strong>.<\/p>\n<\/blockquote>\n<hr data-start=\"4931\" data-end=\"4934\" \/>\n<h3 data-start=\"4936\" data-end=\"4967\"><strong data-start=\"4940\" data-end=\"4967\">N\u00f8glefunktioner<\/strong><\/h3>\n<ul data-start=\"4968\" data-end=\"5398\">\n<li data-start=\"4968\" data-end=\"5066\">\n<p data-start=\"4970\" data-end=\"5066\"><strong data-start=\"4970\" data-end=\"4996\">H\u00f8j renhed (\u226599%)<\/strong> \u2013 Laboratorietestet for identitet, stabilitet og sammens\u00e6tning. <span class=\"___SBox_epc1q-ko_ ___SText_zko9t-ko_\" data-ui-name=\"Link.Text\">5 meo dmt freebase<\/span><\/p>\n<\/li>\n<li data-start=\"5067\" data-end=\"5154\">\n<p data-start=\"5069\" data-end=\"5154\"><strong data-start=\"5069\" data-end=\"5108\">Farmakologisk forskningsstandard<\/strong> \u2013 Velegnet til receptor- og SAR-forskning.<\/p>\n<\/li>\n<li data-start=\"5155\" data-end=\"5234\">\n<p data-start=\"5157\" data-end=\"5234\"><strong data-start=\"5157\" data-end=\"5173\">Freebase-formular<\/strong> \u2013 Tilbyder maksimal alsidighed til analytisk forskning.<\/p>\n<\/li>\n<li data-start=\"5235\" data-end=\"5317\">\n<p data-start=\"5237\" data-end=\"5317\"><strong data-start=\"5237\" data-end=\"5262\">GMP-lignende produktion<\/strong> \u2013 Garanteret konsistens og reproducerbarhed.<\/p>\n<\/li>\n<li data-start=\"5318\" data-end=\"5398\">\n<p data-start=\"5320\" data-end=\"5398\"><strong data-start=\"5320\" data-end=\"5342\">Sikker emballage<\/strong> \u2013 Luftt\u00e6t og lyst\u00e6t for optimal beskyttelse.<\/p>\n<\/li>\n<\/ul>\n<hr data-start=\"5400\" data-end=\"5403\" \/>\n<h3 data-start=\"5405\" data-end=\"5422\"><strong data-start=\"5409\" data-end=\"5422\">Fordele<\/strong><\/h3>\n<ul data-start=\"5423\" data-end=\"5669\">\n<li data-start=\"5423\" data-end=\"5503\">\n<p data-start=\"5425\" data-end=\"5503\">St\u00f8tter <strong data-start=\"5437\" data-end=\"5500\">forskning i serotoninreceptorer og tryptaminanaloger<\/strong>.<\/p>\n<\/li>\n<li data-start=\"5504\" data-end=\"5566\">\n<p data-start=\"5506\" data-end=\"5566\">Velegnet til <strong data-start=\"5520\" data-end=\"5563\">farmakologisk og biokemisk forskning<\/strong>.<\/p>\n<\/li>\n<li data-start=\"5567\" data-end=\"5615\">\n<p data-start=\"5569\" data-end=\"5615\"><strong data-start=\"5569\" data-end=\"5612\">Fremragende opl\u00f8selighed og renhed<\/strong>.<\/p>\n<\/li>\n<li data-start=\"5616\" data-end=\"5669\">\n<p data-start=\"5618\" data-end=\"5669\">Ideel til <strong data-start=\"5630\" data-end=\"5666\">akademisk og analytisk brug<\/strong>.<\/p>\n<\/li>\n<\/ul>\n<hr data-start=\"5671\" data-end=\"5674\" \/>\n<h3 data-start=\"5676\" data-end=\"5691\"><strong data-start=\"5680\" data-end=\"5691\">Brug<\/strong><\/h3>\n<ul data-start=\"5692\" data-end=\"5963\">\n<li data-start=\"5692\" data-end=\"5762\">\n<p data-start=\"5694\" data-end=\"5762\">M\u00e5 kun bruges af <strong data-start=\"5719\" data-end=\"5759\">kvalificeret laboratoriepersonale<\/strong>.<\/p>\n<\/li>\n<li data-start=\"5763\" data-end=\"5839\">\n<p data-start=\"5765\" data-end=\"5839\">Brug passende <strong data-start=\"5783\" data-end=\"5807\">beskyttelsesudstyr<\/strong> (handsker, beskyttelsesbriller, laboratoriekittel).<\/p>\n<\/li>\n<li data-start=\"5840\" data-end=\"5904\">\n<p data-start=\"5842\" data-end=\"5904\">Spar p\u00e5 en <strong data-start=\"5857\" data-end=\"5891\">k\u00f8ligt, t\u00f8rt og m\u00f8rkt sted<\/strong> (15\u201325\u00b0C).<\/p>\n<\/li>\n<li data-start=\"5905\" data-end=\"5963\">\n<p data-start=\"5907\" data-end=\"5963\">Ikke egnet til konsum af mennesker eller dyr.<\/p>\n<\/li>\n<\/ul>\n<hr data-start=\"5965\" data-end=\"5968\" \/>\n<h3 data-start=\"5970\" data-end=\"6005\"><strong data-start=\"5974\" data-end=\"6005\">Ofte stillede sp\u00f8rgsm\u00e5l (FAQ)<\/strong><\/h3>\n<p data-start=\"6007\" data-end=\"6187\"><strong data-start=\"6007\" data-end=\"6057\">1. Hvad bruges 5-MeO-DMT Freebase til?<\/strong><br data-start=\"6057\" data-end=\"6060\" \/>5-MeO-DMT bruges i <strong data-start=\"6088\" data-end=\"6133\">farmakologisk og neurokemisk forskning<\/strong> til serotoninreceptorer og strukturelle analoger.<\/p>\n<p data-start=\"6189\" data-end=\"6370\"><strong data-start=\"6189\" data-end=\"6248\">2. Er 5-MeO-DMT Freebase sikkert til menneskelig brug?<\/strong><br data-start=\"6248\" data-end=\"6251\" \/>Nej. Dette produkt er <strong data-start=\"6271\" data-end=\"6320\">kun beregnet til forskningsform\u00e5l<\/strong> og ikke godkendt til konsum.<\/p>\n<p data-start=\"6372\" data-end=\"6544\"><strong data-start=\"6372\" data-end=\"6422\">3. Hvordan skal 5-MeO-DMT Freebase opbevares?<\/strong><br data-start=\"6422\" data-end=\"6425\" \/>Opbevares i en <strong data-start=\"6440\" data-end=\"6470\">godt forseglet emballage<\/strong> ved stuetemperatur (15-25 \u00b0C), beskyttet mod fugt, varme og lys.<\/p>","protected":false},"excerpt":{"rendered":"<h3><span style=\"vertical-align: inherit;\"><span style=\"vertical-align: inherit;\"><span dir=\"auto\" style=\"vertical-align: inherit;\"><span dir=\"auto\" style=\"vertical-align: inherit;\">5-MeO-DMT freebase properties<\/span><\/span><\/span><\/span><\/h3>\n<p><strong><span style=\"vertical-align: inherit;\"><span style=\"vertical-align: inherit;\"><span dir=\"auto\" style=\"vertical-align: inherit;\"><span dir=\"auto\" style=\"vertical-align: inherit;\">Synonym:<\/span><\/span><\/span><\/span><\/strong><span style=\"vertical-align: inherit;\"><span style=\"vertical-align: inherit;\"><span dir=\"auto\" style=\"vertical-align: inherit;\"><span dir=\"auto\" style=\"vertical-align: inherit;\"> 5-methoxy-N,N-dimethyltryptamine <\/span><\/span><\/span><\/span><br \/>\n<strong><span style=\"vertical-align: inherit;\"><span style=\"vertical-align: inherit;\"><span dir=\"auto\" style=\"vertical-align: inherit;\"><span dir=\"auto\" style=\"vertical-align: inherit;\">CAS Number:<\/span><\/span><\/span><\/span><\/strong><span style=\"vertical-align: inherit;\"><span style=\"vertical-align: inherit;\"><span dir=\"auto\" style=\"vertical-align: inherit;\"><span dir=\"auto\" style=\"vertical-align: inherit;\"> 1019-45-0 <\/span><\/span><\/span><\/span><br \/>\n<strong><span style=\"vertical-align: inherit;\"><span style=\"vertical-align: inherit;\"><span dir=\"auto\" style=\"vertical-align: inherit;\"><span dir=\"auto\" style=\"vertical-align: inherit;\">Formula:<\/span><\/span><\/span><\/span><\/strong><span style=\"vertical-align: inherit;\"><span style=\"vertical-align: inherit;\"><span dir=\"auto\" style=\"vertical-align: inherit;\"><span dir=\"auto\" style=\"vertical-align: inherit;\"> 3-[2-(dimethylamino)ethyl]-5-methoxyindole <\/span><\/span><\/span><\/span><br \/>\n<strong><span style=\"vertical-align: inherit;\"><span style=\"vertical-align: inherit;\"><span dir=\"auto\" style=\"vertical-align: inherit;\"><span dir=\"auto\" style=\"vertical-align: inherit;\">Molar Mass:<\/span><\/span><\/span><\/span><\/strong><span style=\"vertical-align: inherit;\"><span style=\"vertical-align: inherit;\"><span dir=\"auto\" style=\"vertical-align: inherit;\"><span dir=\"auto\" style=\"vertical-align: inherit;\"> 218.3 g\/mol <\/span><\/span><\/span><\/span><br \/>\n<strong><span style=\"vertical-align: inherit;\"><span style=\"vertical-align: inherit;\"><span dir=\"auto\" style=\"vertical-align: inherit;\"><span dir=\"auto\" style=\"vertical-align: inherit;\">Purity:<\/span><\/span><\/span><\/span><\/strong><span style=\"vertical-align: inherit;\"><span style=\"vertical-align: inherit;\"><span dir=\"auto\" style=\"vertical-align: inherit;\"><span dir=\"auto\" style=\"vertical-align: inherit;\"> &gt;97%<\/span><\/span><\/span><\/span><\/p>\n","protected":false},"featured_media":28461,"comment_status":"closed","ping_status":"closed","template":"","meta":[],"product_brand":[],"product_cat":[511,381],"product_tag":[1164,624,326],"class_list":{"0":"post-23497","1":"product","2":"type-product","3":"status-publish","4":"has-post-thumbnail","6":"product_cat-5-meo-dmt-kopen","7":"product_cat-tryptamines","8":"product_tag-5-meo-dmt-freebase-kopen","9":"product_tag-5-meo-dmt-freebase","10":"product_tag-nl","12":"first","13":"instock","14":"taxable","15":"shipping-taxable","16":"purchasable","17":"product-type-variable"},"_links":{"self":[{"href":"https:\/\/researchchemicalhub.com\/da\/wp-json\/wp\/v2\/product\/23497","targetHints":{"allow":["GET"]}}],"collection":[{"href":"https:\/\/researchchemicalhub.com\/da\/wp-json\/wp\/v2\/product"}],"about":[{"href":"https:\/\/researchchemicalhub.com\/da\/wp-json\/wp\/v2\/types\/product"}],"replies":[{"embeddable":true,"href":"https:\/\/researchchemicalhub.com\/da\/wp-json\/wp\/v2\/comments?post=23497"}],"version-history":[{"count":5,"href":"https:\/\/researchchemicalhub.com\/da\/wp-json\/wp\/v2\/product\/23497\/revisions"}],"predecessor-version":[{"id":28025,"href":"https:\/\/researchchemicalhub.com\/da\/wp-json\/wp\/v2\/product\/23497\/revisions\/28025"}],"wp:featuredmedia":[{"embeddable":true,"href":"https:\/\/researchchemicalhub.com\/da\/wp-json\/wp\/v2\/media\/28461"}],"wp:attachment":[{"href":"https:\/\/researchchemicalhub.com\/da\/wp-json\/wp\/v2\/media?parent=23497"}],"wp:term":[{"taxonomy":"product_brand","embeddable":true,"href":"https:\/\/researchchemicalhub.com\/da\/wp-json\/wp\/v2\/product_brand?post=23497"},{"taxonomy":"product_cat","embeddable":true,"href":"https:\/\/researchchemicalhub.com\/da\/wp-json\/wp\/v2\/product_cat?post=23497"},{"taxonomy":"product_tag","embeddable":true,"href":"https:\/\/researchchemicalhub.com\/da\/wp-json\/wp\/v2\/product_tag?post=23497"}],"curies":[{"name":"wp","href":"https:\/\/api.w.org\/{rel}","templated":true}]}}