{"id":23461,"date":"2025-04-13T17:39:49","date_gmt":"2025-04-13T17:39:49","guid":{"rendered":"https:\/\/researchchemicalhub.com\/?post_type=product&#038;p=23461"},"modified":"2025-10-19T20:33:31","modified_gmt":"2025-10-19T20:33:31","slug":"4-ho-malt-fumarate","status":"publish","type":"product","link":"https:\/\/researchchemicalhub.com\/da\/shop\/4-ho-malt\/4-ho-malt-fumarate\/","title":{"rendered":"4-HO-MALT-fumarat"},"content":{"rendered":"<h3><strong><span dir=\"auto\" style=\"vertical-align: inherit;\"><span dir=\"auto\" style=\"vertical-align: inherit;\">4-HO-MALT Fumarat \u2013 Videnskabelig produktbeskrivelse<\/span><\/span><\/strong><\/h3>\n<p data-start=\"4163\" data-end=\"4360\"><strong data-start=\"4163\" data-end=\"4224\">4-HO-MALT-fumarat (4-hydroxy-N-methyl-N-allyltryptamin)<\/strong> er en <strong data-start=\"4232\" data-end=\"4274\">forskningsforbindelse med h\u00f8j renhed<\/strong>, udviklet til <strong data-start=\"4292\" data-end=\"4357\">neurovidenskabelig, farmakologisk og analytisk forskning<\/strong>4-HO-MALT-fumarat<\/p>\n<p data-start=\"4362\" data-end=\"4695\">Som medlem af <strong data-start=\"4377\" data-end=\"4413\">4-hydroxytryptaminklasse (4-H2O)<\/strong> er 4-HO-MALT en <strong data-start=\"4431\" data-end=\"4468\">hydroxylsubstitueret analog<\/strong> ved <strong data-start=\"4473\" data-end=\"4481\">MALT<\/strong>, og t\u00e6t besl\u00e6gtet med forbindelser som f.eks. <strong data-start=\"4522\" data-end=\"4546\">4-HO-DMT (Psilocin)<\/strong> og <strong data-start=\"4550\" data-end=\"4563\">4-HO-MiPT<\/strong>Det bruges til <strong data-start=\"4589\" data-end=\"4646\">forskning i serotoninreceptorer (5-HT2A, 5-HT1A)<\/strong> og <strong data-start=\"4650\" data-end=\"4692\">struktur-aktivitetsforhold (SAR)<\/strong>.<\/p>\n<p data-start=\"4697\" data-end=\"4878\">De <strong data-start=\"4700\" data-end=\"4720\">fumaratsaltform<\/strong> \u00f8ger <strong data-start=\"4733\" data-end=\"4789\">kemisk stabilitet, opl\u00f8selighed og holdbarhed<\/strong>hvilket g\u00f8r den ideel til langtidsopbevaring og kontrolleret laboratorieforskning.<\/p>\n<blockquote data-start=\"4880\" data-end=\"5031\">\n<p data-start=\"4882\" data-end=\"5031\">\u26a0\ufe0f <strong data-start=\"4885\" data-end=\"4896\">NB:<\/strong> Dette produkt er <strong data-start=\"4912\" data-end=\"4967\">udelukkende beregnet til videnskabelig forskning<\/strong> og <strong data-start=\"4971\" data-end=\"5028\">ikke egnet til menneskelig eller animalsk konsum<\/strong>.<\/p>\n<\/blockquote>\n<hr data-start=\"5033\" data-end=\"5036\" \/>\n<h3 data-start=\"5038\" data-end=\"5069\"><strong data-start=\"5042\" data-end=\"5069\">N\u00f8glefunktioner<\/strong><\/h3>\n<ul data-start=\"5070\" data-end=\"5454\">\n<li data-start=\"5070\" data-end=\"5140\">\n<p data-start=\"5072\" data-end=\"5140\"><strong data-start=\"5072\" data-end=\"5098\">H\u00f8j renhed (\u226599%)<\/strong> \u2013 Laboratorietestet via HPLC og GC-MS.<\/p>\n<\/li>\n<li data-start=\"5141\" data-end=\"5214\">\n<p data-start=\"5143\" data-end=\"5214\"><strong data-start=\"5143\" data-end=\"5172\">Stabil fumaratsaltform<\/strong> \u2013 \u00d8ger holdbarheden og stabiliteten.<\/p>\n<\/li>\n<li data-start=\"5215\" data-end=\"5302\">\n<p data-start=\"5217\" data-end=\"5302\"><strong data-start=\"5217\" data-end=\"5256\">Farmakologisk forskningsstandard<\/strong> \u2013 Velegnet til receptor- og SAR-forskning.<\/p>\n<\/li>\n<li data-start=\"5303\" data-end=\"5373\">\n<p data-start=\"5305\" data-end=\"5373\"><strong data-start=\"5305\" data-end=\"5330\">Konsekvent kvalitet<\/strong> \u2013 Fremstillet under GMP-lignende standarder.<\/p>\n<\/li>\n<li data-start=\"5374\" data-end=\"5454\">\n<p data-start=\"5376\" data-end=\"5454\"><strong data-start=\"5376\" data-end=\"5398\">Sikker emballage<\/strong> \u2013 Luftt\u00e6t og lyst\u00e6t for optimal beskyttelse.<\/p>\n<\/li>\n<\/ul>\n<hr data-start=\"5456\" data-end=\"5459\" \/>\n<h3 data-start=\"5461\" data-end=\"5478\"><strong data-start=\"5465\" data-end=\"5478\">Fordele<\/strong><\/h3>\n<ul data-start=\"5479\" data-end=\"5748\">\n<li data-start=\"5479\" data-end=\"5559\">\n<p data-start=\"5481\" data-end=\"5559\">St\u00f8tter <strong data-start=\"5493\" data-end=\"5556\">forskning i serotoninreceptorer og tryptaminanaloger<\/strong>.<\/p>\n<\/li>\n<li data-start=\"5560\" data-end=\"5620\">\n<p data-start=\"5562\" data-end=\"5620\"><strong data-start=\"5562\" data-end=\"5617\">N\u00f8jagtige og reproducerbare forskningsresultater<\/strong>.<\/p>\n<\/li>\n<li data-start=\"5621\" data-end=\"5676\">\n<p data-start=\"5623\" data-end=\"5676\"><strong data-start=\"5623\" data-end=\"5649\">Forbedret stabilitet<\/strong> og l\u00e6ngere holdbarhed.<\/p>\n<\/li>\n<li data-start=\"5677\" data-end=\"5748\">\n<p data-start=\"5679\" data-end=\"5748\">Ideel til <strong data-start=\"5691\" data-end=\"5745\">akademisk, farmakologisk og analytisk forskning<\/strong>4-HO-MALT-fumarat<\/p>\n<\/li>\n<\/ul>\n<hr data-start=\"5750\" data-end=\"5753\" \/>\n<h3 data-start=\"5755\" data-end=\"5770\"><strong data-start=\"5759\" data-end=\"5770\">Brug<\/strong><\/h3>\n<ul data-start=\"5771\" data-end=\"6042\">\n<li data-start=\"5771\" data-end=\"5841\">\n<p data-start=\"5773\" data-end=\"5841\">M\u00e5 kun bruges af <strong data-start=\"5798\" data-end=\"5838\">kvalificeret laboratoriepersonale<\/strong>.<\/p>\n<\/li>\n<li data-start=\"5842\" data-end=\"5918\">\n<p data-start=\"5844\" data-end=\"5918\">Brug passende <strong data-start=\"5862\" data-end=\"5886\">beskyttelsesudstyr<\/strong> (handsker, beskyttelsesbriller, laboratoriekittel).<\/p>\n<\/li>\n<li data-start=\"5919\" data-end=\"5983\">\n<p data-start=\"5921\" data-end=\"5983\">Spar p\u00e5 en <strong data-start=\"5936\" data-end=\"5970\">k\u00f8ligt, t\u00f8rt og m\u00f8rkt sted<\/strong> (15\u201325\u00b0C).<\/p>\n<\/li>\n<li data-start=\"5984\" data-end=\"6042\">\n<p data-start=\"5986\" data-end=\"6042\">Ikke egnet til konsum af mennesker eller dyr.<\/p>\n<\/li>\n<\/ul>\n<hr data-start=\"6044\" data-end=\"6047\" \/>\n<h3 data-start=\"6049\" data-end=\"6084\"><strong data-start=\"6053\" data-end=\"6084\">Ofte stillede sp\u00f8rgsm\u00e5l (FAQ)<\/strong><\/h3>\n<p data-start=\"6086\" data-end=\"6289\"><strong data-start=\"6086\" data-end=\"6136\">1. Hvad bruges 4-HO-MALT-fumarat til?<\/strong><br data-start=\"6136\" data-end=\"6139\" \/>4-HO-MALT-fumarat bruges til <strong data-start=\"6178\" data-end=\"6223\">farmakologisk og neurokemisk forskning<\/strong> til serotoninreceptorer og struktur-aktivitetsforhold.<\/p>\n<p data-start=\"6291\" data-end=\"6472\"><strong data-start=\"6291\" data-end=\"6350\">2. Er 4-HO-MALT-fumarat sikkert til mennesker?<\/strong><br data-start=\"6350\" data-end=\"6353\" \/>Nej. Dette produkt er <strong data-start=\"6373\" data-end=\"6422\">kun beregnet til forskningsform\u00e5l<\/strong> og ikke godkendt til konsum.<\/p>\n<p data-start=\"6474\" data-end=\"6646\"><strong data-start=\"6474\" data-end=\"6524\">3. Hvordan skal 4-HO-MALT-fumarat opbevares?<\/strong><br data-start=\"6524\" data-end=\"6527\" \/>Opbevares i en <strong data-start=\"6542\" data-end=\"6572\">godt forseglet emballage<\/strong> ved stuetemperatur (15-25 \u00b0C), beskyttet mod lys, varme og fugt.<\/p>","protected":false},"excerpt":{"rendered":"<p>4-HO-MALT Fumarate \u2013 Scientific Product Description 4-HO-MALT Fumaraat (4-Hydroxy-N-Methyl-N-Allyltryptamine) is een onderzoekscompound van hoge zuiverheid, ontwikkeld voor neurowetenschappelijk, farmacologisch en<\/p>","protected":false},"featured_media":20349,"comment_status":"closed","ping_status":"closed","template":"","meta":[],"product_brand":[],"product_cat":[543,381],"product_tag":[1174,1175,326],"class_list":{"0":"post-23461","1":"product","2":"type-product","3":"status-publish","4":"has-post-thumbnail","6":"product_cat-4-ho-malt","7":"product_cat-tryptamines","8":"product_tag-4-ho-malt-fumarate","9":"product_tag-4-ho-malt-fumarate-kopen","10":"product_tag-nl","12":"first","13":"instock","14":"taxable","15":"shipping-taxable","16":"purchasable","17":"product-type-variable"},"_links":{"self":[{"href":"https:\/\/researchchemicalhub.com\/da\/wp-json\/wp\/v2\/product\/23461","targetHints":{"allow":["GET"]}}],"collection":[{"href":"https:\/\/researchchemicalhub.com\/da\/wp-json\/wp\/v2\/product"}],"about":[{"href":"https:\/\/researchchemicalhub.com\/da\/wp-json\/wp\/v2\/types\/product"}],"replies":[{"embeddable":true,"href":"https:\/\/researchchemicalhub.com\/da\/wp-json\/wp\/v2\/comments?post=23461"}],"version-history":[{"count":4,"href":"https:\/\/researchchemicalhub.com\/da\/wp-json\/wp\/v2\/product\/23461\/revisions"}],"predecessor-version":[{"id":28033,"href":"https:\/\/researchchemicalhub.com\/da\/wp-json\/wp\/v2\/product\/23461\/revisions\/28033"}],"wp:featuredmedia":[{"embeddable":true,"href":"https:\/\/researchchemicalhub.com\/da\/wp-json\/wp\/v2\/media\/20349"}],"wp:attachment":[{"href":"https:\/\/researchchemicalhub.com\/da\/wp-json\/wp\/v2\/media?parent=23461"}],"wp:term":[{"taxonomy":"product_brand","embeddable":true,"href":"https:\/\/researchchemicalhub.com\/da\/wp-json\/wp\/v2\/product_brand?post=23461"},{"taxonomy":"product_cat","embeddable":true,"href":"https:\/\/researchchemicalhub.com\/da\/wp-json\/wp\/v2\/product_cat?post=23461"},{"taxonomy":"product_tag","embeddable":true,"href":"https:\/\/researchchemicalhub.com\/da\/wp-json\/wp\/v2\/product_tag?post=23461"}],"curies":[{"name":"wp","href":"https:\/\/api.w.org\/{rel}","templated":true}]}}