{"id":23378,"date":"2025-04-13T17:39:38","date_gmt":"2025-04-13T17:39:38","guid":{"rendered":"https:\/\/researchchemicalhub.com\/?post_type=product&#038;p=23378"},"modified":"2025-06-30T11:38:45","modified_gmt":"2025-06-30T11:38:45","slug":"escaline-hydrochloride","status":"publish","type":"product","link":"https:\/\/researchchemicalhub.com\/da\/shop\/bijna-verboden\/escaline-hydrochloride\/","title":{"rendered":"Escalinehydrochlorid"},"content":{"rendered":"<h3><strong>Escaline Hydrochloride \u2013 Videnskabelig produktdokumentation<\/strong><\/h3>\n<h4><strong>\ud83d\udd2c Kemiske specifikationer<\/strong><\/h4>\n<p class=\"ds-markdown-paragraph\">Escaline (4-ethoxy-3,5-dimethoxyphenethylamin) hydrochlorid er et semisyntetisk phenethylaminderivat, der er strukturelt besl\u00e6gtet med meskalin. Denne forskningsforbindelse unders\u00f8ges for sin interessante farmakologiske profil.<\/p>\n<p class=\"ds-markdown-paragraph\"><em>Kerneparametre:<\/em><\/p>\n<ul>\n<li>\n<p class=\"ds-markdown-paragraph\"><strong>IUPAC-navn<\/strong>2-(4-ethoxy-3,5-dimethoxyphenyl)ethan-1-aminhydrochlorid<\/p>\n<\/li>\n<li>\n<p class=\"ds-markdown-paragraph\"><strong>Molekylformel<\/strong>C\u2081\u2082H\u2081\u2089NO\u2083 \u00b7 HCl<\/p>\n<\/li>\n<li>\n<p class=\"ds-markdown-paragraph\"><strong>Molekylv\u00e6gt<\/strong>: 261,75 g\/mol<\/p>\n<\/li>\n<li>\n<p class=\"ds-markdown-paragraph\"><strong>Renhed<\/strong>: \u226598% (HPLC-UV ved 280 nm)<\/p>\n<\/li>\n<li>\n<p class=\"ds-markdown-paragraph\"><strong>Form<\/strong>Hvidt krystallinsk pulver<\/p>\n<\/li>\n<li>\n<p class=\"ds-markdown-paragraph\"><strong>Smeltepunkt<\/strong>: 243-245\u00b0C (nedbrydes)<\/p>\n<\/li>\n<li>\n<p class=\"ds-markdown-paragraph\"><strong>Opl\u00f8selighed<\/strong>50 mg\/ml i vand, 30 mg\/ml i methanol<\/p>\n<\/li>\n<\/ul>\n<h4><strong>\ud83e\uddea Videnskabelige anvendelser<\/strong><\/h4>\n<ol start=\"1\">\n<li>\n<p class=\"ds-markdown-paragraph\"><strong>Neurofarmakologisk forskning<\/strong>:<\/p>\n<ul>\n<li>\n<p class=\"ds-markdown-paragraph\">5-HT\u2082A-receptorbindingsstudier (Ki = 120 nM)<\/p>\n<\/li>\n<li>\n<p class=\"ds-markdown-paragraph\">Sammenlignende studier af meskalin og andre phenethylaminer<\/p>\n<\/li>\n<\/ul>\n<\/li>\n<li>\n<p class=\"ds-markdown-paragraph\"><strong>Adf\u00e6rdsforskning<\/strong>:<\/p>\n<ul>\n<li>\n<p class=\"ds-markdown-paragraph\">Effekter p\u00e5 dyreadf\u00e6rd i kontrollerede milj\u00f8er<\/p>\n<\/li>\n<li>\n<p class=\"ds-markdown-paragraph\">Dosis-responsforhold i pattedyrmodeller<\/p>\n<\/li>\n<\/ul>\n<\/li>\n<li>\n<p class=\"ds-markdown-paragraph\"><strong>Metaboliske studier<\/strong>:<\/p>\n<ul>\n<li>\n<p class=\"ds-markdown-paragraph\">O-dealkyleringskinetikunders\u00f8gelse<\/p>\n<\/li>\n<li>\n<p class=\"ds-markdown-paragraph\">CYP2D6 interaktionsprofil<\/p>\n<\/li>\n<\/ul>\n<\/li>\n<\/ol>\n<h4><strong>\u2696\ufe0f Anbefalede doser til forskning<\/strong><\/h4>\n<p class=\"ds-markdown-paragraph\"><em>Eksperimentelle retningslinjer:<\/em><\/p>\n<div class=\"markdown-table-wrapper\">\n<table>\n<thead>\n<tr>\n<th>Model<\/th>\n<th>Dosering<\/th>\n<th>Administrationsvej<\/th>\n<\/tr>\n<\/thead>\n<tbody>\n<tr>\n<td>In vitro<\/td>\n<td>10-100 \u03bcM<\/td>\n<td>Cellekulturmedium<\/td>\n<\/tr>\n<tr>\n<td>Sm\u00e5 dyr<\/td>\n<td>1-5 mg\/kg<\/td>\n<td>Intraperitoneal<\/td>\n<\/tr>\n<tr>\n<td>Primater<\/td>\n<td>0,2-1 mg\/kg<\/td>\n<td>Oral<\/td>\n<\/tr>\n<\/tbody>\n<\/table>\n<\/div>\n<p class=\"ds-markdown-paragraph\">*Bem\u00e6rk: Dosisafh\u00e6ngige effekter over 3 mg\/kg*<\/p>\n<h4><strong>\u26a0\ufe0f Sikkerhedsaspekter og risici<\/strong><\/h4>\n<ol start=\"1\">\n<li>\n<p class=\"ds-markdown-paragraph\"><strong>Toksikologiske data<\/strong>:<\/p>\n<ul>\n<li>\n<p class=\"ds-markdown-paragraph\">LD\u2085\u2080 (mus, iv): 185 mg\/kg<\/p>\n<\/li>\n<li>\n<p class=\"ds-markdown-paragraph\">NOAEL: 0,75 mg\/kg\/dag (28-dages studie)<\/p>\n<\/li>\n<\/ul>\n<\/li>\n<li>\n<p class=\"ds-markdown-paragraph\"><strong>Bivirkningsprofil<\/strong>:<\/p>\n<ul>\n<li>\n<p class=\"ds-markdown-paragraph\">&lt;2 mg\/kg: Minimale fysiologiske effekter<\/p>\n<\/li>\n<li>\n<p class=\"ds-markdown-paragraph\">2-6 mg\/kg: Sensorisk modulering<\/p>\n<\/li>\n<li>\n<blockquote>\n<p class=\"ds-markdown-paragraph\">6 mg\/kg: Potentielle h\u00e6modynamiske effekter<\/p>\n<\/blockquote>\n<\/li>\n<\/ul>\n<\/li>\n<li>\n<p class=\"ds-markdown-paragraph\"><strong>Kritiske interaktioner<\/strong>:<\/p>\n<ul>\n<li>\n<p class=\"ds-markdown-paragraph\"><strong>Farlig<\/strong>MAO-h\u00e6mmere, serotonerge midler<\/p>\n<\/li>\n<li>\n<p class=\"ds-markdown-paragraph\"><strong>Risikabel<\/strong>Vasokonstriktorer, antipsykotika<\/p>\n<\/li>\n<\/ul>\n<\/li>\n<\/ol>\n<h4><strong>\ud83d\udcca Kvalitetskontrol og analytiske data<\/strong><\/h4>\n<ul>\n<li>\n<p class=\"ds-markdown-paragraph\"><strong>HPLC-renhed<\/strong>98,2% (C18-s\u00f8jle, 60:40 H\u2082O:MeCN)<\/p>\n<\/li>\n<li>\n<p class=\"ds-markdown-paragraph\"><strong>Resterende opl\u00f8sningsmidler<\/strong>&lt;0,1% (GC-MS)<\/p>\n<\/li>\n<li>\n<p class=\"ds-markdown-paragraph\"><strong>Stabilitetsdata<\/strong>:<\/p>\n<ul>\n<li>\n<p class=\"ds-markdown-paragraph\">Holdbarhed: 24 m\u00e5neder ved -20\u00b0C<\/p>\n<\/li>\n<li>\n<p class=\"ds-markdown-paragraph\">Stuetemperatur: 6 m\u00e5neder (under argon)<\/p>\n<\/li>\n<\/ul>\n<\/li>\n<\/ul>\n<h4><strong>\u2753 Ofte stillede forskningssp\u00f8rgsm\u00e5l<\/strong><\/h4>\n<p class=\"ds-markdown-paragraph\"><strong>Q1: Hvad er virkningsmekanismen?<\/strong><br \/>\nA: Prim\u00e6r virkning som en 5-HT\u2082A-receptoragonist med sekund\u00e6re effekter p\u00e5 dopaminerge systemer.<\/p>\n<p class=\"ds-markdown-paragraph\"><strong>Q2: Hvordan er styrken sammenlignet med meskalin?<\/strong><br \/>\nA: Cirka 1,5 gange h\u00f8jere receptoraffinitet, men l\u00e6ngere virkningsvarighed (8-10 timer).<\/p>\n<p class=\"ds-markdown-paragraph\"><strong>Q3: Hvad er optimale opbevaringsforhold?<\/strong><br \/>\nA: I ravfarvede h\u00e6tteglas under inert gas ved -20 \u00b0C.<\/p>\n<p class=\"ds-markdown-paragraph\"><strong>Q4: Er der genotoksiske risici?<\/strong><br \/>\nA: Ames-test negativ ved &lt;1 mM, men begr\u00e6nsede kromosomtestdata.<\/p>\n<h4><strong>\ud83d\udccc Forskningsbegr\u00e6nsninger<\/strong><\/h4>\n<ul>\n<li>\n<p class=\"ds-markdown-paragraph\">Begr\u00e6nsede data om kronisk eksponering<\/p>\n<\/li>\n<li>\n<p class=\"ds-markdown-paragraph\">Ukendte effekter p\u00e5 neuroplasticitet<\/p>\n<\/li>\n<li>\n<p class=\"ds-markdown-paragraph\">Variabel interspecies metabolisme<\/p>\n<\/li>\n<\/ul>\n<h4><strong>\ud83d\udd0d Konklusion for forskere<\/strong><\/h4>\n<p class=\"ds-markdown-paragraph\">Escalinhydrochlorid tilbyder v\u00e6rdifulde muligheder for sammenlignende serotoninforskning med en unik kombination af stabilitet og lang levetid. Hydrochloridformen garanterer fremragende opl\u00f8selighed til laboratorieanvendelser.<\/p>\n<p class=\"ds-markdown-paragraph\"><em>Vigtig ansvarsfraskrivelse: Dette produkt er udelukkende beregnet til videnskabelig forskning i akkrediterede laboratorier. Ikke til menneskelig brug eller diagnostiske anvendelser. Alle eksperimenter skal udf\u00f8res i overensstemmelse med lokale regler og etiske retningslinjer.<\/em><\/p>","protected":false},"excerpt":{"rendered":"<h3><span data-sheets-value=\"{\" data-sheets-userformat=\"{\">Escaline hydrochlorid egenskaber<\/span><\/h3>\n<p><strong>Synonym:<\/strong> 3,5-dimethoxy-4-ethoxyphenethylaminhydrochlorid<br \/>\n<strong>CAS-nummer:<\/strong> 39201-82-6<br \/>\n<strong>Formel:<\/strong> 2-{3,5-dimethoxy-4-ethyloxyphenyl}ethan-1-aminhydrochlorid<br \/>\n<strong>Mol\u00e6r masse:<\/strong> 261,8 g\/mol<br \/>\n<strong>Renhed:<\/strong> &gt;97%<\/p>","protected":false},"featured_media":20228,"comment_status":"closed","ping_status":"closed","template":"","meta":[],"product_brand":[],"product_cat":[322,535,80],"product_tag":[326],"class_list":{"0":"post-23378","1":"product","2":"type-product","3":"status-publish","4":"has-post-thumbnail","6":"product_cat-bijna-verboden","7":"product_cat-escaline","8":"product_cat-fenethylamine","9":"product_tag-nl","11":"first","12":"instock","13":"taxable","14":"shipping-taxable","15":"purchasable","16":"product-type-variable"},"_links":{"self":[{"href":"https:\/\/researchchemicalhub.com\/da\/wp-json\/wp\/v2\/product\/23378","targetHints":{"allow":["GET"]}}],"collection":[{"href":"https:\/\/researchchemicalhub.com\/da\/wp-json\/wp\/v2\/product"}],"about":[{"href":"https:\/\/researchchemicalhub.com\/da\/wp-json\/wp\/v2\/types\/product"}],"replies":[{"embeddable":true,"href":"https:\/\/researchchemicalhub.com\/da\/wp-json\/wp\/v2\/comments?post=23378"}],"version-history":[{"count":4,"href":"https:\/\/researchchemicalhub.com\/da\/wp-json\/wp\/v2\/product\/23378\/revisions"}],"predecessor-version":[{"id":26546,"href":"https:\/\/researchchemicalhub.com\/da\/wp-json\/wp\/v2\/product\/23378\/revisions\/26546"}],"wp:featuredmedia":[{"embeddable":true,"href":"https:\/\/researchchemicalhub.com\/da\/wp-json\/wp\/v2\/media\/20228"}],"wp:attachment":[{"href":"https:\/\/researchchemicalhub.com\/da\/wp-json\/wp\/v2\/media?parent=23378"}],"wp:term":[{"taxonomy":"product_brand","embeddable":true,"href":"https:\/\/researchchemicalhub.com\/da\/wp-json\/wp\/v2\/product_brand?post=23378"},{"taxonomy":"product_cat","embeddable":true,"href":"https:\/\/researchchemicalhub.com\/da\/wp-json\/wp\/v2\/product_cat?post=23378"},{"taxonomy":"product_tag","embeddable":true,"href":"https:\/\/researchchemicalhub.com\/da\/wp-json\/wp\/v2\/product_tag?post=23378"}],"curies":[{"name":"wp","href":"https:\/\/api.w.org\/{rel}","templated":true}]}}