{"id":23186,"date":"2025-04-13T17:39:18","date_gmt":"2025-04-13T17:39:18","guid":{"rendered":"https:\/\/researchchemicalhub.com\/?post_type=product&#038;p=23186"},"modified":"2025-10-30T12:09:12","modified_gmt":"2025-10-30T12:09:12","slug":"3mma-kopen","status":"publish","type":"product","link":"https:\/\/researchchemicalhub.com\/da\/shop\/3-mma\/3mma-kopen\/","title":{"rendered":"3-MMA (metafedrin)"},"content":{"rendered":"<h1><strong><span dir=\"auto\" style=\"vertical-align: inherit;\"><span dir=\"auto\" style=\"vertical-align: inherit;\">K\u00f8b 3mma (3-methylmethamphetamin)\u00a0<\/span><\/span><\/strong><\/h1>\n<p data-start=\"735\" data-end=\"1150\"><strong data-start=\"735\" data-end=\"744\">3-MMA<\/strong>, i sin helhed <strong data-start=\"753\" data-end=\"779\">3-methylmethamfetamin<\/strong> (ogs\u00e5 kendt som <strong data-start=\"796\" data-end=\"812\">Metafedrin<\/strong>), er en <strong data-start=\"822\" data-end=\"862\">syntetisk stimulerende forbindelse<\/strong> fra den <strong data-start=\"870\" data-end=\"906\">substitueret amfetaminklasse<\/strong>. <span class=\"___SBox_epc1q-ko_ ___SText_zko9t-ko_\" data-ui-name=\"Link.Text\">K\u00f8b 3mm<\/span><br data-start=\"907\" data-end=\"910\" \/>Det er kemisk besl\u00e6gtet med <strong data-start=\"938\" data-end=\"956\">metamfetamin<\/strong>, men adskiller sig ved <strong data-start=\"981\" data-end=\"1012\">methylgruppe i 3-positionen<\/strong> af den aromatiske ring. Denne lille strukturelle \u00e6ndring p\u00e5virker <strong data-start=\"1088\" data-end=\"1107\">receptorbinding<\/strong>, <strong data-start=\"1109\" data-end=\"1124\">stofskifte<\/strong> og <strong data-start=\"1128\" data-end=\"1147\">effektivitet<\/strong>.<\/p>\n<p data-start=\"1152\" data-end=\"1521\">Selvom 3-MMA er blevet fundet i <strong data-start=\"1184\" data-end=\"1223\">retsmedicinske toksikologiske analyser<\/strong> og <strong data-start=\"1227\" data-end=\"1280\">forskning i nye psykoaktive stoffer (NPS)<\/strong>, har det <strong data-start=\"1292\" data-end=\"1338\">ingen medicinsk eller terapeutisk anvendelse<\/strong>.<br data-start=\"1339\" data-end=\"1342\" \/>Det unders\u00f8ges kun i <strong data-start=\"1378\" data-end=\"1434\">akademiske, retsmedicinske og toksikologiske kontekster<\/strong> til <strong data-start=\"1438\" data-end=\"1480\">struktur-aktivitetsforhold (SAR)<\/strong> inden for amfetaminanaloger.<\/p>\n<hr data-start=\"1523\" data-end=\"1526\" \/>\n<h2 data-start=\"1528\" data-end=\"1575\"><strong data-start=\"1531\" data-end=\"1575\">Kemisk og farmakologisk baggrund<\/strong><\/h2>\n<p data-start=\"1577\" data-end=\"1814\">3-MMA tilh\u00f8rer <strong data-start=\"1598\" data-end=\"1637\">phenethylamin- og amfetaminfamilien<\/strong>, en gruppe af forbindelser, der fungerer som <strong data-start=\"1670\" data-end=\"1702\">indirekte sympatomimetika<\/strong> arbejde \u2014 de \u00f8ger aktiviteten hos <strong data-start=\"1742\" data-end=\"1754\">dopamin<\/strong>, <strong data-start=\"1756\" data-end=\"1773\">noradrenalin<\/strong> og <strong data-start=\"1777\" data-end=\"1791\">serotonin<\/strong> i nervesystemet.<\/p>\n<p data-start=\"1816\" data-end=\"1841\"><strong data-start=\"1816\" data-end=\"1841\">Kemisk information:<\/strong><\/p>\n<ul data-start=\"1842\" data-end=\"2258\">\n<li data-start=\"1842\" data-end=\"1888\">\n<p data-start=\"1844\" data-end=\"1888\"><strong data-start=\"1844\" data-end=\"1863\">Fulde navn:<\/strong> 3-methylmethamfetamin<\/p>\n<\/li>\n<li data-start=\"1889\" data-end=\"1957\">\n<p data-start=\"1891\" data-end=\"1957\"><strong data-start=\"1891\" data-end=\"1906\">Synonymer:<\/strong> Metafedrin, 3-methyl-N,\u03b1-dimethylphenethylamin<\/p>\n<\/li>\n<li data-start=\"1958\" data-end=\"2016\">\n<p data-start=\"1960\" data-end=\"2016\"><strong data-start=\"1960\" data-end=\"1975\">IUPAC-navn:<\/strong> N,\u03b1-dimethyl-3-methylbenzenethanolamin<\/p>\n<\/li>\n<li data-start=\"2017\" data-end=\"2049\">\n<p data-start=\"2019\" data-end=\"2049\"><strong data-start=\"2019\" data-end=\"2039\">Molekylformel:<\/strong> C11H17N<\/p>\n<\/li>\n<li data-start=\"2050\" data-end=\"2086\">\n<p data-start=\"2052\" data-end=\"2086\"><strong data-start=\"2052\" data-end=\"2070\">Molekylmasse:<\/strong> \u00b1163,26 g\/mol<\/p>\n<\/li>\n<li data-start=\"2087\" data-end=\"2140\">\n<p data-start=\"2089\" data-end=\"2140\"><strong data-start=\"2089\" data-end=\"2110\">Kemisk klasse:<\/strong> Substituerede amfetaminer<\/p>\n<\/li>\n<li data-start=\"2141\" data-end=\"2258\">\n<p data-start=\"2143\" data-end=\"2258\"><strong data-start=\"2143\" data-end=\"2171\">Farmakologisk virkning:<\/strong> Indirekte frigiver af monoaminer; virker p\u00e5 dopamin- og noradrenalintransport\u00f8rer<\/p>\n<\/li>\n<\/ul>\n<p data-start=\"2260\" data-end=\"2479\">De <strong data-start=\"2263\" data-end=\"2315\">methylsubstitution i meta-positionen (3-positionen)<\/strong> skelner 3-MMA fra <strong data-start=\"2339\" data-end=\"2357\">metamfetamin<\/strong>, <strong data-start=\"2359\" data-end=\"2373\">amfetamin<\/strong> og <strong data-start=\"2377\" data-end=\"2386\">4-MMA<\/strong>, hvilket p\u00e5virker <strong data-start=\"2412\" data-end=\"2444\">neurokemisk selektivitet<\/strong> og <strong data-start=\"2448\" data-end=\"2478\">stimulerende egenskaber<\/strong>. <span class=\"___SBox_epc1q-ko_ ___SText_zko9t-ko_\" data-ui-name=\"Link.Text\">K\u00f8b 3mm<\/span><\/p>\n<hr data-start=\"2481\" data-end=\"2484\" \/>\n<h2 data-start=\"2486\" data-end=\"2553\"><strong data-start=\"2489\" data-end=\"2553\">N\u00f8glefunktioner ved 3-MMA (til forskningskontekster)<\/strong><\/h2>\n<ul data-start=\"2555\" data-end=\"3012\">\n<li data-start=\"2555\" data-end=\"2633\">\n<p data-start=\"2557\" data-end=\"2633\"><strong data-start=\"2557\" data-end=\"2582\">Strukturel analog:<\/strong> N\u00e6rt besl\u00e6gtet med metamfetamin, 4-MMA og 2-MMA.<\/p>\n<\/li>\n<li data-start=\"2634\" data-end=\"2745\">\n<p data-start=\"2636\" data-end=\"2745\"><strong data-start=\"2636\" data-end=\"2663\">Retsmedicinsk relevans:<\/strong> Identificeret i pr\u00f8ver under NPS-forskning og analyser af retsh\u00e5ndh\u00e6velse.<\/p>\n<\/li>\n<li data-start=\"2746\" data-end=\"2869\">\n<p data-start=\"2748\" data-end=\"2869\"><strong data-start=\"2748\" data-end=\"2771\">Analytisk betydning:<\/strong> Brugt som <strong data-start=\"2791\" data-end=\"2814\">referencestandard<\/strong> i kromatografisk og spektrometrisk validering.<\/p>\n<\/li>\n<li data-start=\"2870\" data-end=\"3012\">\n<p data-start=\"2872\" data-end=\"3012\"><strong data-start=\"2872\" data-end=\"2899\">Farmakologisk v\u00e6rdi:<\/strong> Hj\u00e6lper forskere med at forst\u00e5, hvordan sm\u00e5 strukturelle variationer p\u00e5virker <strong data-start=\"2970\" data-end=\"2997\">monoaminerg aktivitet<\/strong> at p\u00e5virke.<\/p>\n<\/li>\n<\/ul>\n<hr data-start=\"3014\" data-end=\"3017\" \/>\n<h2 data-start=\"3019\" data-end=\"3046\"><strong data-start=\"3022\" data-end=\"3046\">Forskningsform\u00e5l<\/strong><\/h2>\n<p data-start=\"3048\" data-end=\"3212\">3-MMA studeres prim\u00e6rt i <strong data-start=\"3087\" data-end=\"3132\">retsmedicinske og toksikologiske laboratorier<\/strong> under kontrollerede forhold. De prim\u00e6re anvendelsesomr\u00e5der er:<\/p>\n<ol data-start=\"3214\" data-end=\"3961\">\n<li data-start=\"3214\" data-end=\"3444\">\n<p data-start=\"3217\" data-end=\"3242\"><strong data-start=\"3217\" data-end=\"3240\">Analytisk kemi:<\/strong><\/p>\n<ul data-start=\"3246\" data-end=\"3444\">\n<li data-start=\"3246\" data-end=\"3373\">\n<p data-start=\"3248\" data-end=\"3373\">Udvikling og validering af <strong data-start=\"3278\" data-end=\"3287\">LC-MS<\/strong>, <strong data-start=\"3289\" data-end=\"3298\">GC-MS<\/strong> og <strong data-start=\"3302\" data-end=\"3310\">FTIR<\/strong>-metoder til identifikation af substituerede amfetaminer.<\/p>\n<\/li>\n<li data-start=\"3377\" data-end=\"3444\">\n<p data-start=\"3379\" data-end=\"3444\">Skeln mellem strukturelle isomerer (s\u00e5som 3-MMA og 4-MMA).<\/p>\n<\/li>\n<\/ul>\n<\/li>\n<li data-start=\"3446\" data-end=\"3654\">\n<p data-start=\"3449\" data-end=\"3479\"><strong data-start=\"3449\" data-end=\"3477\">Retsmedicinsk toksikologi:<\/strong><\/p>\n<ul data-start=\"3483\" data-end=\"3654\">\n<li data-start=\"3483\" data-end=\"3568\">\n<p data-start=\"3485\" data-end=\"3568\">Detektion og kvantificering af 3-MMA i biologiske eller beslaglagte pr\u00f8ver.<\/p>\n<\/li>\n<li data-start=\"3572\" data-end=\"3654\">\n<p data-start=\"3574\" data-end=\"3654\">En del af <strong data-start=\"3588\" data-end=\"3651\">overv\u00e5gningssystemer for nye psykoaktive stoffer (NPS)<\/strong>.<\/p>\n<\/li>\n<\/ul>\n<\/li>\n<li data-start=\"3656\" data-end=\"3797\">\n<p data-start=\"3659\" data-end=\"3690\"><strong data-start=\"3659\" data-end=\"3688\">Farmakologisk forskning:<\/strong><\/p>\n<ul data-start=\"3694\" data-end=\"3797\">\n<li data-start=\"3694\" data-end=\"3797\">\n<p data-start=\"3696\" data-end=\"3797\">Unders\u00f8gelse af <strong data-start=\"3707\" data-end=\"3738\">h\u00e6mning af monoamintransport\u00f8r<\/strong> og <strong data-start=\"3742\" data-end=\"3768\">befriende aktivitet<\/strong> af stimulanter.<\/p>\n<\/li>\n<\/ul>\n<\/li>\n<li data-start=\"3799\" data-end=\"3961\">\n<p data-start=\"3802\" data-end=\"3834\"><strong data-start=\"3802\" data-end=\"3832\">Forskning i folkesundhed:<\/strong><\/p>\n<ul data-start=\"3838\" data-end=\"3961\">\n<li data-start=\"3838\" data-end=\"3961\">\n<p data-start=\"3840\" data-end=\"3961\">Overv\u00e5gning af tendenser i <strong data-start=\"3865\" data-end=\"3903\">syntetiske stimulanser<\/strong> til st\u00f8tte for advarsler om folkesundhed.<\/p>\n<\/li>\n<\/ul>\n<\/li>\n<\/ol>\n<hr data-start=\"3963\" data-end=\"3966\" \/>\n<h2 data-start=\"3968\" data-end=\"4012\"><strong data-start=\"3971\" data-end=\"4012\">Sikkerheds- og juridiske overvejelser<\/strong><\/h2>\n<h3 data-start=\"4014\" data-end=\"4032\"><strong data-start=\"4018\" data-end=\"4032\">Sikkerhed<\/strong><\/h3>\n<p data-start=\"4034\" data-end=\"4256\">3-MMA m\u00e5 kun anvendes af <strong data-start=\"4079\" data-end=\"4111\">kvalificerede forskere<\/strong> i <strong data-start=\"4115\" data-end=\"4139\">licenserede laboratorier<\/strong>.<br data-start=\"4140\" data-end=\"4143\" \/>P\u00e5 grund af <strong data-start=\"4154\" data-end=\"4171\">h\u00f8jt potentiale<\/strong> og <strong data-start=\"4175\" data-end=\"4211\">begr\u00e6nsede toksikologiske data<\/strong> strenge sikkerhedsforanstaltninger er n\u00f8dvendige.<\/p>\n<p data-start=\"4258\" data-end=\"4296\"><strong data-start=\"4258\" data-end=\"4296\">Anbefalet laboratoriesikkerhed:<\/strong><\/p>\n<ul data-start=\"4297\" data-end=\"4600\">\n<li data-start=\"4297\" data-end=\"4395\">\n<p data-start=\"4299\" data-end=\"4395\">Brug altid <strong data-start=\"4314\" data-end=\"4357\">personlige v\u00e6rnemidler (PPE)<\/strong> s\u00e5som handsker, beskyttelsesbriller og laboratoriekittel.<\/p>\n<\/li>\n<li data-start=\"4396\" data-end=\"4455\">\n<p data-start=\"4398\" data-end=\"4455\">Arbejde under en <strong data-start=\"4413\" data-end=\"4426\">emh\u00e6tte<\/strong> for at undg\u00e5 ind\u00e5nding.<\/p>\n<\/li>\n<li data-start=\"4456\" data-end=\"4517\">\n<p data-start=\"4458\" data-end=\"4517\">Gem i <strong data-start=\"4468\" data-end=\"4514\">tydeligt m\u00e6rkede, lukkede beholdere<\/strong>.<\/p>\n<\/li>\n<li data-start=\"4518\" data-end=\"4600\">\n<p data-start=\"4520\" data-end=\"4600\">Bortskaf affald i henhold til <strong data-start=\"4545\" data-end=\"4597\">regler for farlige kemiske materialer<\/strong>.<\/p>\n<\/li>\n<\/ul>\n<h3 data-start=\"4602\" data-end=\"4627\"><strong data-start=\"4606\" data-end=\"4627\">Juridisk status<\/strong><\/h3>\n<p data-start=\"4629\" data-end=\"4722\">Fra <strong data-start=\"4635\" data-end=\"4643\">2025<\/strong> er <strong data-start=\"4647\" data-end=\"4671\">3-MMA (metafedrin)<\/strong> i de fleste lande <strong data-start=\"4692\" data-end=\"4719\">reguleret eller forbudt<\/strong>:<\/p>\n<ul data-start=\"4723\" data-end=\"4996\">\n<li data-start=\"4723\" data-end=\"4797\">\n<p data-start=\"4725\" data-end=\"4797\"><strong data-start=\"4725\" data-end=\"4749\">Storbritannien:<\/strong> Kontrolleret under <em data-start=\"4773\" data-end=\"4794\">Lov om misbrug af narkotika<\/em>.<\/p>\n<\/li>\n<li data-start=\"4798\" data-end=\"4882\">\n<p data-start=\"4800\" data-end=\"4882\"><strong data-start=\"4800\" data-end=\"4818\">Den Europ\u00e6iske Union:<\/strong> Falder ind under <strong data-start=\"4833\" data-end=\"4879\">NPS-forordningen for psykoaktive stoffer<\/strong>.<\/p>\n<\/li>\n<li data-start=\"4883\" data-end=\"4996\">\n<p data-start=\"4885\" data-end=\"4996\"><strong data-start=\"4885\" data-end=\"4906\">USA:<\/strong> Betragtes som en <strong data-start=\"4931\" data-end=\"4961\">analog af metamfetamin<\/strong> under <em data-start=\"4971\" data-end=\"4993\">F\u00f8deral analog lov<\/em>.<\/p>\n<\/li>\n<\/ul>\n<p data-start=\"4998\" data-end=\"5105\">Kun <strong data-start=\"5005\" data-end=\"5029\">licenserede laboratorier<\/strong> med officiel tilladelse m\u00e5 besidde eller bruge 3-MMA til forskning.<\/p>\n<hr data-start=\"5107\" data-end=\"5110\" \/>\n<h2 data-start=\"5112\" data-end=\"5156\"><strong data-start=\"5115\" data-end=\"5156\">Analytisk identifikation og detektion<\/strong><\/h2>\n<p data-start=\"5158\" data-end=\"5277\">I retsmedicinsk og analytisk kemi identificeres 3-MMA ved hj\u00e6lp af forskellige instrumentelle teknikker:<\/p>\n<ul data-start=\"5279\" data-end=\"5492\">\n<li data-start=\"5279\" data-end=\"5331\">\n<p data-start=\"5281\" data-end=\"5331\"><strong data-start=\"5281\" data-end=\"5329\">Gaskromatografi-massespektrometri (GC-MS)<\/strong><\/p>\n<\/li>\n<li data-start=\"5332\" data-end=\"5390\">\n<p data-start=\"5334\" data-end=\"5390\"><strong data-start=\"5334\" data-end=\"5388\">V\u00e6skekromatografi-massespektrometri (LC-MS)<\/strong><\/p>\n<\/li>\n<li data-start=\"5391\" data-end=\"5446\">\n<p data-start=\"5393\" data-end=\"5446\"><strong data-start=\"5393\" data-end=\"5444\">Fourier-transform infrar\u00f8d spektroskopi (FTIR)<\/strong><\/p>\n<\/li>\n<li data-start=\"5447\" data-end=\"5492\">\n<p data-start=\"5449\" data-end=\"5492\"><strong data-start=\"5449\" data-end=\"5490\">Nuklear magnetisk resonansspektroskopi (NMR)<\/strong><\/p>\n<\/li>\n<\/ul>\n<p data-start=\"5494\" data-end=\"5632\">Disse metoder g\u00f8r <strong data-start=\"5514\" data-end=\"5576\">n\u00f8jagtig identifikation, differentiering og kvantificering<\/strong> muligvis fra 3-MMA og relaterede amfetaminanaloger.<\/p>\n<hr data-start=\"5634\" data-end=\"5637\" \/>\n<h2 data-start=\"5639\" data-end=\"5673\"><strong data-start=\"5642\" data-end=\"5673\">Ofte stillede sp\u00f8rgsm\u00e5l (FAQ)<\/strong><\/h2>\n<h3 data-start=\"5675\" data-end=\"5718\"><strong data-start=\"5679\" data-end=\"5718\">1. Hvad studeres 3-MMA til?<\/strong><\/h3>\n<p data-start=\"5719\" data-end=\"5870\">3-MMA anvendes udelukkende i <strong data-start=\"5755\" data-end=\"5797\">retsmedicinsk og farmakologisk forskning<\/strong> at studere amfetaminanaloger og udvikle detektionsmetoder.<\/p>\n<h3 data-start=\"5872\" data-end=\"5899\"><strong data-start=\"5876\" data-end=\"5899\">2. Er 3-MMA lovligt?<\/strong><\/h3>\n<p data-start=\"5900\" data-end=\"6015\">I de fleste lande er 3-MMA <strong data-start=\"5929\" data-end=\"5956\">forbudt eller reguleret<\/strong> i henhold til lovgivningen om psykoaktive stoffer eller analoger.<\/p>\n<h3 data-start=\"6017\" data-end=\"6068\"><strong data-start=\"6021\" data-end=\"6068\">3. Hvordan skal 3-MMA h\u00e5ndteres sikkert?<\/strong><\/h3>\n<p data-start=\"6069\" data-end=\"6201\">Kun ved <strong data-start=\"6081\" data-end=\"6111\">professionelle forskere<\/strong> med den rigtige <strong data-start=\"6126\" data-end=\"6152\">sikkerhedsforanstaltninger<\/strong> og i <strong data-start=\"6159\" data-end=\"6200\">kontrollerede laboratoriemilj\u00f8er<\/strong>.<\/p>","protected":false},"excerpt":{"rendered":"<h3><span style=\"vertical-align: inherit;\"><span style=\"vertical-align: inherit;\"><span dir=\"auto\" style=\"vertical-align: inherit;\"><span dir=\"auto\" style=\"vertical-align: inherit;\">3-MMA-egenskaber<\/span><\/span><\/span><\/span><\/h3>\n<p><strong><span style=\"vertical-align: inherit;\"><span style=\"vertical-align: inherit;\"><span dir=\"auto\" style=\"vertical-align: inherit;\"><span dir=\"auto\" style=\"vertical-align: inherit;\">Synonym<\/span><\/span><\/span><\/span><\/strong><span style=\"vertical-align: inherit;\"><span style=\"vertical-align: inherit;\"><span dir=\"auto\" style=\"vertical-align: inherit;\"><span dir=\"auto\" style=\"vertical-align: inherit;\"> 3-methylmethamfetamin <\/span><\/span><\/span><\/span><br \/>\n<strong><span style=\"vertical-align: inherit;\"><span style=\"vertical-align: inherit;\"><span dir=\"auto\" style=\"vertical-align: inherit;\"><span dir=\"auto\" style=\"vertical-align: inherit;\">CAS <\/span><\/span><\/span><\/span><\/strong> <strong><span style=\"vertical-align: inherit;\"><span style=\"vertical-align: inherit;\"><span dir=\"auto\" style=\"vertical-align: inherit;\"><span dir=\"auto\" style=\"vertical-align: inherit;\">Antal<\/span><\/span><\/span><\/span><\/strong><span style=\"vertical-align: inherit;\"><span style=\"vertical-align: inherit;\"><span dir=\"auto\" style=\"vertical-align: inherit;\"><span dir=\"auto\" style=\"vertical-align: inherit;\"> : 2089255-96-7 <\/span><\/span><\/span><\/span><br \/>\n<strong><span style=\"vertical-align: inherit;\"><span style=\"vertical-align: inherit;\"><span dir=\"auto\" style=\"vertical-align: inherit;\"><span dir=\"auto\" style=\"vertical-align: inherit;\">Formel<\/span><\/span><\/span><\/span><\/strong><span style=\"vertical-align: inherit;\"><span style=\"vertical-align: inherit;\"><span dir=\"auto\" style=\"vertical-align: inherit;\"><span dir=\"auto\" style=\"vertical-align: inherit;\"> : <\/span><\/span><\/span><\/span><span title=\"Kulstof\"><span style=\"vertical-align: inherit;\"><span style=\"vertical-align: inherit;\"><span dir=\"auto\" style=\"vertical-align: inherit;\"><span dir=\"auto\" style=\"vertical-align: inherit;\">C <\/span><\/span><\/span><\/span><\/span><sub><span style=\"vertical-align: inherit;\"><span style=\"vertical-align: inherit;\"><span dir=\"auto\" style=\"vertical-align: inherit;\"><span dir=\"auto\" style=\"vertical-align: inherit;\">11 <\/span><\/span><\/span><\/span><\/sub><span title=\"Brint\"><span style=\"vertical-align: inherit;\"><span style=\"vertical-align: inherit;\"><span dir=\"auto\" style=\"vertical-align: inherit;\"><span dir=\"auto\" style=\"vertical-align: inherit;\">H <\/span><\/span><\/span><\/span><\/span><sub><span style=\"vertical-align: inherit;\"><span style=\"vertical-align: inherit;\"><span dir=\"auto\" style=\"vertical-align: inherit;\"><span dir=\"auto\" style=\"vertical-align: inherit;\">17 <\/span><\/span><\/span><\/span><\/sub><span title=\"Kv\u00e6lstof\"><span style=\"vertical-align: inherit;\"><span style=\"vertical-align: inherit;\"><span dir=\"auto\" style=\"vertical-align: inherit;\"><span dir=\"auto\" style=\"vertical-align: inherit;\">N <\/span><\/span><\/span><\/span><\/span><br \/>\n<strong><span style=\"vertical-align: inherit;\"><span style=\"vertical-align: inherit;\"><span dir=\"auto\" style=\"vertical-align: inherit;\"><span dir=\"auto\" style=\"vertical-align: inherit;\">Mol\u00e6r masse<\/span><\/span><\/span><\/span><\/strong><span style=\"vertical-align: inherit;\"><span style=\"vertical-align: inherit;\"><span dir=\"auto\" style=\"vertical-align: inherit;\"><span dir=\"auto\" style=\"vertical-align: inherit;\"> : 163,264 g\/mol <\/span><\/span><\/span><\/span><br \/>\n<strong><span style=\"vertical-align: inherit;\"><span style=\"vertical-align: inherit;\"><span dir=\"auto\" style=\"vertical-align: inherit;\"><span dir=\"auto\" style=\"vertical-align: inherit;\">Renhed<\/span><\/span><\/span><\/span><\/strong><span style=\"vertical-align: inherit;\"><span style=\"vertical-align: inherit;\"><span dir=\"auto\" style=\"vertical-align: inherit;\"><span dir=\"auto\" style=\"vertical-align: inherit;\"> : &gt;98%<\/span><\/span><\/span><\/span><\/p>","protected":false},"featured_media":28417,"comment_status":"closed","ping_status":"closed","template":"","meta":[],"product_brand":[82],"product_cat":[519,322,333],"product_tag":[1193,616,593,326],"class_list":{"0":"post-23186","1":"product","2":"type-product","3":"status-publish","4":"has-post-thumbnail","6":"product_brand-research-chemical","7":"product_cat-3-mma","8":"product_cat-bijna-verboden","9":"product_cat-gefluoreerden","10":"product_tag-3-mma","11":"product_tag-3-mma-kopen","12":"product_tag-3mma-kopen","13":"product_tag-nl","15":"first","16":"instock","17":"taxable","18":"shipping-taxable","19":"purchasable","20":"product-type-variable"},"_links":{"self":[{"href":"https:\/\/researchchemicalhub.com\/da\/wp-json\/wp\/v2\/product\/23186","targetHints":{"allow":["GET"]}}],"collection":[{"href":"https:\/\/researchchemicalhub.com\/da\/wp-json\/wp\/v2\/product"}],"about":[{"href":"https:\/\/researchchemicalhub.com\/da\/wp-json\/wp\/v2\/types\/product"}],"replies":[{"embeddable":true,"href":"https:\/\/researchchemicalhub.com\/da\/wp-json\/wp\/v2\/comments?post=23186"}],"version-history":[{"count":5,"href":"https:\/\/researchchemicalhub.com\/da\/wp-json\/wp\/v2\/product\/23186\/revisions"}],"predecessor-version":[{"id":28058,"href":"https:\/\/researchchemicalhub.com\/da\/wp-json\/wp\/v2\/product\/23186\/revisions\/28058"}],"wp:featuredmedia":[{"embeddable":true,"href":"https:\/\/researchchemicalhub.com\/da\/wp-json\/wp\/v2\/media\/28417"}],"wp:attachment":[{"href":"https:\/\/researchchemicalhub.com\/da\/wp-json\/wp\/v2\/media?parent=23186"}],"wp:term":[{"taxonomy":"product_brand","embeddable":true,"href":"https:\/\/researchchemicalhub.com\/da\/wp-json\/wp\/v2\/product_brand?post=23186"},{"taxonomy":"product_cat","embeddable":true,"href":"https:\/\/researchchemicalhub.com\/da\/wp-json\/wp\/v2\/product_cat?post=23186"},{"taxonomy":"product_tag","embeddable":true,"href":"https:\/\/researchchemicalhub.com\/da\/wp-json\/wp\/v2\/product_tag?post=23186"}],"curies":[{"name":"wp","href":"https:\/\/api.w.org\/{rel}","templated":true}]}}