{"id":27863,"date":"2025-10-20T13:38:36","date_gmt":"2025-10-20T13:38:36","guid":{"rendered":"https:\/\/researchchemicalhub.com\/?post_type=product&#038;p=27863"},"modified":"2025-10-21T05:49:10","modified_gmt":"2025-10-21T05:49:10","slug":"fluorexetamine-fxe","status":"publish","type":"product","link":"https:\/\/researchchemicalhub.com\/cs\/shop\/okategoriserad\/fluorexetamine-fxe\/","title":{"rendered":"Fluorexetamin (FXE)"},"content":{"rendered":"<h1>Koupit fluoroexetamin (FXE) online<br \/>\nObecn\u00e9 informace Fluorexetamin<\/h1>\n<p>Kupte si fluorexetamin (FXE) online. Fluorexetamin (hydrochlorid) je v\u011bdeck\u00fd analytick\u00fd standard klasifikovan\u00fd jako arylcyklohexylamin. Tento produkt je ur\u010den pro v\u00fdzkum a m\u011b\u0159iteln\u00e9 aplikace.<\/p>\n<p>Fluorexetamin je chemick\u00e1 l\u00e1tka pou\u017e\u00edvan\u00e1 ve sportovn\u00edm v\u00fdzkumu s disociativn\u00edmi \u00fa\u010dinky. Chemik\u00e1lie pou\u017e\u00edvan\u00e1 ve sportovn\u00edm v\u00fdzkumu zn\u00e1m\u00e1 jako fluorexetamin (3-fluoro-2-oxo-PCE, FXE) se prod\u00e1v\u00e1 online p\u0159ibli\u017en\u011b od roku 2017.<\/p>\n<p>P\u0159esto\u017ee existuje ji\u017e n\u011bjakou dobu, obecn\u011b z\u016fst\u00e1v\u00e1 neobvykl\u00fd. Fluorexetamin je v\u00fdzkumn\u00e1 chemik\u00e1lie z rodiny arylcyklohexylamin\u016f a jej\u00ed vlastnosti mohou b\u00fdt vysoce disociativn\u00ed. Na internetu je v\u0161ak k dispozici od roku 2017 a jeho pou\u017eit\u00ed z\u016fst\u00e1v\u00e1 relativn\u011b nezn\u00e1m\u00e9.<\/p>\n<p>To se zm\u011bnilo v dubnu 2022, kdy algoritmick\u00e1 detekce t\u00e9to chemick\u00e9 l\u00e1tky na Redditu spustila poplach. Od t\u00e9 doby se hl\u00e1\u0161en\u00ed o fluorexetaminu v\u00edce ne\u017e zdvojn\u00e1sobila oproti vrcholu v dubnu 2022. Fyziologick\u00e9 a toxikologick\u00e9 vlastnosti t\u00e9to slou\u010deniny nebyly studov\u00e1ny. Pou\u017eit\u00ed t\u00e9to chemick\u00e9 l\u00e1tky by m\u011blo b\u00fdt tak\u0159\u00edkaj\u00edc pro v\u00fdzkumn\u00e9 a m\u011b\u0159iteln\u00e9 \u00fa\u010dely. Varov\u00e1n\u00ed: tento produkt nen\u00ed ur\u010den v\u00fdhradn\u011b pro hum\u00e1nn\u00ed ani veterin\u00e1rn\u00ed pou\u017eit\u00ed.<\/p>\n<h3>Chemick\u00e9 slo\u017een\u00ed fluorexetaminu<\/h3>\n<p>Fluorexetamin (3\u2032-fluoro-2-oxo-PCE, FXE) je designov\u00e1 v\u00fdzkumn\u00e1 chemik\u00e1lie z rodiny arylcyklohexylamin\u016f, kter\u00e1 m\u00e1 disociativn\u00ed \u00fa\u010dinky. Prod\u00e1v\u00e1 se online p\u0159ibli\u017en\u011b od roku 2017, ale jej\u00ed pou\u017eit\u00ed je st\u00e1le relativn\u011b neobvykl\u00e9.<\/p>\n<p>Rovnice je C14H18FNO a mol\u00e1rn\u00ed hmotnost je 235,302 g-mol-1.<\/p>\n<p>&nbsp;<\/p>\n<h3>Farmakologie fluorexetaminu<\/h3>\n<p>Fluoxetin p\u016fsob\u00ed inhibic\u00ed zp\u011btn\u00e9ho vychyt\u00e1v\u00e1n\u00ed serotoninu v presynaptick\u00fdch neuronech blokov\u00e1n\u00edm proteinu p\u0159ena\u0161e\u010de zp\u011btn\u00e9ho vychyt\u00e1v\u00e1n\u00ed, kter\u00fd se nach\u00e1z\u00ed v presynaptick\u00e9m zakon\u010den\u00ed. Fluoxetin m\u00e1 tak\u00e9 m\u00edrn\u00fd \u00fa\u010dinek na receptory 5HT2A a 5HT2C.<\/p>\n<p>Fluoxetin se po peror\u00e1ln\u00edm pod\u00e1n\u00ed vst\u0159eb\u00e1v\u00e1, je vysoce v\u00e1z\u00e1n na b\u00edlkoviny a m\u00e1 velk\u00fd transportn\u00ed objem. Polo\u010das rozpadu fluoxetinu je p\u0159ibli\u017en\u011b 1 a\u017e 4 dny, zat\u00edmco polo\u010das jeho metabolitu, norfluoxetinu, je 7 a\u017e 15 dn\u00ed. Fluoxetin m\u00e1 neline\u00e1rn\u00ed farmakokinetick\u00fd profil.<\/p>\n<p>&nbsp;<\/p>\n<h3>Kupte si vysoce kvalitn\u00ed fluorexetamin<\/h3>\n<p>Spole\u010dnost ChemsXpress m\u00e1 dlouholet\u00e9 zku\u0161enosti v oblasti n\u00e1vrhu v\u00fdzkumn\u00fdch chemik\u00e1li\u00ed, co\u017e zaji\u0161\u0165uje jejich nejvy\u0161\u0161\u00ed kvalitu. T\u00fdm chemick\u00e9ho v\u00fdzkumu prod\u00e1v\u00e1 fluorexetamin. V\u00fdzkumn\u00e9 chemik\u00e1lie, v\u010detn\u011b fluorexetaminu, spl\u0148uj\u00ed v\u0161echny bezpe\u010dnostn\u00ed po\u017eadavky. V\u00fdzkumn\u00e9 chemik\u00e1lie jsou pe\u010dliv\u011b distribuov\u00e1ny a skladov\u00e1ny na chladn\u00e9m a such\u00e9m m\u00edst\u011b.<\/p>\n<p>V\u0161echny produkty jsou pravideln\u011b kontrolov\u00e1ny z hlediska kvality, \u010distoty a bezpe\u010dnosti. Fluorexetamin v\u017edy skladujte p\u0159i pokojov\u00e9 teplot\u011b a mimo dosah d\u011bt\u00ed a dom\u00e1c\u00edch zv\u00ed\u0159at. N\u00e1\u0161 Fluorexetamin nen\u00ed ur\u010den k osobn\u00edmu pou\u017eit\u00ed. Je ur\u010den pouze pro v\u00fdzkumn\u00e9 \u00fa\u010dely.<\/p>\n<p>P\u0159i zkoum\u00e1n\u00ed t\u00e9to chemik\u00e1lie se nesm\u00ed m\u00edchat s alkoholem ani s v\u00fdzkumn\u00fdmi chemik\u00e1liemi!<\/p>\n<p>V\u0161echny na\u0161e produkty maj\u00ed f\u00e9rovou cenu!<\/p>\n<p>&nbsp;<\/p>\n<h3>Fluorexetamin testov\u00e1n v laborato\u0159i s v\u00fdsledky.<\/h3>\n<p>Spole\u010dnost Remakes usiluje o celkovou spokojenost z\u00e1kazn\u00edk\u016f. N\u011bkolik studi\u00ed uk\u00e1zalo, \u017ee si z\u00e1kazn\u00edci p\u0159ed n\u00e1kupem syntetick\u00fdch v\u00fdzkumn\u00fdch chemik\u00e1li\u00ed vy\u017eaduj\u00ed co nejv\u00edce informac\u00ed. Krom\u011b toho zve\u0159ej\u0148ujeme v\u0161echny laboratorn\u00ed v\u00fdsledky pro ka\u017edou v\u00fdzkumnou slou\u010deninu v souboru PDF.<\/p>\n<p>N\u00e1\u0161 fluorexetaminov\u00fd krystal konzistentn\u011b dod\u00e1v\u00e1 aktivn\u00ed slo\u017eky a je okam\u017eit\u011b viditeln\u00fd pro ka\u017ed\u00e9ho.<\/p>\n<p>V\u0161echny laboratorn\u00ed v\u00fdsledky ka\u017ed\u00e9ho chemick\u00e9ho vy\u0161et\u0159en\u00ed distribuujeme v dokumentu PDF.<\/p>\n<p>&nbsp;<\/p>\n<h3>Objednejte si bezpe\u010dn\u011b u Fluorexetamine.<\/h3>\n<p>V\u00fdzkumn\u00e9 chemik\u00e1lie Panacea Chems jsou vynikaj\u00edc\u00ed kvality a za rozumnou cenu. Proto v\u00e1m p\u0159i objedn\u00e1vce v\u00fdzkumn\u00fdch chemik\u00e1li\u00ed od ChemsXpress garantujeme rychl\u00e9 a bezpe\u010dn\u00e9 doru\u010den\u00ed a\u017e k v\u00e1m dom\u016f, proto\u017ee v\u00fdzkumn\u00e9 chemik\u00e1lie jsou u Panacea Chems v\u017edy k dispozici k prodeji.<\/p>\n<p>Objedn\u00e1v\u00e1n\u00ed syntetick\u00fdch v\u00fdzkumn\u00fdch slou\u010denin pomoc\u00ed Bitcoinu nebo bankovn\u00edho p\u0159evodu je na ChemsXpress snadn\u00e9.<\/p>\n<p>V\u00fdzkumn\u00fd chemick\u00fd pr\u00e1\u0161ek odes\u00edl\u00e1me ve stejn\u00fd pracovn\u00ed den, pokud je platba p\u0159ijata do 15:00 SEL\u010c.<\/p>\n<p>Nedod\u00e1v\u00e1me zbo\u017e\u00ed osob\u00e1m mlad\u0161\u00edm 18 let!<\/p>\n<p>Prodej chemik\u00e1li\u00ed pro v\u00fdzkumn\u00e9 \u00fa\u010dely je ur\u010den pouze pro v\u00fdzkumn\u00e9 \u00fa\u010dely.<\/p>\n<p>Diskr\u00e9tn\u00ed p\u0159eprava v\u00fdzkumn\u00fdch chemik\u00e1li\u00ed.<\/p>\n<p>ChemsXpress bezpe\u010dn\u011b zabal\u00ed va\u0161i objedn\u00e1vku pro zaji\u0161t\u011bn\u00ed hladk\u00e9 p\u0159epravy. Nav\u00edc ji bal\u00edme dokonale neviditeln\u011b, tak\u017ee zvenku nen\u00ed vid\u011bt, co by mohlo b\u00fdt uvnit\u0159.<\/p>\n<p>&nbsp;<\/p>\n<h3>Preventivn\u00ed opat\u0159en\u00ed<\/h3>\n<ul>\n<li>Kupte si vhodn\u00e9 osobn\u00ed ochrann\u00e9 prost\u0159edky, jako jsou ochrann\u00e9 br\u00fdle a rukavice. \u0158\u00e1dn\u011b je \u010dist\u011bte a udr\u017eujte. P\u0159i manipulaci s v\u00fdzkumn\u00fdmi chemik\u00e1liemi dodr\u017eujte bezpe\u010dn\u00e9 postupy a vyh\u00fdbejte se zkratk\u00e1m.<\/li>\n<li>Pokud se chemik\u00e1lie ze studie dostane do o\u010d\u00ed, d\u016fkladn\u011b je vypl\u00e1chn\u011bte a v p\u0159\u00edpad\u011b pot\u0159eby vyjm\u011bte kontaktn\u00ed \u010do\u010dky.<\/li>\n<li>P\u0159i pou\u017e\u00edv\u00e1n\u00ed t\u011bchto chemik\u00e1li\u00ed se sna\u017ete nosit rou\u0161ku, aby se v\u00e1m p\u0159i d\u00fdch\u00e1n\u00ed nedostaly do t\u011bla.<\/li>\n<li>Jak ukazuj\u00ed podporovan\u00e9 metody, mus\u00edte s nebezpe\u010dn\u00fdmi materi\u00e1ly manipulovat, skladovat je a likvidovat bezpe\u010dn\u011b. Nikdy je nevyl\u00e9vejte do kanalizace nebo kan\u00e1l\u016f.<\/li>\n<li>Chemik\u00e1lie pro v\u00fdzkum skladujte spr\u00e1vn\u011b, jak nazna\u010duj\u00ed jejich n\u00e1zvy. Ho\u0159lav\u00e9 chemik\u00e1lie by m\u011bly b\u00fdt skladov\u00e1ny ve v\u00fdborn\u00e9m, such\u00e9m konopn\u00e9m prost\u0159ed\u00ed mimo dosah intenzivn\u00edho tepla a denn\u00edho sv\u011btla. N\u011bkter\u00e9 syntetick\u00e9 l\u00e1tky, jako jsou kyseliny, by m\u011bly b\u00fdt skladov\u00e1ny odd\u011blen\u011b.<\/li>\n<li>ChemsXpress nab\u00edzen\u00fd na rc je ur\u010den pouze pro v\u00fdzkumn\u00e9 \u00fa\u010dely; lidsk\u00e1 konzumace je p\u0159\u00edsn\u011b zak\u00e1z\u00e1na.<\/li>\n<\/ul>","protected":false},"excerpt":{"rendered":"<p><strong>N\u00e1zev UPAC:\u00a0<\/strong>2-(ethylamino)-2-(3-fluorfenyl)cyklohexan-1-on<\/p>\n<p><strong>Jin\u00fd n\u00e1zev:\u00a0<\/strong>FXE<\/p>\n<p><strong>Formul\u00e1\u0159:\u00a0<\/strong>krystal<\/p>\n<p><strong>NMR anal\u00fdza:\u00a0<\/strong>C14H18FNO<\/p>","protected":false},"featured_media":27870,"comment_status":"open","ping_status":"closed","template":"","meta":[],"product_brand":[],"product_cat":[1085],"product_tag":[],"class_list":{"0":"post-27863","1":"product","2":"type-product","3":"status-publish","4":"has-post-thumbnail","6":"product_cat-okategoriserad","8":"first","9":"instock","10":"taxable","11":"shipping-taxable","12":"purchasable","13":"product-type-variable"},"_links":{"self":[{"href":"https:\/\/researchchemicalhub.com\/cs\/wp-json\/wp\/v2\/product\/27863","targetHints":{"allow":["GET"]}}],"collection":[{"href":"https:\/\/researchchemicalhub.com\/cs\/wp-json\/wp\/v2\/product"}],"about":[{"href":"https:\/\/researchchemicalhub.com\/cs\/wp-json\/wp\/v2\/types\/product"}],"replies":[{"embeddable":true,"href":"https:\/\/researchchemicalhub.com\/cs\/wp-json\/wp\/v2\/comments?post=27863"}],"version-history":[{"count":1,"href":"https:\/\/researchchemicalhub.com\/cs\/wp-json\/wp\/v2\/product\/27863\/revisions"}],"predecessor-version":[{"id":27871,"href":"https:\/\/researchchemicalhub.com\/cs\/wp-json\/wp\/v2\/product\/27863\/revisions\/27871"}],"wp:featuredmedia":[{"embeddable":true,"href":"https:\/\/researchchemicalhub.com\/cs\/wp-json\/wp\/v2\/media\/27870"}],"wp:attachment":[{"href":"https:\/\/researchchemicalhub.com\/cs\/wp-json\/wp\/v2\/media?parent=27863"}],"wp:term":[{"taxonomy":"product_brand","embeddable":true,"href":"https:\/\/researchchemicalhub.com\/cs\/wp-json\/wp\/v2\/product_brand?post=27863"},{"taxonomy":"product_cat","embeddable":true,"href":"https:\/\/researchchemicalhub.com\/cs\/wp-json\/wp\/v2\/product_cat?post=27863"},{"taxonomy":"product_tag","embeddable":true,"href":"https:\/\/researchchemicalhub.com\/cs\/wp-json\/wp\/v2\/product_tag?post=27863"}],"curies":[{"name":"wp","href":"https:\/\/api.w.org\/{rel}","templated":true}]}}