{"id":26138,"date":"2025-10-20T01:31:18","date_gmt":"2025-10-20T01:31:18","guid":{"rendered":"https:\/\/researchchemicalhub.com\/?post_type=product&#038;p=26138"},"modified":"2025-10-21T05:55:10","modified_gmt":"2025-10-21T05:55:10","slug":"iboga-capsules","status":"publish","type":"product","link":"https:\/\/researchchemicalhub.com\/cs\/shop\/iboga-ibogaine\/iboga-capsules\/","title":{"rendered":"Iboga kapsle"},"content":{"rendered":"<h2>Koupit Iboga kapsle<\/h2>\n<p>Iboga ozna\u010duje psychoaktivn\u00ed slou\u010deninu z\u00edskanou z rostlin, kter\u00e9 obsahuj\u00ed alkaloid ibogain. Jen v Gabonu existuje mnoho rostlin, kter\u00e9 obsahuj\u00ed tento alkaloid. Hlavn\u00edm zdrojem je v\u0161ak rostlina Tabernanthe Iboga. Tyto rostliny rostou na dn\u011b d\u017eungle v odlehl\u00fdch oblastech z\u00e1padn\u00ed st\u0159edn\u00ed Afriky, v\u010detn\u011b Kamerunu a Republiky Kongo.<a href=\"https:\/\/legalerfuhrerschein.com\/\" target=\"_blank\" rel=\"noopener\">,<\/a> Angola a samoz\u0159ejm\u011b Gabon, fyzick\u00fd i duchovn\u00ed domov rostliny. Koupit iboga kapsle<\/p>\n<p>Ko\u0159enov\u00e1 k\u016fra rostliny obsahuje psychoaktivn\u00ed alkaloidy. Oholen\u00edm t\u00e9to ko\u0159enov\u00e9 k\u016fry od ko\u0159ene z\u00edsk\u00e1me \u010derstv\u00e9, k j\u00eddlu p\u0159ipraven\u00e9, siln\u00e9, starobyl\u00e9, l\u00e9\u010div\u00e9 <a href=\"https:\/\/ibogainerehabilitation.com\/\" target=\"_blank\" rel=\"noopener\">iboga<\/a>. Po konzumaci ko\u0159enov\u00e9 k\u016fry subjekty za\u017e\u00edvaj\u00ed n\u00e1stup snov\u00e9ho stavu v\u011bdom\u00ed. B\u011bhem cesty se \u010dlov\u011bk m\u016f\u017ee (nebo nemus\u00ed) setkat s existencion\u00e1ln\u00edmi objevy, k\u0159i\u0161\u0165\u00e1lov\u011b jasn\u00fdmi vizemi, vzpom\u00ednkami a bezpo\u010dtem dal\u0161\u00edch \u00fa\u017easn\u00fdch v\u011bc\u00ed. Jako je z\u00e1vislost, deprese, ko\u017en\u00ed onemocn\u011bn\u00ed, redukce t\u011bla a duchovn\u00ed probuzen\u00ed<\/p>","protected":false},"excerpt":{"rendered":"<p>Koupit kapsle Iboga Iboga ozna\u010duje psychoaktivn\u00ed slou\u010deninu z\u00edskanou z rostlin, kter\u00e9 obsahuj\u00ed alkaloid ibogain. Jen v Gabonu,<\/p>","protected":false},"featured_media":26151,"comment_status":"closed","ping_status":"closed","template":"","meta":[],"product_brand":[],"product_cat":[908],"product_tag":[],"class_list":{"0":"post-26138","1":"product","2":"type-product","3":"status-publish","4":"has-post-thumbnail","6":"product_cat-iboga-ibogaine","8":"first","9":"instock","10":"taxable","11":"shipping-taxable","12":"purchasable","13":"product-type-variable"},"_links":{"self":[{"href":"https:\/\/researchchemicalhub.com\/cs\/wp-json\/wp\/v2\/product\/26138","targetHints":{"allow":["GET"]}}],"collection":[{"href":"https:\/\/researchchemicalhub.com\/cs\/wp-json\/wp\/v2\/product"}],"about":[{"href":"https:\/\/researchchemicalhub.com\/cs\/wp-json\/wp\/v2\/types\/product"}],"replies":[{"embeddable":true,"href":"https:\/\/researchchemicalhub.com\/cs\/wp-json\/wp\/v2\/comments?post=26138"}],"version-history":[{"count":1,"href":"https:\/\/researchchemicalhub.com\/cs\/wp-json\/wp\/v2\/product\/26138\/revisions"}],"predecessor-version":[{"id":26152,"href":"https:\/\/researchchemicalhub.com\/cs\/wp-json\/wp\/v2\/product\/26138\/revisions\/26152"}],"wp:featuredmedia":[{"embeddable":true,"href":"https:\/\/researchchemicalhub.com\/cs\/wp-json\/wp\/v2\/media\/26151"}],"wp:attachment":[{"href":"https:\/\/researchchemicalhub.com\/cs\/wp-json\/wp\/v2\/media?parent=26138"}],"wp:term":[{"taxonomy":"product_brand","embeddable":true,"href":"https:\/\/researchchemicalhub.com\/cs\/wp-json\/wp\/v2\/product_brand?post=26138"},{"taxonomy":"product_cat","embeddable":true,"href":"https:\/\/researchchemicalhub.com\/cs\/wp-json\/wp\/v2\/product_cat?post=26138"},{"taxonomy":"product_tag","embeddable":true,"href":"https:\/\/researchchemicalhub.com\/cs\/wp-json\/wp\/v2\/product_tag?post=26138"}],"curies":[{"name":"wp","href":"https:\/\/api.w.org\/{rel}","templated":true}]}}