{"id":26119,"date":"2025-10-20T01:31:17","date_gmt":"2025-10-20T01:31:17","guid":{"rendered":"https:\/\/researchchemicalhub.com\/?post_type=product&#038;p=26119"},"modified":"2025-10-21T05:53:27","modified_gmt":"2025-10-21T05:53:27","slug":"kura-korene-ibogy","status":"publish","type":"product","link":"https:\/\/researchchemicalhub.com\/cs\/nakupovat\/iboga-ibogain\/kura-korene-ibogy\/","title":{"rendered":"K\u016fra ko\u0159ene ibogy"},"content":{"rendered":"<h2>Koupit k\u016fru ko\u0159ene ibogy<\/h2>\n<p>K\u016fra ko\u0159ene ibogy, Na\u0161e k\u016fra ko\u0159ene ibogy na prodej m\u016f\u017ee b\u00fdt konzumov\u00e1na p\u0159\u00edmo po\u017eit\u00edm nebo m\u016f\u017ee b\u00fdt p\u0159ed konzumac\u00ed rozemleta na pr\u00e1\u0161ek z ko\u0159ene ibogy, kde m\u016f\u017ee b\u00fdt zapouzd\u0159ena do kapsl\u00ed a polyk\u00e1na, aby se zabr\u00e1nilo ho\u0159k\u00e9 chuti.<\/p>\n<p>Velk\u00e1 d\u00e1vka ko\u0159enov\u00e9 k\u016fry ibogy se konzumuje jako ritu\u00e1l iniciace a men\u0161\u00ed mno\u017estv\u00ed se tradi\u010dn\u011b u\u017e\u00edv\u00e1 p\u0159i l\u00e9\u010debn\u00fdch ob\u0159adech a lovu u kmene Bwiti. Mal\u00e9 d\u00e1vky k\u016fry ko\u0159ene ibogy, asi 5 gram\u016f, p\u016fsob\u00ed jako stimulant a afrodiziakum, zat\u00edmco obrovsk\u00e9 d\u00e1vky k\u016fry ko\u0159ene ibogy, asi 10 a\u017e 25 gram\u016f, mohou b\u00fdt pou\u017eity pro duchovn\u00ed zkoum\u00e1n\u00ed, psychoterapeutick\u00e9 l\u00e9\u010den\u00ed, rychlou fyzickou detoxikaci a zotaven\u00ed ze z\u00e1vislosti.<\/p>\n<p>Slibn\u00e9 v\u00fdsledky se objevily i v l\u00e9\u010db\u011b \u0159ady dal\u0161\u00edch onemocn\u011bn\u00ed, v\u010detn\u011b Parkinsonovy choroby. Mnoho center pro l\u00e9\u010dbu ibogou zjistilo, \u017ee pro pln\u00fd \u00fa\u010dinek je t\u0159eba u\u017e\u00edt p\u0159\u00edli\u0161 mnoho ko\u0159enov\u00e9 k\u016fry ibogy.<\/p>\n<div class=\"elementor-element elementor-element-2342a3b elementor-widget elementor-widget-jws_widget_heading\" data-id=\"2342a3b\" data-element_type=\"widget\" data-widget_type=\"jws_widget_heading.default\">\n<div class=\"elementor-widget-container\">\n<div class=\"title-wrapper center\">\n<h2 class=\"title\">Co byste m\u011bli v\u011bd\u011bt<\/h2>\n<\/div>\n<\/div>\n<\/div>\n<div class=\"elementor-element elementor-element-dd111fd elementor-widget__width-initial elementor-widget elementor-widget-text-editor\" data-id=\"dd111fd\" data-element_type=\"widget\" data-widget_type=\"text-editor.default\">\n<div class=\"elementor-widget-container\">\n<p>Konzumace tak obrovsk\u00e9ho mno\u017estv\u00ed rostlinn\u00e9 k\u016fry m\u016f\u017ee b\u00fdt docela obt\u00ed\u017en\u00e1. B\u011bhem inicia\u010dn\u00edho ob\u0159adu Bwiti se b\u011bhem ob\u0159adu konzumovaly d\u00e1vky a\u017e 100 gram\u016f k\u016fry ko\u0159ene ibogy. Toto je maxim\u00e1ln\u00ed pozorovan\u00e1 d\u00e1vka a r\u016fzn\u00ed dodavatel\u00e9 k\u016fry ko\u0159ene ibogy maj\u00ed r\u016fzn\u00e9 n\u00e1zory na p\u0159esn\u00e9 d\u00e1vkov\u00e1n\u00ed. Typick\u00e1 terapeutick\u00e1 d\u00e1vka na\u0161\u00ed k\u016fry ko\u0159ene ibogy k prodeji se pohybuje od 5 do 100 gram\u016f v z\u00e1vislosti na osob\u011b a c\u00edli l\u00e9\u010dby, ale konzumace velk\u00e9ho mno\u017estv\u00ed vl\u00e1knit\u00e9 rostlinn\u00e9 hmoty, jako je na\u0161e iboga k prodeji, m\u016f\u017ee komukoli zp\u016fsobit nevolnost. K\u016fra ko\u0159ene ibogy v t\u011ble p\u0159etrv\u00e1v\u00e1 dlouho, n\u011bkdy trv\u00e1 asi 72 hodin a\u017e t\u00fdden, ne\u017e se kone\u010dn\u011b dostane z t\u011bla.<a href=\"https:\/\/researchchemicalhub.com\/cs\/nakupovat\/fenethylamin\/2c-ef-2mg-kapsle\/\">2C-EF 2mg tobolky<\/a><a href=\"https:\/\/researchchemicalhub.com\/cs\/nakupovat\/katinony\/%f0%9f%92%a1-2-mmc-krystalicky-prasek-pro-vsechny-otazky-a-odpovedi-k-nakupu\/\">2-CMC 250 mg pelety<\/a><a href=\"https:\/\/researchchemicalhub.com\/cs\/nakupovat\/lysergamidy\/1v-lsd-150-mcg-blotters\/\">1V-LSD 150 MCG saje<\/a><a href=\"https:\/\/researchchemicalhub.com\/cs\/nakupovat\/pelety-2\/o-dsmt-50mg-pelety\/\">O-DSMT 50 mg pelety<\/a><a href=\"https:\/\/researchchemicalhub.com\/cs\/nakupovat\/lysergamidy\/1-cp-lsd-150-mcg-pelety\/\">Um\u011bleck\u00e9 blottery 1cP-LSD 150 MCG<\/a><\/p>\n<\/div>\n<\/div>","protected":false},"excerpt":{"rendered":"<p>Kupte si k\u016fru ko\u0159ene ibogy, k\u016fru ko\u0159ene ibogy. Na\u0161e k\u016fra ko\u0159ene ibogy na prodej m\u016f\u017ee b\u00fdt konzumov\u00e1na p\u0159\u00edmo po\u017eit\u00edm nebo...<\/p>","protected":false},"featured_media":26145,"comment_status":"closed","ping_status":"closed","template":"","meta":[],"product_brand":[],"product_cat":[908],"product_tag":[914],"class_list":{"0":"post-26119","1":"product","2":"type-product","3":"status-publish","4":"has-post-thumbnail","6":"product_cat-iboga-ibogaine","7":"product_tag-iboga-root-bark","9":"first","10":"instock","11":"taxable","12":"shipping-taxable","13":"purchasable","14":"product-type-variable"},"_links":{"self":[{"href":"https:\/\/researchchemicalhub.com\/cs\/wp-json\/wp\/v2\/product\/26119","targetHints":{"allow":["GET"]}}],"collection":[{"href":"https:\/\/researchchemicalhub.com\/cs\/wp-json\/wp\/v2\/product"}],"about":[{"href":"https:\/\/researchchemicalhub.com\/cs\/wp-json\/wp\/v2\/types\/product"}],"replies":[{"embeddable":true,"href":"https:\/\/researchchemicalhub.com\/cs\/wp-json\/wp\/v2\/comments?post=26119"}],"version-history":[{"count":3,"href":"https:\/\/researchchemicalhub.com\/cs\/wp-json\/wp\/v2\/product\/26119\/revisions"}],"predecessor-version":[{"id":26159,"href":"https:\/\/researchchemicalhub.com\/cs\/wp-json\/wp\/v2\/product\/26119\/revisions\/26159"}],"wp:featuredmedia":[{"embeddable":true,"href":"https:\/\/researchchemicalhub.com\/cs\/wp-json\/wp\/v2\/media\/26145"}],"wp:attachment":[{"href":"https:\/\/researchchemicalhub.com\/cs\/wp-json\/wp\/v2\/media?parent=26119"}],"wp:term":[{"taxonomy":"product_brand","embeddable":true,"href":"https:\/\/researchchemicalhub.com\/cs\/wp-json\/wp\/v2\/product_brand?post=26119"},{"taxonomy":"product_cat","embeddable":true,"href":"https:\/\/researchchemicalhub.com\/cs\/wp-json\/wp\/v2\/product_cat?post=26119"},{"taxonomy":"product_tag","embeddable":true,"href":"https:\/\/researchchemicalhub.com\/cs\/wp-json\/wp\/v2\/product_tag?post=26119"}],"curies":[{"name":"wp","href":"https:\/\/api.w.org\/{rel}","templated":true}]}}