{"id":26118,"date":"2025-10-20T01:31:17","date_gmt":"2025-10-20T01:31:17","guid":{"rendered":"https:\/\/researchchemicalhub.com\/?post_type=product&#038;p=26118"},"modified":"2025-10-21T05:53:14","modified_gmt":"2025-10-21T05:53:14","slug":"semena-ibogy","status":"publish","type":"product","link":"https:\/\/researchchemicalhub.com\/cs\/nakupovat\/okategoriserad\/semena-ibogy\/","title":{"rendered":"Semena ibogy"},"content":{"rendered":"<h2>koupit semena ibogy<\/h2>\n<p>Kupte si semena ibogy. Tabernanthe iboga je \u010dlenem \u010deledi Apocynaceae, p\u016fvodem z vlhk\u00fdch tropick\u00fdch oblast\u00ed z\u00e1padn\u00ed a st\u0159edn\u00ed Afriky, zejm\u00e9na Konga a Gabonu. Mezi b\u011b\u017en\u00e9 n\u00e1zvy pat\u0159\u00ed Iboga, Eboka a Eboga. Tabernanthe je mal\u00fd rod zahrnuj\u00edc\u00ed pouze dva druhy, T.<a href=\"https:\/\/caluanieoxidizeshop.com\" target=\"_blank\" rel=\"noopener\">.<\/a> iboga a T. elliptica (tento druh m\u00e1 pichlav\u00e9 plody podobn\u00e9 durmanu). Je zaznamen\u00e1no, \u017ee se oba druhy mohou k\u0159\u00ed\u017eov\u011b opylovat a vytvo\u0159it tak plodn\u00fd hybrid (<em>Iboga a Ibogaine, Nico Dauphin<\/em>). semena ibogy, semena ibogy tabernanthe, semena rostliny iboga, koupit semena ibogy<\/p>\n<p>Tabernanthe jsou d\u0159eviny, kter\u00e9 jsou endemick\u00e9 ve vlhk\u00fdch tropick\u00fdch lesn\u00edch podrostech. Ke\u0159e Tabernanthe obvykle dor\u016fstaj\u00ed v\u00fd\u0161ky od p\u016fl metru do dvou metr\u016f. V\u011btve se vyskytuj\u00ed v p\u00e1rech a dv\u011b \u0161t\u00edhl\u00e1, stopkat\u00e1 kv\u011btenstv\u00ed se objevuj\u00ed v p\u00e1rech t\u011bsn\u011b nad m\u00edsty v\u011btven\u00ed. Tabernanthe m\u00e1 tak\u00e9 kali\u0161n\u00ed l\u00edstky podobn\u00e9 listen\u016fm a n\u00e1padn\u00e9 jizvy po listech. Stejn\u011b jako mnoho jin\u00fdch \u010dlen\u016f \u010deledi Apocynaceae<a href=\"https:\/\/caluanieoxidizeshop.com\/product\/caluanie-muelear-oxidize-for-sale\/\" target=\"_blank\" rel=\"noopener\">,<\/a> Tabernanthe se vyzna\u010duje ml\u00e9\u010dnou m\u00edzou a v\u00fdskytem mnoha u\u017eite\u010dn\u00fdch alkaloid\u016f v k\u016f\u0159e, listech a ko\u0159eni (Iboga a Ibogain, Nico Dauphin). <a href=\"https:\/\/researchchemicalhub.com\/cs\/nakupovat\/top-10-research-chemicals\/oxidace-caluanie-muelear\/\">Caluanie Muelear Oxidovat<\/a><a href=\"https:\/\/researchchemicalhub.com\/cs\/nakupovat\/vahy\/digitalni-cs-vaha-100g-x-0-01g\/\">Digit\u00e1ln\u00ed CS v\u00e1ha \u2013 100 g x 0,01 g<\/a><a href=\"https:\/\/researchchemicalhub.com\/cs\/nakupovat\/top-10-research-chemicals\/pusobeni-pyrazolamu\/\">Pyrazolam 2,5 MG pelety<\/a><a href=\"https:\/\/researchchemicalhub.com\/cs\/nakupovat\/vahy\/digitalni-mini-vaha-na-nadrz-20g-x-0-001g\/\">Digit\u00e1ln\u00ed v\u00e1ha Tank Mini \u2013 20g x 0,001g<\/a><a href=\"https:\/\/researchchemicalhub.com\/cs\/nakupovat\/vahy\/digitalni-bio-mini-vaha-20g-x-0-001g\/\">Digit\u00e1ln\u00ed bio mini v\u00e1ha \u2013 20g x 0,001g<\/a><\/p>","protected":false},"excerpt":{"rendered":"<p>$1 za kus ovoce, Minim\u00e1ln\u00ed objedn\u00e1vka = 100 kus\u016f ovoce<\/p>","protected":false},"featured_media":26143,"comment_status":"closed","ping_status":"closed","template":"","meta":[],"product_brand":[],"product_cat":[1085],"product_tag":[912,911,909,910],"class_list":{"0":"post-26118","1":"product","2":"type-product","3":"status-publish","4":"has-post-thumbnail","6":"product_cat-okategoriserad","7":"product_tag-buy-iboga-seeds","8":"product_tag-iboga-plant-seeds","9":"product_tag-iboga-seeds","10":"product_tag-tabernanthe-iboga-seeds","12":"first","13":"instock","14":"taxable","15":"shipping-taxable","16":"purchasable","17":"product-type-simple"},"_links":{"self":[{"href":"https:\/\/researchchemicalhub.com\/cs\/wp-json\/wp\/v2\/product\/26118","targetHints":{"allow":["GET"]}}],"collection":[{"href":"https:\/\/researchchemicalhub.com\/cs\/wp-json\/wp\/v2\/product"}],"about":[{"href":"https:\/\/researchchemicalhub.com\/cs\/wp-json\/wp\/v2\/types\/product"}],"replies":[{"embeddable":true,"href":"https:\/\/researchchemicalhub.com\/cs\/wp-json\/wp\/v2\/comments?post=26118"}],"version-history":[{"count":4,"href":"https:\/\/researchchemicalhub.com\/cs\/wp-json\/wp\/v2\/product\/26118\/revisions"}],"predecessor-version":[{"id":26155,"href":"https:\/\/researchchemicalhub.com\/cs\/wp-json\/wp\/v2\/product\/26118\/revisions\/26155"}],"wp:featuredmedia":[{"embeddable":true,"href":"https:\/\/researchchemicalhub.com\/cs\/wp-json\/wp\/v2\/media\/26143"}],"wp:attachment":[{"href":"https:\/\/researchchemicalhub.com\/cs\/wp-json\/wp\/v2\/media?parent=26118"}],"wp:term":[{"taxonomy":"product_brand","embeddable":true,"href":"https:\/\/researchchemicalhub.com\/cs\/wp-json\/wp\/v2\/product_brand?post=26118"},{"taxonomy":"product_cat","embeddable":true,"href":"https:\/\/researchchemicalhub.com\/cs\/wp-json\/wp\/v2\/product_cat?post=26118"},{"taxonomy":"product_tag","embeddable":true,"href":"https:\/\/researchchemicalhub.com\/cs\/wp-json\/wp\/v2\/product_tag?post=26118"}],"curies":[{"name":"wp","href":"https:\/\/api.w.org\/{rel}","templated":true}]}}